{"id":290902,"date":"2024-08-07T01:15:22","date_gmt":"2024-08-07T00:15:22","guid":{"rendered":"https:\/\/ecosupplements.be\/product\/natures-answer-100-pure-tea-tree-essential-oil-15-ml\/"},"modified":"2025-08-27T15:22:08","modified_gmt":"2025-08-27T14:22:08","slug":"natures-answer-100-pure-tea-tree-essential-oil-15-ml","status":"publish","type":"product","link":"https:\/\/ecosupplements.be\/fr\/produit\/natures-answer-100-pure-tea-tree-essential-oil-15-ml\/","title":{"rendered":"Huile essentielle d&#8217;arbre \u00e0 th\u00e9 pure \u00e0 100% &#8211; 15 ml de Nature&#8217;s Answer"},"content":{"rendered":"<p><strong>Nom du produit :<\/strong> Nature&#8217;s Answer &#8211; 100% Pure Tea Tree Essential Oil &#8211; 15 ml<\/p>\n<p><strong>Ingr\u00e9dients principaux :<\/strong> Huile essentielle de Tea Tree (Melaleuca alternifolia) pure \u00e0 100%.<\/p>\n<p><strong>Origine :<\/strong> \u00c9tats-Unis<\/p>\n<p><strong>Contenu et emballage :<\/strong> Flacon de 15 ml.<\/p>\n<p>Cette huile essentielle de Tea Tree est un choix parfait pour ceux qui appr\u00e9cient les ingr\u00e9dients naturels. Extraite directement des feuilles de Melaleuca alternifolia, une plante connue pour sa qualit\u00e9 exceptionnelle, cette huile est garantie sans aucun additif ni conservateur. Sa puret\u00e9 in\u00e9gal\u00e9e en fait un produit pratique pour le quotidien.<\/p>\n<p><strong>Utilisation :<\/strong> Id\u00e9ale pour \u00eatre int\u00e9gr\u00e9e dans vos routines quotidiennes,quelques gouttes suffisent selon vos besoins personnels et les directives d&#8217;utilisation g\u00e9n\u00e9rales.<\/p>\n<p>Ce produit se distingue par sa facilit\u00e9 d&#8217;utilisation gr\u00e2ce \u00e0 son format compact et son bouchon doseur pr\u00e9cis, permettant une submission ais\u00e9e sans gaspillage.<\/p>\n","protected":false},"excerpt":{"rendered":"<p>Nom du produit : Nature&#8217;s Answer &#8211; 100% Pure Tea Tree Essential Oil &#8211; 15 ml Ingr\u00e9dients principaux : Huile essentielle de Tea Tree (Melaleuca alternifolia) pure \u00e0 100%. Origine : \u00c9tats-Unis Contenu et emballage : Flacon de 15 ml. Cette huile essentielle de Tea Tree est un choix parfait pour ceux qui appr\u00e9cient les [&#8230;]\n","protected":false},"featured_media":266380,"comment_status":"open","ping_status":"open","template":"","meta":[],"product_brand":[5286],"product_cat":[5052],"product_tag":[],"class_list":{"0":"post-290902","1":"product","2":"type-product","3":"status-publish","4":"has-post-thumbnail","6":"product_brand-natures-answer-2","7":"product_cat-sante-et-bien-etre","9":"first","10":"instock","11":"taxable","12":"shipping-taxable","13":"purchasable","14":"product-type-simple"},"yoast_head":"<!-- This site is optimized with the Yoast SEO Premium plugin v27.3 (Yoast SEO v27.3) - https:\/\/yoast.com\/product\/yoast-seo-premium-wordpress\/ -->\n<title>Huile essentielle d&#039;arbre \u00e0 th\u00e9 pure \u00e0 100% - 15 ml de Nature&#039;s Answer - ECO Supplements<\/title>\n<meta name=\"description\" content=\"Wij hebben een ruime keuze aan producten van Huile essentielle d&#039;arbre \u00e0 th\u00e9 pure \u00e0 100% - 15 ml de Nature&#039;s Answer . Winkel bij Eco Supplements altijd gratis verzending boven 100\u20ac\" \/>\n<meta name=\"robots\" content=\"index, follow, max-snippet:-1, max-image-preview:large, max-video-preview:-1\" \/>\n<link rel=\"canonical\" href=\"https:\/\/ecosupplements.be\/fr\/produit\/natures-answer-100-pure-tea-tree-essential-oil-15-ml\/\" \/>\n<meta property=\"og:locale\" content=\"fr_FR\" \/>\n<meta property=\"og:type\" content=\"article\" \/>\n<meta property=\"og:title\" content=\"Huile essentielle d&#039;arbre \u00e0 th\u00e9 pure \u00e0 100% - 15 ml de Nature&#039;s Answer\" \/>\n<meta property=\"og:description\" content=\"Wij hebben een ruime keuze aan producten van Huile essentielle d&#039;arbre \u00e0 th\u00e9 pure \u00e0 100% - 15 ml de Nature&#039;s Answer . Winkel bij Eco Supplements altijd gratis verzending boven 100\u20ac\" \/>\n<meta property=\"og:url\" content=\"https:\/\/ecosupplements.be\/fr\/produit\/natures-answer-100-pure-tea-tree-essential-oil-15-ml\/\" \/>\n<meta property=\"og:site_name\" content=\"ECO Supplements\" \/>\n<meta property=\"article:modified_time\" content=\"2025-08-27T14:22:08+00:00\" \/>\n<meta property=\"og:image\" content=\"https:\/\/ecosupplements.be\/wp-content\/uploads\/2025\/08\/Natures-Answer-100-Pure-Tea-Tree-Essential-Oil-15-ml.jpg\" \/>\n\t<meta property=\"og:image:width\" content=\"600\" \/>\n\t<meta property=\"og:image:height\" content=\"600\" \/>\n\t<meta property=\"og:image:type\" content=\"image\/jpeg\" \/>\n<meta name=\"twitter:card\" content=\"summary_large_image\" \/>\n<meta name=\"twitter:label1\" content=\"Prix\" \/>\n\t<meta name=\"twitter:data1\" content=\"13.73&nbsp;&euro;\" \/>\n\t<meta name=\"twitter:label2\" content=\"Disponibilit\u00e9\" \/>\n\t<meta name=\"twitter:data2\" content=\"En stock\" \/>\n<script type=\"application\/ld+json\" class=\"yoast-schema-graph\">{\"@context\":\"https:\\\/\\\/schema.org\",\"@graph\":[{\"@type\":[\"WebPage\",\"ItemPage\"],\"@id\":\"https:\\\/\\\/ecosupplements.be\\\/fr\\\/produit\\\/natures-answer-100-pure-tea-tree-essential-oil-15-ml\\\/\",\"url\":\"https:\\\/\\\/ecosupplements.be\\\/fr\\\/produit\\\/natures-answer-100-pure-tea-tree-essential-oil-15-ml\\\/\",\"name\":\"Huile essentielle d'arbre \u00e0 th\u00e9 pure \u00e0 100% - 15 ml de Nature's Answer - ECO Supplements\",\"isPartOf\":{\"@id\":\"https:\\\/\\\/ecosupplements.be\\\/fr\\\/#website\"},\"primaryImageOfPage\":{\"@id\":\"https:\\\/\\\/ecosupplements.be\\\/fr\\\/produit\\\/natures-answer-100-pure-tea-tree-essential-oil-15-ml\\\/#primaryimage\"},\"image\":{\"@id\":\"https:\\\/\\\/ecosupplements.be\\\/fr\\\/produit\\\/natures-answer-100-pure-tea-tree-essential-oil-15-ml\\\/#primaryimage\"},\"thumbnailUrl\":\"https:\\\/\\\/ecosupplements.be\\\/wp-content\\\/uploads\\\/2025\\\/08\\\/100-Pure-Tea-Tree-Organic-Essential-Oil-15-ml.jpg\",\"datePublished\":\"2024-08-07T00:15:22+00:00\",\"dateModified\":\"2025-08-27T14:22:08+00:00\",\"description\":\"Wij hebben een ruime keuze aan producten van Huile essentielle d'arbre \u00e0 th\u00e9 pure \u00e0 100% - 15 ml de Nature's Answer . Winkel bij Eco Supplements altijd gratis verzending boven 100\u20ac\",\"breadcrumb\":{\"@id\":\"https:\\\/\\\/ecosupplements.be\\\/fr\\\/produit\\\/natures-answer-100-pure-tea-tree-essential-oil-15-ml\\\/#breadcrumb\"},\"inLanguage\":\"fr-FR\",\"potentialAction\":[{\"@type\":\"ReadAction\",\"target\":[\"https:\\\/\\\/ecosupplements.be\\\/fr\\\/produit\\\/natures-answer-100-pure-tea-tree-essential-oil-15-ml\\\/\"]}]},{\"@type\":\"ImageObject\",\"inLanguage\":\"fr-FR\",\"@id\":\"https:\\\/\\\/ecosupplements.be\\\/fr\\\/produit\\\/natures-answer-100-pure-tea-tree-essential-oil-15-ml\\\/#primaryimage\",\"url\":\"https:\\\/\\\/ecosupplements.be\\\/wp-content\\\/uploads\\\/2025\\\/08\\\/100-Pure-Tea-Tree-Organic-Essential-Oil-15-ml.jpg\",\"contentUrl\":\"https:\\\/\\\/ecosupplements.be\\\/wp-content\\\/uploads\\\/2025\\\/08\\\/100-Pure-Tea-Tree-Organic-Essential-Oil-15-ml.jpg\",\"width\":600,\"height\":600},{\"@type\":\"BreadcrumbList\",\"@id\":\"https:\\\/\\\/ecosupplements.be\\\/fr\\\/produit\\\/natures-answer-100-pure-tea-tree-essential-oil-15-ml\\\/#breadcrumb\",\"itemListElement\":[{\"@type\":\"ListItem\",\"position\":1,\"name\":\"Home\",\"item\":\"https:\\\/\\\/ecosupplements.be\\\/fr\\\/\"},{\"@type\":\"ListItem\",\"position\":2,\"name\":\"Boutique\",\"item\":\"https:\\\/\\\/ecosupplements.be\\\/fr\\\/boutique\\\/\"},{\"@type\":\"ListItem\",\"position\":3,\"name\":\"Huile essentielle d&#8217;arbre \u00e0 th\u00e9 pure \u00e0 100% &#8211; 15 ml de Nature&#8217;s Answer\"}]},{\"@type\":\"WebSite\",\"@id\":\"https:\\\/\\\/ecosupplements.be\\\/fr\\\/#website\",\"url\":\"https:\\\/\\\/ecosupplements.be\\\/fr\\\/\",\"name\":\"ECO Supplements\",\"description\":\"Eco Supplements - Gezonde supplementen\",\"publisher\":{\"@id\":\"https:\\\/\\\/ecosupplements.be\\\/fr\\\/#organization\"},\"potentialAction\":[{\"@type\":\"SearchAction\",\"target\":{\"@type\":\"EntryPoint\",\"urlTemplate\":\"https:\\\/\\\/ecosupplements.be\\\/fr\\\/?s={search_term_string}\"},\"query-input\":{\"@type\":\"PropertyValueSpecification\",\"valueRequired\":true,\"valueName\":\"search_term_string\"}}],\"inLanguage\":\"fr-FR\"},{\"@type\":\"Organization\",\"@id\":\"https:\\\/\\\/ecosupplements.be\\\/fr\\\/#organization\",\"name\":\"Eco Supplements\",\"url\":\"https:\\\/\\\/ecosupplements.be\\\/fr\\\/\",\"logo\":{\"@type\":\"ImageObject\",\"inLanguage\":\"fr-FR\",\"@id\":\"https:\\\/\\\/ecosupplements.be\\\/fr\\\/#\\\/schema\\\/logo\\\/image\\\/\",\"url\":\"https:\\\/\\\/ecosupplements.be\\\/wp-content\\\/uploads\\\/2022\\\/06\\\/ecosupplement-family.png\",\"contentUrl\":\"https:\\\/\\\/ecosupplements.be\\\/wp-content\\\/uploads\\\/2022\\\/06\\\/ecosupplement-family.png\",\"width\":593,\"height\":374,\"caption\":\"Eco Supplements\"},\"image\":{\"@id\":\"https:\\\/\\\/ecosupplements.be\\\/fr\\\/#\\\/schema\\\/logo\\\/image\\\/\"}}]}<\/script>\n<meta property=\"product:brand\" content=\"Nature&#039;s Answer\" \/>\n<meta property=\"product:price:amount\" content=\"13.73\" \/>\n<meta property=\"product:price:currency\" content=\"EUR\" \/>\n<meta property=\"og:availability\" content=\"instock\" \/>\n<meta property=\"product:availability\" content=\"instock\" \/>\n<meta property=\"product:retailer_item_id\" content=\"083000266805\" \/>\n<meta property=\"product:condition\" content=\"new\" \/>\n<!-- \/ Yoast SEO Premium plugin. -->","yoast_head_json":{"title":"Huile essentielle d'arbre \u00e0 th\u00e9 pure \u00e0 100% - 15 ml de Nature's Answer - ECO Supplements","description":"Wij hebben een ruime keuze aan producten van Huile essentielle d'arbre \u00e0 th\u00e9 pure \u00e0 100% - 15 ml de Nature's Answer . Winkel bij Eco Supplements altijd gratis verzending boven 100\u20ac","robots":{"index":"index","follow":"follow","max-snippet":"max-snippet:-1","max-image-preview":"max-image-preview:large","max-video-preview":"max-video-preview:-1"},"canonical":"https:\/\/ecosupplements.be\/fr\/produit\/natures-answer-100-pure-tea-tree-essential-oil-15-ml\/","og_locale":"fr_FR","og_type":"article","og_title":"Huile essentielle d'arbre \u00e0 th\u00e9 pure \u00e0 100% - 15 ml de Nature's Answer","og_description":"Wij hebben een ruime keuze aan producten van Huile essentielle d'arbre \u00e0 th\u00e9 pure \u00e0 100% - 15 ml de Nature's Answer . Winkel bij Eco Supplements altijd gratis verzending boven 100\u20ac","og_url":"https:\/\/ecosupplements.be\/fr\/produit\/natures-answer-100-pure-tea-tree-essential-oil-15-ml\/","og_site_name":"ECO Supplements","article_modified_time":"2025-08-27T14:22:08+00:00","og_image":[{"width":600,"height":600,"url":"https:\/\/ecosupplements.be\/wp-content\/uploads\/2025\/08\/Natures-Answer-100-Pure-Tea-Tree-Essential-Oil-15-ml.jpg","type":"image\/jpeg"}],"twitter_card":"summary_large_image","twitter_misc":{"Prix":"13.73&nbsp;&euro;","Disponibilit\u00e9":"En stock"},"schema":{"@context":"https:\/\/schema.org","@graph":[{"@type":["WebPage","ItemPage"],"@id":"https:\/\/ecosupplements.be\/fr\/produit\/natures-answer-100-pure-tea-tree-essential-oil-15-ml\/","url":"https:\/\/ecosupplements.be\/fr\/produit\/natures-answer-100-pure-tea-tree-essential-oil-15-ml\/","name":"Huile essentielle d'arbre \u00e0 th\u00e9 pure \u00e0 100% - 15 ml de Nature's Answer - ECO Supplements","isPartOf":{"@id":"https:\/\/ecosupplements.be\/fr\/#website"},"primaryImageOfPage":{"@id":"https:\/\/ecosupplements.be\/fr\/produit\/natures-answer-100-pure-tea-tree-essential-oil-15-ml\/#primaryimage"},"image":{"@id":"https:\/\/ecosupplements.be\/fr\/produit\/natures-answer-100-pure-tea-tree-essential-oil-15-ml\/#primaryimage"},"thumbnailUrl":"https:\/\/ecosupplements.be\/wp-content\/uploads\/2025\/08\/100-Pure-Tea-Tree-Organic-Essential-Oil-15-ml.jpg","datePublished":"2024-08-07T00:15:22+00:00","dateModified":"2025-08-27T14:22:08+00:00","description":"Wij hebben een ruime keuze aan producten van Huile essentielle d'arbre \u00e0 th\u00e9 pure \u00e0 100% - 15 ml de Nature's Answer . Winkel bij Eco Supplements altijd gratis verzending boven 100\u20ac","breadcrumb":{"@id":"https:\/\/ecosupplements.be\/fr\/produit\/natures-answer-100-pure-tea-tree-essential-oil-15-ml\/#breadcrumb"},"inLanguage":"fr-FR","potentialAction":[{"@type":"ReadAction","target":["https:\/\/ecosupplements.be\/fr\/produit\/natures-answer-100-pure-tea-tree-essential-oil-15-ml\/"]}]},{"@type":"ImageObject","inLanguage":"fr-FR","@id":"https:\/\/ecosupplements.be\/fr\/produit\/natures-answer-100-pure-tea-tree-essential-oil-15-ml\/#primaryimage","url":"https:\/\/ecosupplements.be\/wp-content\/uploads\/2025\/08\/100-Pure-Tea-Tree-Organic-Essential-Oil-15-ml.jpg","contentUrl":"https:\/\/ecosupplements.be\/wp-content\/uploads\/2025\/08\/100-Pure-Tea-Tree-Organic-Essential-Oil-15-ml.jpg","width":600,"height":600},{"@type":"BreadcrumbList","@id":"https:\/\/ecosupplements.be\/fr\/produit\/natures-answer-100-pure-tea-tree-essential-oil-15-ml\/#breadcrumb","itemListElement":[{"@type":"ListItem","position":1,"name":"Home","item":"https:\/\/ecosupplements.be\/fr\/"},{"@type":"ListItem","position":2,"name":"Boutique","item":"https:\/\/ecosupplements.be\/fr\/boutique\/"},{"@type":"ListItem","position":3,"name":"Huile essentielle d&#8217;arbre \u00e0 th\u00e9 pure \u00e0 100% &#8211; 15 ml de Nature&#8217;s Answer"}]},{"@type":"WebSite","@id":"https:\/\/ecosupplements.be\/fr\/#website","url":"https:\/\/ecosupplements.be\/fr\/","name":"ECO Supplements","description":"Eco Supplements - Gezonde supplementen","publisher":{"@id":"https:\/\/ecosupplements.be\/fr\/#organization"},"potentialAction":[{"@type":"SearchAction","target":{"@type":"EntryPoint","urlTemplate":"https:\/\/ecosupplements.be\/fr\/?s={search_term_string}"},"query-input":{"@type":"PropertyValueSpecification","valueRequired":true,"valueName":"search_term_string"}}],"inLanguage":"fr-FR"},{"@type":"Organization","@id":"https:\/\/ecosupplements.be\/fr\/#organization","name":"Eco Supplements","url":"https:\/\/ecosupplements.be\/fr\/","logo":{"@type":"ImageObject","inLanguage":"fr-FR","@id":"https:\/\/ecosupplements.be\/fr\/#\/schema\/logo\/image\/","url":"https:\/\/ecosupplements.be\/wp-content\/uploads\/2022\/06\/ecosupplement-family.png","contentUrl":"https:\/\/ecosupplements.be\/wp-content\/uploads\/2022\/06\/ecosupplement-family.png","width":593,"height":374,"caption":"Eco Supplements"},"image":{"@id":"https:\/\/ecosupplements.be\/fr\/#\/schema\/logo\/image\/"}}]},"product_brand":"Nature's Answer","product_price_amount":"13.73","product_price_currency":"EUR","og_availability":"instock","product_availability":"instock","product_retailer_item_id":"083000266805","product_condition":"new"},"_links":{"self":[{"href":"https:\/\/ecosupplements.be\/fr\/wp-json\/wp\/v2\/product\/290902","targetHints":{"allow":["GET"]}}],"collection":[{"href":"https:\/\/ecosupplements.be\/fr\/wp-json\/wp\/v2\/product"}],"about":[{"href":"https:\/\/ecosupplements.be\/fr\/wp-json\/wp\/v2\/types\/product"}],"replies":[{"embeddable":true,"href":"https:\/\/ecosupplements.be\/fr\/wp-json\/wp\/v2\/comments?post=290902"}],"wp:featuredmedia":[{"embeddable":true,"href":"https:\/\/ecosupplements.be\/fr\/wp-json\/wp\/v2\/media\/266380"}],"wp:attachment":[{"href":"https:\/\/ecosupplements.be\/fr\/wp-json\/wp\/v2\/media?parent=290902"}],"wp:term":[{"taxonomy":"product_brand","embeddable":true,"href":"https:\/\/ecosupplements.be\/fr\/wp-json\/wp\/v2\/product_brand?post=290902"},{"taxonomy":"product_cat","embeddable":true,"href":"https:\/\/ecosupplements.be\/fr\/wp-json\/wp\/v2\/product_cat?post=290902"},{"taxonomy":"product_tag","embeddable":true,"href":"https:\/\/ecosupplements.be\/fr\/wp-json\/wp\/v2\/product_tag?post=290902"}],"curies":[{"name":"wp","href":"https:\/\/api.w.org\/{rel}","templated":true}]}}