{"id":291002,"date":"2024-08-09T01:30:24","date_gmt":"2024-08-09T00:30:24","guid":{"rendered":"https:\/\/ecosupplements.be\/product\/natures-answer-ginkgo-leaf-2000mg-30-ml\/"},"modified":"2025-08-27T15:23:54","modified_gmt":"2025-08-27T14:23:54","slug":"natures-answer-ginkgo-leaf-2000mg-30-ml","status":"publish","type":"product","link":"https:\/\/ecosupplements.be\/fr\/produit\/natures-answer-ginkgo-leaf-2000mg-30-ml\/","title":{"rendered":"R\u00e9ponse : R\u00e9ponse de la nature &#8211; Feuille de Ginkgo, 2000mg &#8211; 30 ml"},"content":{"rendered":"<p><strong>Nom du produit :<\/strong> Nature&#8217;s Answer &#8211; Ginkgo Leaf,2000mg &#8211; 30 ml<\/p>\n<p><strong>Ingr\u00e9dients principaux :<\/strong> Extrait de feuille de Ginkgo. Ce produit est formul\u00e9 \u00e0 partir d&#8217;ingr\u00e9dients d&#8217;origine naturelle, assurant une grande puret\u00e9 et qualit\u00e9.<\/p>\n<p><strong>Contenu et emballage :<\/strong> Chaque flacon contient 30 ml d&#8217;extrait liquide, pratique pour une utilisation quotidienne.<\/p>\n<p><strong>Utilisation :<\/strong> Int\u00e9grez facilement ce produit \u00e0 votre routine quotidienne. Veuillez consulter l&#8217;emballage pour les recommandations d&#8217;utilisation.<\/p>\n<p><strong>Pays d&#8217;origine :<\/strong> \u00c9tats-Unis<\/p>\n<p>Ce compl\u00e9ment en format liquide est id\u00e9al pour ceux qui cherchent \u00e0 int\u00e9grer des \u00e9l\u00e9ments naturels dans leur vie quotidienne sans complication. Son format pratique permet une utilisation ais\u00e9e et rapide. Profitez de la simplicit\u00e9 et de la naturalit\u00e9 avec Nature&#8217;s Answer &#8211; Ginkgo Leaf.<\/p>\n","protected":false},"excerpt":{"rendered":"<p>Nom du produit : Nature&#8217;s Answer &#8211; Ginkgo Leaf,2000mg &#8211; 30 ml Ingr\u00e9dients principaux : Extrait de feuille de Ginkgo. Ce produit est formul\u00e9 \u00e0 partir d&#8217;ingr\u00e9dients d&#8217;origine naturelle, assurant une grande puret\u00e9 et qualit\u00e9. Contenu et emballage : Chaque flacon contient 30 ml d&#8217;extrait liquide, pratique pour une utilisation quotidienne. Utilisation : Int\u00e9grez facilement [&#8230;]\n","protected":false},"featured_media":266575,"comment_status":"open","ping_status":"open","template":"","meta":[],"product_brand":[5286],"product_cat":[5052],"product_tag":[],"class_list":{"0":"post-291002","1":"product","2":"type-product","3":"status-publish","4":"has-post-thumbnail","6":"product_brand-natures-answer-2","7":"product_cat-sante-et-bien-etre","9":"first","10":"instock","11":"taxable","12":"shipping-taxable","13":"purchasable","14":"product-type-simple"},"yoast_head":"<!-- This site is optimized with the Yoast SEO Premium plugin v27.5 (Yoast SEO v27.5) - https:\/\/yoast.com\/product\/yoast-seo-premium-wordpress\/ -->\n<title>R\u00e9ponse : R\u00e9ponse de la nature - Feuille de Ginkgo, 2000mg - 30 ml - ECO Supplements<\/title>\n<meta name=\"description\" content=\"Wij hebben een ruime keuze aan producten van R\u00e9ponse : R\u00e9ponse de la nature - Feuille de Ginkgo, 2000mg - 30 ml . Winkel bij Eco Supplements altijd gratis verzending boven 100\u20ac\" \/>\n<meta name=\"robots\" content=\"index, follow, max-snippet:-1, max-image-preview:large, max-video-preview:-1\" \/>\n<link rel=\"canonical\" href=\"https:\/\/ecosupplements.be\/fr\/produit\/natures-answer-ginkgo-leaf-2000mg-30-ml\/\" \/>\n<meta property=\"og:locale\" content=\"fr_FR\" \/>\n<meta property=\"og:type\" content=\"article\" \/>\n<meta property=\"og:title\" content=\"R\u00e9ponse : R\u00e9ponse de la nature - Feuille de Ginkgo, 2000mg - 30 ml\" \/>\n<meta property=\"og:description\" content=\"Wij hebben een ruime keuze aan producten van R\u00e9ponse : R\u00e9ponse de la nature - Feuille de Ginkgo, 2000mg - 30 ml . Winkel bij Eco Supplements altijd gratis verzending boven 100\u20ac\" \/>\n<meta property=\"og:url\" content=\"https:\/\/ecosupplements.be\/fr\/produit\/natures-answer-ginkgo-leaf-2000mg-30-ml\/\" \/>\n<meta property=\"og:site_name\" content=\"ECO Supplements\" \/>\n<meta property=\"article:modified_time\" content=\"2025-08-27T14:23:54+00:00\" \/>\n<meta property=\"og:image\" content=\"https:\/\/ecosupplements.be\/wp-content\/uploads\/2025\/08\/Natures-Answer-Ginkgo-Leaf-2000mg-30-ml.jpg\" \/>\n\t<meta property=\"og:image:width\" content=\"600\" \/>\n\t<meta property=\"og:image:height\" content=\"600\" \/>\n\t<meta property=\"og:image:type\" content=\"image\/jpeg\" \/>\n<meta name=\"twitter:card\" content=\"summary_large_image\" \/>\n<meta name=\"twitter:label1\" content=\"Prix\" \/>\n\t<meta name=\"twitter:data1\" content=\"16.76&nbsp;&euro;\" \/>\n\t<meta name=\"twitter:label2\" content=\"Disponibilit\u00e9\" \/>\n\t<meta name=\"twitter:data2\" content=\"En stock\" \/>\n<script type=\"application\/ld+json\" class=\"yoast-schema-graph\">{\"@context\":\"https:\\\/\\\/schema.org\",\"@graph\":[{\"@type\":[\"WebPage\",\"ItemPage\"],\"@id\":\"https:\\\/\\\/ecosupplements.be\\\/fr\\\/produit\\\/natures-answer-ginkgo-leaf-2000mg-30-ml\\\/\",\"url\":\"https:\\\/\\\/ecosupplements.be\\\/fr\\\/produit\\\/natures-answer-ginkgo-leaf-2000mg-30-ml\\\/\",\"name\":\"R\u00e9ponse : R\u00e9ponse de la nature - Feuille de Ginkgo, 2000mg - 30 ml - ECO Supplements\",\"isPartOf\":{\"@id\":\"https:\\\/\\\/ecosupplements.be\\\/fr\\\/#website\"},\"primaryImageOfPage\":{\"@id\":\"https:\\\/\\\/ecosupplements.be\\\/fr\\\/produit\\\/natures-answer-ginkgo-leaf-2000mg-30-ml\\\/#primaryimage\"},\"image\":{\"@id\":\"https:\\\/\\\/ecosupplements.be\\\/fr\\\/produit\\\/natures-answer-ginkgo-leaf-2000mg-30-ml\\\/#primaryimage\"},\"thumbnailUrl\":\"https:\\\/\\\/ecosupplements.be\\\/wp-content\\\/uploads\\\/2025\\\/08\\\/Ginkgo-Leaf-2000mg-30-ml.jpg\",\"datePublished\":\"2024-08-09T00:30:24+00:00\",\"dateModified\":\"2025-08-27T14:23:54+00:00\",\"description\":\"Wij hebben een ruime keuze aan producten van R\u00e9ponse : R\u00e9ponse de la nature - Feuille de Ginkgo, 2000mg - 30 ml . Winkel bij Eco Supplements altijd gratis verzending boven 100\u20ac\",\"breadcrumb\":{\"@id\":\"https:\\\/\\\/ecosupplements.be\\\/fr\\\/produit\\\/natures-answer-ginkgo-leaf-2000mg-30-ml\\\/#breadcrumb\"},\"inLanguage\":\"fr-FR\",\"potentialAction\":[{\"@type\":\"ReadAction\",\"target\":[\"https:\\\/\\\/ecosupplements.be\\\/fr\\\/produit\\\/natures-answer-ginkgo-leaf-2000mg-30-ml\\\/\"]}]},{\"@type\":\"ImageObject\",\"inLanguage\":\"fr-FR\",\"@id\":\"https:\\\/\\\/ecosupplements.be\\\/fr\\\/produit\\\/natures-answer-ginkgo-leaf-2000mg-30-ml\\\/#primaryimage\",\"url\":\"https:\\\/\\\/ecosupplements.be\\\/wp-content\\\/uploads\\\/2025\\\/08\\\/Ginkgo-Leaf-2000mg-30-ml.jpg\",\"contentUrl\":\"https:\\\/\\\/ecosupplements.be\\\/wp-content\\\/uploads\\\/2025\\\/08\\\/Ginkgo-Leaf-2000mg-30-ml.jpg\",\"width\":600,\"height\":600},{\"@type\":\"BreadcrumbList\",\"@id\":\"https:\\\/\\\/ecosupplements.be\\\/fr\\\/produit\\\/natures-answer-ginkgo-leaf-2000mg-30-ml\\\/#breadcrumb\",\"itemListElement\":[{\"@type\":\"ListItem\",\"position\":1,\"name\":\"Home\",\"item\":\"https:\\\/\\\/ecosupplements.be\\\/fr\\\/\"},{\"@type\":\"ListItem\",\"position\":2,\"name\":\"Boutique\",\"item\":\"https:\\\/\\\/ecosupplements.be\\\/fr\\\/boutique\\\/\"},{\"@type\":\"ListItem\",\"position\":3,\"name\":\"R\u00e9ponse : R\u00e9ponse de la nature &#8211; Feuille de Ginkgo, 2000mg &#8211; 30 ml\"}]},{\"@type\":\"WebSite\",\"@id\":\"https:\\\/\\\/ecosupplements.be\\\/fr\\\/#website\",\"url\":\"https:\\\/\\\/ecosupplements.be\\\/fr\\\/\",\"name\":\"ECO Supplements\",\"description\":\"Eco Supplements - Gezonde supplementen\",\"publisher\":{\"@id\":\"https:\\\/\\\/ecosupplements.be\\\/fr\\\/#organization\"},\"potentialAction\":[{\"@type\":\"SearchAction\",\"target\":{\"@type\":\"EntryPoint\",\"urlTemplate\":\"https:\\\/\\\/ecosupplements.be\\\/fr\\\/?s={search_term_string}\"},\"query-input\":{\"@type\":\"PropertyValueSpecification\",\"valueRequired\":true,\"valueName\":\"search_term_string\"}}],\"inLanguage\":\"fr-FR\"},{\"@type\":\"Organization\",\"@id\":\"https:\\\/\\\/ecosupplements.be\\\/fr\\\/#organization\",\"name\":\"Eco Supplements\",\"url\":\"https:\\\/\\\/ecosupplements.be\\\/fr\\\/\",\"logo\":{\"@type\":\"ImageObject\",\"inLanguage\":\"fr-FR\",\"@id\":\"https:\\\/\\\/ecosupplements.be\\\/fr\\\/#\\\/schema\\\/logo\\\/image\\\/\",\"url\":\"https:\\\/\\\/ecosupplements.be\\\/wp-content\\\/uploads\\\/2022\\\/06\\\/ecosupplement-family.png\",\"contentUrl\":\"https:\\\/\\\/ecosupplements.be\\\/wp-content\\\/uploads\\\/2022\\\/06\\\/ecosupplement-family.png\",\"width\":593,\"height\":374,\"caption\":\"Eco Supplements\"},\"image\":{\"@id\":\"https:\\\/\\\/ecosupplements.be\\\/fr\\\/#\\\/schema\\\/logo\\\/image\\\/\"}}]}<\/script>\n<meta property=\"product:brand\" content=\"Nature&#039;s Answer\" \/>\n<meta property=\"product:price:amount\" content=\"16.76\" \/>\n<meta property=\"product:price:currency\" content=\"EUR\" \/>\n<meta property=\"og:availability\" content=\"instock\" \/>\n<meta property=\"product:availability\" content=\"instock\" \/>\n<meta property=\"product:retailer_item_id\" content=\"083000006203\" \/>\n<meta property=\"product:condition\" content=\"new\" \/>\n<!-- \/ Yoast SEO Premium plugin. -->","yoast_head_json":{"title":"R\u00e9ponse : R\u00e9ponse de la nature - Feuille de Ginkgo, 2000mg - 30 ml - ECO Supplements","description":"Wij hebben een ruime keuze aan producten van R\u00e9ponse : R\u00e9ponse de la nature - Feuille de Ginkgo, 2000mg - 30 ml . Winkel bij Eco Supplements altijd gratis verzending boven 100\u20ac","robots":{"index":"index","follow":"follow","max-snippet":"max-snippet:-1","max-image-preview":"max-image-preview:large","max-video-preview":"max-video-preview:-1"},"canonical":"https:\/\/ecosupplements.be\/fr\/produit\/natures-answer-ginkgo-leaf-2000mg-30-ml\/","og_locale":"fr_FR","og_type":"article","og_title":"R\u00e9ponse : R\u00e9ponse de la nature - Feuille de Ginkgo, 2000mg - 30 ml","og_description":"Wij hebben een ruime keuze aan producten van R\u00e9ponse : R\u00e9ponse de la nature - Feuille de Ginkgo, 2000mg - 30 ml . Winkel bij Eco Supplements altijd gratis verzending boven 100\u20ac","og_url":"https:\/\/ecosupplements.be\/fr\/produit\/natures-answer-ginkgo-leaf-2000mg-30-ml\/","og_site_name":"ECO Supplements","article_modified_time":"2025-08-27T14:23:54+00:00","og_image":[{"width":600,"height":600,"url":"https:\/\/ecosupplements.be\/wp-content\/uploads\/2025\/08\/Natures-Answer-Ginkgo-Leaf-2000mg-30-ml.jpg","type":"image\/jpeg"}],"twitter_card":"summary_large_image","twitter_misc":{"Prix":"16.76&nbsp;&euro;","Disponibilit\u00e9":"En stock"},"schema":{"@context":"https:\/\/schema.org","@graph":[{"@type":["WebPage","ItemPage"],"@id":"https:\/\/ecosupplements.be\/fr\/produit\/natures-answer-ginkgo-leaf-2000mg-30-ml\/","url":"https:\/\/ecosupplements.be\/fr\/produit\/natures-answer-ginkgo-leaf-2000mg-30-ml\/","name":"R\u00e9ponse : R\u00e9ponse de la nature - Feuille de Ginkgo, 2000mg - 30 ml - ECO Supplements","isPartOf":{"@id":"https:\/\/ecosupplements.be\/fr\/#website"},"primaryImageOfPage":{"@id":"https:\/\/ecosupplements.be\/fr\/produit\/natures-answer-ginkgo-leaf-2000mg-30-ml\/#primaryimage"},"image":{"@id":"https:\/\/ecosupplements.be\/fr\/produit\/natures-answer-ginkgo-leaf-2000mg-30-ml\/#primaryimage"},"thumbnailUrl":"https:\/\/ecosupplements.be\/wp-content\/uploads\/2025\/08\/Ginkgo-Leaf-2000mg-30-ml.jpg","datePublished":"2024-08-09T00:30:24+00:00","dateModified":"2025-08-27T14:23:54+00:00","description":"Wij hebben een ruime keuze aan producten van R\u00e9ponse : R\u00e9ponse de la nature - Feuille de Ginkgo, 2000mg - 30 ml . Winkel bij Eco Supplements altijd gratis verzending boven 100\u20ac","breadcrumb":{"@id":"https:\/\/ecosupplements.be\/fr\/produit\/natures-answer-ginkgo-leaf-2000mg-30-ml\/#breadcrumb"},"inLanguage":"fr-FR","potentialAction":[{"@type":"ReadAction","target":["https:\/\/ecosupplements.be\/fr\/produit\/natures-answer-ginkgo-leaf-2000mg-30-ml\/"]}]},{"@type":"ImageObject","inLanguage":"fr-FR","@id":"https:\/\/ecosupplements.be\/fr\/produit\/natures-answer-ginkgo-leaf-2000mg-30-ml\/#primaryimage","url":"https:\/\/ecosupplements.be\/wp-content\/uploads\/2025\/08\/Ginkgo-Leaf-2000mg-30-ml.jpg","contentUrl":"https:\/\/ecosupplements.be\/wp-content\/uploads\/2025\/08\/Ginkgo-Leaf-2000mg-30-ml.jpg","width":600,"height":600},{"@type":"BreadcrumbList","@id":"https:\/\/ecosupplements.be\/fr\/produit\/natures-answer-ginkgo-leaf-2000mg-30-ml\/#breadcrumb","itemListElement":[{"@type":"ListItem","position":1,"name":"Home","item":"https:\/\/ecosupplements.be\/fr\/"},{"@type":"ListItem","position":2,"name":"Boutique","item":"https:\/\/ecosupplements.be\/fr\/boutique\/"},{"@type":"ListItem","position":3,"name":"R\u00e9ponse : R\u00e9ponse de la nature &#8211; Feuille de Ginkgo, 2000mg &#8211; 30 ml"}]},{"@type":"WebSite","@id":"https:\/\/ecosupplements.be\/fr\/#website","url":"https:\/\/ecosupplements.be\/fr\/","name":"ECO Supplements","description":"Eco Supplements - Gezonde supplementen","publisher":{"@id":"https:\/\/ecosupplements.be\/fr\/#organization"},"potentialAction":[{"@type":"SearchAction","target":{"@type":"EntryPoint","urlTemplate":"https:\/\/ecosupplements.be\/fr\/?s={search_term_string}"},"query-input":{"@type":"PropertyValueSpecification","valueRequired":true,"valueName":"search_term_string"}}],"inLanguage":"fr-FR"},{"@type":"Organization","@id":"https:\/\/ecosupplements.be\/fr\/#organization","name":"Eco Supplements","url":"https:\/\/ecosupplements.be\/fr\/","logo":{"@type":"ImageObject","inLanguage":"fr-FR","@id":"https:\/\/ecosupplements.be\/fr\/#\/schema\/logo\/image\/","url":"https:\/\/ecosupplements.be\/wp-content\/uploads\/2022\/06\/ecosupplement-family.png","contentUrl":"https:\/\/ecosupplements.be\/wp-content\/uploads\/2022\/06\/ecosupplement-family.png","width":593,"height":374,"caption":"Eco Supplements"},"image":{"@id":"https:\/\/ecosupplements.be\/fr\/#\/schema\/logo\/image\/"}}]},"product_brand":"Nature's Answer","product_price_amount":"16.76","product_price_currency":"EUR","og_availability":"instock","product_availability":"instock","product_retailer_item_id":"083000006203","product_condition":"new"},"_links":{"self":[{"href":"https:\/\/ecosupplements.be\/fr\/wp-json\/wp\/v2\/product\/291002","targetHints":{"allow":["GET"]}}],"collection":[{"href":"https:\/\/ecosupplements.be\/fr\/wp-json\/wp\/v2\/product"}],"about":[{"href":"https:\/\/ecosupplements.be\/fr\/wp-json\/wp\/v2\/types\/product"}],"replies":[{"embeddable":true,"href":"https:\/\/ecosupplements.be\/fr\/wp-json\/wp\/v2\/comments?post=291002"}],"wp:featuredmedia":[{"embeddable":true,"href":"https:\/\/ecosupplements.be\/fr\/wp-json\/wp\/v2\/media\/266575"}],"wp:attachment":[{"href":"https:\/\/ecosupplements.be\/fr\/wp-json\/wp\/v2\/media?parent=291002"}],"wp:term":[{"taxonomy":"product_brand","embeddable":true,"href":"https:\/\/ecosupplements.be\/fr\/wp-json\/wp\/v2\/product_brand?post=291002"},{"taxonomy":"product_cat","embeddable":true,"href":"https:\/\/ecosupplements.be\/fr\/wp-json\/wp\/v2\/product_cat?post=291002"},{"taxonomy":"product_tag","embeddable":true,"href":"https:\/\/ecosupplements.be\/fr\/wp-json\/wp\/v2\/product_tag?post=291002"}],"curies":[{"name":"wp","href":"https:\/\/api.w.org\/{rel}","templated":true}]}}