{"id":291041,"date":"2024-08-09T01:30:40","date_gmt":"2024-08-09T00:30:40","guid":{"rendered":"https:\/\/ecosupplements.be\/product\/natures-answer-korean-ginseng-500mg-50-vcaps\/"},"modified":"2025-08-27T15:24:35","modified_gmt":"2025-08-27T14:24:35","slug":"natures-answer-korean-ginseng-500mg-50-vcaps","status":"publish","type":"product","link":"https:\/\/ecosupplements.be\/fr\/produit\/natures-answer-korean-ginseng-500mg-50-vcaps\/","title":{"rendered":"R\u00e9ponse de la nature &#8211; Ginseng cor\u00e9en, 500 mg &#8211; 50 g\u00e9lules v\u00e9g\u00e9tales"},"content":{"rendered":"<h2>Nature&#8217;s Answer &#8211; Korean Ginseng, 500mg &#8211; 50 vcaps<\/h2>\n<p>D\u00e9couvrez le <strong>Korean Ginseng de nature&#8217;s Answer<\/strong>, un choix parfait pour ceux qui appr\u00e9cient les ingr\u00e9dients naturels dans un mode de vie sain. Chaque capsule contient <strong>500mg de ginseng cor\u00e9en<\/strong>, reconnu pour sa grande puret\u00e9 et son origine naturelle.<\/p>\n<p>Ce produit est conditionn\u00e9 dans un format pratique avec <strong>50 capsules v\u00e9g\u00e9tales (vcaps)<\/strong>, facile \u00e0 int\u00e9grer dans votre routine quotidienne. Le ginseng utilis\u00e9 est soigneusement s\u00e9lectionn\u00e9 aux \u00c9tats-Unis, garantissant une qualit\u00e9 sup\u00e9rieure sans compromis.<\/p>\n<p><em>Utilisation :<\/em> Pour une utilisation optimale, suivez les instructions sur l&#8217;emballage concernant la dose journali\u00e8re recommand\u00e9e.<\/p>\n<p>Ce compl\u00e9ment alimentaire se distingue par sa composition simple et naturelle, id\u00e9al pour accompagner votre quotidien sans pr\u00e9tentions m\u00e9dicales ou th\u00e9rapeutiques. Un choix judicieux pour ceux qui cherchent \u00e0 enrichir leur alimentation avec des produits issus de la nature.<\/p>\n<p><em>Note :<\/em> Assurez-vous de respecter la posologie indiqu\u00e9e et consultez un professionnel si vous avez des questions sur l&#8217;utilisation du produit.<\/p>\n","protected":false},"excerpt":{"rendered":"<p>Nature&#8217;s Answer &#8211; Korean Ginseng, 500mg &#8211; 50 vcaps D\u00e9couvrez le Korean Ginseng de nature&#8217;s Answer, un choix parfait pour ceux qui appr\u00e9cient les ingr\u00e9dients naturels dans un mode de vie sain. Chaque capsule contient 500mg de ginseng cor\u00e9en, reconnu pour sa grande puret\u00e9 et son origine naturelle. Ce produit est conditionn\u00e9 dans un format [&#8230;]\n","protected":false},"featured_media":266599,"comment_status":"open","ping_status":"open","template":"","meta":[],"product_brand":[5286],"product_cat":[5052,5094,5053],"product_tag":[],"class_list":{"0":"post-291041","1":"product","2":"type-product","3":"status-publish","4":"has-post-thumbnail","6":"product_brand-natures-answer-2","7":"product_cat-sante-et-bien-etre","8":"product_cat-supplements-a-base-de-plantes","9":"product_cat-vitamines-et-mineraux","11":"first","12":"instock","13":"taxable","14":"shipping-taxable","15":"purchasable","16":"product-type-simple"},"yoast_head":"<!-- This site is optimized with the Yoast SEO Premium plugin v27.3 (Yoast SEO v27.3) - https:\/\/yoast.com\/product\/yoast-seo-premium-wordpress\/ -->\n<title>R\u00e9ponse de la nature - Ginseng cor\u00e9en, 500 mg - 50 g\u00e9lules v\u00e9g\u00e9tales - ECO Supplements<\/title>\n<meta name=\"description\" content=\"Wij hebben een ruime keuze aan producten van R\u00e9ponse de la nature - Ginseng cor\u00e9en, 500 mg - 50 g\u00e9lules v\u00e9g\u00e9tales . Winkel bij Eco Supplements altijd gratis verzending boven 100\u20ac\" \/>\n<meta name=\"robots\" content=\"index, follow, max-snippet:-1, max-image-preview:large, max-video-preview:-1\" \/>\n<link rel=\"canonical\" href=\"https:\/\/ecosupplements.be\/fr\/produit\/natures-answer-korean-ginseng-500mg-50-vcaps\/\" \/>\n<meta property=\"og:locale\" content=\"fr_FR\" \/>\n<meta property=\"og:type\" content=\"article\" \/>\n<meta property=\"og:title\" content=\"R\u00e9ponse de la nature - Ginseng cor\u00e9en, 500 mg - 50 g\u00e9lules v\u00e9g\u00e9tales\" \/>\n<meta property=\"og:description\" content=\"Wij hebben een ruime keuze aan producten van R\u00e9ponse de la nature - Ginseng cor\u00e9en, 500 mg - 50 g\u00e9lules v\u00e9g\u00e9tales . Winkel bij Eco Supplements altijd gratis verzending boven 100\u20ac\" \/>\n<meta property=\"og:url\" content=\"https:\/\/ecosupplements.be\/fr\/produit\/natures-answer-korean-ginseng-500mg-50-vcaps\/\" \/>\n<meta property=\"og:site_name\" content=\"ECO Supplements\" \/>\n<meta property=\"article:modified_time\" content=\"2025-08-27T14:24:35+00:00\" \/>\n<meta property=\"og:image\" content=\"https:\/\/ecosupplements.be\/wp-content\/uploads\/2025\/08\/Natures-Answer-Korean-Ginseng-500mg-50-vcaps.jpg\" \/>\n\t<meta property=\"og:image:width\" content=\"600\" \/>\n\t<meta property=\"og:image:height\" content=\"600\" \/>\n\t<meta property=\"og:image:type\" content=\"image\/jpeg\" \/>\n<meta name=\"twitter:card\" content=\"summary_large_image\" \/>\n<meta name=\"twitter:label1\" content=\"Prix\" \/>\n\t<meta name=\"twitter:data1\" content=\"23.88&nbsp;&euro;\" \/>\n\t<meta name=\"twitter:label2\" content=\"Disponibilit\u00e9\" \/>\n\t<meta name=\"twitter:data2\" content=\"En stock\" \/>\n<script type=\"application\/ld+json\" class=\"yoast-schema-graph\">{\"@context\":\"https:\\\/\\\/schema.org\",\"@graph\":[{\"@type\":[\"WebPage\",\"ItemPage\"],\"@id\":\"https:\\\/\\\/ecosupplements.be\\\/fr\\\/produit\\\/natures-answer-korean-ginseng-500mg-50-vcaps\\\/\",\"url\":\"https:\\\/\\\/ecosupplements.be\\\/fr\\\/produit\\\/natures-answer-korean-ginseng-500mg-50-vcaps\\\/\",\"name\":\"R\u00e9ponse de la nature - Ginseng cor\u00e9en, 500 mg - 50 g\u00e9lules v\u00e9g\u00e9tales - ECO Supplements\",\"isPartOf\":{\"@id\":\"https:\\\/\\\/ecosupplements.be\\\/fr\\\/#website\"},\"primaryImageOfPage\":{\"@id\":\"https:\\\/\\\/ecosupplements.be\\\/fr\\\/produit\\\/natures-answer-korean-ginseng-500mg-50-vcaps\\\/#primaryimage\"},\"image\":{\"@id\":\"https:\\\/\\\/ecosupplements.be\\\/fr\\\/produit\\\/natures-answer-korean-ginseng-500mg-50-vcaps\\\/#primaryimage\"},\"thumbnailUrl\":\"https:\\\/\\\/ecosupplements.be\\\/wp-content\\\/uploads\\\/2025\\\/08\\\/Korean-Ginseng-500mg-50-vcaps.jpg\",\"datePublished\":\"2024-08-09T00:30:40+00:00\",\"dateModified\":\"2025-08-27T14:24:35+00:00\",\"description\":\"Wij hebben een ruime keuze aan producten van R\u00e9ponse de la nature - Ginseng cor\u00e9en, 500 mg - 50 g\u00e9lules v\u00e9g\u00e9tales . Winkel bij Eco Supplements altijd gratis verzending boven 100\u20ac\",\"breadcrumb\":{\"@id\":\"https:\\\/\\\/ecosupplements.be\\\/fr\\\/produit\\\/natures-answer-korean-ginseng-500mg-50-vcaps\\\/#breadcrumb\"},\"inLanguage\":\"fr-FR\",\"potentialAction\":[{\"@type\":\"ReadAction\",\"target\":[\"https:\\\/\\\/ecosupplements.be\\\/fr\\\/produit\\\/natures-answer-korean-ginseng-500mg-50-vcaps\\\/\"]}]},{\"@type\":\"ImageObject\",\"inLanguage\":\"fr-FR\",\"@id\":\"https:\\\/\\\/ecosupplements.be\\\/fr\\\/produit\\\/natures-answer-korean-ginseng-500mg-50-vcaps\\\/#primaryimage\",\"url\":\"https:\\\/\\\/ecosupplements.be\\\/wp-content\\\/uploads\\\/2025\\\/08\\\/Korean-Ginseng-500mg-50-vcaps.jpg\",\"contentUrl\":\"https:\\\/\\\/ecosupplements.be\\\/wp-content\\\/uploads\\\/2025\\\/08\\\/Korean-Ginseng-500mg-50-vcaps.jpg\",\"width\":600,\"height\":600},{\"@type\":\"BreadcrumbList\",\"@id\":\"https:\\\/\\\/ecosupplements.be\\\/fr\\\/produit\\\/natures-answer-korean-ginseng-500mg-50-vcaps\\\/#breadcrumb\",\"itemListElement\":[{\"@type\":\"ListItem\",\"position\":1,\"name\":\"Home\",\"item\":\"https:\\\/\\\/ecosupplements.be\\\/fr\\\/\"},{\"@type\":\"ListItem\",\"position\":2,\"name\":\"Boutique\",\"item\":\"https:\\\/\\\/ecosupplements.be\\\/fr\\\/boutique\\\/\"},{\"@type\":\"ListItem\",\"position\":3,\"name\":\"R\u00e9ponse de la nature &#8211; Ginseng cor\u00e9en, 500 mg &#8211; 50 g\u00e9lules v\u00e9g\u00e9tales\"}]},{\"@type\":\"WebSite\",\"@id\":\"https:\\\/\\\/ecosupplements.be\\\/fr\\\/#website\",\"url\":\"https:\\\/\\\/ecosupplements.be\\\/fr\\\/\",\"name\":\"ECO Supplements\",\"description\":\"Eco Supplements - Gezonde supplementen\",\"publisher\":{\"@id\":\"https:\\\/\\\/ecosupplements.be\\\/fr\\\/#organization\"},\"potentialAction\":[{\"@type\":\"SearchAction\",\"target\":{\"@type\":\"EntryPoint\",\"urlTemplate\":\"https:\\\/\\\/ecosupplements.be\\\/fr\\\/?s={search_term_string}\"},\"query-input\":{\"@type\":\"PropertyValueSpecification\",\"valueRequired\":true,\"valueName\":\"search_term_string\"}}],\"inLanguage\":\"fr-FR\"},{\"@type\":\"Organization\",\"@id\":\"https:\\\/\\\/ecosupplements.be\\\/fr\\\/#organization\",\"name\":\"Eco Supplements\",\"url\":\"https:\\\/\\\/ecosupplements.be\\\/fr\\\/\",\"logo\":{\"@type\":\"ImageObject\",\"inLanguage\":\"fr-FR\",\"@id\":\"https:\\\/\\\/ecosupplements.be\\\/fr\\\/#\\\/schema\\\/logo\\\/image\\\/\",\"url\":\"https:\\\/\\\/ecosupplements.be\\\/wp-content\\\/uploads\\\/2022\\\/06\\\/ecosupplement-family.png\",\"contentUrl\":\"https:\\\/\\\/ecosupplements.be\\\/wp-content\\\/uploads\\\/2022\\\/06\\\/ecosupplement-family.png\",\"width\":593,\"height\":374,\"caption\":\"Eco Supplements\"},\"image\":{\"@id\":\"https:\\\/\\\/ecosupplements.be\\\/fr\\\/#\\\/schema\\\/logo\\\/image\\\/\"}}]}<\/script>\n<meta property=\"product:brand\" content=\"Nature&#039;s Answer\" \/>\n<meta property=\"product:price:amount\" content=\"23.88\" \/>\n<meta property=\"product:price:currency\" content=\"EUR\" \/>\n<meta property=\"og:availability\" content=\"instock\" \/>\n<meta property=\"product:availability\" content=\"instock\" \/>\n<meta property=\"product:retailer_item_id\" content=\"083000162343\" \/>\n<meta property=\"product:condition\" content=\"new\" \/>\n<!-- \/ Yoast SEO Premium plugin. -->","yoast_head_json":{"title":"R\u00e9ponse de la nature - Ginseng cor\u00e9en, 500 mg - 50 g\u00e9lules v\u00e9g\u00e9tales - ECO Supplements","description":"Wij hebben een ruime keuze aan producten van R\u00e9ponse de la nature - Ginseng cor\u00e9en, 500 mg - 50 g\u00e9lules v\u00e9g\u00e9tales . Winkel bij Eco Supplements altijd gratis verzending boven 100\u20ac","robots":{"index":"index","follow":"follow","max-snippet":"max-snippet:-1","max-image-preview":"max-image-preview:large","max-video-preview":"max-video-preview:-1"},"canonical":"https:\/\/ecosupplements.be\/fr\/produit\/natures-answer-korean-ginseng-500mg-50-vcaps\/","og_locale":"fr_FR","og_type":"article","og_title":"R\u00e9ponse de la nature - Ginseng cor\u00e9en, 500 mg - 50 g\u00e9lules v\u00e9g\u00e9tales","og_description":"Wij hebben een ruime keuze aan producten van R\u00e9ponse de la nature - Ginseng cor\u00e9en, 500 mg - 50 g\u00e9lules v\u00e9g\u00e9tales . Winkel bij Eco Supplements altijd gratis verzending boven 100\u20ac","og_url":"https:\/\/ecosupplements.be\/fr\/produit\/natures-answer-korean-ginseng-500mg-50-vcaps\/","og_site_name":"ECO Supplements","article_modified_time":"2025-08-27T14:24:35+00:00","og_image":[{"width":600,"height":600,"url":"https:\/\/ecosupplements.be\/wp-content\/uploads\/2025\/08\/Natures-Answer-Korean-Ginseng-500mg-50-vcaps.jpg","type":"image\/jpeg"}],"twitter_card":"summary_large_image","twitter_misc":{"Prix":"23.88&nbsp;&euro;","Disponibilit\u00e9":"En stock"},"schema":{"@context":"https:\/\/schema.org","@graph":[{"@type":["WebPage","ItemPage"],"@id":"https:\/\/ecosupplements.be\/fr\/produit\/natures-answer-korean-ginseng-500mg-50-vcaps\/","url":"https:\/\/ecosupplements.be\/fr\/produit\/natures-answer-korean-ginseng-500mg-50-vcaps\/","name":"R\u00e9ponse de la nature - Ginseng cor\u00e9en, 500 mg - 50 g\u00e9lules v\u00e9g\u00e9tales - ECO Supplements","isPartOf":{"@id":"https:\/\/ecosupplements.be\/fr\/#website"},"primaryImageOfPage":{"@id":"https:\/\/ecosupplements.be\/fr\/produit\/natures-answer-korean-ginseng-500mg-50-vcaps\/#primaryimage"},"image":{"@id":"https:\/\/ecosupplements.be\/fr\/produit\/natures-answer-korean-ginseng-500mg-50-vcaps\/#primaryimage"},"thumbnailUrl":"https:\/\/ecosupplements.be\/wp-content\/uploads\/2025\/08\/Korean-Ginseng-500mg-50-vcaps.jpg","datePublished":"2024-08-09T00:30:40+00:00","dateModified":"2025-08-27T14:24:35+00:00","description":"Wij hebben een ruime keuze aan producten van R\u00e9ponse de la nature - Ginseng cor\u00e9en, 500 mg - 50 g\u00e9lules v\u00e9g\u00e9tales . Winkel bij Eco Supplements altijd gratis verzending boven 100\u20ac","breadcrumb":{"@id":"https:\/\/ecosupplements.be\/fr\/produit\/natures-answer-korean-ginseng-500mg-50-vcaps\/#breadcrumb"},"inLanguage":"fr-FR","potentialAction":[{"@type":"ReadAction","target":["https:\/\/ecosupplements.be\/fr\/produit\/natures-answer-korean-ginseng-500mg-50-vcaps\/"]}]},{"@type":"ImageObject","inLanguage":"fr-FR","@id":"https:\/\/ecosupplements.be\/fr\/produit\/natures-answer-korean-ginseng-500mg-50-vcaps\/#primaryimage","url":"https:\/\/ecosupplements.be\/wp-content\/uploads\/2025\/08\/Korean-Ginseng-500mg-50-vcaps.jpg","contentUrl":"https:\/\/ecosupplements.be\/wp-content\/uploads\/2025\/08\/Korean-Ginseng-500mg-50-vcaps.jpg","width":600,"height":600},{"@type":"BreadcrumbList","@id":"https:\/\/ecosupplements.be\/fr\/produit\/natures-answer-korean-ginseng-500mg-50-vcaps\/#breadcrumb","itemListElement":[{"@type":"ListItem","position":1,"name":"Home","item":"https:\/\/ecosupplements.be\/fr\/"},{"@type":"ListItem","position":2,"name":"Boutique","item":"https:\/\/ecosupplements.be\/fr\/boutique\/"},{"@type":"ListItem","position":3,"name":"R\u00e9ponse de la nature &#8211; Ginseng cor\u00e9en, 500 mg &#8211; 50 g\u00e9lules v\u00e9g\u00e9tales"}]},{"@type":"WebSite","@id":"https:\/\/ecosupplements.be\/fr\/#website","url":"https:\/\/ecosupplements.be\/fr\/","name":"ECO Supplements","description":"Eco Supplements - Gezonde supplementen","publisher":{"@id":"https:\/\/ecosupplements.be\/fr\/#organization"},"potentialAction":[{"@type":"SearchAction","target":{"@type":"EntryPoint","urlTemplate":"https:\/\/ecosupplements.be\/fr\/?s={search_term_string}"},"query-input":{"@type":"PropertyValueSpecification","valueRequired":true,"valueName":"search_term_string"}}],"inLanguage":"fr-FR"},{"@type":"Organization","@id":"https:\/\/ecosupplements.be\/fr\/#organization","name":"Eco Supplements","url":"https:\/\/ecosupplements.be\/fr\/","logo":{"@type":"ImageObject","inLanguage":"fr-FR","@id":"https:\/\/ecosupplements.be\/fr\/#\/schema\/logo\/image\/","url":"https:\/\/ecosupplements.be\/wp-content\/uploads\/2022\/06\/ecosupplement-family.png","contentUrl":"https:\/\/ecosupplements.be\/wp-content\/uploads\/2022\/06\/ecosupplement-family.png","width":593,"height":374,"caption":"Eco Supplements"},"image":{"@id":"https:\/\/ecosupplements.be\/fr\/#\/schema\/logo\/image\/"}}]},"product_brand":"Nature's Answer","product_price_amount":"23.88","product_price_currency":"EUR","og_availability":"instock","product_availability":"instock","product_retailer_item_id":"083000162343","product_condition":"new"},"_links":{"self":[{"href":"https:\/\/ecosupplements.be\/fr\/wp-json\/wp\/v2\/product\/291041","targetHints":{"allow":["GET"]}}],"collection":[{"href":"https:\/\/ecosupplements.be\/fr\/wp-json\/wp\/v2\/product"}],"about":[{"href":"https:\/\/ecosupplements.be\/fr\/wp-json\/wp\/v2\/types\/product"}],"replies":[{"embeddable":true,"href":"https:\/\/ecosupplements.be\/fr\/wp-json\/wp\/v2\/comments?post=291041"}],"wp:featuredmedia":[{"embeddable":true,"href":"https:\/\/ecosupplements.be\/fr\/wp-json\/wp\/v2\/media\/266599"}],"wp:attachment":[{"href":"https:\/\/ecosupplements.be\/fr\/wp-json\/wp\/v2\/media?parent=291041"}],"wp:term":[{"taxonomy":"product_brand","embeddable":true,"href":"https:\/\/ecosupplements.be\/fr\/wp-json\/wp\/v2\/product_brand?post=291041"},{"taxonomy":"product_cat","embeddable":true,"href":"https:\/\/ecosupplements.be\/fr\/wp-json\/wp\/v2\/product_cat?post=291041"},{"taxonomy":"product_tag","embeddable":true,"href":"https:\/\/ecosupplements.be\/fr\/wp-json\/wp\/v2\/product_tag?post=291041"}],"curies":[{"name":"wp","href":"https:\/\/api.w.org\/{rel}","templated":true}]}}