{"id":291137,"date":"2024-08-07T01:16:04","date_gmt":"2024-08-07T00:16:04","guid":{"rendered":"https:\/\/ecosupplements.be\/product\/natures-answer-sambucus-plus-chewables-black-elderberry-60-chewable-tablets\/"},"modified":"2025-08-27T15:26:03","modified_gmt":"2025-08-27T14:26:03","slug":"natures-answer-sambucus-plus-chewables-black-elderberry-60-chewable-tablets","status":"publish","type":"product","link":"https:\/\/ecosupplements.be\/fr\/produit\/natures-answer-sambucus-plus-chewables-black-elderberry-60-chewable-tablets\/","title":{"rendered":"R\u00e9ponse de la nature &#8211; Comprim\u00e9s \u00e0 m\u00e2cher Sambucus Plus, Sureau noir &#8211; 60 comprim\u00e9s \u00e0 m\u00e2cher"},"content":{"rendered":"<h2>Nature&#8217;s Answer &#8211; Sambucus Plus Chewables,Black Elderberry &#8211; 60 comprim\u00e9s \u00e0 croquer<\/h2>\n<p>D\u00e9couvrez les comprim\u00e9s \u00e0 croquer <strong>Sambucus Plus<\/strong> de <em>Nature&#8217;s Answer<\/em>,une option pratique pour int\u00e9grer des ingr\u00e9dients naturels dans votre quotidien. Chaque tablette est formul\u00e9e avec soin aux \u00c9tats-Unis et contient un extrait de sureau noir, reconnu pour son origine naturelle et sa grande puret\u00e9.<\/p>\n<p>Ce produit se pr\u00e9sente sous forme de comprim\u00e9s \u00e0 croquer, faciles \u00e0 consommer, avec un go\u00fbt agr\u00e9able qui plaira \u00e0 toute la famille. Il est conditionn\u00e9 en bo\u00eete de 60 unit\u00e9s, id\u00e9al pour une utilisation r\u00e9guli\u00e8re.<\/p>\n<p><strong>Ingr\u00e9dients principaux :<\/strong> Extrait de sureau noir.<\/p>\n<p><strong>Utilisation :<\/strong> Prendre selon les indications sur l&#8217;emballage ou suivre les recommandations d&#8217;un professionnel. Convient parfaitement comme compl\u00e9ment dans le cadre d&#8217;un mode de vie actif et \u00e9quilibr\u00e9.<\/p>\n<p>Ces comprim\u00e9s sont un choix parfait pour ceux qui appr\u00e9cient les produits pratiques et issus d&#8217;ingr\u00e9dients naturels. Ils s&#8217;int\u00e8grent ais\u00e9ment dans votre routine quotidienne sans pr\u00e9tendre apporter des b\u00e9n\u00e9fices sp\u00e9cifiques pour la sant\u00e9.<\/p>\n","protected":false},"excerpt":{"rendered":"<p>Nature&#8217;s Answer &#8211; Sambucus Plus Chewables,Black Elderberry &#8211; 60 comprim\u00e9s \u00e0 croquer D\u00e9couvrez les comprim\u00e9s \u00e0 croquer Sambucus Plus de Nature&#8217;s Answer,une option pratique pour int\u00e9grer des ingr\u00e9dients naturels dans votre quotidien. Chaque tablette est formul\u00e9e avec soin aux \u00c9tats-Unis et contient un extrait de sureau noir, reconnu pour son origine naturelle et sa grande [&#8230;]\n","protected":false},"featured_media":291138,"comment_status":"open","ping_status":"open","template":"","meta":[],"product_brand":[5286],"product_cat":[5052,5094,5053],"product_tag":[],"class_list":{"0":"post-291137","1":"product","2":"type-product","3":"status-publish","4":"has-post-thumbnail","6":"product_brand-natures-answer-2","7":"product_cat-sante-et-bien-etre","8":"product_cat-supplements-a-base-de-plantes","9":"product_cat-vitamines-et-mineraux","11":"first","12":"instock","13":"taxable","14":"shipping-taxable","15":"purchasable","16":"product-type-simple"},"yoast_head":"<!-- This site is optimized with the Yoast SEO Premium plugin v27.3 (Yoast SEO v27.3) - https:\/\/yoast.com\/product\/yoast-seo-premium-wordpress\/ -->\n<title>R\u00e9ponse de la nature - Comprim\u00e9s \u00e0 m\u00e2cher Sambucus Plus, Sureau noir - 60 comprim\u00e9s \u00e0 m\u00e2cher - ECO Supplements<\/title>\n<meta name=\"description\" content=\"Wij hebben een ruime keuze aan producten van R\u00e9ponse de la nature - Comprim\u00e9s \u00e0 m\u00e2cher Sambucus Plus, Sureau noir - 60 comprim\u00e9s \u00e0 m\u00e2cher . Winkel bij Eco Supplements altijd gratis verzending boven 100\u20ac\" \/>\n<meta name=\"robots\" content=\"index, follow, max-snippet:-1, max-image-preview:large, max-video-preview:-1\" \/>\n<link rel=\"canonical\" href=\"https:\/\/ecosupplements.be\/fr\/produit\/natures-answer-sambucus-plus-chewables-black-elderberry-60-chewable-tablets\/\" \/>\n<meta property=\"og:locale\" content=\"fr_FR\" \/>\n<meta property=\"og:type\" content=\"article\" \/>\n<meta property=\"og:title\" content=\"R\u00e9ponse de la nature - Comprim\u00e9s \u00e0 m\u00e2cher Sambucus Plus, Sureau noir - 60 comprim\u00e9s \u00e0 m\u00e2cher\" \/>\n<meta property=\"og:description\" content=\"Wij hebben een ruime keuze aan producten van R\u00e9ponse de la nature - Comprim\u00e9s \u00e0 m\u00e2cher Sambucus Plus, Sureau noir - 60 comprim\u00e9s \u00e0 m\u00e2cher . Winkel bij Eco Supplements altijd gratis verzending boven 100\u20ac\" \/>\n<meta property=\"og:url\" content=\"https:\/\/ecosupplements.be\/fr\/produit\/natures-answer-sambucus-plus-chewables-black-elderberry-60-chewable-tablets\/\" \/>\n<meta property=\"og:site_name\" content=\"ECO Supplements\" \/>\n<meta property=\"article:modified_time\" content=\"2025-08-27T14:26:03+00:00\" \/>\n<meta property=\"og:image\" content=\"https:\/\/ecosupplements.be\/wp-content\/uploads\/2025\/08\/Natures-Answer-Sambucus-Plus-Chewables-Black-Elderberry-60-chewable-tablets.jpg\" \/>\n\t<meta property=\"og:image:width\" content=\"600\" \/>\n\t<meta property=\"og:image:height\" content=\"600\" \/>\n\t<meta property=\"og:image:type\" content=\"image\/jpeg\" \/>\n<meta name=\"twitter:card\" content=\"summary_large_image\" \/>\n<meta name=\"twitter:label1\" content=\"Prix\" \/>\n\t<meta name=\"twitter:data1\" content=\"9.32&nbsp;&euro;\" \/>\n\t<meta name=\"twitter:label2\" content=\"Disponibilit\u00e9\" \/>\n\t<meta name=\"twitter:data2\" content=\"En stock\" \/>\n<script type=\"application\/ld+json\" class=\"yoast-schema-graph\">{\"@context\":\"https:\\\/\\\/schema.org\",\"@graph\":[{\"@type\":[\"WebPage\",\"ItemPage\"],\"@id\":\"https:\\\/\\\/ecosupplements.be\\\/fr\\\/produit\\\/natures-answer-sambucus-plus-chewables-black-elderberry-60-chewable-tablets\\\/\",\"url\":\"https:\\\/\\\/ecosupplements.be\\\/fr\\\/produit\\\/natures-answer-sambucus-plus-chewables-black-elderberry-60-chewable-tablets\\\/\",\"name\":\"R\u00e9ponse de la nature - Comprim\u00e9s \u00e0 m\u00e2cher Sambucus Plus, Sureau noir - 60 comprim\u00e9s \u00e0 m\u00e2cher - ECO Supplements\",\"isPartOf\":{\"@id\":\"https:\\\/\\\/ecosupplements.be\\\/fr\\\/#website\"},\"primaryImageOfPage\":{\"@id\":\"https:\\\/\\\/ecosupplements.be\\\/fr\\\/produit\\\/natures-answer-sambucus-plus-chewables-black-elderberry-60-chewable-tablets\\\/#primaryimage\"},\"image\":{\"@id\":\"https:\\\/\\\/ecosupplements.be\\\/fr\\\/produit\\\/natures-answer-sambucus-plus-chewables-black-elderberry-60-chewable-tablets\\\/#primaryimage\"},\"thumbnailUrl\":\"https:\\\/\\\/ecosupplements.be\\\/wp-content\\\/uploads\\\/2025\\\/08\\\/Natures-Answer-Sambucus-Plus-Chewables-Black-Elderberry-60-chewable-tablets.jpg\",\"datePublished\":\"2024-08-07T00:16:04+00:00\",\"dateModified\":\"2025-08-27T14:26:03+00:00\",\"description\":\"Wij hebben een ruime keuze aan producten van R\u00e9ponse de la nature - Comprim\u00e9s \u00e0 m\u00e2cher Sambucus Plus, Sureau noir - 60 comprim\u00e9s \u00e0 m\u00e2cher . Winkel bij Eco Supplements altijd gratis verzending boven 100\u20ac\",\"breadcrumb\":{\"@id\":\"https:\\\/\\\/ecosupplements.be\\\/fr\\\/produit\\\/natures-answer-sambucus-plus-chewables-black-elderberry-60-chewable-tablets\\\/#breadcrumb\"},\"inLanguage\":\"fr-FR\",\"potentialAction\":[{\"@type\":\"ReadAction\",\"target\":[\"https:\\\/\\\/ecosupplements.be\\\/fr\\\/produit\\\/natures-answer-sambucus-plus-chewables-black-elderberry-60-chewable-tablets\\\/\"]}]},{\"@type\":\"ImageObject\",\"inLanguage\":\"fr-FR\",\"@id\":\"https:\\\/\\\/ecosupplements.be\\\/fr\\\/produit\\\/natures-answer-sambucus-plus-chewables-black-elderberry-60-chewable-tablets\\\/#primaryimage\",\"url\":\"https:\\\/\\\/ecosupplements.be\\\/wp-content\\\/uploads\\\/2025\\\/08\\\/Natures-Answer-Sambucus-Plus-Chewables-Black-Elderberry-60-chewable-tablets.jpg\",\"contentUrl\":\"https:\\\/\\\/ecosupplements.be\\\/wp-content\\\/uploads\\\/2025\\\/08\\\/Natures-Answer-Sambucus-Plus-Chewables-Black-Elderberry-60-chewable-tablets.jpg\",\"width\":600,\"height\":600},{\"@type\":\"BreadcrumbList\",\"@id\":\"https:\\\/\\\/ecosupplements.be\\\/fr\\\/produit\\\/natures-answer-sambucus-plus-chewables-black-elderberry-60-chewable-tablets\\\/#breadcrumb\",\"itemListElement\":[{\"@type\":\"ListItem\",\"position\":1,\"name\":\"Home\",\"item\":\"https:\\\/\\\/ecosupplements.be\\\/fr\\\/\"},{\"@type\":\"ListItem\",\"position\":2,\"name\":\"Boutique\",\"item\":\"https:\\\/\\\/ecosupplements.be\\\/fr\\\/boutique\\\/\"},{\"@type\":\"ListItem\",\"position\":3,\"name\":\"R\u00e9ponse de la nature &#8211; Comprim\u00e9s \u00e0 m\u00e2cher Sambucus Plus, Sureau noir &#8211; 60 comprim\u00e9s \u00e0 m\u00e2cher\"}]},{\"@type\":\"WebSite\",\"@id\":\"https:\\\/\\\/ecosupplements.be\\\/fr\\\/#website\",\"url\":\"https:\\\/\\\/ecosupplements.be\\\/fr\\\/\",\"name\":\"ECO Supplements\",\"description\":\"Eco Supplements - Gezonde supplementen\",\"publisher\":{\"@id\":\"https:\\\/\\\/ecosupplements.be\\\/fr\\\/#organization\"},\"potentialAction\":[{\"@type\":\"SearchAction\",\"target\":{\"@type\":\"EntryPoint\",\"urlTemplate\":\"https:\\\/\\\/ecosupplements.be\\\/fr\\\/?s={search_term_string}\"},\"query-input\":{\"@type\":\"PropertyValueSpecification\",\"valueRequired\":true,\"valueName\":\"search_term_string\"}}],\"inLanguage\":\"fr-FR\"},{\"@type\":\"Organization\",\"@id\":\"https:\\\/\\\/ecosupplements.be\\\/fr\\\/#organization\",\"name\":\"Eco Supplements\",\"url\":\"https:\\\/\\\/ecosupplements.be\\\/fr\\\/\",\"logo\":{\"@type\":\"ImageObject\",\"inLanguage\":\"fr-FR\",\"@id\":\"https:\\\/\\\/ecosupplements.be\\\/fr\\\/#\\\/schema\\\/logo\\\/image\\\/\",\"url\":\"https:\\\/\\\/ecosupplements.be\\\/wp-content\\\/uploads\\\/2022\\\/06\\\/ecosupplement-family.png\",\"contentUrl\":\"https:\\\/\\\/ecosupplements.be\\\/wp-content\\\/uploads\\\/2022\\\/06\\\/ecosupplement-family.png\",\"width\":593,\"height\":374,\"caption\":\"Eco Supplements\"},\"image\":{\"@id\":\"https:\\\/\\\/ecosupplements.be\\\/fr\\\/#\\\/schema\\\/logo\\\/image\\\/\"}}]}<\/script>\n<meta property=\"product:brand\" content=\"Nature&#039;s Answer\" \/>\n<meta property=\"product:price:amount\" content=\"9.32\" \/>\n<meta property=\"product:price:currency\" content=\"EUR\" \/>\n<meta property=\"og:availability\" content=\"instock\" \/>\n<meta property=\"product:availability\" content=\"instock\" \/>\n<meta property=\"product:retailer_item_id\" content=\"083000269349\" \/>\n<meta property=\"product:condition\" content=\"new\" \/>\n<!-- \/ Yoast SEO Premium plugin. -->","yoast_head_json":{"title":"R\u00e9ponse de la nature - Comprim\u00e9s \u00e0 m\u00e2cher Sambucus Plus, Sureau noir - 60 comprim\u00e9s \u00e0 m\u00e2cher - ECO Supplements","description":"Wij hebben een ruime keuze aan producten van R\u00e9ponse de la nature - Comprim\u00e9s \u00e0 m\u00e2cher Sambucus Plus, Sureau noir - 60 comprim\u00e9s \u00e0 m\u00e2cher . Winkel bij Eco Supplements altijd gratis verzending boven 100\u20ac","robots":{"index":"index","follow":"follow","max-snippet":"max-snippet:-1","max-image-preview":"max-image-preview:large","max-video-preview":"max-video-preview:-1"},"canonical":"https:\/\/ecosupplements.be\/fr\/produit\/natures-answer-sambucus-plus-chewables-black-elderberry-60-chewable-tablets\/","og_locale":"fr_FR","og_type":"article","og_title":"R\u00e9ponse de la nature - Comprim\u00e9s \u00e0 m\u00e2cher Sambucus Plus, Sureau noir - 60 comprim\u00e9s \u00e0 m\u00e2cher","og_description":"Wij hebben een ruime keuze aan producten van R\u00e9ponse de la nature - Comprim\u00e9s \u00e0 m\u00e2cher Sambucus Plus, Sureau noir - 60 comprim\u00e9s \u00e0 m\u00e2cher . Winkel bij Eco Supplements altijd gratis verzending boven 100\u20ac","og_url":"https:\/\/ecosupplements.be\/fr\/produit\/natures-answer-sambucus-plus-chewables-black-elderberry-60-chewable-tablets\/","og_site_name":"ECO Supplements","article_modified_time":"2025-08-27T14:26:03+00:00","og_image":[{"width":600,"height":600,"url":"https:\/\/ecosupplements.be\/wp-content\/uploads\/2025\/08\/Natures-Answer-Sambucus-Plus-Chewables-Black-Elderberry-60-chewable-tablets.jpg","type":"image\/jpeg"}],"twitter_card":"summary_large_image","twitter_misc":{"Prix":"9.32&nbsp;&euro;","Disponibilit\u00e9":"En stock"},"schema":{"@context":"https:\/\/schema.org","@graph":[{"@type":["WebPage","ItemPage"],"@id":"https:\/\/ecosupplements.be\/fr\/produit\/natures-answer-sambucus-plus-chewables-black-elderberry-60-chewable-tablets\/","url":"https:\/\/ecosupplements.be\/fr\/produit\/natures-answer-sambucus-plus-chewables-black-elderberry-60-chewable-tablets\/","name":"R\u00e9ponse de la nature - Comprim\u00e9s \u00e0 m\u00e2cher Sambucus Plus, Sureau noir - 60 comprim\u00e9s \u00e0 m\u00e2cher - ECO Supplements","isPartOf":{"@id":"https:\/\/ecosupplements.be\/fr\/#website"},"primaryImageOfPage":{"@id":"https:\/\/ecosupplements.be\/fr\/produit\/natures-answer-sambucus-plus-chewables-black-elderberry-60-chewable-tablets\/#primaryimage"},"image":{"@id":"https:\/\/ecosupplements.be\/fr\/produit\/natures-answer-sambucus-plus-chewables-black-elderberry-60-chewable-tablets\/#primaryimage"},"thumbnailUrl":"https:\/\/ecosupplements.be\/wp-content\/uploads\/2025\/08\/Natures-Answer-Sambucus-Plus-Chewables-Black-Elderberry-60-chewable-tablets.jpg","datePublished":"2024-08-07T00:16:04+00:00","dateModified":"2025-08-27T14:26:03+00:00","description":"Wij hebben een ruime keuze aan producten van R\u00e9ponse de la nature - Comprim\u00e9s \u00e0 m\u00e2cher Sambucus Plus, Sureau noir - 60 comprim\u00e9s \u00e0 m\u00e2cher . Winkel bij Eco Supplements altijd gratis verzending boven 100\u20ac","breadcrumb":{"@id":"https:\/\/ecosupplements.be\/fr\/produit\/natures-answer-sambucus-plus-chewables-black-elderberry-60-chewable-tablets\/#breadcrumb"},"inLanguage":"fr-FR","potentialAction":[{"@type":"ReadAction","target":["https:\/\/ecosupplements.be\/fr\/produit\/natures-answer-sambucus-plus-chewables-black-elderberry-60-chewable-tablets\/"]}]},{"@type":"ImageObject","inLanguage":"fr-FR","@id":"https:\/\/ecosupplements.be\/fr\/produit\/natures-answer-sambucus-plus-chewables-black-elderberry-60-chewable-tablets\/#primaryimage","url":"https:\/\/ecosupplements.be\/wp-content\/uploads\/2025\/08\/Natures-Answer-Sambucus-Plus-Chewables-Black-Elderberry-60-chewable-tablets.jpg","contentUrl":"https:\/\/ecosupplements.be\/wp-content\/uploads\/2025\/08\/Natures-Answer-Sambucus-Plus-Chewables-Black-Elderberry-60-chewable-tablets.jpg","width":600,"height":600},{"@type":"BreadcrumbList","@id":"https:\/\/ecosupplements.be\/fr\/produit\/natures-answer-sambucus-plus-chewables-black-elderberry-60-chewable-tablets\/#breadcrumb","itemListElement":[{"@type":"ListItem","position":1,"name":"Home","item":"https:\/\/ecosupplements.be\/fr\/"},{"@type":"ListItem","position":2,"name":"Boutique","item":"https:\/\/ecosupplements.be\/fr\/boutique\/"},{"@type":"ListItem","position":3,"name":"R\u00e9ponse de la nature &#8211; Comprim\u00e9s \u00e0 m\u00e2cher Sambucus Plus, Sureau noir &#8211; 60 comprim\u00e9s \u00e0 m\u00e2cher"}]},{"@type":"WebSite","@id":"https:\/\/ecosupplements.be\/fr\/#website","url":"https:\/\/ecosupplements.be\/fr\/","name":"ECO Supplements","description":"Eco Supplements - Gezonde supplementen","publisher":{"@id":"https:\/\/ecosupplements.be\/fr\/#organization"},"potentialAction":[{"@type":"SearchAction","target":{"@type":"EntryPoint","urlTemplate":"https:\/\/ecosupplements.be\/fr\/?s={search_term_string}"},"query-input":{"@type":"PropertyValueSpecification","valueRequired":true,"valueName":"search_term_string"}}],"inLanguage":"fr-FR"},{"@type":"Organization","@id":"https:\/\/ecosupplements.be\/fr\/#organization","name":"Eco Supplements","url":"https:\/\/ecosupplements.be\/fr\/","logo":{"@type":"ImageObject","inLanguage":"fr-FR","@id":"https:\/\/ecosupplements.be\/fr\/#\/schema\/logo\/image\/","url":"https:\/\/ecosupplements.be\/wp-content\/uploads\/2022\/06\/ecosupplement-family.png","contentUrl":"https:\/\/ecosupplements.be\/wp-content\/uploads\/2022\/06\/ecosupplement-family.png","width":593,"height":374,"caption":"Eco Supplements"},"image":{"@id":"https:\/\/ecosupplements.be\/fr\/#\/schema\/logo\/image\/"}}]},"product_brand":"Nature's Answer","product_price_amount":"9.32","product_price_currency":"EUR","og_availability":"instock","product_availability":"instock","product_retailer_item_id":"083000269349","product_condition":"new"},"_links":{"self":[{"href":"https:\/\/ecosupplements.be\/fr\/wp-json\/wp\/v2\/product\/291137","targetHints":{"allow":["GET"]}}],"collection":[{"href":"https:\/\/ecosupplements.be\/fr\/wp-json\/wp\/v2\/product"}],"about":[{"href":"https:\/\/ecosupplements.be\/fr\/wp-json\/wp\/v2\/types\/product"}],"replies":[{"embeddable":true,"href":"https:\/\/ecosupplements.be\/fr\/wp-json\/wp\/v2\/comments?post=291137"}],"wp:featuredmedia":[{"embeddable":true,"href":"https:\/\/ecosupplements.be\/fr\/wp-json\/wp\/v2\/media\/291138"}],"wp:attachment":[{"href":"https:\/\/ecosupplements.be\/fr\/wp-json\/wp\/v2\/media?parent=291137"}],"wp:term":[{"taxonomy":"product_brand","embeddable":true,"href":"https:\/\/ecosupplements.be\/fr\/wp-json\/wp\/v2\/product_brand?post=291137"},{"taxonomy":"product_cat","embeddable":true,"href":"https:\/\/ecosupplements.be\/fr\/wp-json\/wp\/v2\/product_cat?post=291137"},{"taxonomy":"product_tag","embeddable":true,"href":"https:\/\/ecosupplements.be\/fr\/wp-json\/wp\/v2\/product_tag?post=291137"}],"curies":[{"name":"wp","href":"https:\/\/api.w.org\/{rel}","templated":true}]}}