{"id":291248,"date":"2024-07-05T01:20:25","date_gmt":"2024-07-05T00:20:25","guid":{"rendered":"https:\/\/ecosupplements.be\/product\/nordic-naturals-ultimate-omega-2x-fish-oil-teen-strawberry-60-mini-softgels\/"},"modified":"2025-08-27T15:27:50","modified_gmt":"2025-08-27T14:27:50","slug":"nordic-naturals-ultimate-omega-2x-fish-oil-teen-strawberry-60-mini-softgels","status":"publish","type":"product","link":"https:\/\/ecosupplements.be\/fr\/produit\/nordic-naturals-ultimate-omega-2x-fish-oil-teen-strawberry-60-mini-softgels\/","title":{"rendered":"Nordic Naturals &#8211; Om\u00e9ga 2X Ultime pour Ados \u00e0 l&#8217;Huile de Poisson, Ar\u00f4me de Fraise &#8211; 60 mini g\u00e9lules molles"},"content":{"rendered":"<p><strong>Nom du produit :<\/strong> Nordic Naturals &#8211; Ultimate omega 2X Fish Oil TEEN, Strawberry &#8211; 60 mini softgels<\/p>\n<p><strong>Description :<\/strong> D\u00e9couvrez le choix naturel pour un quotidien dynamique avec les mini softgels \u00e0 l&#8217;huile de poisson Ultimate Omega 2X TEEN au go\u00fbt de fraise. Con\u00e7us aux \u00c9tats-Unis, ces softgels sont formul\u00e9s \u00e0 partir d&#8217;ingr\u00e9dients de haute puret\u00e9 et d&#8217;origine naturelle.<\/p>\n<p><strong>Ingr\u00e9dients principaux :<\/strong> Chaque softgel contient une s\u00e9lection raffin\u00e9e d&#8217;huile de poisson, encapsul\u00e9e dans une g\u00e9latine douce et agr\u00e9able au go\u00fbt de fraise, sans ar\u00f4mes artificiels.<\/p>\n<p><strong>Contenu et emballage :<\/strong> Ce produit est pr\u00e9sent\u00e9 dans un emballage contenant 60 mini softgels, con\u00e7u pour \u00eatre pratique et facile \u00e0 utiliser au quotidien.<\/p>\n<p><strong>Utilisation :<\/strong> pour une utilisation optimale, suivre les indications sur l&#8217;emballage concernant la dose journali\u00e8re recommand\u00e9e.<\/p>\n<p><strong>Caract\u00e9ristiques pratiques :<\/strong> Les mini softgels sont faciles \u00e0 avaler et offrent une exp\u00e9rience gustative agr\u00e9able gr\u00e2ce au go\u00fbt naturel de fraise. Ils s&#8217;int\u00e8grent ais\u00e9ment dans votre routine quotidienne sans d\u00e9sagr\u00e9ment.<\/p>\n<p>Ce produit est un excellent choix pour ceux qui appr\u00e9cient les ingr\u00e9dients naturels dans leur mode de vie actif. Il combine qualit\u00e9 sup\u00e9rieure et praticit\u00e9, tout en respectant votre rythme de vie dynamique.<\/p>\n","protected":false},"excerpt":{"rendered":"<p>Nom du produit : Nordic Naturals &#8211; Ultimate omega 2X Fish Oil TEEN, Strawberry &#8211; 60 mini softgels Description : D\u00e9couvrez le choix naturel pour un quotidien dynamique avec les mini softgels \u00e0 l&#8217;huile de poisson Ultimate Omega 2X TEEN au go\u00fbt de fraise. Con\u00e7us aux \u00c9tats-Unis, ces softgels sont formul\u00e9s \u00e0 partir d&#8217;ingr\u00e9dients de [&#8230;]\n","protected":false},"featured_media":266019,"comment_status":"open","ping_status":"open","template":"","meta":[],"product_brand":[4860],"product_cat":[5082,5053],"product_tag":[],"class_list":{"0":"post-291248","1":"product","2":"type-product","3":"status-publish","4":"has-post-thumbnail","6":"product_brand-nordic-naturals-2","7":"product_cat-omegas-efa-cla-huiles","8":"product_cat-vitamines-et-mineraux","10":"first","11":"instock","12":"taxable","13":"shipping-taxable","14":"purchasable","15":"product-type-simple"},"yoast_head":"<!-- This site is optimized with the Yoast SEO Premium plugin v27.3 (Yoast SEO v27.3) - https:\/\/yoast.com\/product\/yoast-seo-premium-wordpress\/ -->\n<title>Nordic Naturals - Om\u00e9ga 2X Ultime pour Ados \u00e0 l&#039;Huile de Poisson, Ar\u00f4me de Fraise - 60 mini g\u00e9lules molles - ECO Supplements<\/title>\n<meta name=\"description\" content=\"Wij hebben een ruime keuze aan producten van Nordic Naturals - Om\u00e9ga 2X Ultime pour Ados \u00e0 l&#039;Huile de Poisson, Ar\u00f4me de Fraise - 60 mini g\u00e9lules molles . Winkel bij Eco Supplements altijd gratis verzending boven 100\u20ac\" \/>\n<meta name=\"robots\" content=\"index, follow, max-snippet:-1, max-image-preview:large, max-video-preview:-1\" \/>\n<link rel=\"canonical\" href=\"https:\/\/ecosupplements.be\/fr\/produit\/nordic-naturals-ultimate-omega-2x-fish-oil-teen-strawberry-60-mini-softgels\/\" \/>\n<meta property=\"og:locale\" content=\"fr_FR\" \/>\n<meta property=\"og:type\" content=\"article\" \/>\n<meta property=\"og:title\" content=\"Nordic Naturals - Om\u00e9ga 2X Ultime pour Ados \u00e0 l&#039;Huile de Poisson, Ar\u00f4me de Fraise - 60 mini g\u00e9lules molles\" \/>\n<meta property=\"og:description\" content=\"Wij hebben een ruime keuze aan producten van Nordic Naturals - Om\u00e9ga 2X Ultime pour Ados \u00e0 l&#039;Huile de Poisson, Ar\u00f4me de Fraise - 60 mini g\u00e9lules molles . Winkel bij Eco Supplements altijd gratis verzending boven 100\u20ac\" \/>\n<meta property=\"og:url\" content=\"https:\/\/ecosupplements.be\/fr\/produit\/nordic-naturals-ultimate-omega-2x-fish-oil-teen-strawberry-60-mini-softgels\/\" \/>\n<meta property=\"og:site_name\" content=\"ECO Supplements\" \/>\n<meta property=\"article:modified_time\" content=\"2025-08-27T14:27:50+00:00\" \/>\n<meta property=\"og:image\" content=\"https:\/\/ecosupplements.be\/wp-content\/uploads\/2025\/08\/Nordic-Naturals-Ultimate-Omega-2X-Fish-Oil-TEEN-Strawberry-60-mini-softgels.jpg\" \/>\n\t<meta property=\"og:image:width\" content=\"431\" \/>\n\t<meta property=\"og:image:height\" content=\"617\" \/>\n\t<meta property=\"og:image:type\" content=\"image\/jpeg\" \/>\n<meta name=\"twitter:card\" content=\"summary_large_image\" \/>\n<meta name=\"twitter:label1\" content=\"Prix\" \/>\n\t<meta name=\"twitter:data1\" content=\"38.79&nbsp;&euro;\" \/>\n\t<meta name=\"twitter:label2\" content=\"Disponibilit\u00e9\" \/>\n\t<meta name=\"twitter:data2\" content=\"En stock\" \/>\n<script type=\"application\/ld+json\" class=\"yoast-schema-graph\">{\"@context\":\"https:\\\/\\\/schema.org\",\"@graph\":[{\"@type\":[\"WebPage\",\"ItemPage\"],\"@id\":\"https:\\\/\\\/ecosupplements.be\\\/fr\\\/produit\\\/nordic-naturals-ultimate-omega-2x-fish-oil-teen-strawberry-60-mini-softgels\\\/\",\"url\":\"https:\\\/\\\/ecosupplements.be\\\/fr\\\/produit\\\/nordic-naturals-ultimate-omega-2x-fish-oil-teen-strawberry-60-mini-softgels\\\/\",\"name\":\"Nordic Naturals - Om\u00e9ga 2X Ultime pour Ados \u00e0 l'Huile de Poisson, Ar\u00f4me de Fraise - 60 mini g\u00e9lules molles - ECO Supplements\",\"isPartOf\":{\"@id\":\"https:\\\/\\\/ecosupplements.be\\\/fr\\\/#website\"},\"primaryImageOfPage\":{\"@id\":\"https:\\\/\\\/ecosupplements.be\\\/fr\\\/produit\\\/nordic-naturals-ultimate-omega-2x-fish-oil-teen-strawberry-60-mini-softgels\\\/#primaryimage\"},\"image\":{\"@id\":\"https:\\\/\\\/ecosupplements.be\\\/fr\\\/produit\\\/nordic-naturals-ultimate-omega-2x-fish-oil-teen-strawberry-60-mini-softgels\\\/#primaryimage\"},\"thumbnailUrl\":\"https:\\\/\\\/ecosupplements.be\\\/wp-content\\\/uploads\\\/2025\\\/08\\\/Ultimate-Omega-2X-Fish-Oil-TEEN-Strawberry-EAN-768990891212-60-mini-softgels.jpg\",\"datePublished\":\"2024-07-05T00:20:25+00:00\",\"dateModified\":\"2025-08-27T14:27:50+00:00\",\"description\":\"Wij hebben een ruime keuze aan producten van Nordic Naturals - Om\u00e9ga 2X Ultime pour Ados \u00e0 l'Huile de Poisson, Ar\u00f4me de Fraise - 60 mini g\u00e9lules molles . Winkel bij Eco Supplements altijd gratis verzending boven 100\u20ac\",\"breadcrumb\":{\"@id\":\"https:\\\/\\\/ecosupplements.be\\\/fr\\\/produit\\\/nordic-naturals-ultimate-omega-2x-fish-oil-teen-strawberry-60-mini-softgels\\\/#breadcrumb\"},\"inLanguage\":\"fr-FR\",\"potentialAction\":[{\"@type\":\"ReadAction\",\"target\":[\"https:\\\/\\\/ecosupplements.be\\\/fr\\\/produit\\\/nordic-naturals-ultimate-omega-2x-fish-oil-teen-strawberry-60-mini-softgels\\\/\"]}]},{\"@type\":\"ImageObject\",\"inLanguage\":\"fr-FR\",\"@id\":\"https:\\\/\\\/ecosupplements.be\\\/fr\\\/produit\\\/nordic-naturals-ultimate-omega-2x-fish-oil-teen-strawberry-60-mini-softgels\\\/#primaryimage\",\"url\":\"https:\\\/\\\/ecosupplements.be\\\/wp-content\\\/uploads\\\/2025\\\/08\\\/Ultimate-Omega-2X-Fish-Oil-TEEN-Strawberry-EAN-768990891212-60-mini-softgels.jpg\",\"contentUrl\":\"https:\\\/\\\/ecosupplements.be\\\/wp-content\\\/uploads\\\/2025\\\/08\\\/Ultimate-Omega-2X-Fish-Oil-TEEN-Strawberry-EAN-768990891212-60-mini-softgels.jpg\",\"width\":433,\"height\":577},{\"@type\":\"BreadcrumbList\",\"@id\":\"https:\\\/\\\/ecosupplements.be\\\/fr\\\/produit\\\/nordic-naturals-ultimate-omega-2x-fish-oil-teen-strawberry-60-mini-softgels\\\/#breadcrumb\",\"itemListElement\":[{\"@type\":\"ListItem\",\"position\":1,\"name\":\"Home\",\"item\":\"https:\\\/\\\/ecosupplements.be\\\/fr\\\/\"},{\"@type\":\"ListItem\",\"position\":2,\"name\":\"Boutique\",\"item\":\"https:\\\/\\\/ecosupplements.be\\\/fr\\\/boutique\\\/\"},{\"@type\":\"ListItem\",\"position\":3,\"name\":\"Nordic Naturals &#8211; Om\u00e9ga 2X Ultime pour Ados \u00e0 l&#8217;Huile de Poisson, Ar\u00f4me de Fraise &#8211; 60 mini g\u00e9lules molles\"}]},{\"@type\":\"WebSite\",\"@id\":\"https:\\\/\\\/ecosupplements.be\\\/fr\\\/#website\",\"url\":\"https:\\\/\\\/ecosupplements.be\\\/fr\\\/\",\"name\":\"ECO Supplements\",\"description\":\"Eco Supplements - Gezonde supplementen\",\"publisher\":{\"@id\":\"https:\\\/\\\/ecosupplements.be\\\/fr\\\/#organization\"},\"potentialAction\":[{\"@type\":\"SearchAction\",\"target\":{\"@type\":\"EntryPoint\",\"urlTemplate\":\"https:\\\/\\\/ecosupplements.be\\\/fr\\\/?s={search_term_string}\"},\"query-input\":{\"@type\":\"PropertyValueSpecification\",\"valueRequired\":true,\"valueName\":\"search_term_string\"}}],\"inLanguage\":\"fr-FR\"},{\"@type\":\"Organization\",\"@id\":\"https:\\\/\\\/ecosupplements.be\\\/fr\\\/#organization\",\"name\":\"Eco Supplements\",\"url\":\"https:\\\/\\\/ecosupplements.be\\\/fr\\\/\",\"logo\":{\"@type\":\"ImageObject\",\"inLanguage\":\"fr-FR\",\"@id\":\"https:\\\/\\\/ecosupplements.be\\\/fr\\\/#\\\/schema\\\/logo\\\/image\\\/\",\"url\":\"https:\\\/\\\/ecosupplements.be\\\/wp-content\\\/uploads\\\/2022\\\/06\\\/ecosupplement-family.png\",\"contentUrl\":\"https:\\\/\\\/ecosupplements.be\\\/wp-content\\\/uploads\\\/2022\\\/06\\\/ecosupplement-family.png\",\"width\":593,\"height\":374,\"caption\":\"Eco Supplements\"},\"image\":{\"@id\":\"https:\\\/\\\/ecosupplements.be\\\/fr\\\/#\\\/schema\\\/logo\\\/image\\\/\"}}]}<\/script>\n<meta property=\"product:brand\" content=\"Nordic Naturals\" \/>\n<meta property=\"product:price:amount\" content=\"38.79\" \/>\n<meta property=\"product:price:currency\" content=\"EUR\" \/>\n<meta property=\"og:availability\" content=\"instock\" \/>\n<meta property=\"product:availability\" content=\"instock\" \/>\n<meta property=\"product:retailer_item_id\" content=\"768990891212\" \/>\n<meta property=\"product:condition\" content=\"new\" \/>\n<!-- \/ Yoast SEO Premium plugin. -->","yoast_head_json":{"title":"Nordic Naturals - Om\u00e9ga 2X Ultime pour Ados \u00e0 l'Huile de Poisson, Ar\u00f4me de Fraise - 60 mini g\u00e9lules molles - ECO Supplements","description":"Wij hebben een ruime keuze aan producten van Nordic Naturals - Om\u00e9ga 2X Ultime pour Ados \u00e0 l'Huile de Poisson, Ar\u00f4me de Fraise - 60 mini g\u00e9lules molles . Winkel bij Eco Supplements altijd gratis verzending boven 100\u20ac","robots":{"index":"index","follow":"follow","max-snippet":"max-snippet:-1","max-image-preview":"max-image-preview:large","max-video-preview":"max-video-preview:-1"},"canonical":"https:\/\/ecosupplements.be\/fr\/produit\/nordic-naturals-ultimate-omega-2x-fish-oil-teen-strawberry-60-mini-softgels\/","og_locale":"fr_FR","og_type":"article","og_title":"Nordic Naturals - Om\u00e9ga 2X Ultime pour Ados \u00e0 l'Huile de Poisson, Ar\u00f4me de Fraise - 60 mini g\u00e9lules molles","og_description":"Wij hebben een ruime keuze aan producten van Nordic Naturals - Om\u00e9ga 2X Ultime pour Ados \u00e0 l'Huile de Poisson, Ar\u00f4me de Fraise - 60 mini g\u00e9lules molles . Winkel bij Eco Supplements altijd gratis verzending boven 100\u20ac","og_url":"https:\/\/ecosupplements.be\/fr\/produit\/nordic-naturals-ultimate-omega-2x-fish-oil-teen-strawberry-60-mini-softgels\/","og_site_name":"ECO Supplements","article_modified_time":"2025-08-27T14:27:50+00:00","og_image":[{"width":431,"height":617,"url":"https:\/\/ecosupplements.be\/wp-content\/uploads\/2025\/08\/Nordic-Naturals-Ultimate-Omega-2X-Fish-Oil-TEEN-Strawberry-60-mini-softgels.jpg","type":"image\/jpeg"}],"twitter_card":"summary_large_image","twitter_misc":{"Prix":"38.79&nbsp;&euro;","Disponibilit\u00e9":"En stock"},"schema":{"@context":"https:\/\/schema.org","@graph":[{"@type":["WebPage","ItemPage"],"@id":"https:\/\/ecosupplements.be\/fr\/produit\/nordic-naturals-ultimate-omega-2x-fish-oil-teen-strawberry-60-mini-softgels\/","url":"https:\/\/ecosupplements.be\/fr\/produit\/nordic-naturals-ultimate-omega-2x-fish-oil-teen-strawberry-60-mini-softgels\/","name":"Nordic Naturals - Om\u00e9ga 2X Ultime pour Ados \u00e0 l'Huile de Poisson, Ar\u00f4me de Fraise - 60 mini g\u00e9lules molles - ECO Supplements","isPartOf":{"@id":"https:\/\/ecosupplements.be\/fr\/#website"},"primaryImageOfPage":{"@id":"https:\/\/ecosupplements.be\/fr\/produit\/nordic-naturals-ultimate-omega-2x-fish-oil-teen-strawberry-60-mini-softgels\/#primaryimage"},"image":{"@id":"https:\/\/ecosupplements.be\/fr\/produit\/nordic-naturals-ultimate-omega-2x-fish-oil-teen-strawberry-60-mini-softgels\/#primaryimage"},"thumbnailUrl":"https:\/\/ecosupplements.be\/wp-content\/uploads\/2025\/08\/Ultimate-Omega-2X-Fish-Oil-TEEN-Strawberry-EAN-768990891212-60-mini-softgels.jpg","datePublished":"2024-07-05T00:20:25+00:00","dateModified":"2025-08-27T14:27:50+00:00","description":"Wij hebben een ruime keuze aan producten van Nordic Naturals - Om\u00e9ga 2X Ultime pour Ados \u00e0 l'Huile de Poisson, Ar\u00f4me de Fraise - 60 mini g\u00e9lules molles . Winkel bij Eco Supplements altijd gratis verzending boven 100\u20ac","breadcrumb":{"@id":"https:\/\/ecosupplements.be\/fr\/produit\/nordic-naturals-ultimate-omega-2x-fish-oil-teen-strawberry-60-mini-softgels\/#breadcrumb"},"inLanguage":"fr-FR","potentialAction":[{"@type":"ReadAction","target":["https:\/\/ecosupplements.be\/fr\/produit\/nordic-naturals-ultimate-omega-2x-fish-oil-teen-strawberry-60-mini-softgels\/"]}]},{"@type":"ImageObject","inLanguage":"fr-FR","@id":"https:\/\/ecosupplements.be\/fr\/produit\/nordic-naturals-ultimate-omega-2x-fish-oil-teen-strawberry-60-mini-softgels\/#primaryimage","url":"https:\/\/ecosupplements.be\/wp-content\/uploads\/2025\/08\/Ultimate-Omega-2X-Fish-Oil-TEEN-Strawberry-EAN-768990891212-60-mini-softgels.jpg","contentUrl":"https:\/\/ecosupplements.be\/wp-content\/uploads\/2025\/08\/Ultimate-Omega-2X-Fish-Oil-TEEN-Strawberry-EAN-768990891212-60-mini-softgels.jpg","width":433,"height":577},{"@type":"BreadcrumbList","@id":"https:\/\/ecosupplements.be\/fr\/produit\/nordic-naturals-ultimate-omega-2x-fish-oil-teen-strawberry-60-mini-softgels\/#breadcrumb","itemListElement":[{"@type":"ListItem","position":1,"name":"Home","item":"https:\/\/ecosupplements.be\/fr\/"},{"@type":"ListItem","position":2,"name":"Boutique","item":"https:\/\/ecosupplements.be\/fr\/boutique\/"},{"@type":"ListItem","position":3,"name":"Nordic Naturals &#8211; Om\u00e9ga 2X Ultime pour Ados \u00e0 l&#8217;Huile de Poisson, Ar\u00f4me de Fraise &#8211; 60 mini g\u00e9lules molles"}]},{"@type":"WebSite","@id":"https:\/\/ecosupplements.be\/fr\/#website","url":"https:\/\/ecosupplements.be\/fr\/","name":"ECO Supplements","description":"Eco Supplements - Gezonde supplementen","publisher":{"@id":"https:\/\/ecosupplements.be\/fr\/#organization"},"potentialAction":[{"@type":"SearchAction","target":{"@type":"EntryPoint","urlTemplate":"https:\/\/ecosupplements.be\/fr\/?s={search_term_string}"},"query-input":{"@type":"PropertyValueSpecification","valueRequired":true,"valueName":"search_term_string"}}],"inLanguage":"fr-FR"},{"@type":"Organization","@id":"https:\/\/ecosupplements.be\/fr\/#organization","name":"Eco Supplements","url":"https:\/\/ecosupplements.be\/fr\/","logo":{"@type":"ImageObject","inLanguage":"fr-FR","@id":"https:\/\/ecosupplements.be\/fr\/#\/schema\/logo\/image\/","url":"https:\/\/ecosupplements.be\/wp-content\/uploads\/2022\/06\/ecosupplement-family.png","contentUrl":"https:\/\/ecosupplements.be\/wp-content\/uploads\/2022\/06\/ecosupplement-family.png","width":593,"height":374,"caption":"Eco Supplements"},"image":{"@id":"https:\/\/ecosupplements.be\/fr\/#\/schema\/logo\/image\/"}}]},"product_brand":"Nordic Naturals","product_price_amount":"38.79","product_price_currency":"EUR","og_availability":"instock","product_availability":"instock","product_retailer_item_id":"768990891212","product_condition":"new"},"_links":{"self":[{"href":"https:\/\/ecosupplements.be\/fr\/wp-json\/wp\/v2\/product\/291248","targetHints":{"allow":["GET"]}}],"collection":[{"href":"https:\/\/ecosupplements.be\/fr\/wp-json\/wp\/v2\/product"}],"about":[{"href":"https:\/\/ecosupplements.be\/fr\/wp-json\/wp\/v2\/types\/product"}],"replies":[{"embeddable":true,"href":"https:\/\/ecosupplements.be\/fr\/wp-json\/wp\/v2\/comments?post=291248"}],"wp:featuredmedia":[{"embeddable":true,"href":"https:\/\/ecosupplements.be\/fr\/wp-json\/wp\/v2\/media\/266019"}],"wp:attachment":[{"href":"https:\/\/ecosupplements.be\/fr\/wp-json\/wp\/v2\/media?parent=291248"}],"wp:term":[{"taxonomy":"product_brand","embeddable":true,"href":"https:\/\/ecosupplements.be\/fr\/wp-json\/wp\/v2\/product_brand?post=291248"},{"taxonomy":"product_cat","embeddable":true,"href":"https:\/\/ecosupplements.be\/fr\/wp-json\/wp\/v2\/product_cat?post=291248"},{"taxonomy":"product_tag","embeddable":true,"href":"https:\/\/ecosupplements.be\/fr\/wp-json\/wp\/v2\/product_tag?post=291248"}],"curies":[{"name":"wp","href":"https:\/\/api.w.org\/{rel}","templated":true}]}}