{"id":291290,"date":"2025-04-13T17:00:45","date_gmt":"2025-04-13T16:00:45","guid":{"rendered":"https:\/\/ecosupplements.be\/product\/now-foods-essential-oil-turmeric-30-ml\/"},"modified":"2025-08-27T15:28:30","modified_gmt":"2025-08-27T14:28:30","slug":"now-foods-essential-oil-turmeric-30-ml","status":"publish","type":"product","link":"https:\/\/ecosupplements.be\/fr\/produit\/now-foods-essential-oil-turmeric-30-ml\/","title":{"rendered":"NOW Foods &#8211; Huile essentielle de Curcuma &#8211; 30 ml"},"content":{"rendered":"<h2>NOW Foods &#8211; Huile Essentielle de Curcuma, 30 ml<\/h2>\n<p>D\u00e9couvrez la puret\u00e9 et l&#8217;authenticit\u00e9 avec l&#8217;<strong>Huile Essentielle de Curcuma<\/strong> de NOW Foods, conditionn\u00e9e dans un flacon pratique de 30 ml. Fabriqu\u00e9e aux \u00c9tats-Unis, cette huile essentielle est un choix parfait pour ceux qui appr\u00e9cient les ingr\u00e9dients naturels.<\/p>\n<p>ce produit est \u00e9labor\u00e9 \u00e0 partir de <strong>curcuma<\/strong>,connu pour sa grande puret\u00e9 et son origine naturelle. L&#8217;huile essentielle de curcuma offre une exp\u00e9rience aromatique unique, id\u00e9ale pour ceux qui cherchent \u00e0 int\u00e9grer des \u00e9l\u00e9ments naturels dans leur quotidien sans compromettre la qualit\u00e9.<\/p>\n<p><strong>Utilisation :<\/strong> Utilisez quelques gouttes selon vos pr\u00e9f\u00e9rences personnelles dans un diffuseur ou m\u00e9langez-la avec une huile porteuse pour une submission externe. Ce format pratique facilite son utilisation r\u00e9guli\u00e8re.<\/p>\n<p>L&#8217;<em>Huile Essentielle de Curcuma<\/em> se distingue par sa composition exceptionnelle et est id\u00e9ale comme compl\u00e9ment simple \u00e0 votre routine quotidienne.Profitez d&#8217;un produit d&#8217;excellence qui s&#8217;int\u00e8gre harmonieusement dans un mode de vie actif et \u00e9quilibr\u00e9.<\/p>\n","protected":false},"excerpt":{"rendered":"<p>NOW Foods &#8211; Huile Essentielle de Curcuma, 30 ml D\u00e9couvrez la puret\u00e9 et l&#8217;authenticit\u00e9 avec l&#8217;Huile Essentielle de Curcuma de NOW Foods, conditionn\u00e9e dans un flacon pratique de 30 ml. Fabriqu\u00e9e aux \u00c9tats-Unis, cette huile essentielle est un choix parfait pour ceux qui appr\u00e9cient les ingr\u00e9dients naturels. ce produit est \u00e9labor\u00e9 \u00e0 partir de curcuma,connu [&#8230;]\n","protected":false},"featured_media":268558,"comment_status":"closed","ping_status":"open","template":"","meta":[],"product_brand":[4733],"product_cat":[5052],"product_tag":[],"class_list":{"0":"post-291290","1":"product","2":"type-product","3":"status-publish","4":"has-post-thumbnail","6":"product_brand-now-foods-2","7":"product_cat-sante-et-bien-etre","9":"first","10":"instock","11":"sale","12":"taxable","13":"shipping-taxable","14":"purchasable","15":"product-type-simple"},"yoast_head":"<!-- This site is optimized with the Yoast SEO Premium plugin v27.3 (Yoast SEO v27.3) - https:\/\/yoast.com\/product\/yoast-seo-premium-wordpress\/ -->\n<title>NOW Foods - Huile essentielle de Curcuma - 30 ml - ECO Supplements<\/title>\n<meta name=\"description\" content=\"Wij hebben een ruime keuze aan producten van NOW Foods - Huile essentielle de Curcuma - 30 ml . Winkel bij Eco Supplements altijd gratis verzending boven 100\u20ac\" \/>\n<meta name=\"robots\" content=\"index, follow, max-snippet:-1, max-image-preview:large, max-video-preview:-1\" \/>\n<link rel=\"canonical\" href=\"https:\/\/ecosupplements.be\/fr\/produit\/now-foods-essential-oil-turmeric-30-ml\/\" \/>\n<meta property=\"og:locale\" content=\"fr_FR\" \/>\n<meta property=\"og:type\" content=\"article\" \/>\n<meta property=\"og:title\" content=\"NOW Foods - Huile essentielle de Curcuma - 30 ml\" \/>\n<meta property=\"og:description\" content=\"Wij hebben een ruime keuze aan producten van NOW Foods - Huile essentielle de Curcuma - 30 ml . Winkel bij Eco Supplements altijd gratis verzending boven 100\u20ac\" \/>\n<meta property=\"og:url\" content=\"https:\/\/ecosupplements.be\/fr\/produit\/now-foods-essential-oil-turmeric-30-ml\/\" \/>\n<meta property=\"og:site_name\" content=\"ECO Supplements\" \/>\n<meta property=\"article:modified_time\" content=\"2025-08-27T14:28:30+00:00\" \/>\n<meta property=\"og:image\" content=\"https:\/\/ecosupplements.be\/wp-content\/uploads\/2025\/08\/NOW-Foods-Essential-Oil-Turmeric-30-ml.webp\" \/>\n\t<meta property=\"og:image:width\" content=\"1048\" \/>\n\t<meta property=\"og:image:height\" content=\"1048\" \/>\n\t<meta property=\"og:image:type\" content=\"image\/webp\" \/>\n<meta name=\"twitter:card\" content=\"summary_large_image\" \/>\n<meta name=\"twitter:label1\" content=\"Prix\" \/>\n\t<meta name=\"twitter:data1\" content=\"11.91&nbsp;&euro;\" \/>\n\t<meta name=\"twitter:label2\" content=\"Disponibilit\u00e9\" \/>\n\t<meta name=\"twitter:data2\" content=\"En stock\" \/>\n<script type=\"application\/ld+json\" class=\"yoast-schema-graph\">{\"@context\":\"https:\\\/\\\/schema.org\",\"@graph\":[{\"@type\":[\"WebPage\",\"ItemPage\"],\"@id\":\"https:\\\/\\\/ecosupplements.be\\\/fr\\\/produit\\\/now-foods-essential-oil-turmeric-30-ml\\\/\",\"url\":\"https:\\\/\\\/ecosupplements.be\\\/fr\\\/produit\\\/now-foods-essential-oil-turmeric-30-ml\\\/\",\"name\":\"NOW Foods - Huile essentielle de Curcuma - 30 ml - ECO Supplements\",\"isPartOf\":{\"@id\":\"https:\\\/\\\/ecosupplements.be\\\/fr\\\/#website\"},\"primaryImageOfPage\":{\"@id\":\"https:\\\/\\\/ecosupplements.be\\\/fr\\\/produit\\\/now-foods-essential-oil-turmeric-30-ml\\\/#primaryimage\"},\"image\":{\"@id\":\"https:\\\/\\\/ecosupplements.be\\\/fr\\\/produit\\\/now-foods-essential-oil-turmeric-30-ml\\\/#primaryimage\"},\"thumbnailUrl\":\"https:\\\/\\\/ecosupplements.be\\\/wp-content\\\/uploads\\\/2025\\\/08\\\/Turmeric-Oil.webp\",\"datePublished\":\"2025-04-13T16:00:45+00:00\",\"dateModified\":\"2025-08-27T14:28:30+00:00\",\"description\":\"Wij hebben een ruime keuze aan producten van NOW Foods - Huile essentielle de Curcuma - 30 ml . Winkel bij Eco Supplements altijd gratis verzending boven 100\u20ac\",\"breadcrumb\":{\"@id\":\"https:\\\/\\\/ecosupplements.be\\\/fr\\\/produit\\\/now-foods-essential-oil-turmeric-30-ml\\\/#breadcrumb\"},\"inLanguage\":\"fr-FR\",\"potentialAction\":[{\"@type\":\"ReadAction\",\"target\":[\"https:\\\/\\\/ecosupplements.be\\\/fr\\\/produit\\\/now-foods-essential-oil-turmeric-30-ml\\\/\"]}]},{\"@type\":\"ImageObject\",\"inLanguage\":\"fr-FR\",\"@id\":\"https:\\\/\\\/ecosupplements.be\\\/fr\\\/produit\\\/now-foods-essential-oil-turmeric-30-ml\\\/#primaryimage\",\"url\":\"https:\\\/\\\/ecosupplements.be\\\/wp-content\\\/uploads\\\/2025\\\/08\\\/Turmeric-Oil.webp\",\"contentUrl\":\"https:\\\/\\\/ecosupplements.be\\\/wp-content\\\/uploads\\\/2025\\\/08\\\/Turmeric-Oil.webp\",\"width\":1048,\"height\":1048},{\"@type\":\"BreadcrumbList\",\"@id\":\"https:\\\/\\\/ecosupplements.be\\\/fr\\\/produit\\\/now-foods-essential-oil-turmeric-30-ml\\\/#breadcrumb\",\"itemListElement\":[{\"@type\":\"ListItem\",\"position\":1,\"name\":\"Home\",\"item\":\"https:\\\/\\\/ecosupplements.be\\\/fr\\\/\"},{\"@type\":\"ListItem\",\"position\":2,\"name\":\"Boutique\",\"item\":\"https:\\\/\\\/ecosupplements.be\\\/fr\\\/boutique\\\/\"},{\"@type\":\"ListItem\",\"position\":3,\"name\":\"NOW Foods &#8211; Huile essentielle de Curcuma &#8211; 30 ml\"}]},{\"@type\":\"WebSite\",\"@id\":\"https:\\\/\\\/ecosupplements.be\\\/fr\\\/#website\",\"url\":\"https:\\\/\\\/ecosupplements.be\\\/fr\\\/\",\"name\":\"ECO Supplements\",\"description\":\"Eco Supplements - Gezonde supplementen\",\"publisher\":{\"@id\":\"https:\\\/\\\/ecosupplements.be\\\/fr\\\/#organization\"},\"potentialAction\":[{\"@type\":\"SearchAction\",\"target\":{\"@type\":\"EntryPoint\",\"urlTemplate\":\"https:\\\/\\\/ecosupplements.be\\\/fr\\\/?s={search_term_string}\"},\"query-input\":{\"@type\":\"PropertyValueSpecification\",\"valueRequired\":true,\"valueName\":\"search_term_string\"}}],\"inLanguage\":\"fr-FR\"},{\"@type\":\"Organization\",\"@id\":\"https:\\\/\\\/ecosupplements.be\\\/fr\\\/#organization\",\"name\":\"Eco Supplements\",\"url\":\"https:\\\/\\\/ecosupplements.be\\\/fr\\\/\",\"logo\":{\"@type\":\"ImageObject\",\"inLanguage\":\"fr-FR\",\"@id\":\"https:\\\/\\\/ecosupplements.be\\\/fr\\\/#\\\/schema\\\/logo\\\/image\\\/\",\"url\":\"https:\\\/\\\/ecosupplements.be\\\/wp-content\\\/uploads\\\/2022\\\/06\\\/ecosupplement-family.png\",\"contentUrl\":\"https:\\\/\\\/ecosupplements.be\\\/wp-content\\\/uploads\\\/2022\\\/06\\\/ecosupplement-family.png\",\"width\":593,\"height\":374,\"caption\":\"Eco Supplements\"},\"image\":{\"@id\":\"https:\\\/\\\/ecosupplements.be\\\/fr\\\/#\\\/schema\\\/logo\\\/image\\\/\"}}]}<\/script>\n<meta property=\"product:brand\" content=\"NOW Foods\" \/>\n<meta property=\"product:price:amount\" content=\"11.91\" \/>\n<meta property=\"product:price:currency\" content=\"EUR\" \/>\n<meta property=\"og:availability\" content=\"instock\" \/>\n<meta property=\"product:availability\" content=\"instock\" \/>\n<meta property=\"product:retailer_item_id\" content=\"733739077066\" \/>\n<meta property=\"product:condition\" content=\"new\" \/>\n<!-- \/ Yoast SEO Premium plugin. -->","yoast_head_json":{"title":"NOW Foods - Huile essentielle de Curcuma - 30 ml - ECO Supplements","description":"Wij hebben een ruime keuze aan producten van NOW Foods - Huile essentielle de Curcuma - 30 ml . Winkel bij Eco Supplements altijd gratis verzending boven 100\u20ac","robots":{"index":"index","follow":"follow","max-snippet":"max-snippet:-1","max-image-preview":"max-image-preview:large","max-video-preview":"max-video-preview:-1"},"canonical":"https:\/\/ecosupplements.be\/fr\/produit\/now-foods-essential-oil-turmeric-30-ml\/","og_locale":"fr_FR","og_type":"article","og_title":"NOW Foods - Huile essentielle de Curcuma - 30 ml","og_description":"Wij hebben een ruime keuze aan producten van NOW Foods - Huile essentielle de Curcuma - 30 ml . Winkel bij Eco Supplements altijd gratis verzending boven 100\u20ac","og_url":"https:\/\/ecosupplements.be\/fr\/produit\/now-foods-essential-oil-turmeric-30-ml\/","og_site_name":"ECO Supplements","article_modified_time":"2025-08-27T14:28:30+00:00","og_image":[{"width":1048,"height":1048,"url":"https:\/\/ecosupplements.be\/wp-content\/uploads\/2025\/08\/NOW-Foods-Essential-Oil-Turmeric-30-ml.webp","type":"image\/webp"}],"twitter_card":"summary_large_image","twitter_misc":{"Prix":"11.91&nbsp;&euro;","Disponibilit\u00e9":"En stock"},"schema":{"@context":"https:\/\/schema.org","@graph":[{"@type":["WebPage","ItemPage"],"@id":"https:\/\/ecosupplements.be\/fr\/produit\/now-foods-essential-oil-turmeric-30-ml\/","url":"https:\/\/ecosupplements.be\/fr\/produit\/now-foods-essential-oil-turmeric-30-ml\/","name":"NOW Foods - Huile essentielle de Curcuma - 30 ml - ECO Supplements","isPartOf":{"@id":"https:\/\/ecosupplements.be\/fr\/#website"},"primaryImageOfPage":{"@id":"https:\/\/ecosupplements.be\/fr\/produit\/now-foods-essential-oil-turmeric-30-ml\/#primaryimage"},"image":{"@id":"https:\/\/ecosupplements.be\/fr\/produit\/now-foods-essential-oil-turmeric-30-ml\/#primaryimage"},"thumbnailUrl":"https:\/\/ecosupplements.be\/wp-content\/uploads\/2025\/08\/Turmeric-Oil.webp","datePublished":"2025-04-13T16:00:45+00:00","dateModified":"2025-08-27T14:28:30+00:00","description":"Wij hebben een ruime keuze aan producten van NOW Foods - Huile essentielle de Curcuma - 30 ml . Winkel bij Eco Supplements altijd gratis verzending boven 100\u20ac","breadcrumb":{"@id":"https:\/\/ecosupplements.be\/fr\/produit\/now-foods-essential-oil-turmeric-30-ml\/#breadcrumb"},"inLanguage":"fr-FR","potentialAction":[{"@type":"ReadAction","target":["https:\/\/ecosupplements.be\/fr\/produit\/now-foods-essential-oil-turmeric-30-ml\/"]}]},{"@type":"ImageObject","inLanguage":"fr-FR","@id":"https:\/\/ecosupplements.be\/fr\/produit\/now-foods-essential-oil-turmeric-30-ml\/#primaryimage","url":"https:\/\/ecosupplements.be\/wp-content\/uploads\/2025\/08\/Turmeric-Oil.webp","contentUrl":"https:\/\/ecosupplements.be\/wp-content\/uploads\/2025\/08\/Turmeric-Oil.webp","width":1048,"height":1048},{"@type":"BreadcrumbList","@id":"https:\/\/ecosupplements.be\/fr\/produit\/now-foods-essential-oil-turmeric-30-ml\/#breadcrumb","itemListElement":[{"@type":"ListItem","position":1,"name":"Home","item":"https:\/\/ecosupplements.be\/fr\/"},{"@type":"ListItem","position":2,"name":"Boutique","item":"https:\/\/ecosupplements.be\/fr\/boutique\/"},{"@type":"ListItem","position":3,"name":"NOW Foods &#8211; Huile essentielle de Curcuma &#8211; 30 ml"}]},{"@type":"WebSite","@id":"https:\/\/ecosupplements.be\/fr\/#website","url":"https:\/\/ecosupplements.be\/fr\/","name":"ECO Supplements","description":"Eco Supplements - Gezonde supplementen","publisher":{"@id":"https:\/\/ecosupplements.be\/fr\/#organization"},"potentialAction":[{"@type":"SearchAction","target":{"@type":"EntryPoint","urlTemplate":"https:\/\/ecosupplements.be\/fr\/?s={search_term_string}"},"query-input":{"@type":"PropertyValueSpecification","valueRequired":true,"valueName":"search_term_string"}}],"inLanguage":"fr-FR"},{"@type":"Organization","@id":"https:\/\/ecosupplements.be\/fr\/#organization","name":"Eco Supplements","url":"https:\/\/ecosupplements.be\/fr\/","logo":{"@type":"ImageObject","inLanguage":"fr-FR","@id":"https:\/\/ecosupplements.be\/fr\/#\/schema\/logo\/image\/","url":"https:\/\/ecosupplements.be\/wp-content\/uploads\/2022\/06\/ecosupplement-family.png","contentUrl":"https:\/\/ecosupplements.be\/wp-content\/uploads\/2022\/06\/ecosupplement-family.png","width":593,"height":374,"caption":"Eco Supplements"},"image":{"@id":"https:\/\/ecosupplements.be\/fr\/#\/schema\/logo\/image\/"}}]},"product_brand":"NOW Foods","product_price_amount":"11.91","product_price_currency":"EUR","og_availability":"instock","product_availability":"instock","product_retailer_item_id":"733739077066","product_condition":"new"},"_links":{"self":[{"href":"https:\/\/ecosupplements.be\/fr\/wp-json\/wp\/v2\/product\/291290","targetHints":{"allow":["GET"]}}],"collection":[{"href":"https:\/\/ecosupplements.be\/fr\/wp-json\/wp\/v2\/product"}],"about":[{"href":"https:\/\/ecosupplements.be\/fr\/wp-json\/wp\/v2\/types\/product"}],"replies":[{"embeddable":true,"href":"https:\/\/ecosupplements.be\/fr\/wp-json\/wp\/v2\/comments?post=291290"}],"wp:featuredmedia":[{"embeddable":true,"href":"https:\/\/ecosupplements.be\/fr\/wp-json\/wp\/v2\/media\/268558"}],"wp:attachment":[{"href":"https:\/\/ecosupplements.be\/fr\/wp-json\/wp\/v2\/media?parent=291290"}],"wp:term":[{"taxonomy":"product_brand","embeddable":true,"href":"https:\/\/ecosupplements.be\/fr\/wp-json\/wp\/v2\/product_brand?post=291290"},{"taxonomy":"product_cat","embeddable":true,"href":"https:\/\/ecosupplements.be\/fr\/wp-json\/wp\/v2\/product_cat?post=291290"},{"taxonomy":"product_tag","embeddable":true,"href":"https:\/\/ecosupplements.be\/fr\/wp-json\/wp\/v2\/product_tag?post=291290"}],"curies":[{"name":"wp","href":"https:\/\/api.w.org\/{rel}","templated":true}]}}