{"id":291419,"date":"2024-09-14T02:00:47","date_gmt":"2024-09-14T01:00:47","guid":{"rendered":"https:\/\/ecosupplements.be\/product\/osavi-marine-collagen-wild-cod-grapefruit-12g-1-serving\/"},"modified":"2025-08-27T15:30:42","modified_gmt":"2025-08-27T14:30:42","slug":"osavi-marine-collagen-wild-cod-grapefruit-12g-1-serving","status":"publish","type":"product","link":"https:\/\/ecosupplements.be\/fr\/produit\/osavi-marine-collagen-wild-cod-grapefruit-12g-1-serving\/","title":{"rendered":"Collag\u00e8ne marin de morue sauvage, pamplemousse &#8211; 12g (1 portion)"},"content":{"rendered":"<p><strong>Nom du produit :<\/strong> Osavi &#8211; Collag\u00e8ne Marin de Morue Sauvage,Pamplemousse &#8211; 12g (1 portion)<\/p>\n<p><strong>Ingr\u00e9dients principaux :<\/strong> Ce produit est compos\u00e9 de collag\u00e8ne marin extrait de morue sauvage,agr\u00e9ment\u00e9 d&#8217;une touche naturelle de pamplemousse pour une saveur rafra\u00eechissante.<\/p>\n<p><strong>Contenu et emballage :<\/strong> Chaque paquet contient une portion individuelle de 12g, parfaitement dos\u00e9e pour un usage quotidien.<\/p>\n<p><strong>Utilisation :<\/strong> Id\u00e9al pour \u00eatre int\u00e9gr\u00e9 facilement dans votre routine quotidienne, ce collag\u00e8ne peut \u00eatre m\u00e9lang\u00e9 \u00e0 vos boissons ou aliments pr\u00e9f\u00e9r\u00e9s.<\/p>\n<p><strong>Caract\u00e9ristiques pratiques :<\/strong> Avec son format en sachet individuel, ce produit est pratique \u00e0 emporter partout et facile \u00e0 utiliser. Le go\u00fbt naturellement agr\u00e9able de pamplemousse rend l&#8217;exp\u00e9rience plus plaisante.<\/p>\n<p>Ce collag\u00e8ne marin provient exclusivement de sources durables en Pologne, garantissant une qualit\u00e9 sup\u00e9rieure et un respect des normes environnementales.Un choix parfait pour ceux qui appr\u00e9cient les ingr\u00e9dients purs et naturels dans leur mode de vie actif.<\/p>\n","protected":false},"excerpt":{"rendered":"<p>Nom du produit : Osavi &#8211; Collag\u00e8ne Marin de Morue Sauvage,Pamplemousse &#8211; 12g (1 portion) Ingr\u00e9dients principaux : Ce produit est compos\u00e9 de collag\u00e8ne marin extrait de morue sauvage,agr\u00e9ment\u00e9 d&#8217;une touche naturelle de pamplemousse pour une saveur rafra\u00eechissante. Contenu et emballage : Chaque paquet contient une portion individuelle de 12g, parfaitement dos\u00e9e pour un usage [&#8230;]\n","protected":false},"featured_media":267116,"comment_status":"open","ping_status":"open","template":"","meta":[],"product_brand":[4756],"product_cat":[],"product_tag":[],"class_list":{"0":"post-291419","1":"product","2":"type-product","3":"status-publish","4":"has-post-thumbnail","6":"product_brand-osavi-2","8":"first","9":"instock","10":"taxable","11":"shipping-taxable","12":"purchasable","13":"product-type-simple"},"yoast_head":"<!-- This site is optimized with the Yoast SEO Premium plugin v27.3 (Yoast SEO v27.3) - https:\/\/yoast.com\/product\/yoast-seo-premium-wordpress\/ -->\n<title>Collag\u00e8ne marin de morue sauvage, pamplemousse - 12g (1 portion) - ECO Supplements<\/title>\n<meta name=\"description\" content=\"Wij hebben een ruime keuze aan producten van Collag\u00e8ne marin de morue sauvage, pamplemousse - 12g (1 portion) . Winkel bij Eco Supplements altijd gratis verzending boven 100\u20ac\" \/>\n<meta name=\"robots\" content=\"index, follow, max-snippet:-1, max-image-preview:large, max-video-preview:-1\" \/>\n<link rel=\"canonical\" href=\"https:\/\/ecosupplements.be\/fr\/produit\/osavi-marine-collagen-wild-cod-grapefruit-12g-1-serving\/\" \/>\n<meta property=\"og:locale\" content=\"fr_FR\" \/>\n<meta property=\"og:type\" content=\"article\" \/>\n<meta property=\"og:title\" content=\"Collag\u00e8ne marin de morue sauvage, pamplemousse - 12g (1 portion)\" \/>\n<meta property=\"og:description\" content=\"Wij hebben een ruime keuze aan producten van Collag\u00e8ne marin de morue sauvage, pamplemousse - 12g (1 portion) . Winkel bij Eco Supplements altijd gratis verzending boven 100\u20ac\" \/>\n<meta property=\"og:url\" content=\"https:\/\/ecosupplements.be\/fr\/produit\/osavi-marine-collagen-wild-cod-grapefruit-12g-1-serving\/\" \/>\n<meta property=\"og:site_name\" content=\"ECO Supplements\" \/>\n<meta property=\"article:modified_time\" content=\"2025-08-27T14:30:42+00:00\" \/>\n<meta property=\"og:image\" content=\"https:\/\/ecosupplements.be\/wp-content\/uploads\/2025\/08\/Osavi-Marine-Collagen-Wild-Cod-Grapefruit-12g-1-serving.png\" \/>\n\t<meta property=\"og:image:width\" content=\"750\" \/>\n\t<meta property=\"og:image:height\" content=\"750\" \/>\n\t<meta property=\"og:image:type\" content=\"image\/png\" \/>\n<meta name=\"twitter:card\" content=\"summary_large_image\" \/>\n<meta name=\"twitter:label1\" content=\"Prix\" \/>\n\t<meta name=\"twitter:data1\" content=\"1.08&nbsp;&euro;\" \/>\n\t<meta name=\"twitter:label2\" content=\"Disponibilit\u00e9\" \/>\n\t<meta name=\"twitter:data2\" content=\"En stock\" \/>\n<script type=\"application\/ld+json\" class=\"yoast-schema-graph\">{\"@context\":\"https:\\\/\\\/schema.org\",\"@graph\":[{\"@type\":[\"WebPage\",\"ItemPage\"],\"@id\":\"https:\\\/\\\/ecosupplements.be\\\/fr\\\/produit\\\/osavi-marine-collagen-wild-cod-grapefruit-12g-1-serving\\\/\",\"url\":\"https:\\\/\\\/ecosupplements.be\\\/fr\\\/produit\\\/osavi-marine-collagen-wild-cod-grapefruit-12g-1-serving\\\/\",\"name\":\"Collag\u00e8ne marin de morue sauvage, pamplemousse - 12g (1 portion) - ECO Supplements\",\"isPartOf\":{\"@id\":\"https:\\\/\\\/ecosupplements.be\\\/fr\\\/#website\"},\"primaryImageOfPage\":{\"@id\":\"https:\\\/\\\/ecosupplements.be\\\/fr\\\/produit\\\/osavi-marine-collagen-wild-cod-grapefruit-12g-1-serving\\\/#primaryimage\"},\"image\":{\"@id\":\"https:\\\/\\\/ecosupplements.be\\\/fr\\\/produit\\\/osavi-marine-collagen-wild-cod-grapefruit-12g-1-serving\\\/#primaryimage\"},\"thumbnailUrl\":\"https:\\\/\\\/ecosupplements.be\\\/wp-content\\\/uploads\\\/2025\\\/08\\\/Marine-Collagen-Wild-Cod-Grapefruit-12g-1-serving.png\",\"datePublished\":\"2024-09-14T01:00:47+00:00\",\"dateModified\":\"2025-08-27T14:30:42+00:00\",\"description\":\"Wij hebben een ruime keuze aan producten van Collag\u00e8ne marin de morue sauvage, pamplemousse - 12g (1 portion) . Winkel bij Eco Supplements altijd gratis verzending boven 100\u20ac\",\"breadcrumb\":{\"@id\":\"https:\\\/\\\/ecosupplements.be\\\/fr\\\/produit\\\/osavi-marine-collagen-wild-cod-grapefruit-12g-1-serving\\\/#breadcrumb\"},\"inLanguage\":\"fr-FR\",\"potentialAction\":[{\"@type\":\"ReadAction\",\"target\":[\"https:\\\/\\\/ecosupplements.be\\\/fr\\\/produit\\\/osavi-marine-collagen-wild-cod-grapefruit-12g-1-serving\\\/\"]}]},{\"@type\":\"ImageObject\",\"inLanguage\":\"fr-FR\",\"@id\":\"https:\\\/\\\/ecosupplements.be\\\/fr\\\/produit\\\/osavi-marine-collagen-wild-cod-grapefruit-12g-1-serving\\\/#primaryimage\",\"url\":\"https:\\\/\\\/ecosupplements.be\\\/wp-content\\\/uploads\\\/2025\\\/08\\\/Marine-Collagen-Wild-Cod-Grapefruit-12g-1-serving.png\",\"contentUrl\":\"https:\\\/\\\/ecosupplements.be\\\/wp-content\\\/uploads\\\/2025\\\/08\\\/Marine-Collagen-Wild-Cod-Grapefruit-12g-1-serving.png\",\"width\":750,\"height\":750},{\"@type\":\"BreadcrumbList\",\"@id\":\"https:\\\/\\\/ecosupplements.be\\\/fr\\\/produit\\\/osavi-marine-collagen-wild-cod-grapefruit-12g-1-serving\\\/#breadcrumb\",\"itemListElement\":[{\"@type\":\"ListItem\",\"position\":1,\"name\":\"Home\",\"item\":\"https:\\\/\\\/ecosupplements.be\\\/fr\\\/\"},{\"@type\":\"ListItem\",\"position\":2,\"name\":\"Boutique\",\"item\":\"https:\\\/\\\/ecosupplements.be\\\/fr\\\/boutique\\\/\"},{\"@type\":\"ListItem\",\"position\":3,\"name\":\"Collag\u00e8ne marin de morue sauvage, pamplemousse &#8211; 12g (1 portion)\"}]},{\"@type\":\"WebSite\",\"@id\":\"https:\\\/\\\/ecosupplements.be\\\/fr\\\/#website\",\"url\":\"https:\\\/\\\/ecosupplements.be\\\/fr\\\/\",\"name\":\"ECO Supplements\",\"description\":\"Eco Supplements - Gezonde supplementen\",\"publisher\":{\"@id\":\"https:\\\/\\\/ecosupplements.be\\\/fr\\\/#organization\"},\"potentialAction\":[{\"@type\":\"SearchAction\",\"target\":{\"@type\":\"EntryPoint\",\"urlTemplate\":\"https:\\\/\\\/ecosupplements.be\\\/fr\\\/?s={search_term_string}\"},\"query-input\":{\"@type\":\"PropertyValueSpecification\",\"valueRequired\":true,\"valueName\":\"search_term_string\"}}],\"inLanguage\":\"fr-FR\"},{\"@type\":\"Organization\",\"@id\":\"https:\\\/\\\/ecosupplements.be\\\/fr\\\/#organization\",\"name\":\"Eco Supplements\",\"url\":\"https:\\\/\\\/ecosupplements.be\\\/fr\\\/\",\"logo\":{\"@type\":\"ImageObject\",\"inLanguage\":\"fr-FR\",\"@id\":\"https:\\\/\\\/ecosupplements.be\\\/fr\\\/#\\\/schema\\\/logo\\\/image\\\/\",\"url\":\"https:\\\/\\\/ecosupplements.be\\\/wp-content\\\/uploads\\\/2022\\\/06\\\/ecosupplement-family.png\",\"contentUrl\":\"https:\\\/\\\/ecosupplements.be\\\/wp-content\\\/uploads\\\/2022\\\/06\\\/ecosupplement-family.png\",\"width\":593,\"height\":374,\"caption\":\"Eco Supplements\"},\"image\":{\"@id\":\"https:\\\/\\\/ecosupplements.be\\\/fr\\\/#\\\/schema\\\/logo\\\/image\\\/\"}}]}<\/script>\n<meta property=\"product:brand\" content=\"Osavi\" \/>\n<meta property=\"product:price:amount\" content=\"1.08\" \/>\n<meta property=\"product:price:currency\" content=\"EUR\" \/>\n<meta property=\"og:availability\" content=\"instock\" \/>\n<meta property=\"product:availability\" content=\"instock\" \/>\n<meta property=\"product:retailer_item_id\" content=\"5904139924020\" \/>\n<meta property=\"product:condition\" content=\"new\" \/>\n<!-- \/ Yoast SEO Premium plugin. -->","yoast_head_json":{"title":"Collag\u00e8ne marin de morue sauvage, pamplemousse - 12g (1 portion) - ECO Supplements","description":"Wij hebben een ruime keuze aan producten van Collag\u00e8ne marin de morue sauvage, pamplemousse - 12g (1 portion) . Winkel bij Eco Supplements altijd gratis verzending boven 100\u20ac","robots":{"index":"index","follow":"follow","max-snippet":"max-snippet:-1","max-image-preview":"max-image-preview:large","max-video-preview":"max-video-preview:-1"},"canonical":"https:\/\/ecosupplements.be\/fr\/produit\/osavi-marine-collagen-wild-cod-grapefruit-12g-1-serving\/","og_locale":"fr_FR","og_type":"article","og_title":"Collag\u00e8ne marin de morue sauvage, pamplemousse - 12g (1 portion)","og_description":"Wij hebben een ruime keuze aan producten van Collag\u00e8ne marin de morue sauvage, pamplemousse - 12g (1 portion) . Winkel bij Eco Supplements altijd gratis verzending boven 100\u20ac","og_url":"https:\/\/ecosupplements.be\/fr\/produit\/osavi-marine-collagen-wild-cod-grapefruit-12g-1-serving\/","og_site_name":"ECO Supplements","article_modified_time":"2025-08-27T14:30:42+00:00","og_image":[{"width":750,"height":750,"url":"https:\/\/ecosupplements.be\/wp-content\/uploads\/2025\/08\/Osavi-Marine-Collagen-Wild-Cod-Grapefruit-12g-1-serving.png","type":"image\/png"}],"twitter_card":"summary_large_image","twitter_misc":{"Prix":"1.08&nbsp;&euro;","Disponibilit\u00e9":"En stock"},"schema":{"@context":"https:\/\/schema.org","@graph":[{"@type":["WebPage","ItemPage"],"@id":"https:\/\/ecosupplements.be\/fr\/produit\/osavi-marine-collagen-wild-cod-grapefruit-12g-1-serving\/","url":"https:\/\/ecosupplements.be\/fr\/produit\/osavi-marine-collagen-wild-cod-grapefruit-12g-1-serving\/","name":"Collag\u00e8ne marin de morue sauvage, pamplemousse - 12g (1 portion) - ECO Supplements","isPartOf":{"@id":"https:\/\/ecosupplements.be\/fr\/#website"},"primaryImageOfPage":{"@id":"https:\/\/ecosupplements.be\/fr\/produit\/osavi-marine-collagen-wild-cod-grapefruit-12g-1-serving\/#primaryimage"},"image":{"@id":"https:\/\/ecosupplements.be\/fr\/produit\/osavi-marine-collagen-wild-cod-grapefruit-12g-1-serving\/#primaryimage"},"thumbnailUrl":"https:\/\/ecosupplements.be\/wp-content\/uploads\/2025\/08\/Marine-Collagen-Wild-Cod-Grapefruit-12g-1-serving.png","datePublished":"2024-09-14T01:00:47+00:00","dateModified":"2025-08-27T14:30:42+00:00","description":"Wij hebben een ruime keuze aan producten van Collag\u00e8ne marin de morue sauvage, pamplemousse - 12g (1 portion) . Winkel bij Eco Supplements altijd gratis verzending boven 100\u20ac","breadcrumb":{"@id":"https:\/\/ecosupplements.be\/fr\/produit\/osavi-marine-collagen-wild-cod-grapefruit-12g-1-serving\/#breadcrumb"},"inLanguage":"fr-FR","potentialAction":[{"@type":"ReadAction","target":["https:\/\/ecosupplements.be\/fr\/produit\/osavi-marine-collagen-wild-cod-grapefruit-12g-1-serving\/"]}]},{"@type":"ImageObject","inLanguage":"fr-FR","@id":"https:\/\/ecosupplements.be\/fr\/produit\/osavi-marine-collagen-wild-cod-grapefruit-12g-1-serving\/#primaryimage","url":"https:\/\/ecosupplements.be\/wp-content\/uploads\/2025\/08\/Marine-Collagen-Wild-Cod-Grapefruit-12g-1-serving.png","contentUrl":"https:\/\/ecosupplements.be\/wp-content\/uploads\/2025\/08\/Marine-Collagen-Wild-Cod-Grapefruit-12g-1-serving.png","width":750,"height":750},{"@type":"BreadcrumbList","@id":"https:\/\/ecosupplements.be\/fr\/produit\/osavi-marine-collagen-wild-cod-grapefruit-12g-1-serving\/#breadcrumb","itemListElement":[{"@type":"ListItem","position":1,"name":"Home","item":"https:\/\/ecosupplements.be\/fr\/"},{"@type":"ListItem","position":2,"name":"Boutique","item":"https:\/\/ecosupplements.be\/fr\/boutique\/"},{"@type":"ListItem","position":3,"name":"Collag\u00e8ne marin de morue sauvage, pamplemousse &#8211; 12g (1 portion)"}]},{"@type":"WebSite","@id":"https:\/\/ecosupplements.be\/fr\/#website","url":"https:\/\/ecosupplements.be\/fr\/","name":"ECO Supplements","description":"Eco Supplements - Gezonde supplementen","publisher":{"@id":"https:\/\/ecosupplements.be\/fr\/#organization"},"potentialAction":[{"@type":"SearchAction","target":{"@type":"EntryPoint","urlTemplate":"https:\/\/ecosupplements.be\/fr\/?s={search_term_string}"},"query-input":{"@type":"PropertyValueSpecification","valueRequired":true,"valueName":"search_term_string"}}],"inLanguage":"fr-FR"},{"@type":"Organization","@id":"https:\/\/ecosupplements.be\/fr\/#organization","name":"Eco Supplements","url":"https:\/\/ecosupplements.be\/fr\/","logo":{"@type":"ImageObject","inLanguage":"fr-FR","@id":"https:\/\/ecosupplements.be\/fr\/#\/schema\/logo\/image\/","url":"https:\/\/ecosupplements.be\/wp-content\/uploads\/2022\/06\/ecosupplement-family.png","contentUrl":"https:\/\/ecosupplements.be\/wp-content\/uploads\/2022\/06\/ecosupplement-family.png","width":593,"height":374,"caption":"Eco Supplements"},"image":{"@id":"https:\/\/ecosupplements.be\/fr\/#\/schema\/logo\/image\/"}}]},"product_brand":"Osavi","product_price_amount":"1.08","product_price_currency":"EUR","og_availability":"instock","product_availability":"instock","product_retailer_item_id":"5904139924020","product_condition":"new"},"_links":{"self":[{"href":"https:\/\/ecosupplements.be\/fr\/wp-json\/wp\/v2\/product\/291419","targetHints":{"allow":["GET"]}}],"collection":[{"href":"https:\/\/ecosupplements.be\/fr\/wp-json\/wp\/v2\/product"}],"about":[{"href":"https:\/\/ecosupplements.be\/fr\/wp-json\/wp\/v2\/types\/product"}],"replies":[{"embeddable":true,"href":"https:\/\/ecosupplements.be\/fr\/wp-json\/wp\/v2\/comments?post=291419"}],"wp:featuredmedia":[{"embeddable":true,"href":"https:\/\/ecosupplements.be\/fr\/wp-json\/wp\/v2\/media\/267116"}],"wp:attachment":[{"href":"https:\/\/ecosupplements.be\/fr\/wp-json\/wp\/v2\/media?parent=291419"}],"wp:term":[{"taxonomy":"product_brand","embeddable":true,"href":"https:\/\/ecosupplements.be\/fr\/wp-json\/wp\/v2\/product_brand?post=291419"},{"taxonomy":"product_cat","embeddable":true,"href":"https:\/\/ecosupplements.be\/fr\/wp-json\/wp\/v2\/product_cat?post=291419"},{"taxonomy":"product_tag","embeddable":true,"href":"https:\/\/ecosupplements.be\/fr\/wp-json\/wp\/v2\/product_tag?post=291419"}],"curies":[{"name":"wp","href":"https:\/\/api.w.org\/{rel}","templated":true}]}}