{"id":291443,"date":"2025-04-13T17:08:21","date_gmt":"2025-04-13T16:08:21","guid":{"rendered":"https:\/\/ecosupplements.be\/product\/osavi-natural-quercetin-500mg-120-vegan-caps\/"},"modified":"2025-08-27T15:31:10","modified_gmt":"2025-08-27T14:31:10","slug":"osavi-natural-quercetin-500mg-120-vegan-caps","status":"publish","type":"product","link":"https:\/\/ecosupplements.be\/fr\/produit\/osavi-natural-quercetin-500mg-120-vegan-caps\/","title":{"rendered":"Osavi &#8211; Querc\u00e9tine Naturelle, 500mg &#8211; 120 g\u00e9lules v\u00e9ganes"},"content":{"rendered":"<h2>Osavi &#8211; Natural Quercetin, 500mg &#8211; 120 vegan caps<\/h2>\n<p>D\u00e9couvrez le choix naturel pour votre quotidien avec les capsules v\u00e9ganes de Querc\u00e9tine Naturelle d&#8217;osavi. Chaque capsule contient 500 mg de querc\u00e9tine, extraite avec soin pour garantir une grande puret\u00e9 et provenant exclusivement de sources fiables en Pologne.<\/p>\n<p>Ce produit est con\u00e7u pour s&#8217;int\u00e9grer harmonieusement dans un mode de vie actif et \u00e9quilibr\u00e9. Les capsules sont faciles \u00e0 utiliser et parfaites pour ceux qui cherchent \u00e0 incorporer des \u00e9l\u00e9ments naturels dans leur routine quotidienne sans complication.<\/p>\n<ul>\n<li><strong>Ingr\u00e9dients principaux :<\/strong> Querc\u00e9tine d&#8217;origine naturelle.<\/li>\n<li><strong>Contenu et emballage :<\/strong> Bo\u00eete contenant 120 capsules v\u00e9ganes.<\/li>\n<li><strong>Utilisation :<\/strong> Consommez selon les indications sur l&#8217;emballage ou suivant les conseils d&#8217;un professionnel.<\/li>\n<\/ul>\n<p>Avec Osavi, optez pour un produit pratique qui s&#8217;adapte facilement \u00e0 votre rythme de vie, tout en respectant vos pr\u00e9f\u00e9rences pour des composants purs et naturels.<\/p>\n","protected":false},"excerpt":{"rendered":"<p>Osavi &#8211; Natural Quercetin, 500mg &#8211; 120 vegan caps D\u00e9couvrez le choix naturel pour votre quotidien avec les capsules v\u00e9ganes de Querc\u00e9tine Naturelle d&#8217;osavi. Chaque capsule contient 500 mg de querc\u00e9tine, extraite avec soin pour garantir une grande puret\u00e9 et provenant exclusivement de sources fiables en Pologne. Ce produit est con\u00e7u pour s&#8217;int\u00e9grer harmonieusement dans [&#8230;]\n","protected":false},"featured_media":291444,"comment_status":"closed","ping_status":"open","template":"","meta":[],"product_brand":[4756],"product_cat":[5052],"product_tag":[],"class_list":{"0":"post-291443","1":"product","2":"type-product","3":"status-publish","4":"has-post-thumbnail","6":"product_brand-osavi-2","7":"product_cat-sante-et-bien-etre","9":"first","10":"instock","11":"taxable","12":"shipping-taxable","13":"purchasable","14":"product-type-simple"},"yoast_head":"<!-- This site is optimized with the Yoast SEO Premium plugin v27.5 (Yoast SEO v27.5) - https:\/\/yoast.com\/product\/yoast-seo-premium-wordpress\/ -->\n<title>Osavi - Querc\u00e9tine Naturelle, 500mg - 120 g\u00e9lules v\u00e9ganes - ECO Supplements<\/title>\n<meta name=\"description\" content=\"Wij hebben een ruime keuze aan producten van Osavi - Querc\u00e9tine Naturelle, 500mg - 120 g\u00e9lules v\u00e9ganes . Winkel bij Eco Supplements altijd gratis verzending boven 100\u20ac\" \/>\n<meta name=\"robots\" content=\"index, follow, max-snippet:-1, max-image-preview:large, max-video-preview:-1\" \/>\n<link rel=\"canonical\" href=\"https:\/\/ecosupplements.be\/fr\/produit\/osavi-natural-quercetin-500mg-120-vegan-caps\/\" \/>\n<meta property=\"og:locale\" content=\"fr_FR\" \/>\n<meta property=\"og:type\" content=\"article\" \/>\n<meta property=\"og:title\" content=\"Osavi - Querc\u00e9tine Naturelle, 500mg - 120 g\u00e9lules v\u00e9ganes\" \/>\n<meta property=\"og:description\" content=\"Wij hebben een ruime keuze aan producten van Osavi - Querc\u00e9tine Naturelle, 500mg - 120 g\u00e9lules v\u00e9ganes . Winkel bij Eco Supplements altijd gratis verzending boven 100\u20ac\" \/>\n<meta property=\"og:url\" content=\"https:\/\/ecosupplements.be\/fr\/produit\/osavi-natural-quercetin-500mg-120-vegan-caps\/\" \/>\n<meta property=\"og:site_name\" content=\"ECO Supplements\" \/>\n<meta property=\"article:modified_time\" content=\"2025-08-27T14:31:10+00:00\" \/>\n<meta property=\"og:image\" content=\"https:\/\/ecosupplements.be\/wp-content\/uploads\/2025\/08\/Osavi-Natural-Quercetin-500mg-120-vegan-caps.jpg\" \/>\n\t<meta property=\"og:image:width\" content=\"1776\" \/>\n\t<meta property=\"og:image:height\" content=\"2560\" \/>\n\t<meta property=\"og:image:type\" content=\"image\/jpeg\" \/>\n<meta name=\"twitter:card\" content=\"summary_large_image\" \/>\n<meta name=\"twitter:label1\" content=\"Prix\" \/>\n\t<meta name=\"twitter:data1\" content=\"26.71&nbsp;&euro;\" \/>\n\t<meta name=\"twitter:label2\" content=\"Disponibilit\u00e9\" \/>\n\t<meta name=\"twitter:data2\" content=\"En stock\" \/>\n<script type=\"application\/ld+json\" class=\"yoast-schema-graph\">{\"@context\":\"https:\\\/\\\/schema.org\",\"@graph\":[{\"@type\":[\"WebPage\",\"ItemPage\"],\"@id\":\"https:\\\/\\\/ecosupplements.be\\\/fr\\\/produit\\\/osavi-natural-quercetin-500mg-120-vegan-caps\\\/\",\"url\":\"https:\\\/\\\/ecosupplements.be\\\/fr\\\/produit\\\/osavi-natural-quercetin-500mg-120-vegan-caps\\\/\",\"name\":\"Osavi - Querc\u00e9tine Naturelle, 500mg - 120 g\u00e9lules v\u00e9ganes - ECO Supplements\",\"isPartOf\":{\"@id\":\"https:\\\/\\\/ecosupplements.be\\\/fr\\\/#website\"},\"primaryImageOfPage\":{\"@id\":\"https:\\\/\\\/ecosupplements.be\\\/fr\\\/produit\\\/osavi-natural-quercetin-500mg-120-vegan-caps\\\/#primaryimage\"},\"image\":{\"@id\":\"https:\\\/\\\/ecosupplements.be\\\/fr\\\/produit\\\/osavi-natural-quercetin-500mg-120-vegan-caps\\\/#primaryimage\"},\"thumbnailUrl\":\"https:\\\/\\\/ecosupplements.be\\\/wp-content\\\/uploads\\\/2025\\\/08\\\/Osavi-Natural-Quercetin-500mg-120-vegan-caps.jpg\",\"datePublished\":\"2025-04-13T16:08:21+00:00\",\"dateModified\":\"2025-08-27T14:31:10+00:00\",\"description\":\"Wij hebben een ruime keuze aan producten van Osavi - Querc\u00e9tine Naturelle, 500mg - 120 g\u00e9lules v\u00e9ganes . Winkel bij Eco Supplements altijd gratis verzending boven 100\u20ac\",\"breadcrumb\":{\"@id\":\"https:\\\/\\\/ecosupplements.be\\\/fr\\\/produit\\\/osavi-natural-quercetin-500mg-120-vegan-caps\\\/#breadcrumb\"},\"inLanguage\":\"fr-FR\",\"potentialAction\":[{\"@type\":\"ReadAction\",\"target\":[\"https:\\\/\\\/ecosupplements.be\\\/fr\\\/produit\\\/osavi-natural-quercetin-500mg-120-vegan-caps\\\/\"]}]},{\"@type\":\"ImageObject\",\"inLanguage\":\"fr-FR\",\"@id\":\"https:\\\/\\\/ecosupplements.be\\\/fr\\\/produit\\\/osavi-natural-quercetin-500mg-120-vegan-caps\\\/#primaryimage\",\"url\":\"https:\\\/\\\/ecosupplements.be\\\/wp-content\\\/uploads\\\/2025\\\/08\\\/Osavi-Natural-Quercetin-500mg-120-vegan-caps.jpg\",\"contentUrl\":\"https:\\\/\\\/ecosupplements.be\\\/wp-content\\\/uploads\\\/2025\\\/08\\\/Osavi-Natural-Quercetin-500mg-120-vegan-caps.jpg\",\"width\":1776,\"height\":2560},{\"@type\":\"BreadcrumbList\",\"@id\":\"https:\\\/\\\/ecosupplements.be\\\/fr\\\/produit\\\/osavi-natural-quercetin-500mg-120-vegan-caps\\\/#breadcrumb\",\"itemListElement\":[{\"@type\":\"ListItem\",\"position\":1,\"name\":\"Home\",\"item\":\"https:\\\/\\\/ecosupplements.be\\\/fr\\\/\"},{\"@type\":\"ListItem\",\"position\":2,\"name\":\"Boutique\",\"item\":\"https:\\\/\\\/ecosupplements.be\\\/fr\\\/boutique\\\/\"},{\"@type\":\"ListItem\",\"position\":3,\"name\":\"Osavi &#8211; Querc\u00e9tine Naturelle, 500mg &#8211; 120 g\u00e9lules v\u00e9ganes\"}]},{\"@type\":\"WebSite\",\"@id\":\"https:\\\/\\\/ecosupplements.be\\\/fr\\\/#website\",\"url\":\"https:\\\/\\\/ecosupplements.be\\\/fr\\\/\",\"name\":\"ECO Supplements\",\"description\":\"Eco Supplements - Gezonde supplementen\",\"publisher\":{\"@id\":\"https:\\\/\\\/ecosupplements.be\\\/fr\\\/#organization\"},\"potentialAction\":[{\"@type\":\"SearchAction\",\"target\":{\"@type\":\"EntryPoint\",\"urlTemplate\":\"https:\\\/\\\/ecosupplements.be\\\/fr\\\/?s={search_term_string}\"},\"query-input\":{\"@type\":\"PropertyValueSpecification\",\"valueRequired\":true,\"valueName\":\"search_term_string\"}}],\"inLanguage\":\"fr-FR\"},{\"@type\":\"Organization\",\"@id\":\"https:\\\/\\\/ecosupplements.be\\\/fr\\\/#organization\",\"name\":\"Eco Supplements\",\"url\":\"https:\\\/\\\/ecosupplements.be\\\/fr\\\/\",\"logo\":{\"@type\":\"ImageObject\",\"inLanguage\":\"fr-FR\",\"@id\":\"https:\\\/\\\/ecosupplements.be\\\/fr\\\/#\\\/schema\\\/logo\\\/image\\\/\",\"url\":\"https:\\\/\\\/ecosupplements.be\\\/wp-content\\\/uploads\\\/2022\\\/06\\\/ecosupplement-family.png\",\"contentUrl\":\"https:\\\/\\\/ecosupplements.be\\\/wp-content\\\/uploads\\\/2022\\\/06\\\/ecosupplement-family.png\",\"width\":593,\"height\":374,\"caption\":\"Eco Supplements\"},\"image\":{\"@id\":\"https:\\\/\\\/ecosupplements.be\\\/fr\\\/#\\\/schema\\\/logo\\\/image\\\/\"}}]}<\/script>\n<meta property=\"product:brand\" content=\"Osavi\" \/>\n<meta property=\"product:price:amount\" content=\"26.71\" \/>\n<meta property=\"product:price:currency\" content=\"EUR\" \/>\n<meta property=\"og:availability\" content=\"instock\" \/>\n<meta property=\"product:availability\" content=\"instock\" \/>\n<meta property=\"product:retailer_item_id\" content=\"5904139925300\" \/>\n<meta property=\"product:condition\" content=\"new\" \/>\n<!-- \/ Yoast SEO Premium plugin. -->","yoast_head_json":{"title":"Osavi - Querc\u00e9tine Naturelle, 500mg - 120 g\u00e9lules v\u00e9ganes - ECO Supplements","description":"Wij hebben een ruime keuze aan producten van Osavi - Querc\u00e9tine Naturelle, 500mg - 120 g\u00e9lules v\u00e9ganes . Winkel bij Eco Supplements altijd gratis verzending boven 100\u20ac","robots":{"index":"index","follow":"follow","max-snippet":"max-snippet:-1","max-image-preview":"max-image-preview:large","max-video-preview":"max-video-preview:-1"},"canonical":"https:\/\/ecosupplements.be\/fr\/produit\/osavi-natural-quercetin-500mg-120-vegan-caps\/","og_locale":"fr_FR","og_type":"article","og_title":"Osavi - Querc\u00e9tine Naturelle, 500mg - 120 g\u00e9lules v\u00e9ganes","og_description":"Wij hebben een ruime keuze aan producten van Osavi - Querc\u00e9tine Naturelle, 500mg - 120 g\u00e9lules v\u00e9ganes . Winkel bij Eco Supplements altijd gratis verzending boven 100\u20ac","og_url":"https:\/\/ecosupplements.be\/fr\/produit\/osavi-natural-quercetin-500mg-120-vegan-caps\/","og_site_name":"ECO Supplements","article_modified_time":"2025-08-27T14:31:10+00:00","og_image":[{"width":1776,"height":2560,"url":"https:\/\/ecosupplements.be\/wp-content\/uploads\/2025\/08\/Osavi-Natural-Quercetin-500mg-120-vegan-caps.jpg","type":"image\/jpeg"}],"twitter_card":"summary_large_image","twitter_misc":{"Prix":"26.71&nbsp;&euro;","Disponibilit\u00e9":"En stock"},"schema":{"@context":"https:\/\/schema.org","@graph":[{"@type":["WebPage","ItemPage"],"@id":"https:\/\/ecosupplements.be\/fr\/produit\/osavi-natural-quercetin-500mg-120-vegan-caps\/","url":"https:\/\/ecosupplements.be\/fr\/produit\/osavi-natural-quercetin-500mg-120-vegan-caps\/","name":"Osavi - Querc\u00e9tine Naturelle, 500mg - 120 g\u00e9lules v\u00e9ganes - ECO Supplements","isPartOf":{"@id":"https:\/\/ecosupplements.be\/fr\/#website"},"primaryImageOfPage":{"@id":"https:\/\/ecosupplements.be\/fr\/produit\/osavi-natural-quercetin-500mg-120-vegan-caps\/#primaryimage"},"image":{"@id":"https:\/\/ecosupplements.be\/fr\/produit\/osavi-natural-quercetin-500mg-120-vegan-caps\/#primaryimage"},"thumbnailUrl":"https:\/\/ecosupplements.be\/wp-content\/uploads\/2025\/08\/Osavi-Natural-Quercetin-500mg-120-vegan-caps.jpg","datePublished":"2025-04-13T16:08:21+00:00","dateModified":"2025-08-27T14:31:10+00:00","description":"Wij hebben een ruime keuze aan producten van Osavi - Querc\u00e9tine Naturelle, 500mg - 120 g\u00e9lules v\u00e9ganes . Winkel bij Eco Supplements altijd gratis verzending boven 100\u20ac","breadcrumb":{"@id":"https:\/\/ecosupplements.be\/fr\/produit\/osavi-natural-quercetin-500mg-120-vegan-caps\/#breadcrumb"},"inLanguage":"fr-FR","potentialAction":[{"@type":"ReadAction","target":["https:\/\/ecosupplements.be\/fr\/produit\/osavi-natural-quercetin-500mg-120-vegan-caps\/"]}]},{"@type":"ImageObject","inLanguage":"fr-FR","@id":"https:\/\/ecosupplements.be\/fr\/produit\/osavi-natural-quercetin-500mg-120-vegan-caps\/#primaryimage","url":"https:\/\/ecosupplements.be\/wp-content\/uploads\/2025\/08\/Osavi-Natural-Quercetin-500mg-120-vegan-caps.jpg","contentUrl":"https:\/\/ecosupplements.be\/wp-content\/uploads\/2025\/08\/Osavi-Natural-Quercetin-500mg-120-vegan-caps.jpg","width":1776,"height":2560},{"@type":"BreadcrumbList","@id":"https:\/\/ecosupplements.be\/fr\/produit\/osavi-natural-quercetin-500mg-120-vegan-caps\/#breadcrumb","itemListElement":[{"@type":"ListItem","position":1,"name":"Home","item":"https:\/\/ecosupplements.be\/fr\/"},{"@type":"ListItem","position":2,"name":"Boutique","item":"https:\/\/ecosupplements.be\/fr\/boutique\/"},{"@type":"ListItem","position":3,"name":"Osavi &#8211; Querc\u00e9tine Naturelle, 500mg &#8211; 120 g\u00e9lules v\u00e9ganes"}]},{"@type":"WebSite","@id":"https:\/\/ecosupplements.be\/fr\/#website","url":"https:\/\/ecosupplements.be\/fr\/","name":"ECO Supplements","description":"Eco Supplements - Gezonde supplementen","publisher":{"@id":"https:\/\/ecosupplements.be\/fr\/#organization"},"potentialAction":[{"@type":"SearchAction","target":{"@type":"EntryPoint","urlTemplate":"https:\/\/ecosupplements.be\/fr\/?s={search_term_string}"},"query-input":{"@type":"PropertyValueSpecification","valueRequired":true,"valueName":"search_term_string"}}],"inLanguage":"fr-FR"},{"@type":"Organization","@id":"https:\/\/ecosupplements.be\/fr\/#organization","name":"Eco Supplements","url":"https:\/\/ecosupplements.be\/fr\/","logo":{"@type":"ImageObject","inLanguage":"fr-FR","@id":"https:\/\/ecosupplements.be\/fr\/#\/schema\/logo\/image\/","url":"https:\/\/ecosupplements.be\/wp-content\/uploads\/2022\/06\/ecosupplement-family.png","contentUrl":"https:\/\/ecosupplements.be\/wp-content\/uploads\/2022\/06\/ecosupplement-family.png","width":593,"height":374,"caption":"Eco Supplements"},"image":{"@id":"https:\/\/ecosupplements.be\/fr\/#\/schema\/logo\/image\/"}}]},"product_brand":"Osavi","product_price_amount":"26.71","product_price_currency":"EUR","og_availability":"instock","product_availability":"instock","product_retailer_item_id":"5904139925300","product_condition":"new"},"_links":{"self":[{"href":"https:\/\/ecosupplements.be\/fr\/wp-json\/wp\/v2\/product\/291443","targetHints":{"allow":["GET"]}}],"collection":[{"href":"https:\/\/ecosupplements.be\/fr\/wp-json\/wp\/v2\/product"}],"about":[{"href":"https:\/\/ecosupplements.be\/fr\/wp-json\/wp\/v2\/types\/product"}],"replies":[{"embeddable":true,"href":"https:\/\/ecosupplements.be\/fr\/wp-json\/wp\/v2\/comments?post=291443"}],"wp:featuredmedia":[{"embeddable":true,"href":"https:\/\/ecosupplements.be\/fr\/wp-json\/wp\/v2\/media\/291444"}],"wp:attachment":[{"href":"https:\/\/ecosupplements.be\/fr\/wp-json\/wp\/v2\/media?parent=291443"}],"wp:term":[{"taxonomy":"product_brand","embeddable":true,"href":"https:\/\/ecosupplements.be\/fr\/wp-json\/wp\/v2\/product_brand?post=291443"},{"taxonomy":"product_cat","embeddable":true,"href":"https:\/\/ecosupplements.be\/fr\/wp-json\/wp\/v2\/product_cat?post=291443"},{"taxonomy":"product_tag","embeddable":true,"href":"https:\/\/ecosupplements.be\/fr\/wp-json\/wp\/v2\/product_tag?post=291443"}],"curies":[{"name":"wp","href":"https:\/\/api.w.org\/{rel}","templated":true}]}}