{"id":291494,"date":"2024-09-29T01:40:17","date_gmt":"2024-09-29T00:40:17","guid":{"rendered":"https:\/\/ecosupplements.be\/product\/primaforce-caffeine-200mg-180-caps\/"},"modified":"2025-08-27T15:32:27","modified_gmt":"2025-08-27T14:32:27","slug":"primaforce-caffeine-200mg-180-caps","status":"publish","type":"product","link":"https:\/\/ecosupplements.be\/fr\/produit\/primaforce-caffeine-200mg-180-caps\/","title":{"rendered":"Primaforce &#8211; Caf\u00e9ine, 200 mg &#8211; 180 g\u00e9lules"},"content":{"rendered":"<h2>Primaforce &#8211; Caffeine, 200mg &#8211; 180 caps<\/h2>\n<p>D\u00e9couvrez Primaforce Caffeine, un choix parfait pour ceux qui appr\u00e9cient les ingr\u00e9dients naturels dans un mode de vie sain.Chaque capsule contient 200 mg de caf\u00e9ine,issue de sources naturelles,garantissant une grande puret\u00e9 et qualit\u00e9.<\/p>\n<p>Ce produit est con\u00e7u aux \u00c9tats-Unis et se pr\u00e9sente sous forme de capsules faciles \u00e0 consommer. L&#8217;emballage pratique comprend 180 capsules, id\u00e9al pour une utilisation r\u00e9guli\u00e8re.<\/p>\n<p><strong>Ingr\u00e9dients principaux :<\/strong> Caf\u00e9ine issue de sources naturelles.<\/p>\n<p><strong>Utilisation :<\/strong> suivez les recommandations d&#8217;usage quotidien indiqu\u00e9es sur l&#8217;emballage ou consultez un professionnel pour d\u00e9terminer la quantit\u00e9 adapt\u00e9e \u00e0 votre routine quotidienne.<\/p>\n<p>Ces capsules sont simples \u00e0 int\u00e9grer dans votre quotidien gr\u00e2ce \u00e0 leur format pratique qui facilite le transport et la consommation sans pr\u00e9paration suppl\u00e9mentaire.<\/p>\n<p>Optez pour Primaforce Caffeine pour compl\u00e9ter votre approche d&#8217;un style de vie \u00e9quilibr\u00e9 et actif, tout en appr\u00e9ciant la qualit\u00e9 des ingr\u00e9dients purs et naturels.<\/p>\n","protected":false},"excerpt":{"rendered":"<p>Primaforce &#8211; Caffeine, 200mg &#8211; 180 caps D\u00e9couvrez Primaforce Caffeine, un choix parfait pour ceux qui appr\u00e9cient les ingr\u00e9dients naturels dans un mode de vie sain.Chaque capsule contient 200 mg de caf\u00e9ine,issue de sources naturelles,garantissant une grande puret\u00e9 et qualit\u00e9. Ce produit est con\u00e7u aux \u00c9tats-Unis et se pr\u00e9sente sous forme de capsules faciles \u00e0 [&#8230;]\n","protected":false},"featured_media":267217,"comment_status":"open","ping_status":"open","template":"","meta":[],"product_brand":[4757],"product_cat":[5052],"product_tag":[],"class_list":{"0":"post-291494","1":"product","2":"type-product","3":"status-publish","4":"has-post-thumbnail","6":"product_brand-primaforce-2","7":"product_cat-sante-et-bien-etre","9":"first","10":"outofstock","11":"sale","12":"taxable","13":"shipping-taxable","14":"purchasable","15":"product-type-simple"},"yoast_head":"<!-- This site is optimized with the Yoast SEO Premium plugin v27.3 (Yoast SEO v27.3) - https:\/\/yoast.com\/product\/yoast-seo-premium-wordpress\/ -->\n<title>Primaforce - Caf\u00e9ine, 200 mg - 180 g\u00e9lules - ECO Supplements<\/title>\n<meta name=\"description\" content=\"Wij hebben een ruime keuze aan producten van Primaforce - Caf\u00e9ine, 200 mg - 180 g\u00e9lules . Winkel bij Eco Supplements altijd gratis verzending boven 100\u20ac\" \/>\n<meta name=\"robots\" content=\"index, follow, max-snippet:-1, max-image-preview:large, max-video-preview:-1\" \/>\n<link rel=\"canonical\" href=\"https:\/\/ecosupplements.be\/fr\/produit\/primaforce-caffeine-200mg-180-caps\/\" \/>\n<meta property=\"og:locale\" content=\"fr_FR\" \/>\n<meta property=\"og:type\" content=\"article\" \/>\n<meta property=\"og:title\" content=\"Primaforce - Caf\u00e9ine, 200 mg - 180 g\u00e9lules\" \/>\n<meta property=\"og:description\" content=\"Wij hebben een ruime keuze aan producten van Primaforce - Caf\u00e9ine, 200 mg - 180 g\u00e9lules . Winkel bij Eco Supplements altijd gratis verzending boven 100\u20ac\" \/>\n<meta property=\"og:url\" content=\"https:\/\/ecosupplements.be\/fr\/produit\/primaforce-caffeine-200mg-180-caps\/\" \/>\n<meta property=\"og:site_name\" content=\"ECO Supplements\" \/>\n<meta property=\"article:modified_time\" content=\"2025-08-27T14:32:27+00:00\" \/>\n<meta property=\"og:image\" content=\"https:\/\/ecosupplements.be\/wp-content\/uploads\/2025\/08\/Primaforce-Caffeine-200mg-180-caps.jpg\" \/>\n\t<meta property=\"og:image:width\" content=\"1401\" \/>\n\t<meta property=\"og:image:height\" content=\"1475\" \/>\n\t<meta property=\"og:image:type\" content=\"image\/jpeg\" \/>\n<meta name=\"twitter:card\" content=\"summary_large_image\" \/>\n<meta name=\"twitter:label1\" content=\"Prix\" \/>\n\t<meta name=\"twitter:data1\" content=\"13.28&nbsp;&euro;\" \/>\n\t<meta name=\"twitter:label2\" content=\"Disponibilit\u00e9\" \/>\n\t<meta name=\"twitter:data2\" content=\"Rupture de stock\" \/>\n<script type=\"application\/ld+json\" class=\"yoast-schema-graph\">{\"@context\":\"https:\\\/\\\/schema.org\",\"@graph\":[{\"@type\":[\"WebPage\",\"ItemPage\"],\"@id\":\"https:\\\/\\\/ecosupplements.be\\\/fr\\\/produit\\\/primaforce-caffeine-200mg-180-caps\\\/\",\"url\":\"https:\\\/\\\/ecosupplements.be\\\/fr\\\/produit\\\/primaforce-caffeine-200mg-180-caps\\\/\",\"name\":\"Primaforce - Caf\u00e9ine, 200 mg - 180 g\u00e9lules - ECO Supplements\",\"isPartOf\":{\"@id\":\"https:\\\/\\\/ecosupplements.be\\\/fr\\\/#website\"},\"primaryImageOfPage\":{\"@id\":\"https:\\\/\\\/ecosupplements.be\\\/fr\\\/produit\\\/primaforce-caffeine-200mg-180-caps\\\/#primaryimage\"},\"image\":{\"@id\":\"https:\\\/\\\/ecosupplements.be\\\/fr\\\/produit\\\/primaforce-caffeine-200mg-180-caps\\\/#primaryimage\"},\"thumbnailUrl\":\"https:\\\/\\\/ecosupplements.be\\\/wp-content\\\/uploads\\\/2025\\\/08\\\/Caffeine-200mg-180-caps.jpg\",\"datePublished\":\"2024-09-29T00:40:17+00:00\",\"dateModified\":\"2025-08-27T14:32:27+00:00\",\"description\":\"Wij hebben een ruime keuze aan producten van Primaforce - Caf\u00e9ine, 200 mg - 180 g\u00e9lules . Winkel bij Eco Supplements altijd gratis verzending boven 100\u20ac\",\"breadcrumb\":{\"@id\":\"https:\\\/\\\/ecosupplements.be\\\/fr\\\/produit\\\/primaforce-caffeine-200mg-180-caps\\\/#breadcrumb\"},\"inLanguage\":\"fr-FR\",\"potentialAction\":[{\"@type\":\"ReadAction\",\"target\":[\"https:\\\/\\\/ecosupplements.be\\\/fr\\\/produit\\\/primaforce-caffeine-200mg-180-caps\\\/\"]}]},{\"@type\":\"ImageObject\",\"inLanguage\":\"fr-FR\",\"@id\":\"https:\\\/\\\/ecosupplements.be\\\/fr\\\/produit\\\/primaforce-caffeine-200mg-180-caps\\\/#primaryimage\",\"url\":\"https:\\\/\\\/ecosupplements.be\\\/wp-content\\\/uploads\\\/2025\\\/08\\\/Caffeine-200mg-180-caps.jpg\",\"contentUrl\":\"https:\\\/\\\/ecosupplements.be\\\/wp-content\\\/uploads\\\/2025\\\/08\\\/Caffeine-200mg-180-caps.jpg\",\"width\":1401,\"height\":1475},{\"@type\":\"BreadcrumbList\",\"@id\":\"https:\\\/\\\/ecosupplements.be\\\/fr\\\/produit\\\/primaforce-caffeine-200mg-180-caps\\\/#breadcrumb\",\"itemListElement\":[{\"@type\":\"ListItem\",\"position\":1,\"name\":\"Home\",\"item\":\"https:\\\/\\\/ecosupplements.be\\\/fr\\\/\"},{\"@type\":\"ListItem\",\"position\":2,\"name\":\"Boutique\",\"item\":\"https:\\\/\\\/ecosupplements.be\\\/fr\\\/boutique\\\/\"},{\"@type\":\"ListItem\",\"position\":3,\"name\":\"Primaforce &#8211; Caf\u00e9ine, 200 mg &#8211; 180 g\u00e9lules\"}]},{\"@type\":\"WebSite\",\"@id\":\"https:\\\/\\\/ecosupplements.be\\\/fr\\\/#website\",\"url\":\"https:\\\/\\\/ecosupplements.be\\\/fr\\\/\",\"name\":\"ECO Supplements\",\"description\":\"Eco Supplements - Gezonde supplementen\",\"publisher\":{\"@id\":\"https:\\\/\\\/ecosupplements.be\\\/fr\\\/#organization\"},\"potentialAction\":[{\"@type\":\"SearchAction\",\"target\":{\"@type\":\"EntryPoint\",\"urlTemplate\":\"https:\\\/\\\/ecosupplements.be\\\/fr\\\/?s={search_term_string}\"},\"query-input\":{\"@type\":\"PropertyValueSpecification\",\"valueRequired\":true,\"valueName\":\"search_term_string\"}}],\"inLanguage\":\"fr-FR\"},{\"@type\":\"Organization\",\"@id\":\"https:\\\/\\\/ecosupplements.be\\\/fr\\\/#organization\",\"name\":\"Eco Supplements\",\"url\":\"https:\\\/\\\/ecosupplements.be\\\/fr\\\/\",\"logo\":{\"@type\":\"ImageObject\",\"inLanguage\":\"fr-FR\",\"@id\":\"https:\\\/\\\/ecosupplements.be\\\/fr\\\/#\\\/schema\\\/logo\\\/image\\\/\",\"url\":\"https:\\\/\\\/ecosupplements.be\\\/wp-content\\\/uploads\\\/2022\\\/06\\\/ecosupplement-family.png\",\"contentUrl\":\"https:\\\/\\\/ecosupplements.be\\\/wp-content\\\/uploads\\\/2022\\\/06\\\/ecosupplement-family.png\",\"width\":593,\"height\":374,\"caption\":\"Eco Supplements\"},\"image\":{\"@id\":\"https:\\\/\\\/ecosupplements.be\\\/fr\\\/#\\\/schema\\\/logo\\\/image\\\/\"}}]}<\/script>\n<meta property=\"product:brand\" content=\"Primaforce\" \/>\n<meta property=\"product:price:amount\" content=\"13.28\" \/>\n<meta property=\"product:price:currency\" content=\"EUR\" \/>\n<meta property=\"og:availability\" content=\"out of stock\" \/>\n<meta property=\"product:availability\" content=\"out of stock\" \/>\n<meta property=\"product:retailer_item_id\" content=\"713325973682\" \/>\n<meta property=\"product:condition\" content=\"new\" \/>\n<!-- \/ Yoast SEO Premium plugin. -->","yoast_head_json":{"title":"Primaforce - Caf\u00e9ine, 200 mg - 180 g\u00e9lules - ECO Supplements","description":"Wij hebben een ruime keuze aan producten van Primaforce - Caf\u00e9ine, 200 mg - 180 g\u00e9lules . Winkel bij Eco Supplements altijd gratis verzending boven 100\u20ac","robots":{"index":"index","follow":"follow","max-snippet":"max-snippet:-1","max-image-preview":"max-image-preview:large","max-video-preview":"max-video-preview:-1"},"canonical":"https:\/\/ecosupplements.be\/fr\/produit\/primaforce-caffeine-200mg-180-caps\/","og_locale":"fr_FR","og_type":"article","og_title":"Primaforce - Caf\u00e9ine, 200 mg - 180 g\u00e9lules","og_description":"Wij hebben een ruime keuze aan producten van Primaforce - Caf\u00e9ine, 200 mg - 180 g\u00e9lules . Winkel bij Eco Supplements altijd gratis verzending boven 100\u20ac","og_url":"https:\/\/ecosupplements.be\/fr\/produit\/primaforce-caffeine-200mg-180-caps\/","og_site_name":"ECO Supplements","article_modified_time":"2025-08-27T14:32:27+00:00","og_image":[{"width":1401,"height":1475,"url":"https:\/\/ecosupplements.be\/wp-content\/uploads\/2025\/08\/Primaforce-Caffeine-200mg-180-caps.jpg","type":"image\/jpeg"}],"twitter_card":"summary_large_image","twitter_misc":{"Prix":"13.28&nbsp;&euro;","Disponibilit\u00e9":"Rupture de stock"},"schema":{"@context":"https:\/\/schema.org","@graph":[{"@type":["WebPage","ItemPage"],"@id":"https:\/\/ecosupplements.be\/fr\/produit\/primaforce-caffeine-200mg-180-caps\/","url":"https:\/\/ecosupplements.be\/fr\/produit\/primaforce-caffeine-200mg-180-caps\/","name":"Primaforce - Caf\u00e9ine, 200 mg - 180 g\u00e9lules - ECO Supplements","isPartOf":{"@id":"https:\/\/ecosupplements.be\/fr\/#website"},"primaryImageOfPage":{"@id":"https:\/\/ecosupplements.be\/fr\/produit\/primaforce-caffeine-200mg-180-caps\/#primaryimage"},"image":{"@id":"https:\/\/ecosupplements.be\/fr\/produit\/primaforce-caffeine-200mg-180-caps\/#primaryimage"},"thumbnailUrl":"https:\/\/ecosupplements.be\/wp-content\/uploads\/2025\/08\/Caffeine-200mg-180-caps.jpg","datePublished":"2024-09-29T00:40:17+00:00","dateModified":"2025-08-27T14:32:27+00:00","description":"Wij hebben een ruime keuze aan producten van Primaforce - Caf\u00e9ine, 200 mg - 180 g\u00e9lules . Winkel bij Eco Supplements altijd gratis verzending boven 100\u20ac","breadcrumb":{"@id":"https:\/\/ecosupplements.be\/fr\/produit\/primaforce-caffeine-200mg-180-caps\/#breadcrumb"},"inLanguage":"fr-FR","potentialAction":[{"@type":"ReadAction","target":["https:\/\/ecosupplements.be\/fr\/produit\/primaforce-caffeine-200mg-180-caps\/"]}]},{"@type":"ImageObject","inLanguage":"fr-FR","@id":"https:\/\/ecosupplements.be\/fr\/produit\/primaforce-caffeine-200mg-180-caps\/#primaryimage","url":"https:\/\/ecosupplements.be\/wp-content\/uploads\/2025\/08\/Caffeine-200mg-180-caps.jpg","contentUrl":"https:\/\/ecosupplements.be\/wp-content\/uploads\/2025\/08\/Caffeine-200mg-180-caps.jpg","width":1401,"height":1475},{"@type":"BreadcrumbList","@id":"https:\/\/ecosupplements.be\/fr\/produit\/primaforce-caffeine-200mg-180-caps\/#breadcrumb","itemListElement":[{"@type":"ListItem","position":1,"name":"Home","item":"https:\/\/ecosupplements.be\/fr\/"},{"@type":"ListItem","position":2,"name":"Boutique","item":"https:\/\/ecosupplements.be\/fr\/boutique\/"},{"@type":"ListItem","position":3,"name":"Primaforce &#8211; Caf\u00e9ine, 200 mg &#8211; 180 g\u00e9lules"}]},{"@type":"WebSite","@id":"https:\/\/ecosupplements.be\/fr\/#website","url":"https:\/\/ecosupplements.be\/fr\/","name":"ECO Supplements","description":"Eco Supplements - Gezonde supplementen","publisher":{"@id":"https:\/\/ecosupplements.be\/fr\/#organization"},"potentialAction":[{"@type":"SearchAction","target":{"@type":"EntryPoint","urlTemplate":"https:\/\/ecosupplements.be\/fr\/?s={search_term_string}"},"query-input":{"@type":"PropertyValueSpecification","valueRequired":true,"valueName":"search_term_string"}}],"inLanguage":"fr-FR"},{"@type":"Organization","@id":"https:\/\/ecosupplements.be\/fr\/#organization","name":"Eco Supplements","url":"https:\/\/ecosupplements.be\/fr\/","logo":{"@type":"ImageObject","inLanguage":"fr-FR","@id":"https:\/\/ecosupplements.be\/fr\/#\/schema\/logo\/image\/","url":"https:\/\/ecosupplements.be\/wp-content\/uploads\/2022\/06\/ecosupplement-family.png","contentUrl":"https:\/\/ecosupplements.be\/wp-content\/uploads\/2022\/06\/ecosupplement-family.png","width":593,"height":374,"caption":"Eco Supplements"},"image":{"@id":"https:\/\/ecosupplements.be\/fr\/#\/schema\/logo\/image\/"}}]},"product_brand":"Primaforce","product_price_amount":"13.28","product_price_currency":"EUR","og_availability":"out of stock","product_availability":"out of stock","product_retailer_item_id":"713325973682","product_condition":"new"},"_links":{"self":[{"href":"https:\/\/ecosupplements.be\/fr\/wp-json\/wp\/v2\/product\/291494","targetHints":{"allow":["GET"]}}],"collection":[{"href":"https:\/\/ecosupplements.be\/fr\/wp-json\/wp\/v2\/product"}],"about":[{"href":"https:\/\/ecosupplements.be\/fr\/wp-json\/wp\/v2\/types\/product"}],"replies":[{"embeddable":true,"href":"https:\/\/ecosupplements.be\/fr\/wp-json\/wp\/v2\/comments?post=291494"}],"wp:featuredmedia":[{"embeddable":true,"href":"https:\/\/ecosupplements.be\/fr\/wp-json\/wp\/v2\/media\/267217"}],"wp:attachment":[{"href":"https:\/\/ecosupplements.be\/fr\/wp-json\/wp\/v2\/media?parent=291494"}],"wp:term":[{"taxonomy":"product_brand","embeddable":true,"href":"https:\/\/ecosupplements.be\/fr\/wp-json\/wp\/v2\/product_brand?post=291494"},{"taxonomy":"product_cat","embeddable":true,"href":"https:\/\/ecosupplements.be\/fr\/wp-json\/wp\/v2\/product_cat?post=291494"},{"taxonomy":"product_tag","embeddable":true,"href":"https:\/\/ecosupplements.be\/fr\/wp-json\/wp\/v2\/product_tag?post=291494"}],"curies":[{"name":"wp","href":"https:\/\/api.w.org\/{rel}","templated":true}]}}