{"id":291533,"date":"2024-10-31T11:12:39","date_gmt":"2024-10-31T10:12:39","guid":{"rendered":"https:\/\/ecosupplements.be\/product\/puritans-pride-resveratrol-100mg-120-softgels\/"},"modified":"2025-08-27T15:33:04","modified_gmt":"2025-08-27T14:33:04","slug":"puritans-pride-resveratrol-100mg-120-softgels","status":"publish","type":"product","link":"https:\/\/ecosupplements.be\/fr\/produit\/puritans-pride-resveratrol-100mg-120-softgels\/","title":{"rendered":"Puritan&#8217;s Pride &#8211; Resv\u00e9ratrol, 100 mg &#8211; 120 capsules molles"},"content":{"rendered":"<h2>Puritan&#8217;s Pride &#8211; Resveratrol, 100mg &#8211; 120 softgels<\/h2>\n<p>D\u00e9couvrez le Resveratrol de Puritan&#8217;s Pride, un choix parfait pour ceux qui appr\u00e9cient les ingr\u00e9dients naturels dans un mode de vie sain. Chaque softgel contient 100 mg de resv\u00e9ratrol, issu d&#8217;une source naturelle pour assurer une grande puret\u00e9 et qualit\u00e9.<\/p>\n<p>Ce produit est fabriqu\u00e9 aux \u00c9tats-Unis et se pr\u00e9sente sous forme de softgels faciles \u00e0 avaler, con\u00e7us pour une utilisation pratique au quotidien. Le format de 120 softgels par emballage permet une gestion ais\u00e9e et efficace de votre routine quotidienne.<\/p>\n<p>Le resv\u00e9ratrol est appr\u00e9ci\u00e9 pour son origine naturelle et la simplicit\u00e9 qu&#8217;il apporte \u00e0 votre quotidien. Int\u00e9grez facilement ces softgels \u00e0 votre routine pour compl\u00e9menter votre alimentation avec un produit de haute qualit\u00e9.<\/p>\n<p>Utilisation recommand\u00e9e : Suivre les indications sur l&#8217;emballage ou consulter un professionnel pour d\u00e9terminer la dose adapt\u00e9e \u00e0 vos besoins quotidiens.<\/p>\n<p>Optez pour Puritan&#8217;s Pride Resveratrol, un choix simple et naturel qui s&#8217;int\u00e8gre harmonieusement dans un style de vie actif sans pr\u00e9tentions m\u00e9dicales ou th\u00e9rapeutiques.<\/p>\n","protected":false},"excerpt":{"rendered":"<p>Puritan&#8217;s Pride &#8211; Resveratrol, 100mg &#8211; 120 softgels D\u00e9couvrez le Resveratrol de Puritan&#8217;s Pride, un choix parfait pour ceux qui appr\u00e9cient les ingr\u00e9dients naturels dans un mode de vie sain. Chaque softgel contient 100 mg de resv\u00e9ratrol, issu d&#8217;une source naturelle pour assurer une grande puret\u00e9 et qualit\u00e9. Ce produit est fabriqu\u00e9 aux \u00c9tats-Unis et [&#8230;]\n","protected":false},"featured_media":291534,"comment_status":"open","ping_status":"open","template":"","meta":[],"product_brand":[5280],"product_cat":[5052],"product_tag":[],"class_list":{"0":"post-291533","1":"product","2":"type-product","3":"status-publish","4":"has-post-thumbnail","6":"product_brand-puritans-pride-2","7":"product_cat-sante-et-bien-etre","9":"first","10":"instock","11":"sale","12":"taxable","13":"shipping-taxable","14":"purchasable","15":"product-type-simple"},"yoast_head":"<!-- This site is optimized with the Yoast SEO Premium plugin v27.3 (Yoast SEO v27.3) - https:\/\/yoast.com\/product\/yoast-seo-premium-wordpress\/ -->\n<title>Puritan&#039;s Pride - Resv\u00e9ratrol, 100 mg - 120 capsules molles - ECO Supplements<\/title>\n<meta name=\"description\" content=\"Wij hebben een ruime keuze aan producten van Puritan&#039;s Pride - Resv\u00e9ratrol, 100 mg - 120 capsules molles . Winkel bij Eco Supplements altijd gratis verzending boven 100\u20ac\" \/>\n<meta name=\"robots\" content=\"index, follow, max-snippet:-1, max-image-preview:large, max-video-preview:-1\" \/>\n<link rel=\"canonical\" href=\"https:\/\/ecosupplements.be\/fr\/produit\/puritans-pride-resveratrol-100mg-120-softgels\/\" \/>\n<meta property=\"og:locale\" content=\"fr_FR\" \/>\n<meta property=\"og:type\" content=\"article\" \/>\n<meta property=\"og:title\" content=\"Puritan&#039;s Pride - Resv\u00e9ratrol, 100 mg - 120 capsules molles\" \/>\n<meta property=\"og:description\" content=\"Wij hebben een ruime keuze aan producten van Puritan&#039;s Pride - Resv\u00e9ratrol, 100 mg - 120 capsules molles . Winkel bij Eco Supplements altijd gratis verzending boven 100\u20ac\" \/>\n<meta property=\"og:url\" content=\"https:\/\/ecosupplements.be\/fr\/produit\/puritans-pride-resveratrol-100mg-120-softgels\/\" \/>\n<meta property=\"og:site_name\" content=\"ECO Supplements\" \/>\n<meta property=\"article:modified_time\" content=\"2025-08-27T14:33:04+00:00\" \/>\n<meta property=\"og:image\" content=\"https:\/\/ecosupplements.be\/wp-content\/uploads\/2025\/08\/Puritans-Pride-Resveratrol-100mg-120-softgels-1.jpg\" \/>\n\t<meta property=\"og:image:width\" content=\"1001\" \/>\n\t<meta property=\"og:image:height\" content=\"2145\" \/>\n\t<meta property=\"og:image:type\" content=\"image\/jpeg\" \/>\n<meta name=\"twitter:card\" content=\"summary_large_image\" \/>\n<meta name=\"twitter:label1\" content=\"Prix\" \/>\n\t<meta name=\"twitter:data1\" content=\"19.61&nbsp;&euro;\" \/>\n\t<meta name=\"twitter:label2\" content=\"Disponibilit\u00e9\" \/>\n\t<meta name=\"twitter:data2\" content=\"En stock\" \/>\n<script type=\"application\/ld+json\" class=\"yoast-schema-graph\">{\"@context\":\"https:\\\/\\\/schema.org\",\"@graph\":[{\"@type\":[\"WebPage\",\"ItemPage\"],\"@id\":\"https:\\\/\\\/ecosupplements.be\\\/fr\\\/produit\\\/puritans-pride-resveratrol-100mg-120-softgels\\\/\",\"url\":\"https:\\\/\\\/ecosupplements.be\\\/fr\\\/produit\\\/puritans-pride-resveratrol-100mg-120-softgels\\\/\",\"name\":\"Puritan's Pride - Resv\u00e9ratrol, 100 mg - 120 capsules molles - ECO Supplements\",\"isPartOf\":{\"@id\":\"https:\\\/\\\/ecosupplements.be\\\/fr\\\/#website\"},\"primaryImageOfPage\":{\"@id\":\"https:\\\/\\\/ecosupplements.be\\\/fr\\\/produit\\\/puritans-pride-resveratrol-100mg-120-softgels\\\/#primaryimage\"},\"image\":{\"@id\":\"https:\\\/\\\/ecosupplements.be\\\/fr\\\/produit\\\/puritans-pride-resveratrol-100mg-120-softgels\\\/#primaryimage\"},\"thumbnailUrl\":\"https:\\\/\\\/ecosupplements.be\\\/wp-content\\\/uploads\\\/2025\\\/08\\\/Puritans-Pride-Resveratrol-100mg-120-softgels-1.jpg\",\"datePublished\":\"2024-10-31T10:12:39+00:00\",\"dateModified\":\"2025-08-27T14:33:04+00:00\",\"description\":\"Wij hebben een ruime keuze aan producten van Puritan's Pride - Resv\u00e9ratrol, 100 mg - 120 capsules molles . Winkel bij Eco Supplements altijd gratis verzending boven 100\u20ac\",\"breadcrumb\":{\"@id\":\"https:\\\/\\\/ecosupplements.be\\\/fr\\\/produit\\\/puritans-pride-resveratrol-100mg-120-softgels\\\/#breadcrumb\"},\"inLanguage\":\"fr-FR\",\"potentialAction\":[{\"@type\":\"ReadAction\",\"target\":[\"https:\\\/\\\/ecosupplements.be\\\/fr\\\/produit\\\/puritans-pride-resveratrol-100mg-120-softgels\\\/\"]}]},{\"@type\":\"ImageObject\",\"inLanguage\":\"fr-FR\",\"@id\":\"https:\\\/\\\/ecosupplements.be\\\/fr\\\/produit\\\/puritans-pride-resveratrol-100mg-120-softgels\\\/#primaryimage\",\"url\":\"https:\\\/\\\/ecosupplements.be\\\/wp-content\\\/uploads\\\/2025\\\/08\\\/Puritans-Pride-Resveratrol-100mg-120-softgels-1.jpg\",\"contentUrl\":\"https:\\\/\\\/ecosupplements.be\\\/wp-content\\\/uploads\\\/2025\\\/08\\\/Puritans-Pride-Resveratrol-100mg-120-softgels-1.jpg\",\"width\":1001,\"height\":2145},{\"@type\":\"BreadcrumbList\",\"@id\":\"https:\\\/\\\/ecosupplements.be\\\/fr\\\/produit\\\/puritans-pride-resveratrol-100mg-120-softgels\\\/#breadcrumb\",\"itemListElement\":[{\"@type\":\"ListItem\",\"position\":1,\"name\":\"Home\",\"item\":\"https:\\\/\\\/ecosupplements.be\\\/fr\\\/\"},{\"@type\":\"ListItem\",\"position\":2,\"name\":\"Boutique\",\"item\":\"https:\\\/\\\/ecosupplements.be\\\/fr\\\/boutique\\\/\"},{\"@type\":\"ListItem\",\"position\":3,\"name\":\"Puritan&#8217;s Pride &#8211; Resv\u00e9ratrol, 100 mg &#8211; 120 capsules molles\"}]},{\"@type\":\"WebSite\",\"@id\":\"https:\\\/\\\/ecosupplements.be\\\/fr\\\/#website\",\"url\":\"https:\\\/\\\/ecosupplements.be\\\/fr\\\/\",\"name\":\"ECO Supplements\",\"description\":\"Eco Supplements - Gezonde supplementen\",\"publisher\":{\"@id\":\"https:\\\/\\\/ecosupplements.be\\\/fr\\\/#organization\"},\"potentialAction\":[{\"@type\":\"SearchAction\",\"target\":{\"@type\":\"EntryPoint\",\"urlTemplate\":\"https:\\\/\\\/ecosupplements.be\\\/fr\\\/?s={search_term_string}\"},\"query-input\":{\"@type\":\"PropertyValueSpecification\",\"valueRequired\":true,\"valueName\":\"search_term_string\"}}],\"inLanguage\":\"fr-FR\"},{\"@type\":\"Organization\",\"@id\":\"https:\\\/\\\/ecosupplements.be\\\/fr\\\/#organization\",\"name\":\"Eco Supplements\",\"url\":\"https:\\\/\\\/ecosupplements.be\\\/fr\\\/\",\"logo\":{\"@type\":\"ImageObject\",\"inLanguage\":\"fr-FR\",\"@id\":\"https:\\\/\\\/ecosupplements.be\\\/fr\\\/#\\\/schema\\\/logo\\\/image\\\/\",\"url\":\"https:\\\/\\\/ecosupplements.be\\\/wp-content\\\/uploads\\\/2022\\\/06\\\/ecosupplement-family.png\",\"contentUrl\":\"https:\\\/\\\/ecosupplements.be\\\/wp-content\\\/uploads\\\/2022\\\/06\\\/ecosupplement-family.png\",\"width\":593,\"height\":374,\"caption\":\"Eco Supplements\"},\"image\":{\"@id\":\"https:\\\/\\\/ecosupplements.be\\\/fr\\\/#\\\/schema\\\/logo\\\/image\\\/\"}}]}<\/script>\n<meta property=\"product:brand\" content=\"Puritan&#039;s Pride\" \/>\n<meta property=\"product:price:amount\" content=\"19.61\" \/>\n<meta property=\"product:price:currency\" content=\"EUR\" \/>\n<meta property=\"og:availability\" content=\"instock\" \/>\n<meta property=\"product:availability\" content=\"instock\" \/>\n<meta property=\"product:retailer_item_id\" content=\"025077180585\" \/>\n<meta property=\"product:condition\" content=\"new\" \/>\n<!-- \/ Yoast SEO Premium plugin. -->","yoast_head_json":{"title":"Puritan's Pride - Resv\u00e9ratrol, 100 mg - 120 capsules molles - ECO Supplements","description":"Wij hebben een ruime keuze aan producten van Puritan's Pride - Resv\u00e9ratrol, 100 mg - 120 capsules molles . Winkel bij Eco Supplements altijd gratis verzending boven 100\u20ac","robots":{"index":"index","follow":"follow","max-snippet":"max-snippet:-1","max-image-preview":"max-image-preview:large","max-video-preview":"max-video-preview:-1"},"canonical":"https:\/\/ecosupplements.be\/fr\/produit\/puritans-pride-resveratrol-100mg-120-softgels\/","og_locale":"fr_FR","og_type":"article","og_title":"Puritan's Pride - Resv\u00e9ratrol, 100 mg - 120 capsules molles","og_description":"Wij hebben een ruime keuze aan producten van Puritan's Pride - Resv\u00e9ratrol, 100 mg - 120 capsules molles . Winkel bij Eco Supplements altijd gratis verzending boven 100\u20ac","og_url":"https:\/\/ecosupplements.be\/fr\/produit\/puritans-pride-resveratrol-100mg-120-softgels\/","og_site_name":"ECO Supplements","article_modified_time":"2025-08-27T14:33:04+00:00","og_image":[{"width":1001,"height":2145,"url":"https:\/\/ecosupplements.be\/wp-content\/uploads\/2025\/08\/Puritans-Pride-Resveratrol-100mg-120-softgels-1.jpg","type":"image\/jpeg"}],"twitter_card":"summary_large_image","twitter_misc":{"Prix":"19.61&nbsp;&euro;","Disponibilit\u00e9":"En stock"},"schema":{"@context":"https:\/\/schema.org","@graph":[{"@type":["WebPage","ItemPage"],"@id":"https:\/\/ecosupplements.be\/fr\/produit\/puritans-pride-resveratrol-100mg-120-softgels\/","url":"https:\/\/ecosupplements.be\/fr\/produit\/puritans-pride-resveratrol-100mg-120-softgels\/","name":"Puritan's Pride - Resv\u00e9ratrol, 100 mg - 120 capsules molles - ECO Supplements","isPartOf":{"@id":"https:\/\/ecosupplements.be\/fr\/#website"},"primaryImageOfPage":{"@id":"https:\/\/ecosupplements.be\/fr\/produit\/puritans-pride-resveratrol-100mg-120-softgels\/#primaryimage"},"image":{"@id":"https:\/\/ecosupplements.be\/fr\/produit\/puritans-pride-resveratrol-100mg-120-softgels\/#primaryimage"},"thumbnailUrl":"https:\/\/ecosupplements.be\/wp-content\/uploads\/2025\/08\/Puritans-Pride-Resveratrol-100mg-120-softgels-1.jpg","datePublished":"2024-10-31T10:12:39+00:00","dateModified":"2025-08-27T14:33:04+00:00","description":"Wij hebben een ruime keuze aan producten van Puritan's Pride - Resv\u00e9ratrol, 100 mg - 120 capsules molles . Winkel bij Eco Supplements altijd gratis verzending boven 100\u20ac","breadcrumb":{"@id":"https:\/\/ecosupplements.be\/fr\/produit\/puritans-pride-resveratrol-100mg-120-softgels\/#breadcrumb"},"inLanguage":"fr-FR","potentialAction":[{"@type":"ReadAction","target":["https:\/\/ecosupplements.be\/fr\/produit\/puritans-pride-resveratrol-100mg-120-softgels\/"]}]},{"@type":"ImageObject","inLanguage":"fr-FR","@id":"https:\/\/ecosupplements.be\/fr\/produit\/puritans-pride-resveratrol-100mg-120-softgels\/#primaryimage","url":"https:\/\/ecosupplements.be\/wp-content\/uploads\/2025\/08\/Puritans-Pride-Resveratrol-100mg-120-softgels-1.jpg","contentUrl":"https:\/\/ecosupplements.be\/wp-content\/uploads\/2025\/08\/Puritans-Pride-Resveratrol-100mg-120-softgels-1.jpg","width":1001,"height":2145},{"@type":"BreadcrumbList","@id":"https:\/\/ecosupplements.be\/fr\/produit\/puritans-pride-resveratrol-100mg-120-softgels\/#breadcrumb","itemListElement":[{"@type":"ListItem","position":1,"name":"Home","item":"https:\/\/ecosupplements.be\/fr\/"},{"@type":"ListItem","position":2,"name":"Boutique","item":"https:\/\/ecosupplements.be\/fr\/boutique\/"},{"@type":"ListItem","position":3,"name":"Puritan&#8217;s Pride &#8211; Resv\u00e9ratrol, 100 mg &#8211; 120 capsules molles"}]},{"@type":"WebSite","@id":"https:\/\/ecosupplements.be\/fr\/#website","url":"https:\/\/ecosupplements.be\/fr\/","name":"ECO Supplements","description":"Eco Supplements - Gezonde supplementen","publisher":{"@id":"https:\/\/ecosupplements.be\/fr\/#organization"},"potentialAction":[{"@type":"SearchAction","target":{"@type":"EntryPoint","urlTemplate":"https:\/\/ecosupplements.be\/fr\/?s={search_term_string}"},"query-input":{"@type":"PropertyValueSpecification","valueRequired":true,"valueName":"search_term_string"}}],"inLanguage":"fr-FR"},{"@type":"Organization","@id":"https:\/\/ecosupplements.be\/fr\/#organization","name":"Eco Supplements","url":"https:\/\/ecosupplements.be\/fr\/","logo":{"@type":"ImageObject","inLanguage":"fr-FR","@id":"https:\/\/ecosupplements.be\/fr\/#\/schema\/logo\/image\/","url":"https:\/\/ecosupplements.be\/wp-content\/uploads\/2022\/06\/ecosupplement-family.png","contentUrl":"https:\/\/ecosupplements.be\/wp-content\/uploads\/2022\/06\/ecosupplement-family.png","width":593,"height":374,"caption":"Eco Supplements"},"image":{"@id":"https:\/\/ecosupplements.be\/fr\/#\/schema\/logo\/image\/"}}]},"product_brand":"Puritan's Pride","product_price_amount":"19.61","product_price_currency":"EUR","og_availability":"instock","product_availability":"instock","product_retailer_item_id":"025077180585","product_condition":"new"},"_links":{"self":[{"href":"https:\/\/ecosupplements.be\/fr\/wp-json\/wp\/v2\/product\/291533","targetHints":{"allow":["GET"]}}],"collection":[{"href":"https:\/\/ecosupplements.be\/fr\/wp-json\/wp\/v2\/product"}],"about":[{"href":"https:\/\/ecosupplements.be\/fr\/wp-json\/wp\/v2\/types\/product"}],"replies":[{"embeddable":true,"href":"https:\/\/ecosupplements.be\/fr\/wp-json\/wp\/v2\/comments?post=291533"}],"wp:featuredmedia":[{"embeddable":true,"href":"https:\/\/ecosupplements.be\/fr\/wp-json\/wp\/v2\/media\/291534"}],"wp:attachment":[{"href":"https:\/\/ecosupplements.be\/fr\/wp-json\/wp\/v2\/media?parent=291533"}],"wp:term":[{"taxonomy":"product_brand","embeddable":true,"href":"https:\/\/ecosupplements.be\/fr\/wp-json\/wp\/v2\/product_brand?post=291533"},{"taxonomy":"product_cat","embeddable":true,"href":"https:\/\/ecosupplements.be\/fr\/wp-json\/wp\/v2\/product_cat?post=291533"},{"taxonomy":"product_tag","embeddable":true,"href":"https:\/\/ecosupplements.be\/fr\/wp-json\/wp\/v2\/product_tag?post=291533"}],"curies":[{"name":"wp","href":"https:\/\/api.w.org\/{rel}","templated":true}]}}