{"id":291599,"date":"2024-08-29T01:45:51","date_gmt":"2024-08-29T00:45:51","guid":{"rendered":"https:\/\/ecosupplements.be\/product\/skill-nutrition-skill-pre-workout-watermelon-400g\/"},"modified":"2025-08-27T15:34:03","modified_gmt":"2025-08-27T14:34:03","slug":"skill-nutrition-skill-pre-workout-watermelon-400g","status":"publish","type":"product","link":"https:\/\/ecosupplements.be\/fr\/produit\/skill-nutrition-skill-pre-workout-watermelon-400g\/","title":{"rendered":"Nutrition Sportive &#8211; Pr\u00e9-entra\u00eenement Skill, Past\u00e8que &#8211; 400g"},"content":{"rendered":"<h2>Skill Pre-Workout, Watermelon &#8211; 400g<\/h2>\n<p>D\u00e9couvrez le <strong>Skill Pre-Workout, go\u00fbt past\u00e8que<\/strong>, votre nouveau partenaire pour un mode de vie actif. Ce produit est con\u00e7u avec des ingr\u00e9dients de haute qualit\u00e9 et d&#8217;origine naturelle, offrant une exp\u00e9rience gustative rafra\u00eechissante et agr\u00e9able.<\/p>\n<p>Fabriqu\u00e9 en Pologne, ce pr\u00e9-workout se pr\u00e9sente sous forme de poudre dans un emballage pratique de 400g. Il est facile \u00e0 utiliser : il suffit d&#8217;ajouter la quantit\u00e9 recommand\u00e9e \u00e0 votre boisson pr\u00e9f\u00e9r\u00e9e avant vos activit\u00e9s.<\/p>\n<p>Les ingr\u00e9dients principaux incluent des extraits naturels et des composants soigneusement s\u00e9lectionn\u00e9s pour leur puret\u00e9 et leur origine. Chaque portion vous permet de profiter d&#8217;un go\u00fbt d\u00e9licieux sans compromettre la qualit\u00e9.<\/p>\n<p>Ce produit est un choix parfait pour ceux qui appr\u00e9cient les ingr\u00e9dients naturels dans un mode de vie sain.Il s&#8217;int\u00e8gre facilement dans votre routine quotidienne gr\u00e2ce \u00e0 son format pratique et son go\u00fbt exquis.<\/p>\n","protected":false},"excerpt":{"rendered":"<p>Skill Pre-Workout, Watermelon &#8211; 400g D\u00e9couvrez le Skill Pre-Workout, go\u00fbt past\u00e8que, votre nouveau partenaire pour un mode de vie actif. Ce produit est con\u00e7u avec des ingr\u00e9dients de haute qualit\u00e9 et d&#8217;origine naturelle, offrant une exp\u00e9rience gustative rafra\u00eechissante et agr\u00e9able. Fabriqu\u00e9 en Pologne, ce pr\u00e9-workout se pr\u00e9sente sous forme de poudre dans un emballage pratique [&#8230;]\n","protected":false},"featured_media":267059,"comment_status":"open","ping_status":"open","template":"","meta":[],"product_brand":[5299],"product_cat":[5052],"product_tag":[],"class_list":{"0":"post-291599","1":"product","2":"type-product","3":"status-publish","4":"has-post-thumbnail","6":"product_brand-skill-nutrition-2","7":"product_cat-sante-et-bien-etre","9":"first","10":"instock","11":"taxable","12":"shipping-taxable","13":"purchasable","14":"product-type-simple"},"yoast_head":"<!-- This site is optimized with the Yoast SEO Premium plugin v27.3 (Yoast SEO v27.3) - https:\/\/yoast.com\/product\/yoast-seo-premium-wordpress\/ -->\n<title>Nutrition Sportive - Pr\u00e9-entra\u00eenement Skill, Past\u00e8que - 400g - ECO Supplements<\/title>\n<meta name=\"description\" content=\"Wij hebben een ruime keuze aan producten van Nutrition Sportive - Pr\u00e9-entra\u00eenement Skill, Past\u00e8que - 400g . Winkel bij Eco Supplements altijd gratis verzending boven 100\u20ac\" \/>\n<meta name=\"robots\" content=\"index, follow, max-snippet:-1, max-image-preview:large, max-video-preview:-1\" \/>\n<link rel=\"canonical\" href=\"https:\/\/ecosupplements.be\/fr\/produit\/skill-nutrition-skill-pre-workout-watermelon-400g\/\" \/>\n<meta property=\"og:locale\" content=\"fr_FR\" \/>\n<meta property=\"og:type\" content=\"article\" \/>\n<meta property=\"og:title\" content=\"Nutrition Sportive - Pr\u00e9-entra\u00eenement Skill, Past\u00e8que - 400g\" \/>\n<meta property=\"og:description\" content=\"Wij hebben een ruime keuze aan producten van Nutrition Sportive - Pr\u00e9-entra\u00eenement Skill, Past\u00e8que - 400g . Winkel bij Eco Supplements altijd gratis verzending boven 100\u20ac\" \/>\n<meta property=\"og:url\" content=\"https:\/\/ecosupplements.be\/fr\/produit\/skill-nutrition-skill-pre-workout-watermelon-400g\/\" \/>\n<meta property=\"og:site_name\" content=\"ECO Supplements\" \/>\n<meta property=\"article:modified_time\" content=\"2025-08-27T14:34:03+00:00\" \/>\n<meta property=\"og:image\" content=\"https:\/\/ecosupplements.be\/wp-content\/uploads\/2025\/08\/Skill-Nutrition-Skill-Pre-Workout-Watermelon-400g.png\" \/>\n\t<meta property=\"og:image:width\" content=\"483\" \/>\n\t<meta property=\"og:image:height\" content=\"570\" \/>\n\t<meta property=\"og:image:type\" content=\"image\/png\" \/>\n<meta name=\"twitter:card\" content=\"summary_large_image\" \/>\n<meta name=\"twitter:label1\" content=\"Prix\" \/>\n\t<meta name=\"twitter:data1\" content=\"28.61&nbsp;&euro;\" \/>\n\t<meta name=\"twitter:label2\" content=\"Disponibilit\u00e9\" \/>\n\t<meta name=\"twitter:data2\" content=\"En stock\" \/>\n<script type=\"application\/ld+json\" class=\"yoast-schema-graph\">{\"@context\":\"https:\\\/\\\/schema.org\",\"@graph\":[{\"@type\":[\"WebPage\",\"ItemPage\"],\"@id\":\"https:\\\/\\\/ecosupplements.be\\\/fr\\\/produit\\\/skill-nutrition-skill-pre-workout-watermelon-400g\\\/\",\"url\":\"https:\\\/\\\/ecosupplements.be\\\/fr\\\/produit\\\/skill-nutrition-skill-pre-workout-watermelon-400g\\\/\",\"name\":\"Nutrition Sportive - Pr\u00e9-entra\u00eenement Skill, Past\u00e8que - 400g - ECO Supplements\",\"isPartOf\":{\"@id\":\"https:\\\/\\\/ecosupplements.be\\\/fr\\\/#website\"},\"primaryImageOfPage\":{\"@id\":\"https:\\\/\\\/ecosupplements.be\\\/fr\\\/produit\\\/skill-nutrition-skill-pre-workout-watermelon-400g\\\/#primaryimage\"},\"image\":{\"@id\":\"https:\\\/\\\/ecosupplements.be\\\/fr\\\/produit\\\/skill-nutrition-skill-pre-workout-watermelon-400g\\\/#primaryimage\"},\"thumbnailUrl\":\"https:\\\/\\\/ecosupplements.be\\\/wp-content\\\/uploads\\\/2025\\\/08\\\/Skill-Pre-Workout-Watermelon-400g.png\",\"datePublished\":\"2024-08-29T00:45:51+00:00\",\"dateModified\":\"2025-08-27T14:34:03+00:00\",\"description\":\"Wij hebben een ruime keuze aan producten van Nutrition Sportive - Pr\u00e9-entra\u00eenement Skill, Past\u00e8que - 400g . Winkel bij Eco Supplements altijd gratis verzending boven 100\u20ac\",\"breadcrumb\":{\"@id\":\"https:\\\/\\\/ecosupplements.be\\\/fr\\\/produit\\\/skill-nutrition-skill-pre-workout-watermelon-400g\\\/#breadcrumb\"},\"inLanguage\":\"fr-FR\",\"potentialAction\":[{\"@type\":\"ReadAction\",\"target\":[\"https:\\\/\\\/ecosupplements.be\\\/fr\\\/produit\\\/skill-nutrition-skill-pre-workout-watermelon-400g\\\/\"]}]},{\"@type\":\"ImageObject\",\"inLanguage\":\"fr-FR\",\"@id\":\"https:\\\/\\\/ecosupplements.be\\\/fr\\\/produit\\\/skill-nutrition-skill-pre-workout-watermelon-400g\\\/#primaryimage\",\"url\":\"https:\\\/\\\/ecosupplements.be\\\/wp-content\\\/uploads\\\/2025\\\/08\\\/Skill-Pre-Workout-Watermelon-400g.png\",\"contentUrl\":\"https:\\\/\\\/ecosupplements.be\\\/wp-content\\\/uploads\\\/2025\\\/08\\\/Skill-Pre-Workout-Watermelon-400g.png\",\"width\":483,\"height\":570},{\"@type\":\"BreadcrumbList\",\"@id\":\"https:\\\/\\\/ecosupplements.be\\\/fr\\\/produit\\\/skill-nutrition-skill-pre-workout-watermelon-400g\\\/#breadcrumb\",\"itemListElement\":[{\"@type\":\"ListItem\",\"position\":1,\"name\":\"Home\",\"item\":\"https:\\\/\\\/ecosupplements.be\\\/fr\\\/\"},{\"@type\":\"ListItem\",\"position\":2,\"name\":\"Boutique\",\"item\":\"https:\\\/\\\/ecosupplements.be\\\/fr\\\/boutique\\\/\"},{\"@type\":\"ListItem\",\"position\":3,\"name\":\"Nutrition Sportive &#8211; Pr\u00e9-entra\u00eenement Skill, Past\u00e8que &#8211; 400g\"}]},{\"@type\":\"WebSite\",\"@id\":\"https:\\\/\\\/ecosupplements.be\\\/fr\\\/#website\",\"url\":\"https:\\\/\\\/ecosupplements.be\\\/fr\\\/\",\"name\":\"ECO Supplements\",\"description\":\"Eco Supplements - Gezonde supplementen\",\"publisher\":{\"@id\":\"https:\\\/\\\/ecosupplements.be\\\/fr\\\/#organization\"},\"potentialAction\":[{\"@type\":\"SearchAction\",\"target\":{\"@type\":\"EntryPoint\",\"urlTemplate\":\"https:\\\/\\\/ecosupplements.be\\\/fr\\\/?s={search_term_string}\"},\"query-input\":{\"@type\":\"PropertyValueSpecification\",\"valueRequired\":true,\"valueName\":\"search_term_string\"}}],\"inLanguage\":\"fr-FR\"},{\"@type\":\"Organization\",\"@id\":\"https:\\\/\\\/ecosupplements.be\\\/fr\\\/#organization\",\"name\":\"Eco Supplements\",\"url\":\"https:\\\/\\\/ecosupplements.be\\\/fr\\\/\",\"logo\":{\"@type\":\"ImageObject\",\"inLanguage\":\"fr-FR\",\"@id\":\"https:\\\/\\\/ecosupplements.be\\\/fr\\\/#\\\/schema\\\/logo\\\/image\\\/\",\"url\":\"https:\\\/\\\/ecosupplements.be\\\/wp-content\\\/uploads\\\/2022\\\/06\\\/ecosupplement-family.png\",\"contentUrl\":\"https:\\\/\\\/ecosupplements.be\\\/wp-content\\\/uploads\\\/2022\\\/06\\\/ecosupplement-family.png\",\"width\":593,\"height\":374,\"caption\":\"Eco Supplements\"},\"image\":{\"@id\":\"https:\\\/\\\/ecosupplements.be\\\/fr\\\/#\\\/schema\\\/logo\\\/image\\\/\"}}]}<\/script>\n<meta property=\"product:brand\" content=\"Skill Nutrition\" \/>\n<meta property=\"product:price:amount\" content=\"28.61\" \/>\n<meta property=\"product:price:currency\" content=\"EUR\" \/>\n<meta property=\"og:availability\" content=\"instock\" \/>\n<meta property=\"product:availability\" content=\"instock\" \/>\n<meta property=\"product:retailer_item_id\" content=\"5904139924372\" \/>\n<meta property=\"product:condition\" content=\"new\" \/>\n<!-- \/ Yoast SEO Premium plugin. -->","yoast_head_json":{"title":"Nutrition Sportive - Pr\u00e9-entra\u00eenement Skill, Past\u00e8que - 400g - ECO Supplements","description":"Wij hebben een ruime keuze aan producten van Nutrition Sportive - Pr\u00e9-entra\u00eenement Skill, Past\u00e8que - 400g . Winkel bij Eco Supplements altijd gratis verzending boven 100\u20ac","robots":{"index":"index","follow":"follow","max-snippet":"max-snippet:-1","max-image-preview":"max-image-preview:large","max-video-preview":"max-video-preview:-1"},"canonical":"https:\/\/ecosupplements.be\/fr\/produit\/skill-nutrition-skill-pre-workout-watermelon-400g\/","og_locale":"fr_FR","og_type":"article","og_title":"Nutrition Sportive - Pr\u00e9-entra\u00eenement Skill, Past\u00e8que - 400g","og_description":"Wij hebben een ruime keuze aan producten van Nutrition Sportive - Pr\u00e9-entra\u00eenement Skill, Past\u00e8que - 400g . Winkel bij Eco Supplements altijd gratis verzending boven 100\u20ac","og_url":"https:\/\/ecosupplements.be\/fr\/produit\/skill-nutrition-skill-pre-workout-watermelon-400g\/","og_site_name":"ECO Supplements","article_modified_time":"2025-08-27T14:34:03+00:00","og_image":[{"width":483,"height":570,"url":"https:\/\/ecosupplements.be\/wp-content\/uploads\/2025\/08\/Skill-Nutrition-Skill-Pre-Workout-Watermelon-400g.png","type":"image\/png"}],"twitter_card":"summary_large_image","twitter_misc":{"Prix":"28.61&nbsp;&euro;","Disponibilit\u00e9":"En stock"},"schema":{"@context":"https:\/\/schema.org","@graph":[{"@type":["WebPage","ItemPage"],"@id":"https:\/\/ecosupplements.be\/fr\/produit\/skill-nutrition-skill-pre-workout-watermelon-400g\/","url":"https:\/\/ecosupplements.be\/fr\/produit\/skill-nutrition-skill-pre-workout-watermelon-400g\/","name":"Nutrition Sportive - Pr\u00e9-entra\u00eenement Skill, Past\u00e8que - 400g - ECO Supplements","isPartOf":{"@id":"https:\/\/ecosupplements.be\/fr\/#website"},"primaryImageOfPage":{"@id":"https:\/\/ecosupplements.be\/fr\/produit\/skill-nutrition-skill-pre-workout-watermelon-400g\/#primaryimage"},"image":{"@id":"https:\/\/ecosupplements.be\/fr\/produit\/skill-nutrition-skill-pre-workout-watermelon-400g\/#primaryimage"},"thumbnailUrl":"https:\/\/ecosupplements.be\/wp-content\/uploads\/2025\/08\/Skill-Pre-Workout-Watermelon-400g.png","datePublished":"2024-08-29T00:45:51+00:00","dateModified":"2025-08-27T14:34:03+00:00","description":"Wij hebben een ruime keuze aan producten van Nutrition Sportive - Pr\u00e9-entra\u00eenement Skill, Past\u00e8que - 400g . Winkel bij Eco Supplements altijd gratis verzending boven 100\u20ac","breadcrumb":{"@id":"https:\/\/ecosupplements.be\/fr\/produit\/skill-nutrition-skill-pre-workout-watermelon-400g\/#breadcrumb"},"inLanguage":"fr-FR","potentialAction":[{"@type":"ReadAction","target":["https:\/\/ecosupplements.be\/fr\/produit\/skill-nutrition-skill-pre-workout-watermelon-400g\/"]}]},{"@type":"ImageObject","inLanguage":"fr-FR","@id":"https:\/\/ecosupplements.be\/fr\/produit\/skill-nutrition-skill-pre-workout-watermelon-400g\/#primaryimage","url":"https:\/\/ecosupplements.be\/wp-content\/uploads\/2025\/08\/Skill-Pre-Workout-Watermelon-400g.png","contentUrl":"https:\/\/ecosupplements.be\/wp-content\/uploads\/2025\/08\/Skill-Pre-Workout-Watermelon-400g.png","width":483,"height":570},{"@type":"BreadcrumbList","@id":"https:\/\/ecosupplements.be\/fr\/produit\/skill-nutrition-skill-pre-workout-watermelon-400g\/#breadcrumb","itemListElement":[{"@type":"ListItem","position":1,"name":"Home","item":"https:\/\/ecosupplements.be\/fr\/"},{"@type":"ListItem","position":2,"name":"Boutique","item":"https:\/\/ecosupplements.be\/fr\/boutique\/"},{"@type":"ListItem","position":3,"name":"Nutrition Sportive &#8211; Pr\u00e9-entra\u00eenement Skill, Past\u00e8que &#8211; 400g"}]},{"@type":"WebSite","@id":"https:\/\/ecosupplements.be\/fr\/#website","url":"https:\/\/ecosupplements.be\/fr\/","name":"ECO Supplements","description":"Eco Supplements - Gezonde supplementen","publisher":{"@id":"https:\/\/ecosupplements.be\/fr\/#organization"},"potentialAction":[{"@type":"SearchAction","target":{"@type":"EntryPoint","urlTemplate":"https:\/\/ecosupplements.be\/fr\/?s={search_term_string}"},"query-input":{"@type":"PropertyValueSpecification","valueRequired":true,"valueName":"search_term_string"}}],"inLanguage":"fr-FR"},{"@type":"Organization","@id":"https:\/\/ecosupplements.be\/fr\/#organization","name":"Eco Supplements","url":"https:\/\/ecosupplements.be\/fr\/","logo":{"@type":"ImageObject","inLanguage":"fr-FR","@id":"https:\/\/ecosupplements.be\/fr\/#\/schema\/logo\/image\/","url":"https:\/\/ecosupplements.be\/wp-content\/uploads\/2022\/06\/ecosupplement-family.png","contentUrl":"https:\/\/ecosupplements.be\/wp-content\/uploads\/2022\/06\/ecosupplement-family.png","width":593,"height":374,"caption":"Eco Supplements"},"image":{"@id":"https:\/\/ecosupplements.be\/fr\/#\/schema\/logo\/image\/"}}]},"product_brand":"Skill Nutrition","product_price_amount":"28.61","product_price_currency":"EUR","og_availability":"instock","product_availability":"instock","product_retailer_item_id":"5904139924372","product_condition":"new"},"_links":{"self":[{"href":"https:\/\/ecosupplements.be\/fr\/wp-json\/wp\/v2\/product\/291599","targetHints":{"allow":["GET"]}}],"collection":[{"href":"https:\/\/ecosupplements.be\/fr\/wp-json\/wp\/v2\/product"}],"about":[{"href":"https:\/\/ecosupplements.be\/fr\/wp-json\/wp\/v2\/types\/product"}],"replies":[{"embeddable":true,"href":"https:\/\/ecosupplements.be\/fr\/wp-json\/wp\/v2\/comments?post=291599"}],"wp:featuredmedia":[{"embeddable":true,"href":"https:\/\/ecosupplements.be\/fr\/wp-json\/wp\/v2\/media\/267059"}],"wp:attachment":[{"href":"https:\/\/ecosupplements.be\/fr\/wp-json\/wp\/v2\/media?parent=291599"}],"wp:term":[{"taxonomy":"product_brand","embeddable":true,"href":"https:\/\/ecosupplements.be\/fr\/wp-json\/wp\/v2\/product_brand?post=291599"},{"taxonomy":"product_cat","embeddable":true,"href":"https:\/\/ecosupplements.be\/fr\/wp-json\/wp\/v2\/product_cat?post=291599"},{"taxonomy":"product_tag","embeddable":true,"href":"https:\/\/ecosupplements.be\/fr\/wp-json\/wp\/v2\/product_tag?post=291599"}],"curies":[{"name":"wp","href":"https:\/\/api.w.org\/{rel}","templated":true}]}}