{"id":291602,"date":"2024-12-15T15:07:04","date_gmt":"2024-12-15T14:07:04","guid":{"rendered":"https:\/\/ecosupplements.be\/product\/solely-fruit-gummies-mango-5-x-20g\/"},"modified":"2025-08-27T15:34:05","modified_gmt":"2025-08-27T14:34:05","slug":"solely-fruit-gummies-mango-5-x-20g","status":"publish","type":"product","link":"https:\/\/ecosupplements.be\/fr\/produit\/solely-fruit-gummies-mango-5-x-20g\/","title":{"rendered":"Solely &#8211; Bonbons de fruits, Mangue &#8211; 5 x 20g"},"content":{"rendered":"<h2>Solely &#8211; Fruit gummies, Mango &#8211; 5 x 20g<\/h2>\n<p>D\u00e9couvrez le go\u00fbt exquis et naturel des <strong>Fruit Gummies au Mango<\/strong> de Solely, confectionn\u00e9s avec passion aux \u00c9tats-Unis. Chaque paquet contient <strong>5 sachets de 20g<\/strong>, parfaits pour satisfaire vos envies de douceur \u00e0 tout moment de la journ\u00e9e.<\/p>\n<p>Ces gommes fruit\u00e9es sont \u00e9labour\u00e9es \u00e0 partir d&#8217;<strong>ingr\u00e9dients naturels<\/strong>, mettant en avant la puret\u00e9 et l&#8217;authenticit\u00e9 du mango. Sans additifs artificiels, elles offrent une exp\u00e9rience gustative riche pour ceux qui appr\u00e9cient les saveurs v\u00e9ritables des fruits.<\/p>\n<p>Le format pratique des sachets individuels fait des Fruit Gummies un choix id\u00e9al pour accompagner vos activit\u00e9s quotidiennes.Faciles \u00e0 emporter, ils se glissent ais\u00e9ment dans votre sac pour une pause savoureuse o\u00f9 que vous soyez.<\/p>\n<p>Ces gourmandises sont un excellent compl\u00e9ment \u00e0 votre routine, apportant une touche fruit\u00e9e sans compromettre votre style de vie actif et \u00e9quilibr\u00e9. Profitez d&#8217;un moment de plaisir pur avec les Fruit Gummies au Mango de Solely!<\/p>\n","protected":false},"excerpt":{"rendered":"<p>Solely &#8211; Fruit gummies, Mango &#8211; 5 x 20g D\u00e9couvrez le go\u00fbt exquis et naturel des Fruit Gummies au Mango de Solely, confectionn\u00e9s avec passion aux \u00c9tats-Unis. Chaque paquet contient 5 sachets de 20g, parfaits pour satisfaire vos envies de douceur \u00e0 tout moment de la journ\u00e9e. Ces gommes fruit\u00e9es sont \u00e9labour\u00e9es \u00e0 partir d&#8217;ingr\u00e9dients [&#8230;]\n","protected":false},"featured_media":291603,"comment_status":"open","ping_status":"open","template":"","meta":[],"product_brand":[5301],"product_cat":[5052],"product_tag":[],"class_list":{"0":"post-291602","1":"product","2":"type-product","3":"status-publish","4":"has-post-thumbnail","6":"product_brand-solely-2","7":"product_cat-sante-et-bien-etre","9":"first","10":"outofstock","11":"taxable","12":"shipping-taxable","13":"purchasable","14":"product-type-simple"},"yoast_head":"<!-- This site is optimized with the Yoast SEO Premium plugin v27.3 (Yoast SEO v27.3) - https:\/\/yoast.com\/product\/yoast-seo-premium-wordpress\/ -->\n<title>Solely - Bonbons de fruits, Mangue - 5 x 20g - ECO Supplements<\/title>\n<meta name=\"description\" content=\"Wij hebben een ruime keuze aan producten van Solely - Bonbons de fruits, Mangue - 5 x 20g . Winkel bij Eco Supplements altijd gratis verzending boven 100\u20ac\" \/>\n<meta name=\"robots\" content=\"index, follow, max-snippet:-1, max-image-preview:large, max-video-preview:-1\" \/>\n<link rel=\"canonical\" href=\"https:\/\/ecosupplements.be\/fr\/produit\/solely-fruit-gummies-mango-5-x-20g\/\" \/>\n<meta property=\"og:locale\" content=\"fr_FR\" \/>\n<meta property=\"og:type\" content=\"article\" \/>\n<meta property=\"og:title\" content=\"Solely - Bonbons de fruits, Mangue - 5 x 20g\" \/>\n<meta property=\"og:description\" content=\"Wij hebben een ruime keuze aan producten van Solely - Bonbons de fruits, Mangue - 5 x 20g . Winkel bij Eco Supplements altijd gratis verzending boven 100\u20ac\" \/>\n<meta property=\"og:url\" content=\"https:\/\/ecosupplements.be\/fr\/produit\/solely-fruit-gummies-mango-5-x-20g\/\" \/>\n<meta property=\"og:site_name\" content=\"ECO Supplements\" \/>\n<meta property=\"article:modified_time\" content=\"2025-08-27T14:34:05+00:00\" \/>\n<meta property=\"og:image\" content=\"https:\/\/ecosupplements.be\/wp-content\/uploads\/2025\/08\/Solely-Fruit-Gummies-Mango-5-x-20g-1.jpg\" \/>\n\t<meta property=\"og:image:width\" content=\"500\" \/>\n\t<meta property=\"og:image:height\" content=\"500\" \/>\n\t<meta property=\"og:image:type\" content=\"image\/jpeg\" \/>\n<meta name=\"twitter:card\" content=\"summary_large_image\" \/>\n<meta name=\"twitter:label1\" content=\"Prix\" \/>\n\t<meta name=\"twitter:data1\" content=\"10.18&nbsp;&euro;\" \/>\n\t<meta name=\"twitter:label2\" content=\"Disponibilit\u00e9\" \/>\n\t<meta name=\"twitter:data2\" content=\"Rupture de stock\" \/>\n<script type=\"application\/ld+json\" class=\"yoast-schema-graph\">{\"@context\":\"https:\\\/\\\/schema.org\",\"@graph\":[{\"@type\":[\"WebPage\",\"ItemPage\"],\"@id\":\"https:\\\/\\\/ecosupplements.be\\\/fr\\\/produit\\\/solely-fruit-gummies-mango-5-x-20g\\\/\",\"url\":\"https:\\\/\\\/ecosupplements.be\\\/fr\\\/produit\\\/solely-fruit-gummies-mango-5-x-20g\\\/\",\"name\":\"Solely - Bonbons de fruits, Mangue - 5 x 20g - ECO Supplements\",\"isPartOf\":{\"@id\":\"https:\\\/\\\/ecosupplements.be\\\/fr\\\/#website\"},\"primaryImageOfPage\":{\"@id\":\"https:\\\/\\\/ecosupplements.be\\\/fr\\\/produit\\\/solely-fruit-gummies-mango-5-x-20g\\\/#primaryimage\"},\"image\":{\"@id\":\"https:\\\/\\\/ecosupplements.be\\\/fr\\\/produit\\\/solely-fruit-gummies-mango-5-x-20g\\\/#primaryimage\"},\"thumbnailUrl\":\"https:\\\/\\\/ecosupplements.be\\\/wp-content\\\/uploads\\\/2025\\\/08\\\/Solely-Fruit-Gummies-Mango-5-x-20g-1.jpg\",\"datePublished\":\"2024-12-15T14:07:04+00:00\",\"dateModified\":\"2025-08-27T14:34:05+00:00\",\"description\":\"Wij hebben een ruime keuze aan producten van Solely - Bonbons de fruits, Mangue - 5 x 20g . Winkel bij Eco Supplements altijd gratis verzending boven 100\u20ac\",\"breadcrumb\":{\"@id\":\"https:\\\/\\\/ecosupplements.be\\\/fr\\\/produit\\\/solely-fruit-gummies-mango-5-x-20g\\\/#breadcrumb\"},\"inLanguage\":\"fr-FR\",\"potentialAction\":[{\"@type\":\"ReadAction\",\"target\":[\"https:\\\/\\\/ecosupplements.be\\\/fr\\\/produit\\\/solely-fruit-gummies-mango-5-x-20g\\\/\"]}]},{\"@type\":\"ImageObject\",\"inLanguage\":\"fr-FR\",\"@id\":\"https:\\\/\\\/ecosupplements.be\\\/fr\\\/produit\\\/solely-fruit-gummies-mango-5-x-20g\\\/#primaryimage\",\"url\":\"https:\\\/\\\/ecosupplements.be\\\/wp-content\\\/uploads\\\/2025\\\/08\\\/Solely-Fruit-Gummies-Mango-5-x-20g-1.jpg\",\"contentUrl\":\"https:\\\/\\\/ecosupplements.be\\\/wp-content\\\/uploads\\\/2025\\\/08\\\/Solely-Fruit-Gummies-Mango-5-x-20g-1.jpg\",\"width\":500,\"height\":500},{\"@type\":\"BreadcrumbList\",\"@id\":\"https:\\\/\\\/ecosupplements.be\\\/fr\\\/produit\\\/solely-fruit-gummies-mango-5-x-20g\\\/#breadcrumb\",\"itemListElement\":[{\"@type\":\"ListItem\",\"position\":1,\"name\":\"Home\",\"item\":\"https:\\\/\\\/ecosupplements.be\\\/fr\\\/\"},{\"@type\":\"ListItem\",\"position\":2,\"name\":\"Boutique\",\"item\":\"https:\\\/\\\/ecosupplements.be\\\/fr\\\/boutique\\\/\"},{\"@type\":\"ListItem\",\"position\":3,\"name\":\"Solely &#8211; Bonbons de fruits, Mangue &#8211; 5 x 20g\"}]},{\"@type\":\"WebSite\",\"@id\":\"https:\\\/\\\/ecosupplements.be\\\/fr\\\/#website\",\"url\":\"https:\\\/\\\/ecosupplements.be\\\/fr\\\/\",\"name\":\"ECO Supplements\",\"description\":\"Eco Supplements - Gezonde supplementen\",\"publisher\":{\"@id\":\"https:\\\/\\\/ecosupplements.be\\\/fr\\\/#organization\"},\"potentialAction\":[{\"@type\":\"SearchAction\",\"target\":{\"@type\":\"EntryPoint\",\"urlTemplate\":\"https:\\\/\\\/ecosupplements.be\\\/fr\\\/?s={search_term_string}\"},\"query-input\":{\"@type\":\"PropertyValueSpecification\",\"valueRequired\":true,\"valueName\":\"search_term_string\"}}],\"inLanguage\":\"fr-FR\"},{\"@type\":\"Organization\",\"@id\":\"https:\\\/\\\/ecosupplements.be\\\/fr\\\/#organization\",\"name\":\"Eco Supplements\",\"url\":\"https:\\\/\\\/ecosupplements.be\\\/fr\\\/\",\"logo\":{\"@type\":\"ImageObject\",\"inLanguage\":\"fr-FR\",\"@id\":\"https:\\\/\\\/ecosupplements.be\\\/fr\\\/#\\\/schema\\\/logo\\\/image\\\/\",\"url\":\"https:\\\/\\\/ecosupplements.be\\\/wp-content\\\/uploads\\\/2022\\\/06\\\/ecosupplement-family.png\",\"contentUrl\":\"https:\\\/\\\/ecosupplements.be\\\/wp-content\\\/uploads\\\/2022\\\/06\\\/ecosupplement-family.png\",\"width\":593,\"height\":374,\"caption\":\"Eco Supplements\"},\"image\":{\"@id\":\"https:\\\/\\\/ecosupplements.be\\\/fr\\\/#\\\/schema\\\/logo\\\/image\\\/\"}}]}<\/script>\n<meta property=\"product:brand\" content=\"Solely\" \/>\n<meta property=\"product:price:amount\" content=\"10.18\" \/>\n<meta property=\"product:price:currency\" content=\"EUR\" \/>\n<meta property=\"og:availability\" content=\"out of stock\" \/>\n<meta property=\"product:availability\" content=\"out of stock\" \/>\n<meta property=\"product:retailer_item_id\" content=\"850023073006\" \/>\n<meta property=\"product:condition\" content=\"new\" \/>\n<!-- \/ Yoast SEO Premium plugin. -->","yoast_head_json":{"title":"Solely - Bonbons de fruits, Mangue - 5 x 20g - ECO Supplements","description":"Wij hebben een ruime keuze aan producten van Solely - Bonbons de fruits, Mangue - 5 x 20g . Winkel bij Eco Supplements altijd gratis verzending boven 100\u20ac","robots":{"index":"index","follow":"follow","max-snippet":"max-snippet:-1","max-image-preview":"max-image-preview:large","max-video-preview":"max-video-preview:-1"},"canonical":"https:\/\/ecosupplements.be\/fr\/produit\/solely-fruit-gummies-mango-5-x-20g\/","og_locale":"fr_FR","og_type":"article","og_title":"Solely - Bonbons de fruits, Mangue - 5 x 20g","og_description":"Wij hebben een ruime keuze aan producten van Solely - Bonbons de fruits, Mangue - 5 x 20g . Winkel bij Eco Supplements altijd gratis verzending boven 100\u20ac","og_url":"https:\/\/ecosupplements.be\/fr\/produit\/solely-fruit-gummies-mango-5-x-20g\/","og_site_name":"ECO Supplements","article_modified_time":"2025-08-27T14:34:05+00:00","og_image":[{"width":500,"height":500,"url":"https:\/\/ecosupplements.be\/wp-content\/uploads\/2025\/08\/Solely-Fruit-Gummies-Mango-5-x-20g-1.jpg","type":"image\/jpeg"}],"twitter_card":"summary_large_image","twitter_misc":{"Prix":"10.18&nbsp;&euro;","Disponibilit\u00e9":"Rupture de stock"},"schema":{"@context":"https:\/\/schema.org","@graph":[{"@type":["WebPage","ItemPage"],"@id":"https:\/\/ecosupplements.be\/fr\/produit\/solely-fruit-gummies-mango-5-x-20g\/","url":"https:\/\/ecosupplements.be\/fr\/produit\/solely-fruit-gummies-mango-5-x-20g\/","name":"Solely - Bonbons de fruits, Mangue - 5 x 20g - ECO Supplements","isPartOf":{"@id":"https:\/\/ecosupplements.be\/fr\/#website"},"primaryImageOfPage":{"@id":"https:\/\/ecosupplements.be\/fr\/produit\/solely-fruit-gummies-mango-5-x-20g\/#primaryimage"},"image":{"@id":"https:\/\/ecosupplements.be\/fr\/produit\/solely-fruit-gummies-mango-5-x-20g\/#primaryimage"},"thumbnailUrl":"https:\/\/ecosupplements.be\/wp-content\/uploads\/2025\/08\/Solely-Fruit-Gummies-Mango-5-x-20g-1.jpg","datePublished":"2024-12-15T14:07:04+00:00","dateModified":"2025-08-27T14:34:05+00:00","description":"Wij hebben een ruime keuze aan producten van Solely - Bonbons de fruits, Mangue - 5 x 20g . Winkel bij Eco Supplements altijd gratis verzending boven 100\u20ac","breadcrumb":{"@id":"https:\/\/ecosupplements.be\/fr\/produit\/solely-fruit-gummies-mango-5-x-20g\/#breadcrumb"},"inLanguage":"fr-FR","potentialAction":[{"@type":"ReadAction","target":["https:\/\/ecosupplements.be\/fr\/produit\/solely-fruit-gummies-mango-5-x-20g\/"]}]},{"@type":"ImageObject","inLanguage":"fr-FR","@id":"https:\/\/ecosupplements.be\/fr\/produit\/solely-fruit-gummies-mango-5-x-20g\/#primaryimage","url":"https:\/\/ecosupplements.be\/wp-content\/uploads\/2025\/08\/Solely-Fruit-Gummies-Mango-5-x-20g-1.jpg","contentUrl":"https:\/\/ecosupplements.be\/wp-content\/uploads\/2025\/08\/Solely-Fruit-Gummies-Mango-5-x-20g-1.jpg","width":500,"height":500},{"@type":"BreadcrumbList","@id":"https:\/\/ecosupplements.be\/fr\/produit\/solely-fruit-gummies-mango-5-x-20g\/#breadcrumb","itemListElement":[{"@type":"ListItem","position":1,"name":"Home","item":"https:\/\/ecosupplements.be\/fr\/"},{"@type":"ListItem","position":2,"name":"Boutique","item":"https:\/\/ecosupplements.be\/fr\/boutique\/"},{"@type":"ListItem","position":3,"name":"Solely &#8211; Bonbons de fruits, Mangue &#8211; 5 x 20g"}]},{"@type":"WebSite","@id":"https:\/\/ecosupplements.be\/fr\/#website","url":"https:\/\/ecosupplements.be\/fr\/","name":"ECO Supplements","description":"Eco Supplements - Gezonde supplementen","publisher":{"@id":"https:\/\/ecosupplements.be\/fr\/#organization"},"potentialAction":[{"@type":"SearchAction","target":{"@type":"EntryPoint","urlTemplate":"https:\/\/ecosupplements.be\/fr\/?s={search_term_string}"},"query-input":{"@type":"PropertyValueSpecification","valueRequired":true,"valueName":"search_term_string"}}],"inLanguage":"fr-FR"},{"@type":"Organization","@id":"https:\/\/ecosupplements.be\/fr\/#organization","name":"Eco Supplements","url":"https:\/\/ecosupplements.be\/fr\/","logo":{"@type":"ImageObject","inLanguage":"fr-FR","@id":"https:\/\/ecosupplements.be\/fr\/#\/schema\/logo\/image\/","url":"https:\/\/ecosupplements.be\/wp-content\/uploads\/2022\/06\/ecosupplement-family.png","contentUrl":"https:\/\/ecosupplements.be\/wp-content\/uploads\/2022\/06\/ecosupplement-family.png","width":593,"height":374,"caption":"Eco Supplements"},"image":{"@id":"https:\/\/ecosupplements.be\/fr\/#\/schema\/logo\/image\/"}}]},"product_brand":"Solely","product_price_amount":"10.18","product_price_currency":"EUR","og_availability":"out of stock","product_availability":"out of stock","product_retailer_item_id":"850023073006","product_condition":"new"},"_links":{"self":[{"href":"https:\/\/ecosupplements.be\/fr\/wp-json\/wp\/v2\/product\/291602","targetHints":{"allow":["GET"]}}],"collection":[{"href":"https:\/\/ecosupplements.be\/fr\/wp-json\/wp\/v2\/product"}],"about":[{"href":"https:\/\/ecosupplements.be\/fr\/wp-json\/wp\/v2\/types\/product"}],"replies":[{"embeddable":true,"href":"https:\/\/ecosupplements.be\/fr\/wp-json\/wp\/v2\/comments?post=291602"}],"wp:featuredmedia":[{"embeddable":true,"href":"https:\/\/ecosupplements.be\/fr\/wp-json\/wp\/v2\/media\/291603"}],"wp:attachment":[{"href":"https:\/\/ecosupplements.be\/fr\/wp-json\/wp\/v2\/media?parent=291602"}],"wp:term":[{"taxonomy":"product_brand","embeddable":true,"href":"https:\/\/ecosupplements.be\/fr\/wp-json\/wp\/v2\/product_brand?post=291602"},{"taxonomy":"product_cat","embeddable":true,"href":"https:\/\/ecosupplements.be\/fr\/wp-json\/wp\/v2\/product_cat?post=291602"},{"taxonomy":"product_tag","embeddable":true,"href":"https:\/\/ecosupplements.be\/fr\/wp-json\/wp\/v2\/product_tag?post=291602"}],"curies":[{"name":"wp","href":"https:\/\/api.w.org\/{rel}","templated":true}]}}