{"id":291638,"date":"2024-07-06T01:40:44","date_gmt":"2024-07-06T00:40:44","guid":{"rendered":"https:\/\/ecosupplements.be\/product\/swanson-postbiotic-immune-formula-featuring-epicor-60-caps\/"},"modified":"2025-08-27T15:34:38","modified_gmt":"2025-08-27T14:34:38","slug":"swanson-postbiotic-immune-formula-featuring-epicor-60-caps","status":"publish","type":"product","link":"https:\/\/ecosupplements.be\/fr\/produit\/swanson-postbiotic-immune-formula-featuring-epicor-60-caps\/","title":{"rendered":"Swanson &#8211; Formule immunitaire postbiotique avec EPICOR &#8211; 60 g\u00e9lules"},"content":{"rendered":"<h2>Swanson &#8211; Postbiotic Immune Formula featuring EPICOR &#8211; 60 caps<\/h2>\n<p>D\u00e9couvrez la formule de Swanson, con\u00e7ue avec soin aux \u00c9tats-Unis. Ce produit se pr\u00e9sente sous forme de capsules, avec un emballage contenant 60 unit\u00e9s pour une utilisation pratique et mesur\u00e9e.<\/p>\n<p>Cette formule int\u00e8gre EPICOR, un ingr\u00e9dient d&#8217;origine naturelle reconnu pour sa grande puret\u00e9.Les capsules sont faciles \u00e0 int\u00e9grer dans votre routine quotidienne, offrant une solution simple et directe pour ceux qui appr\u00e9cient les produits de qualit\u00e9 sup\u00e9rieure.<\/p>\n<p>les ingr\u00e9dients s\u00e9lectionn\u00e9s sont issus de sources responsables, garantissant non seulement la qualit\u00e9 mais aussi le respect des normes environnementales. Ce produit est un choix parfait pour ceux qui privil\u00e9gient les composants naturels dans leur quotidien.<\/p>\n<p>Utilisation recommand\u00e9e : Suivre les instructions sur l&#8217;emballage pour une consommation adapt\u00e9e \u00e0 votre rythme de vie actif et \u00e9quilibr\u00e9.<\/p>\n<p>Avec Swanson &#8211; Postbiotic Immune Formula featuring EPICOR, optez pour un choix naturel et pratique au quotidien sans compromettre la qualit\u00e9.<\/p>\n","protected":false},"excerpt":{"rendered":"<p>Swanson &#8211; Postbiotic Immune Formula featuring EPICOR &#8211; 60 caps D\u00e9couvrez la formule de Swanson, con\u00e7ue avec soin aux \u00c9tats-Unis. Ce produit se pr\u00e9sente sous forme de capsules, avec un emballage contenant 60 unit\u00e9s pour une utilisation pratique et mesur\u00e9e. Cette formule int\u00e8gre EPICOR, un ingr\u00e9dient d&#8217;origine naturelle reconnu pour sa grande puret\u00e9.Les capsules sont [&#8230;]\n","protected":false},"featured_media":266028,"comment_status":"open","ping_status":"open","template":"","meta":[],"product_brand":[4761],"product_cat":[5052],"product_tag":[],"class_list":{"0":"post-291638","1":"product","2":"type-product","3":"status-publish","4":"has-post-thumbnail","6":"product_brand-swanson-2","7":"product_cat-sante-et-bien-etre","9":"first","10":"instock","11":"taxable","12":"shipping-taxable","13":"purchasable","14":"product-type-simple"},"yoast_head":"<!-- This site is optimized with the Yoast SEO Premium plugin v27.3 (Yoast SEO v27.3) - https:\/\/yoast.com\/product\/yoast-seo-premium-wordpress\/ -->\n<title>Swanson - Formule immunitaire postbiotique avec EPICOR - 60 g\u00e9lules - ECO Supplements<\/title>\n<meta name=\"description\" content=\"Wij hebben een ruime keuze aan producten van Swanson - Formule immunitaire postbiotique avec EPICOR - 60 g\u00e9lules . Winkel bij Eco Supplements altijd gratis verzending boven 100\u20ac\" \/>\n<meta name=\"robots\" content=\"index, follow, max-snippet:-1, max-image-preview:large, max-video-preview:-1\" \/>\n<link rel=\"canonical\" href=\"https:\/\/ecosupplements.be\/fr\/produit\/swanson-postbiotic-immune-formula-featuring-epicor-60-caps\/\" \/>\n<meta property=\"og:locale\" content=\"fr_FR\" \/>\n<meta property=\"og:type\" content=\"article\" \/>\n<meta property=\"og:title\" content=\"Swanson - Formule immunitaire postbiotique avec EPICOR - 60 g\u00e9lules\" \/>\n<meta property=\"og:description\" content=\"Wij hebben een ruime keuze aan producten van Swanson - Formule immunitaire postbiotique avec EPICOR - 60 g\u00e9lules . Winkel bij Eco Supplements altijd gratis verzending boven 100\u20ac\" \/>\n<meta property=\"og:url\" content=\"https:\/\/ecosupplements.be\/fr\/produit\/swanson-postbiotic-immune-formula-featuring-epicor-60-caps\/\" \/>\n<meta property=\"og:site_name\" content=\"ECO Supplements\" \/>\n<meta property=\"article:modified_time\" content=\"2025-08-27T14:34:38+00:00\" \/>\n<meta property=\"og:image\" content=\"https:\/\/ecosupplements.be\/wp-content\/uploads\/2025\/08\/Swanson-Postbiotic-Immune-Formula-featuring-EPICOR-60-caps.jpg\" \/>\n\t<meta property=\"og:image:width\" content=\"600\" \/>\n\t<meta property=\"og:image:height\" content=\"600\" \/>\n\t<meta property=\"og:image:type\" content=\"image\/jpeg\" \/>\n<meta name=\"twitter:card\" content=\"summary_large_image\" \/>\n<meta name=\"twitter:label1\" content=\"Prix\" \/>\n\t<meta name=\"twitter:data1\" content=\"39.45&nbsp;&euro;\" \/>\n\t<meta name=\"twitter:label2\" content=\"Disponibilit\u00e9\" \/>\n\t<meta name=\"twitter:data2\" content=\"En stock\" \/>\n<script type=\"application\/ld+json\" class=\"yoast-schema-graph\">{\"@context\":\"https:\\\/\\\/schema.org\",\"@graph\":[{\"@type\":[\"WebPage\",\"ItemPage\"],\"@id\":\"https:\\\/\\\/ecosupplements.be\\\/fr\\\/produit\\\/swanson-postbiotic-immune-formula-featuring-epicor-60-caps\\\/\",\"url\":\"https:\\\/\\\/ecosupplements.be\\\/fr\\\/produit\\\/swanson-postbiotic-immune-formula-featuring-epicor-60-caps\\\/\",\"name\":\"Swanson - Formule immunitaire postbiotique avec EPICOR - 60 g\u00e9lules - ECO Supplements\",\"isPartOf\":{\"@id\":\"https:\\\/\\\/ecosupplements.be\\\/fr\\\/#website\"},\"primaryImageOfPage\":{\"@id\":\"https:\\\/\\\/ecosupplements.be\\\/fr\\\/produit\\\/swanson-postbiotic-immune-formula-featuring-epicor-60-caps\\\/#primaryimage\"},\"image\":{\"@id\":\"https:\\\/\\\/ecosupplements.be\\\/fr\\\/produit\\\/swanson-postbiotic-immune-formula-featuring-epicor-60-caps\\\/#primaryimage\"},\"thumbnailUrl\":\"https:\\\/\\\/ecosupplements.be\\\/wp-content\\\/uploads\\\/2025\\\/08\\\/Postbiotic-Immune-Formula-featuring-EPICOR-60-caps.jpg\",\"datePublished\":\"2024-07-06T00:40:44+00:00\",\"dateModified\":\"2025-08-27T14:34:38+00:00\",\"description\":\"Wij hebben een ruime keuze aan producten van Swanson - Formule immunitaire postbiotique avec EPICOR - 60 g\u00e9lules . Winkel bij Eco Supplements altijd gratis verzending boven 100\u20ac\",\"breadcrumb\":{\"@id\":\"https:\\\/\\\/ecosupplements.be\\\/fr\\\/produit\\\/swanson-postbiotic-immune-formula-featuring-epicor-60-caps\\\/#breadcrumb\"},\"inLanguage\":\"fr-FR\",\"potentialAction\":[{\"@type\":\"ReadAction\",\"target\":[\"https:\\\/\\\/ecosupplements.be\\\/fr\\\/produit\\\/swanson-postbiotic-immune-formula-featuring-epicor-60-caps\\\/\"]}]},{\"@type\":\"ImageObject\",\"inLanguage\":\"fr-FR\",\"@id\":\"https:\\\/\\\/ecosupplements.be\\\/fr\\\/produit\\\/swanson-postbiotic-immune-formula-featuring-epicor-60-caps\\\/#primaryimage\",\"url\":\"https:\\\/\\\/ecosupplements.be\\\/wp-content\\\/uploads\\\/2025\\\/08\\\/Postbiotic-Immune-Formula-featuring-EPICOR-60-caps.jpg\",\"contentUrl\":\"https:\\\/\\\/ecosupplements.be\\\/wp-content\\\/uploads\\\/2025\\\/08\\\/Postbiotic-Immune-Formula-featuring-EPICOR-60-caps.jpg\",\"width\":600,\"height\":600},{\"@type\":\"BreadcrumbList\",\"@id\":\"https:\\\/\\\/ecosupplements.be\\\/fr\\\/produit\\\/swanson-postbiotic-immune-formula-featuring-epicor-60-caps\\\/#breadcrumb\",\"itemListElement\":[{\"@type\":\"ListItem\",\"position\":1,\"name\":\"Home\",\"item\":\"https:\\\/\\\/ecosupplements.be\\\/fr\\\/\"},{\"@type\":\"ListItem\",\"position\":2,\"name\":\"Boutique\",\"item\":\"https:\\\/\\\/ecosupplements.be\\\/fr\\\/boutique\\\/\"},{\"@type\":\"ListItem\",\"position\":3,\"name\":\"Swanson &#8211; Formule immunitaire postbiotique avec EPICOR &#8211; 60 g\u00e9lules\"}]},{\"@type\":\"WebSite\",\"@id\":\"https:\\\/\\\/ecosupplements.be\\\/fr\\\/#website\",\"url\":\"https:\\\/\\\/ecosupplements.be\\\/fr\\\/\",\"name\":\"ECO Supplements\",\"description\":\"Eco Supplements - Gezonde supplementen\",\"publisher\":{\"@id\":\"https:\\\/\\\/ecosupplements.be\\\/fr\\\/#organization\"},\"potentialAction\":[{\"@type\":\"SearchAction\",\"target\":{\"@type\":\"EntryPoint\",\"urlTemplate\":\"https:\\\/\\\/ecosupplements.be\\\/fr\\\/?s={search_term_string}\"},\"query-input\":{\"@type\":\"PropertyValueSpecification\",\"valueRequired\":true,\"valueName\":\"search_term_string\"}}],\"inLanguage\":\"fr-FR\"},{\"@type\":\"Organization\",\"@id\":\"https:\\\/\\\/ecosupplements.be\\\/fr\\\/#organization\",\"name\":\"Eco Supplements\",\"url\":\"https:\\\/\\\/ecosupplements.be\\\/fr\\\/\",\"logo\":{\"@type\":\"ImageObject\",\"inLanguage\":\"fr-FR\",\"@id\":\"https:\\\/\\\/ecosupplements.be\\\/fr\\\/#\\\/schema\\\/logo\\\/image\\\/\",\"url\":\"https:\\\/\\\/ecosupplements.be\\\/wp-content\\\/uploads\\\/2022\\\/06\\\/ecosupplement-family.png\",\"contentUrl\":\"https:\\\/\\\/ecosupplements.be\\\/wp-content\\\/uploads\\\/2022\\\/06\\\/ecosupplement-family.png\",\"width\":593,\"height\":374,\"caption\":\"Eco Supplements\"},\"image\":{\"@id\":\"https:\\\/\\\/ecosupplements.be\\\/fr\\\/#\\\/schema\\\/logo\\\/image\\\/\"}}]}<\/script>\n<meta property=\"product:brand\" content=\"Swanson\" \/>\n<meta property=\"product:price:amount\" content=\"39.45\" \/>\n<meta property=\"product:price:currency\" content=\"EUR\" \/>\n<meta property=\"og:availability\" content=\"instock\" \/>\n<meta property=\"product:availability\" content=\"instock\" \/>\n<meta property=\"product:retailer_item_id\" content=\"087614118796\" \/>\n<meta property=\"product:condition\" content=\"new\" \/>\n<!-- \/ Yoast SEO Premium plugin. -->","yoast_head_json":{"title":"Swanson - Formule immunitaire postbiotique avec EPICOR - 60 g\u00e9lules - ECO Supplements","description":"Wij hebben een ruime keuze aan producten van Swanson - Formule immunitaire postbiotique avec EPICOR - 60 g\u00e9lules . Winkel bij Eco Supplements altijd gratis verzending boven 100\u20ac","robots":{"index":"index","follow":"follow","max-snippet":"max-snippet:-1","max-image-preview":"max-image-preview:large","max-video-preview":"max-video-preview:-1"},"canonical":"https:\/\/ecosupplements.be\/fr\/produit\/swanson-postbiotic-immune-formula-featuring-epicor-60-caps\/","og_locale":"fr_FR","og_type":"article","og_title":"Swanson - Formule immunitaire postbiotique avec EPICOR - 60 g\u00e9lules","og_description":"Wij hebben een ruime keuze aan producten van Swanson - Formule immunitaire postbiotique avec EPICOR - 60 g\u00e9lules . Winkel bij Eco Supplements altijd gratis verzending boven 100\u20ac","og_url":"https:\/\/ecosupplements.be\/fr\/produit\/swanson-postbiotic-immune-formula-featuring-epicor-60-caps\/","og_site_name":"ECO Supplements","article_modified_time":"2025-08-27T14:34:38+00:00","og_image":[{"width":600,"height":600,"url":"https:\/\/ecosupplements.be\/wp-content\/uploads\/2025\/08\/Swanson-Postbiotic-Immune-Formula-featuring-EPICOR-60-caps.jpg","type":"image\/jpeg"}],"twitter_card":"summary_large_image","twitter_misc":{"Prix":"39.45&nbsp;&euro;","Disponibilit\u00e9":"En stock"},"schema":{"@context":"https:\/\/schema.org","@graph":[{"@type":["WebPage","ItemPage"],"@id":"https:\/\/ecosupplements.be\/fr\/produit\/swanson-postbiotic-immune-formula-featuring-epicor-60-caps\/","url":"https:\/\/ecosupplements.be\/fr\/produit\/swanson-postbiotic-immune-formula-featuring-epicor-60-caps\/","name":"Swanson - Formule immunitaire postbiotique avec EPICOR - 60 g\u00e9lules - ECO Supplements","isPartOf":{"@id":"https:\/\/ecosupplements.be\/fr\/#website"},"primaryImageOfPage":{"@id":"https:\/\/ecosupplements.be\/fr\/produit\/swanson-postbiotic-immune-formula-featuring-epicor-60-caps\/#primaryimage"},"image":{"@id":"https:\/\/ecosupplements.be\/fr\/produit\/swanson-postbiotic-immune-formula-featuring-epicor-60-caps\/#primaryimage"},"thumbnailUrl":"https:\/\/ecosupplements.be\/wp-content\/uploads\/2025\/08\/Postbiotic-Immune-Formula-featuring-EPICOR-60-caps.jpg","datePublished":"2024-07-06T00:40:44+00:00","dateModified":"2025-08-27T14:34:38+00:00","description":"Wij hebben een ruime keuze aan producten van Swanson - Formule immunitaire postbiotique avec EPICOR - 60 g\u00e9lules . Winkel bij Eco Supplements altijd gratis verzending boven 100\u20ac","breadcrumb":{"@id":"https:\/\/ecosupplements.be\/fr\/produit\/swanson-postbiotic-immune-formula-featuring-epicor-60-caps\/#breadcrumb"},"inLanguage":"fr-FR","potentialAction":[{"@type":"ReadAction","target":["https:\/\/ecosupplements.be\/fr\/produit\/swanson-postbiotic-immune-formula-featuring-epicor-60-caps\/"]}]},{"@type":"ImageObject","inLanguage":"fr-FR","@id":"https:\/\/ecosupplements.be\/fr\/produit\/swanson-postbiotic-immune-formula-featuring-epicor-60-caps\/#primaryimage","url":"https:\/\/ecosupplements.be\/wp-content\/uploads\/2025\/08\/Postbiotic-Immune-Formula-featuring-EPICOR-60-caps.jpg","contentUrl":"https:\/\/ecosupplements.be\/wp-content\/uploads\/2025\/08\/Postbiotic-Immune-Formula-featuring-EPICOR-60-caps.jpg","width":600,"height":600},{"@type":"BreadcrumbList","@id":"https:\/\/ecosupplements.be\/fr\/produit\/swanson-postbiotic-immune-formula-featuring-epicor-60-caps\/#breadcrumb","itemListElement":[{"@type":"ListItem","position":1,"name":"Home","item":"https:\/\/ecosupplements.be\/fr\/"},{"@type":"ListItem","position":2,"name":"Boutique","item":"https:\/\/ecosupplements.be\/fr\/boutique\/"},{"@type":"ListItem","position":3,"name":"Swanson &#8211; Formule immunitaire postbiotique avec EPICOR &#8211; 60 g\u00e9lules"}]},{"@type":"WebSite","@id":"https:\/\/ecosupplements.be\/fr\/#website","url":"https:\/\/ecosupplements.be\/fr\/","name":"ECO Supplements","description":"Eco Supplements - Gezonde supplementen","publisher":{"@id":"https:\/\/ecosupplements.be\/fr\/#organization"},"potentialAction":[{"@type":"SearchAction","target":{"@type":"EntryPoint","urlTemplate":"https:\/\/ecosupplements.be\/fr\/?s={search_term_string}"},"query-input":{"@type":"PropertyValueSpecification","valueRequired":true,"valueName":"search_term_string"}}],"inLanguage":"fr-FR"},{"@type":"Organization","@id":"https:\/\/ecosupplements.be\/fr\/#organization","name":"Eco Supplements","url":"https:\/\/ecosupplements.be\/fr\/","logo":{"@type":"ImageObject","inLanguage":"fr-FR","@id":"https:\/\/ecosupplements.be\/fr\/#\/schema\/logo\/image\/","url":"https:\/\/ecosupplements.be\/wp-content\/uploads\/2022\/06\/ecosupplement-family.png","contentUrl":"https:\/\/ecosupplements.be\/wp-content\/uploads\/2022\/06\/ecosupplement-family.png","width":593,"height":374,"caption":"Eco Supplements"},"image":{"@id":"https:\/\/ecosupplements.be\/fr\/#\/schema\/logo\/image\/"}}]},"product_brand":"Swanson","product_price_amount":"39.45","product_price_currency":"EUR","og_availability":"instock","product_availability":"instock","product_retailer_item_id":"087614118796","product_condition":"new"},"_links":{"self":[{"href":"https:\/\/ecosupplements.be\/fr\/wp-json\/wp\/v2\/product\/291638","targetHints":{"allow":["GET"]}}],"collection":[{"href":"https:\/\/ecosupplements.be\/fr\/wp-json\/wp\/v2\/product"}],"about":[{"href":"https:\/\/ecosupplements.be\/fr\/wp-json\/wp\/v2\/types\/product"}],"replies":[{"embeddable":true,"href":"https:\/\/ecosupplements.be\/fr\/wp-json\/wp\/v2\/comments?post=291638"}],"wp:featuredmedia":[{"embeddable":true,"href":"https:\/\/ecosupplements.be\/fr\/wp-json\/wp\/v2\/media\/266028"}],"wp:attachment":[{"href":"https:\/\/ecosupplements.be\/fr\/wp-json\/wp\/v2\/media?parent=291638"}],"wp:term":[{"taxonomy":"product_brand","embeddable":true,"href":"https:\/\/ecosupplements.be\/fr\/wp-json\/wp\/v2\/product_brand?post=291638"},{"taxonomy":"product_cat","embeddable":true,"href":"https:\/\/ecosupplements.be\/fr\/wp-json\/wp\/v2\/product_cat?post=291638"},{"taxonomy":"product_tag","embeddable":true,"href":"https:\/\/ecosupplements.be\/fr\/wp-json\/wp\/v2\/product_tag?post=291638"}],"curies":[{"name":"wp","href":"https:\/\/api.w.org\/{rel}","templated":true}]}}