{"id":291689,"date":"2024-06-15T02:01:06","date_gmt":"2024-06-15T01:01:06","guid":{"rendered":"https:\/\/ecosupplements.be\/product\/trace-minerals-magnesium-glycinate-powder-grape-180g\/"},"modified":"2025-08-27T15:35:28","modified_gmt":"2025-08-27T14:35:28","slug":"trace-minerals-magnesium-glycinate-powder-grape-180g","status":"publish","type":"product","link":"https:\/\/ecosupplements.be\/fr\/produit\/trace-minerals-magnesium-glycinate-powder-grape-180g\/","title":{"rendered":"Min\u00e9raux Trace &#8211; Poudre de Glycinate de Magn\u00e9sium, Raisin &#8211; 180g"},"content":{"rendered":"<h2>Trace Minerals &#8211; Magnesium Glycinate Powder, Grape &#8211; 180g<\/h2>\n<p>D\u00e9couvrez le <strong>Magnesium Glycinate Powder<\/strong>, une option naturelle pour enrichir votre quotidien. Ce produit de la marque Trace minerals, originaire des \u00c9tats-Unis, est pr\u00e9sent\u00e9 dans un format pratique de 180g.<\/p>\n<p>Ce compl\u00e9ment en poudre se distingue par sa composition \u00e0 base de glycinate de magn\u00e9sium et son agr\u00e9able go\u00fbt de raisin. Il est con\u00e7u pour \u00eatre facilement int\u00e9gr\u00e9 \u00e0 votre routine quotidienne gr\u00e2ce \u00e0 sa solubilit\u00e9 et son ar\u00f4me naturel qui rendent son utilisation \u00e0 la fois simple et plaisante.<\/p>\n<p>Le Magnesium Glycinate Powder est un choix parfait pour ceux qui appr\u00e9cient les ingr\u00e9dients purs et d&#8217;origine naturelle dans leur mode de vie actif. Sa texture fine assure une dissolution rapide sans r\u00e9sidus d\u00e9sagr\u00e9ables.<\/p>\n<p><strong>Utilisation :<\/strong> Ajoutez simplement la quantit\u00e9 recommand\u00e9e \u00e0 votre boisson pr\u00e9f\u00e9r\u00e9e chaque jour.<\/p>\n<p>Ce produit ne contient pas d&#8217;all\u00e9gations m\u00e9dicales ou th\u00e9rapeutiques, mais il s&#8217;int\u00e8gre harmonieusement dans un style de vie \u00e9quilibr\u00e9 o\u00f9 la qualit\u00e9 des ingr\u00e9dients est prioritaire.<\/p>\n","protected":false},"excerpt":{"rendered":"<p>Trace Minerals &#8211; Magnesium Glycinate Powder, Grape &#8211; 180g D\u00e9couvrez le Magnesium Glycinate Powder, une option naturelle pour enrichir votre quotidien. Ce produit de la marque Trace minerals, originaire des \u00c9tats-Unis, est pr\u00e9sent\u00e9 dans un format pratique de 180g. Ce compl\u00e9ment en poudre se distingue par sa composition \u00e0 base de glycinate de magn\u00e9sium et [&#8230;]\n","protected":false},"featured_media":265776,"comment_status":"open","ping_status":"open","template":"","meta":[],"product_brand":[4769],"product_cat":[5052],"product_tag":[],"class_list":{"0":"post-291689","1":"product","2":"type-product","3":"status-publish","4":"has-post-thumbnail","6":"product_brand-trace-minerals-2","7":"product_cat-sante-et-bien-etre","9":"first","10":"instock","11":"taxable","12":"shipping-taxable","13":"purchasable","14":"product-type-simple"},"yoast_head":"<!-- This site is optimized with the Yoast SEO Premium plugin v27.3 (Yoast SEO v27.3) - https:\/\/yoast.com\/product\/yoast-seo-premium-wordpress\/ -->\n<title>Min\u00e9raux Trace - Poudre de Glycinate de Magn\u00e9sium, Raisin - 180g - ECO Supplements<\/title>\n<meta name=\"description\" content=\"Wij hebben een ruime keuze aan producten van Min\u00e9raux Trace - Poudre de Glycinate de Magn\u00e9sium, Raisin - 180g . Winkel bij Eco Supplements altijd gratis verzending boven 100\u20ac\" \/>\n<meta name=\"robots\" content=\"index, follow, max-snippet:-1, max-image-preview:large, max-video-preview:-1\" \/>\n<link rel=\"canonical\" href=\"https:\/\/ecosupplements.be\/fr\/produit\/trace-minerals-magnesium-glycinate-powder-grape-180g\/\" \/>\n<meta property=\"og:locale\" content=\"fr_FR\" \/>\n<meta property=\"og:type\" content=\"article\" \/>\n<meta property=\"og:title\" content=\"Min\u00e9raux Trace - Poudre de Glycinate de Magn\u00e9sium, Raisin - 180g\" \/>\n<meta property=\"og:description\" content=\"Wij hebben een ruime keuze aan producten van Min\u00e9raux Trace - Poudre de Glycinate de Magn\u00e9sium, Raisin - 180g . Winkel bij Eco Supplements altijd gratis verzending boven 100\u20ac\" \/>\n<meta property=\"og:url\" content=\"https:\/\/ecosupplements.be\/fr\/produit\/trace-minerals-magnesium-glycinate-powder-grape-180g\/\" \/>\n<meta property=\"og:site_name\" content=\"ECO Supplements\" \/>\n<meta property=\"article:modified_time\" content=\"2025-08-27T14:35:28+00:00\" \/>\n<meta property=\"og:image\" content=\"https:\/\/ecosupplements.be\/wp-content\/uploads\/2025\/08\/Trace-Minerals-Magnesium-Glycinate-Powder-Grape-180g.jpg\" \/>\n\t<meta property=\"og:image:width\" content=\"600\" \/>\n\t<meta property=\"og:image:height\" content=\"600\" \/>\n\t<meta property=\"og:image:type\" content=\"image\/jpeg\" \/>\n<meta name=\"twitter:card\" content=\"summary_large_image\" \/>\n<meta name=\"twitter:label1\" content=\"Prix\" \/>\n\t<meta name=\"twitter:data1\" content=\"20.21&nbsp;&euro;\" \/>\n\t<meta name=\"twitter:label2\" content=\"Disponibilit\u00e9\" \/>\n\t<meta name=\"twitter:data2\" content=\"En stock\" \/>\n<script type=\"application\/ld+json\" class=\"yoast-schema-graph\">{\"@context\":\"https:\\\/\\\/schema.org\",\"@graph\":[{\"@type\":[\"WebPage\",\"ItemPage\"],\"@id\":\"https:\\\/\\\/ecosupplements.be\\\/fr\\\/produit\\\/trace-minerals-magnesium-glycinate-powder-grape-180g\\\/\",\"url\":\"https:\\\/\\\/ecosupplements.be\\\/fr\\\/produit\\\/trace-minerals-magnesium-glycinate-powder-grape-180g\\\/\",\"name\":\"Min\u00e9raux Trace - Poudre de Glycinate de Magn\u00e9sium, Raisin - 180g - ECO Supplements\",\"isPartOf\":{\"@id\":\"https:\\\/\\\/ecosupplements.be\\\/fr\\\/#website\"},\"primaryImageOfPage\":{\"@id\":\"https:\\\/\\\/ecosupplements.be\\\/fr\\\/produit\\\/trace-minerals-magnesium-glycinate-powder-grape-180g\\\/#primaryimage\"},\"image\":{\"@id\":\"https:\\\/\\\/ecosupplements.be\\\/fr\\\/produit\\\/trace-minerals-magnesium-glycinate-powder-grape-180g\\\/#primaryimage\"},\"thumbnailUrl\":\"https:\\\/\\\/ecosupplements.be\\\/wp-content\\\/uploads\\\/2025\\\/08\\\/Magnesium-Glycinate-Powder-Grape-180g.jpg\",\"datePublished\":\"2024-06-15T01:01:06+00:00\",\"dateModified\":\"2025-08-27T14:35:28+00:00\",\"description\":\"Wij hebben een ruime keuze aan producten van Min\u00e9raux Trace - Poudre de Glycinate de Magn\u00e9sium, Raisin - 180g . Winkel bij Eco Supplements altijd gratis verzending boven 100\u20ac\",\"breadcrumb\":{\"@id\":\"https:\\\/\\\/ecosupplements.be\\\/fr\\\/produit\\\/trace-minerals-magnesium-glycinate-powder-grape-180g\\\/#breadcrumb\"},\"inLanguage\":\"fr-FR\",\"potentialAction\":[{\"@type\":\"ReadAction\",\"target\":[\"https:\\\/\\\/ecosupplements.be\\\/fr\\\/produit\\\/trace-minerals-magnesium-glycinate-powder-grape-180g\\\/\"]}]},{\"@type\":\"ImageObject\",\"inLanguage\":\"fr-FR\",\"@id\":\"https:\\\/\\\/ecosupplements.be\\\/fr\\\/produit\\\/trace-minerals-magnesium-glycinate-powder-grape-180g\\\/#primaryimage\",\"url\":\"https:\\\/\\\/ecosupplements.be\\\/wp-content\\\/uploads\\\/2025\\\/08\\\/Magnesium-Glycinate-Powder-Grape-180g.jpg\",\"contentUrl\":\"https:\\\/\\\/ecosupplements.be\\\/wp-content\\\/uploads\\\/2025\\\/08\\\/Magnesium-Glycinate-Powder-Grape-180g.jpg\",\"width\":600,\"height\":600},{\"@type\":\"BreadcrumbList\",\"@id\":\"https:\\\/\\\/ecosupplements.be\\\/fr\\\/produit\\\/trace-minerals-magnesium-glycinate-powder-grape-180g\\\/#breadcrumb\",\"itemListElement\":[{\"@type\":\"ListItem\",\"position\":1,\"name\":\"Home\",\"item\":\"https:\\\/\\\/ecosupplements.be\\\/fr\\\/\"},{\"@type\":\"ListItem\",\"position\":2,\"name\":\"Boutique\",\"item\":\"https:\\\/\\\/ecosupplements.be\\\/fr\\\/boutique\\\/\"},{\"@type\":\"ListItem\",\"position\":3,\"name\":\"Min\u00e9raux Trace &#8211; Poudre de Glycinate de Magn\u00e9sium, Raisin &#8211; 180g\"}]},{\"@type\":\"WebSite\",\"@id\":\"https:\\\/\\\/ecosupplements.be\\\/fr\\\/#website\",\"url\":\"https:\\\/\\\/ecosupplements.be\\\/fr\\\/\",\"name\":\"ECO Supplements\",\"description\":\"Eco Supplements - Gezonde supplementen\",\"publisher\":{\"@id\":\"https:\\\/\\\/ecosupplements.be\\\/fr\\\/#organization\"},\"potentialAction\":[{\"@type\":\"SearchAction\",\"target\":{\"@type\":\"EntryPoint\",\"urlTemplate\":\"https:\\\/\\\/ecosupplements.be\\\/fr\\\/?s={search_term_string}\"},\"query-input\":{\"@type\":\"PropertyValueSpecification\",\"valueRequired\":true,\"valueName\":\"search_term_string\"}}],\"inLanguage\":\"fr-FR\"},{\"@type\":\"Organization\",\"@id\":\"https:\\\/\\\/ecosupplements.be\\\/fr\\\/#organization\",\"name\":\"Eco Supplements\",\"url\":\"https:\\\/\\\/ecosupplements.be\\\/fr\\\/\",\"logo\":{\"@type\":\"ImageObject\",\"inLanguage\":\"fr-FR\",\"@id\":\"https:\\\/\\\/ecosupplements.be\\\/fr\\\/#\\\/schema\\\/logo\\\/image\\\/\",\"url\":\"https:\\\/\\\/ecosupplements.be\\\/wp-content\\\/uploads\\\/2022\\\/06\\\/ecosupplement-family.png\",\"contentUrl\":\"https:\\\/\\\/ecosupplements.be\\\/wp-content\\\/uploads\\\/2022\\\/06\\\/ecosupplement-family.png\",\"width\":593,\"height\":374,\"caption\":\"Eco Supplements\"},\"image\":{\"@id\":\"https:\\\/\\\/ecosupplements.be\\\/fr\\\/#\\\/schema\\\/logo\\\/image\\\/\"}}]}<\/script>\n<meta property=\"product:brand\" content=\"Trace Minerals\" \/>\n<meta property=\"product:price:amount\" content=\"20.21\" \/>\n<meta property=\"product:price:currency\" content=\"EUR\" \/>\n<meta property=\"og:availability\" content=\"instock\" \/>\n<meta property=\"product:availability\" content=\"instock\" \/>\n<meta property=\"product:retailer_item_id\" content=\"878941008887\" \/>\n<meta property=\"product:condition\" content=\"new\" \/>\n<!-- \/ Yoast SEO Premium plugin. -->","yoast_head_json":{"title":"Min\u00e9raux Trace - Poudre de Glycinate de Magn\u00e9sium, Raisin - 180g - ECO Supplements","description":"Wij hebben een ruime keuze aan producten van Min\u00e9raux Trace - Poudre de Glycinate de Magn\u00e9sium, Raisin - 180g . Winkel bij Eco Supplements altijd gratis verzending boven 100\u20ac","robots":{"index":"index","follow":"follow","max-snippet":"max-snippet:-1","max-image-preview":"max-image-preview:large","max-video-preview":"max-video-preview:-1"},"canonical":"https:\/\/ecosupplements.be\/fr\/produit\/trace-minerals-magnesium-glycinate-powder-grape-180g\/","og_locale":"fr_FR","og_type":"article","og_title":"Min\u00e9raux Trace - Poudre de Glycinate de Magn\u00e9sium, Raisin - 180g","og_description":"Wij hebben een ruime keuze aan producten van Min\u00e9raux Trace - Poudre de Glycinate de Magn\u00e9sium, Raisin - 180g . Winkel bij Eco Supplements altijd gratis verzending boven 100\u20ac","og_url":"https:\/\/ecosupplements.be\/fr\/produit\/trace-minerals-magnesium-glycinate-powder-grape-180g\/","og_site_name":"ECO Supplements","article_modified_time":"2025-08-27T14:35:28+00:00","og_image":[{"width":600,"height":600,"url":"https:\/\/ecosupplements.be\/wp-content\/uploads\/2025\/08\/Trace-Minerals-Magnesium-Glycinate-Powder-Grape-180g.jpg","type":"image\/jpeg"}],"twitter_card":"summary_large_image","twitter_misc":{"Prix":"20.21&nbsp;&euro;","Disponibilit\u00e9":"En stock"},"schema":{"@context":"https:\/\/schema.org","@graph":[{"@type":["WebPage","ItemPage"],"@id":"https:\/\/ecosupplements.be\/fr\/produit\/trace-minerals-magnesium-glycinate-powder-grape-180g\/","url":"https:\/\/ecosupplements.be\/fr\/produit\/trace-minerals-magnesium-glycinate-powder-grape-180g\/","name":"Min\u00e9raux Trace - Poudre de Glycinate de Magn\u00e9sium, Raisin - 180g - ECO Supplements","isPartOf":{"@id":"https:\/\/ecosupplements.be\/fr\/#website"},"primaryImageOfPage":{"@id":"https:\/\/ecosupplements.be\/fr\/produit\/trace-minerals-magnesium-glycinate-powder-grape-180g\/#primaryimage"},"image":{"@id":"https:\/\/ecosupplements.be\/fr\/produit\/trace-minerals-magnesium-glycinate-powder-grape-180g\/#primaryimage"},"thumbnailUrl":"https:\/\/ecosupplements.be\/wp-content\/uploads\/2025\/08\/Magnesium-Glycinate-Powder-Grape-180g.jpg","datePublished":"2024-06-15T01:01:06+00:00","dateModified":"2025-08-27T14:35:28+00:00","description":"Wij hebben een ruime keuze aan producten van Min\u00e9raux Trace - Poudre de Glycinate de Magn\u00e9sium, Raisin - 180g . Winkel bij Eco Supplements altijd gratis verzending boven 100\u20ac","breadcrumb":{"@id":"https:\/\/ecosupplements.be\/fr\/produit\/trace-minerals-magnesium-glycinate-powder-grape-180g\/#breadcrumb"},"inLanguage":"fr-FR","potentialAction":[{"@type":"ReadAction","target":["https:\/\/ecosupplements.be\/fr\/produit\/trace-minerals-magnesium-glycinate-powder-grape-180g\/"]}]},{"@type":"ImageObject","inLanguage":"fr-FR","@id":"https:\/\/ecosupplements.be\/fr\/produit\/trace-minerals-magnesium-glycinate-powder-grape-180g\/#primaryimage","url":"https:\/\/ecosupplements.be\/wp-content\/uploads\/2025\/08\/Magnesium-Glycinate-Powder-Grape-180g.jpg","contentUrl":"https:\/\/ecosupplements.be\/wp-content\/uploads\/2025\/08\/Magnesium-Glycinate-Powder-Grape-180g.jpg","width":600,"height":600},{"@type":"BreadcrumbList","@id":"https:\/\/ecosupplements.be\/fr\/produit\/trace-minerals-magnesium-glycinate-powder-grape-180g\/#breadcrumb","itemListElement":[{"@type":"ListItem","position":1,"name":"Home","item":"https:\/\/ecosupplements.be\/fr\/"},{"@type":"ListItem","position":2,"name":"Boutique","item":"https:\/\/ecosupplements.be\/fr\/boutique\/"},{"@type":"ListItem","position":3,"name":"Min\u00e9raux Trace &#8211; Poudre de Glycinate de Magn\u00e9sium, Raisin &#8211; 180g"}]},{"@type":"WebSite","@id":"https:\/\/ecosupplements.be\/fr\/#website","url":"https:\/\/ecosupplements.be\/fr\/","name":"ECO Supplements","description":"Eco Supplements - Gezonde supplementen","publisher":{"@id":"https:\/\/ecosupplements.be\/fr\/#organization"},"potentialAction":[{"@type":"SearchAction","target":{"@type":"EntryPoint","urlTemplate":"https:\/\/ecosupplements.be\/fr\/?s={search_term_string}"},"query-input":{"@type":"PropertyValueSpecification","valueRequired":true,"valueName":"search_term_string"}}],"inLanguage":"fr-FR"},{"@type":"Organization","@id":"https:\/\/ecosupplements.be\/fr\/#organization","name":"Eco Supplements","url":"https:\/\/ecosupplements.be\/fr\/","logo":{"@type":"ImageObject","inLanguage":"fr-FR","@id":"https:\/\/ecosupplements.be\/fr\/#\/schema\/logo\/image\/","url":"https:\/\/ecosupplements.be\/wp-content\/uploads\/2022\/06\/ecosupplement-family.png","contentUrl":"https:\/\/ecosupplements.be\/wp-content\/uploads\/2022\/06\/ecosupplement-family.png","width":593,"height":374,"caption":"Eco Supplements"},"image":{"@id":"https:\/\/ecosupplements.be\/fr\/#\/schema\/logo\/image\/"}}]},"product_brand":"Trace Minerals","product_price_amount":"20.21","product_price_currency":"EUR","og_availability":"instock","product_availability":"instock","product_retailer_item_id":"878941008887","product_condition":"new"},"_links":{"self":[{"href":"https:\/\/ecosupplements.be\/fr\/wp-json\/wp\/v2\/product\/291689","targetHints":{"allow":["GET"]}}],"collection":[{"href":"https:\/\/ecosupplements.be\/fr\/wp-json\/wp\/v2\/product"}],"about":[{"href":"https:\/\/ecosupplements.be\/fr\/wp-json\/wp\/v2\/types\/product"}],"replies":[{"embeddable":true,"href":"https:\/\/ecosupplements.be\/fr\/wp-json\/wp\/v2\/comments?post=291689"}],"wp:featuredmedia":[{"embeddable":true,"href":"https:\/\/ecosupplements.be\/fr\/wp-json\/wp\/v2\/media\/265776"}],"wp:attachment":[{"href":"https:\/\/ecosupplements.be\/fr\/wp-json\/wp\/v2\/media?parent=291689"}],"wp:term":[{"taxonomy":"product_brand","embeddable":true,"href":"https:\/\/ecosupplements.be\/fr\/wp-json\/wp\/v2\/product_brand?post=291689"},{"taxonomy":"product_cat","embeddable":true,"href":"https:\/\/ecosupplements.be\/fr\/wp-json\/wp\/v2\/product_cat?post=291689"},{"taxonomy":"product_tag","embeddable":true,"href":"https:\/\/ecosupplements.be\/fr\/wp-json\/wp\/v2\/product_tag?post=291689"}],"curies":[{"name":"wp","href":"https:\/\/api.w.org\/{rel}","templated":true}]}}