{"id":291716,"date":"2025-04-13T17:17:45","date_gmt":"2025-04-13T16:17:45","guid":{"rendered":"https:\/\/ecosupplements.be\/product\/trained-by-jp-ashwagandha-60-caps\/"},"modified":"2025-08-27T15:35:55","modified_gmt":"2025-08-27T14:35:55","slug":"trained-by-jp-ashwagandha-60-caps","status":"publish","type":"product","link":"https:\/\/ecosupplements.be\/fr\/produit\/trained-by-jp-ashwagandha-60-caps\/","title":{"rendered":"Entra\u00een\u00e9 par JP &#8211; Ashwagandha &#8211; 60 g\u00e9lules"},"content":{"rendered":"<h2>Trained by JP &#8211; Ashwagandha &#8211; 60 caps<\/h2>\n<p>D\u00e9couvrez l&#8217;Ashwagandha de Trained by JP, un choix parfait pour ceux qui appr\u00e9cient les ingr\u00e9dients naturels dans un mode de vie sain. Chaque capsule contient une formulation soigneusement s\u00e9lectionn\u00e9e, originaire du Royaume-Uni, garantissant une grande puret\u00e9 et qualit\u00e9.<\/p>\n<p>Ce produit est pr\u00e9sent\u00e9 dans un emballage pratique contenant 60 capsules. Il est con\u00e7u pour \u00eatre simple \u00e0 utiliser au quotidien. L&#8217;ashwagandha utilis\u00e9 ici est reconnu pour sa qualit\u00e9 sup\u00e9rieure et son origine naturelle.<\/p>\n<p><strong>Ingr\u00e9dients principaux :<\/strong> Extrait pur d\u2019ashwagandha.<\/p>\n<p><strong>Utilisation :<\/strong> Suivre la dose journali\u00e8re recommand\u00e9e indiqu\u00e9e sur l&#8217;emballage.<\/p>\n<p><strong>Caract\u00e9ristiques pratiques :<\/strong> Ce produit se distingue par son format facile \u00e0 emporter et \u00e0 int\u00e9grer dans votre routine quotidienne sans effort.<\/p>\n<p>L&#8217;Ashwagandha de Trained by JP repr\u00e9sente un choix naturel pour compl\u00e9menter votre quotidien avec simplicit\u00e9 et efficacit\u00e9, tout en respectant votre pr\u00e9f\u00e9rence pour les composants d&#8217;origine naturelle.<\/p>\n","protected":false},"excerpt":{"rendered":"<p>Trained by JP &#8211; Ashwagandha &#8211; 60 caps D\u00e9couvrez l&#8217;Ashwagandha de Trained by JP, un choix parfait pour ceux qui appr\u00e9cient les ingr\u00e9dients naturels dans un mode de vie sain. Chaque capsule contient une formulation soigneusement s\u00e9lectionn\u00e9e, originaire du Royaume-Uni, garantissant une grande puret\u00e9 et qualit\u00e9. Ce produit est pr\u00e9sent\u00e9 dans un emballage pratique contenant [&#8230;]\n","protected":false},"featured_media":268636,"comment_status":"closed","ping_status":"open","template":"","meta":[],"product_brand":[5288],"product_cat":[5052],"product_tag":[],"class_list":{"0":"post-291716","1":"product","2":"type-product","3":"status-publish","4":"has-post-thumbnail","6":"product_brand-trained-by-jp-2","7":"product_cat-sante-et-bien-etre","9":"first","10":"outofstock","11":"taxable","12":"shipping-taxable","13":"purchasable","14":"product-type-simple"},"yoast_head":"<!-- This site is optimized with the Yoast SEO Premium plugin v27.3 (Yoast SEO v27.3) - https:\/\/yoast.com\/product\/yoast-seo-premium-wordpress\/ -->\n<title>Entra\u00een\u00e9 par JP - Ashwagandha - 60 g\u00e9lules - ECO Supplements<\/title>\n<meta name=\"description\" content=\"Wij hebben een ruime keuze aan producten van Entra\u00een\u00e9 par JP - Ashwagandha - 60 g\u00e9lules . Winkel bij Eco Supplements altijd gratis verzending boven 100\u20ac\" \/>\n<meta name=\"robots\" content=\"index, follow, max-snippet:-1, max-image-preview:large, max-video-preview:-1\" \/>\n<link rel=\"canonical\" href=\"https:\/\/ecosupplements.be\/fr\/produit\/trained-by-jp-ashwagandha-60-caps\/\" \/>\n<meta property=\"og:locale\" content=\"fr_FR\" \/>\n<meta property=\"og:type\" content=\"article\" \/>\n<meta property=\"og:title\" content=\"Entra\u00een\u00e9 par JP - Ashwagandha - 60 g\u00e9lules\" \/>\n<meta property=\"og:description\" content=\"Wij hebben een ruime keuze aan producten van Entra\u00een\u00e9 par JP - Ashwagandha - 60 g\u00e9lules . Winkel bij Eco Supplements altijd gratis verzending boven 100\u20ac\" \/>\n<meta property=\"og:url\" content=\"https:\/\/ecosupplements.be\/fr\/produit\/trained-by-jp-ashwagandha-60-caps\/\" \/>\n<meta property=\"og:site_name\" content=\"ECO Supplements\" \/>\n<meta property=\"article:modified_time\" content=\"2025-08-27T14:35:55+00:00\" \/>\n<meta property=\"og:image\" content=\"https:\/\/ecosupplements.be\/wp-content\/uploads\/2025\/08\/Trained-by-JP-Ashwagandha-60-caps.jpg\" \/>\n\t<meta property=\"og:image:width\" content=\"369\" \/>\n\t<meta property=\"og:image:height\" content=\"600\" \/>\n\t<meta property=\"og:image:type\" content=\"image\/jpeg\" \/>\n<meta name=\"twitter:card\" content=\"summary_large_image\" \/>\n<meta name=\"twitter:label1\" content=\"Prix\" \/>\n\t<meta name=\"twitter:data1\" content=\"17.43&nbsp;&euro;\" \/>\n\t<meta name=\"twitter:label2\" content=\"Disponibilit\u00e9\" \/>\n\t<meta name=\"twitter:data2\" content=\"Rupture de stock\" \/>\n<script type=\"application\/ld+json\" class=\"yoast-schema-graph\">{\"@context\":\"https:\\\/\\\/schema.org\",\"@graph\":[{\"@type\":[\"WebPage\",\"ItemPage\"],\"@id\":\"https:\\\/\\\/ecosupplements.be\\\/fr\\\/produit\\\/trained-by-jp-ashwagandha-60-caps\\\/\",\"url\":\"https:\\\/\\\/ecosupplements.be\\\/fr\\\/produit\\\/trained-by-jp-ashwagandha-60-caps\\\/\",\"name\":\"Entra\u00een\u00e9 par JP - Ashwagandha - 60 g\u00e9lules - ECO Supplements\",\"isPartOf\":{\"@id\":\"https:\\\/\\\/ecosupplements.be\\\/fr\\\/#website\"},\"primaryImageOfPage\":{\"@id\":\"https:\\\/\\\/ecosupplements.be\\\/fr\\\/produit\\\/trained-by-jp-ashwagandha-60-caps\\\/#primaryimage\"},\"image\":{\"@id\":\"https:\\\/\\\/ecosupplements.be\\\/fr\\\/produit\\\/trained-by-jp-ashwagandha-60-caps\\\/#primaryimage\"},\"thumbnailUrl\":\"https:\\\/\\\/ecosupplements.be\\\/wp-content\\\/uploads\\\/2025\\\/08\\\/Trained-by-JP-httpswww.powerbody.eumediacatalogproductimimage_2025-01-31_679cbbf69ee65.jpg\",\"datePublished\":\"2025-04-13T16:17:45+00:00\",\"dateModified\":\"2025-08-27T14:35:55+00:00\",\"description\":\"Wij hebben een ruime keuze aan producten van Entra\u00een\u00e9 par JP - Ashwagandha - 60 g\u00e9lules . Winkel bij Eco Supplements altijd gratis verzending boven 100\u20ac\",\"breadcrumb\":{\"@id\":\"https:\\\/\\\/ecosupplements.be\\\/fr\\\/produit\\\/trained-by-jp-ashwagandha-60-caps\\\/#breadcrumb\"},\"inLanguage\":\"fr-FR\",\"potentialAction\":[{\"@type\":\"ReadAction\",\"target\":[\"https:\\\/\\\/ecosupplements.be\\\/fr\\\/produit\\\/trained-by-jp-ashwagandha-60-caps\\\/\"]}]},{\"@type\":\"ImageObject\",\"inLanguage\":\"fr-FR\",\"@id\":\"https:\\\/\\\/ecosupplements.be\\\/fr\\\/produit\\\/trained-by-jp-ashwagandha-60-caps\\\/#primaryimage\",\"url\":\"https:\\\/\\\/ecosupplements.be\\\/wp-content\\\/uploads\\\/2025\\\/08\\\/Trained-by-JP-httpswww.powerbody.eumediacatalogproductimimage_2025-01-31_679cbbf69ee65.jpg\",\"contentUrl\":\"https:\\\/\\\/ecosupplements.be\\\/wp-content\\\/uploads\\\/2025\\\/08\\\/Trained-by-JP-httpswww.powerbody.eumediacatalogproductimimage_2025-01-31_679cbbf69ee65.jpg\",\"width\":369,\"height\":600},{\"@type\":\"BreadcrumbList\",\"@id\":\"https:\\\/\\\/ecosupplements.be\\\/fr\\\/produit\\\/trained-by-jp-ashwagandha-60-caps\\\/#breadcrumb\",\"itemListElement\":[{\"@type\":\"ListItem\",\"position\":1,\"name\":\"Home\",\"item\":\"https:\\\/\\\/ecosupplements.be\\\/fr\\\/\"},{\"@type\":\"ListItem\",\"position\":2,\"name\":\"Boutique\",\"item\":\"https:\\\/\\\/ecosupplements.be\\\/fr\\\/boutique\\\/\"},{\"@type\":\"ListItem\",\"position\":3,\"name\":\"Entra\u00een\u00e9 par JP &#8211; Ashwagandha &#8211; 60 g\u00e9lules\"}]},{\"@type\":\"WebSite\",\"@id\":\"https:\\\/\\\/ecosupplements.be\\\/fr\\\/#website\",\"url\":\"https:\\\/\\\/ecosupplements.be\\\/fr\\\/\",\"name\":\"ECO Supplements\",\"description\":\"Eco Supplements - Gezonde supplementen\",\"publisher\":{\"@id\":\"https:\\\/\\\/ecosupplements.be\\\/fr\\\/#organization\"},\"potentialAction\":[{\"@type\":\"SearchAction\",\"target\":{\"@type\":\"EntryPoint\",\"urlTemplate\":\"https:\\\/\\\/ecosupplements.be\\\/fr\\\/?s={search_term_string}\"},\"query-input\":{\"@type\":\"PropertyValueSpecification\",\"valueRequired\":true,\"valueName\":\"search_term_string\"}}],\"inLanguage\":\"fr-FR\"},{\"@type\":\"Organization\",\"@id\":\"https:\\\/\\\/ecosupplements.be\\\/fr\\\/#organization\",\"name\":\"Eco Supplements\",\"url\":\"https:\\\/\\\/ecosupplements.be\\\/fr\\\/\",\"logo\":{\"@type\":\"ImageObject\",\"inLanguage\":\"fr-FR\",\"@id\":\"https:\\\/\\\/ecosupplements.be\\\/fr\\\/#\\\/schema\\\/logo\\\/image\\\/\",\"url\":\"https:\\\/\\\/ecosupplements.be\\\/wp-content\\\/uploads\\\/2022\\\/06\\\/ecosupplement-family.png\",\"contentUrl\":\"https:\\\/\\\/ecosupplements.be\\\/wp-content\\\/uploads\\\/2022\\\/06\\\/ecosupplement-family.png\",\"width\":593,\"height\":374,\"caption\":\"Eco Supplements\"},\"image\":{\"@id\":\"https:\\\/\\\/ecosupplements.be\\\/fr\\\/#\\\/schema\\\/logo\\\/image\\\/\"}}]}<\/script>\n<meta property=\"product:brand\" content=\"Trained by JP\" \/>\n<meta property=\"product:price:amount\" content=\"17.43\" \/>\n<meta property=\"product:price:currency\" content=\"EUR\" \/>\n<meta property=\"og:availability\" content=\"out of stock\" \/>\n<meta property=\"product:availability\" content=\"out of stock\" \/>\n<meta property=\"product:retailer_item_id\" content=\"643985986879\" \/>\n<meta property=\"product:condition\" content=\"new\" \/>\n<!-- \/ Yoast SEO Premium plugin. -->","yoast_head_json":{"title":"Entra\u00een\u00e9 par JP - Ashwagandha - 60 g\u00e9lules - ECO Supplements","description":"Wij hebben een ruime keuze aan producten van Entra\u00een\u00e9 par JP - Ashwagandha - 60 g\u00e9lules . Winkel bij Eco Supplements altijd gratis verzending boven 100\u20ac","robots":{"index":"index","follow":"follow","max-snippet":"max-snippet:-1","max-image-preview":"max-image-preview:large","max-video-preview":"max-video-preview:-1"},"canonical":"https:\/\/ecosupplements.be\/fr\/produit\/trained-by-jp-ashwagandha-60-caps\/","og_locale":"fr_FR","og_type":"article","og_title":"Entra\u00een\u00e9 par JP - Ashwagandha - 60 g\u00e9lules","og_description":"Wij hebben een ruime keuze aan producten van Entra\u00een\u00e9 par JP - Ashwagandha - 60 g\u00e9lules . Winkel bij Eco Supplements altijd gratis verzending boven 100\u20ac","og_url":"https:\/\/ecosupplements.be\/fr\/produit\/trained-by-jp-ashwagandha-60-caps\/","og_site_name":"ECO Supplements","article_modified_time":"2025-08-27T14:35:55+00:00","og_image":[{"width":369,"height":600,"url":"https:\/\/ecosupplements.be\/wp-content\/uploads\/2025\/08\/Trained-by-JP-Ashwagandha-60-caps.jpg","type":"image\/jpeg"}],"twitter_card":"summary_large_image","twitter_misc":{"Prix":"17.43&nbsp;&euro;","Disponibilit\u00e9":"Rupture de stock"},"schema":{"@context":"https:\/\/schema.org","@graph":[{"@type":["WebPage","ItemPage"],"@id":"https:\/\/ecosupplements.be\/fr\/produit\/trained-by-jp-ashwagandha-60-caps\/","url":"https:\/\/ecosupplements.be\/fr\/produit\/trained-by-jp-ashwagandha-60-caps\/","name":"Entra\u00een\u00e9 par JP - Ashwagandha - 60 g\u00e9lules - ECO Supplements","isPartOf":{"@id":"https:\/\/ecosupplements.be\/fr\/#website"},"primaryImageOfPage":{"@id":"https:\/\/ecosupplements.be\/fr\/produit\/trained-by-jp-ashwagandha-60-caps\/#primaryimage"},"image":{"@id":"https:\/\/ecosupplements.be\/fr\/produit\/trained-by-jp-ashwagandha-60-caps\/#primaryimage"},"thumbnailUrl":"https:\/\/ecosupplements.be\/wp-content\/uploads\/2025\/08\/Trained-by-JP-httpswww.powerbody.eumediacatalogproductimimage_2025-01-31_679cbbf69ee65.jpg","datePublished":"2025-04-13T16:17:45+00:00","dateModified":"2025-08-27T14:35:55+00:00","description":"Wij hebben een ruime keuze aan producten van Entra\u00een\u00e9 par JP - Ashwagandha - 60 g\u00e9lules . Winkel bij Eco Supplements altijd gratis verzending boven 100\u20ac","breadcrumb":{"@id":"https:\/\/ecosupplements.be\/fr\/produit\/trained-by-jp-ashwagandha-60-caps\/#breadcrumb"},"inLanguage":"fr-FR","potentialAction":[{"@type":"ReadAction","target":["https:\/\/ecosupplements.be\/fr\/produit\/trained-by-jp-ashwagandha-60-caps\/"]}]},{"@type":"ImageObject","inLanguage":"fr-FR","@id":"https:\/\/ecosupplements.be\/fr\/produit\/trained-by-jp-ashwagandha-60-caps\/#primaryimage","url":"https:\/\/ecosupplements.be\/wp-content\/uploads\/2025\/08\/Trained-by-JP-httpswww.powerbody.eumediacatalogproductimimage_2025-01-31_679cbbf69ee65.jpg","contentUrl":"https:\/\/ecosupplements.be\/wp-content\/uploads\/2025\/08\/Trained-by-JP-httpswww.powerbody.eumediacatalogproductimimage_2025-01-31_679cbbf69ee65.jpg","width":369,"height":600},{"@type":"BreadcrumbList","@id":"https:\/\/ecosupplements.be\/fr\/produit\/trained-by-jp-ashwagandha-60-caps\/#breadcrumb","itemListElement":[{"@type":"ListItem","position":1,"name":"Home","item":"https:\/\/ecosupplements.be\/fr\/"},{"@type":"ListItem","position":2,"name":"Boutique","item":"https:\/\/ecosupplements.be\/fr\/boutique\/"},{"@type":"ListItem","position":3,"name":"Entra\u00een\u00e9 par JP &#8211; Ashwagandha &#8211; 60 g\u00e9lules"}]},{"@type":"WebSite","@id":"https:\/\/ecosupplements.be\/fr\/#website","url":"https:\/\/ecosupplements.be\/fr\/","name":"ECO Supplements","description":"Eco Supplements - Gezonde supplementen","publisher":{"@id":"https:\/\/ecosupplements.be\/fr\/#organization"},"potentialAction":[{"@type":"SearchAction","target":{"@type":"EntryPoint","urlTemplate":"https:\/\/ecosupplements.be\/fr\/?s={search_term_string}"},"query-input":{"@type":"PropertyValueSpecification","valueRequired":true,"valueName":"search_term_string"}}],"inLanguage":"fr-FR"},{"@type":"Organization","@id":"https:\/\/ecosupplements.be\/fr\/#organization","name":"Eco Supplements","url":"https:\/\/ecosupplements.be\/fr\/","logo":{"@type":"ImageObject","inLanguage":"fr-FR","@id":"https:\/\/ecosupplements.be\/fr\/#\/schema\/logo\/image\/","url":"https:\/\/ecosupplements.be\/wp-content\/uploads\/2022\/06\/ecosupplement-family.png","contentUrl":"https:\/\/ecosupplements.be\/wp-content\/uploads\/2022\/06\/ecosupplement-family.png","width":593,"height":374,"caption":"Eco Supplements"},"image":{"@id":"https:\/\/ecosupplements.be\/fr\/#\/schema\/logo\/image\/"}}]},"product_brand":"Trained by JP","product_price_amount":"17.43","product_price_currency":"EUR","og_availability":"out of stock","product_availability":"out of stock","product_retailer_item_id":"643985986879","product_condition":"new"},"_links":{"self":[{"href":"https:\/\/ecosupplements.be\/fr\/wp-json\/wp\/v2\/product\/291716","targetHints":{"allow":["GET"]}}],"collection":[{"href":"https:\/\/ecosupplements.be\/fr\/wp-json\/wp\/v2\/product"}],"about":[{"href":"https:\/\/ecosupplements.be\/fr\/wp-json\/wp\/v2\/types\/product"}],"replies":[{"embeddable":true,"href":"https:\/\/ecosupplements.be\/fr\/wp-json\/wp\/v2\/comments?post=291716"}],"wp:featuredmedia":[{"embeddable":true,"href":"https:\/\/ecosupplements.be\/fr\/wp-json\/wp\/v2\/media\/268636"}],"wp:attachment":[{"href":"https:\/\/ecosupplements.be\/fr\/wp-json\/wp\/v2\/media?parent=291716"}],"wp:term":[{"taxonomy":"product_brand","embeddable":true,"href":"https:\/\/ecosupplements.be\/fr\/wp-json\/wp\/v2\/product_brand?post=291716"},{"taxonomy":"product_cat","embeddable":true,"href":"https:\/\/ecosupplements.be\/fr\/wp-json\/wp\/v2\/product_cat?post=291716"},{"taxonomy":"product_tag","embeddable":true,"href":"https:\/\/ecosupplements.be\/fr\/wp-json\/wp\/v2\/product_tag?post=291716"}],"curies":[{"name":"wp","href":"https:\/\/api.w.org\/{rel}","templated":true}]}}