{"id":291752,"date":"2024-07-31T01:45:57","date_gmt":"2024-07-31T00:45:57","guid":{"rendered":"https:\/\/ecosupplements.be\/product\/trained-by-jp-oh-mega-v-180-softgels\/"},"modified":"2025-08-27T15:36:30","modified_gmt":"2025-08-27T14:36:30","slug":"trained-by-jp-oh-mega-v-180-softgels","status":"publish","type":"product","link":"https:\/\/ecosupplements.be\/fr\/produit\/trained-by-jp-oh-mega-v-180-softgels\/","title":{"rendered":"Entra\u00een\u00e9 par JP &#8211; Oh-Mega V &#8211; 180 capsules molles"},"content":{"rendered":"<h2>Trained by JP &#8211; Oh-Mega V &#8211; 180 softgels<\/h2>\n<p>D\u00e9couvrez les softgels oh-Mega V de Trained by JP,con\u00e7us pour s&#8217;int\u00e9grer harmonieusement \u00e0 votre quotidien. Chaque flacon contient 180 capsules faciles \u00e0 avaler, fabriqu\u00e9es avec soin au Royaume-Uni.<\/p>\n<p>Ce produit est \u00e9labor\u00e9 \u00e0 partir d&#8217;ingr\u00e9dients d&#8217;origine naturelle,s\u00e9lectionn\u00e9s pour leur puret\u00e9 et leur qualit\u00e9 sup\u00e9rieure. Les softgels Oh-Mega V sont un choix parfait pour ceux qui appr\u00e9cient les composants naturels dans un mode de vie actif.<\/p>\n<p>Utilisation recommand\u00e9e : Suivre la dose journali\u00e8re indiqu\u00e9e sur l&#8217;emballage pour une incorporation simple et pratique dans votre routine quotidienne.<\/p>\n<p>Les softgels oh-Mega V se distinguent par leur format pratique et leur texture douce, offrant une exp\u00e9rience agr\u00e9able sans saveurs artificielles. un choix naturel id\u00e9al pour maintenir un style de vie \u00e9quilibr\u00e9 sans compromis sur la qualit\u00e9.<\/p>\n","protected":false},"excerpt":{"rendered":"<p>Trained by JP &#8211; Oh-Mega V &#8211; 180 softgels D\u00e9couvrez les softgels oh-Mega V de Trained by JP,con\u00e7us pour s&#8217;int\u00e9grer harmonieusement \u00e0 votre quotidien. Chaque flacon contient 180 capsules faciles \u00e0 avaler, fabriqu\u00e9es avec soin au Royaume-Uni. Ce produit est \u00e9labor\u00e9 \u00e0 partir d&#8217;ingr\u00e9dients d&#8217;origine naturelle,s\u00e9lectionn\u00e9s pour leur puret\u00e9 et leur qualit\u00e9 sup\u00e9rieure. Les softgels [&#8230;]\n","protected":false},"featured_media":266287,"comment_status":"open","ping_status":"open","template":"","meta":[],"product_brand":[5288],"product_cat":[5052],"product_tag":[],"class_list":{"0":"post-291752","1":"product","2":"type-product","3":"status-publish","4":"has-post-thumbnail","6":"product_brand-trained-by-jp-2","7":"product_cat-sante-et-bien-etre","9":"first","10":"instock","11":"sale","12":"taxable","13":"shipping-taxable","14":"purchasable","15":"product-type-simple"},"yoast_head":"<!-- This site is optimized with the Yoast SEO Premium plugin v27.3 (Yoast SEO v27.3) - https:\/\/yoast.com\/product\/yoast-seo-premium-wordpress\/ -->\n<title>Entra\u00een\u00e9 par JP - Oh-Mega V - 180 capsules molles - ECO Supplements<\/title>\n<meta name=\"description\" content=\"Wij hebben een ruime keuze aan producten van Entra\u00een\u00e9 par JP - Oh-Mega V - 180 capsules molles . Winkel bij Eco Supplements altijd gratis verzending boven 100\u20ac\" \/>\n<meta name=\"robots\" content=\"index, follow, max-snippet:-1, max-image-preview:large, max-video-preview:-1\" \/>\n<link rel=\"canonical\" href=\"https:\/\/ecosupplements.be\/fr\/produit\/trained-by-jp-oh-mega-v-180-softgels\/\" \/>\n<meta property=\"og:locale\" content=\"fr_FR\" \/>\n<meta property=\"og:type\" content=\"article\" \/>\n<meta property=\"og:title\" content=\"Entra\u00een\u00e9 par JP - Oh-Mega V - 180 capsules molles\" \/>\n<meta property=\"og:description\" content=\"Wij hebben een ruime keuze aan producten van Entra\u00een\u00e9 par JP - Oh-Mega V - 180 capsules molles . Winkel bij Eco Supplements altijd gratis verzending boven 100\u20ac\" \/>\n<meta property=\"og:url\" content=\"https:\/\/ecosupplements.be\/fr\/produit\/trained-by-jp-oh-mega-v-180-softgels\/\" \/>\n<meta property=\"og:site_name\" content=\"ECO Supplements\" \/>\n<meta property=\"article:modified_time\" content=\"2025-08-27T14:36:30+00:00\" \/>\n<meta property=\"og:image\" content=\"https:\/\/ecosupplements.be\/wp-content\/uploads\/2025\/08\/Trained-by-JP-Oh-Mega-V-180-softgels.jpg\" \/>\n\t<meta property=\"og:image:width\" content=\"450\" \/>\n\t<meta property=\"og:image:height\" content=\"600\" \/>\n\t<meta property=\"og:image:type\" content=\"image\/jpeg\" \/>\n<meta name=\"twitter:card\" content=\"summary_large_image\" \/>\n<meta name=\"twitter:label1\" content=\"Prix\" \/>\n\t<meta name=\"twitter:data1\" content=\"18.03&nbsp;&euro;\" \/>\n\t<meta name=\"twitter:label2\" content=\"Disponibilit\u00e9\" \/>\n\t<meta name=\"twitter:data2\" content=\"En stock\" \/>\n<script type=\"application\/ld+json\" class=\"yoast-schema-graph\">{\"@context\":\"https:\\\/\\\/schema.org\",\"@graph\":[{\"@type\":[\"WebPage\",\"ItemPage\"],\"@id\":\"https:\\\/\\\/ecosupplements.be\\\/fr\\\/produit\\\/trained-by-jp-oh-mega-v-180-softgels\\\/\",\"url\":\"https:\\\/\\\/ecosupplements.be\\\/fr\\\/produit\\\/trained-by-jp-oh-mega-v-180-softgels\\\/\",\"name\":\"Entra\u00een\u00e9 par JP - Oh-Mega V - 180 capsules molles - ECO Supplements\",\"isPartOf\":{\"@id\":\"https:\\\/\\\/ecosupplements.be\\\/fr\\\/#website\"},\"primaryImageOfPage\":{\"@id\":\"https:\\\/\\\/ecosupplements.be\\\/fr\\\/produit\\\/trained-by-jp-oh-mega-v-180-softgels\\\/#primaryimage\"},\"image\":{\"@id\":\"https:\\\/\\\/ecosupplements.be\\\/fr\\\/produit\\\/trained-by-jp-oh-mega-v-180-softgels\\\/#primaryimage\"},\"thumbnailUrl\":\"https:\\\/\\\/ecosupplements.be\\\/wp-content\\\/uploads\\\/2025\\\/08\\\/Oh-Mega-V-180-softgels-EAN-740111146746.jpg\",\"datePublished\":\"2024-07-31T00:45:57+00:00\",\"dateModified\":\"2025-08-27T14:36:30+00:00\",\"description\":\"Wij hebben een ruime keuze aan producten van Entra\u00een\u00e9 par JP - Oh-Mega V - 180 capsules molles . Winkel bij Eco Supplements altijd gratis verzending boven 100\u20ac\",\"breadcrumb\":{\"@id\":\"https:\\\/\\\/ecosupplements.be\\\/fr\\\/produit\\\/trained-by-jp-oh-mega-v-180-softgels\\\/#breadcrumb\"},\"inLanguage\":\"fr-FR\",\"potentialAction\":[{\"@type\":\"ReadAction\",\"target\":[\"https:\\\/\\\/ecosupplements.be\\\/fr\\\/produit\\\/trained-by-jp-oh-mega-v-180-softgels\\\/\"]}]},{\"@type\":\"ImageObject\",\"inLanguage\":\"fr-FR\",\"@id\":\"https:\\\/\\\/ecosupplements.be\\\/fr\\\/produit\\\/trained-by-jp-oh-mega-v-180-softgels\\\/#primaryimage\",\"url\":\"https:\\\/\\\/ecosupplements.be\\\/wp-content\\\/uploads\\\/2025\\\/08\\\/Oh-Mega-V-180-softgels-EAN-740111146746.jpg\",\"contentUrl\":\"https:\\\/\\\/ecosupplements.be\\\/wp-content\\\/uploads\\\/2025\\\/08\\\/Oh-Mega-V-180-softgels-EAN-740111146746.jpg\",\"width\":450,\"height\":600},{\"@type\":\"BreadcrumbList\",\"@id\":\"https:\\\/\\\/ecosupplements.be\\\/fr\\\/produit\\\/trained-by-jp-oh-mega-v-180-softgels\\\/#breadcrumb\",\"itemListElement\":[{\"@type\":\"ListItem\",\"position\":1,\"name\":\"Home\",\"item\":\"https:\\\/\\\/ecosupplements.be\\\/fr\\\/\"},{\"@type\":\"ListItem\",\"position\":2,\"name\":\"Boutique\",\"item\":\"https:\\\/\\\/ecosupplements.be\\\/fr\\\/boutique\\\/\"},{\"@type\":\"ListItem\",\"position\":3,\"name\":\"Entra\u00een\u00e9 par JP &#8211; Oh-Mega V &#8211; 180 capsules molles\"}]},{\"@type\":\"WebSite\",\"@id\":\"https:\\\/\\\/ecosupplements.be\\\/fr\\\/#website\",\"url\":\"https:\\\/\\\/ecosupplements.be\\\/fr\\\/\",\"name\":\"ECO Supplements\",\"description\":\"Eco Supplements - Gezonde supplementen\",\"publisher\":{\"@id\":\"https:\\\/\\\/ecosupplements.be\\\/fr\\\/#organization\"},\"potentialAction\":[{\"@type\":\"SearchAction\",\"target\":{\"@type\":\"EntryPoint\",\"urlTemplate\":\"https:\\\/\\\/ecosupplements.be\\\/fr\\\/?s={search_term_string}\"},\"query-input\":{\"@type\":\"PropertyValueSpecification\",\"valueRequired\":true,\"valueName\":\"search_term_string\"}}],\"inLanguage\":\"fr-FR\"},{\"@type\":\"Organization\",\"@id\":\"https:\\\/\\\/ecosupplements.be\\\/fr\\\/#organization\",\"name\":\"Eco Supplements\",\"url\":\"https:\\\/\\\/ecosupplements.be\\\/fr\\\/\",\"logo\":{\"@type\":\"ImageObject\",\"inLanguage\":\"fr-FR\",\"@id\":\"https:\\\/\\\/ecosupplements.be\\\/fr\\\/#\\\/schema\\\/logo\\\/image\\\/\",\"url\":\"https:\\\/\\\/ecosupplements.be\\\/wp-content\\\/uploads\\\/2022\\\/06\\\/ecosupplement-family.png\",\"contentUrl\":\"https:\\\/\\\/ecosupplements.be\\\/wp-content\\\/uploads\\\/2022\\\/06\\\/ecosupplement-family.png\",\"width\":593,\"height\":374,\"caption\":\"Eco Supplements\"},\"image\":{\"@id\":\"https:\\\/\\\/ecosupplements.be\\\/fr\\\/#\\\/schema\\\/logo\\\/image\\\/\"}}]}<\/script>\n<meta property=\"product:brand\" content=\"Trained by JP\" \/>\n<meta property=\"product:price:amount\" content=\"18.03\" \/>\n<meta property=\"product:price:currency\" content=\"EUR\" \/>\n<meta property=\"og:availability\" content=\"instock\" \/>\n<meta property=\"product:availability\" content=\"instock\" \/>\n<meta property=\"product:retailer_item_id\" content=\"740111146746\" \/>\n<meta property=\"product:condition\" content=\"new\" \/>\n<!-- \/ Yoast SEO Premium plugin. -->","yoast_head_json":{"title":"Entra\u00een\u00e9 par JP - Oh-Mega V - 180 capsules molles - ECO Supplements","description":"Wij hebben een ruime keuze aan producten van Entra\u00een\u00e9 par JP - Oh-Mega V - 180 capsules molles . Winkel bij Eco Supplements altijd gratis verzending boven 100\u20ac","robots":{"index":"index","follow":"follow","max-snippet":"max-snippet:-1","max-image-preview":"max-image-preview:large","max-video-preview":"max-video-preview:-1"},"canonical":"https:\/\/ecosupplements.be\/fr\/produit\/trained-by-jp-oh-mega-v-180-softgels\/","og_locale":"fr_FR","og_type":"article","og_title":"Entra\u00een\u00e9 par JP - Oh-Mega V - 180 capsules molles","og_description":"Wij hebben een ruime keuze aan producten van Entra\u00een\u00e9 par JP - Oh-Mega V - 180 capsules molles . Winkel bij Eco Supplements altijd gratis verzending boven 100\u20ac","og_url":"https:\/\/ecosupplements.be\/fr\/produit\/trained-by-jp-oh-mega-v-180-softgels\/","og_site_name":"ECO Supplements","article_modified_time":"2025-08-27T14:36:30+00:00","og_image":[{"width":450,"height":600,"url":"https:\/\/ecosupplements.be\/wp-content\/uploads\/2025\/08\/Trained-by-JP-Oh-Mega-V-180-softgels.jpg","type":"image\/jpeg"}],"twitter_card":"summary_large_image","twitter_misc":{"Prix":"18.03&nbsp;&euro;","Disponibilit\u00e9":"En stock"},"schema":{"@context":"https:\/\/schema.org","@graph":[{"@type":["WebPage","ItemPage"],"@id":"https:\/\/ecosupplements.be\/fr\/produit\/trained-by-jp-oh-mega-v-180-softgels\/","url":"https:\/\/ecosupplements.be\/fr\/produit\/trained-by-jp-oh-mega-v-180-softgels\/","name":"Entra\u00een\u00e9 par JP - Oh-Mega V - 180 capsules molles - ECO Supplements","isPartOf":{"@id":"https:\/\/ecosupplements.be\/fr\/#website"},"primaryImageOfPage":{"@id":"https:\/\/ecosupplements.be\/fr\/produit\/trained-by-jp-oh-mega-v-180-softgels\/#primaryimage"},"image":{"@id":"https:\/\/ecosupplements.be\/fr\/produit\/trained-by-jp-oh-mega-v-180-softgels\/#primaryimage"},"thumbnailUrl":"https:\/\/ecosupplements.be\/wp-content\/uploads\/2025\/08\/Oh-Mega-V-180-softgels-EAN-740111146746.jpg","datePublished":"2024-07-31T00:45:57+00:00","dateModified":"2025-08-27T14:36:30+00:00","description":"Wij hebben een ruime keuze aan producten van Entra\u00een\u00e9 par JP - Oh-Mega V - 180 capsules molles . Winkel bij Eco Supplements altijd gratis verzending boven 100\u20ac","breadcrumb":{"@id":"https:\/\/ecosupplements.be\/fr\/produit\/trained-by-jp-oh-mega-v-180-softgels\/#breadcrumb"},"inLanguage":"fr-FR","potentialAction":[{"@type":"ReadAction","target":["https:\/\/ecosupplements.be\/fr\/produit\/trained-by-jp-oh-mega-v-180-softgels\/"]}]},{"@type":"ImageObject","inLanguage":"fr-FR","@id":"https:\/\/ecosupplements.be\/fr\/produit\/trained-by-jp-oh-mega-v-180-softgels\/#primaryimage","url":"https:\/\/ecosupplements.be\/wp-content\/uploads\/2025\/08\/Oh-Mega-V-180-softgels-EAN-740111146746.jpg","contentUrl":"https:\/\/ecosupplements.be\/wp-content\/uploads\/2025\/08\/Oh-Mega-V-180-softgels-EAN-740111146746.jpg","width":450,"height":600},{"@type":"BreadcrumbList","@id":"https:\/\/ecosupplements.be\/fr\/produit\/trained-by-jp-oh-mega-v-180-softgels\/#breadcrumb","itemListElement":[{"@type":"ListItem","position":1,"name":"Home","item":"https:\/\/ecosupplements.be\/fr\/"},{"@type":"ListItem","position":2,"name":"Boutique","item":"https:\/\/ecosupplements.be\/fr\/boutique\/"},{"@type":"ListItem","position":3,"name":"Entra\u00een\u00e9 par JP &#8211; Oh-Mega V &#8211; 180 capsules molles"}]},{"@type":"WebSite","@id":"https:\/\/ecosupplements.be\/fr\/#website","url":"https:\/\/ecosupplements.be\/fr\/","name":"ECO Supplements","description":"Eco Supplements - Gezonde supplementen","publisher":{"@id":"https:\/\/ecosupplements.be\/fr\/#organization"},"potentialAction":[{"@type":"SearchAction","target":{"@type":"EntryPoint","urlTemplate":"https:\/\/ecosupplements.be\/fr\/?s={search_term_string}"},"query-input":{"@type":"PropertyValueSpecification","valueRequired":true,"valueName":"search_term_string"}}],"inLanguage":"fr-FR"},{"@type":"Organization","@id":"https:\/\/ecosupplements.be\/fr\/#organization","name":"Eco Supplements","url":"https:\/\/ecosupplements.be\/fr\/","logo":{"@type":"ImageObject","inLanguage":"fr-FR","@id":"https:\/\/ecosupplements.be\/fr\/#\/schema\/logo\/image\/","url":"https:\/\/ecosupplements.be\/wp-content\/uploads\/2022\/06\/ecosupplement-family.png","contentUrl":"https:\/\/ecosupplements.be\/wp-content\/uploads\/2022\/06\/ecosupplement-family.png","width":593,"height":374,"caption":"Eco Supplements"},"image":{"@id":"https:\/\/ecosupplements.be\/fr\/#\/schema\/logo\/image\/"}}]},"product_brand":"Trained by JP","product_price_amount":"18.03","product_price_currency":"EUR","og_availability":"instock","product_availability":"instock","product_retailer_item_id":"740111146746","product_condition":"new"},"_links":{"self":[{"href":"https:\/\/ecosupplements.be\/fr\/wp-json\/wp\/v2\/product\/291752","targetHints":{"allow":["GET"]}}],"collection":[{"href":"https:\/\/ecosupplements.be\/fr\/wp-json\/wp\/v2\/product"}],"about":[{"href":"https:\/\/ecosupplements.be\/fr\/wp-json\/wp\/v2\/types\/product"}],"replies":[{"embeddable":true,"href":"https:\/\/ecosupplements.be\/fr\/wp-json\/wp\/v2\/comments?post=291752"}],"wp:featuredmedia":[{"embeddable":true,"href":"https:\/\/ecosupplements.be\/fr\/wp-json\/wp\/v2\/media\/266287"}],"wp:attachment":[{"href":"https:\/\/ecosupplements.be\/fr\/wp-json\/wp\/v2\/media?parent=291752"}],"wp:term":[{"taxonomy":"product_brand","embeddable":true,"href":"https:\/\/ecosupplements.be\/fr\/wp-json\/wp\/v2\/product_brand?post=291752"},{"taxonomy":"product_cat","embeddable":true,"href":"https:\/\/ecosupplements.be\/fr\/wp-json\/wp\/v2\/product_cat?post=291752"},{"taxonomy":"product_tag","embeddable":true,"href":"https:\/\/ecosupplements.be\/fr\/wp-json\/wp\/v2\/product_tag?post=291752"}],"curies":[{"name":"wp","href":"https:\/\/api.w.org\/{rel}","templated":true}]}}