{"id":291776,"date":"2024-06-16T01:41:02","date_gmt":"2024-06-16T00:41:02","guid":{"rendered":"https:\/\/ecosupplements.be\/product\/trained-by-jp-vegan-protein-chocolate-pistachio-2000g\/"},"modified":"2025-08-27T15:36:54","modified_gmt":"2025-08-27T14:36:54","slug":"trained-by-jp-vegan-protein-chocolate-pistachio-2000g","status":"publish","type":"product","link":"https:\/\/ecosupplements.be\/fr\/produit\/trained-by-jp-vegan-protein-chocolate-pistachio-2000g\/","title":{"rendered":"Entra\u00een\u00e9 par JP &#8211; Prot\u00e9ine V\u00e9g\u00e9talienne, Chocolat Pistache &#8211; 2000g"},"content":{"rendered":"<h2>Trained by JP &#8211; Vegan Protein, Chocolat Pistache &#8211; 2000g<\/h2>\n<p>D\u00e9couvrez la <strong>Vegan Protein, Chocolat Pistache<\/strong> de Trained by JP, un choix parfait pour ceux qui appr\u00e9cient les ingr\u00e9dients naturels dans un mode de vie actif. Ce produit est con\u00e7u pour s&#8217;int\u00e9grer harmonieusement \u00e0 votre quotidien gr\u00e2ce \u00e0 son format pratique de 2000g.<\/p>\n<p>Fabriqu\u00e9 au Royaume-Uni, ce compl\u00e9ment alimentaire se distingue par sa composition riche en saveurs naturelles et authentiques. Le mariage du chocolat et de la pistache offre une exp\u00e9rience gustative unique, tout en conservant une texture agr\u00e9able et facile \u00e0 m\u00e9langer.<\/p>\n<p>Cette prot\u00e9ine v\u00e9gane est id\u00e9ale pour ceux qui cherchent \u00e0 incorporer des sources de prot\u00e9ines alternatives dans leur alimentation sans compromettre le go\u00fbt. Elle ne contient aucun ingr\u00e9dient d&#8217;origine animale,alignant qualit\u00e9 et respect des pr\u00e9f\u00e9rences alimentaires v\u00e9ganes.<\/p>\n<p><strong>Utilisation :<\/strong> Pour une consommation optimale, m\u00e9langez une portion recommand\u00e9e avec votre boisson pr\u00e9f\u00e9r\u00e9e. Parfait pour un shake post-entra\u00eenement ou comme compl\u00e9ment dans vos recettes favorites.<\/p>\n<p>Ce produit est non seulement un choix pratique mais aussi un excellent moyen d&#8217;ajouter une touche gourmande \u00e0 votre r\u00e9gime alimentaire quotidien sans additifs artificiels.<\/p>\n","protected":false},"excerpt":{"rendered":"<p>Trained by JP &#8211; Vegan Protein, Chocolat Pistache &#8211; 2000g D\u00e9couvrez la Vegan Protein, Chocolat Pistache de Trained by JP, un choix parfait pour ceux qui appr\u00e9cient les ingr\u00e9dients naturels dans un mode de vie actif. Ce produit est con\u00e7u pour s&#8217;int\u00e9grer harmonieusement \u00e0 votre quotidien gr\u00e2ce \u00e0 son format pratique de 2000g. Fabriqu\u00e9 au [&#8230;]\n","protected":false},"featured_media":265815,"comment_status":"open","ping_status":"open","template":"","meta":[],"product_brand":[5288],"product_cat":[5052],"product_tag":[],"class_list":{"0":"post-291776","1":"product","2":"type-product","3":"status-publish","4":"has-post-thumbnail","6":"product_brand-trained-by-jp-2","7":"product_cat-sante-et-bien-etre","9":"first","10":"instock","11":"taxable","12":"shipping-taxable","13":"purchasable","14":"product-type-simple"},"yoast_head":"<!-- This site is optimized with the Yoast SEO Premium plugin v27.3 (Yoast SEO v27.3) - https:\/\/yoast.com\/product\/yoast-seo-premium-wordpress\/ -->\n<title>Entra\u00een\u00e9 par JP - Prot\u00e9ine V\u00e9g\u00e9talienne, Chocolat Pistache - 2000g - ECO Supplements<\/title>\n<meta name=\"description\" content=\"Wij hebben een ruime keuze aan producten van Entra\u00een\u00e9 par JP - Prot\u00e9ine V\u00e9g\u00e9talienne, Chocolat Pistache - 2000g . Winkel bij Eco Supplements altijd gratis verzending boven 100\u20ac\" \/>\n<meta name=\"robots\" content=\"index, follow, max-snippet:-1, max-image-preview:large, max-video-preview:-1\" \/>\n<link rel=\"canonical\" href=\"https:\/\/ecosupplements.be\/fr\/produit\/trained-by-jp-vegan-protein-chocolate-pistachio-2000g\/\" \/>\n<meta property=\"og:locale\" content=\"fr_FR\" \/>\n<meta property=\"og:type\" content=\"article\" \/>\n<meta property=\"og:title\" content=\"Entra\u00een\u00e9 par JP - Prot\u00e9ine V\u00e9g\u00e9talienne, Chocolat Pistache - 2000g\" \/>\n<meta property=\"og:description\" content=\"Wij hebben een ruime keuze aan producten van Entra\u00een\u00e9 par JP - Prot\u00e9ine V\u00e9g\u00e9talienne, Chocolat Pistache - 2000g . Winkel bij Eco Supplements altijd gratis verzending boven 100\u20ac\" \/>\n<meta property=\"og:url\" content=\"https:\/\/ecosupplements.be\/fr\/produit\/trained-by-jp-vegan-protein-chocolate-pistachio-2000g\/\" \/>\n<meta property=\"og:site_name\" content=\"ECO Supplements\" \/>\n<meta property=\"article:modified_time\" content=\"2025-08-27T14:36:54+00:00\" \/>\n<meta property=\"og:image\" content=\"https:\/\/ecosupplements.be\/wp-content\/uploads\/2025\/08\/Trained-by-JP-Vegan-Protein-Chocolate-Pistachio-2000g.jpg\" \/>\n\t<meta property=\"og:image:width\" content=\"604\" \/>\n\t<meta property=\"og:image:height\" content=\"670\" \/>\n\t<meta property=\"og:image:type\" content=\"image\/jpeg\" \/>\n<meta name=\"twitter:card\" content=\"summary_large_image\" \/>\n<meta name=\"twitter:label1\" content=\"Prix\" \/>\n\t<meta name=\"twitter:data1\" content=\"52.08&nbsp;&euro;\" \/>\n\t<meta name=\"twitter:label2\" content=\"Disponibilit\u00e9\" \/>\n\t<meta name=\"twitter:data2\" content=\"En stock\" \/>\n<script type=\"application\/ld+json\" class=\"yoast-schema-graph\">{\"@context\":\"https:\\\/\\\/schema.org\",\"@graph\":[{\"@type\":[\"WebPage\",\"ItemPage\"],\"@id\":\"https:\\\/\\\/ecosupplements.be\\\/fr\\\/produit\\\/trained-by-jp-vegan-protein-chocolate-pistachio-2000g\\\/\",\"url\":\"https:\\\/\\\/ecosupplements.be\\\/fr\\\/produit\\\/trained-by-jp-vegan-protein-chocolate-pistachio-2000g\\\/\",\"name\":\"Entra\u00een\u00e9 par JP - Prot\u00e9ine V\u00e9g\u00e9talienne, Chocolat Pistache - 2000g - ECO Supplements\",\"isPartOf\":{\"@id\":\"https:\\\/\\\/ecosupplements.be\\\/fr\\\/#website\"},\"primaryImageOfPage\":{\"@id\":\"https:\\\/\\\/ecosupplements.be\\\/fr\\\/produit\\\/trained-by-jp-vegan-protein-chocolate-pistachio-2000g\\\/#primaryimage\"},\"image\":{\"@id\":\"https:\\\/\\\/ecosupplements.be\\\/fr\\\/produit\\\/trained-by-jp-vegan-protein-chocolate-pistachio-2000g\\\/#primaryimage\"},\"thumbnailUrl\":\"https:\\\/\\\/ecosupplements.be\\\/wp-content\\\/uploads\\\/2025\\\/08\\\/Vegan-Protein-Chocolate-Pistachio-2000g.jpg\",\"datePublished\":\"2024-06-16T00:41:02+00:00\",\"dateModified\":\"2025-08-27T14:36:54+00:00\",\"description\":\"Wij hebben een ruime keuze aan producten van Entra\u00een\u00e9 par JP - Prot\u00e9ine V\u00e9g\u00e9talienne, Chocolat Pistache - 2000g . Winkel bij Eco Supplements altijd gratis verzending boven 100\u20ac\",\"breadcrumb\":{\"@id\":\"https:\\\/\\\/ecosupplements.be\\\/fr\\\/produit\\\/trained-by-jp-vegan-protein-chocolate-pistachio-2000g\\\/#breadcrumb\"},\"inLanguage\":\"fr-FR\",\"potentialAction\":[{\"@type\":\"ReadAction\",\"target\":[\"https:\\\/\\\/ecosupplements.be\\\/fr\\\/produit\\\/trained-by-jp-vegan-protein-chocolate-pistachio-2000g\\\/\"]}]},{\"@type\":\"ImageObject\",\"inLanguage\":\"fr-FR\",\"@id\":\"https:\\\/\\\/ecosupplements.be\\\/fr\\\/produit\\\/trained-by-jp-vegan-protein-chocolate-pistachio-2000g\\\/#primaryimage\",\"url\":\"https:\\\/\\\/ecosupplements.be\\\/wp-content\\\/uploads\\\/2025\\\/08\\\/Vegan-Protein-Chocolate-Pistachio-2000g.jpg\",\"contentUrl\":\"https:\\\/\\\/ecosupplements.be\\\/wp-content\\\/uploads\\\/2025\\\/08\\\/Vegan-Protein-Chocolate-Pistachio-2000g.jpg\",\"width\":604,\"height\":670},{\"@type\":\"BreadcrumbList\",\"@id\":\"https:\\\/\\\/ecosupplements.be\\\/fr\\\/produit\\\/trained-by-jp-vegan-protein-chocolate-pistachio-2000g\\\/#breadcrumb\",\"itemListElement\":[{\"@type\":\"ListItem\",\"position\":1,\"name\":\"Home\",\"item\":\"https:\\\/\\\/ecosupplements.be\\\/fr\\\/\"},{\"@type\":\"ListItem\",\"position\":2,\"name\":\"Boutique\",\"item\":\"https:\\\/\\\/ecosupplements.be\\\/fr\\\/boutique\\\/\"},{\"@type\":\"ListItem\",\"position\":3,\"name\":\"Entra\u00een\u00e9 par JP &#8211; Prot\u00e9ine V\u00e9g\u00e9talienne, Chocolat Pistache &#8211; 2000g\"}]},{\"@type\":\"WebSite\",\"@id\":\"https:\\\/\\\/ecosupplements.be\\\/fr\\\/#website\",\"url\":\"https:\\\/\\\/ecosupplements.be\\\/fr\\\/\",\"name\":\"ECO Supplements\",\"description\":\"Eco Supplements - Gezonde supplementen\",\"publisher\":{\"@id\":\"https:\\\/\\\/ecosupplements.be\\\/fr\\\/#organization\"},\"potentialAction\":[{\"@type\":\"SearchAction\",\"target\":{\"@type\":\"EntryPoint\",\"urlTemplate\":\"https:\\\/\\\/ecosupplements.be\\\/fr\\\/?s={search_term_string}\"},\"query-input\":{\"@type\":\"PropertyValueSpecification\",\"valueRequired\":true,\"valueName\":\"search_term_string\"}}],\"inLanguage\":\"fr-FR\"},{\"@type\":\"Organization\",\"@id\":\"https:\\\/\\\/ecosupplements.be\\\/fr\\\/#organization\",\"name\":\"Eco Supplements\",\"url\":\"https:\\\/\\\/ecosupplements.be\\\/fr\\\/\",\"logo\":{\"@type\":\"ImageObject\",\"inLanguage\":\"fr-FR\",\"@id\":\"https:\\\/\\\/ecosupplements.be\\\/fr\\\/#\\\/schema\\\/logo\\\/image\\\/\",\"url\":\"https:\\\/\\\/ecosupplements.be\\\/wp-content\\\/uploads\\\/2022\\\/06\\\/ecosupplement-family.png\",\"contentUrl\":\"https:\\\/\\\/ecosupplements.be\\\/wp-content\\\/uploads\\\/2022\\\/06\\\/ecosupplement-family.png\",\"width\":593,\"height\":374,\"caption\":\"Eco Supplements\"},\"image\":{\"@id\":\"https:\\\/\\\/ecosupplements.be\\\/fr\\\/#\\\/schema\\\/logo\\\/image\\\/\"}}]}<\/script>\n<meta property=\"product:brand\" content=\"Trained by JP\" \/>\n<meta property=\"product:price:amount\" content=\"52.08\" \/>\n<meta property=\"product:price:currency\" content=\"EUR\" \/>\n<meta property=\"og:availability\" content=\"instock\" \/>\n<meta property=\"product:availability\" content=\"instock\" \/>\n<meta property=\"product:retailer_item_id\" content=\"640516785505\" \/>\n<meta property=\"product:condition\" content=\"new\" \/>\n<!-- \/ Yoast SEO Premium plugin. -->","yoast_head_json":{"title":"Entra\u00een\u00e9 par JP - Prot\u00e9ine V\u00e9g\u00e9talienne, Chocolat Pistache - 2000g - ECO Supplements","description":"Wij hebben een ruime keuze aan producten van Entra\u00een\u00e9 par JP - Prot\u00e9ine V\u00e9g\u00e9talienne, Chocolat Pistache - 2000g . Winkel bij Eco Supplements altijd gratis verzending boven 100\u20ac","robots":{"index":"index","follow":"follow","max-snippet":"max-snippet:-1","max-image-preview":"max-image-preview:large","max-video-preview":"max-video-preview:-1"},"canonical":"https:\/\/ecosupplements.be\/fr\/produit\/trained-by-jp-vegan-protein-chocolate-pistachio-2000g\/","og_locale":"fr_FR","og_type":"article","og_title":"Entra\u00een\u00e9 par JP - Prot\u00e9ine V\u00e9g\u00e9talienne, Chocolat Pistache - 2000g","og_description":"Wij hebben een ruime keuze aan producten van Entra\u00een\u00e9 par JP - Prot\u00e9ine V\u00e9g\u00e9talienne, Chocolat Pistache - 2000g . Winkel bij Eco Supplements altijd gratis verzending boven 100\u20ac","og_url":"https:\/\/ecosupplements.be\/fr\/produit\/trained-by-jp-vegan-protein-chocolate-pistachio-2000g\/","og_site_name":"ECO Supplements","article_modified_time":"2025-08-27T14:36:54+00:00","og_image":[{"width":604,"height":670,"url":"https:\/\/ecosupplements.be\/wp-content\/uploads\/2025\/08\/Trained-by-JP-Vegan-Protein-Chocolate-Pistachio-2000g.jpg","type":"image\/jpeg"}],"twitter_card":"summary_large_image","twitter_misc":{"Prix":"52.08&nbsp;&euro;","Disponibilit\u00e9":"En stock"},"schema":{"@context":"https:\/\/schema.org","@graph":[{"@type":["WebPage","ItemPage"],"@id":"https:\/\/ecosupplements.be\/fr\/produit\/trained-by-jp-vegan-protein-chocolate-pistachio-2000g\/","url":"https:\/\/ecosupplements.be\/fr\/produit\/trained-by-jp-vegan-protein-chocolate-pistachio-2000g\/","name":"Entra\u00een\u00e9 par JP - Prot\u00e9ine V\u00e9g\u00e9talienne, Chocolat Pistache - 2000g - ECO Supplements","isPartOf":{"@id":"https:\/\/ecosupplements.be\/fr\/#website"},"primaryImageOfPage":{"@id":"https:\/\/ecosupplements.be\/fr\/produit\/trained-by-jp-vegan-protein-chocolate-pistachio-2000g\/#primaryimage"},"image":{"@id":"https:\/\/ecosupplements.be\/fr\/produit\/trained-by-jp-vegan-protein-chocolate-pistachio-2000g\/#primaryimage"},"thumbnailUrl":"https:\/\/ecosupplements.be\/wp-content\/uploads\/2025\/08\/Vegan-Protein-Chocolate-Pistachio-2000g.jpg","datePublished":"2024-06-16T00:41:02+00:00","dateModified":"2025-08-27T14:36:54+00:00","description":"Wij hebben een ruime keuze aan producten van Entra\u00een\u00e9 par JP - Prot\u00e9ine V\u00e9g\u00e9talienne, Chocolat Pistache - 2000g . Winkel bij Eco Supplements altijd gratis verzending boven 100\u20ac","breadcrumb":{"@id":"https:\/\/ecosupplements.be\/fr\/produit\/trained-by-jp-vegan-protein-chocolate-pistachio-2000g\/#breadcrumb"},"inLanguage":"fr-FR","potentialAction":[{"@type":"ReadAction","target":["https:\/\/ecosupplements.be\/fr\/produit\/trained-by-jp-vegan-protein-chocolate-pistachio-2000g\/"]}]},{"@type":"ImageObject","inLanguage":"fr-FR","@id":"https:\/\/ecosupplements.be\/fr\/produit\/trained-by-jp-vegan-protein-chocolate-pistachio-2000g\/#primaryimage","url":"https:\/\/ecosupplements.be\/wp-content\/uploads\/2025\/08\/Vegan-Protein-Chocolate-Pistachio-2000g.jpg","contentUrl":"https:\/\/ecosupplements.be\/wp-content\/uploads\/2025\/08\/Vegan-Protein-Chocolate-Pistachio-2000g.jpg","width":604,"height":670},{"@type":"BreadcrumbList","@id":"https:\/\/ecosupplements.be\/fr\/produit\/trained-by-jp-vegan-protein-chocolate-pistachio-2000g\/#breadcrumb","itemListElement":[{"@type":"ListItem","position":1,"name":"Home","item":"https:\/\/ecosupplements.be\/fr\/"},{"@type":"ListItem","position":2,"name":"Boutique","item":"https:\/\/ecosupplements.be\/fr\/boutique\/"},{"@type":"ListItem","position":3,"name":"Entra\u00een\u00e9 par JP &#8211; Prot\u00e9ine V\u00e9g\u00e9talienne, Chocolat Pistache &#8211; 2000g"}]},{"@type":"WebSite","@id":"https:\/\/ecosupplements.be\/fr\/#website","url":"https:\/\/ecosupplements.be\/fr\/","name":"ECO Supplements","description":"Eco Supplements - Gezonde supplementen","publisher":{"@id":"https:\/\/ecosupplements.be\/fr\/#organization"},"potentialAction":[{"@type":"SearchAction","target":{"@type":"EntryPoint","urlTemplate":"https:\/\/ecosupplements.be\/fr\/?s={search_term_string}"},"query-input":{"@type":"PropertyValueSpecification","valueRequired":true,"valueName":"search_term_string"}}],"inLanguage":"fr-FR"},{"@type":"Organization","@id":"https:\/\/ecosupplements.be\/fr\/#organization","name":"Eco Supplements","url":"https:\/\/ecosupplements.be\/fr\/","logo":{"@type":"ImageObject","inLanguage":"fr-FR","@id":"https:\/\/ecosupplements.be\/fr\/#\/schema\/logo\/image\/","url":"https:\/\/ecosupplements.be\/wp-content\/uploads\/2022\/06\/ecosupplement-family.png","contentUrl":"https:\/\/ecosupplements.be\/wp-content\/uploads\/2022\/06\/ecosupplement-family.png","width":593,"height":374,"caption":"Eco Supplements"},"image":{"@id":"https:\/\/ecosupplements.be\/fr\/#\/schema\/logo\/image\/"}}]},"product_brand":"Trained by JP","product_price_amount":"52.08","product_price_currency":"EUR","og_availability":"instock","product_availability":"instock","product_retailer_item_id":"640516785505","product_condition":"new"},"_links":{"self":[{"href":"https:\/\/ecosupplements.be\/fr\/wp-json\/wp\/v2\/product\/291776","targetHints":{"allow":["GET"]}}],"collection":[{"href":"https:\/\/ecosupplements.be\/fr\/wp-json\/wp\/v2\/product"}],"about":[{"href":"https:\/\/ecosupplements.be\/fr\/wp-json\/wp\/v2\/types\/product"}],"replies":[{"embeddable":true,"href":"https:\/\/ecosupplements.be\/fr\/wp-json\/wp\/v2\/comments?post=291776"}],"wp:featuredmedia":[{"embeddable":true,"href":"https:\/\/ecosupplements.be\/fr\/wp-json\/wp\/v2\/media\/265815"}],"wp:attachment":[{"href":"https:\/\/ecosupplements.be\/fr\/wp-json\/wp\/v2\/media?parent=291776"}],"wp:term":[{"taxonomy":"product_brand","embeddable":true,"href":"https:\/\/ecosupplements.be\/fr\/wp-json\/wp\/v2\/product_brand?post=291776"},{"taxonomy":"product_cat","embeddable":true,"href":"https:\/\/ecosupplements.be\/fr\/wp-json\/wp\/v2\/product_cat?post=291776"},{"taxonomy":"product_tag","embeddable":true,"href":"https:\/\/ecosupplements.be\/fr\/wp-json\/wp\/v2\/product_tag?post=291776"}],"curies":[{"name":"wp","href":"https:\/\/api.w.org\/{rel}","templated":true}]}}