{"id":291779,"date":"2024-03-12T15:40:23","date_gmt":"2024-03-12T14:40:23","guid":{"rendered":"https:\/\/ecosupplements.be\/product\/trained-by-jp-vegan-protein-vanilla-almond-chai-2000g\/"},"modified":"2025-08-27T15:36:56","modified_gmt":"2025-08-27T14:36:56","slug":"trained-by-jp-vegan-protein-vanilla-almond-chai-2000g","status":"publish","type":"product","link":"https:\/\/ecosupplements.be\/fr\/produit\/trained-by-jp-vegan-protein-vanilla-almond-chai-2000g\/","title":{"rendered":"Entra\u00een\u00e9 par JP &#8211; Prot\u00e9ine V\u00e9g\u00e9talienne, Amande Vanille Chai &#8211; 2000g"},"content":{"rendered":"<h2>Trained by JP &#8211; Vegan Protein, Vanilla Almond Chai &#8211; 2000g<\/h2>\n<p>D\u00e9couvrez la <strong>prot\u00e9ine v\u00e9gane<\/strong> de Trained by JP, un choix parfait pour ceux qui appr\u00e9cient les ingr\u00e9dients naturels dans un mode de vie actif. Ce produit est \u00e9labour\u00e9 avec soin au Royaume-Uni et offre une exp\u00e9rience gustative unique gr\u00e2ce \u00e0 son savoureux m\u00e9lange de vanille, d&#8217;amande et de chai.<\/p>\n<p>Cette prot\u00e9ine v\u00e9g\u00e9tale est formul\u00e9e exclusivement \u00e0 partir d&#8217;<strong>ingr\u00e9dients d&#8217;origine naturelle<\/strong>,garantissant une grande puret\u00e9 et qualit\u00e9. Le go\u00fbt riche et la texture onctueuse en font un compl\u00e9ment simple pour un usage quotidien, id\u00e9al pour enrichir vos smoothies ou autres pr\u00e9parations culinaires.<\/p>\n<p><strong>Contenu et emballage :<\/strong> Ce produit est pr\u00e9sent\u00e9 dans un format pratique de 2000g, facile \u00e0 utiliser au quotidien.<\/p>\n<p><strong>utilisation :<\/strong> Int\u00e9grez facilement cette prot\u00e9ine v\u00e9gane \u00e0 votre alimentation en ajoutant la quantit\u00e9 d\u00e9sir\u00e9e \u00e0 vos recettes pr\u00e9f\u00e9r\u00e9es ou boissons.<\/p>\n<p>Ce produit est une excellente option pour tous ceux qui cherchent \u00e0 incorporer des prot\u00e9ines de haute qualit\u00e9 dans leur alimentation sans compromettre le go\u00fbt ni la qualit\u00e9 des ingr\u00e9dients. Un choix naturel pour accompagner votre routine quotidienne!<\/p>\n","protected":false},"excerpt":{"rendered":"<p>Trained by JP &#8211; Vegan Protein, Vanilla Almond Chai &#8211; 2000g D\u00e9couvrez la prot\u00e9ine v\u00e9gane de Trained by JP, un choix parfait pour ceux qui appr\u00e9cient les ingr\u00e9dients naturels dans un mode de vie actif. Ce produit est \u00e9labour\u00e9 avec soin au Royaume-Uni et offre une exp\u00e9rience gustative unique gr\u00e2ce \u00e0 son savoureux m\u00e9lange de [&#8230;]\n","protected":false},"featured_media":265138,"comment_status":"open","ping_status":"open","template":"","meta":[],"product_brand":[5288],"product_cat":[5052],"product_tag":[],"class_list":{"0":"post-291779","1":"product","2":"type-product","3":"status-publish","4":"has-post-thumbnail","6":"product_brand-trained-by-jp-2","7":"product_cat-sante-et-bien-etre","9":"first","10":"instock","11":"taxable","12":"shipping-taxable","13":"purchasable","14":"product-type-simple"},"yoast_head":"<!-- This site is optimized with the Yoast SEO Premium plugin v27.3 (Yoast SEO v27.3) - https:\/\/yoast.com\/product\/yoast-seo-premium-wordpress\/ -->\n<title>Entra\u00een\u00e9 par JP - Prot\u00e9ine V\u00e9g\u00e9talienne, Amande Vanille Chai - 2000g - ECO Supplements<\/title>\n<meta name=\"description\" content=\"Wij hebben een ruime keuze aan producten van Entra\u00een\u00e9 par JP - Prot\u00e9ine V\u00e9g\u00e9talienne, Amande Vanille Chai - 2000g . Winkel bij Eco Supplements altijd gratis verzending boven 100\u20ac\" \/>\n<meta name=\"robots\" content=\"index, follow, max-snippet:-1, max-image-preview:large, max-video-preview:-1\" \/>\n<link rel=\"canonical\" href=\"https:\/\/ecosupplements.be\/fr\/produit\/trained-by-jp-vegan-protein-vanilla-almond-chai-2000g\/\" \/>\n<meta property=\"og:locale\" content=\"fr_FR\" \/>\n<meta property=\"og:type\" content=\"article\" \/>\n<meta property=\"og:title\" content=\"Entra\u00een\u00e9 par JP - Prot\u00e9ine V\u00e9g\u00e9talienne, Amande Vanille Chai - 2000g\" \/>\n<meta property=\"og:description\" content=\"Wij hebben een ruime keuze aan producten van Entra\u00een\u00e9 par JP - Prot\u00e9ine V\u00e9g\u00e9talienne, Amande Vanille Chai - 2000g . Winkel bij Eco Supplements altijd gratis verzending boven 100\u20ac\" \/>\n<meta property=\"og:url\" content=\"https:\/\/ecosupplements.be\/fr\/produit\/trained-by-jp-vegan-protein-vanilla-almond-chai-2000g\/\" \/>\n<meta property=\"og:site_name\" content=\"ECO Supplements\" \/>\n<meta property=\"article:modified_time\" content=\"2025-08-27T14:36:56+00:00\" \/>\n<meta property=\"og:image\" content=\"https:\/\/ecosupplements.be\/wp-content\/uploads\/2025\/08\/Trained-by-JP-Vegan-Protein-Vanilla-Almond-Chai-2000g.jpg\" \/>\n\t<meta property=\"og:image:width\" content=\"433\" \/>\n\t<meta property=\"og:image:height\" content=\"577\" \/>\n\t<meta property=\"og:image:type\" content=\"image\/jpeg\" \/>\n<meta name=\"twitter:card\" content=\"summary_large_image\" \/>\n<meta name=\"twitter:label1\" content=\"Prix\" \/>\n\t<meta name=\"twitter:data1\" content=\"52.08&nbsp;&euro;\" \/>\n\t<meta name=\"twitter:label2\" content=\"Disponibilit\u00e9\" \/>\n\t<meta name=\"twitter:data2\" content=\"En stock\" \/>\n<script type=\"application\/ld+json\" class=\"yoast-schema-graph\">{\"@context\":\"https:\\\/\\\/schema.org\",\"@graph\":[{\"@type\":[\"WebPage\",\"ItemPage\"],\"@id\":\"https:\\\/\\\/ecosupplements.be\\\/fr\\\/produit\\\/trained-by-jp-vegan-protein-vanilla-almond-chai-2000g\\\/\",\"url\":\"https:\\\/\\\/ecosupplements.be\\\/fr\\\/produit\\\/trained-by-jp-vegan-protein-vanilla-almond-chai-2000g\\\/\",\"name\":\"Entra\u00een\u00e9 par JP - Prot\u00e9ine V\u00e9g\u00e9talienne, Amande Vanille Chai - 2000g - ECO Supplements\",\"isPartOf\":{\"@id\":\"https:\\\/\\\/ecosupplements.be\\\/fr\\\/#website\"},\"primaryImageOfPage\":{\"@id\":\"https:\\\/\\\/ecosupplements.be\\\/fr\\\/produit\\\/trained-by-jp-vegan-protein-vanilla-almond-chai-2000g\\\/#primaryimage\"},\"image\":{\"@id\":\"https:\\\/\\\/ecosupplements.be\\\/fr\\\/produit\\\/trained-by-jp-vegan-protein-vanilla-almond-chai-2000g\\\/#primaryimage\"},\"thumbnailUrl\":\"https:\\\/\\\/ecosupplements.be\\\/wp-content\\\/uploads\\\/2025\\\/08\\\/Vegan-Protein-Vanilla-Almond-Chai-2000g.jpg\",\"datePublished\":\"2024-03-12T14:40:23+00:00\",\"dateModified\":\"2025-08-27T14:36:56+00:00\",\"description\":\"Wij hebben een ruime keuze aan producten van Entra\u00een\u00e9 par JP - Prot\u00e9ine V\u00e9g\u00e9talienne, Amande Vanille Chai - 2000g . Winkel bij Eco Supplements altijd gratis verzending boven 100\u20ac\",\"breadcrumb\":{\"@id\":\"https:\\\/\\\/ecosupplements.be\\\/fr\\\/produit\\\/trained-by-jp-vegan-protein-vanilla-almond-chai-2000g\\\/#breadcrumb\"},\"inLanguage\":\"fr-FR\",\"potentialAction\":[{\"@type\":\"ReadAction\",\"target\":[\"https:\\\/\\\/ecosupplements.be\\\/fr\\\/produit\\\/trained-by-jp-vegan-protein-vanilla-almond-chai-2000g\\\/\"]}]},{\"@type\":\"ImageObject\",\"inLanguage\":\"fr-FR\",\"@id\":\"https:\\\/\\\/ecosupplements.be\\\/fr\\\/produit\\\/trained-by-jp-vegan-protein-vanilla-almond-chai-2000g\\\/#primaryimage\",\"url\":\"https:\\\/\\\/ecosupplements.be\\\/wp-content\\\/uploads\\\/2025\\\/08\\\/Vegan-Protein-Vanilla-Almond-Chai-2000g.jpg\",\"contentUrl\":\"https:\\\/\\\/ecosupplements.be\\\/wp-content\\\/uploads\\\/2025\\\/08\\\/Vegan-Protein-Vanilla-Almond-Chai-2000g.jpg\",\"width\":433,\"height\":577},{\"@type\":\"BreadcrumbList\",\"@id\":\"https:\\\/\\\/ecosupplements.be\\\/fr\\\/produit\\\/trained-by-jp-vegan-protein-vanilla-almond-chai-2000g\\\/#breadcrumb\",\"itemListElement\":[{\"@type\":\"ListItem\",\"position\":1,\"name\":\"Home\",\"item\":\"https:\\\/\\\/ecosupplements.be\\\/fr\\\/\"},{\"@type\":\"ListItem\",\"position\":2,\"name\":\"Boutique\",\"item\":\"https:\\\/\\\/ecosupplements.be\\\/fr\\\/boutique\\\/\"},{\"@type\":\"ListItem\",\"position\":3,\"name\":\"Entra\u00een\u00e9 par JP &#8211; Prot\u00e9ine V\u00e9g\u00e9talienne, Amande Vanille Chai &#8211; 2000g\"}]},{\"@type\":\"WebSite\",\"@id\":\"https:\\\/\\\/ecosupplements.be\\\/fr\\\/#website\",\"url\":\"https:\\\/\\\/ecosupplements.be\\\/fr\\\/\",\"name\":\"ECO Supplements\",\"description\":\"Eco Supplements - Gezonde supplementen\",\"publisher\":{\"@id\":\"https:\\\/\\\/ecosupplements.be\\\/fr\\\/#organization\"},\"potentialAction\":[{\"@type\":\"SearchAction\",\"target\":{\"@type\":\"EntryPoint\",\"urlTemplate\":\"https:\\\/\\\/ecosupplements.be\\\/fr\\\/?s={search_term_string}\"},\"query-input\":{\"@type\":\"PropertyValueSpecification\",\"valueRequired\":true,\"valueName\":\"search_term_string\"}}],\"inLanguage\":\"fr-FR\"},{\"@type\":\"Organization\",\"@id\":\"https:\\\/\\\/ecosupplements.be\\\/fr\\\/#organization\",\"name\":\"Eco Supplements\",\"url\":\"https:\\\/\\\/ecosupplements.be\\\/fr\\\/\",\"logo\":{\"@type\":\"ImageObject\",\"inLanguage\":\"fr-FR\",\"@id\":\"https:\\\/\\\/ecosupplements.be\\\/fr\\\/#\\\/schema\\\/logo\\\/image\\\/\",\"url\":\"https:\\\/\\\/ecosupplements.be\\\/wp-content\\\/uploads\\\/2022\\\/06\\\/ecosupplement-family.png\",\"contentUrl\":\"https:\\\/\\\/ecosupplements.be\\\/wp-content\\\/uploads\\\/2022\\\/06\\\/ecosupplement-family.png\",\"width\":593,\"height\":374,\"caption\":\"Eco Supplements\"},\"image\":{\"@id\":\"https:\\\/\\\/ecosupplements.be\\\/fr\\\/#\\\/schema\\\/logo\\\/image\\\/\"}}]}<\/script>\n<meta property=\"product:brand\" content=\"Trained by JP\" \/>\n<meta property=\"product:price:amount\" content=\"52.08\" \/>\n<meta property=\"product:price:currency\" content=\"EUR\" \/>\n<meta property=\"og:availability\" content=\"instock\" \/>\n<meta property=\"product:availability\" content=\"instock\" \/>\n<meta property=\"product:retailer_item_id\" content=\"658238738679\" \/>\n<meta property=\"product:condition\" content=\"new\" \/>\n<!-- \/ Yoast SEO Premium plugin. -->","yoast_head_json":{"title":"Entra\u00een\u00e9 par JP - Prot\u00e9ine V\u00e9g\u00e9talienne, Amande Vanille Chai - 2000g - ECO Supplements","description":"Wij hebben een ruime keuze aan producten van Entra\u00een\u00e9 par JP - Prot\u00e9ine V\u00e9g\u00e9talienne, Amande Vanille Chai - 2000g . Winkel bij Eco Supplements altijd gratis verzending boven 100\u20ac","robots":{"index":"index","follow":"follow","max-snippet":"max-snippet:-1","max-image-preview":"max-image-preview:large","max-video-preview":"max-video-preview:-1"},"canonical":"https:\/\/ecosupplements.be\/fr\/produit\/trained-by-jp-vegan-protein-vanilla-almond-chai-2000g\/","og_locale":"fr_FR","og_type":"article","og_title":"Entra\u00een\u00e9 par JP - Prot\u00e9ine V\u00e9g\u00e9talienne, Amande Vanille Chai - 2000g","og_description":"Wij hebben een ruime keuze aan producten van Entra\u00een\u00e9 par JP - Prot\u00e9ine V\u00e9g\u00e9talienne, Amande Vanille Chai - 2000g . Winkel bij Eco Supplements altijd gratis verzending boven 100\u20ac","og_url":"https:\/\/ecosupplements.be\/fr\/produit\/trained-by-jp-vegan-protein-vanilla-almond-chai-2000g\/","og_site_name":"ECO Supplements","article_modified_time":"2025-08-27T14:36:56+00:00","og_image":[{"width":433,"height":577,"url":"https:\/\/ecosupplements.be\/wp-content\/uploads\/2025\/08\/Trained-by-JP-Vegan-Protein-Vanilla-Almond-Chai-2000g.jpg","type":"image\/jpeg"}],"twitter_card":"summary_large_image","twitter_misc":{"Prix":"52.08&nbsp;&euro;","Disponibilit\u00e9":"En stock"},"schema":{"@context":"https:\/\/schema.org","@graph":[{"@type":["WebPage","ItemPage"],"@id":"https:\/\/ecosupplements.be\/fr\/produit\/trained-by-jp-vegan-protein-vanilla-almond-chai-2000g\/","url":"https:\/\/ecosupplements.be\/fr\/produit\/trained-by-jp-vegan-protein-vanilla-almond-chai-2000g\/","name":"Entra\u00een\u00e9 par JP - Prot\u00e9ine V\u00e9g\u00e9talienne, Amande Vanille Chai - 2000g - ECO Supplements","isPartOf":{"@id":"https:\/\/ecosupplements.be\/fr\/#website"},"primaryImageOfPage":{"@id":"https:\/\/ecosupplements.be\/fr\/produit\/trained-by-jp-vegan-protein-vanilla-almond-chai-2000g\/#primaryimage"},"image":{"@id":"https:\/\/ecosupplements.be\/fr\/produit\/trained-by-jp-vegan-protein-vanilla-almond-chai-2000g\/#primaryimage"},"thumbnailUrl":"https:\/\/ecosupplements.be\/wp-content\/uploads\/2025\/08\/Vegan-Protein-Vanilla-Almond-Chai-2000g.jpg","datePublished":"2024-03-12T14:40:23+00:00","dateModified":"2025-08-27T14:36:56+00:00","description":"Wij hebben een ruime keuze aan producten van Entra\u00een\u00e9 par JP - Prot\u00e9ine V\u00e9g\u00e9talienne, Amande Vanille Chai - 2000g . Winkel bij Eco Supplements altijd gratis verzending boven 100\u20ac","breadcrumb":{"@id":"https:\/\/ecosupplements.be\/fr\/produit\/trained-by-jp-vegan-protein-vanilla-almond-chai-2000g\/#breadcrumb"},"inLanguage":"fr-FR","potentialAction":[{"@type":"ReadAction","target":["https:\/\/ecosupplements.be\/fr\/produit\/trained-by-jp-vegan-protein-vanilla-almond-chai-2000g\/"]}]},{"@type":"ImageObject","inLanguage":"fr-FR","@id":"https:\/\/ecosupplements.be\/fr\/produit\/trained-by-jp-vegan-protein-vanilla-almond-chai-2000g\/#primaryimage","url":"https:\/\/ecosupplements.be\/wp-content\/uploads\/2025\/08\/Vegan-Protein-Vanilla-Almond-Chai-2000g.jpg","contentUrl":"https:\/\/ecosupplements.be\/wp-content\/uploads\/2025\/08\/Vegan-Protein-Vanilla-Almond-Chai-2000g.jpg","width":433,"height":577},{"@type":"BreadcrumbList","@id":"https:\/\/ecosupplements.be\/fr\/produit\/trained-by-jp-vegan-protein-vanilla-almond-chai-2000g\/#breadcrumb","itemListElement":[{"@type":"ListItem","position":1,"name":"Home","item":"https:\/\/ecosupplements.be\/fr\/"},{"@type":"ListItem","position":2,"name":"Boutique","item":"https:\/\/ecosupplements.be\/fr\/boutique\/"},{"@type":"ListItem","position":3,"name":"Entra\u00een\u00e9 par JP &#8211; Prot\u00e9ine V\u00e9g\u00e9talienne, Amande Vanille Chai &#8211; 2000g"}]},{"@type":"WebSite","@id":"https:\/\/ecosupplements.be\/fr\/#website","url":"https:\/\/ecosupplements.be\/fr\/","name":"ECO Supplements","description":"Eco Supplements - Gezonde supplementen","publisher":{"@id":"https:\/\/ecosupplements.be\/fr\/#organization"},"potentialAction":[{"@type":"SearchAction","target":{"@type":"EntryPoint","urlTemplate":"https:\/\/ecosupplements.be\/fr\/?s={search_term_string}"},"query-input":{"@type":"PropertyValueSpecification","valueRequired":true,"valueName":"search_term_string"}}],"inLanguage":"fr-FR"},{"@type":"Organization","@id":"https:\/\/ecosupplements.be\/fr\/#organization","name":"Eco Supplements","url":"https:\/\/ecosupplements.be\/fr\/","logo":{"@type":"ImageObject","inLanguage":"fr-FR","@id":"https:\/\/ecosupplements.be\/fr\/#\/schema\/logo\/image\/","url":"https:\/\/ecosupplements.be\/wp-content\/uploads\/2022\/06\/ecosupplement-family.png","contentUrl":"https:\/\/ecosupplements.be\/wp-content\/uploads\/2022\/06\/ecosupplement-family.png","width":593,"height":374,"caption":"Eco Supplements"},"image":{"@id":"https:\/\/ecosupplements.be\/fr\/#\/schema\/logo\/image\/"}}]},"product_brand":"Trained by JP","product_price_amount":"52.08","product_price_currency":"EUR","og_availability":"instock","product_availability":"instock","product_retailer_item_id":"658238738679","product_condition":"new"},"_links":{"self":[{"href":"https:\/\/ecosupplements.be\/fr\/wp-json\/wp\/v2\/product\/291779","targetHints":{"allow":["GET"]}}],"collection":[{"href":"https:\/\/ecosupplements.be\/fr\/wp-json\/wp\/v2\/product"}],"about":[{"href":"https:\/\/ecosupplements.be\/fr\/wp-json\/wp\/v2\/types\/product"}],"replies":[{"embeddable":true,"href":"https:\/\/ecosupplements.be\/fr\/wp-json\/wp\/v2\/comments?post=291779"}],"wp:featuredmedia":[{"embeddable":true,"href":"https:\/\/ecosupplements.be\/fr\/wp-json\/wp\/v2\/media\/265138"}],"wp:attachment":[{"href":"https:\/\/ecosupplements.be\/fr\/wp-json\/wp\/v2\/media?parent=291779"}],"wp:term":[{"taxonomy":"product_brand","embeddable":true,"href":"https:\/\/ecosupplements.be\/fr\/wp-json\/wp\/v2\/product_brand?post=291779"},{"taxonomy":"product_cat","embeddable":true,"href":"https:\/\/ecosupplements.be\/fr\/wp-json\/wp\/v2\/product_cat?post=291779"},{"taxonomy":"product_tag","embeddable":true,"href":"https:\/\/ecosupplements.be\/fr\/wp-json\/wp\/v2\/product_tag?post=291779"}],"curies":[{"name":"wp","href":"https:\/\/api.w.org\/{rel}","templated":true}]}}