{"id":291881,"date":"2024-11-06T17:28:18","date_gmt":"2024-11-06T16:28:18","guid":{"rendered":"https:\/\/ecosupplements.be\/product\/weider-melatonin-strawberry-60-gummies\/"},"modified":"2025-08-27T15:38:29","modified_gmt":"2025-08-27T14:38:29","slug":"weider-melatonin-strawberry-60-gummies","status":"publish","type":"product","link":"https:\/\/ecosupplements.be\/fr\/produit\/weider-melatonin-strawberry-60-gummies\/","title":{"rendered":"Weider &#8211; M\u00e9latonine, Fraise &#8211; 60 bonbons \u00e0 m\u00e2cher"},"content":{"rendered":"<h2>Weider &#8211; Melatonin, Strawberry &#8211; 60 gummies<\/h2>\n<p>D\u00e9couvrez les gommes \u00e0 la fraise Weider, un choix parfait pour ceux qui appr\u00e9cient les ingr\u00e9dients naturels dans un mode de vie sain.Chaque gomme est con\u00e7ue avec soin en Espagne, garantissant une qualit\u00e9 et une puret\u00e9 exceptionnelles.<\/p>\n<p><strong>Ingr\u00e9dients principaux :<\/strong> Ces gummies sont formul\u00e9s \u00e0 partir de composants d&#8217;origine naturelle, offrant une exp\u00e9rience gustative agr\u00e9able sans compromettre la qualit\u00e9.<\/p>\n<p><strong>Contenu et emballage :<\/strong> Ce produit est pr\u00e9sent\u00e9 dans un emballage pratique contenant 60 gummies au d\u00e9licieux go\u00fbt de fraise.<\/p>\n<p><strong>Utilisation :<\/strong> Pour une utilisation quotidienne simple et pratique. Suivez les instructions sur l&#8217;emballage pour le dosage recommand\u00e9.<\/p>\n<p>Ces gummies sont faciles \u00e0 int\u00e9grer dans votre routine quotidienne gr\u00e2ce \u00e0 leur format portable et leur saveur attrayante.Un compl\u00e9ment simple pour un usage quotidien qui s&#8217;inscrit harmonieusement dans votre rythme de vie actif.<\/p>\n","protected":false},"excerpt":{"rendered":"<p>Weider &#8211; Melatonin, Strawberry &#8211; 60 gummies D\u00e9couvrez les gommes \u00e0 la fraise Weider, un choix parfait pour ceux qui appr\u00e9cient les ingr\u00e9dients naturels dans un mode de vie sain.Chaque gomme est con\u00e7ue avec soin en Espagne, garantissant une qualit\u00e9 et une puret\u00e9 exceptionnelles. Ingr\u00e9dients principaux : Ces gummies sont formul\u00e9s \u00e0 partir de composants [&#8230;]\n","protected":false},"featured_media":267827,"comment_status":"open","ping_status":"open","template":"","meta":[],"product_brand":[5289],"product_cat":[5052],"product_tag":[],"class_list":{"0":"post-291881","1":"product","2":"type-product","3":"status-publish","4":"has-post-thumbnail","6":"product_brand-weider-2","7":"product_cat-sante-et-bien-etre","9":"first","10":"instock","11":"taxable","12":"shipping-taxable","13":"purchasable","14":"product-type-simple"},"yoast_head":"<!-- This site is optimized with the Yoast SEO Premium plugin v27.3 (Yoast SEO v27.3) - https:\/\/yoast.com\/product\/yoast-seo-premium-wordpress\/ -->\n<title>Weider - M\u00e9latonine, Fraise - 60 bonbons \u00e0 m\u00e2cher - ECO Supplements<\/title>\n<meta name=\"description\" content=\"Wij hebben een ruime keuze aan producten van Weider - M\u00e9latonine, Fraise - 60 bonbons \u00e0 m\u00e2cher . Winkel bij Eco Supplements altijd gratis verzending boven 100\u20ac\" \/>\n<meta name=\"robots\" content=\"index, follow, max-snippet:-1, max-image-preview:large, max-video-preview:-1\" \/>\n<link rel=\"canonical\" href=\"https:\/\/ecosupplements.be\/fr\/produit\/weider-melatonin-strawberry-60-gummies\/\" \/>\n<meta property=\"og:locale\" content=\"fr_FR\" \/>\n<meta property=\"og:type\" content=\"article\" \/>\n<meta property=\"og:title\" content=\"Weider - M\u00e9latonine, Fraise - 60 bonbons \u00e0 m\u00e2cher\" \/>\n<meta property=\"og:description\" content=\"Wij hebben een ruime keuze aan producten van Weider - M\u00e9latonine, Fraise - 60 bonbons \u00e0 m\u00e2cher . Winkel bij Eco Supplements altijd gratis verzending boven 100\u20ac\" \/>\n<meta property=\"og:url\" content=\"https:\/\/ecosupplements.be\/fr\/produit\/weider-melatonin-strawberry-60-gummies\/\" \/>\n<meta property=\"og:site_name\" content=\"ECO Supplements\" \/>\n<meta property=\"article:modified_time\" content=\"2025-08-27T14:38:29+00:00\" \/>\n<meta property=\"og:image\" content=\"https:\/\/ecosupplements.be\/wp-content\/uploads\/2025\/08\/Weider-Melatonin-Strawberry-60-gummies-1.jpg\" \/>\n\t<meta property=\"og:image:width\" content=\"535\" \/>\n\t<meta property=\"og:image:height\" content=\"694\" \/>\n\t<meta property=\"og:image:type\" content=\"image\/jpeg\" \/>\n<meta name=\"twitter:card\" content=\"summary_large_image\" \/>\n<meta name=\"twitter:label1\" content=\"Prix\" \/>\n\t<meta name=\"twitter:data1\" content=\"8.87&nbsp;&euro;\" \/>\n\t<meta name=\"twitter:label2\" content=\"Disponibilit\u00e9\" \/>\n\t<meta name=\"twitter:data2\" content=\"En stock\" \/>\n<script type=\"application\/ld+json\" class=\"yoast-schema-graph\">{\"@context\":\"https:\\\/\\\/schema.org\",\"@graph\":[{\"@type\":[\"WebPage\",\"ItemPage\"],\"@id\":\"https:\\\/\\\/ecosupplements.be\\\/fr\\\/produit\\\/weider-melatonin-strawberry-60-gummies\\\/\",\"url\":\"https:\\\/\\\/ecosupplements.be\\\/fr\\\/produit\\\/weider-melatonin-strawberry-60-gummies\\\/\",\"name\":\"Weider - M\u00e9latonine, Fraise - 60 bonbons \u00e0 m\u00e2cher - ECO Supplements\",\"isPartOf\":{\"@id\":\"https:\\\/\\\/ecosupplements.be\\\/fr\\\/#website\"},\"primaryImageOfPage\":{\"@id\":\"https:\\\/\\\/ecosupplements.be\\\/fr\\\/produit\\\/weider-melatonin-strawberry-60-gummies\\\/#primaryimage\"},\"image\":{\"@id\":\"https:\\\/\\\/ecosupplements.be\\\/fr\\\/produit\\\/weider-melatonin-strawberry-60-gummies\\\/#primaryimage\"},\"thumbnailUrl\":\"https:\\\/\\\/ecosupplements.be\\\/wp-content\\\/uploads\\\/2025\\\/08\\\/Weider-Melatonin-Strawberry-60-gummies.jpg\",\"datePublished\":\"2024-11-06T16:28:18+00:00\",\"dateModified\":\"2025-08-27T14:38:29+00:00\",\"description\":\"Wij hebben een ruime keuze aan producten van Weider - M\u00e9latonine, Fraise - 60 bonbons \u00e0 m\u00e2cher . Winkel bij Eco Supplements altijd gratis verzending boven 100\u20ac\",\"breadcrumb\":{\"@id\":\"https:\\\/\\\/ecosupplements.be\\\/fr\\\/produit\\\/weider-melatonin-strawberry-60-gummies\\\/#breadcrumb\"},\"inLanguage\":\"fr-FR\",\"potentialAction\":[{\"@type\":\"ReadAction\",\"target\":[\"https:\\\/\\\/ecosupplements.be\\\/fr\\\/produit\\\/weider-melatonin-strawberry-60-gummies\\\/\"]}]},{\"@type\":\"ImageObject\",\"inLanguage\":\"fr-FR\",\"@id\":\"https:\\\/\\\/ecosupplements.be\\\/fr\\\/produit\\\/weider-melatonin-strawberry-60-gummies\\\/#primaryimage\",\"url\":\"https:\\\/\\\/ecosupplements.be\\\/wp-content\\\/uploads\\\/2025\\\/08\\\/Weider-Melatonin-Strawberry-60-gummies.jpg\",\"contentUrl\":\"https:\\\/\\\/ecosupplements.be\\\/wp-content\\\/uploads\\\/2025\\\/08\\\/Weider-Melatonin-Strawberry-60-gummies.jpg\",\"width\":535,\"height\":694},{\"@type\":\"BreadcrumbList\",\"@id\":\"https:\\\/\\\/ecosupplements.be\\\/fr\\\/produit\\\/weider-melatonin-strawberry-60-gummies\\\/#breadcrumb\",\"itemListElement\":[{\"@type\":\"ListItem\",\"position\":1,\"name\":\"Home\",\"item\":\"https:\\\/\\\/ecosupplements.be\\\/fr\\\/\"},{\"@type\":\"ListItem\",\"position\":2,\"name\":\"Boutique\",\"item\":\"https:\\\/\\\/ecosupplements.be\\\/fr\\\/boutique\\\/\"},{\"@type\":\"ListItem\",\"position\":3,\"name\":\"Weider &#8211; M\u00e9latonine, Fraise &#8211; 60 bonbons \u00e0 m\u00e2cher\"}]},{\"@type\":\"WebSite\",\"@id\":\"https:\\\/\\\/ecosupplements.be\\\/fr\\\/#website\",\"url\":\"https:\\\/\\\/ecosupplements.be\\\/fr\\\/\",\"name\":\"ECO Supplements\",\"description\":\"Eco Supplements - Gezonde supplementen\",\"publisher\":{\"@id\":\"https:\\\/\\\/ecosupplements.be\\\/fr\\\/#organization\"},\"potentialAction\":[{\"@type\":\"SearchAction\",\"target\":{\"@type\":\"EntryPoint\",\"urlTemplate\":\"https:\\\/\\\/ecosupplements.be\\\/fr\\\/?s={search_term_string}\"},\"query-input\":{\"@type\":\"PropertyValueSpecification\",\"valueRequired\":true,\"valueName\":\"search_term_string\"}}],\"inLanguage\":\"fr-FR\"},{\"@type\":\"Organization\",\"@id\":\"https:\\\/\\\/ecosupplements.be\\\/fr\\\/#organization\",\"name\":\"Eco Supplements\",\"url\":\"https:\\\/\\\/ecosupplements.be\\\/fr\\\/\",\"logo\":{\"@type\":\"ImageObject\",\"inLanguage\":\"fr-FR\",\"@id\":\"https:\\\/\\\/ecosupplements.be\\\/fr\\\/#\\\/schema\\\/logo\\\/image\\\/\",\"url\":\"https:\\\/\\\/ecosupplements.be\\\/wp-content\\\/uploads\\\/2022\\\/06\\\/ecosupplement-family.png\",\"contentUrl\":\"https:\\\/\\\/ecosupplements.be\\\/wp-content\\\/uploads\\\/2022\\\/06\\\/ecosupplement-family.png\",\"width\":593,\"height\":374,\"caption\":\"Eco Supplements\"},\"image\":{\"@id\":\"https:\\\/\\\/ecosupplements.be\\\/fr\\\/#\\\/schema\\\/logo\\\/image\\\/\"}}]}<\/script>\n<meta property=\"product:brand\" content=\"Weider\" \/>\n<meta property=\"product:price:amount\" content=\"8.87\" \/>\n<meta property=\"product:price:currency\" content=\"EUR\" \/>\n<meta property=\"og:availability\" content=\"instock\" \/>\n<meta property=\"product:availability\" content=\"instock\" \/>\n<meta property=\"product:retailer_item_id\" content=\"8414192346716\" \/>\n<meta property=\"product:condition\" content=\"new\" \/>\n<!-- \/ Yoast SEO Premium plugin. -->","yoast_head_json":{"title":"Weider - M\u00e9latonine, Fraise - 60 bonbons \u00e0 m\u00e2cher - ECO Supplements","description":"Wij hebben een ruime keuze aan producten van Weider - M\u00e9latonine, Fraise - 60 bonbons \u00e0 m\u00e2cher . Winkel bij Eco Supplements altijd gratis verzending boven 100\u20ac","robots":{"index":"index","follow":"follow","max-snippet":"max-snippet:-1","max-image-preview":"max-image-preview:large","max-video-preview":"max-video-preview:-1"},"canonical":"https:\/\/ecosupplements.be\/fr\/produit\/weider-melatonin-strawberry-60-gummies\/","og_locale":"fr_FR","og_type":"article","og_title":"Weider - M\u00e9latonine, Fraise - 60 bonbons \u00e0 m\u00e2cher","og_description":"Wij hebben een ruime keuze aan producten van Weider - M\u00e9latonine, Fraise - 60 bonbons \u00e0 m\u00e2cher . Winkel bij Eco Supplements altijd gratis verzending boven 100\u20ac","og_url":"https:\/\/ecosupplements.be\/fr\/produit\/weider-melatonin-strawberry-60-gummies\/","og_site_name":"ECO Supplements","article_modified_time":"2025-08-27T14:38:29+00:00","og_image":[{"width":535,"height":694,"url":"https:\/\/ecosupplements.be\/wp-content\/uploads\/2025\/08\/Weider-Melatonin-Strawberry-60-gummies-1.jpg","type":"image\/jpeg"}],"twitter_card":"summary_large_image","twitter_misc":{"Prix":"8.87&nbsp;&euro;","Disponibilit\u00e9":"En stock"},"schema":{"@context":"https:\/\/schema.org","@graph":[{"@type":["WebPage","ItemPage"],"@id":"https:\/\/ecosupplements.be\/fr\/produit\/weider-melatonin-strawberry-60-gummies\/","url":"https:\/\/ecosupplements.be\/fr\/produit\/weider-melatonin-strawberry-60-gummies\/","name":"Weider - M\u00e9latonine, Fraise - 60 bonbons \u00e0 m\u00e2cher - ECO Supplements","isPartOf":{"@id":"https:\/\/ecosupplements.be\/fr\/#website"},"primaryImageOfPage":{"@id":"https:\/\/ecosupplements.be\/fr\/produit\/weider-melatonin-strawberry-60-gummies\/#primaryimage"},"image":{"@id":"https:\/\/ecosupplements.be\/fr\/produit\/weider-melatonin-strawberry-60-gummies\/#primaryimage"},"thumbnailUrl":"https:\/\/ecosupplements.be\/wp-content\/uploads\/2025\/08\/Weider-Melatonin-Strawberry-60-gummies.jpg","datePublished":"2024-11-06T16:28:18+00:00","dateModified":"2025-08-27T14:38:29+00:00","description":"Wij hebben een ruime keuze aan producten van Weider - M\u00e9latonine, Fraise - 60 bonbons \u00e0 m\u00e2cher . Winkel bij Eco Supplements altijd gratis verzending boven 100\u20ac","breadcrumb":{"@id":"https:\/\/ecosupplements.be\/fr\/produit\/weider-melatonin-strawberry-60-gummies\/#breadcrumb"},"inLanguage":"fr-FR","potentialAction":[{"@type":"ReadAction","target":["https:\/\/ecosupplements.be\/fr\/produit\/weider-melatonin-strawberry-60-gummies\/"]}]},{"@type":"ImageObject","inLanguage":"fr-FR","@id":"https:\/\/ecosupplements.be\/fr\/produit\/weider-melatonin-strawberry-60-gummies\/#primaryimage","url":"https:\/\/ecosupplements.be\/wp-content\/uploads\/2025\/08\/Weider-Melatonin-Strawberry-60-gummies.jpg","contentUrl":"https:\/\/ecosupplements.be\/wp-content\/uploads\/2025\/08\/Weider-Melatonin-Strawberry-60-gummies.jpg","width":535,"height":694},{"@type":"BreadcrumbList","@id":"https:\/\/ecosupplements.be\/fr\/produit\/weider-melatonin-strawberry-60-gummies\/#breadcrumb","itemListElement":[{"@type":"ListItem","position":1,"name":"Home","item":"https:\/\/ecosupplements.be\/fr\/"},{"@type":"ListItem","position":2,"name":"Boutique","item":"https:\/\/ecosupplements.be\/fr\/boutique\/"},{"@type":"ListItem","position":3,"name":"Weider &#8211; M\u00e9latonine, Fraise &#8211; 60 bonbons \u00e0 m\u00e2cher"}]},{"@type":"WebSite","@id":"https:\/\/ecosupplements.be\/fr\/#website","url":"https:\/\/ecosupplements.be\/fr\/","name":"ECO Supplements","description":"Eco Supplements - Gezonde supplementen","publisher":{"@id":"https:\/\/ecosupplements.be\/fr\/#organization"},"potentialAction":[{"@type":"SearchAction","target":{"@type":"EntryPoint","urlTemplate":"https:\/\/ecosupplements.be\/fr\/?s={search_term_string}"},"query-input":{"@type":"PropertyValueSpecification","valueRequired":true,"valueName":"search_term_string"}}],"inLanguage":"fr-FR"},{"@type":"Organization","@id":"https:\/\/ecosupplements.be\/fr\/#organization","name":"Eco Supplements","url":"https:\/\/ecosupplements.be\/fr\/","logo":{"@type":"ImageObject","inLanguage":"fr-FR","@id":"https:\/\/ecosupplements.be\/fr\/#\/schema\/logo\/image\/","url":"https:\/\/ecosupplements.be\/wp-content\/uploads\/2022\/06\/ecosupplement-family.png","contentUrl":"https:\/\/ecosupplements.be\/wp-content\/uploads\/2022\/06\/ecosupplement-family.png","width":593,"height":374,"caption":"Eco Supplements"},"image":{"@id":"https:\/\/ecosupplements.be\/fr\/#\/schema\/logo\/image\/"}}]},"product_brand":"Weider","product_price_amount":"8.87","product_price_currency":"EUR","og_availability":"instock","product_availability":"instock","product_retailer_item_id":"8414192346716","product_condition":"new"},"_links":{"self":[{"href":"https:\/\/ecosupplements.be\/fr\/wp-json\/wp\/v2\/product\/291881","targetHints":{"allow":["GET"]}}],"collection":[{"href":"https:\/\/ecosupplements.be\/fr\/wp-json\/wp\/v2\/product"}],"about":[{"href":"https:\/\/ecosupplements.be\/fr\/wp-json\/wp\/v2\/types\/product"}],"replies":[{"embeddable":true,"href":"https:\/\/ecosupplements.be\/fr\/wp-json\/wp\/v2\/comments?post=291881"}],"wp:featuredmedia":[{"embeddable":true,"href":"https:\/\/ecosupplements.be\/fr\/wp-json\/wp\/v2\/media\/267827"}],"wp:attachment":[{"href":"https:\/\/ecosupplements.be\/fr\/wp-json\/wp\/v2\/media?parent=291881"}],"wp:term":[{"taxonomy":"product_brand","embeddable":true,"href":"https:\/\/ecosupplements.be\/fr\/wp-json\/wp\/v2\/product_brand?post=291881"},{"taxonomy":"product_cat","embeddable":true,"href":"https:\/\/ecosupplements.be\/fr\/wp-json\/wp\/v2\/product_cat?post=291881"},{"taxonomy":"product_tag","embeddable":true,"href":"https:\/\/ecosupplements.be\/fr\/wp-json\/wp\/v2\/product_tag?post=291881"}],"curies":[{"name":"wp","href":"https:\/\/api.w.org\/{rel}","templated":true}]}}