{"id":291887,"date":"2025-04-13T17:20:24","date_gmt":"2025-04-13T16:20:24","guid":{"rendered":"https:\/\/ecosupplements.be\/product\/weider-omega-3-fish-oil-2000mg-90-softgels\/"},"modified":"2025-08-27T15:38:38","modified_gmt":"2025-08-27T14:38:38","slug":"weider-omega-3-fish-oil-2000mg-90-softgels","status":"publish","type":"product","link":"https:\/\/ecosupplements.be\/fr\/produit\/weider-omega-3-fish-oil-2000mg-90-softgels\/","title":{"rendered":"Weider &#8211; Huile de poisson Omega 3, 2000mg &#8211; 90 capsules molles"},"content":{"rendered":"<p><strong>Nom du produit :<\/strong> Weider &#8211; Omega 3 Fish Oil, 2000mg &#8211; 90 softgels<\/p>\n<p><strong>Description :<\/strong> D\u00e9couvrez le choix naturel pour votre quotidien avec l&#8217;huile de poisson Omega 3 de Weider. Chaque capsule est soigneusement formul\u00e9e avec des ingr\u00e9dients d&#8217;origine naturelle, captur\u00e9s dans un format pratique de softgel facile \u00e0 consommer. Profitez d&#8217;un produit \u00e9labor\u00e9 en Espagne, reconnu pour sa grande puret\u00e9 et son origine contr\u00f4l\u00e9e.<\/p>\n<p><strong>Ingr\u00e9dients principaux :<\/strong> Huile de poisson riche en Omega 3.<\/p>\n<p><strong>Contenu et emballage :<\/strong> Ce produit est pr\u00e9sent\u00e9 dans un emballage contenant 90 softgels.<\/p>\n<p><strong>Utilisation :<\/strong> Pour une utilisation quotidienne, suivre la dose recommand\u00e9e sur l&#8217;emballage.<\/p>\n<p>Ce compl\u00e9ment alimentaire s&#8217;int\u00e8gre ais\u00e9ment \u00e0 votre routine quotidienne, offrant une solution pratique sans pr\u00e9tendre \u00e0 des effets sp\u00e9cifiques sur la sant\u00e9 ou le bien-\u00eatre. Un choix parfait pour ceux qui appr\u00e9cient les ingr\u00e9dients naturels dans un mode de vie actif et \u00e9quilibr\u00e9.<\/p>\n","protected":false},"excerpt":{"rendered":"<p>Nom du produit : Weider &#8211; Omega 3 Fish Oil, 2000mg &#8211; 90 softgels Description : D\u00e9couvrez le choix naturel pour votre quotidien avec l&#8217;huile de poisson Omega 3 de Weider. Chaque capsule est soigneusement formul\u00e9e avec des ingr\u00e9dients d&#8217;origine naturelle, captur\u00e9s dans un format pratique de softgel facile \u00e0 consommer. Profitez d&#8217;un produit \u00e9labor\u00e9 [&#8230;]\n","protected":false},"featured_media":291888,"comment_status":"closed","ping_status":"open","template":"","meta":[],"product_brand":[5289],"product_cat":[5052],"product_tag":[],"class_list":{"0":"post-291887","1":"product","2":"type-product","3":"status-publish","4":"has-post-thumbnail","6":"product_brand-weider-2","7":"product_cat-sante-et-bien-etre","9":"first","10":"instock","11":"taxable","12":"shipping-taxable","13":"purchasable","14":"product-type-simple"},"yoast_head":"<!-- This site is optimized with the Yoast SEO Premium plugin v27.3 (Yoast SEO v27.3) - https:\/\/yoast.com\/product\/yoast-seo-premium-wordpress\/ -->\n<title>Weider - Huile de poisson Omega 3, 2000mg - 90 capsules molles - ECO Supplements<\/title>\n<meta name=\"description\" content=\"Wij hebben een ruime keuze aan producten van Weider - Huile de poisson Omega 3, 2000mg - 90 capsules molles . Winkel bij Eco Supplements altijd gratis verzending boven 100\u20ac\" \/>\n<meta name=\"robots\" content=\"index, follow, max-snippet:-1, max-image-preview:large, max-video-preview:-1\" \/>\n<link rel=\"canonical\" href=\"https:\/\/ecosupplements.be\/fr\/produit\/weider-omega-3-fish-oil-2000mg-90-softgels\/\" \/>\n<meta property=\"og:locale\" content=\"fr_FR\" \/>\n<meta property=\"og:type\" content=\"article\" \/>\n<meta property=\"og:title\" content=\"Weider - Huile de poisson Omega 3, 2000mg - 90 capsules molles\" \/>\n<meta property=\"og:description\" content=\"Wij hebben een ruime keuze aan producten van Weider - Huile de poisson Omega 3, 2000mg - 90 capsules molles . Winkel bij Eco Supplements altijd gratis verzending boven 100\u20ac\" \/>\n<meta property=\"og:url\" content=\"https:\/\/ecosupplements.be\/fr\/produit\/weider-omega-3-fish-oil-2000mg-90-softgels\/\" \/>\n<meta property=\"og:site_name\" content=\"ECO Supplements\" \/>\n<meta property=\"article:modified_time\" content=\"2025-08-27T14:38:38+00:00\" \/>\n<meta property=\"og:image\" content=\"https:\/\/ecosupplements.be\/wp-content\/uploads\/2025\/08\/Weider-Omega-3-Fish-Oil-2000mg-90-softgels.jpg\" \/>\n\t<meta property=\"og:image:width\" content=\"625\" \/>\n\t<meta property=\"og:image:height\" content=\"780\" \/>\n\t<meta property=\"og:image:type\" content=\"image\/jpeg\" \/>\n<meta name=\"twitter:card\" content=\"summary_large_image\" \/>\n<meta name=\"twitter:label1\" content=\"Prix\" \/>\n\t<meta name=\"twitter:data1\" content=\"20.37&nbsp;&euro;\" \/>\n\t<meta name=\"twitter:label2\" content=\"Disponibilit\u00e9\" \/>\n\t<meta name=\"twitter:data2\" content=\"En stock\" \/>\n<script type=\"application\/ld+json\" class=\"yoast-schema-graph\">{\"@context\":\"https:\\\/\\\/schema.org\",\"@graph\":[{\"@type\":[\"WebPage\",\"ItemPage\"],\"@id\":\"https:\\\/\\\/ecosupplements.be\\\/fr\\\/produit\\\/weider-omega-3-fish-oil-2000mg-90-softgels\\\/\",\"url\":\"https:\\\/\\\/ecosupplements.be\\\/fr\\\/produit\\\/weider-omega-3-fish-oil-2000mg-90-softgels\\\/\",\"name\":\"Weider - Huile de poisson Omega 3, 2000mg - 90 capsules molles - ECO Supplements\",\"isPartOf\":{\"@id\":\"https:\\\/\\\/ecosupplements.be\\\/fr\\\/#website\"},\"primaryImageOfPage\":{\"@id\":\"https:\\\/\\\/ecosupplements.be\\\/fr\\\/produit\\\/weider-omega-3-fish-oil-2000mg-90-softgels\\\/#primaryimage\"},\"image\":{\"@id\":\"https:\\\/\\\/ecosupplements.be\\\/fr\\\/produit\\\/weider-omega-3-fish-oil-2000mg-90-softgels\\\/#primaryimage\"},\"thumbnailUrl\":\"https:\\\/\\\/ecosupplements.be\\\/wp-content\\\/uploads\\\/2025\\\/08\\\/Weider-Omega-3-Fish-Oil-2000mg-90-softgels.jpg\",\"datePublished\":\"2025-04-13T16:20:24+00:00\",\"dateModified\":\"2025-08-27T14:38:38+00:00\",\"description\":\"Wij hebben een ruime keuze aan producten van Weider - Huile de poisson Omega 3, 2000mg - 90 capsules molles . Winkel bij Eco Supplements altijd gratis verzending boven 100\u20ac\",\"breadcrumb\":{\"@id\":\"https:\\\/\\\/ecosupplements.be\\\/fr\\\/produit\\\/weider-omega-3-fish-oil-2000mg-90-softgels\\\/#breadcrumb\"},\"inLanguage\":\"fr-FR\",\"potentialAction\":[{\"@type\":\"ReadAction\",\"target\":[\"https:\\\/\\\/ecosupplements.be\\\/fr\\\/produit\\\/weider-omega-3-fish-oil-2000mg-90-softgels\\\/\"]}]},{\"@type\":\"ImageObject\",\"inLanguage\":\"fr-FR\",\"@id\":\"https:\\\/\\\/ecosupplements.be\\\/fr\\\/produit\\\/weider-omega-3-fish-oil-2000mg-90-softgels\\\/#primaryimage\",\"url\":\"https:\\\/\\\/ecosupplements.be\\\/wp-content\\\/uploads\\\/2025\\\/08\\\/Weider-Omega-3-Fish-Oil-2000mg-90-softgels.jpg\",\"contentUrl\":\"https:\\\/\\\/ecosupplements.be\\\/wp-content\\\/uploads\\\/2025\\\/08\\\/Weider-Omega-3-Fish-Oil-2000mg-90-softgels.jpg\",\"width\":625,\"height\":780},{\"@type\":\"BreadcrumbList\",\"@id\":\"https:\\\/\\\/ecosupplements.be\\\/fr\\\/produit\\\/weider-omega-3-fish-oil-2000mg-90-softgels\\\/#breadcrumb\",\"itemListElement\":[{\"@type\":\"ListItem\",\"position\":1,\"name\":\"Home\",\"item\":\"https:\\\/\\\/ecosupplements.be\\\/fr\\\/\"},{\"@type\":\"ListItem\",\"position\":2,\"name\":\"Boutique\",\"item\":\"https:\\\/\\\/ecosupplements.be\\\/fr\\\/boutique\\\/\"},{\"@type\":\"ListItem\",\"position\":3,\"name\":\"Weider &#8211; Huile de poisson Omega 3, 2000mg &#8211; 90 capsules molles\"}]},{\"@type\":\"WebSite\",\"@id\":\"https:\\\/\\\/ecosupplements.be\\\/fr\\\/#website\",\"url\":\"https:\\\/\\\/ecosupplements.be\\\/fr\\\/\",\"name\":\"ECO Supplements\",\"description\":\"Eco Supplements - Gezonde supplementen\",\"publisher\":{\"@id\":\"https:\\\/\\\/ecosupplements.be\\\/fr\\\/#organization\"},\"potentialAction\":[{\"@type\":\"SearchAction\",\"target\":{\"@type\":\"EntryPoint\",\"urlTemplate\":\"https:\\\/\\\/ecosupplements.be\\\/fr\\\/?s={search_term_string}\"},\"query-input\":{\"@type\":\"PropertyValueSpecification\",\"valueRequired\":true,\"valueName\":\"search_term_string\"}}],\"inLanguage\":\"fr-FR\"},{\"@type\":\"Organization\",\"@id\":\"https:\\\/\\\/ecosupplements.be\\\/fr\\\/#organization\",\"name\":\"Eco Supplements\",\"url\":\"https:\\\/\\\/ecosupplements.be\\\/fr\\\/\",\"logo\":{\"@type\":\"ImageObject\",\"inLanguage\":\"fr-FR\",\"@id\":\"https:\\\/\\\/ecosupplements.be\\\/fr\\\/#\\\/schema\\\/logo\\\/image\\\/\",\"url\":\"https:\\\/\\\/ecosupplements.be\\\/wp-content\\\/uploads\\\/2022\\\/06\\\/ecosupplement-family.png\",\"contentUrl\":\"https:\\\/\\\/ecosupplements.be\\\/wp-content\\\/uploads\\\/2022\\\/06\\\/ecosupplement-family.png\",\"width\":593,\"height\":374,\"caption\":\"Eco Supplements\"},\"image\":{\"@id\":\"https:\\\/\\\/ecosupplements.be\\\/fr\\\/#\\\/schema\\\/logo\\\/image\\\/\"}}]}<\/script>\n<meta property=\"product:brand\" content=\"Weider\" \/>\n<meta property=\"product:price:amount\" content=\"20.37\" \/>\n<meta property=\"product:price:currency\" content=\"EUR\" \/>\n<meta property=\"og:availability\" content=\"instock\" \/>\n<meta property=\"product:availability\" content=\"instock\" \/>\n<meta property=\"product:retailer_item_id\" content=\"8414192311790\" \/>\n<meta property=\"product:condition\" content=\"new\" \/>\n<!-- \/ Yoast SEO Premium plugin. -->","yoast_head_json":{"title":"Weider - Huile de poisson Omega 3, 2000mg - 90 capsules molles - ECO Supplements","description":"Wij hebben een ruime keuze aan producten van Weider - Huile de poisson Omega 3, 2000mg - 90 capsules molles . Winkel bij Eco Supplements altijd gratis verzending boven 100\u20ac","robots":{"index":"index","follow":"follow","max-snippet":"max-snippet:-1","max-image-preview":"max-image-preview:large","max-video-preview":"max-video-preview:-1"},"canonical":"https:\/\/ecosupplements.be\/fr\/produit\/weider-omega-3-fish-oil-2000mg-90-softgels\/","og_locale":"fr_FR","og_type":"article","og_title":"Weider - Huile de poisson Omega 3, 2000mg - 90 capsules molles","og_description":"Wij hebben een ruime keuze aan producten van Weider - Huile de poisson Omega 3, 2000mg - 90 capsules molles . Winkel bij Eco Supplements altijd gratis verzending boven 100\u20ac","og_url":"https:\/\/ecosupplements.be\/fr\/produit\/weider-omega-3-fish-oil-2000mg-90-softgels\/","og_site_name":"ECO Supplements","article_modified_time":"2025-08-27T14:38:38+00:00","og_image":[{"width":625,"height":780,"url":"https:\/\/ecosupplements.be\/wp-content\/uploads\/2025\/08\/Weider-Omega-3-Fish-Oil-2000mg-90-softgels.jpg","type":"image\/jpeg"}],"twitter_card":"summary_large_image","twitter_misc":{"Prix":"20.37&nbsp;&euro;","Disponibilit\u00e9":"En stock"},"schema":{"@context":"https:\/\/schema.org","@graph":[{"@type":["WebPage","ItemPage"],"@id":"https:\/\/ecosupplements.be\/fr\/produit\/weider-omega-3-fish-oil-2000mg-90-softgels\/","url":"https:\/\/ecosupplements.be\/fr\/produit\/weider-omega-3-fish-oil-2000mg-90-softgels\/","name":"Weider - Huile de poisson Omega 3, 2000mg - 90 capsules molles - ECO Supplements","isPartOf":{"@id":"https:\/\/ecosupplements.be\/fr\/#website"},"primaryImageOfPage":{"@id":"https:\/\/ecosupplements.be\/fr\/produit\/weider-omega-3-fish-oil-2000mg-90-softgels\/#primaryimage"},"image":{"@id":"https:\/\/ecosupplements.be\/fr\/produit\/weider-omega-3-fish-oil-2000mg-90-softgels\/#primaryimage"},"thumbnailUrl":"https:\/\/ecosupplements.be\/wp-content\/uploads\/2025\/08\/Weider-Omega-3-Fish-Oil-2000mg-90-softgels.jpg","datePublished":"2025-04-13T16:20:24+00:00","dateModified":"2025-08-27T14:38:38+00:00","description":"Wij hebben een ruime keuze aan producten van Weider - Huile de poisson Omega 3, 2000mg - 90 capsules molles . Winkel bij Eco Supplements altijd gratis verzending boven 100\u20ac","breadcrumb":{"@id":"https:\/\/ecosupplements.be\/fr\/produit\/weider-omega-3-fish-oil-2000mg-90-softgels\/#breadcrumb"},"inLanguage":"fr-FR","potentialAction":[{"@type":"ReadAction","target":["https:\/\/ecosupplements.be\/fr\/produit\/weider-omega-3-fish-oil-2000mg-90-softgels\/"]}]},{"@type":"ImageObject","inLanguage":"fr-FR","@id":"https:\/\/ecosupplements.be\/fr\/produit\/weider-omega-3-fish-oil-2000mg-90-softgels\/#primaryimage","url":"https:\/\/ecosupplements.be\/wp-content\/uploads\/2025\/08\/Weider-Omega-3-Fish-Oil-2000mg-90-softgels.jpg","contentUrl":"https:\/\/ecosupplements.be\/wp-content\/uploads\/2025\/08\/Weider-Omega-3-Fish-Oil-2000mg-90-softgels.jpg","width":625,"height":780},{"@type":"BreadcrumbList","@id":"https:\/\/ecosupplements.be\/fr\/produit\/weider-omega-3-fish-oil-2000mg-90-softgels\/#breadcrumb","itemListElement":[{"@type":"ListItem","position":1,"name":"Home","item":"https:\/\/ecosupplements.be\/fr\/"},{"@type":"ListItem","position":2,"name":"Boutique","item":"https:\/\/ecosupplements.be\/fr\/boutique\/"},{"@type":"ListItem","position":3,"name":"Weider &#8211; Huile de poisson Omega 3, 2000mg &#8211; 90 capsules molles"}]},{"@type":"WebSite","@id":"https:\/\/ecosupplements.be\/fr\/#website","url":"https:\/\/ecosupplements.be\/fr\/","name":"ECO Supplements","description":"Eco Supplements - Gezonde supplementen","publisher":{"@id":"https:\/\/ecosupplements.be\/fr\/#organization"},"potentialAction":[{"@type":"SearchAction","target":{"@type":"EntryPoint","urlTemplate":"https:\/\/ecosupplements.be\/fr\/?s={search_term_string}"},"query-input":{"@type":"PropertyValueSpecification","valueRequired":true,"valueName":"search_term_string"}}],"inLanguage":"fr-FR"},{"@type":"Organization","@id":"https:\/\/ecosupplements.be\/fr\/#organization","name":"Eco Supplements","url":"https:\/\/ecosupplements.be\/fr\/","logo":{"@type":"ImageObject","inLanguage":"fr-FR","@id":"https:\/\/ecosupplements.be\/fr\/#\/schema\/logo\/image\/","url":"https:\/\/ecosupplements.be\/wp-content\/uploads\/2022\/06\/ecosupplement-family.png","contentUrl":"https:\/\/ecosupplements.be\/wp-content\/uploads\/2022\/06\/ecosupplement-family.png","width":593,"height":374,"caption":"Eco Supplements"},"image":{"@id":"https:\/\/ecosupplements.be\/fr\/#\/schema\/logo\/image\/"}}]},"product_brand":"Weider","product_price_amount":"20.37","product_price_currency":"EUR","og_availability":"instock","product_availability":"instock","product_retailer_item_id":"8414192311790","product_condition":"new"},"_links":{"self":[{"href":"https:\/\/ecosupplements.be\/fr\/wp-json\/wp\/v2\/product\/291887","targetHints":{"allow":["GET"]}}],"collection":[{"href":"https:\/\/ecosupplements.be\/fr\/wp-json\/wp\/v2\/product"}],"about":[{"href":"https:\/\/ecosupplements.be\/fr\/wp-json\/wp\/v2\/types\/product"}],"replies":[{"embeddable":true,"href":"https:\/\/ecosupplements.be\/fr\/wp-json\/wp\/v2\/comments?post=291887"}],"wp:featuredmedia":[{"embeddable":true,"href":"https:\/\/ecosupplements.be\/fr\/wp-json\/wp\/v2\/media\/291888"}],"wp:attachment":[{"href":"https:\/\/ecosupplements.be\/fr\/wp-json\/wp\/v2\/media?parent=291887"}],"wp:term":[{"taxonomy":"product_brand","embeddable":true,"href":"https:\/\/ecosupplements.be\/fr\/wp-json\/wp\/v2\/product_brand?post=291887"},{"taxonomy":"product_cat","embeddable":true,"href":"https:\/\/ecosupplements.be\/fr\/wp-json\/wp\/v2\/product_cat?post=291887"},{"taxonomy":"product_tag","embeddable":true,"href":"https:\/\/ecosupplements.be\/fr\/wp-json\/wp\/v2\/product_tag?post=291887"}],"curies":[{"name":"wp","href":"https:\/\/api.w.org\/{rel}","templated":true}]}}