{"id":291947,"date":"2022-07-25T20:20:30","date_gmt":"2022-07-25T19:20:30","guid":{"rendered":"https:\/\/ecosupplements.be\/product\/zein-pharma-maca-gold-570mg-180-caps\/"},"modified":"2025-08-27T15:39:43","modified_gmt":"2025-08-27T14:39:43","slug":"zein-pharma-maca-gold-570mg-180-caps","status":"publish","type":"product","link":"https:\/\/ecosupplements.be\/fr\/produit\/zein-pharma-maca-gold-570mg-180-caps\/","title":{"rendered":"Zein Pharma &#8211; Maca Or, 570mg &#8211; 180 g\u00e9lules"},"content":{"rendered":"<h2>Zein Pharma &#8211; Maca Gold, 570mg &#8211; 180 caps<\/h2>\n<p>D\u00e9couvrez le <strong>Maca Gold<\/strong> de Zein pharma, un produit con\u00e7u avec soin en Allemagne. Chaque capsule contient 570 mg de Maca, une plante traditionnellement appr\u00e9ci\u00e9e pour sa qualit\u00e9 et son origine naturelle.<\/p>\n<p>Ce compl\u00e9ment alimentaire se pr\u00e9sente sous forme de capsules faciles \u00e0 consommer,conditionn\u00e9es dans un emballage pratique comprenant <strong>180 unit\u00e9s<\/strong>. Id\u00e9al pour une utilisation r\u00e9guli\u00e8re, le format des capsules permet une int\u00e9gration simple et efficace dans votre routine quotidienne.<\/p>\n<p>Le Maca utilis\u00e9 dans nos capsules est s\u00e9lectionn\u00e9 pour sa grande puret\u00e9 et son origine naturelle. Sans ajout inutile, nous vous proposons un produit respectueux des amateurs de composants naturels.<\/p>\n<p><em>&#8220;Un choix parfait pour ceux qui appr\u00e9cient les ingr\u00e9dients naturels dans un mode de vie sain.&#8221;<\/em><\/p>\n<p>Pour une utilisation optimale, suivez la dose journali\u00e8re recommand\u00e9e indiqu\u00e9e sur l&#8217;emballage. Ce produit est un excellent accompagnement pour toute personne cherchant \u00e0 enrichir son alimentation avec des produits d&#8217;origine contr\u00f4l\u00e9e et de haute qualit\u00e9.<\/p>\n","protected":false},"excerpt":{"rendered":"<p>Zein Pharma &#8211; Maca Gold, 570mg &#8211; 180 caps D\u00e9couvrez le Maca Gold de Zein pharma, un produit con\u00e7u avec soin en Allemagne. Chaque capsule contient 570 mg de Maca, une plante traditionnellement appr\u00e9ci\u00e9e pour sa qualit\u00e9 et son origine naturelle. Ce compl\u00e9ment alimentaire se pr\u00e9sente sous forme de capsules faciles \u00e0 consommer,conditionn\u00e9es dans un [&#8230;]\n","protected":false},"featured_media":259859,"comment_status":"open","ping_status":"open","template":"","meta":[],"product_brand":[4773],"product_cat":[5052],"product_tag":[],"class_list":{"0":"post-291947","1":"product","2":"type-product","3":"status-publish","4":"has-post-thumbnail","6":"product_brand-zein-pharma-2","7":"product_cat-sante-et-bien-etre","9":"first","10":"instock","11":"taxable","12":"shipping-taxable","13":"purchasable","14":"product-type-simple"},"yoast_head":"<!-- This site is optimized with the Yoast SEO Premium plugin v27.3 (Yoast SEO v27.3) - https:\/\/yoast.com\/product\/yoast-seo-premium-wordpress\/ -->\n<title>Zein Pharma - Maca Or, 570mg - 180 g\u00e9lules - ECO Supplements<\/title>\n<meta name=\"description\" content=\"Wij hebben een ruime keuze aan producten van Zein Pharma - Maca Or, 570mg - 180 g\u00e9lules . Winkel bij Eco Supplements altijd gratis verzending boven 100\u20ac\" \/>\n<meta name=\"robots\" content=\"index, follow, max-snippet:-1, max-image-preview:large, max-video-preview:-1\" \/>\n<link rel=\"canonical\" href=\"https:\/\/ecosupplements.be\/fr\/produit\/zein-pharma-maca-gold-570mg-180-caps\/\" \/>\n<meta property=\"og:locale\" content=\"fr_FR\" \/>\n<meta property=\"og:type\" content=\"article\" \/>\n<meta property=\"og:title\" content=\"Zein Pharma - Maca Or, 570mg - 180 g\u00e9lules\" \/>\n<meta property=\"og:description\" content=\"Wij hebben een ruime keuze aan producten van Zein Pharma - Maca Or, 570mg - 180 g\u00e9lules . Winkel bij Eco Supplements altijd gratis verzending boven 100\u20ac\" \/>\n<meta property=\"og:url\" content=\"https:\/\/ecosupplements.be\/fr\/produit\/zein-pharma-maca-gold-570mg-180-caps\/\" \/>\n<meta property=\"og:site_name\" content=\"ECO Supplements\" \/>\n<meta property=\"article:modified_time\" content=\"2025-08-27T14:39:43+00:00\" \/>\n<meta property=\"og:image\" content=\"https:\/\/ecosupplements.be\/wp-content\/uploads\/2025\/08\/Zein-Pharma-Maca-Gold-570mg-180-caps.png\" \/>\n\t<meta property=\"og:image:width\" content=\"345\" \/>\n\t<meta property=\"og:image:height\" content=\"644\" \/>\n\t<meta property=\"og:image:type\" content=\"image\/png\" \/>\n<meta name=\"twitter:card\" content=\"summary_large_image\" \/>\n<meta name=\"twitter:label1\" content=\"Prix\" \/>\n\t<meta name=\"twitter:data1\" content=\"22.23&nbsp;&euro;\" \/>\n\t<meta name=\"twitter:label2\" content=\"Disponibilit\u00e9\" \/>\n\t<meta name=\"twitter:data2\" content=\"En stock\" \/>\n<script type=\"application\/ld+json\" class=\"yoast-schema-graph\">{\"@context\":\"https:\\\/\\\/schema.org\",\"@graph\":[{\"@type\":[\"WebPage\",\"ItemPage\"],\"@id\":\"https:\\\/\\\/ecosupplements.be\\\/fr\\\/produit\\\/zein-pharma-maca-gold-570mg-180-caps\\\/\",\"url\":\"https:\\\/\\\/ecosupplements.be\\\/fr\\\/produit\\\/zein-pharma-maca-gold-570mg-180-caps\\\/\",\"name\":\"Zein Pharma - Maca Or, 570mg - 180 g\u00e9lules - ECO Supplements\",\"isPartOf\":{\"@id\":\"https:\\\/\\\/ecosupplements.be\\\/fr\\\/#website\"},\"primaryImageOfPage\":{\"@id\":\"https:\\\/\\\/ecosupplements.be\\\/fr\\\/produit\\\/zein-pharma-maca-gold-570mg-180-caps\\\/#primaryimage\"},\"image\":{\"@id\":\"https:\\\/\\\/ecosupplements.be\\\/fr\\\/produit\\\/zein-pharma-maca-gold-570mg-180-caps\\\/#primaryimage\"},\"thumbnailUrl\":\"https:\\\/\\\/ecosupplements.be\\\/wp-content\\\/uploads\\\/2025\\\/08\\\/Maca-Gold-570mg-180-caps.png\",\"datePublished\":\"2022-07-25T19:20:30+00:00\",\"dateModified\":\"2025-08-27T14:39:43+00:00\",\"description\":\"Wij hebben een ruime keuze aan producten van Zein Pharma - Maca Or, 570mg - 180 g\u00e9lules . Winkel bij Eco Supplements altijd gratis verzending boven 100\u20ac\",\"breadcrumb\":{\"@id\":\"https:\\\/\\\/ecosupplements.be\\\/fr\\\/produit\\\/zein-pharma-maca-gold-570mg-180-caps\\\/#breadcrumb\"},\"inLanguage\":\"fr-FR\",\"potentialAction\":[{\"@type\":\"ReadAction\",\"target\":[\"https:\\\/\\\/ecosupplements.be\\\/fr\\\/produit\\\/zein-pharma-maca-gold-570mg-180-caps\\\/\"]}]},{\"@type\":\"ImageObject\",\"inLanguage\":\"fr-FR\",\"@id\":\"https:\\\/\\\/ecosupplements.be\\\/fr\\\/produit\\\/zein-pharma-maca-gold-570mg-180-caps\\\/#primaryimage\",\"url\":\"https:\\\/\\\/ecosupplements.be\\\/wp-content\\\/uploads\\\/2025\\\/08\\\/Maca-Gold-570mg-180-caps.png\",\"contentUrl\":\"https:\\\/\\\/ecosupplements.be\\\/wp-content\\\/uploads\\\/2025\\\/08\\\/Maca-Gold-570mg-180-caps.png\",\"width\":345,\"height\":644},{\"@type\":\"BreadcrumbList\",\"@id\":\"https:\\\/\\\/ecosupplements.be\\\/fr\\\/produit\\\/zein-pharma-maca-gold-570mg-180-caps\\\/#breadcrumb\",\"itemListElement\":[{\"@type\":\"ListItem\",\"position\":1,\"name\":\"Home\",\"item\":\"https:\\\/\\\/ecosupplements.be\\\/fr\\\/\"},{\"@type\":\"ListItem\",\"position\":2,\"name\":\"Boutique\",\"item\":\"https:\\\/\\\/ecosupplements.be\\\/fr\\\/boutique\\\/\"},{\"@type\":\"ListItem\",\"position\":3,\"name\":\"Zein Pharma &#8211; Maca Or, 570mg &#8211; 180 g\u00e9lules\"}]},{\"@type\":\"WebSite\",\"@id\":\"https:\\\/\\\/ecosupplements.be\\\/fr\\\/#website\",\"url\":\"https:\\\/\\\/ecosupplements.be\\\/fr\\\/\",\"name\":\"ECO Supplements\",\"description\":\"Eco Supplements - Gezonde supplementen\",\"publisher\":{\"@id\":\"https:\\\/\\\/ecosupplements.be\\\/fr\\\/#organization\"},\"potentialAction\":[{\"@type\":\"SearchAction\",\"target\":{\"@type\":\"EntryPoint\",\"urlTemplate\":\"https:\\\/\\\/ecosupplements.be\\\/fr\\\/?s={search_term_string}\"},\"query-input\":{\"@type\":\"PropertyValueSpecification\",\"valueRequired\":true,\"valueName\":\"search_term_string\"}}],\"inLanguage\":\"fr-FR\"},{\"@type\":\"Organization\",\"@id\":\"https:\\\/\\\/ecosupplements.be\\\/fr\\\/#organization\",\"name\":\"Eco Supplements\",\"url\":\"https:\\\/\\\/ecosupplements.be\\\/fr\\\/\",\"logo\":{\"@type\":\"ImageObject\",\"inLanguage\":\"fr-FR\",\"@id\":\"https:\\\/\\\/ecosupplements.be\\\/fr\\\/#\\\/schema\\\/logo\\\/image\\\/\",\"url\":\"https:\\\/\\\/ecosupplements.be\\\/wp-content\\\/uploads\\\/2022\\\/06\\\/ecosupplement-family.png\",\"contentUrl\":\"https:\\\/\\\/ecosupplements.be\\\/wp-content\\\/uploads\\\/2022\\\/06\\\/ecosupplement-family.png\",\"width\":593,\"height\":374,\"caption\":\"Eco Supplements\"},\"image\":{\"@id\":\"https:\\\/\\\/ecosupplements.be\\\/fr\\\/#\\\/schema\\\/logo\\\/image\\\/\"}}]}<\/script>\n<meta property=\"product:brand\" content=\"Zein Pharma\" \/>\n<meta property=\"product:price:amount\" content=\"22.23\" \/>\n<meta property=\"product:price:currency\" content=\"EUR\" \/>\n<meta property=\"og:availability\" content=\"instock\" \/>\n<meta property=\"product:availability\" content=\"instock\" \/>\n<meta property=\"product:retailer_item_id\" content=\"4260085380022\" \/>\n<meta property=\"product:condition\" content=\"new\" \/>\n<!-- \/ Yoast SEO Premium plugin. -->","yoast_head_json":{"title":"Zein Pharma - Maca Or, 570mg - 180 g\u00e9lules - ECO Supplements","description":"Wij hebben een ruime keuze aan producten van Zein Pharma - Maca Or, 570mg - 180 g\u00e9lules . Winkel bij Eco Supplements altijd gratis verzending boven 100\u20ac","robots":{"index":"index","follow":"follow","max-snippet":"max-snippet:-1","max-image-preview":"max-image-preview:large","max-video-preview":"max-video-preview:-1"},"canonical":"https:\/\/ecosupplements.be\/fr\/produit\/zein-pharma-maca-gold-570mg-180-caps\/","og_locale":"fr_FR","og_type":"article","og_title":"Zein Pharma - Maca Or, 570mg - 180 g\u00e9lules","og_description":"Wij hebben een ruime keuze aan producten van Zein Pharma - Maca Or, 570mg - 180 g\u00e9lules . Winkel bij Eco Supplements altijd gratis verzending boven 100\u20ac","og_url":"https:\/\/ecosupplements.be\/fr\/produit\/zein-pharma-maca-gold-570mg-180-caps\/","og_site_name":"ECO Supplements","article_modified_time":"2025-08-27T14:39:43+00:00","og_image":[{"width":345,"height":644,"url":"https:\/\/ecosupplements.be\/wp-content\/uploads\/2025\/08\/Zein-Pharma-Maca-Gold-570mg-180-caps.png","type":"image\/png"}],"twitter_card":"summary_large_image","twitter_misc":{"Prix":"22.23&nbsp;&euro;","Disponibilit\u00e9":"En stock"},"schema":{"@context":"https:\/\/schema.org","@graph":[{"@type":["WebPage","ItemPage"],"@id":"https:\/\/ecosupplements.be\/fr\/produit\/zein-pharma-maca-gold-570mg-180-caps\/","url":"https:\/\/ecosupplements.be\/fr\/produit\/zein-pharma-maca-gold-570mg-180-caps\/","name":"Zein Pharma - Maca Or, 570mg - 180 g\u00e9lules - ECO Supplements","isPartOf":{"@id":"https:\/\/ecosupplements.be\/fr\/#website"},"primaryImageOfPage":{"@id":"https:\/\/ecosupplements.be\/fr\/produit\/zein-pharma-maca-gold-570mg-180-caps\/#primaryimage"},"image":{"@id":"https:\/\/ecosupplements.be\/fr\/produit\/zein-pharma-maca-gold-570mg-180-caps\/#primaryimage"},"thumbnailUrl":"https:\/\/ecosupplements.be\/wp-content\/uploads\/2025\/08\/Maca-Gold-570mg-180-caps.png","datePublished":"2022-07-25T19:20:30+00:00","dateModified":"2025-08-27T14:39:43+00:00","description":"Wij hebben een ruime keuze aan producten van Zein Pharma - Maca Or, 570mg - 180 g\u00e9lules . Winkel bij Eco Supplements altijd gratis verzending boven 100\u20ac","breadcrumb":{"@id":"https:\/\/ecosupplements.be\/fr\/produit\/zein-pharma-maca-gold-570mg-180-caps\/#breadcrumb"},"inLanguage":"fr-FR","potentialAction":[{"@type":"ReadAction","target":["https:\/\/ecosupplements.be\/fr\/produit\/zein-pharma-maca-gold-570mg-180-caps\/"]}]},{"@type":"ImageObject","inLanguage":"fr-FR","@id":"https:\/\/ecosupplements.be\/fr\/produit\/zein-pharma-maca-gold-570mg-180-caps\/#primaryimage","url":"https:\/\/ecosupplements.be\/wp-content\/uploads\/2025\/08\/Maca-Gold-570mg-180-caps.png","contentUrl":"https:\/\/ecosupplements.be\/wp-content\/uploads\/2025\/08\/Maca-Gold-570mg-180-caps.png","width":345,"height":644},{"@type":"BreadcrumbList","@id":"https:\/\/ecosupplements.be\/fr\/produit\/zein-pharma-maca-gold-570mg-180-caps\/#breadcrumb","itemListElement":[{"@type":"ListItem","position":1,"name":"Home","item":"https:\/\/ecosupplements.be\/fr\/"},{"@type":"ListItem","position":2,"name":"Boutique","item":"https:\/\/ecosupplements.be\/fr\/boutique\/"},{"@type":"ListItem","position":3,"name":"Zein Pharma &#8211; Maca Or, 570mg &#8211; 180 g\u00e9lules"}]},{"@type":"WebSite","@id":"https:\/\/ecosupplements.be\/fr\/#website","url":"https:\/\/ecosupplements.be\/fr\/","name":"ECO Supplements","description":"Eco Supplements - Gezonde supplementen","publisher":{"@id":"https:\/\/ecosupplements.be\/fr\/#organization"},"potentialAction":[{"@type":"SearchAction","target":{"@type":"EntryPoint","urlTemplate":"https:\/\/ecosupplements.be\/fr\/?s={search_term_string}"},"query-input":{"@type":"PropertyValueSpecification","valueRequired":true,"valueName":"search_term_string"}}],"inLanguage":"fr-FR"},{"@type":"Organization","@id":"https:\/\/ecosupplements.be\/fr\/#organization","name":"Eco Supplements","url":"https:\/\/ecosupplements.be\/fr\/","logo":{"@type":"ImageObject","inLanguage":"fr-FR","@id":"https:\/\/ecosupplements.be\/fr\/#\/schema\/logo\/image\/","url":"https:\/\/ecosupplements.be\/wp-content\/uploads\/2022\/06\/ecosupplement-family.png","contentUrl":"https:\/\/ecosupplements.be\/wp-content\/uploads\/2022\/06\/ecosupplement-family.png","width":593,"height":374,"caption":"Eco Supplements"},"image":{"@id":"https:\/\/ecosupplements.be\/fr\/#\/schema\/logo\/image\/"}}]},"product_brand":"Zein Pharma","product_price_amount":"22.23","product_price_currency":"EUR","og_availability":"instock","product_availability":"instock","product_retailer_item_id":"4260085380022","product_condition":"new"},"_links":{"self":[{"href":"https:\/\/ecosupplements.be\/fr\/wp-json\/wp\/v2\/product\/291947","targetHints":{"allow":["GET"]}}],"collection":[{"href":"https:\/\/ecosupplements.be\/fr\/wp-json\/wp\/v2\/product"}],"about":[{"href":"https:\/\/ecosupplements.be\/fr\/wp-json\/wp\/v2\/types\/product"}],"replies":[{"embeddable":true,"href":"https:\/\/ecosupplements.be\/fr\/wp-json\/wp\/v2\/comments?post=291947"}],"wp:featuredmedia":[{"embeddable":true,"href":"https:\/\/ecosupplements.be\/fr\/wp-json\/wp\/v2\/media\/259859"}],"wp:attachment":[{"href":"https:\/\/ecosupplements.be\/fr\/wp-json\/wp\/v2\/media?parent=291947"}],"wp:term":[{"taxonomy":"product_brand","embeddable":true,"href":"https:\/\/ecosupplements.be\/fr\/wp-json\/wp\/v2\/product_brand?post=291947"},{"taxonomy":"product_cat","embeddable":true,"href":"https:\/\/ecosupplements.be\/fr\/wp-json\/wp\/v2\/product_cat?post=291947"},{"taxonomy":"product_tag","embeddable":true,"href":"https:\/\/ecosupplements.be\/fr\/wp-json\/wp\/v2\/product_tag?post=291947"}],"curies":[{"name":"wp","href":"https:\/\/api.w.org\/{rel}","templated":true}]}}