{"id":291992,"date":"2024-03-12T16:20:27","date_gmt":"2024-03-12T15:20:27","guid":{"rendered":"https:\/\/ecosupplements.be\/product\/zein-pharma-taurine-500mg-120-vcaps\/"},"modified":"2025-08-27T15:40:25","modified_gmt":"2025-08-27T14:40:25","slug":"zein-pharma-taurine-500mg-120-vcaps","status":"publish","type":"product","link":"https:\/\/ecosupplements.be\/fr\/produit\/zein-pharma-taurine-500mg-120-vcaps\/","title":{"rendered":"Zein Pharma &#8211; Taurine, 500 mg &#8211; 120 g\u00e9lules v\u00e9g\u00e9tales"},"content":{"rendered":"<h2>Zein Pharma &#8211; Taurine, 500mg &#8211; 120 vcaps<\/h2>\n<p>D\u00e9couvrez les vcaps de Taurine 500mg de Zein Pharma, un choix parfait pour ceux qui appr\u00e9cient les ingr\u00e9dients naturels dans un mode de vie sain. Chaque capsule est con\u00e7ue pour \u00eatre simple \u00e0 utiliser au quotidien, offrant une approche pratique et sans complication.<\/p>\n<p>Ce produit est fabriqu\u00e9 en Allemagne et met en avant la grande puret\u00e9 de sa composition. La taurine utilis\u00e9e est issue d&#8217;une source fiable, garantissant une qualit\u00e9 sup\u00e9rieure sans compromis sur le go\u00fbt ou la texture.<\/p>\n<p><strong>Ingr\u00e9dients principaux :<\/strong> Chaque capsule contient 500 mg de taurine pure.<\/p>\n<p><strong>Contenu et emballage :<\/strong> Ce produit se pr\u00e9sente sous forme de capsules v\u00e9g\u00e9tales (vcaps), avec un total de 120 capsules par flacon, adapt\u00e9es \u00e0 une consommation r\u00e9guli\u00e8re.<\/p>\n<p><strong>Utilisation :<\/strong> Pour une utilisation optimale, suivre les indications sur l&#8217;emballage ou consulter votre professionnel du bien-\u00eatre pour ajuster la dose selon vos activit\u00e9s quotidiennes.<\/p>\n<p>Ces vcaps sont non seulement faciles \u00e0 int\u00e9grer dans votre routine quotidienne mais aussi con\u00e7ues pour s&#8217;harmoniser avec un style de vie \u00e9quilibr\u00e9 et actif. Un compl\u00e9ment simple pour un usage quotidien qui s&#8217;aligne avec votre choix d&#8217;un mode de vie conscient et respectueux des produits naturels.<\/p>\n","protected":false},"excerpt":{"rendered":"<p>Zein Pharma &#8211; Taurine, 500mg &#8211; 120 vcaps D\u00e9couvrez les vcaps de Taurine 500mg de Zein Pharma, un choix parfait pour ceux qui appr\u00e9cient les ingr\u00e9dients naturels dans un mode de vie sain. Chaque capsule est con\u00e7ue pour \u00eatre simple \u00e0 utiliser au quotidien, offrant une approche pratique et sans complication. Ce produit est fabriqu\u00e9 [&#8230;]\n","protected":false},"featured_media":265195,"comment_status":"open","ping_status":"open","template":"","meta":[],"product_brand":[4773],"product_cat":[5052],"product_tag":[],"class_list":{"0":"post-291992","1":"product","2":"type-product","3":"status-publish","4":"has-post-thumbnail","6":"product_brand-zein-pharma-2","7":"product_cat-sante-et-bien-etre","9":"first","10":"instock","11":"taxable","12":"shipping-taxable","13":"purchasable","14":"product-type-simple"},"yoast_head":"<!-- This site is optimized with the Yoast SEO Premium plugin v27.3 (Yoast SEO v27.3) - https:\/\/yoast.com\/product\/yoast-seo-premium-wordpress\/ -->\n<title>Zein Pharma - Taurine, 500 mg - 120 g\u00e9lules v\u00e9g\u00e9tales - ECO Supplements<\/title>\n<meta name=\"description\" content=\"Wij hebben een ruime keuze aan producten van Zein Pharma - Taurine, 500 mg - 120 g\u00e9lules v\u00e9g\u00e9tales . Winkel bij Eco Supplements altijd gratis verzending boven 100\u20ac\" \/>\n<meta name=\"robots\" content=\"index, follow, max-snippet:-1, max-image-preview:large, max-video-preview:-1\" \/>\n<link rel=\"canonical\" href=\"https:\/\/ecosupplements.be\/fr\/produit\/zein-pharma-taurine-500mg-120-vcaps\/\" \/>\n<meta property=\"og:locale\" content=\"fr_FR\" \/>\n<meta property=\"og:type\" content=\"article\" \/>\n<meta property=\"og:title\" content=\"Zein Pharma - Taurine, 500 mg - 120 g\u00e9lules v\u00e9g\u00e9tales\" \/>\n<meta property=\"og:description\" content=\"Wij hebben een ruime keuze aan producten van Zein Pharma - Taurine, 500 mg - 120 g\u00e9lules v\u00e9g\u00e9tales . Winkel bij Eco Supplements altijd gratis verzending boven 100\u20ac\" \/>\n<meta property=\"og:url\" content=\"https:\/\/ecosupplements.be\/fr\/produit\/zein-pharma-taurine-500mg-120-vcaps\/\" \/>\n<meta property=\"og:site_name\" content=\"ECO Supplements\" \/>\n<meta property=\"article:modified_time\" content=\"2025-08-27T14:40:25+00:00\" \/>\n<meta property=\"og:image\" content=\"https:\/\/ecosupplements.be\/wp-content\/uploads\/2025\/08\/Zein-Pharma-Taurine-500mg-120-vcaps.jpg\" \/>\n\t<meta property=\"og:image:width\" content=\"753\" \/>\n\t<meta property=\"og:image:height\" content=\"740\" \/>\n\t<meta property=\"og:image:type\" content=\"image\/jpeg\" \/>\n<meta name=\"twitter:card\" content=\"summary_large_image\" \/>\n<meta name=\"twitter:label1\" content=\"Prix\" \/>\n\t<meta name=\"twitter:data1\" content=\"13.29&nbsp;&euro;\" \/>\n\t<meta name=\"twitter:label2\" content=\"Disponibilit\u00e9\" \/>\n\t<meta name=\"twitter:data2\" content=\"En stock\" \/>\n<script type=\"application\/ld+json\" class=\"yoast-schema-graph\">{\"@context\":\"https:\\\/\\\/schema.org\",\"@graph\":[{\"@type\":[\"WebPage\",\"ItemPage\"],\"@id\":\"https:\\\/\\\/ecosupplements.be\\\/fr\\\/produit\\\/zein-pharma-taurine-500mg-120-vcaps\\\/\",\"url\":\"https:\\\/\\\/ecosupplements.be\\\/fr\\\/produit\\\/zein-pharma-taurine-500mg-120-vcaps\\\/\",\"name\":\"Zein Pharma - Taurine, 500 mg - 120 g\u00e9lules v\u00e9g\u00e9tales - ECO Supplements\",\"isPartOf\":{\"@id\":\"https:\\\/\\\/ecosupplements.be\\\/fr\\\/#website\"},\"primaryImageOfPage\":{\"@id\":\"https:\\\/\\\/ecosupplements.be\\\/fr\\\/produit\\\/zein-pharma-taurine-500mg-120-vcaps\\\/#primaryimage\"},\"image\":{\"@id\":\"https:\\\/\\\/ecosupplements.be\\\/fr\\\/produit\\\/zein-pharma-taurine-500mg-120-vcaps\\\/#primaryimage\"},\"thumbnailUrl\":\"https:\\\/\\\/ecosupplements.be\\\/wp-content\\\/uploads\\\/2025\\\/08\\\/Taurine-500mg-120-vcaps.jpg\",\"datePublished\":\"2024-03-12T15:20:27+00:00\",\"dateModified\":\"2025-08-27T14:40:25+00:00\",\"description\":\"Wij hebben een ruime keuze aan producten van Zein Pharma - Taurine, 500 mg - 120 g\u00e9lules v\u00e9g\u00e9tales . Winkel bij Eco Supplements altijd gratis verzending boven 100\u20ac\",\"breadcrumb\":{\"@id\":\"https:\\\/\\\/ecosupplements.be\\\/fr\\\/produit\\\/zein-pharma-taurine-500mg-120-vcaps\\\/#breadcrumb\"},\"inLanguage\":\"fr-FR\",\"potentialAction\":[{\"@type\":\"ReadAction\",\"target\":[\"https:\\\/\\\/ecosupplements.be\\\/fr\\\/produit\\\/zein-pharma-taurine-500mg-120-vcaps\\\/\"]}]},{\"@type\":\"ImageObject\",\"inLanguage\":\"fr-FR\",\"@id\":\"https:\\\/\\\/ecosupplements.be\\\/fr\\\/produit\\\/zein-pharma-taurine-500mg-120-vcaps\\\/#primaryimage\",\"url\":\"https:\\\/\\\/ecosupplements.be\\\/wp-content\\\/uploads\\\/2025\\\/08\\\/Taurine-500mg-120-vcaps.jpg\",\"contentUrl\":\"https:\\\/\\\/ecosupplements.be\\\/wp-content\\\/uploads\\\/2025\\\/08\\\/Taurine-500mg-120-vcaps.jpg\",\"width\":753,\"height\":740},{\"@type\":\"BreadcrumbList\",\"@id\":\"https:\\\/\\\/ecosupplements.be\\\/fr\\\/produit\\\/zein-pharma-taurine-500mg-120-vcaps\\\/#breadcrumb\",\"itemListElement\":[{\"@type\":\"ListItem\",\"position\":1,\"name\":\"Home\",\"item\":\"https:\\\/\\\/ecosupplements.be\\\/fr\\\/\"},{\"@type\":\"ListItem\",\"position\":2,\"name\":\"Boutique\",\"item\":\"https:\\\/\\\/ecosupplements.be\\\/fr\\\/boutique\\\/\"},{\"@type\":\"ListItem\",\"position\":3,\"name\":\"Zein Pharma &#8211; Taurine, 500 mg &#8211; 120 g\u00e9lules v\u00e9g\u00e9tales\"}]},{\"@type\":\"WebSite\",\"@id\":\"https:\\\/\\\/ecosupplements.be\\\/fr\\\/#website\",\"url\":\"https:\\\/\\\/ecosupplements.be\\\/fr\\\/\",\"name\":\"ECO Supplements\",\"description\":\"Eco Supplements - Gezonde supplementen\",\"publisher\":{\"@id\":\"https:\\\/\\\/ecosupplements.be\\\/fr\\\/#organization\"},\"potentialAction\":[{\"@type\":\"SearchAction\",\"target\":{\"@type\":\"EntryPoint\",\"urlTemplate\":\"https:\\\/\\\/ecosupplements.be\\\/fr\\\/?s={search_term_string}\"},\"query-input\":{\"@type\":\"PropertyValueSpecification\",\"valueRequired\":true,\"valueName\":\"search_term_string\"}}],\"inLanguage\":\"fr-FR\"},{\"@type\":\"Organization\",\"@id\":\"https:\\\/\\\/ecosupplements.be\\\/fr\\\/#organization\",\"name\":\"Eco Supplements\",\"url\":\"https:\\\/\\\/ecosupplements.be\\\/fr\\\/\",\"logo\":{\"@type\":\"ImageObject\",\"inLanguage\":\"fr-FR\",\"@id\":\"https:\\\/\\\/ecosupplements.be\\\/fr\\\/#\\\/schema\\\/logo\\\/image\\\/\",\"url\":\"https:\\\/\\\/ecosupplements.be\\\/wp-content\\\/uploads\\\/2022\\\/06\\\/ecosupplement-family.png\",\"contentUrl\":\"https:\\\/\\\/ecosupplements.be\\\/wp-content\\\/uploads\\\/2022\\\/06\\\/ecosupplement-family.png\",\"width\":593,\"height\":374,\"caption\":\"Eco Supplements\"},\"image\":{\"@id\":\"https:\\\/\\\/ecosupplements.be\\\/fr\\\/#\\\/schema\\\/logo\\\/image\\\/\"}}]}<\/script>\n<meta property=\"product:brand\" content=\"Zein Pharma\" \/>\n<meta property=\"product:price:amount\" content=\"13.29\" \/>\n<meta property=\"product:price:currency\" content=\"EUR\" \/>\n<meta property=\"og:availability\" content=\"instock\" \/>\n<meta property=\"product:availability\" content=\"instock\" \/>\n<meta property=\"product:retailer_item_id\" content=\"4260085385058\" \/>\n<meta property=\"product:condition\" content=\"new\" \/>\n<!-- \/ Yoast SEO Premium plugin. -->","yoast_head_json":{"title":"Zein Pharma - Taurine, 500 mg - 120 g\u00e9lules v\u00e9g\u00e9tales - ECO Supplements","description":"Wij hebben een ruime keuze aan producten van Zein Pharma - Taurine, 500 mg - 120 g\u00e9lules v\u00e9g\u00e9tales . Winkel bij Eco Supplements altijd gratis verzending boven 100\u20ac","robots":{"index":"index","follow":"follow","max-snippet":"max-snippet:-1","max-image-preview":"max-image-preview:large","max-video-preview":"max-video-preview:-1"},"canonical":"https:\/\/ecosupplements.be\/fr\/produit\/zein-pharma-taurine-500mg-120-vcaps\/","og_locale":"fr_FR","og_type":"article","og_title":"Zein Pharma - Taurine, 500 mg - 120 g\u00e9lules v\u00e9g\u00e9tales","og_description":"Wij hebben een ruime keuze aan producten van Zein Pharma - Taurine, 500 mg - 120 g\u00e9lules v\u00e9g\u00e9tales . Winkel bij Eco Supplements altijd gratis verzending boven 100\u20ac","og_url":"https:\/\/ecosupplements.be\/fr\/produit\/zein-pharma-taurine-500mg-120-vcaps\/","og_site_name":"ECO Supplements","article_modified_time":"2025-08-27T14:40:25+00:00","og_image":[{"width":753,"height":740,"url":"https:\/\/ecosupplements.be\/wp-content\/uploads\/2025\/08\/Zein-Pharma-Taurine-500mg-120-vcaps.jpg","type":"image\/jpeg"}],"twitter_card":"summary_large_image","twitter_misc":{"Prix":"13.29&nbsp;&euro;","Disponibilit\u00e9":"En stock"},"schema":{"@context":"https:\/\/schema.org","@graph":[{"@type":["WebPage","ItemPage"],"@id":"https:\/\/ecosupplements.be\/fr\/produit\/zein-pharma-taurine-500mg-120-vcaps\/","url":"https:\/\/ecosupplements.be\/fr\/produit\/zein-pharma-taurine-500mg-120-vcaps\/","name":"Zein Pharma - Taurine, 500 mg - 120 g\u00e9lules v\u00e9g\u00e9tales - ECO Supplements","isPartOf":{"@id":"https:\/\/ecosupplements.be\/fr\/#website"},"primaryImageOfPage":{"@id":"https:\/\/ecosupplements.be\/fr\/produit\/zein-pharma-taurine-500mg-120-vcaps\/#primaryimage"},"image":{"@id":"https:\/\/ecosupplements.be\/fr\/produit\/zein-pharma-taurine-500mg-120-vcaps\/#primaryimage"},"thumbnailUrl":"https:\/\/ecosupplements.be\/wp-content\/uploads\/2025\/08\/Taurine-500mg-120-vcaps.jpg","datePublished":"2024-03-12T15:20:27+00:00","dateModified":"2025-08-27T14:40:25+00:00","description":"Wij hebben een ruime keuze aan producten van Zein Pharma - Taurine, 500 mg - 120 g\u00e9lules v\u00e9g\u00e9tales . Winkel bij Eco Supplements altijd gratis verzending boven 100\u20ac","breadcrumb":{"@id":"https:\/\/ecosupplements.be\/fr\/produit\/zein-pharma-taurine-500mg-120-vcaps\/#breadcrumb"},"inLanguage":"fr-FR","potentialAction":[{"@type":"ReadAction","target":["https:\/\/ecosupplements.be\/fr\/produit\/zein-pharma-taurine-500mg-120-vcaps\/"]}]},{"@type":"ImageObject","inLanguage":"fr-FR","@id":"https:\/\/ecosupplements.be\/fr\/produit\/zein-pharma-taurine-500mg-120-vcaps\/#primaryimage","url":"https:\/\/ecosupplements.be\/wp-content\/uploads\/2025\/08\/Taurine-500mg-120-vcaps.jpg","contentUrl":"https:\/\/ecosupplements.be\/wp-content\/uploads\/2025\/08\/Taurine-500mg-120-vcaps.jpg","width":753,"height":740},{"@type":"BreadcrumbList","@id":"https:\/\/ecosupplements.be\/fr\/produit\/zein-pharma-taurine-500mg-120-vcaps\/#breadcrumb","itemListElement":[{"@type":"ListItem","position":1,"name":"Home","item":"https:\/\/ecosupplements.be\/fr\/"},{"@type":"ListItem","position":2,"name":"Boutique","item":"https:\/\/ecosupplements.be\/fr\/boutique\/"},{"@type":"ListItem","position":3,"name":"Zein Pharma &#8211; Taurine, 500 mg &#8211; 120 g\u00e9lules v\u00e9g\u00e9tales"}]},{"@type":"WebSite","@id":"https:\/\/ecosupplements.be\/fr\/#website","url":"https:\/\/ecosupplements.be\/fr\/","name":"ECO Supplements","description":"Eco Supplements - Gezonde supplementen","publisher":{"@id":"https:\/\/ecosupplements.be\/fr\/#organization"},"potentialAction":[{"@type":"SearchAction","target":{"@type":"EntryPoint","urlTemplate":"https:\/\/ecosupplements.be\/fr\/?s={search_term_string}"},"query-input":{"@type":"PropertyValueSpecification","valueRequired":true,"valueName":"search_term_string"}}],"inLanguage":"fr-FR"},{"@type":"Organization","@id":"https:\/\/ecosupplements.be\/fr\/#organization","name":"Eco Supplements","url":"https:\/\/ecosupplements.be\/fr\/","logo":{"@type":"ImageObject","inLanguage":"fr-FR","@id":"https:\/\/ecosupplements.be\/fr\/#\/schema\/logo\/image\/","url":"https:\/\/ecosupplements.be\/wp-content\/uploads\/2022\/06\/ecosupplement-family.png","contentUrl":"https:\/\/ecosupplements.be\/wp-content\/uploads\/2022\/06\/ecosupplement-family.png","width":593,"height":374,"caption":"Eco Supplements"},"image":{"@id":"https:\/\/ecosupplements.be\/fr\/#\/schema\/logo\/image\/"}}]},"product_brand":"Zein Pharma","product_price_amount":"13.29","product_price_currency":"EUR","og_availability":"instock","product_availability":"instock","product_retailer_item_id":"4260085385058","product_condition":"new"},"_links":{"self":[{"href":"https:\/\/ecosupplements.be\/fr\/wp-json\/wp\/v2\/product\/291992","targetHints":{"allow":["GET"]}}],"collection":[{"href":"https:\/\/ecosupplements.be\/fr\/wp-json\/wp\/v2\/product"}],"about":[{"href":"https:\/\/ecosupplements.be\/fr\/wp-json\/wp\/v2\/types\/product"}],"replies":[{"embeddable":true,"href":"https:\/\/ecosupplements.be\/fr\/wp-json\/wp\/v2\/comments?post=291992"}],"wp:featuredmedia":[{"embeddable":true,"href":"https:\/\/ecosupplements.be\/fr\/wp-json\/wp\/v2\/media\/265195"}],"wp:attachment":[{"href":"https:\/\/ecosupplements.be\/fr\/wp-json\/wp\/v2\/media?parent=291992"}],"wp:term":[{"taxonomy":"product_brand","embeddable":true,"href":"https:\/\/ecosupplements.be\/fr\/wp-json\/wp\/v2\/product_brand?post=291992"},{"taxonomy":"product_cat","embeddable":true,"href":"https:\/\/ecosupplements.be\/fr\/wp-json\/wp\/v2\/product_cat?post=291992"},{"taxonomy":"product_tag","embeddable":true,"href":"https:\/\/ecosupplements.be\/fr\/wp-json\/wp\/v2\/product_tag?post=291992"}],"curies":[{"name":"wp","href":"https:\/\/api.w.org\/{rel}","templated":true}]}}