{"id":292046,"date":"2025-04-13T17:22:20","date_gmt":"2025-04-13T16:22:20","guid":{"rendered":"https:\/\/ecosupplements.be\/product\/zoe-nutrition-marine-collagen-lemon-300g\/"},"modified":"2025-08-27T15:41:16","modified_gmt":"2025-08-27T14:41:16","slug":"zoe-nutrition-marine-collagen-lemon-300g","status":"publish","type":"product","link":"https:\/\/ecosupplements.be\/fr\/produit\/zoe-nutrition-marine-collagen-lemon-300g\/","title":{"rendered":"ZOE Nutrition &#8211; Collag\u00e8ne Marin, Citron &#8211; 300g"},"content":{"rendered":"<h2>ZOE Nutrition &#8211; Collag\u00e8ne Marin, Citron &#8211; 300g<\/h2>\n<p>D\u00e9couvrez le <strong>Collag\u00e8ne Marin au go\u00fbt de Citron<\/strong> de ZOE Nutrition, un choix parfait pour ceux qui appr\u00e9cient les ingr\u00e9dients naturels dans leur quotidien. Ce produit est \u00e9labor\u00e9 \u00e0 partir de sources marines pures,s\u00e9lectionn\u00e9es avec soin en Croatie.<\/p>\n<p>Ce collag\u00e8ne marin est pr\u00e9sent\u00e9 sous forme de poudre facile \u00e0 dissoudre et agr\u00e9ment\u00e9e d&#8217;une touche rafra\u00eechissante de citron. Chaque paquet contient 300g du produit, id\u00e9al pour une utilisation r\u00e9guli\u00e8re.<\/p>\n<p><strong>Ingr\u00e9dients principaux :<\/strong> Collag\u00e8ne extrait de sources marines, ar\u00f4me naturel de citron pour une exp\u00e9rience gustative agr\u00e9able.<\/p>\n<p><strong>utilisation :<\/strong> Int\u00e9grez simplement la dose recommand\u00e9e dans votre boisson pr\u00e9f\u00e9r\u00e9e ou suivez les instructions sur l&#8217;emballage pour une incorporation facile dans votre routine quotidienne.<\/p>\n<p>Ce collag\u00e8ne marin ne se contente pas d&#8217;\u00eatre pratique; il s&#8217;int\u00e8gre harmonieusement \u00e0 un style de vie actif et \u00e9quilibr\u00e9 gr\u00e2ce \u00e0 sa composition pure et son origine naturelle. Profitez chaque jour d&#8217;un produit au format pratique et au go\u00fbt exquis sans compromis sur la qualit\u00e9.<\/p>\n","protected":false},"excerpt":{"rendered":"<p>ZOE Nutrition &#8211; Collag\u00e8ne Marin, Citron &#8211; 300g D\u00e9couvrez le Collag\u00e8ne Marin au go\u00fbt de Citron de ZOE Nutrition, un choix parfait pour ceux qui appr\u00e9cient les ingr\u00e9dients naturels dans leur quotidien. Ce produit est \u00e9labor\u00e9 \u00e0 partir de sources marines pures,s\u00e9lectionn\u00e9es avec soin en Croatie. Ce collag\u00e8ne marin est pr\u00e9sent\u00e9 sous forme de poudre [&#8230;]\n","protected":false},"featured_media":292047,"comment_status":"closed","ping_status":"open","template":"","meta":[],"product_brand":[4774],"product_cat":[5052],"product_tag":[],"class_list":{"0":"post-292046","1":"product","2":"type-product","3":"status-publish","4":"has-post-thumbnail","6":"product_brand-zoe-nutrition-2","7":"product_cat-sante-et-bien-etre","9":"first","10":"instock","11":"taxable","12":"shipping-taxable","13":"purchasable","14":"product-type-simple"},"yoast_head":"<!-- This site is optimized with the Yoast SEO Premium plugin v27.3 (Yoast SEO v27.3) - https:\/\/yoast.com\/product\/yoast-seo-premium-wordpress\/ -->\n<title>ZOE Nutrition - Collag\u00e8ne Marin, Citron - 300g - ECO Supplements<\/title>\n<meta name=\"description\" content=\"Wij hebben een ruime keuze aan producten van ZOE Nutrition - Collag\u00e8ne Marin, Citron - 300g . Winkel bij Eco Supplements altijd gratis verzending boven 100\u20ac\" \/>\n<meta name=\"robots\" content=\"index, follow, max-snippet:-1, max-image-preview:large, max-video-preview:-1\" \/>\n<link rel=\"canonical\" href=\"https:\/\/ecosupplements.be\/fr\/produit\/zoe-nutrition-marine-collagen-lemon-300g\/\" \/>\n<meta property=\"og:locale\" content=\"fr_FR\" \/>\n<meta property=\"og:type\" content=\"article\" \/>\n<meta property=\"og:title\" content=\"ZOE Nutrition - Collag\u00e8ne Marin, Citron - 300g\" \/>\n<meta property=\"og:description\" content=\"Wij hebben een ruime keuze aan producten van ZOE Nutrition - Collag\u00e8ne Marin, Citron - 300g . Winkel bij Eco Supplements altijd gratis verzending boven 100\u20ac\" \/>\n<meta property=\"og:url\" content=\"https:\/\/ecosupplements.be\/fr\/produit\/zoe-nutrition-marine-collagen-lemon-300g\/\" \/>\n<meta property=\"og:site_name\" content=\"ECO Supplements\" \/>\n<meta property=\"article:modified_time\" content=\"2025-08-27T14:41:16+00:00\" \/>\n<meta property=\"og:image\" content=\"https:\/\/ecosupplements.be\/wp-content\/uploads\/2025\/08\/ZOE-Nutrition-Marine-Collagen-Lemon-300g.jpg\" \/>\n\t<meta property=\"og:image:width\" content=\"406\" \/>\n\t<meta property=\"og:image:height\" content=\"560\" \/>\n\t<meta property=\"og:image:type\" content=\"image\/jpeg\" \/>\n<meta name=\"twitter:card\" content=\"summary_large_image\" \/>\n<meta name=\"twitter:label1\" content=\"Prix\" \/>\n\t<meta name=\"twitter:data1\" content=\"40.47&nbsp;&euro;\" \/>\n\t<meta name=\"twitter:label2\" content=\"Disponibilit\u00e9\" \/>\n\t<meta name=\"twitter:data2\" content=\"En stock\" \/>\n<script type=\"application\/ld+json\" class=\"yoast-schema-graph\">{\"@context\":\"https:\\\/\\\/schema.org\",\"@graph\":[{\"@type\":[\"WebPage\",\"ItemPage\"],\"@id\":\"https:\\\/\\\/ecosupplements.be\\\/fr\\\/produit\\\/zoe-nutrition-marine-collagen-lemon-300g\\\/\",\"url\":\"https:\\\/\\\/ecosupplements.be\\\/fr\\\/produit\\\/zoe-nutrition-marine-collagen-lemon-300g\\\/\",\"name\":\"ZOE Nutrition - Collag\u00e8ne Marin, Citron - 300g - ECO Supplements\",\"isPartOf\":{\"@id\":\"https:\\\/\\\/ecosupplements.be\\\/fr\\\/#website\"},\"primaryImageOfPage\":{\"@id\":\"https:\\\/\\\/ecosupplements.be\\\/fr\\\/produit\\\/zoe-nutrition-marine-collagen-lemon-300g\\\/#primaryimage\"},\"image\":{\"@id\":\"https:\\\/\\\/ecosupplements.be\\\/fr\\\/produit\\\/zoe-nutrition-marine-collagen-lemon-300g\\\/#primaryimage\"},\"thumbnailUrl\":\"https:\\\/\\\/ecosupplements.be\\\/wp-content\\\/uploads\\\/2025\\\/08\\\/ZOE-Nutrition-Marine-Collagen-Lemon-300g.jpg\",\"datePublished\":\"2025-04-13T16:22:20+00:00\",\"dateModified\":\"2025-08-27T14:41:16+00:00\",\"description\":\"Wij hebben een ruime keuze aan producten van ZOE Nutrition - Collag\u00e8ne Marin, Citron - 300g . Winkel bij Eco Supplements altijd gratis verzending boven 100\u20ac\",\"breadcrumb\":{\"@id\":\"https:\\\/\\\/ecosupplements.be\\\/fr\\\/produit\\\/zoe-nutrition-marine-collagen-lemon-300g\\\/#breadcrumb\"},\"inLanguage\":\"fr-FR\",\"potentialAction\":[{\"@type\":\"ReadAction\",\"target\":[\"https:\\\/\\\/ecosupplements.be\\\/fr\\\/produit\\\/zoe-nutrition-marine-collagen-lemon-300g\\\/\"]}]},{\"@type\":\"ImageObject\",\"inLanguage\":\"fr-FR\",\"@id\":\"https:\\\/\\\/ecosupplements.be\\\/fr\\\/produit\\\/zoe-nutrition-marine-collagen-lemon-300g\\\/#primaryimage\",\"url\":\"https:\\\/\\\/ecosupplements.be\\\/wp-content\\\/uploads\\\/2025\\\/08\\\/ZOE-Nutrition-Marine-Collagen-Lemon-300g.jpg\",\"contentUrl\":\"https:\\\/\\\/ecosupplements.be\\\/wp-content\\\/uploads\\\/2025\\\/08\\\/ZOE-Nutrition-Marine-Collagen-Lemon-300g.jpg\",\"width\":406,\"height\":560},{\"@type\":\"BreadcrumbList\",\"@id\":\"https:\\\/\\\/ecosupplements.be\\\/fr\\\/produit\\\/zoe-nutrition-marine-collagen-lemon-300g\\\/#breadcrumb\",\"itemListElement\":[{\"@type\":\"ListItem\",\"position\":1,\"name\":\"Home\",\"item\":\"https:\\\/\\\/ecosupplements.be\\\/fr\\\/\"},{\"@type\":\"ListItem\",\"position\":2,\"name\":\"Boutique\",\"item\":\"https:\\\/\\\/ecosupplements.be\\\/fr\\\/boutique\\\/\"},{\"@type\":\"ListItem\",\"position\":3,\"name\":\"ZOE Nutrition &#8211; Collag\u00e8ne Marin, Citron &#8211; 300g\"}]},{\"@type\":\"WebSite\",\"@id\":\"https:\\\/\\\/ecosupplements.be\\\/fr\\\/#website\",\"url\":\"https:\\\/\\\/ecosupplements.be\\\/fr\\\/\",\"name\":\"ECO Supplements\",\"description\":\"Eco Supplements - Gezonde supplementen\",\"publisher\":{\"@id\":\"https:\\\/\\\/ecosupplements.be\\\/fr\\\/#organization\"},\"potentialAction\":[{\"@type\":\"SearchAction\",\"target\":{\"@type\":\"EntryPoint\",\"urlTemplate\":\"https:\\\/\\\/ecosupplements.be\\\/fr\\\/?s={search_term_string}\"},\"query-input\":{\"@type\":\"PropertyValueSpecification\",\"valueRequired\":true,\"valueName\":\"search_term_string\"}}],\"inLanguage\":\"fr-FR\"},{\"@type\":\"Organization\",\"@id\":\"https:\\\/\\\/ecosupplements.be\\\/fr\\\/#organization\",\"name\":\"Eco Supplements\",\"url\":\"https:\\\/\\\/ecosupplements.be\\\/fr\\\/\",\"logo\":{\"@type\":\"ImageObject\",\"inLanguage\":\"fr-FR\",\"@id\":\"https:\\\/\\\/ecosupplements.be\\\/fr\\\/#\\\/schema\\\/logo\\\/image\\\/\",\"url\":\"https:\\\/\\\/ecosupplements.be\\\/wp-content\\\/uploads\\\/2022\\\/06\\\/ecosupplement-family.png\",\"contentUrl\":\"https:\\\/\\\/ecosupplements.be\\\/wp-content\\\/uploads\\\/2022\\\/06\\\/ecosupplement-family.png\",\"width\":593,\"height\":374,\"caption\":\"Eco Supplements\"},\"image\":{\"@id\":\"https:\\\/\\\/ecosupplements.be\\\/fr\\\/#\\\/schema\\\/logo\\\/image\\\/\"}}]}<\/script>\n<meta property=\"product:brand\" content=\"ZOE Nutrition\" \/>\n<meta property=\"product:price:amount\" content=\"40.47\" \/>\n<meta property=\"product:price:currency\" content=\"EUR\" \/>\n<meta property=\"og:availability\" content=\"instock\" \/>\n<meta property=\"product:availability\" content=\"instock\" \/>\n<meta property=\"product:retailer_item_id\" content=\"3856026710280\" \/>\n<meta property=\"product:condition\" content=\"new\" \/>\n<!-- \/ Yoast SEO Premium plugin. -->","yoast_head_json":{"title":"ZOE Nutrition - Collag\u00e8ne Marin, Citron - 300g - ECO Supplements","description":"Wij hebben een ruime keuze aan producten van ZOE Nutrition - Collag\u00e8ne Marin, Citron - 300g . Winkel bij Eco Supplements altijd gratis verzending boven 100\u20ac","robots":{"index":"index","follow":"follow","max-snippet":"max-snippet:-1","max-image-preview":"max-image-preview:large","max-video-preview":"max-video-preview:-1"},"canonical":"https:\/\/ecosupplements.be\/fr\/produit\/zoe-nutrition-marine-collagen-lemon-300g\/","og_locale":"fr_FR","og_type":"article","og_title":"ZOE Nutrition - Collag\u00e8ne Marin, Citron - 300g","og_description":"Wij hebben een ruime keuze aan producten van ZOE Nutrition - Collag\u00e8ne Marin, Citron - 300g . Winkel bij Eco Supplements altijd gratis verzending boven 100\u20ac","og_url":"https:\/\/ecosupplements.be\/fr\/produit\/zoe-nutrition-marine-collagen-lemon-300g\/","og_site_name":"ECO Supplements","article_modified_time":"2025-08-27T14:41:16+00:00","og_image":[{"width":406,"height":560,"url":"https:\/\/ecosupplements.be\/wp-content\/uploads\/2025\/08\/ZOE-Nutrition-Marine-Collagen-Lemon-300g.jpg","type":"image\/jpeg"}],"twitter_card":"summary_large_image","twitter_misc":{"Prix":"40.47&nbsp;&euro;","Disponibilit\u00e9":"En stock"},"schema":{"@context":"https:\/\/schema.org","@graph":[{"@type":["WebPage","ItemPage"],"@id":"https:\/\/ecosupplements.be\/fr\/produit\/zoe-nutrition-marine-collagen-lemon-300g\/","url":"https:\/\/ecosupplements.be\/fr\/produit\/zoe-nutrition-marine-collagen-lemon-300g\/","name":"ZOE Nutrition - Collag\u00e8ne Marin, Citron - 300g - ECO Supplements","isPartOf":{"@id":"https:\/\/ecosupplements.be\/fr\/#website"},"primaryImageOfPage":{"@id":"https:\/\/ecosupplements.be\/fr\/produit\/zoe-nutrition-marine-collagen-lemon-300g\/#primaryimage"},"image":{"@id":"https:\/\/ecosupplements.be\/fr\/produit\/zoe-nutrition-marine-collagen-lemon-300g\/#primaryimage"},"thumbnailUrl":"https:\/\/ecosupplements.be\/wp-content\/uploads\/2025\/08\/ZOE-Nutrition-Marine-Collagen-Lemon-300g.jpg","datePublished":"2025-04-13T16:22:20+00:00","dateModified":"2025-08-27T14:41:16+00:00","description":"Wij hebben een ruime keuze aan producten van ZOE Nutrition - Collag\u00e8ne Marin, Citron - 300g . Winkel bij Eco Supplements altijd gratis verzending boven 100\u20ac","breadcrumb":{"@id":"https:\/\/ecosupplements.be\/fr\/produit\/zoe-nutrition-marine-collagen-lemon-300g\/#breadcrumb"},"inLanguage":"fr-FR","potentialAction":[{"@type":"ReadAction","target":["https:\/\/ecosupplements.be\/fr\/produit\/zoe-nutrition-marine-collagen-lemon-300g\/"]}]},{"@type":"ImageObject","inLanguage":"fr-FR","@id":"https:\/\/ecosupplements.be\/fr\/produit\/zoe-nutrition-marine-collagen-lemon-300g\/#primaryimage","url":"https:\/\/ecosupplements.be\/wp-content\/uploads\/2025\/08\/ZOE-Nutrition-Marine-Collagen-Lemon-300g.jpg","contentUrl":"https:\/\/ecosupplements.be\/wp-content\/uploads\/2025\/08\/ZOE-Nutrition-Marine-Collagen-Lemon-300g.jpg","width":406,"height":560},{"@type":"BreadcrumbList","@id":"https:\/\/ecosupplements.be\/fr\/produit\/zoe-nutrition-marine-collagen-lemon-300g\/#breadcrumb","itemListElement":[{"@type":"ListItem","position":1,"name":"Home","item":"https:\/\/ecosupplements.be\/fr\/"},{"@type":"ListItem","position":2,"name":"Boutique","item":"https:\/\/ecosupplements.be\/fr\/boutique\/"},{"@type":"ListItem","position":3,"name":"ZOE Nutrition &#8211; Collag\u00e8ne Marin, Citron &#8211; 300g"}]},{"@type":"WebSite","@id":"https:\/\/ecosupplements.be\/fr\/#website","url":"https:\/\/ecosupplements.be\/fr\/","name":"ECO Supplements","description":"Eco Supplements - Gezonde supplementen","publisher":{"@id":"https:\/\/ecosupplements.be\/fr\/#organization"},"potentialAction":[{"@type":"SearchAction","target":{"@type":"EntryPoint","urlTemplate":"https:\/\/ecosupplements.be\/fr\/?s={search_term_string}"},"query-input":{"@type":"PropertyValueSpecification","valueRequired":true,"valueName":"search_term_string"}}],"inLanguage":"fr-FR"},{"@type":"Organization","@id":"https:\/\/ecosupplements.be\/fr\/#organization","name":"Eco Supplements","url":"https:\/\/ecosupplements.be\/fr\/","logo":{"@type":"ImageObject","inLanguage":"fr-FR","@id":"https:\/\/ecosupplements.be\/fr\/#\/schema\/logo\/image\/","url":"https:\/\/ecosupplements.be\/wp-content\/uploads\/2022\/06\/ecosupplement-family.png","contentUrl":"https:\/\/ecosupplements.be\/wp-content\/uploads\/2022\/06\/ecosupplement-family.png","width":593,"height":374,"caption":"Eco Supplements"},"image":{"@id":"https:\/\/ecosupplements.be\/fr\/#\/schema\/logo\/image\/"}}]},"product_brand":"ZOE Nutrition","product_price_amount":"40.47","product_price_currency":"EUR","og_availability":"instock","product_availability":"instock","product_retailer_item_id":"3856026710280","product_condition":"new"},"_links":{"self":[{"href":"https:\/\/ecosupplements.be\/fr\/wp-json\/wp\/v2\/product\/292046","targetHints":{"allow":["GET"]}}],"collection":[{"href":"https:\/\/ecosupplements.be\/fr\/wp-json\/wp\/v2\/product"}],"about":[{"href":"https:\/\/ecosupplements.be\/fr\/wp-json\/wp\/v2\/types\/product"}],"replies":[{"embeddable":true,"href":"https:\/\/ecosupplements.be\/fr\/wp-json\/wp\/v2\/comments?post=292046"}],"wp:featuredmedia":[{"embeddable":true,"href":"https:\/\/ecosupplements.be\/fr\/wp-json\/wp\/v2\/media\/292047"}],"wp:attachment":[{"href":"https:\/\/ecosupplements.be\/fr\/wp-json\/wp\/v2\/media?parent=292046"}],"wp:term":[{"taxonomy":"product_brand","embeddable":true,"href":"https:\/\/ecosupplements.be\/fr\/wp-json\/wp\/v2\/product_brand?post=292046"},{"taxonomy":"product_cat","embeddable":true,"href":"https:\/\/ecosupplements.be\/fr\/wp-json\/wp\/v2\/product_cat?post=292046"},{"taxonomy":"product_tag","embeddable":true,"href":"https:\/\/ecosupplements.be\/fr\/wp-json\/wp\/v2\/product_tag?post=292046"}],"curies":[{"name":"wp","href":"https:\/\/api.w.org\/{rel}","templated":true}]}}