{"id":292212,"date":"2025-04-13T17:31:29","date_gmt":"2025-04-13T16:31:29","guid":{"rendered":"https:\/\/ecosupplements.be\/product\/now-melatonin-5-mg-180caps\/"},"modified":"2025-08-27T15:43:20","modified_gmt":"2025-08-27T14:43:20","slug":"now-melatonin-5-mg-180caps","status":"publish","type":"product","link":"https:\/\/ecosupplements.be\/fr\/produit\/now-melatonin-5-mg-180caps\/","title":{"rendered":"MAINTENANT &#8211; M\u00e9latonine 5 mg &#8211; 180 g\u00e9lules"},"content":{"rendered":"<h2>Description du Produit<\/h2>\n<p><strong>nom du produit :<\/strong> NOW &#8211; Melatonin 5 mg &#8211; 180 capsules v\u00e9g\u00e9tariennes<\/p>\n<p>Ce produit est con\u00e7u pour ceux qui appr\u00e9cient les ingr\u00e9dients de haute qualit\u00e9 et d&#8217;origine naturelle. Chaque capsule contient 5 mg de m\u00e9latonine, accompagn\u00e9e de cellulose microcristalline, hypromellose (capsule de cellulose) et st\u00e9arate de magn\u00e9sium (source v\u00e9g\u00e9tale), garantissant une formulation simple sans OGM, gluten, noix, produits laitiers ou soja.<\/p>\n<p><strong>Ingr\u00e9dients principaux :<\/strong> M\u00e9latonine, cellulose microcristalline, hypromellose, st\u00e9arate de magn\u00e9sium.<\/p>\n<p><strong>Contenu et emballage :<\/strong> Le produit est pr\u00e9sent\u00e9 dans un emballage contenant 180 capsules v\u00e9g\u00e9tariennes.<\/p>\n<p><strong>Utilisation :<\/strong> Suivre les indications sur l&#8217;emballage pour le dosage quotidien recommand\u00e9.<\/p>\n<p>ces capsules sont fabriqu\u00e9es avec des composants purs et sont con\u00e7ues pour \u00eatre int\u00e9gr\u00e9es facilement dans votre routine quotidienne. Elles offrent une solution pratique sans saveur ajout\u00e9e ni conservateurs artificiels. la couleur naturelle des capsules peut varier l\u00e9g\u00e8rement en raison des ingr\u00e9dients naturels utilis\u00e9s.<\/p>\n<p>Ce produit est un choix parfait pour ceux qui recherchent une option pratique et naturelle dans leur quotidien.<\/p>\n","protected":false},"excerpt":{"rendered":"<p>Description du Produit nom du produit : NOW &#8211; Melatonin 5 mg &#8211; 180 capsules v\u00e9g\u00e9tariennes Ce produit est con\u00e7u pour ceux qui appr\u00e9cient les ingr\u00e9dients de haute qualit\u00e9 et d&#8217;origine naturelle. Chaque capsule contient 5 mg de m\u00e9latonine, accompagn\u00e9e de cellulose microcristalline, hypromellose (capsule de cellulose) et st\u00e9arate de magn\u00e9sium (source v\u00e9g\u00e9tale), garantissant une [&#8230;]\n","protected":false},"featured_media":268738,"comment_status":"closed","ping_status":"open","template":"","meta":[],"product_brand":[4736],"product_cat":[],"product_tag":[],"class_list":{"0":"post-292212","1":"product","2":"type-product","3":"status-publish","4":"has-post-thumbnail","6":"product_brand-now-2","8":"first","9":"instock","10":"taxable","11":"shipping-taxable","12":"purchasable","13":"product-type-simple"},"yoast_head":"<!-- This site is optimized with the Yoast SEO Premium plugin v27.3 (Yoast SEO v27.3) - https:\/\/yoast.com\/product\/yoast-seo-premium-wordpress\/ -->\n<title>MAINTENANT - M\u00e9latonine 5 mg - 180 g\u00e9lules - ECO Supplements<\/title>\n<meta name=\"description\" content=\"Wij hebben een ruime keuze aan producten van MAINTENANT - M\u00e9latonine 5 mg - 180 g\u00e9lules . Winkel bij Eco Supplements altijd gratis verzending boven 100\u20ac\" \/>\n<meta name=\"robots\" content=\"index, follow, max-snippet:-1, max-image-preview:large, max-video-preview:-1\" \/>\n<link rel=\"canonical\" href=\"https:\/\/ecosupplements.be\/fr\/produit\/now-melatonin-5-mg-180caps\/\" \/>\n<meta property=\"og:locale\" content=\"fr_FR\" \/>\n<meta property=\"og:type\" content=\"article\" \/>\n<meta property=\"og:title\" content=\"MAINTENANT - M\u00e9latonine 5 mg - 180 g\u00e9lules\" \/>\n<meta property=\"og:description\" content=\"Wij hebben een ruime keuze aan producten van MAINTENANT - M\u00e9latonine 5 mg - 180 g\u00e9lules . Winkel bij Eco Supplements altijd gratis verzending boven 100\u20ac\" \/>\n<meta property=\"og:url\" content=\"https:\/\/ecosupplements.be\/fr\/produit\/now-melatonin-5-mg-180caps\/\" \/>\n<meta property=\"og:site_name\" content=\"ECO Supplements\" \/>\n<meta property=\"article:modified_time\" content=\"2025-08-27T14:43:20+00:00\" \/>\n<meta property=\"og:image\" content=\"https:\/\/ecosupplements.be\/wp-content\/uploads\/2025\/08\/NOW-Melatonin-5-mg-180caps.webp\" \/>\n\t<meta property=\"og:image:width\" content=\"750\" \/>\n\t<meta property=\"og:image:height\" content=\"750\" \/>\n\t<meta property=\"og:image:type\" content=\"image\/webp\" \/>\n<meta name=\"twitter:card\" content=\"summary_large_image\" \/>\n<meta name=\"twitter:label1\" content=\"Prix\" \/>\n\t<meta name=\"twitter:data1\" content=\"21.20&nbsp;&euro;\" \/>\n\t<meta name=\"twitter:label2\" content=\"Disponibilit\u00e9\" \/>\n\t<meta name=\"twitter:data2\" content=\"En stock\" \/>\n<script type=\"application\/ld+json\" class=\"yoast-schema-graph\">{\"@context\":\"https:\\\/\\\/schema.org\",\"@graph\":[{\"@type\":[\"WebPage\",\"ItemPage\"],\"@id\":\"https:\\\/\\\/ecosupplements.be\\\/fr\\\/produit\\\/now-melatonin-5-mg-180caps\\\/\",\"url\":\"https:\\\/\\\/ecosupplements.be\\\/fr\\\/produit\\\/now-melatonin-5-mg-180caps\\\/\",\"name\":\"MAINTENANT - M\u00e9latonine 5 mg - 180 g\u00e9lules - ECO Supplements\",\"isPartOf\":{\"@id\":\"https:\\\/\\\/ecosupplements.be\\\/fr\\\/#website\"},\"primaryImageOfPage\":{\"@id\":\"https:\\\/\\\/ecosupplements.be\\\/fr\\\/produit\\\/now-melatonin-5-mg-180caps\\\/#primaryimage\"},\"image\":{\"@id\":\"https:\\\/\\\/ecosupplements.be\\\/fr\\\/produit\\\/now-melatonin-5-mg-180caps\\\/#primaryimage\"},\"thumbnailUrl\":\"https:\\\/\\\/ecosupplements.be\\\/wp-content\\\/uploads\\\/2025\\\/08\\\/Now-Foods-Melatonin-5-mg-180-Veg-Capsules.webp\",\"datePublished\":\"2025-04-13T16:31:29+00:00\",\"dateModified\":\"2025-08-27T14:43:20+00:00\",\"description\":\"Wij hebben een ruime keuze aan producten van MAINTENANT - M\u00e9latonine 5 mg - 180 g\u00e9lules . Winkel bij Eco Supplements altijd gratis verzending boven 100\u20ac\",\"breadcrumb\":{\"@id\":\"https:\\\/\\\/ecosupplements.be\\\/fr\\\/produit\\\/now-melatonin-5-mg-180caps\\\/#breadcrumb\"},\"inLanguage\":\"fr-FR\",\"potentialAction\":[{\"@type\":\"ReadAction\",\"target\":[\"https:\\\/\\\/ecosupplements.be\\\/fr\\\/produit\\\/now-melatonin-5-mg-180caps\\\/\"]}]},{\"@type\":\"ImageObject\",\"inLanguage\":\"fr-FR\",\"@id\":\"https:\\\/\\\/ecosupplements.be\\\/fr\\\/produit\\\/now-melatonin-5-mg-180caps\\\/#primaryimage\",\"url\":\"https:\\\/\\\/ecosupplements.be\\\/wp-content\\\/uploads\\\/2025\\\/08\\\/Now-Foods-Melatonin-5-mg-180-Veg-Capsules.webp\",\"contentUrl\":\"https:\\\/\\\/ecosupplements.be\\\/wp-content\\\/uploads\\\/2025\\\/08\\\/Now-Foods-Melatonin-5-mg-180-Veg-Capsules.webp\",\"width\":1000,\"height\":1000},{\"@type\":\"BreadcrumbList\",\"@id\":\"https:\\\/\\\/ecosupplements.be\\\/fr\\\/produit\\\/now-melatonin-5-mg-180caps\\\/#breadcrumb\",\"itemListElement\":[{\"@type\":\"ListItem\",\"position\":1,\"name\":\"Home\",\"item\":\"https:\\\/\\\/ecosupplements.be\\\/fr\\\/\"},{\"@type\":\"ListItem\",\"position\":2,\"name\":\"Boutique\",\"item\":\"https:\\\/\\\/ecosupplements.be\\\/fr\\\/boutique\\\/\"},{\"@type\":\"ListItem\",\"position\":3,\"name\":\"MAINTENANT &#8211; M\u00e9latonine 5 mg &#8211; 180 g\u00e9lules\"}]},{\"@type\":\"WebSite\",\"@id\":\"https:\\\/\\\/ecosupplements.be\\\/fr\\\/#website\",\"url\":\"https:\\\/\\\/ecosupplements.be\\\/fr\\\/\",\"name\":\"ECO Supplements\",\"description\":\"Eco Supplements - Gezonde supplementen\",\"publisher\":{\"@id\":\"https:\\\/\\\/ecosupplements.be\\\/fr\\\/#organization\"},\"potentialAction\":[{\"@type\":\"SearchAction\",\"target\":{\"@type\":\"EntryPoint\",\"urlTemplate\":\"https:\\\/\\\/ecosupplements.be\\\/fr\\\/?s={search_term_string}\"},\"query-input\":{\"@type\":\"PropertyValueSpecification\",\"valueRequired\":true,\"valueName\":\"search_term_string\"}}],\"inLanguage\":\"fr-FR\"},{\"@type\":\"Organization\",\"@id\":\"https:\\\/\\\/ecosupplements.be\\\/fr\\\/#organization\",\"name\":\"Eco Supplements\",\"url\":\"https:\\\/\\\/ecosupplements.be\\\/fr\\\/\",\"logo\":{\"@type\":\"ImageObject\",\"inLanguage\":\"fr-FR\",\"@id\":\"https:\\\/\\\/ecosupplements.be\\\/fr\\\/#\\\/schema\\\/logo\\\/image\\\/\",\"url\":\"https:\\\/\\\/ecosupplements.be\\\/wp-content\\\/uploads\\\/2022\\\/06\\\/ecosupplement-family.png\",\"contentUrl\":\"https:\\\/\\\/ecosupplements.be\\\/wp-content\\\/uploads\\\/2022\\\/06\\\/ecosupplement-family.png\",\"width\":593,\"height\":374,\"caption\":\"Eco Supplements\"},\"image\":{\"@id\":\"https:\\\/\\\/ecosupplements.be\\\/fr\\\/#\\\/schema\\\/logo\\\/image\\\/\"}}]}<\/script>\n<meta property=\"product:brand\" content=\"NOW\" \/>\n<meta property=\"product:price:amount\" content=\"21.20\" \/>\n<meta property=\"product:price:currency\" content=\"EUR\" \/>\n<meta property=\"og:availability\" content=\"instock\" \/>\n<meta property=\"product:availability\" content=\"instock\" \/>\n<meta property=\"product:retailer_item_id\" content=\"733739035561\" \/>\n<meta property=\"product:condition\" content=\"new\" \/>\n<!-- \/ Yoast SEO Premium plugin. -->","yoast_head_json":{"title":"MAINTENANT - M\u00e9latonine 5 mg - 180 g\u00e9lules - ECO Supplements","description":"Wij hebben een ruime keuze aan producten van MAINTENANT - M\u00e9latonine 5 mg - 180 g\u00e9lules . Winkel bij Eco Supplements altijd gratis verzending boven 100\u20ac","robots":{"index":"index","follow":"follow","max-snippet":"max-snippet:-1","max-image-preview":"max-image-preview:large","max-video-preview":"max-video-preview:-1"},"canonical":"https:\/\/ecosupplements.be\/fr\/produit\/now-melatonin-5-mg-180caps\/","og_locale":"fr_FR","og_type":"article","og_title":"MAINTENANT - M\u00e9latonine 5 mg - 180 g\u00e9lules","og_description":"Wij hebben een ruime keuze aan producten van MAINTENANT - M\u00e9latonine 5 mg - 180 g\u00e9lules . Winkel bij Eco Supplements altijd gratis verzending boven 100\u20ac","og_url":"https:\/\/ecosupplements.be\/fr\/produit\/now-melatonin-5-mg-180caps\/","og_site_name":"ECO Supplements","article_modified_time":"2025-08-27T14:43:20+00:00","og_image":[{"width":750,"height":750,"url":"https:\/\/ecosupplements.be\/wp-content\/uploads\/2025\/08\/NOW-Melatonin-5-mg-180caps.webp","type":"image\/webp"}],"twitter_card":"summary_large_image","twitter_misc":{"Prix":"21.20&nbsp;&euro;","Disponibilit\u00e9":"En stock"},"schema":{"@context":"https:\/\/schema.org","@graph":[{"@type":["WebPage","ItemPage"],"@id":"https:\/\/ecosupplements.be\/fr\/produit\/now-melatonin-5-mg-180caps\/","url":"https:\/\/ecosupplements.be\/fr\/produit\/now-melatonin-5-mg-180caps\/","name":"MAINTENANT - M\u00e9latonine 5 mg - 180 g\u00e9lules - ECO Supplements","isPartOf":{"@id":"https:\/\/ecosupplements.be\/fr\/#website"},"primaryImageOfPage":{"@id":"https:\/\/ecosupplements.be\/fr\/produit\/now-melatonin-5-mg-180caps\/#primaryimage"},"image":{"@id":"https:\/\/ecosupplements.be\/fr\/produit\/now-melatonin-5-mg-180caps\/#primaryimage"},"thumbnailUrl":"https:\/\/ecosupplements.be\/wp-content\/uploads\/2025\/08\/Now-Foods-Melatonin-5-mg-180-Veg-Capsules.webp","datePublished":"2025-04-13T16:31:29+00:00","dateModified":"2025-08-27T14:43:20+00:00","description":"Wij hebben een ruime keuze aan producten van MAINTENANT - M\u00e9latonine 5 mg - 180 g\u00e9lules . Winkel bij Eco Supplements altijd gratis verzending boven 100\u20ac","breadcrumb":{"@id":"https:\/\/ecosupplements.be\/fr\/produit\/now-melatonin-5-mg-180caps\/#breadcrumb"},"inLanguage":"fr-FR","potentialAction":[{"@type":"ReadAction","target":["https:\/\/ecosupplements.be\/fr\/produit\/now-melatonin-5-mg-180caps\/"]}]},{"@type":"ImageObject","inLanguage":"fr-FR","@id":"https:\/\/ecosupplements.be\/fr\/produit\/now-melatonin-5-mg-180caps\/#primaryimage","url":"https:\/\/ecosupplements.be\/wp-content\/uploads\/2025\/08\/Now-Foods-Melatonin-5-mg-180-Veg-Capsules.webp","contentUrl":"https:\/\/ecosupplements.be\/wp-content\/uploads\/2025\/08\/Now-Foods-Melatonin-5-mg-180-Veg-Capsules.webp","width":1000,"height":1000},{"@type":"BreadcrumbList","@id":"https:\/\/ecosupplements.be\/fr\/produit\/now-melatonin-5-mg-180caps\/#breadcrumb","itemListElement":[{"@type":"ListItem","position":1,"name":"Home","item":"https:\/\/ecosupplements.be\/fr\/"},{"@type":"ListItem","position":2,"name":"Boutique","item":"https:\/\/ecosupplements.be\/fr\/boutique\/"},{"@type":"ListItem","position":3,"name":"MAINTENANT &#8211; M\u00e9latonine 5 mg &#8211; 180 g\u00e9lules"}]},{"@type":"WebSite","@id":"https:\/\/ecosupplements.be\/fr\/#website","url":"https:\/\/ecosupplements.be\/fr\/","name":"ECO Supplements","description":"Eco Supplements - Gezonde supplementen","publisher":{"@id":"https:\/\/ecosupplements.be\/fr\/#organization"},"potentialAction":[{"@type":"SearchAction","target":{"@type":"EntryPoint","urlTemplate":"https:\/\/ecosupplements.be\/fr\/?s={search_term_string}"},"query-input":{"@type":"PropertyValueSpecification","valueRequired":true,"valueName":"search_term_string"}}],"inLanguage":"fr-FR"},{"@type":"Organization","@id":"https:\/\/ecosupplements.be\/fr\/#organization","name":"Eco Supplements","url":"https:\/\/ecosupplements.be\/fr\/","logo":{"@type":"ImageObject","inLanguage":"fr-FR","@id":"https:\/\/ecosupplements.be\/fr\/#\/schema\/logo\/image\/","url":"https:\/\/ecosupplements.be\/wp-content\/uploads\/2022\/06\/ecosupplement-family.png","contentUrl":"https:\/\/ecosupplements.be\/wp-content\/uploads\/2022\/06\/ecosupplement-family.png","width":593,"height":374,"caption":"Eco Supplements"},"image":{"@id":"https:\/\/ecosupplements.be\/fr\/#\/schema\/logo\/image\/"}}]},"product_brand":"NOW","product_price_amount":"21.20","product_price_currency":"EUR","og_availability":"instock","product_availability":"instock","product_retailer_item_id":"733739035561","product_condition":"new"},"_links":{"self":[{"href":"https:\/\/ecosupplements.be\/fr\/wp-json\/wp\/v2\/product\/292212","targetHints":{"allow":["GET"]}}],"collection":[{"href":"https:\/\/ecosupplements.be\/fr\/wp-json\/wp\/v2\/product"}],"about":[{"href":"https:\/\/ecosupplements.be\/fr\/wp-json\/wp\/v2\/types\/product"}],"replies":[{"embeddable":true,"href":"https:\/\/ecosupplements.be\/fr\/wp-json\/wp\/v2\/comments?post=292212"}],"wp:featuredmedia":[{"embeddable":true,"href":"https:\/\/ecosupplements.be\/fr\/wp-json\/wp\/v2\/media\/268738"}],"wp:attachment":[{"href":"https:\/\/ecosupplements.be\/fr\/wp-json\/wp\/v2\/media?parent=292212"}],"wp:term":[{"taxonomy":"product_brand","embeddable":true,"href":"https:\/\/ecosupplements.be\/fr\/wp-json\/wp\/v2\/product_brand?post=292212"},{"taxonomy":"product_cat","embeddable":true,"href":"https:\/\/ecosupplements.be\/fr\/wp-json\/wp\/v2\/product_cat?post=292212"},{"taxonomy":"product_tag","embeddable":true,"href":"https:\/\/ecosupplements.be\/fr\/wp-json\/wp\/v2\/product_tag?post=292212"}],"curies":[{"name":"wp","href":"https:\/\/api.w.org\/{rel}","templated":true}]}}