{"id":292215,"date":"2025-04-13T17:32:20","date_gmt":"2025-04-13T16:32:20","guid":{"rendered":"https:\/\/ecosupplements.be\/product\/now-l-glutamine-powder-5000-mg\/"},"modified":"2025-11-02T10:27:55","modified_gmt":"2025-11-02T09:27:55","slug":"now-l-glutamine-powder-5000-mg","status":"publish","type":"product","link":"https:\/\/ecosupplements.be\/fr\/produit\/now-l-glutamine-powder-5000-mg\/","title":{"rendered":"Poudre de L-Glutamine 5 000 mg"},"content":{"rendered":"<p><strong>NOW &#8211; L-Glutamine Powder 5,000 mg<\/strong> est une poudre fine qui offre une source de L-Glutamine, un acide amin\u00e9 non essentiel. Ce produit est con\u00e7u pour s&#8217;int\u00e9grer facilement \u00e0 votre quotidien gr\u00e2ce \u00e0 sa simplicit\u00e9 d&#8217;utilisation.<\/p>\n<p>Cette poudre se distingue par sa composition pure et naturelle, sans ajout d&#8217;ingr\u00e9dients superflus. Elle ne contient ni gluten, ni soja, ni produits laitiers, ni \u0153ufs, ni fruits de mer ou noix, ce qui en fait un choix id\u00e9al pour les v\u00e9g\u00e9tariens et les v\u00e9gans.<\/p>\n<ul>\n<li><strong>Ingr\u00e9dients principaux :<\/strong> L-Glutamine sous forme libre.<\/li>\n<li><strong>Contenu et emballage :<\/strong> Chaque paquet contient de la poudre pure \u00e0 m\u00e9langer.<\/li>\n<li><strong>Utilisation :<\/strong> M\u00e9langez une cuill\u00e8re arrondie dans du jus de fruit, id\u00e9alement entre les repas, une \u00e0 deux fois par jour selon vos besoins.<\/li>\n<\/ul>\n<p>Ce produit est fabriqu\u00e9 dans un \u00e9tablissement respectant les bonnes pratiques de Fabrication (GMP), garantissant ainsi sa haute qualit\u00e9.La texture fine de la poudre assure une dissolution rapide et efficace dans vos boissons pr\u00e9f\u00e9r\u00e9es pour une utilisation pratique au quotidien.<\/p>\n<p>NOW &#8211; L-Glutamine Powder 5 000 mg repr\u00e9sente un choix parfait pour ceux qui appr\u00e9cient les ingr\u00e9dients naturels dans leur routine quotidienne. Un compl\u00e9ment simple et pur adapt\u00e9 \u00e0 tous ceux qui cherchent \u00e0 enrichir leur alimentation avec facilit\u00e9 et qualit\u00e9.<\/p>\n","protected":false},"excerpt":{"rendered":"<p>NOW &#8211; L-Glutamine Powder 5,000 mg est une poudre fine qui offre une source de L-Glutamine, un acide amin\u00e9 non essentiel. Ce produit est con\u00e7u pour s&#8217;int\u00e9grer facilement \u00e0 votre quotidien gr\u00e2ce \u00e0 sa simplicit\u00e9 d&#8217;utilisation. Cette poudre se distingue par sa composition pure et naturelle, sans ajout d&#8217;ingr\u00e9dients superflus. Elle ne contient ni gluten, [&#8230;]\n","protected":false},"featured_media":268741,"comment_status":"closed","ping_status":"open","template":"","meta":[],"product_brand":[4736,4734],"product_cat":[5067,5053],"product_tag":[],"class_list":{"0":"post-292215","1":"product","2":"type-product","3":"status-publish","4":"has-post-thumbnail","6":"product_brand-now-2","7":"product_brand-nownow-foods-2","8":"product_cat-acides-amines-et-bcaa","9":"product_cat-vitamines-et-mineraux","11":"first","12":"instock","13":"taxable","14":"shipping-taxable","15":"purchasable","16":"product-type-simple"},"yoast_head":"<!-- This site is optimized with the Yoast SEO Premium plugin v27.3 (Yoast SEO v27.3) - https:\/\/yoast.com\/product\/yoast-seo-premium-wordpress\/ -->\n<title>Poudre de L-Glutamine 5 000 mg - ECO Supplements<\/title>\n<meta name=\"description\" content=\"Wij hebben een ruime keuze aan producten van Poudre de L-Glutamine 5 000 mg . Winkel bij Eco Supplements altijd gratis verzending boven 100\u20ac\" \/>\n<meta name=\"robots\" content=\"index, follow, max-snippet:-1, max-image-preview:large, max-video-preview:-1\" \/>\n<link rel=\"canonical\" href=\"https:\/\/ecosupplements.be\/fr\/produit\/now-l-glutamine-powder-5000-mg\/\" \/>\n<meta property=\"og:locale\" content=\"fr_FR\" \/>\n<meta property=\"og:type\" content=\"article\" \/>\n<meta property=\"og:title\" content=\"Poudre de L-Glutamine 5 000 mg\" \/>\n<meta property=\"og:description\" content=\"Wij hebben een ruime keuze aan producten van Poudre de L-Glutamine 5 000 mg . Winkel bij Eco Supplements altijd gratis verzending boven 100\u20ac\" \/>\n<meta property=\"og:url\" content=\"https:\/\/ecosupplements.be\/fr\/produit\/now-l-glutamine-powder-5000-mg\/\" \/>\n<meta property=\"og:site_name\" content=\"ECO Supplements\" \/>\n<meta property=\"article:modified_time\" content=\"2025-11-02T09:27:55+00:00\" \/>\n<meta property=\"og:image\" content=\"https:\/\/ecosupplements.be\/wp-content\/uploads\/2025\/08\/NOW-L-Glutamine-powder-5000-mg.webp\" \/>\n\t<meta property=\"og:image:width\" content=\"750\" \/>\n\t<meta property=\"og:image:height\" content=\"750\" \/>\n\t<meta property=\"og:image:type\" content=\"image\/webp\" \/>\n<meta name=\"twitter:card\" content=\"summary_large_image\" \/>\n<meta name=\"twitter:label1\" content=\"Prix\" \/>\n\t<meta name=\"twitter:data1\" content=\"17.68&nbsp;&euro;\" \/>\n\t<meta name=\"twitter:label2\" content=\"Disponibilit\u00e9\" \/>\n\t<meta name=\"twitter:data2\" content=\"En stock\" \/>\n<script type=\"application\/ld+json\" class=\"yoast-schema-graph\">{\"@context\":\"https:\\\/\\\/schema.org\",\"@graph\":[{\"@type\":[\"WebPage\",\"ItemPage\"],\"@id\":\"https:\\\/\\\/ecosupplements.be\\\/fr\\\/produit\\\/now-l-glutamine-powder-5000-mg\\\/\",\"url\":\"https:\\\/\\\/ecosupplements.be\\\/fr\\\/produit\\\/now-l-glutamine-powder-5000-mg\\\/\",\"name\":\"Poudre de L-Glutamine 5 000 mg - ECO Supplements\",\"isPartOf\":{\"@id\":\"https:\\\/\\\/ecosupplements.be\\\/fr\\\/#website\"},\"primaryImageOfPage\":{\"@id\":\"https:\\\/\\\/ecosupplements.be\\\/fr\\\/produit\\\/now-l-glutamine-powder-5000-mg\\\/#primaryimage\"},\"image\":{\"@id\":\"https:\\\/\\\/ecosupplements.be\\\/fr\\\/produit\\\/now-l-glutamine-powder-5000-mg\\\/#primaryimage\"},\"thumbnailUrl\":\"https:\\\/\\\/ecosupplements.be\\\/wp-content\\\/uploads\\\/2025\\\/08\\\/Now-Foods-L-Glutamine-Powder-170-g.webp\",\"datePublished\":\"2025-04-13T16:32:20+00:00\",\"dateModified\":\"2025-11-02T09:27:55+00:00\",\"description\":\"Wij hebben een ruime keuze aan producten van Poudre de L-Glutamine 5 000 mg . Winkel bij Eco Supplements altijd gratis verzending boven 100\u20ac\",\"breadcrumb\":{\"@id\":\"https:\\\/\\\/ecosupplements.be\\\/fr\\\/produit\\\/now-l-glutamine-powder-5000-mg\\\/#breadcrumb\"},\"inLanguage\":\"fr-FR\",\"potentialAction\":[{\"@type\":\"ReadAction\",\"target\":[\"https:\\\/\\\/ecosupplements.be\\\/fr\\\/produit\\\/now-l-glutamine-powder-5000-mg\\\/\"]}]},{\"@type\":\"ImageObject\",\"inLanguage\":\"fr-FR\",\"@id\":\"https:\\\/\\\/ecosupplements.be\\\/fr\\\/produit\\\/now-l-glutamine-powder-5000-mg\\\/#primaryimage\",\"url\":\"https:\\\/\\\/ecosupplements.be\\\/wp-content\\\/uploads\\\/2025\\\/08\\\/Now-Foods-L-Glutamine-Powder-170-g.webp\",\"contentUrl\":\"https:\\\/\\\/ecosupplements.be\\\/wp-content\\\/uploads\\\/2025\\\/08\\\/Now-Foods-L-Glutamine-Powder-170-g.webp\",\"width\":1000,\"height\":1000},{\"@type\":\"BreadcrumbList\",\"@id\":\"https:\\\/\\\/ecosupplements.be\\\/fr\\\/produit\\\/now-l-glutamine-powder-5000-mg\\\/#breadcrumb\",\"itemListElement\":[{\"@type\":\"ListItem\",\"position\":1,\"name\":\"Home\",\"item\":\"https:\\\/\\\/ecosupplements.be\\\/fr\\\/\"},{\"@type\":\"ListItem\",\"position\":2,\"name\":\"Boutique\",\"item\":\"https:\\\/\\\/ecosupplements.be\\\/fr\\\/boutique\\\/\"},{\"@type\":\"ListItem\",\"position\":3,\"name\":\"Poudre de L-Glutamine 5 000 mg\"}]},{\"@type\":\"WebSite\",\"@id\":\"https:\\\/\\\/ecosupplements.be\\\/fr\\\/#website\",\"url\":\"https:\\\/\\\/ecosupplements.be\\\/fr\\\/\",\"name\":\"ECO Supplements\",\"description\":\"Eco Supplements - Gezonde supplementen\",\"publisher\":{\"@id\":\"https:\\\/\\\/ecosupplements.be\\\/fr\\\/#organization\"},\"potentialAction\":[{\"@type\":\"SearchAction\",\"target\":{\"@type\":\"EntryPoint\",\"urlTemplate\":\"https:\\\/\\\/ecosupplements.be\\\/fr\\\/?s={search_term_string}\"},\"query-input\":{\"@type\":\"PropertyValueSpecification\",\"valueRequired\":true,\"valueName\":\"search_term_string\"}}],\"inLanguage\":\"fr-FR\"},{\"@type\":\"Organization\",\"@id\":\"https:\\\/\\\/ecosupplements.be\\\/fr\\\/#organization\",\"name\":\"Eco Supplements\",\"url\":\"https:\\\/\\\/ecosupplements.be\\\/fr\\\/\",\"logo\":{\"@type\":\"ImageObject\",\"inLanguage\":\"fr-FR\",\"@id\":\"https:\\\/\\\/ecosupplements.be\\\/fr\\\/#\\\/schema\\\/logo\\\/image\\\/\",\"url\":\"https:\\\/\\\/ecosupplements.be\\\/wp-content\\\/uploads\\\/2022\\\/06\\\/ecosupplement-family.png\",\"contentUrl\":\"https:\\\/\\\/ecosupplements.be\\\/wp-content\\\/uploads\\\/2022\\\/06\\\/ecosupplement-family.png\",\"width\":593,\"height\":374,\"caption\":\"Eco Supplements\"},\"image\":{\"@id\":\"https:\\\/\\\/ecosupplements.be\\\/fr\\\/#\\\/schema\\\/logo\\\/image\\\/\"}}]}<\/script>\n<meta property=\"product:brand\" content=\"NOW\" \/>\n<meta property=\"product:price:amount\" content=\"17.68\" \/>\n<meta property=\"product:price:currency\" content=\"EUR\" \/>\n<meta property=\"og:availability\" content=\"instock\" \/>\n<meta property=\"product:availability\" content=\"instock\" \/>\n<meta property=\"product:retailer_item_id\" content=\"733739002204\" \/>\n<meta property=\"product:condition\" content=\"new\" \/>\n<!-- \/ Yoast SEO Premium plugin. -->","yoast_head_json":{"title":"Poudre de L-Glutamine 5 000 mg - ECO Supplements","description":"Wij hebben een ruime keuze aan producten van Poudre de L-Glutamine 5 000 mg . Winkel bij Eco Supplements altijd gratis verzending boven 100\u20ac","robots":{"index":"index","follow":"follow","max-snippet":"max-snippet:-1","max-image-preview":"max-image-preview:large","max-video-preview":"max-video-preview:-1"},"canonical":"https:\/\/ecosupplements.be\/fr\/produit\/now-l-glutamine-powder-5000-mg\/","og_locale":"fr_FR","og_type":"article","og_title":"Poudre de L-Glutamine 5 000 mg","og_description":"Wij hebben een ruime keuze aan producten van Poudre de L-Glutamine 5 000 mg . Winkel bij Eco Supplements altijd gratis verzending boven 100\u20ac","og_url":"https:\/\/ecosupplements.be\/fr\/produit\/now-l-glutamine-powder-5000-mg\/","og_site_name":"ECO Supplements","article_modified_time":"2025-11-02T09:27:55+00:00","og_image":[{"width":750,"height":750,"url":"https:\/\/ecosupplements.be\/wp-content\/uploads\/2025\/08\/NOW-L-Glutamine-powder-5000-mg.webp","type":"image\/webp"}],"twitter_card":"summary_large_image","twitter_misc":{"Prix":"17.68&nbsp;&euro;","Disponibilit\u00e9":"En stock"},"schema":{"@context":"https:\/\/schema.org","@graph":[{"@type":["WebPage","ItemPage"],"@id":"https:\/\/ecosupplements.be\/fr\/produit\/now-l-glutamine-powder-5000-mg\/","url":"https:\/\/ecosupplements.be\/fr\/produit\/now-l-glutamine-powder-5000-mg\/","name":"Poudre de L-Glutamine 5 000 mg - ECO Supplements","isPartOf":{"@id":"https:\/\/ecosupplements.be\/fr\/#website"},"primaryImageOfPage":{"@id":"https:\/\/ecosupplements.be\/fr\/produit\/now-l-glutamine-powder-5000-mg\/#primaryimage"},"image":{"@id":"https:\/\/ecosupplements.be\/fr\/produit\/now-l-glutamine-powder-5000-mg\/#primaryimage"},"thumbnailUrl":"https:\/\/ecosupplements.be\/wp-content\/uploads\/2025\/08\/Now-Foods-L-Glutamine-Powder-170-g.webp","datePublished":"2025-04-13T16:32:20+00:00","dateModified":"2025-11-02T09:27:55+00:00","description":"Wij hebben een ruime keuze aan producten van Poudre de L-Glutamine 5 000 mg . Winkel bij Eco Supplements altijd gratis verzending boven 100\u20ac","breadcrumb":{"@id":"https:\/\/ecosupplements.be\/fr\/produit\/now-l-glutamine-powder-5000-mg\/#breadcrumb"},"inLanguage":"fr-FR","potentialAction":[{"@type":"ReadAction","target":["https:\/\/ecosupplements.be\/fr\/produit\/now-l-glutamine-powder-5000-mg\/"]}]},{"@type":"ImageObject","inLanguage":"fr-FR","@id":"https:\/\/ecosupplements.be\/fr\/produit\/now-l-glutamine-powder-5000-mg\/#primaryimage","url":"https:\/\/ecosupplements.be\/wp-content\/uploads\/2025\/08\/Now-Foods-L-Glutamine-Powder-170-g.webp","contentUrl":"https:\/\/ecosupplements.be\/wp-content\/uploads\/2025\/08\/Now-Foods-L-Glutamine-Powder-170-g.webp","width":1000,"height":1000},{"@type":"BreadcrumbList","@id":"https:\/\/ecosupplements.be\/fr\/produit\/now-l-glutamine-powder-5000-mg\/#breadcrumb","itemListElement":[{"@type":"ListItem","position":1,"name":"Home","item":"https:\/\/ecosupplements.be\/fr\/"},{"@type":"ListItem","position":2,"name":"Boutique","item":"https:\/\/ecosupplements.be\/fr\/boutique\/"},{"@type":"ListItem","position":3,"name":"Poudre de L-Glutamine 5 000 mg"}]},{"@type":"WebSite","@id":"https:\/\/ecosupplements.be\/fr\/#website","url":"https:\/\/ecosupplements.be\/fr\/","name":"ECO Supplements","description":"Eco Supplements - Gezonde supplementen","publisher":{"@id":"https:\/\/ecosupplements.be\/fr\/#organization"},"potentialAction":[{"@type":"SearchAction","target":{"@type":"EntryPoint","urlTemplate":"https:\/\/ecosupplements.be\/fr\/?s={search_term_string}"},"query-input":{"@type":"PropertyValueSpecification","valueRequired":true,"valueName":"search_term_string"}}],"inLanguage":"fr-FR"},{"@type":"Organization","@id":"https:\/\/ecosupplements.be\/fr\/#organization","name":"Eco Supplements","url":"https:\/\/ecosupplements.be\/fr\/","logo":{"@type":"ImageObject","inLanguage":"fr-FR","@id":"https:\/\/ecosupplements.be\/fr\/#\/schema\/logo\/image\/","url":"https:\/\/ecosupplements.be\/wp-content\/uploads\/2022\/06\/ecosupplement-family.png","contentUrl":"https:\/\/ecosupplements.be\/wp-content\/uploads\/2022\/06\/ecosupplement-family.png","width":593,"height":374,"caption":"Eco Supplements"},"image":{"@id":"https:\/\/ecosupplements.be\/fr\/#\/schema\/logo\/image\/"}}]},"product_brand":"NOW","product_price_amount":"17.68","product_price_currency":"EUR","og_availability":"instock","product_availability":"instock","product_retailer_item_id":"733739002204","product_condition":"new"},"_links":{"self":[{"href":"https:\/\/ecosupplements.be\/fr\/wp-json\/wp\/v2\/product\/292215","targetHints":{"allow":["GET"]}}],"collection":[{"href":"https:\/\/ecosupplements.be\/fr\/wp-json\/wp\/v2\/product"}],"about":[{"href":"https:\/\/ecosupplements.be\/fr\/wp-json\/wp\/v2\/types\/product"}],"replies":[{"embeddable":true,"href":"https:\/\/ecosupplements.be\/fr\/wp-json\/wp\/v2\/comments?post=292215"}],"wp:featuredmedia":[{"embeddable":true,"href":"https:\/\/ecosupplements.be\/fr\/wp-json\/wp\/v2\/media\/268741"}],"wp:attachment":[{"href":"https:\/\/ecosupplements.be\/fr\/wp-json\/wp\/v2\/media?parent=292215"}],"wp:term":[{"taxonomy":"product_brand","embeddable":true,"href":"https:\/\/ecosupplements.be\/fr\/wp-json\/wp\/v2\/product_brand?post=292215"},{"taxonomy":"product_cat","embeddable":true,"href":"https:\/\/ecosupplements.be\/fr\/wp-json\/wp\/v2\/product_cat?post=292215"},{"taxonomy":"product_tag","embeddable":true,"href":"https:\/\/ecosupplements.be\/fr\/wp-json\/wp\/v2\/product_tag?post=292215"}],"curies":[{"name":"wp","href":"https:\/\/api.w.org\/{rel}","templated":true}]}}