{"id":292233,"date":"2025-04-13T17:34:05","date_gmt":"2025-04-13T16:34:05","guid":{"rendered":"https:\/\/ecosupplements.be\/product\/nownow-foods-iron-36-mg-double-strength\/"},"modified":"2025-08-27T15:43:35","modified_gmt":"2025-08-27T14:43:35","slug":"nownow-foods-iron-36-mg-double-strength","status":"publish","type":"product","link":"https:\/\/ecosupplements.be\/fr\/produit\/nownow-foods-iron-36-mg-double-strength\/","title":{"rendered":"NOW Foods &#8211; Fer 36 mg Double Force"},"content":{"rendered":"<p><strong>NOW Foods Iron 36mg double Strength (90 capsules)<\/strong> est un compl\u00e9ment en capsules v\u00e9g\u00e9tariennes contenant une concentration \u00e9lev\u00e9e de fer. Ces capsules sont formul\u00e9es \u00e0 partir de Ferochel Iron Bisglycinate, une source de fer qui contribue \u00e0 la qualit\u00e9 globale du produit.<\/p>\n<ul>\n<li>Le fer est un min\u00e9ral essentiel dans l&#8217;alimentation quotidienne.<\/li>\n<li>Contient du Ferochel Iron Bisglycinate.<\/li>\n<li>Sans OGM, convient aux v\u00e9g\u00e9taliens\/v\u00e9g\u00e9tariens, certifi\u00e9 casher et halal, sans soja, sans \u0153ufs, sans produits laitiers, sans noix et fabriqu\u00e9 sans gluten.<\/li>\n<li>Certification GMP Quality Assured : certification GMP NPA A-rated garantissant que divers aspects du processus de production chez NOW ont \u00e9t\u00e9 examin\u00e9s avec rigueur.<\/li>\n<li>Conditionn\u00e9 aux \u00c9tats-Unis par une entreprise familiale depuis 1968.<\/li>\n<\/ul>\n<p>Ingr\u00e9dients :<\/p>\n<ul>\n<li>Fer (provenant de Ferrochel Iron bisglycinate) 36 mg &#8211; 200% des apports journaliers recommand\u00e9s. Autres ingr\u00e9dients : farine de riz, cellulose (capsule), acide st\u00e9arique (source v\u00e9g\u00e9tale) et silice. non fabriqu\u00e9 avec des ingr\u00e9dients contenant du bl\u00e9, gluten, soja, lait, \u0153uf ou noix. Produit dans un \u00e9tablissement respectant les bonnes pratiques de fabrication qui traite d&#8217;autres ingr\u00e9dients susceptibles de contenir ces allerg\u00e8nes.<\/li>\n<\/ul>\n<p>Utilisation :<\/p>\n<ul>\n<li>Prendre 1 capsule par jour avec un repas. Ne pas d\u00e9passer la dose journali\u00e8re recommand\u00e9e sauf sur avis m\u00e9dical contraire.<\/li>\n<\/ul>\n<p><em>Ce produit se pr\u00e9sente comme une option pratique pour ceux qui appr\u00e9cient les composants naturels dans leur routine quotidienne et cherchent \u00e0 maintenir un style de vie actif et \u00e9quilibr\u00e9 gr\u00e2ce \u00e0 des choix simples mais efficaces au quotidien.<\/em><\/p>\n","protected":false},"excerpt":{"rendered":"<p>NOW Foods Iron 36mg double Strength (90 capsules) est un compl\u00e9ment en capsules v\u00e9g\u00e9tariennes contenant une concentration \u00e9lev\u00e9e de fer. Ces capsules sont formul\u00e9es \u00e0 partir de Ferochel Iron Bisglycinate, une source de fer qui contribue \u00e0 la qualit\u00e9 globale du produit. Le fer est un min\u00e9ral essentiel dans l&#8217;alimentation quotidienne. Contient du Ferochel Iron [&#8230;]\n","protected":false},"featured_media":268756,"comment_status":"closed","ping_status":"open","template":"","meta":[],"product_brand":[4736,4733,4734],"product_cat":[5064,5053],"product_tag":[],"class_list":{"0":"post-292233","1":"product","2":"type-product","3":"status-publish","4":"has-post-thumbnail","6":"product_brand-now-2","7":"product_brand-now-foods-2","8":"product_brand-nownow-foods-2","9":"product_cat-mineraux-simples","10":"product_cat-vitamines-et-mineraux","12":"first","13":"instock","14":"taxable","15":"shipping-taxable","16":"purchasable","17":"product-type-simple"},"yoast_head":"<!-- This site is optimized with the Yoast SEO Premium plugin v27.5 (Yoast SEO v27.5) - https:\/\/yoast.com\/product\/yoast-seo-premium-wordpress\/ -->\n<title>NOW Foods - Fer 36 mg Double Force - ECO Supplements<\/title>\n<meta name=\"description\" content=\"Wij hebben een ruime keuze aan producten van NOW Foods - Fer 36 mg Double Force . Winkel bij Eco Supplements altijd gratis verzending boven 100\u20ac\" \/>\n<meta name=\"robots\" content=\"index, follow, max-snippet:-1, max-image-preview:large, max-video-preview:-1\" \/>\n<link rel=\"canonical\" href=\"https:\/\/ecosupplements.be\/fr\/produit\/nownow-foods-iron-36-mg-double-strength\/\" \/>\n<meta property=\"og:locale\" content=\"fr_FR\" \/>\n<meta property=\"og:type\" content=\"article\" \/>\n<meta property=\"og:title\" content=\"NOW Foods - Fer 36 mg Double Force\" \/>\n<meta property=\"og:description\" content=\"Wij hebben een ruime keuze aan producten van NOW Foods - Fer 36 mg Double Force . Winkel bij Eco Supplements altijd gratis verzending boven 100\u20ac\" \/>\n<meta property=\"og:url\" content=\"https:\/\/ecosupplements.be\/fr\/produit\/nownow-foods-iron-36-mg-double-strength\/\" \/>\n<meta property=\"og:site_name\" content=\"ECO Supplements\" \/>\n<meta property=\"article:modified_time\" content=\"2025-08-27T14:43:35+00:00\" \/>\n<meta property=\"og:image\" content=\"https:\/\/ecosupplements.be\/wp-content\/uploads\/2025\/08\/NOWNOW-Foods-Iron-36-mg-Double-Strength.webp\" \/>\n\t<meta property=\"og:image:width\" content=\"750\" \/>\n\t<meta property=\"og:image:height\" content=\"750\" \/>\n\t<meta property=\"og:image:type\" content=\"image\/webp\" \/>\n<meta name=\"twitter:card\" content=\"summary_large_image\" \/>\n<meta name=\"twitter:label1\" content=\"Prix\" \/>\n\t<meta name=\"twitter:data1\" content=\"11.42&nbsp;&euro;\" \/>\n\t<meta name=\"twitter:label2\" content=\"Disponibilit\u00e9\" \/>\n\t<meta name=\"twitter:data2\" content=\"En stock\" \/>\n<script type=\"application\/ld+json\" class=\"yoast-schema-graph\">{\"@context\":\"https:\\\/\\\/schema.org\",\"@graph\":[{\"@type\":[\"WebPage\",\"ItemPage\"],\"@id\":\"https:\\\/\\\/ecosupplements.be\\\/fr\\\/produit\\\/nownow-foods-iron-36-mg-double-strength\\\/\",\"url\":\"https:\\\/\\\/ecosupplements.be\\\/fr\\\/produit\\\/nownow-foods-iron-36-mg-double-strength\\\/\",\"name\":\"NOW Foods - Fer 36 mg Double Force - ECO Supplements\",\"isPartOf\":{\"@id\":\"https:\\\/\\\/ecosupplements.be\\\/fr\\\/#website\"},\"primaryImageOfPage\":{\"@id\":\"https:\\\/\\\/ecosupplements.be\\\/fr\\\/produit\\\/nownow-foods-iron-36-mg-double-strength\\\/#primaryimage\"},\"image\":{\"@id\":\"https:\\\/\\\/ecosupplements.be\\\/fr\\\/produit\\\/nownow-foods-iron-36-mg-double-strength\\\/#primaryimage\"},\"thumbnailUrl\":\"https:\\\/\\\/ecosupplements.be\\\/wp-content\\\/uploads\\\/2025\\\/08\\\/Now-Foods-Iron-36-mg-FerrochelR-90-Capsules.webp\",\"datePublished\":\"2025-04-13T16:34:05+00:00\",\"dateModified\":\"2025-08-27T14:43:35+00:00\",\"description\":\"Wij hebben een ruime keuze aan producten van NOW Foods - Fer 36 mg Double Force . Winkel bij Eco Supplements altijd gratis verzending boven 100\u20ac\",\"breadcrumb\":{\"@id\":\"https:\\\/\\\/ecosupplements.be\\\/fr\\\/produit\\\/nownow-foods-iron-36-mg-double-strength\\\/#breadcrumb\"},\"inLanguage\":\"fr-FR\",\"potentialAction\":[{\"@type\":\"ReadAction\",\"target\":[\"https:\\\/\\\/ecosupplements.be\\\/fr\\\/produit\\\/nownow-foods-iron-36-mg-double-strength\\\/\"]}]},{\"@type\":\"ImageObject\",\"inLanguage\":\"fr-FR\",\"@id\":\"https:\\\/\\\/ecosupplements.be\\\/fr\\\/produit\\\/nownow-foods-iron-36-mg-double-strength\\\/#primaryimage\",\"url\":\"https:\\\/\\\/ecosupplements.be\\\/wp-content\\\/uploads\\\/2025\\\/08\\\/Now-Foods-Iron-36-mg-FerrochelR-90-Capsules.webp\",\"contentUrl\":\"https:\\\/\\\/ecosupplements.be\\\/wp-content\\\/uploads\\\/2025\\\/08\\\/Now-Foods-Iron-36-mg-FerrochelR-90-Capsules.webp\",\"width\":1000,\"height\":1000},{\"@type\":\"BreadcrumbList\",\"@id\":\"https:\\\/\\\/ecosupplements.be\\\/fr\\\/produit\\\/nownow-foods-iron-36-mg-double-strength\\\/#breadcrumb\",\"itemListElement\":[{\"@type\":\"ListItem\",\"position\":1,\"name\":\"Home\",\"item\":\"https:\\\/\\\/ecosupplements.be\\\/fr\\\/\"},{\"@type\":\"ListItem\",\"position\":2,\"name\":\"Boutique\",\"item\":\"https:\\\/\\\/ecosupplements.be\\\/fr\\\/boutique\\\/\"},{\"@type\":\"ListItem\",\"position\":3,\"name\":\"NOW Foods &#8211; Fer 36 mg Double Force\"}]},{\"@type\":\"WebSite\",\"@id\":\"https:\\\/\\\/ecosupplements.be\\\/fr\\\/#website\",\"url\":\"https:\\\/\\\/ecosupplements.be\\\/fr\\\/\",\"name\":\"ECO Supplements\",\"description\":\"Eco Supplements - Gezonde supplementen\",\"publisher\":{\"@id\":\"https:\\\/\\\/ecosupplements.be\\\/fr\\\/#organization\"},\"potentialAction\":[{\"@type\":\"SearchAction\",\"target\":{\"@type\":\"EntryPoint\",\"urlTemplate\":\"https:\\\/\\\/ecosupplements.be\\\/fr\\\/?s={search_term_string}\"},\"query-input\":{\"@type\":\"PropertyValueSpecification\",\"valueRequired\":true,\"valueName\":\"search_term_string\"}}],\"inLanguage\":\"fr-FR\"},{\"@type\":\"Organization\",\"@id\":\"https:\\\/\\\/ecosupplements.be\\\/fr\\\/#organization\",\"name\":\"Eco Supplements\",\"url\":\"https:\\\/\\\/ecosupplements.be\\\/fr\\\/\",\"logo\":{\"@type\":\"ImageObject\",\"inLanguage\":\"fr-FR\",\"@id\":\"https:\\\/\\\/ecosupplements.be\\\/fr\\\/#\\\/schema\\\/logo\\\/image\\\/\",\"url\":\"https:\\\/\\\/ecosupplements.be\\\/wp-content\\\/uploads\\\/2022\\\/06\\\/ecosupplement-family.png\",\"contentUrl\":\"https:\\\/\\\/ecosupplements.be\\\/wp-content\\\/uploads\\\/2022\\\/06\\\/ecosupplement-family.png\",\"width\":593,\"height\":374,\"caption\":\"Eco Supplements\"},\"image\":{\"@id\":\"https:\\\/\\\/ecosupplements.be\\\/fr\\\/#\\\/schema\\\/logo\\\/image\\\/\"}}]}<\/script>\n<meta property=\"product:brand\" content=\"NOW\" \/>\n<meta property=\"product:price:amount\" content=\"11.42\" \/>\n<meta property=\"product:price:currency\" content=\"EUR\" \/>\n<meta property=\"og:availability\" content=\"instock\" \/>\n<meta property=\"product:availability\" content=\"instock\" \/>\n<meta property=\"product:retailer_item_id\" content=\"733739014443\" \/>\n<meta property=\"product:condition\" content=\"new\" \/>\n<!-- \/ Yoast SEO Premium plugin. -->","yoast_head_json":{"title":"NOW Foods - Fer 36 mg Double Force - ECO Supplements","description":"Wij hebben een ruime keuze aan producten van NOW Foods - Fer 36 mg Double Force . Winkel bij Eco Supplements altijd gratis verzending boven 100\u20ac","robots":{"index":"index","follow":"follow","max-snippet":"max-snippet:-1","max-image-preview":"max-image-preview:large","max-video-preview":"max-video-preview:-1"},"canonical":"https:\/\/ecosupplements.be\/fr\/produit\/nownow-foods-iron-36-mg-double-strength\/","og_locale":"fr_FR","og_type":"article","og_title":"NOW Foods - Fer 36 mg Double Force","og_description":"Wij hebben een ruime keuze aan producten van NOW Foods - Fer 36 mg Double Force . Winkel bij Eco Supplements altijd gratis verzending boven 100\u20ac","og_url":"https:\/\/ecosupplements.be\/fr\/produit\/nownow-foods-iron-36-mg-double-strength\/","og_site_name":"ECO Supplements","article_modified_time":"2025-08-27T14:43:35+00:00","og_image":[{"width":750,"height":750,"url":"https:\/\/ecosupplements.be\/wp-content\/uploads\/2025\/08\/NOWNOW-Foods-Iron-36-mg-Double-Strength.webp","type":"image\/webp"}],"twitter_card":"summary_large_image","twitter_misc":{"Prix":"11.42&nbsp;&euro;","Disponibilit\u00e9":"En stock"},"schema":{"@context":"https:\/\/schema.org","@graph":[{"@type":["WebPage","ItemPage"],"@id":"https:\/\/ecosupplements.be\/fr\/produit\/nownow-foods-iron-36-mg-double-strength\/","url":"https:\/\/ecosupplements.be\/fr\/produit\/nownow-foods-iron-36-mg-double-strength\/","name":"NOW Foods - Fer 36 mg Double Force - ECO Supplements","isPartOf":{"@id":"https:\/\/ecosupplements.be\/fr\/#website"},"primaryImageOfPage":{"@id":"https:\/\/ecosupplements.be\/fr\/produit\/nownow-foods-iron-36-mg-double-strength\/#primaryimage"},"image":{"@id":"https:\/\/ecosupplements.be\/fr\/produit\/nownow-foods-iron-36-mg-double-strength\/#primaryimage"},"thumbnailUrl":"https:\/\/ecosupplements.be\/wp-content\/uploads\/2025\/08\/Now-Foods-Iron-36-mg-FerrochelR-90-Capsules.webp","datePublished":"2025-04-13T16:34:05+00:00","dateModified":"2025-08-27T14:43:35+00:00","description":"Wij hebben een ruime keuze aan producten van NOW Foods - Fer 36 mg Double Force . Winkel bij Eco Supplements altijd gratis verzending boven 100\u20ac","breadcrumb":{"@id":"https:\/\/ecosupplements.be\/fr\/produit\/nownow-foods-iron-36-mg-double-strength\/#breadcrumb"},"inLanguage":"fr-FR","potentialAction":[{"@type":"ReadAction","target":["https:\/\/ecosupplements.be\/fr\/produit\/nownow-foods-iron-36-mg-double-strength\/"]}]},{"@type":"ImageObject","inLanguage":"fr-FR","@id":"https:\/\/ecosupplements.be\/fr\/produit\/nownow-foods-iron-36-mg-double-strength\/#primaryimage","url":"https:\/\/ecosupplements.be\/wp-content\/uploads\/2025\/08\/Now-Foods-Iron-36-mg-FerrochelR-90-Capsules.webp","contentUrl":"https:\/\/ecosupplements.be\/wp-content\/uploads\/2025\/08\/Now-Foods-Iron-36-mg-FerrochelR-90-Capsules.webp","width":1000,"height":1000},{"@type":"BreadcrumbList","@id":"https:\/\/ecosupplements.be\/fr\/produit\/nownow-foods-iron-36-mg-double-strength\/#breadcrumb","itemListElement":[{"@type":"ListItem","position":1,"name":"Home","item":"https:\/\/ecosupplements.be\/fr\/"},{"@type":"ListItem","position":2,"name":"Boutique","item":"https:\/\/ecosupplements.be\/fr\/boutique\/"},{"@type":"ListItem","position":3,"name":"NOW Foods &#8211; Fer 36 mg Double Force"}]},{"@type":"WebSite","@id":"https:\/\/ecosupplements.be\/fr\/#website","url":"https:\/\/ecosupplements.be\/fr\/","name":"ECO Supplements","description":"Eco Supplements - Gezonde supplementen","publisher":{"@id":"https:\/\/ecosupplements.be\/fr\/#organization"},"potentialAction":[{"@type":"SearchAction","target":{"@type":"EntryPoint","urlTemplate":"https:\/\/ecosupplements.be\/fr\/?s={search_term_string}"},"query-input":{"@type":"PropertyValueSpecification","valueRequired":true,"valueName":"search_term_string"}}],"inLanguage":"fr-FR"},{"@type":"Organization","@id":"https:\/\/ecosupplements.be\/fr\/#organization","name":"Eco Supplements","url":"https:\/\/ecosupplements.be\/fr\/","logo":{"@type":"ImageObject","inLanguage":"fr-FR","@id":"https:\/\/ecosupplements.be\/fr\/#\/schema\/logo\/image\/","url":"https:\/\/ecosupplements.be\/wp-content\/uploads\/2022\/06\/ecosupplement-family.png","contentUrl":"https:\/\/ecosupplements.be\/wp-content\/uploads\/2022\/06\/ecosupplement-family.png","width":593,"height":374,"caption":"Eco Supplements"},"image":{"@id":"https:\/\/ecosupplements.be\/fr\/#\/schema\/logo\/image\/"}}]},"product_brand":"NOW","product_price_amount":"11.42","product_price_currency":"EUR","og_availability":"instock","product_availability":"instock","product_retailer_item_id":"733739014443","product_condition":"new"},"_links":{"self":[{"href":"https:\/\/ecosupplements.be\/fr\/wp-json\/wp\/v2\/product\/292233","targetHints":{"allow":["GET"]}}],"collection":[{"href":"https:\/\/ecosupplements.be\/fr\/wp-json\/wp\/v2\/product"}],"about":[{"href":"https:\/\/ecosupplements.be\/fr\/wp-json\/wp\/v2\/types\/product"}],"replies":[{"embeddable":true,"href":"https:\/\/ecosupplements.be\/fr\/wp-json\/wp\/v2\/comments?post=292233"}],"wp:featuredmedia":[{"embeddable":true,"href":"https:\/\/ecosupplements.be\/fr\/wp-json\/wp\/v2\/media\/268756"}],"wp:attachment":[{"href":"https:\/\/ecosupplements.be\/fr\/wp-json\/wp\/v2\/media?parent=292233"}],"wp:term":[{"taxonomy":"product_brand","embeddable":true,"href":"https:\/\/ecosupplements.be\/fr\/wp-json\/wp\/v2\/product_brand?post=292233"},{"taxonomy":"product_cat","embeddable":true,"href":"https:\/\/ecosupplements.be\/fr\/wp-json\/wp\/v2\/product_cat?post=292233"},{"taxonomy":"product_tag","embeddable":true,"href":"https:\/\/ecosupplements.be\/fr\/wp-json\/wp\/v2\/product_tag?post=292233"}],"curies":[{"name":"wp","href":"https:\/\/api.w.org\/{rel}","templated":true}]}}