{"id":292269,"date":"2024-07-05T01:15:54","date_gmt":"2024-07-05T00:15:54","guid":{"rendered":"https:\/\/ecosupplements.be\/product\/nordic-naturals-arctic-cod-liver-oil-750mg-lemon-180-softgels\/"},"modified":"2025-08-27T15:44:02","modified_gmt":"2025-08-27T14:44:02","slug":"nordic-naturals-arctic-cod-liver-oil-750mg-lemon-180-softgels","status":"publish","type":"product","link":"https:\/\/ecosupplements.be\/fr\/produit\/nordic-naturals-arctic-cod-liver-oil-750mg-lemon-180-softgels\/","title":{"rendered":"Nordic Naturals &#8211; Huile de foie de morue arctique, 750mg citron &#8211; 180 capsules molles"},"content":{"rendered":"<h2>Nordic Naturals &#8211; Arctic Cod Liver Oil, 750mg Lemon &#8211; 180 softgels<\/h2>\n<p>D\u00e9couvrez le <strong>Arctic Cod Liver Oil<\/strong> de Nordic Naturals, un choix parfait pour ceux qui appr\u00e9cient les ingr\u00e9dients naturels dans un mode de vie sain.Chaque softgel contient 750 mg d&#8217;huile de foie de morue, soigneusement extraite pour garantir une grande puret\u00e9 et une origine naturelle.<\/p>\n<p>Ce produit est \u00e9labor\u00e9 \u00e0 partir de morues p\u00each\u00e9es dans les eaux froides et pures de l&#8217;Arctique, respectant des normes strictes pour assurer la qualit\u00e9 et la tra\u00e7abilit\u00e9. Enrichi d&#8217;un l\u00e9ger ar\u00f4me de citron, il offre une exp\u00e9rience gustative agr\u00e9able sans l&#8217;arri\u00e8re-go\u00fbt habituel du poisson.<\/p>\n<p><strong>Contenu et emballage :<\/strong> Ce produit est pr\u00e9sent\u00e9 sous forme de softgels faciles \u00e0 avaler, conditionn\u00e9s en flacon de 180 unit\u00e9s.<\/p>\n<p><strong>Utilisation :<\/strong> Pour une utilisation quotidienne simple et pratique. Suivez les instructions sur l&#8217;emballage ou consultez un professionnel pour d\u00e9terminer la dose adapt\u00e9e \u00e0 votre routine quotidienne.<\/p>\n<p>Avec Nordic Naturals &#8211; Arctic Cod Liver Oil, int\u00e9grez facilement des \u00e9l\u00e9ments naturels \u00e0 votre quotidien sans compromis sur le go\u00fbt ou la qualit\u00e9.<\/p>\n","protected":false},"excerpt":{"rendered":"<p>Nordic Naturals &#8211; Arctic Cod Liver Oil, 750mg Lemon &#8211; 180 softgels D\u00e9couvrez le Arctic Cod Liver Oil de Nordic Naturals, un choix parfait pour ceux qui appr\u00e9cient les ingr\u00e9dients naturels dans un mode de vie sain.Chaque softgel contient 750 mg d&#8217;huile de foie de morue, soigneusement extraite pour garantir une grande puret\u00e9 et une [&#8230;]\n","protected":false},"featured_media":292270,"comment_status":"open","ping_status":"open","template":"","meta":[],"product_brand":[4860],"product_cat":[],"product_tag":[],"class_list":{"0":"post-292269","1":"product","2":"type-product","3":"status-publish","4":"has-post-thumbnail","6":"product_brand-nordic-naturals-2","8":"first","9":"outofstock","10":"taxable","11":"shipping-taxable","12":"purchasable","13":"product-type-simple"},"yoast_head":"<!-- This site is optimized with the Yoast SEO Premium plugin v27.3 (Yoast SEO v27.3) - https:\/\/yoast.com\/product\/yoast-seo-premium-wordpress\/ -->\n<title>Nordic Naturals - Huile de foie de morue arctique, 750mg citron - 180 capsules molles - ECO Supplements<\/title>\n<meta name=\"description\" content=\"Wij hebben een ruime keuze aan producten van Nordic Naturals - Huile de foie de morue arctique, 750mg citron - 180 capsules molles . Winkel bij Eco Supplements altijd gratis verzending boven 100\u20ac\" \/>\n<meta name=\"robots\" content=\"index, follow, max-snippet:-1, max-image-preview:large, max-video-preview:-1\" \/>\n<link rel=\"canonical\" href=\"https:\/\/ecosupplements.be\/fr\/produit\/nordic-naturals-arctic-cod-liver-oil-750mg-lemon-180-softgels\/\" \/>\n<meta property=\"og:locale\" content=\"fr_FR\" \/>\n<meta property=\"og:type\" content=\"article\" \/>\n<meta property=\"og:title\" content=\"Nordic Naturals - Huile de foie de morue arctique, 750mg citron - 180 capsules molles\" \/>\n<meta property=\"og:description\" content=\"Wij hebben een ruime keuze aan producten van Nordic Naturals - Huile de foie de morue arctique, 750mg citron - 180 capsules molles . Winkel bij Eco Supplements altijd gratis verzending boven 100\u20ac\" \/>\n<meta property=\"og:url\" content=\"https:\/\/ecosupplements.be\/fr\/produit\/nordic-naturals-arctic-cod-liver-oil-750mg-lemon-180-softgels\/\" \/>\n<meta property=\"og:site_name\" content=\"ECO Supplements\" \/>\n<meta property=\"article:modified_time\" content=\"2025-08-27T14:44:02+00:00\" \/>\n<meta property=\"og:image\" content=\"https:\/\/ecosupplements.be\/wp-content\/uploads\/2025\/08\/Nordic-Naturals-Arctic-Cod-Liver-Oil-750mg-Lemon-180-softgels.webp\" \/>\n\t<meta property=\"og:image:width\" content=\"750\" \/>\n\t<meta property=\"og:image:height\" content=\"750\" \/>\n\t<meta property=\"og:image:type\" content=\"image\/webp\" \/>\n<meta name=\"twitter:card\" content=\"summary_large_image\" \/>\n<meta name=\"twitter:label1\" content=\"Prix\" \/>\n\t<meta name=\"twitter:data1\" content=\"54.59&nbsp;&euro;\" \/>\n\t<meta name=\"twitter:label2\" content=\"Disponibilit\u00e9\" \/>\n\t<meta name=\"twitter:data2\" content=\"Rupture de stock\" \/>\n<script type=\"application\/ld+json\" class=\"yoast-schema-graph\">{\"@context\":\"https:\\\/\\\/schema.org\",\"@graph\":[{\"@type\":[\"WebPage\",\"ItemPage\"],\"@id\":\"https:\\\/\\\/ecosupplements.be\\\/fr\\\/produit\\\/nordic-naturals-arctic-cod-liver-oil-750mg-lemon-180-softgels\\\/\",\"url\":\"https:\\\/\\\/ecosupplements.be\\\/fr\\\/produit\\\/nordic-naturals-arctic-cod-liver-oil-750mg-lemon-180-softgels\\\/\",\"name\":\"Nordic Naturals - Huile de foie de morue arctique, 750mg citron - 180 capsules molles - ECO Supplements\",\"isPartOf\":{\"@id\":\"https:\\\/\\\/ecosupplements.be\\\/fr\\\/#website\"},\"primaryImageOfPage\":{\"@id\":\"https:\\\/\\\/ecosupplements.be\\\/fr\\\/produit\\\/nordic-naturals-arctic-cod-liver-oil-750mg-lemon-180-softgels\\\/#primaryimage\"},\"image\":{\"@id\":\"https:\\\/\\\/ecosupplements.be\\\/fr\\\/produit\\\/nordic-naturals-arctic-cod-liver-oil-750mg-lemon-180-softgels\\\/#primaryimage\"},\"thumbnailUrl\":\"https:\\\/\\\/ecosupplements.be\\\/wp-content\\\/uploads\\\/2025\\\/08\\\/Nordic-Naturals-Arctic-Cod-Liver-Oil-750mg-Lemon-180-softgels.webp\",\"datePublished\":\"2024-07-05T00:15:54+00:00\",\"dateModified\":\"2025-08-27T14:44:02+00:00\",\"description\":\"Wij hebben een ruime keuze aan producten van Nordic Naturals - Huile de foie de morue arctique, 750mg citron - 180 capsules molles . Winkel bij Eco Supplements altijd gratis verzending boven 100\u20ac\",\"breadcrumb\":{\"@id\":\"https:\\\/\\\/ecosupplements.be\\\/fr\\\/produit\\\/nordic-naturals-arctic-cod-liver-oil-750mg-lemon-180-softgels\\\/#breadcrumb\"},\"inLanguage\":\"fr-FR\",\"potentialAction\":[{\"@type\":\"ReadAction\",\"target\":[\"https:\\\/\\\/ecosupplements.be\\\/fr\\\/produit\\\/nordic-naturals-arctic-cod-liver-oil-750mg-lemon-180-softgels\\\/\"]}]},{\"@type\":\"ImageObject\",\"inLanguage\":\"fr-FR\",\"@id\":\"https:\\\/\\\/ecosupplements.be\\\/fr\\\/produit\\\/nordic-naturals-arctic-cod-liver-oil-750mg-lemon-180-softgels\\\/#primaryimage\",\"url\":\"https:\\\/\\\/ecosupplements.be\\\/wp-content\\\/uploads\\\/2025\\\/08\\\/Nordic-Naturals-Arctic-Cod-Liver-Oil-750mg-Lemon-180-softgels.webp\",\"contentUrl\":\"https:\\\/\\\/ecosupplements.be\\\/wp-content\\\/uploads\\\/2025\\\/08\\\/Nordic-Naturals-Arctic-Cod-Liver-Oil-750mg-Lemon-180-softgels.webp\",\"width\":750,\"height\":750},{\"@type\":\"BreadcrumbList\",\"@id\":\"https:\\\/\\\/ecosupplements.be\\\/fr\\\/produit\\\/nordic-naturals-arctic-cod-liver-oil-750mg-lemon-180-softgels\\\/#breadcrumb\",\"itemListElement\":[{\"@type\":\"ListItem\",\"position\":1,\"name\":\"Home\",\"item\":\"https:\\\/\\\/ecosupplements.be\\\/fr\\\/\"},{\"@type\":\"ListItem\",\"position\":2,\"name\":\"Boutique\",\"item\":\"https:\\\/\\\/ecosupplements.be\\\/fr\\\/boutique\\\/\"},{\"@type\":\"ListItem\",\"position\":3,\"name\":\"Nordic Naturals &#8211; Huile de foie de morue arctique, 750mg citron &#8211; 180 capsules molles\"}]},{\"@type\":\"WebSite\",\"@id\":\"https:\\\/\\\/ecosupplements.be\\\/fr\\\/#website\",\"url\":\"https:\\\/\\\/ecosupplements.be\\\/fr\\\/\",\"name\":\"ECO Supplements\",\"description\":\"Eco Supplements - Gezonde supplementen\",\"publisher\":{\"@id\":\"https:\\\/\\\/ecosupplements.be\\\/fr\\\/#organization\"},\"potentialAction\":[{\"@type\":\"SearchAction\",\"target\":{\"@type\":\"EntryPoint\",\"urlTemplate\":\"https:\\\/\\\/ecosupplements.be\\\/fr\\\/?s={search_term_string}\"},\"query-input\":{\"@type\":\"PropertyValueSpecification\",\"valueRequired\":true,\"valueName\":\"search_term_string\"}}],\"inLanguage\":\"fr-FR\"},{\"@type\":\"Organization\",\"@id\":\"https:\\\/\\\/ecosupplements.be\\\/fr\\\/#organization\",\"name\":\"Eco Supplements\",\"url\":\"https:\\\/\\\/ecosupplements.be\\\/fr\\\/\",\"logo\":{\"@type\":\"ImageObject\",\"inLanguage\":\"fr-FR\",\"@id\":\"https:\\\/\\\/ecosupplements.be\\\/fr\\\/#\\\/schema\\\/logo\\\/image\\\/\",\"url\":\"https:\\\/\\\/ecosupplements.be\\\/wp-content\\\/uploads\\\/2022\\\/06\\\/ecosupplement-family.png\",\"contentUrl\":\"https:\\\/\\\/ecosupplements.be\\\/wp-content\\\/uploads\\\/2022\\\/06\\\/ecosupplement-family.png\",\"width\":593,\"height\":374,\"caption\":\"Eco Supplements\"},\"image\":{\"@id\":\"https:\\\/\\\/ecosupplements.be\\\/fr\\\/#\\\/schema\\\/logo\\\/image\\\/\"}}]}<\/script>\n<meta property=\"product:brand\" content=\"Nordic Naturals\" \/>\n<meta property=\"product:price:amount\" content=\"54.59\" \/>\n<meta property=\"product:price:currency\" content=\"EUR\" \/>\n<meta property=\"og:availability\" content=\"out of stock\" \/>\n<meta property=\"product:availability\" content=\"out of stock\" \/>\n<meta property=\"product:retailer_item_id\" content=\"768990891304\" \/>\n<meta property=\"product:condition\" content=\"new\" \/>\n<!-- \/ Yoast SEO Premium plugin. -->","yoast_head_json":{"title":"Nordic Naturals - Huile de foie de morue arctique, 750mg citron - 180 capsules molles - ECO Supplements","description":"Wij hebben een ruime keuze aan producten van Nordic Naturals - Huile de foie de morue arctique, 750mg citron - 180 capsules molles . Winkel bij Eco Supplements altijd gratis verzending boven 100\u20ac","robots":{"index":"index","follow":"follow","max-snippet":"max-snippet:-1","max-image-preview":"max-image-preview:large","max-video-preview":"max-video-preview:-1"},"canonical":"https:\/\/ecosupplements.be\/fr\/produit\/nordic-naturals-arctic-cod-liver-oil-750mg-lemon-180-softgels\/","og_locale":"fr_FR","og_type":"article","og_title":"Nordic Naturals - Huile de foie de morue arctique, 750mg citron - 180 capsules molles","og_description":"Wij hebben een ruime keuze aan producten van Nordic Naturals - Huile de foie de morue arctique, 750mg citron - 180 capsules molles . Winkel bij Eco Supplements altijd gratis verzending boven 100\u20ac","og_url":"https:\/\/ecosupplements.be\/fr\/produit\/nordic-naturals-arctic-cod-liver-oil-750mg-lemon-180-softgels\/","og_site_name":"ECO Supplements","article_modified_time":"2025-08-27T14:44:02+00:00","og_image":[{"width":750,"height":750,"url":"https:\/\/ecosupplements.be\/wp-content\/uploads\/2025\/08\/Nordic-Naturals-Arctic-Cod-Liver-Oil-750mg-Lemon-180-softgels.webp","type":"image\/webp"}],"twitter_card":"summary_large_image","twitter_misc":{"Prix":"54.59&nbsp;&euro;","Disponibilit\u00e9":"Rupture de stock"},"schema":{"@context":"https:\/\/schema.org","@graph":[{"@type":["WebPage","ItemPage"],"@id":"https:\/\/ecosupplements.be\/fr\/produit\/nordic-naturals-arctic-cod-liver-oil-750mg-lemon-180-softgels\/","url":"https:\/\/ecosupplements.be\/fr\/produit\/nordic-naturals-arctic-cod-liver-oil-750mg-lemon-180-softgels\/","name":"Nordic Naturals - Huile de foie de morue arctique, 750mg citron - 180 capsules molles - ECO Supplements","isPartOf":{"@id":"https:\/\/ecosupplements.be\/fr\/#website"},"primaryImageOfPage":{"@id":"https:\/\/ecosupplements.be\/fr\/produit\/nordic-naturals-arctic-cod-liver-oil-750mg-lemon-180-softgels\/#primaryimage"},"image":{"@id":"https:\/\/ecosupplements.be\/fr\/produit\/nordic-naturals-arctic-cod-liver-oil-750mg-lemon-180-softgels\/#primaryimage"},"thumbnailUrl":"https:\/\/ecosupplements.be\/wp-content\/uploads\/2025\/08\/Nordic-Naturals-Arctic-Cod-Liver-Oil-750mg-Lemon-180-softgels.webp","datePublished":"2024-07-05T00:15:54+00:00","dateModified":"2025-08-27T14:44:02+00:00","description":"Wij hebben een ruime keuze aan producten van Nordic Naturals - Huile de foie de morue arctique, 750mg citron - 180 capsules molles . Winkel bij Eco Supplements altijd gratis verzending boven 100\u20ac","breadcrumb":{"@id":"https:\/\/ecosupplements.be\/fr\/produit\/nordic-naturals-arctic-cod-liver-oil-750mg-lemon-180-softgels\/#breadcrumb"},"inLanguage":"fr-FR","potentialAction":[{"@type":"ReadAction","target":["https:\/\/ecosupplements.be\/fr\/produit\/nordic-naturals-arctic-cod-liver-oil-750mg-lemon-180-softgels\/"]}]},{"@type":"ImageObject","inLanguage":"fr-FR","@id":"https:\/\/ecosupplements.be\/fr\/produit\/nordic-naturals-arctic-cod-liver-oil-750mg-lemon-180-softgels\/#primaryimage","url":"https:\/\/ecosupplements.be\/wp-content\/uploads\/2025\/08\/Nordic-Naturals-Arctic-Cod-Liver-Oil-750mg-Lemon-180-softgels.webp","contentUrl":"https:\/\/ecosupplements.be\/wp-content\/uploads\/2025\/08\/Nordic-Naturals-Arctic-Cod-Liver-Oil-750mg-Lemon-180-softgels.webp","width":750,"height":750},{"@type":"BreadcrumbList","@id":"https:\/\/ecosupplements.be\/fr\/produit\/nordic-naturals-arctic-cod-liver-oil-750mg-lemon-180-softgels\/#breadcrumb","itemListElement":[{"@type":"ListItem","position":1,"name":"Home","item":"https:\/\/ecosupplements.be\/fr\/"},{"@type":"ListItem","position":2,"name":"Boutique","item":"https:\/\/ecosupplements.be\/fr\/boutique\/"},{"@type":"ListItem","position":3,"name":"Nordic Naturals &#8211; Huile de foie de morue arctique, 750mg citron &#8211; 180 capsules molles"}]},{"@type":"WebSite","@id":"https:\/\/ecosupplements.be\/fr\/#website","url":"https:\/\/ecosupplements.be\/fr\/","name":"ECO Supplements","description":"Eco Supplements - Gezonde supplementen","publisher":{"@id":"https:\/\/ecosupplements.be\/fr\/#organization"},"potentialAction":[{"@type":"SearchAction","target":{"@type":"EntryPoint","urlTemplate":"https:\/\/ecosupplements.be\/fr\/?s={search_term_string}"},"query-input":{"@type":"PropertyValueSpecification","valueRequired":true,"valueName":"search_term_string"}}],"inLanguage":"fr-FR"},{"@type":"Organization","@id":"https:\/\/ecosupplements.be\/fr\/#organization","name":"Eco Supplements","url":"https:\/\/ecosupplements.be\/fr\/","logo":{"@type":"ImageObject","inLanguage":"fr-FR","@id":"https:\/\/ecosupplements.be\/fr\/#\/schema\/logo\/image\/","url":"https:\/\/ecosupplements.be\/wp-content\/uploads\/2022\/06\/ecosupplement-family.png","contentUrl":"https:\/\/ecosupplements.be\/wp-content\/uploads\/2022\/06\/ecosupplement-family.png","width":593,"height":374,"caption":"Eco Supplements"},"image":{"@id":"https:\/\/ecosupplements.be\/fr\/#\/schema\/logo\/image\/"}}]},"product_brand":"Nordic Naturals","product_price_amount":"54.59","product_price_currency":"EUR","og_availability":"out of stock","product_availability":"out of stock","product_retailer_item_id":"768990891304","product_condition":"new"},"_links":{"self":[{"href":"https:\/\/ecosupplements.be\/fr\/wp-json\/wp\/v2\/product\/292269","targetHints":{"allow":["GET"]}}],"collection":[{"href":"https:\/\/ecosupplements.be\/fr\/wp-json\/wp\/v2\/product"}],"about":[{"href":"https:\/\/ecosupplements.be\/fr\/wp-json\/wp\/v2\/types\/product"}],"replies":[{"embeddable":true,"href":"https:\/\/ecosupplements.be\/fr\/wp-json\/wp\/v2\/comments?post=292269"}],"wp:featuredmedia":[{"embeddable":true,"href":"https:\/\/ecosupplements.be\/fr\/wp-json\/wp\/v2\/media\/292270"}],"wp:attachment":[{"href":"https:\/\/ecosupplements.be\/fr\/wp-json\/wp\/v2\/media?parent=292269"}],"wp:term":[{"taxonomy":"product_brand","embeddable":true,"href":"https:\/\/ecosupplements.be\/fr\/wp-json\/wp\/v2\/product_brand?post=292269"},{"taxonomy":"product_cat","embeddable":true,"href":"https:\/\/ecosupplements.be\/fr\/wp-json\/wp\/v2\/product_cat?post=292269"},{"taxonomy":"product_tag","embeddable":true,"href":"https:\/\/ecosupplements.be\/fr\/wp-json\/wp\/v2\/product_tag?post=292269"}],"curies":[{"name":"wp","href":"https:\/\/api.w.org\/{rel}","templated":true}]}}