{"id":292512,"date":"2025-04-13T17:56:34","date_gmt":"2025-04-13T16:56:34","guid":{"rendered":"https:\/\/ecosupplements.be\/product\/natures-way-natures-way-alpha-betic-multivitamin-30-tablets\/"},"modified":"2025-08-27T15:47:06","modified_gmt":"2025-08-27T14:47:06","slug":"natures-way-natures-way-alpha-betic-multivitamin-30-tablets","status":"publish","type":"product","link":"https:\/\/ecosupplements.be\/fr\/produit\/natures-way-natures-way-alpha-betic-multivitamin-30-tablets\/","title":{"rendered":"Nature&#8217;s Way &#8211; Alpha Betic\u00ae Multivitamin (30 comprim\u00e9s)"},"content":{"rendered":"<h2>Nature&#8217;s Way &#8211; Alpha Betic\u00ae Multivitamin (30 Tablets)<\/h2>\n<p>D\u00e9couvrez le multivitamine Alpha Betic\u00ae de Nature&#8217;s Way,con\u00e7u avec des ingr\u00e9dients d&#8217;origine naturelle pour compl\u00e9ter votre quotidien. Chaque tablette est formul\u00e9e avec soin, int\u00e9grant une s\u00e9lection de vitamines et min\u00e9raux essentiels sans all\u00e9gations m\u00e9dicales.<\/p>\n<p>Ce produit se pr\u00e9sente sous forme de tablettes faciles \u00e0 consommer, conditionn\u00e9es dans un emballage pratique contenant 30 unit\u00e9s. La dose journali\u00e8re recommand\u00e9e est clairement indiqu\u00e9e pour une utilisation simplifi\u00e9e.<\/p>\n<p>Les ingr\u00e9dients principaux incluent des extraits de plantes et des composants naturels reconnus pour leur puret\u00e9 et leur qualit\u00e9 sup\u00e9rieure. Leur s\u00e9lection rigoureuse garantit un produit final respectueux de votre mode de vie actif et \u00e9quilibr\u00e9.<\/p>\n<p>Alpha Betic\u00ae Multivitamin est un choix parfait pour ceux qui appr\u00e9cient les produits pratiques au quotidien tout en privil\u00e9giant les composants naturels. Int\u00e9grez-le facilement \u00e0 votre routine journali\u00e8re pour compl\u00e9menter votre alimentation sans pr\u00e9tentions th\u00e9rapeutiques.<\/p>\n","protected":false},"excerpt":{"rendered":"<p>Nature&#8217;s Way &#8211; Alpha Betic\u00ae Multivitamin (30 Tablets) D\u00e9couvrez le multivitamine Alpha Betic\u00ae de Nature&#8217;s Way,con\u00e7u avec des ingr\u00e9dients d&#8217;origine naturelle pour compl\u00e9ter votre quotidien. Chaque tablette est formul\u00e9e avec soin, int\u00e9grant une s\u00e9lection de vitamines et min\u00e9raux essentiels sans all\u00e9gations m\u00e9dicales. Ce produit se pr\u00e9sente sous forme de tablettes faciles \u00e0 consommer, conditionn\u00e9es dans [&#8230;]\n","protected":false},"featured_media":268873,"comment_status":"closed","ping_status":"open","template":"","meta":[],"product_brand":[5306],"product_cat":[5052],"product_tag":[],"class_list":{"0":"post-292512","1":"product","2":"type-product","3":"status-publish","4":"has-post-thumbnail","6":"product_brand-natures-way-2","7":"product_cat-sante-et-bien-etre","9":"first","10":"instock","11":"taxable","12":"shipping-taxable","13":"purchasable","14":"product-type-simple"},"yoast_head":"<!-- This site is optimized with the Yoast SEO Premium plugin v27.3 (Yoast SEO v27.3) - https:\/\/yoast.com\/product\/yoast-seo-premium-wordpress\/ -->\n<title>Nature&#039;s Way - Alpha Betic\u00ae Multivitamin (30 comprim\u00e9s) - ECO Supplements<\/title>\n<meta name=\"description\" content=\"Wij hebben een ruime keuze aan producten van Nature&#039;s Way - Alpha Betic\u00ae Multivitamin (30 comprim\u00e9s) . Winkel bij Eco Supplements altijd gratis verzending boven 100\u20ac\" \/>\n<meta name=\"robots\" content=\"index, follow, max-snippet:-1, max-image-preview:large, max-video-preview:-1\" \/>\n<link rel=\"canonical\" href=\"https:\/\/ecosupplements.be\/fr\/produit\/natures-way-natures-way-alpha-betic-multivitamin-30-tablets\/\" \/>\n<meta property=\"og:locale\" content=\"fr_FR\" \/>\n<meta property=\"og:type\" content=\"article\" \/>\n<meta property=\"og:title\" content=\"Nature&#039;s Way - Alpha Betic\u00ae Multivitamin (30 comprim\u00e9s)\" \/>\n<meta property=\"og:description\" content=\"Wij hebben een ruime keuze aan producten van Nature&#039;s Way - Alpha Betic\u00ae Multivitamin (30 comprim\u00e9s) . Winkel bij Eco Supplements altijd gratis verzending boven 100\u20ac\" \/>\n<meta property=\"og:url\" content=\"https:\/\/ecosupplements.be\/fr\/produit\/natures-way-natures-way-alpha-betic-multivitamin-30-tablets\/\" \/>\n<meta property=\"og:site_name\" content=\"ECO Supplements\" \/>\n<meta property=\"article:modified_time\" content=\"2025-08-27T14:47:06+00:00\" \/>\n<meta property=\"og:image\" content=\"https:\/\/ecosupplements.be\/wp-content\/uploads\/2025\/08\/Natures-Way-Natures-Way-Alpha-Betic\u00ae-Multivitamin-30-Tablets.webp\" \/>\n\t<meta property=\"og:image:width\" content=\"750\" \/>\n\t<meta property=\"og:image:height\" content=\"750\" \/>\n\t<meta property=\"og:image:type\" content=\"image\/webp\" \/>\n<meta name=\"twitter:card\" content=\"summary_large_image\" \/>\n<meta name=\"twitter:label1\" content=\"Prix\" \/>\n\t<meta name=\"twitter:data1\" content=\"18.42&nbsp;&euro;\" \/>\n\t<meta name=\"twitter:label2\" content=\"Disponibilit\u00e9\" \/>\n\t<meta name=\"twitter:data2\" content=\"En stock\" \/>\n<script type=\"application\/ld+json\" class=\"yoast-schema-graph\">{\"@context\":\"https:\\\/\\\/schema.org\",\"@graph\":[{\"@type\":[\"WebPage\",\"ItemPage\"],\"@id\":\"https:\\\/\\\/ecosupplements.be\\\/fr\\\/produit\\\/natures-way-natures-way-alpha-betic-multivitamin-30-tablets\\\/\",\"url\":\"https:\\\/\\\/ecosupplements.be\\\/fr\\\/produit\\\/natures-way-natures-way-alpha-betic-multivitamin-30-tablets\\\/\",\"name\":\"Nature's Way - Alpha Betic\u00ae Multivitamin (30 comprim\u00e9s) - ECO Supplements\",\"isPartOf\":{\"@id\":\"https:\\\/\\\/ecosupplements.be\\\/fr\\\/#website\"},\"primaryImageOfPage\":{\"@id\":\"https:\\\/\\\/ecosupplements.be\\\/fr\\\/produit\\\/natures-way-natures-way-alpha-betic-multivitamin-30-tablets\\\/#primaryimage\"},\"image\":{\"@id\":\"https:\\\/\\\/ecosupplements.be\\\/fr\\\/produit\\\/natures-way-natures-way-alpha-betic-multivitamin-30-tablets\\\/#primaryimage\"},\"thumbnailUrl\":\"https:\\\/\\\/ecosupplements.be\\\/wp-content\\\/uploads\\\/2025\\\/08\\\/Natures-Way-Alpha-Betic\u00ae-Multivitamin-30-Tablets.webp\",\"datePublished\":\"2025-04-13T16:56:34+00:00\",\"dateModified\":\"2025-08-27T14:47:06+00:00\",\"description\":\"Wij hebben een ruime keuze aan producten van Nature's Way - Alpha Betic\u00ae Multivitamin (30 comprim\u00e9s) . Winkel bij Eco Supplements altijd gratis verzending boven 100\u20ac\",\"breadcrumb\":{\"@id\":\"https:\\\/\\\/ecosupplements.be\\\/fr\\\/produit\\\/natures-way-natures-way-alpha-betic-multivitamin-30-tablets\\\/#breadcrumb\"},\"inLanguage\":\"fr-FR\",\"potentialAction\":[{\"@type\":\"ReadAction\",\"target\":[\"https:\\\/\\\/ecosupplements.be\\\/fr\\\/produit\\\/natures-way-natures-way-alpha-betic-multivitamin-30-tablets\\\/\"]}]},{\"@type\":\"ImageObject\",\"inLanguage\":\"fr-FR\",\"@id\":\"https:\\\/\\\/ecosupplements.be\\\/fr\\\/produit\\\/natures-way-natures-way-alpha-betic-multivitamin-30-tablets\\\/#primaryimage\",\"url\":\"https:\\\/\\\/ecosupplements.be\\\/wp-content\\\/uploads\\\/2025\\\/08\\\/Natures-Way-Alpha-Betic\u00ae-Multivitamin-30-Tablets.webp\",\"contentUrl\":\"https:\\\/\\\/ecosupplements.be\\\/wp-content\\\/uploads\\\/2025\\\/08\\\/Natures-Way-Alpha-Betic\u00ae-Multivitamin-30-Tablets.webp\",\"width\":1000,\"height\":1000},{\"@type\":\"BreadcrumbList\",\"@id\":\"https:\\\/\\\/ecosupplements.be\\\/fr\\\/produit\\\/natures-way-natures-way-alpha-betic-multivitamin-30-tablets\\\/#breadcrumb\",\"itemListElement\":[{\"@type\":\"ListItem\",\"position\":1,\"name\":\"Home\",\"item\":\"https:\\\/\\\/ecosupplements.be\\\/fr\\\/\"},{\"@type\":\"ListItem\",\"position\":2,\"name\":\"Boutique\",\"item\":\"https:\\\/\\\/ecosupplements.be\\\/fr\\\/boutique\\\/\"},{\"@type\":\"ListItem\",\"position\":3,\"name\":\"Nature&#8217;s Way &#8211; Alpha Betic\u00ae Multivitamin (30 comprim\u00e9s)\"}]},{\"@type\":\"WebSite\",\"@id\":\"https:\\\/\\\/ecosupplements.be\\\/fr\\\/#website\",\"url\":\"https:\\\/\\\/ecosupplements.be\\\/fr\\\/\",\"name\":\"ECO Supplements\",\"description\":\"Eco Supplements - Gezonde supplementen\",\"publisher\":{\"@id\":\"https:\\\/\\\/ecosupplements.be\\\/fr\\\/#organization\"},\"potentialAction\":[{\"@type\":\"SearchAction\",\"target\":{\"@type\":\"EntryPoint\",\"urlTemplate\":\"https:\\\/\\\/ecosupplements.be\\\/fr\\\/?s={search_term_string}\"},\"query-input\":{\"@type\":\"PropertyValueSpecification\",\"valueRequired\":true,\"valueName\":\"search_term_string\"}}],\"inLanguage\":\"fr-FR\"},{\"@type\":\"Organization\",\"@id\":\"https:\\\/\\\/ecosupplements.be\\\/fr\\\/#organization\",\"name\":\"Eco Supplements\",\"url\":\"https:\\\/\\\/ecosupplements.be\\\/fr\\\/\",\"logo\":{\"@type\":\"ImageObject\",\"inLanguage\":\"fr-FR\",\"@id\":\"https:\\\/\\\/ecosupplements.be\\\/fr\\\/#\\\/schema\\\/logo\\\/image\\\/\",\"url\":\"https:\\\/\\\/ecosupplements.be\\\/wp-content\\\/uploads\\\/2022\\\/06\\\/ecosupplement-family.png\",\"contentUrl\":\"https:\\\/\\\/ecosupplements.be\\\/wp-content\\\/uploads\\\/2022\\\/06\\\/ecosupplement-family.png\",\"width\":593,\"height\":374,\"caption\":\"Eco Supplements\"},\"image\":{\"@id\":\"https:\\\/\\\/ecosupplements.be\\\/fr\\\/#\\\/schema\\\/logo\\\/image\\\/\"}}]}<\/script>\n<meta property=\"product:brand\" content=\"Natures Way\" \/>\n<meta property=\"product:price:amount\" content=\"18.42\" \/>\n<meta property=\"product:price:currency\" content=\"EUR\" \/>\n<meta property=\"og:availability\" content=\"instock\" \/>\n<meta property=\"product:availability\" content=\"instock\" \/>\n<meta property=\"product:retailer_item_id\" content=\"020065600380\" \/>\n<meta property=\"product:condition\" content=\"new\" \/>\n<!-- \/ Yoast SEO Premium plugin. -->","yoast_head_json":{"title":"Nature's Way - Alpha Betic\u00ae Multivitamin (30 comprim\u00e9s) - ECO Supplements","description":"Wij hebben een ruime keuze aan producten van Nature's Way - Alpha Betic\u00ae Multivitamin (30 comprim\u00e9s) . Winkel bij Eco Supplements altijd gratis verzending boven 100\u20ac","robots":{"index":"index","follow":"follow","max-snippet":"max-snippet:-1","max-image-preview":"max-image-preview:large","max-video-preview":"max-video-preview:-1"},"canonical":"https:\/\/ecosupplements.be\/fr\/produit\/natures-way-natures-way-alpha-betic-multivitamin-30-tablets\/","og_locale":"fr_FR","og_type":"article","og_title":"Nature's Way - Alpha Betic\u00ae Multivitamin (30 comprim\u00e9s)","og_description":"Wij hebben een ruime keuze aan producten van Nature's Way - Alpha Betic\u00ae Multivitamin (30 comprim\u00e9s) . Winkel bij Eco Supplements altijd gratis verzending boven 100\u20ac","og_url":"https:\/\/ecosupplements.be\/fr\/produit\/natures-way-natures-way-alpha-betic-multivitamin-30-tablets\/","og_site_name":"ECO Supplements","article_modified_time":"2025-08-27T14:47:06+00:00","og_image":[{"width":750,"height":750,"url":"https:\/\/ecosupplements.be\/wp-content\/uploads\/2025\/08\/Natures-Way-Natures-Way-Alpha-Betic\u00ae-Multivitamin-30-Tablets.webp","type":"image\/webp"}],"twitter_card":"summary_large_image","twitter_misc":{"Prix":"18.42&nbsp;&euro;","Disponibilit\u00e9":"En stock"},"schema":{"@context":"https:\/\/schema.org","@graph":[{"@type":["WebPage","ItemPage"],"@id":"https:\/\/ecosupplements.be\/fr\/produit\/natures-way-natures-way-alpha-betic-multivitamin-30-tablets\/","url":"https:\/\/ecosupplements.be\/fr\/produit\/natures-way-natures-way-alpha-betic-multivitamin-30-tablets\/","name":"Nature's Way - Alpha Betic\u00ae Multivitamin (30 comprim\u00e9s) - ECO Supplements","isPartOf":{"@id":"https:\/\/ecosupplements.be\/fr\/#website"},"primaryImageOfPage":{"@id":"https:\/\/ecosupplements.be\/fr\/produit\/natures-way-natures-way-alpha-betic-multivitamin-30-tablets\/#primaryimage"},"image":{"@id":"https:\/\/ecosupplements.be\/fr\/produit\/natures-way-natures-way-alpha-betic-multivitamin-30-tablets\/#primaryimage"},"thumbnailUrl":"https:\/\/ecosupplements.be\/wp-content\/uploads\/2025\/08\/Natures-Way-Alpha-Betic\u00ae-Multivitamin-30-Tablets.webp","datePublished":"2025-04-13T16:56:34+00:00","dateModified":"2025-08-27T14:47:06+00:00","description":"Wij hebben een ruime keuze aan producten van Nature's Way - Alpha Betic\u00ae Multivitamin (30 comprim\u00e9s) . Winkel bij Eco Supplements altijd gratis verzending boven 100\u20ac","breadcrumb":{"@id":"https:\/\/ecosupplements.be\/fr\/produit\/natures-way-natures-way-alpha-betic-multivitamin-30-tablets\/#breadcrumb"},"inLanguage":"fr-FR","potentialAction":[{"@type":"ReadAction","target":["https:\/\/ecosupplements.be\/fr\/produit\/natures-way-natures-way-alpha-betic-multivitamin-30-tablets\/"]}]},{"@type":"ImageObject","inLanguage":"fr-FR","@id":"https:\/\/ecosupplements.be\/fr\/produit\/natures-way-natures-way-alpha-betic-multivitamin-30-tablets\/#primaryimage","url":"https:\/\/ecosupplements.be\/wp-content\/uploads\/2025\/08\/Natures-Way-Alpha-Betic\u00ae-Multivitamin-30-Tablets.webp","contentUrl":"https:\/\/ecosupplements.be\/wp-content\/uploads\/2025\/08\/Natures-Way-Alpha-Betic\u00ae-Multivitamin-30-Tablets.webp","width":1000,"height":1000},{"@type":"BreadcrumbList","@id":"https:\/\/ecosupplements.be\/fr\/produit\/natures-way-natures-way-alpha-betic-multivitamin-30-tablets\/#breadcrumb","itemListElement":[{"@type":"ListItem","position":1,"name":"Home","item":"https:\/\/ecosupplements.be\/fr\/"},{"@type":"ListItem","position":2,"name":"Boutique","item":"https:\/\/ecosupplements.be\/fr\/boutique\/"},{"@type":"ListItem","position":3,"name":"Nature&#8217;s Way &#8211; Alpha Betic\u00ae Multivitamin (30 comprim\u00e9s)"}]},{"@type":"WebSite","@id":"https:\/\/ecosupplements.be\/fr\/#website","url":"https:\/\/ecosupplements.be\/fr\/","name":"ECO Supplements","description":"Eco Supplements - Gezonde supplementen","publisher":{"@id":"https:\/\/ecosupplements.be\/fr\/#organization"},"potentialAction":[{"@type":"SearchAction","target":{"@type":"EntryPoint","urlTemplate":"https:\/\/ecosupplements.be\/fr\/?s={search_term_string}"},"query-input":{"@type":"PropertyValueSpecification","valueRequired":true,"valueName":"search_term_string"}}],"inLanguage":"fr-FR"},{"@type":"Organization","@id":"https:\/\/ecosupplements.be\/fr\/#organization","name":"Eco Supplements","url":"https:\/\/ecosupplements.be\/fr\/","logo":{"@type":"ImageObject","inLanguage":"fr-FR","@id":"https:\/\/ecosupplements.be\/fr\/#\/schema\/logo\/image\/","url":"https:\/\/ecosupplements.be\/wp-content\/uploads\/2022\/06\/ecosupplement-family.png","contentUrl":"https:\/\/ecosupplements.be\/wp-content\/uploads\/2022\/06\/ecosupplement-family.png","width":593,"height":374,"caption":"Eco Supplements"},"image":{"@id":"https:\/\/ecosupplements.be\/fr\/#\/schema\/logo\/image\/"}}]},"product_brand":"Natures Way","product_price_amount":"18.42","product_price_currency":"EUR","og_availability":"instock","product_availability":"instock","product_retailer_item_id":"020065600380","product_condition":"new"},"_links":{"self":[{"href":"https:\/\/ecosupplements.be\/fr\/wp-json\/wp\/v2\/product\/292512","targetHints":{"allow":["GET"]}}],"collection":[{"href":"https:\/\/ecosupplements.be\/fr\/wp-json\/wp\/v2\/product"}],"about":[{"href":"https:\/\/ecosupplements.be\/fr\/wp-json\/wp\/v2\/types\/product"}],"replies":[{"embeddable":true,"href":"https:\/\/ecosupplements.be\/fr\/wp-json\/wp\/v2\/comments?post=292512"}],"wp:featuredmedia":[{"embeddable":true,"href":"https:\/\/ecosupplements.be\/fr\/wp-json\/wp\/v2\/media\/268873"}],"wp:attachment":[{"href":"https:\/\/ecosupplements.be\/fr\/wp-json\/wp\/v2\/media?parent=292512"}],"wp:term":[{"taxonomy":"product_brand","embeddable":true,"href":"https:\/\/ecosupplements.be\/fr\/wp-json\/wp\/v2\/product_brand?post=292512"},{"taxonomy":"product_cat","embeddable":true,"href":"https:\/\/ecosupplements.be\/fr\/wp-json\/wp\/v2\/product_cat?post=292512"},{"taxonomy":"product_tag","embeddable":true,"href":"https:\/\/ecosupplements.be\/fr\/wp-json\/wp\/v2\/product_tag?post=292512"}],"curies":[{"name":"wp","href":"https:\/\/api.w.org\/{rel}","templated":true}]}}