{"id":292518,"date":"2025-04-13T17:57:55","date_gmt":"2025-04-13T16:57:55","guid":{"rendered":"https:\/\/ecosupplements.be\/product\/natures-way-natures-way-alive-womens-gummy-multivitamin-150-gummies-mixed-berry\/"},"modified":"2025-08-27T15:47:11","modified_gmt":"2025-08-27T14:47:11","slug":"natures-way-natures-way-alive-womens-gummy-multivitamin-150-gummies-mixed-berry","status":"publish","type":"product","link":"https:\/\/ecosupplements.be\/fr\/produit\/natures-way-natures-way-alive-womens-gummy-multivitamin-150-gummies-mixed-berry\/","title":{"rendered":"Nature&#8217;s Way &#8211; Alive!\u00ae Multivitamines Gommes pour Femmes (150 gommes, Baies M\u00e9lang\u00e9es)"},"content":{"rendered":"<h2>nature&#8217;s way &#8211; Alive!\u00ae Women\u2019s Gummy Multivitamin (150 Gummies, Mixed Berry)<\/h2>\n<p>D\u00e9couvrez les gommes multivitamines pour femmes de Nature&#8217;s Way, con\u00e7ues pour s&#8217;int\u00e9grer harmonieusement \u00e0 votre quotidien. Chaque gomme est formul\u00e9e avec une s\u00e9lection d&#8217;ingr\u00e9dients d&#8217;origine naturelle, offrant un m\u00e9lange savoureux de saveurs de baies.<\/p>\n<p>ces gummies sont un choix parfait pour ceux qui appr\u00e9cient les produits pratiques et naturels. Elles sont faciles \u00e0 consommer gr\u00e2ce \u00e0 leur texture agr\u00e9able et leur go\u00fbt d\u00e9licieux de fruits rouges.<\/p>\n<ul>\n<li><strong>Ingr\u00e9dients principaux :<\/strong> Un assortiment riche en vitamines essentielles, extraites de sources naturelles pour assurer une grande puret\u00e9.<\/li>\n<li><strong>Contenu et emballage :<\/strong> Ce produit est pr\u00e9sent\u00e9 dans un flacon contenant 150 gummies.<\/li>\n<li><strong>Utilisation :<\/strong> Pour une utilisation quotidienne, suivez la dose recommand\u00e9e indiqu\u00e9e sur l&#8217;emballage.<\/li>\n<\/ul>\n<p>Ce produit est id\u00e9al pour accompagner un mode de vie actif et \u00e9quilibr\u00e9. Profitez chaque jour d&#8217;un moment d\u00e9licieux avec les gummies multivitamines Alive!\u00ae Women\u2019s de Nature&#8217;s Way.<\/p>\n<p>Faites le choix d&#8217;un compl\u00e9ment simple et pratique au quotidien avec ces gummies enrichies en saveurs naturelles!<\/p>\n","protected":false},"excerpt":{"rendered":"<p>nature&#8217;s way &#8211; Alive!\u00ae Women\u2019s Gummy Multivitamin (150 Gummies, Mixed Berry) D\u00e9couvrez les gommes multivitamines pour femmes de Nature&#8217;s Way, con\u00e7ues pour s&#8217;int\u00e9grer harmonieusement \u00e0 votre quotidien. Chaque gomme est formul\u00e9e avec une s\u00e9lection d&#8217;ingr\u00e9dients d&#8217;origine naturelle, offrant un m\u00e9lange savoureux de saveurs de baies. ces gummies sont un choix parfait pour ceux qui appr\u00e9cient [&#8230;]\n","protected":false},"featured_media":292519,"comment_status":"closed","ping_status":"open","template":"","meta":[],"product_brand":[5306],"product_cat":[5052],"product_tag":[],"class_list":{"0":"post-292518","1":"product","2":"type-product","3":"status-publish","4":"has-post-thumbnail","6":"product_brand-natures-way-2","7":"product_cat-sante-et-bien-etre","9":"first","10":"instock","11":"taxable","12":"shipping-taxable","13":"purchasable","14":"product-type-simple"},"yoast_head":"<!-- This site is optimized with the Yoast SEO Premium plugin v27.3 (Yoast SEO v27.3) - https:\/\/yoast.com\/product\/yoast-seo-premium-wordpress\/ -->\n<title>Nature&#039;s Way - Alive!\u00ae Multivitamines Gommes pour Femmes (150 gommes, Baies M\u00e9lang\u00e9es) - ECO Supplements<\/title>\n<meta name=\"description\" content=\"Wij hebben een ruime keuze aan producten van Nature&#039;s Way - Alive!\u00ae Multivitamines Gommes pour Femmes (150 gommes, Baies M\u00e9lang\u00e9es) . Winkel bij Eco Supplements altijd gratis verzending boven 100\u20ac\" \/>\n<meta name=\"robots\" content=\"index, follow, max-snippet:-1, max-image-preview:large, max-video-preview:-1\" \/>\n<link rel=\"canonical\" href=\"https:\/\/ecosupplements.be\/fr\/produit\/natures-way-natures-way-alive-womens-gummy-multivitamin-150-gummies-mixed-berry\/\" \/>\n<meta property=\"og:locale\" content=\"fr_FR\" \/>\n<meta property=\"og:type\" content=\"article\" \/>\n<meta property=\"og:title\" content=\"Nature&#039;s Way - Alive!\u00ae Multivitamines Gommes pour Femmes (150 gommes, Baies M\u00e9lang\u00e9es)\" \/>\n<meta property=\"og:description\" content=\"Wij hebben een ruime keuze aan producten van Nature&#039;s Way - Alive!\u00ae Multivitamines Gommes pour Femmes (150 gommes, Baies M\u00e9lang\u00e9es) . Winkel bij Eco Supplements altijd gratis verzending boven 100\u20ac\" \/>\n<meta property=\"og:url\" content=\"https:\/\/ecosupplements.be\/fr\/produit\/natures-way-natures-way-alive-womens-gummy-multivitamin-150-gummies-mixed-berry\/\" \/>\n<meta property=\"og:site_name\" content=\"ECO Supplements\" \/>\n<meta property=\"article:modified_time\" content=\"2025-08-27T14:47:11+00:00\" \/>\n<meta property=\"og:image\" content=\"https:\/\/ecosupplements.be\/wp-content\/uploads\/2025\/08\/Natures-Way-Natures-Way-Alive\u00ae-Womens-Gummy-Multivitamin-150-Gummies-Mixed-Berry.webp\" \/>\n\t<meta property=\"og:image:width\" content=\"750\" \/>\n\t<meta property=\"og:image:height\" content=\"750\" \/>\n\t<meta property=\"og:image:type\" content=\"image\/webp\" \/>\n<meta name=\"twitter:card\" content=\"summary_large_image\" \/>\n<meta name=\"twitter:label1\" content=\"Prix\" \/>\n\t<meta name=\"twitter:data1\" content=\"26.78&nbsp;&euro;\" \/>\n\t<meta name=\"twitter:label2\" content=\"Disponibilit\u00e9\" \/>\n\t<meta name=\"twitter:data2\" content=\"En stock\" \/>\n<script type=\"application\/ld+json\" class=\"yoast-schema-graph\">{\"@context\":\"https:\\\/\\\/schema.org\",\"@graph\":[{\"@type\":[\"WebPage\",\"ItemPage\"],\"@id\":\"https:\\\/\\\/ecosupplements.be\\\/fr\\\/produit\\\/natures-way-natures-way-alive-womens-gummy-multivitamin-150-gummies-mixed-berry\\\/\",\"url\":\"https:\\\/\\\/ecosupplements.be\\\/fr\\\/produit\\\/natures-way-natures-way-alive-womens-gummy-multivitamin-150-gummies-mixed-berry\\\/\",\"name\":\"Nature's Way - Alive!\u00ae Multivitamines Gommes pour Femmes (150 gommes, Baies M\u00e9lang\u00e9es) - ECO Supplements\",\"isPartOf\":{\"@id\":\"https:\\\/\\\/ecosupplements.be\\\/fr\\\/#website\"},\"primaryImageOfPage\":{\"@id\":\"https:\\\/\\\/ecosupplements.be\\\/fr\\\/produit\\\/natures-way-natures-way-alive-womens-gummy-multivitamin-150-gummies-mixed-berry\\\/#primaryimage\"},\"image\":{\"@id\":\"https:\\\/\\\/ecosupplements.be\\\/fr\\\/produit\\\/natures-way-natures-way-alive-womens-gummy-multivitamin-150-gummies-mixed-berry\\\/#primaryimage\"},\"thumbnailUrl\":\"https:\\\/\\\/ecosupplements.be\\\/wp-content\\\/uploads\\\/2025\\\/08\\\/Natures-Way-Natures-Way-Alive\u00ae-Womens-Gummy-Multivitamin-150-Gummies-Mixed-Berry.webp\",\"datePublished\":\"2025-04-13T16:57:55+00:00\",\"dateModified\":\"2025-08-27T14:47:11+00:00\",\"description\":\"Wij hebben een ruime keuze aan producten van Nature's Way - Alive!\u00ae Multivitamines Gommes pour Femmes (150 gommes, Baies M\u00e9lang\u00e9es) . Winkel bij Eco Supplements altijd gratis verzending boven 100\u20ac\",\"breadcrumb\":{\"@id\":\"https:\\\/\\\/ecosupplements.be\\\/fr\\\/produit\\\/natures-way-natures-way-alive-womens-gummy-multivitamin-150-gummies-mixed-berry\\\/#breadcrumb\"},\"inLanguage\":\"fr-FR\",\"potentialAction\":[{\"@type\":\"ReadAction\",\"target\":[\"https:\\\/\\\/ecosupplements.be\\\/fr\\\/produit\\\/natures-way-natures-way-alive-womens-gummy-multivitamin-150-gummies-mixed-berry\\\/\"]}]},{\"@type\":\"ImageObject\",\"inLanguage\":\"fr-FR\",\"@id\":\"https:\\\/\\\/ecosupplements.be\\\/fr\\\/produit\\\/natures-way-natures-way-alive-womens-gummy-multivitamin-150-gummies-mixed-berry\\\/#primaryimage\",\"url\":\"https:\\\/\\\/ecosupplements.be\\\/wp-content\\\/uploads\\\/2025\\\/08\\\/Natures-Way-Natures-Way-Alive\u00ae-Womens-Gummy-Multivitamin-150-Gummies-Mixed-Berry.webp\",\"contentUrl\":\"https:\\\/\\\/ecosupplements.be\\\/wp-content\\\/uploads\\\/2025\\\/08\\\/Natures-Way-Natures-Way-Alive\u00ae-Womens-Gummy-Multivitamin-150-Gummies-Mixed-Berry.webp\",\"width\":750,\"height\":750},{\"@type\":\"BreadcrumbList\",\"@id\":\"https:\\\/\\\/ecosupplements.be\\\/fr\\\/produit\\\/natures-way-natures-way-alive-womens-gummy-multivitamin-150-gummies-mixed-berry\\\/#breadcrumb\",\"itemListElement\":[{\"@type\":\"ListItem\",\"position\":1,\"name\":\"Home\",\"item\":\"https:\\\/\\\/ecosupplements.be\\\/fr\\\/\"},{\"@type\":\"ListItem\",\"position\":2,\"name\":\"Boutique\",\"item\":\"https:\\\/\\\/ecosupplements.be\\\/fr\\\/boutique\\\/\"},{\"@type\":\"ListItem\",\"position\":3,\"name\":\"Nature&#8217;s Way &#8211; Alive!\u00ae Multivitamines Gommes pour Femmes (150 gommes, Baies M\u00e9lang\u00e9es)\"}]},{\"@type\":\"WebSite\",\"@id\":\"https:\\\/\\\/ecosupplements.be\\\/fr\\\/#website\",\"url\":\"https:\\\/\\\/ecosupplements.be\\\/fr\\\/\",\"name\":\"ECO Supplements\",\"description\":\"Eco Supplements - Gezonde supplementen\",\"publisher\":{\"@id\":\"https:\\\/\\\/ecosupplements.be\\\/fr\\\/#organization\"},\"potentialAction\":[{\"@type\":\"SearchAction\",\"target\":{\"@type\":\"EntryPoint\",\"urlTemplate\":\"https:\\\/\\\/ecosupplements.be\\\/fr\\\/?s={search_term_string}\"},\"query-input\":{\"@type\":\"PropertyValueSpecification\",\"valueRequired\":true,\"valueName\":\"search_term_string\"}}],\"inLanguage\":\"fr-FR\"},{\"@type\":\"Organization\",\"@id\":\"https:\\\/\\\/ecosupplements.be\\\/fr\\\/#organization\",\"name\":\"Eco Supplements\",\"url\":\"https:\\\/\\\/ecosupplements.be\\\/fr\\\/\",\"logo\":{\"@type\":\"ImageObject\",\"inLanguage\":\"fr-FR\",\"@id\":\"https:\\\/\\\/ecosupplements.be\\\/fr\\\/#\\\/schema\\\/logo\\\/image\\\/\",\"url\":\"https:\\\/\\\/ecosupplements.be\\\/wp-content\\\/uploads\\\/2022\\\/06\\\/ecosupplement-family.png\",\"contentUrl\":\"https:\\\/\\\/ecosupplements.be\\\/wp-content\\\/uploads\\\/2022\\\/06\\\/ecosupplement-family.png\",\"width\":593,\"height\":374,\"caption\":\"Eco Supplements\"},\"image\":{\"@id\":\"https:\\\/\\\/ecosupplements.be\\\/fr\\\/#\\\/schema\\\/logo\\\/image\\\/\"}}]}<\/script>\n<meta property=\"product:brand\" content=\"Natures Way\" \/>\n<meta property=\"product:price:amount\" content=\"26.78\" \/>\n<meta property=\"product:price:currency\" content=\"EUR\" \/>\n<meta property=\"og:availability\" content=\"instock\" \/>\n<meta property=\"product:availability\" content=\"instock\" \/>\n<meta property=\"product:retailer_item_id\" content=\"033674140697\" \/>\n<meta property=\"product:condition\" content=\"new\" \/>\n<!-- \/ Yoast SEO Premium plugin. -->","yoast_head_json":{"title":"Nature's Way - Alive!\u00ae Multivitamines Gommes pour Femmes (150 gommes, Baies M\u00e9lang\u00e9es) - ECO Supplements","description":"Wij hebben een ruime keuze aan producten van Nature's Way - Alive!\u00ae Multivitamines Gommes pour Femmes (150 gommes, Baies M\u00e9lang\u00e9es) . Winkel bij Eco Supplements altijd gratis verzending boven 100\u20ac","robots":{"index":"index","follow":"follow","max-snippet":"max-snippet:-1","max-image-preview":"max-image-preview:large","max-video-preview":"max-video-preview:-1"},"canonical":"https:\/\/ecosupplements.be\/fr\/produit\/natures-way-natures-way-alive-womens-gummy-multivitamin-150-gummies-mixed-berry\/","og_locale":"fr_FR","og_type":"article","og_title":"Nature's Way - Alive!\u00ae Multivitamines Gommes pour Femmes (150 gommes, Baies M\u00e9lang\u00e9es)","og_description":"Wij hebben een ruime keuze aan producten van Nature's Way - Alive!\u00ae Multivitamines Gommes pour Femmes (150 gommes, Baies M\u00e9lang\u00e9es) . Winkel bij Eco Supplements altijd gratis verzending boven 100\u20ac","og_url":"https:\/\/ecosupplements.be\/fr\/produit\/natures-way-natures-way-alive-womens-gummy-multivitamin-150-gummies-mixed-berry\/","og_site_name":"ECO Supplements","article_modified_time":"2025-08-27T14:47:11+00:00","og_image":[{"width":750,"height":750,"url":"https:\/\/ecosupplements.be\/wp-content\/uploads\/2025\/08\/Natures-Way-Natures-Way-Alive\u00ae-Womens-Gummy-Multivitamin-150-Gummies-Mixed-Berry.webp","type":"image\/webp"}],"twitter_card":"summary_large_image","twitter_misc":{"Prix":"26.78&nbsp;&euro;","Disponibilit\u00e9":"En stock"},"schema":{"@context":"https:\/\/schema.org","@graph":[{"@type":["WebPage","ItemPage"],"@id":"https:\/\/ecosupplements.be\/fr\/produit\/natures-way-natures-way-alive-womens-gummy-multivitamin-150-gummies-mixed-berry\/","url":"https:\/\/ecosupplements.be\/fr\/produit\/natures-way-natures-way-alive-womens-gummy-multivitamin-150-gummies-mixed-berry\/","name":"Nature's Way - Alive!\u00ae Multivitamines Gommes pour Femmes (150 gommes, Baies M\u00e9lang\u00e9es) - ECO Supplements","isPartOf":{"@id":"https:\/\/ecosupplements.be\/fr\/#website"},"primaryImageOfPage":{"@id":"https:\/\/ecosupplements.be\/fr\/produit\/natures-way-natures-way-alive-womens-gummy-multivitamin-150-gummies-mixed-berry\/#primaryimage"},"image":{"@id":"https:\/\/ecosupplements.be\/fr\/produit\/natures-way-natures-way-alive-womens-gummy-multivitamin-150-gummies-mixed-berry\/#primaryimage"},"thumbnailUrl":"https:\/\/ecosupplements.be\/wp-content\/uploads\/2025\/08\/Natures-Way-Natures-Way-Alive\u00ae-Womens-Gummy-Multivitamin-150-Gummies-Mixed-Berry.webp","datePublished":"2025-04-13T16:57:55+00:00","dateModified":"2025-08-27T14:47:11+00:00","description":"Wij hebben een ruime keuze aan producten van Nature's Way - Alive!\u00ae Multivitamines Gommes pour Femmes (150 gommes, Baies M\u00e9lang\u00e9es) . Winkel bij Eco Supplements altijd gratis verzending boven 100\u20ac","breadcrumb":{"@id":"https:\/\/ecosupplements.be\/fr\/produit\/natures-way-natures-way-alive-womens-gummy-multivitamin-150-gummies-mixed-berry\/#breadcrumb"},"inLanguage":"fr-FR","potentialAction":[{"@type":"ReadAction","target":["https:\/\/ecosupplements.be\/fr\/produit\/natures-way-natures-way-alive-womens-gummy-multivitamin-150-gummies-mixed-berry\/"]}]},{"@type":"ImageObject","inLanguage":"fr-FR","@id":"https:\/\/ecosupplements.be\/fr\/produit\/natures-way-natures-way-alive-womens-gummy-multivitamin-150-gummies-mixed-berry\/#primaryimage","url":"https:\/\/ecosupplements.be\/wp-content\/uploads\/2025\/08\/Natures-Way-Natures-Way-Alive\u00ae-Womens-Gummy-Multivitamin-150-Gummies-Mixed-Berry.webp","contentUrl":"https:\/\/ecosupplements.be\/wp-content\/uploads\/2025\/08\/Natures-Way-Natures-Way-Alive\u00ae-Womens-Gummy-Multivitamin-150-Gummies-Mixed-Berry.webp","width":750,"height":750},{"@type":"BreadcrumbList","@id":"https:\/\/ecosupplements.be\/fr\/produit\/natures-way-natures-way-alive-womens-gummy-multivitamin-150-gummies-mixed-berry\/#breadcrumb","itemListElement":[{"@type":"ListItem","position":1,"name":"Home","item":"https:\/\/ecosupplements.be\/fr\/"},{"@type":"ListItem","position":2,"name":"Boutique","item":"https:\/\/ecosupplements.be\/fr\/boutique\/"},{"@type":"ListItem","position":3,"name":"Nature&#8217;s Way &#8211; Alive!\u00ae Multivitamines Gommes pour Femmes (150 gommes, Baies M\u00e9lang\u00e9es)"}]},{"@type":"WebSite","@id":"https:\/\/ecosupplements.be\/fr\/#website","url":"https:\/\/ecosupplements.be\/fr\/","name":"ECO Supplements","description":"Eco Supplements - Gezonde supplementen","publisher":{"@id":"https:\/\/ecosupplements.be\/fr\/#organization"},"potentialAction":[{"@type":"SearchAction","target":{"@type":"EntryPoint","urlTemplate":"https:\/\/ecosupplements.be\/fr\/?s={search_term_string}"},"query-input":{"@type":"PropertyValueSpecification","valueRequired":true,"valueName":"search_term_string"}}],"inLanguage":"fr-FR"},{"@type":"Organization","@id":"https:\/\/ecosupplements.be\/fr\/#organization","name":"Eco Supplements","url":"https:\/\/ecosupplements.be\/fr\/","logo":{"@type":"ImageObject","inLanguage":"fr-FR","@id":"https:\/\/ecosupplements.be\/fr\/#\/schema\/logo\/image\/","url":"https:\/\/ecosupplements.be\/wp-content\/uploads\/2022\/06\/ecosupplement-family.png","contentUrl":"https:\/\/ecosupplements.be\/wp-content\/uploads\/2022\/06\/ecosupplement-family.png","width":593,"height":374,"caption":"Eco Supplements"},"image":{"@id":"https:\/\/ecosupplements.be\/fr\/#\/schema\/logo\/image\/"}}]},"product_brand":"Natures Way","product_price_amount":"26.78","product_price_currency":"EUR","og_availability":"instock","product_availability":"instock","product_retailer_item_id":"033674140697","product_condition":"new"},"_links":{"self":[{"href":"https:\/\/ecosupplements.be\/fr\/wp-json\/wp\/v2\/product\/292518","targetHints":{"allow":["GET"]}}],"collection":[{"href":"https:\/\/ecosupplements.be\/fr\/wp-json\/wp\/v2\/product"}],"about":[{"href":"https:\/\/ecosupplements.be\/fr\/wp-json\/wp\/v2\/types\/product"}],"replies":[{"embeddable":true,"href":"https:\/\/ecosupplements.be\/fr\/wp-json\/wp\/v2\/comments?post=292518"}],"wp:featuredmedia":[{"embeddable":true,"href":"https:\/\/ecosupplements.be\/fr\/wp-json\/wp\/v2\/media\/292519"}],"wp:attachment":[{"href":"https:\/\/ecosupplements.be\/fr\/wp-json\/wp\/v2\/media?parent=292518"}],"wp:term":[{"taxonomy":"product_brand","embeddable":true,"href":"https:\/\/ecosupplements.be\/fr\/wp-json\/wp\/v2\/product_brand?post=292518"},{"taxonomy":"product_cat","embeddable":true,"href":"https:\/\/ecosupplements.be\/fr\/wp-json\/wp\/v2\/product_cat?post=292518"},{"taxonomy":"product_tag","embeddable":true,"href":"https:\/\/ecosupplements.be\/fr\/wp-json\/wp\/v2\/product_tag?post=292518"}],"curies":[{"name":"wp","href":"https:\/\/api.w.org\/{rel}","templated":true}]}}