{"id":292650,"date":"2022-06-28T10:03:17","date_gmt":"2022-06-28T09:03:17","guid":{"rendered":"https:\/\/ecosupplements.be\/product\/now-foods-green-tea-extract-400-mg-250-veg-capsules\/"},"modified":"2025-08-27T15:48:46","modified_gmt":"2025-08-27T14:48:46","slug":"now-foods-green-tea-extract-400-mg-250-veg-capsules","status":"publish","type":"product","link":"https:\/\/ecosupplements.be\/fr\/produit\/now-foods-green-tea-extract-400-mg-250-veg-capsules\/","title":{"rendered":"Extrait de th\u00e9 vert 400 mg (250 capsules v\u00e9g\u00e9tales) de Now Foods"},"content":{"rendered":"<h2>Now Foods &#8211; Green Tea Extract 400 mg (250 Veg Capsules)<\/h2>\n<p>D\u00e9couvrez le <strong>Green Tea Extract 400 mg<\/strong> de Now Foods, pr\u00e9sent\u00e9 dans un emballage pratique contenant <strong>250 capsules v\u00e9g\u00e9tales<\/strong>. Ce produit est un choix parfait pour ceux qui appr\u00e9cient les ingr\u00e9dients naturels dans leur quotidien.<\/p>\n<p>Ces capsules sont formul\u00e9es \u00e0 partir d&#8217;<strong>extrait de th\u00e9 vert<\/strong>, connu pour sa haute qualit\u00e9 et son origine naturelle. Chaque capsule est con\u00e7ue pour \u00eatre facile \u00e0 utiliser, s&#8217;int\u00e9grant sans effort \u00e0 votre routine quotidienne.<\/p>\n<p><strong>Ingr\u00e9dients principaux :<\/strong> Extrait de th\u00e9 vert.<\/p>\n<p><strong>Contenu et emballage :<\/strong> bo\u00eete de 250 capsules v\u00e9g\u00e9tales.<\/p>\n<p><strong>Utilisation :<\/strong> Suivre la dose journali\u00e8re recommand\u00e9e indiqu\u00e9e sur l&#8217;emballage.<\/p>\n<p>Ce produit est une excellente option pour compl\u00e9menter un style de vie actif et \u00e9quilibr\u00e9,offrant une solution simple et pratique au quotidien sans pr\u00e9tendre \u00e0 des effets m\u00e9dicaux ou th\u00e9rapeutiques. Profitez d&#8217;un choix naturel avec Now Foods &#8211; Green Tea Extract!<\/p>\n","protected":false},"excerpt":{"rendered":"<p>Now Foods &#8211; Green Tea Extract 400 mg (250 Veg Capsules) D\u00e9couvrez le Green Tea Extract 400 mg de Now Foods, pr\u00e9sent\u00e9 dans un emballage pratique contenant 250 capsules v\u00e9g\u00e9tales. Ce produit est un choix parfait pour ceux qui appr\u00e9cient les ingr\u00e9dients naturels dans leur quotidien. Ces capsules sont formul\u00e9es \u00e0 partir d&#8217;extrait de th\u00e9 [&#8230;]\n","protected":false},"featured_media":241077,"comment_status":"open","ping_status":"open","template":"","meta":[],"product_brand":[4736,4734],"product_cat":[5052,5094,5053],"product_tag":[],"class_list":{"0":"post-292650","1":"product","2":"type-product","3":"status-publish","4":"has-post-thumbnail","6":"product_brand-now-2","7":"product_brand-nownow-foods-2","8":"product_cat-sante-et-bien-etre","9":"product_cat-supplements-a-base-de-plantes","10":"product_cat-vitamines-et-mineraux","12":"first","13":"instock","14":"taxable","15":"shipping-taxable","16":"purchasable","17":"product-type-simple"},"yoast_head":"<!-- This site is optimized with the Yoast SEO Premium plugin v27.3 (Yoast SEO v27.3) - https:\/\/yoast.com\/product\/yoast-seo-premium-wordpress\/ -->\n<title>Extrait de th\u00e9 vert 400 mg (250 capsules v\u00e9g\u00e9tales) de Now Foods - ECO Supplements<\/title>\n<meta name=\"description\" content=\"Wij hebben een ruime keuze aan producten van Extrait de th\u00e9 vert 400 mg (250 capsules v\u00e9g\u00e9tales) de Now Foods . Winkel bij Eco Supplements altijd gratis verzending boven 100\u20ac\" \/>\n<meta name=\"robots\" content=\"index, follow, max-snippet:-1, max-image-preview:large, max-video-preview:-1\" \/>\n<link rel=\"canonical\" href=\"https:\/\/ecosupplements.be\/fr\/produit\/now-foods-green-tea-extract-400-mg-250-veg-capsules\/\" \/>\n<meta property=\"og:locale\" content=\"fr_FR\" \/>\n<meta property=\"og:type\" content=\"article\" \/>\n<meta property=\"og:title\" content=\"Extrait de th\u00e9 vert 400 mg (250 capsules v\u00e9g\u00e9tales) de Now Foods\" \/>\n<meta property=\"og:description\" content=\"Wij hebben een ruime keuze aan producten van Extrait de th\u00e9 vert 400 mg (250 capsules v\u00e9g\u00e9tales) de Now Foods . Winkel bij Eco Supplements altijd gratis verzending boven 100\u20ac\" \/>\n<meta property=\"og:url\" content=\"https:\/\/ecosupplements.be\/fr\/produit\/now-foods-green-tea-extract-400-mg-250-veg-capsules\/\" \/>\n<meta property=\"og:site_name\" content=\"ECO Supplements\" \/>\n<meta property=\"article:modified_time\" content=\"2025-08-27T14:48:46+00:00\" \/>\n<meta property=\"og:image\" content=\"https:\/\/ecosupplements.be\/wp-content\/uploads\/2025\/08\/NOW-Now-Foods-Green-Tea-Extract-400-mg-250-Veg-Capsules.webp\" \/>\n\t<meta property=\"og:image:width\" content=\"750\" \/>\n\t<meta property=\"og:image:height\" content=\"750\" \/>\n\t<meta property=\"og:image:type\" content=\"image\/webp\" \/>\n<meta name=\"twitter:card\" content=\"summary_large_image\" \/>\n<meta name=\"twitter:label1\" content=\"Prix\" \/>\n\t<meta name=\"twitter:data1\" content=\"20.28&nbsp;&euro;\" \/>\n\t<meta name=\"twitter:label2\" content=\"Disponibilit\u00e9\" \/>\n\t<meta name=\"twitter:data2\" content=\"En stock\" \/>\n<script type=\"application\/ld+json\" class=\"yoast-schema-graph\">{\"@context\":\"https:\\\/\\\/schema.org\",\"@graph\":[{\"@type\":[\"WebPage\",\"ItemPage\"],\"@id\":\"https:\\\/\\\/ecosupplements.be\\\/fr\\\/produit\\\/now-foods-green-tea-extract-400-mg-250-veg-capsules\\\/\",\"url\":\"https:\\\/\\\/ecosupplements.be\\\/fr\\\/produit\\\/now-foods-green-tea-extract-400-mg-250-veg-capsules\\\/\",\"name\":\"Extrait de th\u00e9 vert 400 mg (250 capsules v\u00e9g\u00e9tales) de Now Foods - ECO Supplements\",\"isPartOf\":{\"@id\":\"https:\\\/\\\/ecosupplements.be\\\/fr\\\/#website\"},\"primaryImageOfPage\":{\"@id\":\"https:\\\/\\\/ecosupplements.be\\\/fr\\\/produit\\\/now-foods-green-tea-extract-400-mg-250-veg-capsules\\\/#primaryimage\"},\"image\":{\"@id\":\"https:\\\/\\\/ecosupplements.be\\\/fr\\\/produit\\\/now-foods-green-tea-extract-400-mg-250-veg-capsules\\\/#primaryimage\"},\"thumbnailUrl\":\"https:\\\/\\\/ecosupplements.be\\\/wp-content\\\/uploads\\\/2025\\\/08\\\/NOW-Foods-Green-Tea-Extract-400mg-250-vcaps.jpg\",\"datePublished\":\"2022-06-28T09:03:17+00:00\",\"dateModified\":\"2025-08-27T14:48:46+00:00\",\"description\":\"Wij hebben een ruime keuze aan producten van Extrait de th\u00e9 vert 400 mg (250 capsules v\u00e9g\u00e9tales) de Now Foods . Winkel bij Eco Supplements altijd gratis verzending boven 100\u20ac\",\"breadcrumb\":{\"@id\":\"https:\\\/\\\/ecosupplements.be\\\/fr\\\/produit\\\/now-foods-green-tea-extract-400-mg-250-veg-capsules\\\/#breadcrumb\"},\"inLanguage\":\"fr-FR\",\"potentialAction\":[{\"@type\":\"ReadAction\",\"target\":[\"https:\\\/\\\/ecosupplements.be\\\/fr\\\/produit\\\/now-foods-green-tea-extract-400-mg-250-veg-capsules\\\/\"]}]},{\"@type\":\"ImageObject\",\"inLanguage\":\"fr-FR\",\"@id\":\"https:\\\/\\\/ecosupplements.be\\\/fr\\\/produit\\\/now-foods-green-tea-extract-400-mg-250-veg-capsules\\\/#primaryimage\",\"url\":\"https:\\\/\\\/ecosupplements.be\\\/wp-content\\\/uploads\\\/2025\\\/08\\\/NOW-Foods-Green-Tea-Extract-400mg-250-vcaps.jpg\",\"contentUrl\":\"https:\\\/\\\/ecosupplements.be\\\/wp-content\\\/uploads\\\/2025\\\/08\\\/NOW-Foods-Green-Tea-Extract-400mg-250-vcaps.jpg\",\"width\":750,\"height\":750},{\"@type\":\"BreadcrumbList\",\"@id\":\"https:\\\/\\\/ecosupplements.be\\\/fr\\\/produit\\\/now-foods-green-tea-extract-400-mg-250-veg-capsules\\\/#breadcrumb\",\"itemListElement\":[{\"@type\":\"ListItem\",\"position\":1,\"name\":\"Home\",\"item\":\"https:\\\/\\\/ecosupplements.be\\\/fr\\\/\"},{\"@type\":\"ListItem\",\"position\":2,\"name\":\"Boutique\",\"item\":\"https:\\\/\\\/ecosupplements.be\\\/fr\\\/boutique\\\/\"},{\"@type\":\"ListItem\",\"position\":3,\"name\":\"Extrait de th\u00e9 vert 400 mg (250 capsules v\u00e9g\u00e9tales) de Now Foods\"}]},{\"@type\":\"WebSite\",\"@id\":\"https:\\\/\\\/ecosupplements.be\\\/fr\\\/#website\",\"url\":\"https:\\\/\\\/ecosupplements.be\\\/fr\\\/\",\"name\":\"ECO Supplements\",\"description\":\"Eco Supplements - Gezonde supplementen\",\"publisher\":{\"@id\":\"https:\\\/\\\/ecosupplements.be\\\/fr\\\/#organization\"},\"potentialAction\":[{\"@type\":\"SearchAction\",\"target\":{\"@type\":\"EntryPoint\",\"urlTemplate\":\"https:\\\/\\\/ecosupplements.be\\\/fr\\\/?s={search_term_string}\"},\"query-input\":{\"@type\":\"PropertyValueSpecification\",\"valueRequired\":true,\"valueName\":\"search_term_string\"}}],\"inLanguage\":\"fr-FR\"},{\"@type\":\"Organization\",\"@id\":\"https:\\\/\\\/ecosupplements.be\\\/fr\\\/#organization\",\"name\":\"Eco Supplements\",\"url\":\"https:\\\/\\\/ecosupplements.be\\\/fr\\\/\",\"logo\":{\"@type\":\"ImageObject\",\"inLanguage\":\"fr-FR\",\"@id\":\"https:\\\/\\\/ecosupplements.be\\\/fr\\\/#\\\/schema\\\/logo\\\/image\\\/\",\"url\":\"https:\\\/\\\/ecosupplements.be\\\/wp-content\\\/uploads\\\/2022\\\/06\\\/ecosupplement-family.png\",\"contentUrl\":\"https:\\\/\\\/ecosupplements.be\\\/wp-content\\\/uploads\\\/2022\\\/06\\\/ecosupplement-family.png\",\"width\":593,\"height\":374,\"caption\":\"Eco Supplements\"},\"image\":{\"@id\":\"https:\\\/\\\/ecosupplements.be\\\/fr\\\/#\\\/schema\\\/logo\\\/image\\\/\"}}]}<\/script>\n<meta property=\"product:brand\" content=\"NOW\" \/>\n<meta property=\"product:price:amount\" content=\"20.28\" \/>\n<meta property=\"product:price:currency\" content=\"EUR\" \/>\n<meta property=\"og:availability\" content=\"instock\" \/>\n<meta property=\"product:availability\" content=\"instock\" \/>\n<meta property=\"product:retailer_item_id\" content=\"733739047069\" \/>\n<meta property=\"product:condition\" content=\"new\" \/>\n<!-- \/ Yoast SEO Premium plugin. -->","yoast_head_json":{"title":"Extrait de th\u00e9 vert 400 mg (250 capsules v\u00e9g\u00e9tales) de Now Foods - ECO Supplements","description":"Wij hebben een ruime keuze aan producten van Extrait de th\u00e9 vert 400 mg (250 capsules v\u00e9g\u00e9tales) de Now Foods . Winkel bij Eco Supplements altijd gratis verzending boven 100\u20ac","robots":{"index":"index","follow":"follow","max-snippet":"max-snippet:-1","max-image-preview":"max-image-preview:large","max-video-preview":"max-video-preview:-1"},"canonical":"https:\/\/ecosupplements.be\/fr\/produit\/now-foods-green-tea-extract-400-mg-250-veg-capsules\/","og_locale":"fr_FR","og_type":"article","og_title":"Extrait de th\u00e9 vert 400 mg (250 capsules v\u00e9g\u00e9tales) de Now Foods","og_description":"Wij hebben een ruime keuze aan producten van Extrait de th\u00e9 vert 400 mg (250 capsules v\u00e9g\u00e9tales) de Now Foods . Winkel bij Eco Supplements altijd gratis verzending boven 100\u20ac","og_url":"https:\/\/ecosupplements.be\/fr\/produit\/now-foods-green-tea-extract-400-mg-250-veg-capsules\/","og_site_name":"ECO Supplements","article_modified_time":"2025-08-27T14:48:46+00:00","og_image":[{"width":750,"height":750,"url":"https:\/\/ecosupplements.be\/wp-content\/uploads\/2025\/08\/NOW-Now-Foods-Green-Tea-Extract-400-mg-250-Veg-Capsules.webp","type":"image\/webp"}],"twitter_card":"summary_large_image","twitter_misc":{"Prix":"20.28&nbsp;&euro;","Disponibilit\u00e9":"En stock"},"schema":{"@context":"https:\/\/schema.org","@graph":[{"@type":["WebPage","ItemPage"],"@id":"https:\/\/ecosupplements.be\/fr\/produit\/now-foods-green-tea-extract-400-mg-250-veg-capsules\/","url":"https:\/\/ecosupplements.be\/fr\/produit\/now-foods-green-tea-extract-400-mg-250-veg-capsules\/","name":"Extrait de th\u00e9 vert 400 mg (250 capsules v\u00e9g\u00e9tales) de Now Foods - ECO Supplements","isPartOf":{"@id":"https:\/\/ecosupplements.be\/fr\/#website"},"primaryImageOfPage":{"@id":"https:\/\/ecosupplements.be\/fr\/produit\/now-foods-green-tea-extract-400-mg-250-veg-capsules\/#primaryimage"},"image":{"@id":"https:\/\/ecosupplements.be\/fr\/produit\/now-foods-green-tea-extract-400-mg-250-veg-capsules\/#primaryimage"},"thumbnailUrl":"https:\/\/ecosupplements.be\/wp-content\/uploads\/2025\/08\/NOW-Foods-Green-Tea-Extract-400mg-250-vcaps.jpg","datePublished":"2022-06-28T09:03:17+00:00","dateModified":"2025-08-27T14:48:46+00:00","description":"Wij hebben een ruime keuze aan producten van Extrait de th\u00e9 vert 400 mg (250 capsules v\u00e9g\u00e9tales) de Now Foods . Winkel bij Eco Supplements altijd gratis verzending boven 100\u20ac","breadcrumb":{"@id":"https:\/\/ecosupplements.be\/fr\/produit\/now-foods-green-tea-extract-400-mg-250-veg-capsules\/#breadcrumb"},"inLanguage":"fr-FR","potentialAction":[{"@type":"ReadAction","target":["https:\/\/ecosupplements.be\/fr\/produit\/now-foods-green-tea-extract-400-mg-250-veg-capsules\/"]}]},{"@type":"ImageObject","inLanguage":"fr-FR","@id":"https:\/\/ecosupplements.be\/fr\/produit\/now-foods-green-tea-extract-400-mg-250-veg-capsules\/#primaryimage","url":"https:\/\/ecosupplements.be\/wp-content\/uploads\/2025\/08\/NOW-Foods-Green-Tea-Extract-400mg-250-vcaps.jpg","contentUrl":"https:\/\/ecosupplements.be\/wp-content\/uploads\/2025\/08\/NOW-Foods-Green-Tea-Extract-400mg-250-vcaps.jpg","width":750,"height":750},{"@type":"BreadcrumbList","@id":"https:\/\/ecosupplements.be\/fr\/produit\/now-foods-green-tea-extract-400-mg-250-veg-capsules\/#breadcrumb","itemListElement":[{"@type":"ListItem","position":1,"name":"Home","item":"https:\/\/ecosupplements.be\/fr\/"},{"@type":"ListItem","position":2,"name":"Boutique","item":"https:\/\/ecosupplements.be\/fr\/boutique\/"},{"@type":"ListItem","position":3,"name":"Extrait de th\u00e9 vert 400 mg (250 capsules v\u00e9g\u00e9tales) de Now Foods"}]},{"@type":"WebSite","@id":"https:\/\/ecosupplements.be\/fr\/#website","url":"https:\/\/ecosupplements.be\/fr\/","name":"ECO Supplements","description":"Eco Supplements - Gezonde supplementen","publisher":{"@id":"https:\/\/ecosupplements.be\/fr\/#organization"},"potentialAction":[{"@type":"SearchAction","target":{"@type":"EntryPoint","urlTemplate":"https:\/\/ecosupplements.be\/fr\/?s={search_term_string}"},"query-input":{"@type":"PropertyValueSpecification","valueRequired":true,"valueName":"search_term_string"}}],"inLanguage":"fr-FR"},{"@type":"Organization","@id":"https:\/\/ecosupplements.be\/fr\/#organization","name":"Eco Supplements","url":"https:\/\/ecosupplements.be\/fr\/","logo":{"@type":"ImageObject","inLanguage":"fr-FR","@id":"https:\/\/ecosupplements.be\/fr\/#\/schema\/logo\/image\/","url":"https:\/\/ecosupplements.be\/wp-content\/uploads\/2022\/06\/ecosupplement-family.png","contentUrl":"https:\/\/ecosupplements.be\/wp-content\/uploads\/2022\/06\/ecosupplement-family.png","width":593,"height":374,"caption":"Eco Supplements"},"image":{"@id":"https:\/\/ecosupplements.be\/fr\/#\/schema\/logo\/image\/"}}]},"product_brand":"NOW","product_price_amount":"20.28","product_price_currency":"EUR","og_availability":"instock","product_availability":"instock","product_retailer_item_id":"733739047069","product_condition":"new"},"_links":{"self":[{"href":"https:\/\/ecosupplements.be\/fr\/wp-json\/wp\/v2\/product\/292650","targetHints":{"allow":["GET"]}}],"collection":[{"href":"https:\/\/ecosupplements.be\/fr\/wp-json\/wp\/v2\/product"}],"about":[{"href":"https:\/\/ecosupplements.be\/fr\/wp-json\/wp\/v2\/types\/product"}],"replies":[{"embeddable":true,"href":"https:\/\/ecosupplements.be\/fr\/wp-json\/wp\/v2\/comments?post=292650"}],"wp:featuredmedia":[{"embeddable":true,"href":"https:\/\/ecosupplements.be\/fr\/wp-json\/wp\/v2\/media\/241077"}],"wp:attachment":[{"href":"https:\/\/ecosupplements.be\/fr\/wp-json\/wp\/v2\/media?parent=292650"}],"wp:term":[{"taxonomy":"product_brand","embeddable":true,"href":"https:\/\/ecosupplements.be\/fr\/wp-json\/wp\/v2\/product_brand?post=292650"},{"taxonomy":"product_cat","embeddable":true,"href":"https:\/\/ecosupplements.be\/fr\/wp-json\/wp\/v2\/product_cat?post=292650"},{"taxonomy":"product_tag","embeddable":true,"href":"https:\/\/ecosupplements.be\/fr\/wp-json\/wp\/v2\/product_tag?post=292650"}],"curies":[{"name":"wp","href":"https:\/\/api.w.org\/{rel}","templated":true}]}}