{"id":292656,"date":"2025-04-13T18:36:28","date_gmt":"2025-04-13T17:36:28","guid":{"rendered":"https:\/\/ecosupplements.be\/product\/now-foods-flax-oil-1000-mg-vegan-formula-120-veggie-softgels-white-pink\/"},"modified":"2025-08-27T15:48:50","modified_gmt":"2025-08-27T14:48:50","slug":"now-foods-flax-oil-1000-mg-vegan-formula-120-veggie-softgels-white-pink","status":"publish","type":"product","link":"https:\/\/ecosupplements.be\/fr\/produit\/now-foods-flax-oil-1000-mg-vegan-formula-120-veggie-softgels-white-pink\/","title":{"rendered":"Now Foods &#8211; Huile de lin 1000 mg Formule V\u00e9gane (120 G\u00e9lules V\u00e9g\u00e9tariennes, Blanc-Rose)"},"content":{"rendered":"<h2>Now foods &#8211; Flax Oil 1000 mg Vegan Formula (120 veggie Softgels, White-Pink)<\/h2>\n<p>D\u00e9couvrez la formule v\u00e9gane de Now Foods, Flax Oil 1000 mg, pr\u00e9sent\u00e9e dans un emballage pratique contenant 120 g\u00e9lules v\u00e9g\u00e9tales de couleur blanc-rose. Ce produit est con\u00e7u pour s&#8217;int\u00e9grer harmonieusement \u00e0 votre quotidien gr\u00e2ce \u00e0 son format facile \u00e0 utiliser.<\/p>\n<p>ces g\u00e9lules sont compos\u00e9es d&#8217;huile de lin,reconnue pour sa grande puret\u00e9 et son origine naturelle. L&#8217;huile de lin est extraite par un proc\u00e9d\u00e9 qui pr\u00e9serve ses qualit\u00e9s intrins\u00e8ques, offrant ainsi une exp\u00e9rience authentique et naturelle.<\/p>\n<p>Le flacon est con\u00e7u pour \u00eatre simple d&#8217;utilisation et les g\u00e9lules sont faciles \u00e0 avaler, ce qui en fait un choix id\u00e9al pour ceux qui recherchent des solutions pratiques au quotidien sans compromettre la qualit\u00e9.<\/p>\n<p><strong>Ingr\u00e9dients principaux :<\/strong> Huile de lin pure<\/p>\n<p><strong>Contenu et emballage :<\/strong> 120 g\u00e9lules v\u00e9g\u00e9taliennes dans un flacon blanc-rose<\/p>\n<p><strong>Utilisation :<\/strong> Suivre les indications sur l&#8217;emballage pour la dose journali\u00e8re recommand\u00e9e.<\/p>\n<p>Ce produit est parfaitement adapt\u00e9 aux personnes appr\u00e9ciant les ingr\u00e9dients naturels dans leur r\u00e9gime quotidien. Il s&#8217;int\u00e8gre ais\u00e9ment dans une routine bien \u00e9quilibr\u00e9e sans pr\u00e9tendre apporter des b\u00e9n\u00e9fices sp\u00e9cifiques pour la sant\u00e9.<\/p>\n","protected":false},"excerpt":{"rendered":"<p>Now foods &#8211; Flax Oil 1000 mg Vegan Formula (120 veggie Softgels, White-Pink) D\u00e9couvrez la formule v\u00e9gane de Now Foods, Flax Oil 1000 mg, pr\u00e9sent\u00e9e dans un emballage pratique contenant 120 g\u00e9lules v\u00e9g\u00e9tales de couleur blanc-rose. Ce produit est con\u00e7u pour s&#8217;int\u00e9grer harmonieusement \u00e0 votre quotidien gr\u00e2ce \u00e0 son format facile \u00e0 utiliser. ces g\u00e9lules [&#8230;]\n","protected":false},"featured_media":269296,"comment_status":"closed","ping_status":"open","template":"","meta":[],"product_brand":[4734],"product_cat":[5082,5053],"product_tag":[],"class_list":{"0":"post-292656","1":"product","2":"type-product","3":"status-publish","4":"has-post-thumbnail","6":"product_brand-nownow-foods-2","7":"product_cat-omegas-efa-cla-huiles","8":"product_cat-vitamines-et-mineraux","10":"first","11":"instock","12":"taxable","13":"shipping-taxable","14":"purchasable","15":"product-type-simple"},"yoast_head":"<!-- This site is optimized with the Yoast SEO Premium plugin v27.3 (Yoast SEO v27.3) - https:\/\/yoast.com\/product\/yoast-seo-premium-wordpress\/ -->\n<title>Now Foods - Huile de lin 1000 mg Formule V\u00e9gane (120 G\u00e9lules V\u00e9g\u00e9tariennes, Blanc-Rose) - ECO Supplements<\/title>\n<meta name=\"description\" content=\"Wij hebben een ruime keuze aan producten van Now Foods - Huile de lin 1000 mg Formule V\u00e9gane (120 G\u00e9lules V\u00e9g\u00e9tariennes, Blanc-Rose) . Winkel bij Eco Supplements altijd gratis verzending boven 100\u20ac\" \/>\n<meta name=\"robots\" content=\"index, follow, max-snippet:-1, max-image-preview:large, max-video-preview:-1\" \/>\n<link rel=\"canonical\" href=\"https:\/\/ecosupplements.be\/fr\/produit\/now-foods-flax-oil-1000-mg-vegan-formula-120-veggie-softgels-white-pink\/\" \/>\n<meta property=\"og:locale\" content=\"fr_FR\" \/>\n<meta property=\"og:type\" content=\"article\" \/>\n<meta property=\"og:title\" content=\"Now Foods - Huile de lin 1000 mg Formule V\u00e9gane (120 G\u00e9lules V\u00e9g\u00e9tariennes, Blanc-Rose)\" \/>\n<meta property=\"og:description\" content=\"Wij hebben een ruime keuze aan producten van Now Foods - Huile de lin 1000 mg Formule V\u00e9gane (120 G\u00e9lules V\u00e9g\u00e9tariennes, Blanc-Rose) . Winkel bij Eco Supplements altijd gratis verzending boven 100\u20ac\" \/>\n<meta property=\"og:url\" content=\"https:\/\/ecosupplements.be\/fr\/produit\/now-foods-flax-oil-1000-mg-vegan-formula-120-veggie-softgels-white-pink\/\" \/>\n<meta property=\"og:site_name\" content=\"ECO Supplements\" \/>\n<meta property=\"article:modified_time\" content=\"2025-08-27T14:48:50+00:00\" \/>\n<meta property=\"og:image\" content=\"https:\/\/ecosupplements.be\/wp-content\/uploads\/2025\/08\/NOWNOW-Foods-Now-Foods-Flax-Oil-1000-mg-Vegan-Formula-120-Veggie-Softgels-White-Pink.webp\" \/>\n\t<meta property=\"og:image:width\" content=\"750\" \/>\n\t<meta property=\"og:image:height\" content=\"750\" \/>\n\t<meta property=\"og:image:type\" content=\"image\/webp\" \/>\n<meta name=\"twitter:card\" content=\"summary_large_image\" \/>\n<meta name=\"twitter:label1\" content=\"Prix\" \/>\n\t<meta name=\"twitter:data1\" content=\"17.29&nbsp;&euro;\" \/>\n\t<meta name=\"twitter:label2\" content=\"Disponibilit\u00e9\" \/>\n\t<meta name=\"twitter:data2\" content=\"En stock\" \/>\n<script type=\"application\/ld+json\" class=\"yoast-schema-graph\">{\"@context\":\"https:\\\/\\\/schema.org\",\"@graph\":[{\"@type\":[\"WebPage\",\"ItemPage\"],\"@id\":\"https:\\\/\\\/ecosupplements.be\\\/fr\\\/produit\\\/now-foods-flax-oil-1000-mg-vegan-formula-120-veggie-softgels-white-pink\\\/\",\"url\":\"https:\\\/\\\/ecosupplements.be\\\/fr\\\/produit\\\/now-foods-flax-oil-1000-mg-vegan-formula-120-veggie-softgels-white-pink\\\/\",\"name\":\"Now Foods - Huile de lin 1000 mg Formule V\u00e9gane (120 G\u00e9lules V\u00e9g\u00e9tariennes, Blanc-Rose) - ECO Supplements\",\"isPartOf\":{\"@id\":\"https:\\\/\\\/ecosupplements.be\\\/fr\\\/#website\"},\"primaryImageOfPage\":{\"@id\":\"https:\\\/\\\/ecosupplements.be\\\/fr\\\/produit\\\/now-foods-flax-oil-1000-mg-vegan-formula-120-veggie-softgels-white-pink\\\/#primaryimage\"},\"image\":{\"@id\":\"https:\\\/\\\/ecosupplements.be\\\/fr\\\/produit\\\/now-foods-flax-oil-1000-mg-vegan-formula-120-veggie-softgels-white-pink\\\/#primaryimage\"},\"thumbnailUrl\":\"https:\\\/\\\/ecosupplements.be\\\/wp-content\\\/uploads\\\/2025\\\/08\\\/Now-Foods-Flax-Oil-1000-mg-Vegan-Formula-120-Veggie-Softgels-White-Pink.webp\",\"datePublished\":\"2025-04-13T17:36:28+00:00\",\"dateModified\":\"2025-08-27T14:48:50+00:00\",\"description\":\"Wij hebben een ruime keuze aan producten van Now Foods - Huile de lin 1000 mg Formule V\u00e9gane (120 G\u00e9lules V\u00e9g\u00e9tariennes, Blanc-Rose) . Winkel bij Eco Supplements altijd gratis verzending boven 100\u20ac\",\"breadcrumb\":{\"@id\":\"https:\\\/\\\/ecosupplements.be\\\/fr\\\/produit\\\/now-foods-flax-oil-1000-mg-vegan-formula-120-veggie-softgels-white-pink\\\/#breadcrumb\"},\"inLanguage\":\"fr-FR\",\"potentialAction\":[{\"@type\":\"ReadAction\",\"target\":[\"https:\\\/\\\/ecosupplements.be\\\/fr\\\/produit\\\/now-foods-flax-oil-1000-mg-vegan-formula-120-veggie-softgels-white-pink\\\/\"]}]},{\"@type\":\"ImageObject\",\"inLanguage\":\"fr-FR\",\"@id\":\"https:\\\/\\\/ecosupplements.be\\\/fr\\\/produit\\\/now-foods-flax-oil-1000-mg-vegan-formula-120-veggie-softgels-white-pink\\\/#primaryimage\",\"url\":\"https:\\\/\\\/ecosupplements.be\\\/wp-content\\\/uploads\\\/2025\\\/08\\\/Now-Foods-Flax-Oil-1000-mg-Vegan-Formula-120-Veggie-Softgels-White-Pink.webp\",\"contentUrl\":\"https:\\\/\\\/ecosupplements.be\\\/wp-content\\\/uploads\\\/2025\\\/08\\\/Now-Foods-Flax-Oil-1000-mg-Vegan-Formula-120-Veggie-Softgels-White-Pink.webp\",\"width\":1000,\"height\":1000},{\"@type\":\"BreadcrumbList\",\"@id\":\"https:\\\/\\\/ecosupplements.be\\\/fr\\\/produit\\\/now-foods-flax-oil-1000-mg-vegan-formula-120-veggie-softgels-white-pink\\\/#breadcrumb\",\"itemListElement\":[{\"@type\":\"ListItem\",\"position\":1,\"name\":\"Home\",\"item\":\"https:\\\/\\\/ecosupplements.be\\\/fr\\\/\"},{\"@type\":\"ListItem\",\"position\":2,\"name\":\"Boutique\",\"item\":\"https:\\\/\\\/ecosupplements.be\\\/fr\\\/boutique\\\/\"},{\"@type\":\"ListItem\",\"position\":3,\"name\":\"Now Foods &#8211; Huile de lin 1000 mg Formule V\u00e9gane (120 G\u00e9lules V\u00e9g\u00e9tariennes, Blanc-Rose)\"}]},{\"@type\":\"WebSite\",\"@id\":\"https:\\\/\\\/ecosupplements.be\\\/fr\\\/#website\",\"url\":\"https:\\\/\\\/ecosupplements.be\\\/fr\\\/\",\"name\":\"ECO Supplements\",\"description\":\"Eco Supplements - Gezonde supplementen\",\"publisher\":{\"@id\":\"https:\\\/\\\/ecosupplements.be\\\/fr\\\/#organization\"},\"potentialAction\":[{\"@type\":\"SearchAction\",\"target\":{\"@type\":\"EntryPoint\",\"urlTemplate\":\"https:\\\/\\\/ecosupplements.be\\\/fr\\\/?s={search_term_string}\"},\"query-input\":{\"@type\":\"PropertyValueSpecification\",\"valueRequired\":true,\"valueName\":\"search_term_string\"}}],\"inLanguage\":\"fr-FR\"},{\"@type\":\"Organization\",\"@id\":\"https:\\\/\\\/ecosupplements.be\\\/fr\\\/#organization\",\"name\":\"Eco Supplements\",\"url\":\"https:\\\/\\\/ecosupplements.be\\\/fr\\\/\",\"logo\":{\"@type\":\"ImageObject\",\"inLanguage\":\"fr-FR\",\"@id\":\"https:\\\/\\\/ecosupplements.be\\\/fr\\\/#\\\/schema\\\/logo\\\/image\\\/\",\"url\":\"https:\\\/\\\/ecosupplements.be\\\/wp-content\\\/uploads\\\/2022\\\/06\\\/ecosupplement-family.png\",\"contentUrl\":\"https:\\\/\\\/ecosupplements.be\\\/wp-content\\\/uploads\\\/2022\\\/06\\\/ecosupplement-family.png\",\"width\":593,\"height\":374,\"caption\":\"Eco Supplements\"},\"image\":{\"@id\":\"https:\\\/\\\/ecosupplements.be\\\/fr\\\/#\\\/schema\\\/logo\\\/image\\\/\"}}]}<\/script>\n<meta property=\"product:brand\" content=\"NOW,NOW Foods\" \/>\n<meta property=\"product:price:amount\" content=\"17.29\" \/>\n<meta property=\"product:price:currency\" content=\"EUR\" \/>\n<meta property=\"og:availability\" content=\"instock\" \/>\n<meta property=\"product:availability\" content=\"instock\" \/>\n<meta property=\"product:retailer_item_id\" content=\"733739017734\" \/>\n<meta property=\"product:condition\" content=\"new\" \/>\n<!-- \/ Yoast SEO Premium plugin. -->","yoast_head_json":{"title":"Now Foods - Huile de lin 1000 mg Formule V\u00e9gane (120 G\u00e9lules V\u00e9g\u00e9tariennes, Blanc-Rose) - ECO Supplements","description":"Wij hebben een ruime keuze aan producten van Now Foods - Huile de lin 1000 mg Formule V\u00e9gane (120 G\u00e9lules V\u00e9g\u00e9tariennes, Blanc-Rose) . Winkel bij Eco Supplements altijd gratis verzending boven 100\u20ac","robots":{"index":"index","follow":"follow","max-snippet":"max-snippet:-1","max-image-preview":"max-image-preview:large","max-video-preview":"max-video-preview:-1"},"canonical":"https:\/\/ecosupplements.be\/fr\/produit\/now-foods-flax-oil-1000-mg-vegan-formula-120-veggie-softgels-white-pink\/","og_locale":"fr_FR","og_type":"article","og_title":"Now Foods - Huile de lin 1000 mg Formule V\u00e9gane (120 G\u00e9lules V\u00e9g\u00e9tariennes, Blanc-Rose)","og_description":"Wij hebben een ruime keuze aan producten van Now Foods - Huile de lin 1000 mg Formule V\u00e9gane (120 G\u00e9lules V\u00e9g\u00e9tariennes, Blanc-Rose) . Winkel bij Eco Supplements altijd gratis verzending boven 100\u20ac","og_url":"https:\/\/ecosupplements.be\/fr\/produit\/now-foods-flax-oil-1000-mg-vegan-formula-120-veggie-softgels-white-pink\/","og_site_name":"ECO Supplements","article_modified_time":"2025-08-27T14:48:50+00:00","og_image":[{"width":750,"height":750,"url":"https:\/\/ecosupplements.be\/wp-content\/uploads\/2025\/08\/NOWNOW-Foods-Now-Foods-Flax-Oil-1000-mg-Vegan-Formula-120-Veggie-Softgels-White-Pink.webp","type":"image\/webp"}],"twitter_card":"summary_large_image","twitter_misc":{"Prix":"17.29&nbsp;&euro;","Disponibilit\u00e9":"En stock"},"schema":{"@context":"https:\/\/schema.org","@graph":[{"@type":["WebPage","ItemPage"],"@id":"https:\/\/ecosupplements.be\/fr\/produit\/now-foods-flax-oil-1000-mg-vegan-formula-120-veggie-softgels-white-pink\/","url":"https:\/\/ecosupplements.be\/fr\/produit\/now-foods-flax-oil-1000-mg-vegan-formula-120-veggie-softgels-white-pink\/","name":"Now Foods - Huile de lin 1000 mg Formule V\u00e9gane (120 G\u00e9lules V\u00e9g\u00e9tariennes, Blanc-Rose) - ECO Supplements","isPartOf":{"@id":"https:\/\/ecosupplements.be\/fr\/#website"},"primaryImageOfPage":{"@id":"https:\/\/ecosupplements.be\/fr\/produit\/now-foods-flax-oil-1000-mg-vegan-formula-120-veggie-softgels-white-pink\/#primaryimage"},"image":{"@id":"https:\/\/ecosupplements.be\/fr\/produit\/now-foods-flax-oil-1000-mg-vegan-formula-120-veggie-softgels-white-pink\/#primaryimage"},"thumbnailUrl":"https:\/\/ecosupplements.be\/wp-content\/uploads\/2025\/08\/Now-Foods-Flax-Oil-1000-mg-Vegan-Formula-120-Veggie-Softgels-White-Pink.webp","datePublished":"2025-04-13T17:36:28+00:00","dateModified":"2025-08-27T14:48:50+00:00","description":"Wij hebben een ruime keuze aan producten van Now Foods - Huile de lin 1000 mg Formule V\u00e9gane (120 G\u00e9lules V\u00e9g\u00e9tariennes, Blanc-Rose) . Winkel bij Eco Supplements altijd gratis verzending boven 100\u20ac","breadcrumb":{"@id":"https:\/\/ecosupplements.be\/fr\/produit\/now-foods-flax-oil-1000-mg-vegan-formula-120-veggie-softgels-white-pink\/#breadcrumb"},"inLanguage":"fr-FR","potentialAction":[{"@type":"ReadAction","target":["https:\/\/ecosupplements.be\/fr\/produit\/now-foods-flax-oil-1000-mg-vegan-formula-120-veggie-softgels-white-pink\/"]}]},{"@type":"ImageObject","inLanguage":"fr-FR","@id":"https:\/\/ecosupplements.be\/fr\/produit\/now-foods-flax-oil-1000-mg-vegan-formula-120-veggie-softgels-white-pink\/#primaryimage","url":"https:\/\/ecosupplements.be\/wp-content\/uploads\/2025\/08\/Now-Foods-Flax-Oil-1000-mg-Vegan-Formula-120-Veggie-Softgels-White-Pink.webp","contentUrl":"https:\/\/ecosupplements.be\/wp-content\/uploads\/2025\/08\/Now-Foods-Flax-Oil-1000-mg-Vegan-Formula-120-Veggie-Softgels-White-Pink.webp","width":1000,"height":1000},{"@type":"BreadcrumbList","@id":"https:\/\/ecosupplements.be\/fr\/produit\/now-foods-flax-oil-1000-mg-vegan-formula-120-veggie-softgels-white-pink\/#breadcrumb","itemListElement":[{"@type":"ListItem","position":1,"name":"Home","item":"https:\/\/ecosupplements.be\/fr\/"},{"@type":"ListItem","position":2,"name":"Boutique","item":"https:\/\/ecosupplements.be\/fr\/boutique\/"},{"@type":"ListItem","position":3,"name":"Now Foods &#8211; Huile de lin 1000 mg Formule V\u00e9gane (120 G\u00e9lules V\u00e9g\u00e9tariennes, Blanc-Rose)"}]},{"@type":"WebSite","@id":"https:\/\/ecosupplements.be\/fr\/#website","url":"https:\/\/ecosupplements.be\/fr\/","name":"ECO Supplements","description":"Eco Supplements - Gezonde supplementen","publisher":{"@id":"https:\/\/ecosupplements.be\/fr\/#organization"},"potentialAction":[{"@type":"SearchAction","target":{"@type":"EntryPoint","urlTemplate":"https:\/\/ecosupplements.be\/fr\/?s={search_term_string}"},"query-input":{"@type":"PropertyValueSpecification","valueRequired":true,"valueName":"search_term_string"}}],"inLanguage":"fr-FR"},{"@type":"Organization","@id":"https:\/\/ecosupplements.be\/fr\/#organization","name":"Eco Supplements","url":"https:\/\/ecosupplements.be\/fr\/","logo":{"@type":"ImageObject","inLanguage":"fr-FR","@id":"https:\/\/ecosupplements.be\/fr\/#\/schema\/logo\/image\/","url":"https:\/\/ecosupplements.be\/wp-content\/uploads\/2022\/06\/ecosupplement-family.png","contentUrl":"https:\/\/ecosupplements.be\/wp-content\/uploads\/2022\/06\/ecosupplement-family.png","width":593,"height":374,"caption":"Eco Supplements"},"image":{"@id":"https:\/\/ecosupplements.be\/fr\/#\/schema\/logo\/image\/"}}]},"product_brand":"NOW,NOW Foods","product_price_amount":"17.29","product_price_currency":"EUR","og_availability":"instock","product_availability":"instock","product_retailer_item_id":"733739017734","product_condition":"new"},"_links":{"self":[{"href":"https:\/\/ecosupplements.be\/fr\/wp-json\/wp\/v2\/product\/292656","targetHints":{"allow":["GET"]}}],"collection":[{"href":"https:\/\/ecosupplements.be\/fr\/wp-json\/wp\/v2\/product"}],"about":[{"href":"https:\/\/ecosupplements.be\/fr\/wp-json\/wp\/v2\/types\/product"}],"replies":[{"embeddable":true,"href":"https:\/\/ecosupplements.be\/fr\/wp-json\/wp\/v2\/comments?post=292656"}],"wp:featuredmedia":[{"embeddable":true,"href":"https:\/\/ecosupplements.be\/fr\/wp-json\/wp\/v2\/media\/269296"}],"wp:attachment":[{"href":"https:\/\/ecosupplements.be\/fr\/wp-json\/wp\/v2\/media?parent=292656"}],"wp:term":[{"taxonomy":"product_brand","embeddable":true,"href":"https:\/\/ecosupplements.be\/fr\/wp-json\/wp\/v2\/product_brand?post=292656"},{"taxonomy":"product_cat","embeddable":true,"href":"https:\/\/ecosupplements.be\/fr\/wp-json\/wp\/v2\/product_cat?post=292656"},{"taxonomy":"product_tag","embeddable":true,"href":"https:\/\/ecosupplements.be\/fr\/wp-json\/wp\/v2\/product_tag?post=292656"}],"curies":[{"name":"wp","href":"https:\/\/api.w.org\/{rel}","templated":true}]}}