{"id":292728,"date":"2022-06-28T10:21:05","date_gmt":"2022-06-28T09:21:05","guid":{"rendered":"https:\/\/ecosupplements.be\/product\/now-foods-alpha-lipoic-acid-extra-strength-600-mg-60-veg-capsules\/"},"modified":"2025-08-27T15:49:40","modified_gmt":"2025-08-27T14:49:40","slug":"now-foods-alpha-lipoic-acid-extra-strength-600-mg-60-veg-capsules","status":"publish","type":"product","link":"https:\/\/ecosupplements.be\/fr\/produit\/now-foods-alpha-lipoic-acid-extra-strength-600-mg-60-veg-capsules\/","title":{"rendered":"Now Foods &#8211; Acide Alpha-Lipo\u00efque, Extra Fort 600 mg (60 capsules v\u00e9g\u00e9tales)"},"content":{"rendered":"<h2>Now Foods &#8211; Alpha Lipoic Acid, Extra Strength 600 mg (60 Veg Capsules)<\/h2>\n<p>D\u00e9couvrez les capsules v\u00e9g\u00e9tales d&#8217;Alpha Lipoic Acid, Extra Strength 600 mg de Now Foods, con\u00e7ues pour s&#8217;int\u00e9grer harmonieusement \u00e0 votre quotidien. Chaque capsule est formul\u00e9e avec soin pour maintenir la puret\u00e9 et l&#8217;origine naturelle des ingr\u00e9dients.<\/p>\n<h3>Composition<\/h3>\n<p>Ce produit contient de l&#8217;acide alpha-lipo\u00efque de haute qualit\u00e9. Les ingr\u00e9dients sont s\u00e9lectionn\u00e9s pour leur origine naturelle et leur grande puret\u00e9, garantissant ainsi une exp\u00e9rience authentique.<\/p>\n<h3>Contenu et Emballage<\/h3>\n<p>Ce paquet contient 60 capsules v\u00e9g\u00e9tariennes faciles \u00e0 consommer, parfaitement adapt\u00e9es \u00e0 un usage r\u00e9gulier.<\/p>\n<h3>Utilisation<\/h3>\n<p>Pour une int\u00e9gration simple dans votre routine quotidienne, il est recommand\u00e9 de suivre la posologie indiqu\u00e9e sur l&#8217;emballage ou celle conseill\u00e9e par votre professionnel de sant\u00e9.<\/p>\n<h3>Caract\u00e9ristiques Pratiques<\/h3>\n<p>Avec un format pratique et facile \u00e0 emporter, ces capsules sont id\u00e9ales pour ceux qui cherchent une solution simple et naturelle sans compromettre la qualit\u00e9.<\/p>\n<p>Faites le choix d&#8217;un produit respectueux des normes \u00e9lev\u00e9es en mati\u00e8re de naturalit\u00e9 et rejoignez ceux qui privil\u00e9gient les composants purs dans leur mode de vie actif.<\/p>\n","protected":false},"excerpt":{"rendered":"<p>Now Foods &#8211; Alpha Lipoic Acid, Extra Strength 600 mg (60 Veg Capsules) D\u00e9couvrez les capsules v\u00e9g\u00e9tales d&#8217;Alpha Lipoic Acid, Extra Strength 600 mg de Now Foods, con\u00e7ues pour s&#8217;int\u00e9grer harmonieusement \u00e0 votre quotidien. Chaque capsule est formul\u00e9e avec soin pour maintenir la puret\u00e9 et l&#8217;origine naturelle des ingr\u00e9dients. Composition Ce produit contient de l&#8217;acide [&#8230;]\n","protected":false},"featured_media":248983,"comment_status":"open","ping_status":"open","template":"","meta":[],"product_brand":[4734],"product_cat":[5053],"product_tag":[],"class_list":{"0":"post-292728","1":"product","2":"type-product","3":"status-publish","4":"has-post-thumbnail","6":"product_brand-nownow-foods-2","7":"product_cat-vitamines-et-mineraux","9":"first","10":"instock","11":"taxable","12":"shipping-taxable","13":"purchasable","14":"product-type-simple"},"yoast_head":"<!-- This site is optimized with the Yoast SEO Premium plugin v27.3 (Yoast SEO v27.3) - https:\/\/yoast.com\/product\/yoast-seo-premium-wordpress\/ -->\n<title>Now Foods - Acide Alpha-Lipo\u00efque, Extra Fort 600 mg (60 capsules v\u00e9g\u00e9tales) - ECO Supplements<\/title>\n<meta name=\"description\" content=\"Wij hebben een ruime keuze aan producten van Now Foods - Acide Alpha-Lipo\u00efque, Extra Fort 600 mg (60 capsules v\u00e9g\u00e9tales) . Winkel bij Eco Supplements altijd gratis verzending boven 100\u20ac\" \/>\n<meta name=\"robots\" content=\"index, follow, max-snippet:-1, max-image-preview:large, max-video-preview:-1\" \/>\n<link rel=\"canonical\" href=\"https:\/\/ecosupplements.be\/fr\/produit\/now-foods-alpha-lipoic-acid-extra-strength-600-mg-60-veg-capsules\/\" \/>\n<meta property=\"og:locale\" content=\"fr_FR\" \/>\n<meta property=\"og:type\" content=\"article\" \/>\n<meta property=\"og:title\" content=\"Now Foods - Acide Alpha-Lipo\u00efque, Extra Fort 600 mg (60 capsules v\u00e9g\u00e9tales)\" \/>\n<meta property=\"og:description\" content=\"Wij hebben een ruime keuze aan producten van Now Foods - Acide Alpha-Lipo\u00efque, Extra Fort 600 mg (60 capsules v\u00e9g\u00e9tales) . Winkel bij Eco Supplements altijd gratis verzending boven 100\u20ac\" \/>\n<meta property=\"og:url\" content=\"https:\/\/ecosupplements.be\/fr\/produit\/now-foods-alpha-lipoic-acid-extra-strength-600-mg-60-veg-capsules\/\" \/>\n<meta property=\"og:site_name\" content=\"ECO Supplements\" \/>\n<meta property=\"article:modified_time\" content=\"2025-08-27T14:49:40+00:00\" \/>\n<meta property=\"og:image\" content=\"https:\/\/ecosupplements.be\/wp-content\/uploads\/2025\/08\/NOWNOW-Foods-Now-Foods-Alpha-Lipoic-Acid-Extra-Strength-600-mg-60-Veg-Capsules.webp\" \/>\n\t<meta property=\"og:image:width\" content=\"750\" \/>\n\t<meta property=\"og:image:height\" content=\"750\" \/>\n\t<meta property=\"og:image:type\" content=\"image\/webp\" \/>\n<meta name=\"twitter:card\" content=\"summary_large_image\" \/>\n<meta name=\"twitter:label1\" content=\"Prix\" \/>\n\t<meta name=\"twitter:data1\" content=\"29.29&nbsp;&euro;\" \/>\n\t<meta name=\"twitter:label2\" content=\"Disponibilit\u00e9\" \/>\n\t<meta name=\"twitter:data2\" content=\"En stock\" \/>\n<script type=\"application\/ld+json\" class=\"yoast-schema-graph\">{\"@context\":\"https:\\\/\\\/schema.org\",\"@graph\":[{\"@type\":[\"WebPage\",\"ItemPage\"],\"@id\":\"https:\\\/\\\/ecosupplements.be\\\/fr\\\/produit\\\/now-foods-alpha-lipoic-acid-extra-strength-600-mg-60-veg-capsules\\\/\",\"url\":\"https:\\\/\\\/ecosupplements.be\\\/fr\\\/produit\\\/now-foods-alpha-lipoic-acid-extra-strength-600-mg-60-veg-capsules\\\/\",\"name\":\"Now Foods - Acide Alpha-Lipo\u00efque, Extra Fort 600 mg (60 capsules v\u00e9g\u00e9tales) - ECO Supplements\",\"isPartOf\":{\"@id\":\"https:\\\/\\\/ecosupplements.be\\\/fr\\\/#website\"},\"primaryImageOfPage\":{\"@id\":\"https:\\\/\\\/ecosupplements.be\\\/fr\\\/produit\\\/now-foods-alpha-lipoic-acid-extra-strength-600-mg-60-veg-capsules\\\/#primaryimage\"},\"image\":{\"@id\":\"https:\\\/\\\/ecosupplements.be\\\/fr\\\/produit\\\/now-foods-alpha-lipoic-acid-extra-strength-600-mg-60-veg-capsules\\\/#primaryimage\"},\"thumbnailUrl\":\"https:\\\/\\\/ecosupplements.be\\\/wp-content\\\/uploads\\\/2025\\\/08\\\/NOW-Foods-Alpha-Lipoic-Acid-with-Grape-Seed-Extract-Bioperine-600mg-60-vcaps.jpg\",\"datePublished\":\"2022-06-28T09:21:05+00:00\",\"dateModified\":\"2025-08-27T14:49:40+00:00\",\"description\":\"Wij hebben een ruime keuze aan producten van Now Foods - Acide Alpha-Lipo\u00efque, Extra Fort 600 mg (60 capsules v\u00e9g\u00e9tales) . Winkel bij Eco Supplements altijd gratis verzending boven 100\u20ac\",\"breadcrumb\":{\"@id\":\"https:\\\/\\\/ecosupplements.be\\\/fr\\\/produit\\\/now-foods-alpha-lipoic-acid-extra-strength-600-mg-60-veg-capsules\\\/#breadcrumb\"},\"inLanguage\":\"fr-FR\",\"potentialAction\":[{\"@type\":\"ReadAction\",\"target\":[\"https:\\\/\\\/ecosupplements.be\\\/fr\\\/produit\\\/now-foods-alpha-lipoic-acid-extra-strength-600-mg-60-veg-capsules\\\/\"]}]},{\"@type\":\"ImageObject\",\"inLanguage\":\"fr-FR\",\"@id\":\"https:\\\/\\\/ecosupplements.be\\\/fr\\\/produit\\\/now-foods-alpha-lipoic-acid-extra-strength-600-mg-60-veg-capsules\\\/#primaryimage\",\"url\":\"https:\\\/\\\/ecosupplements.be\\\/wp-content\\\/uploads\\\/2025\\\/08\\\/NOW-Foods-Alpha-Lipoic-Acid-with-Grape-Seed-Extract-Bioperine-600mg-60-vcaps.jpg\",\"contentUrl\":\"https:\\\/\\\/ecosupplements.be\\\/wp-content\\\/uploads\\\/2025\\\/08\\\/NOW-Foods-Alpha-Lipoic-Acid-with-Grape-Seed-Extract-Bioperine-600mg-60-vcaps.jpg\",\"width\":750,\"height\":750},{\"@type\":\"BreadcrumbList\",\"@id\":\"https:\\\/\\\/ecosupplements.be\\\/fr\\\/produit\\\/now-foods-alpha-lipoic-acid-extra-strength-600-mg-60-veg-capsules\\\/#breadcrumb\",\"itemListElement\":[{\"@type\":\"ListItem\",\"position\":1,\"name\":\"Home\",\"item\":\"https:\\\/\\\/ecosupplements.be\\\/fr\\\/\"},{\"@type\":\"ListItem\",\"position\":2,\"name\":\"Boutique\",\"item\":\"https:\\\/\\\/ecosupplements.be\\\/fr\\\/boutique\\\/\"},{\"@type\":\"ListItem\",\"position\":3,\"name\":\"Now Foods &#8211; Acide Alpha-Lipo\u00efque, Extra Fort 600 mg (60 capsules v\u00e9g\u00e9tales)\"}]},{\"@type\":\"WebSite\",\"@id\":\"https:\\\/\\\/ecosupplements.be\\\/fr\\\/#website\",\"url\":\"https:\\\/\\\/ecosupplements.be\\\/fr\\\/\",\"name\":\"ECO Supplements\",\"description\":\"Eco Supplements - Gezonde supplementen\",\"publisher\":{\"@id\":\"https:\\\/\\\/ecosupplements.be\\\/fr\\\/#organization\"},\"potentialAction\":[{\"@type\":\"SearchAction\",\"target\":{\"@type\":\"EntryPoint\",\"urlTemplate\":\"https:\\\/\\\/ecosupplements.be\\\/fr\\\/?s={search_term_string}\"},\"query-input\":{\"@type\":\"PropertyValueSpecification\",\"valueRequired\":true,\"valueName\":\"search_term_string\"}}],\"inLanguage\":\"fr-FR\"},{\"@type\":\"Organization\",\"@id\":\"https:\\\/\\\/ecosupplements.be\\\/fr\\\/#organization\",\"name\":\"Eco Supplements\",\"url\":\"https:\\\/\\\/ecosupplements.be\\\/fr\\\/\",\"logo\":{\"@type\":\"ImageObject\",\"inLanguage\":\"fr-FR\",\"@id\":\"https:\\\/\\\/ecosupplements.be\\\/fr\\\/#\\\/schema\\\/logo\\\/image\\\/\",\"url\":\"https:\\\/\\\/ecosupplements.be\\\/wp-content\\\/uploads\\\/2022\\\/06\\\/ecosupplement-family.png\",\"contentUrl\":\"https:\\\/\\\/ecosupplements.be\\\/wp-content\\\/uploads\\\/2022\\\/06\\\/ecosupplement-family.png\",\"width\":593,\"height\":374,\"caption\":\"Eco Supplements\"},\"image\":{\"@id\":\"https:\\\/\\\/ecosupplements.be\\\/fr\\\/#\\\/schema\\\/logo\\\/image\\\/\"}}]}<\/script>\n<meta property=\"product:brand\" content=\"NOW,NOW Foods\" \/>\n<meta property=\"product:price:amount\" content=\"29.29\" \/>\n<meta property=\"product:price:currency\" content=\"EUR\" \/>\n<meta property=\"og:availability\" content=\"instock\" \/>\n<meta property=\"product:availability\" content=\"instock\" \/>\n<meta property=\"product:retailer_item_id\" content=\"733739030467\" \/>\n<meta property=\"product:condition\" content=\"new\" \/>\n<!-- \/ Yoast SEO Premium plugin. -->","yoast_head_json":{"title":"Now Foods - Acide Alpha-Lipo\u00efque, Extra Fort 600 mg (60 capsules v\u00e9g\u00e9tales) - ECO Supplements","description":"Wij hebben een ruime keuze aan producten van Now Foods - Acide Alpha-Lipo\u00efque, Extra Fort 600 mg (60 capsules v\u00e9g\u00e9tales) . Winkel bij Eco Supplements altijd gratis verzending boven 100\u20ac","robots":{"index":"index","follow":"follow","max-snippet":"max-snippet:-1","max-image-preview":"max-image-preview:large","max-video-preview":"max-video-preview:-1"},"canonical":"https:\/\/ecosupplements.be\/fr\/produit\/now-foods-alpha-lipoic-acid-extra-strength-600-mg-60-veg-capsules\/","og_locale":"fr_FR","og_type":"article","og_title":"Now Foods - Acide Alpha-Lipo\u00efque, Extra Fort 600 mg (60 capsules v\u00e9g\u00e9tales)","og_description":"Wij hebben een ruime keuze aan producten van Now Foods - Acide Alpha-Lipo\u00efque, Extra Fort 600 mg (60 capsules v\u00e9g\u00e9tales) . Winkel bij Eco Supplements altijd gratis verzending boven 100\u20ac","og_url":"https:\/\/ecosupplements.be\/fr\/produit\/now-foods-alpha-lipoic-acid-extra-strength-600-mg-60-veg-capsules\/","og_site_name":"ECO Supplements","article_modified_time":"2025-08-27T14:49:40+00:00","og_image":[{"width":750,"height":750,"url":"https:\/\/ecosupplements.be\/wp-content\/uploads\/2025\/08\/NOWNOW-Foods-Now-Foods-Alpha-Lipoic-Acid-Extra-Strength-600-mg-60-Veg-Capsules.webp","type":"image\/webp"}],"twitter_card":"summary_large_image","twitter_misc":{"Prix":"29.29&nbsp;&euro;","Disponibilit\u00e9":"En stock"},"schema":{"@context":"https:\/\/schema.org","@graph":[{"@type":["WebPage","ItemPage"],"@id":"https:\/\/ecosupplements.be\/fr\/produit\/now-foods-alpha-lipoic-acid-extra-strength-600-mg-60-veg-capsules\/","url":"https:\/\/ecosupplements.be\/fr\/produit\/now-foods-alpha-lipoic-acid-extra-strength-600-mg-60-veg-capsules\/","name":"Now Foods - Acide Alpha-Lipo\u00efque, Extra Fort 600 mg (60 capsules v\u00e9g\u00e9tales) - ECO Supplements","isPartOf":{"@id":"https:\/\/ecosupplements.be\/fr\/#website"},"primaryImageOfPage":{"@id":"https:\/\/ecosupplements.be\/fr\/produit\/now-foods-alpha-lipoic-acid-extra-strength-600-mg-60-veg-capsules\/#primaryimage"},"image":{"@id":"https:\/\/ecosupplements.be\/fr\/produit\/now-foods-alpha-lipoic-acid-extra-strength-600-mg-60-veg-capsules\/#primaryimage"},"thumbnailUrl":"https:\/\/ecosupplements.be\/wp-content\/uploads\/2025\/08\/NOW-Foods-Alpha-Lipoic-Acid-with-Grape-Seed-Extract-Bioperine-600mg-60-vcaps.jpg","datePublished":"2022-06-28T09:21:05+00:00","dateModified":"2025-08-27T14:49:40+00:00","description":"Wij hebben een ruime keuze aan producten van Now Foods - Acide Alpha-Lipo\u00efque, Extra Fort 600 mg (60 capsules v\u00e9g\u00e9tales) . Winkel bij Eco Supplements altijd gratis verzending boven 100\u20ac","breadcrumb":{"@id":"https:\/\/ecosupplements.be\/fr\/produit\/now-foods-alpha-lipoic-acid-extra-strength-600-mg-60-veg-capsules\/#breadcrumb"},"inLanguage":"fr-FR","potentialAction":[{"@type":"ReadAction","target":["https:\/\/ecosupplements.be\/fr\/produit\/now-foods-alpha-lipoic-acid-extra-strength-600-mg-60-veg-capsules\/"]}]},{"@type":"ImageObject","inLanguage":"fr-FR","@id":"https:\/\/ecosupplements.be\/fr\/produit\/now-foods-alpha-lipoic-acid-extra-strength-600-mg-60-veg-capsules\/#primaryimage","url":"https:\/\/ecosupplements.be\/wp-content\/uploads\/2025\/08\/NOW-Foods-Alpha-Lipoic-Acid-with-Grape-Seed-Extract-Bioperine-600mg-60-vcaps.jpg","contentUrl":"https:\/\/ecosupplements.be\/wp-content\/uploads\/2025\/08\/NOW-Foods-Alpha-Lipoic-Acid-with-Grape-Seed-Extract-Bioperine-600mg-60-vcaps.jpg","width":750,"height":750},{"@type":"BreadcrumbList","@id":"https:\/\/ecosupplements.be\/fr\/produit\/now-foods-alpha-lipoic-acid-extra-strength-600-mg-60-veg-capsules\/#breadcrumb","itemListElement":[{"@type":"ListItem","position":1,"name":"Home","item":"https:\/\/ecosupplements.be\/fr\/"},{"@type":"ListItem","position":2,"name":"Boutique","item":"https:\/\/ecosupplements.be\/fr\/boutique\/"},{"@type":"ListItem","position":3,"name":"Now Foods &#8211; Acide Alpha-Lipo\u00efque, Extra Fort 600 mg (60 capsules v\u00e9g\u00e9tales)"}]},{"@type":"WebSite","@id":"https:\/\/ecosupplements.be\/fr\/#website","url":"https:\/\/ecosupplements.be\/fr\/","name":"ECO Supplements","description":"Eco Supplements - Gezonde supplementen","publisher":{"@id":"https:\/\/ecosupplements.be\/fr\/#organization"},"potentialAction":[{"@type":"SearchAction","target":{"@type":"EntryPoint","urlTemplate":"https:\/\/ecosupplements.be\/fr\/?s={search_term_string}"},"query-input":{"@type":"PropertyValueSpecification","valueRequired":true,"valueName":"search_term_string"}}],"inLanguage":"fr-FR"},{"@type":"Organization","@id":"https:\/\/ecosupplements.be\/fr\/#organization","name":"Eco Supplements","url":"https:\/\/ecosupplements.be\/fr\/","logo":{"@type":"ImageObject","inLanguage":"fr-FR","@id":"https:\/\/ecosupplements.be\/fr\/#\/schema\/logo\/image\/","url":"https:\/\/ecosupplements.be\/wp-content\/uploads\/2022\/06\/ecosupplement-family.png","contentUrl":"https:\/\/ecosupplements.be\/wp-content\/uploads\/2022\/06\/ecosupplement-family.png","width":593,"height":374,"caption":"Eco Supplements"},"image":{"@id":"https:\/\/ecosupplements.be\/fr\/#\/schema\/logo\/image\/"}}]},"product_brand":"NOW,NOW Foods","product_price_amount":"29.29","product_price_currency":"EUR","og_availability":"instock","product_availability":"instock","product_retailer_item_id":"733739030467","product_condition":"new"},"_links":{"self":[{"href":"https:\/\/ecosupplements.be\/fr\/wp-json\/wp\/v2\/product\/292728","targetHints":{"allow":["GET"]}}],"collection":[{"href":"https:\/\/ecosupplements.be\/fr\/wp-json\/wp\/v2\/product"}],"about":[{"href":"https:\/\/ecosupplements.be\/fr\/wp-json\/wp\/v2\/types\/product"}],"replies":[{"embeddable":true,"href":"https:\/\/ecosupplements.be\/fr\/wp-json\/wp\/v2\/comments?post=292728"}],"wp:featuredmedia":[{"embeddable":true,"href":"https:\/\/ecosupplements.be\/fr\/wp-json\/wp\/v2\/media\/248983"}],"wp:attachment":[{"href":"https:\/\/ecosupplements.be\/fr\/wp-json\/wp\/v2\/media?parent=292728"}],"wp:term":[{"taxonomy":"product_brand","embeddable":true,"href":"https:\/\/ecosupplements.be\/fr\/wp-json\/wp\/v2\/product_brand?post=292728"},{"taxonomy":"product_cat","embeddable":true,"href":"https:\/\/ecosupplements.be\/fr\/wp-json\/wp\/v2\/product_cat?post=292728"},{"taxonomy":"product_tag","embeddable":true,"href":"https:\/\/ecosupplements.be\/fr\/wp-json\/wp\/v2\/product_tag?post=292728"}],"curies":[{"name":"wp","href":"https:\/\/api.w.org\/{rel}","templated":true}]}}