{"id":292749,"date":"2022-06-28T10:18:16","date_gmt":"2022-06-28T09:18:16","guid":{"rendered":"https:\/\/ecosupplements.be\/product\/life-extension-vitamin-d3-25-mcg-1000-iu-250-softgels\/"},"modified":"2025-08-27T15:49:57","modified_gmt":"2025-08-27T14:49:57","slug":"life-extension-vitamin-d3-25-mcg-1000-iu-250-softgels","status":"publish","type":"product","link":"https:\/\/ecosupplements.be\/fr\/produit\/life-extension-vitamin-d3-25-mcg-1000-iu-250-softgels\/","title":{"rendered":"Life Extension &#8211; Vitamine D3 25 mcg (1000 UI) (250 capsules molles)"},"content":{"rendered":"<h2>Life Extension &#8211; Vitamin D3 25 mcg (1000 IU) (250 Softgels)<\/h2>\n<p>D\u00e9couvrez les softgels de vitamine D3 de Life Extension, un choix naturel pour ceux qui appr\u00e9cient les ingr\u00e9dients purs et de haute qualit\u00e9. Chaque softgel est con\u00e7u pour \u00eatre facile \u00e0 utiliser au quotidien, offrant une approche pratique \u00e0 votre routine.<\/p>\n<h3>Ingr\u00e9dients principaux<\/h3>\n<p>Ce produit contient de la vitamine D3 d\u00e9riv\u00e9e de sources naturelles, garantissant une grande puret\u00e9. Les softgels sont formul\u00e9s sans colorants ni conservateurs artificiels, align\u00e9s sur notre engagement envers la qualit\u00e9 et l&#8217;authenticit\u00e9.<\/p>\n<h3>Contenu et emballage<\/h3>\n<p>Le flacon contient 250 softgels, con\u00e7us pour \u00eatre int\u00e9gr\u00e9s facilement dans votre quotidien gr\u00e2ce \u00e0 leur format compact et pratique.<\/p>\n<h3>Utilisation<\/h3>\n<p>Pour une utilisation optimale, il est recommand\u00e9 d&#8217;adopter le dosage journalier indiqu\u00e9 sur l&#8217;emballage. Ces softgels sont faciles \u00e0 avaler gr\u00e2ce \u00e0 leur texture douce.<\/p>\n<p>Avec Life Extension &#8211; Vitamin D3 25 mcg (1000 IU), optez pour un produit pratique qui s&#8217;int\u00e8gre harmonieusement dans un mode de vie actif et \u00e9quilibr\u00e9.<\/p>\n","protected":false},"excerpt":{"rendered":"<p>Life Extension &#8211; Vitamin D3 25 mcg (1000 IU) (250 Softgels) D\u00e9couvrez les softgels de vitamine D3 de Life Extension, un choix naturel pour ceux qui appr\u00e9cient les ingr\u00e9dients purs et de haute qualit\u00e9. Chaque softgel est con\u00e7u pour \u00eatre facile \u00e0 utiliser au quotidien, offrant une approche pratique \u00e0 votre routine. Ingr\u00e9dients principaux Ce [&#8230;]\n","protected":false},"featured_media":248041,"comment_status":"open","ping_status":"open","template":"","meta":[],"product_brand":[4723],"product_cat":[5052],"product_tag":[],"class_list":{"0":"post-292749","1":"product","2":"type-product","3":"status-publish","4":"has-post-thumbnail","6":"product_brand-life-extension-2","7":"product_cat-sante-et-bien-etre","9":"first","10":"instock","11":"taxable","12":"shipping-taxable","13":"purchasable","14":"product-type-simple"},"yoast_head":"<!-- This site is optimized with the Yoast SEO Premium plugin v27.3 (Yoast SEO v27.3) - https:\/\/yoast.com\/product\/yoast-seo-premium-wordpress\/ -->\n<title>Life Extension - Vitamine D3 25 mcg (1000 UI) (250 capsules molles) - ECO Supplements<\/title>\n<meta name=\"description\" content=\"Wij hebben een ruime keuze aan producten van Life Extension - Vitamine D3 25 mcg (1000 UI) (250 capsules molles) . Winkel bij Eco Supplements altijd gratis verzending boven 100\u20ac\" \/>\n<meta name=\"robots\" content=\"index, follow, max-snippet:-1, max-image-preview:large, max-video-preview:-1\" \/>\n<link rel=\"canonical\" href=\"https:\/\/ecosupplements.be\/fr\/produit\/life-extension-vitamin-d3-25-mcg-1000-iu-250-softgels\/\" \/>\n<meta property=\"og:locale\" content=\"fr_FR\" \/>\n<meta property=\"og:type\" content=\"article\" \/>\n<meta property=\"og:title\" content=\"Life Extension - Vitamine D3 25 mcg (1000 UI) (250 capsules molles)\" \/>\n<meta property=\"og:description\" content=\"Wij hebben een ruime keuze aan producten van Life Extension - Vitamine D3 25 mcg (1000 UI) (250 capsules molles) . Winkel bij Eco Supplements altijd gratis verzending boven 100\u20ac\" \/>\n<meta property=\"og:url\" content=\"https:\/\/ecosupplements.be\/fr\/produit\/life-extension-vitamin-d3-25-mcg-1000-iu-250-softgels\/\" \/>\n<meta property=\"og:site_name\" content=\"ECO Supplements\" \/>\n<meta property=\"article:modified_time\" content=\"2025-08-27T14:49:57+00:00\" \/>\n<meta property=\"og:image\" content=\"https:\/\/ecosupplements.be\/wp-content\/uploads\/2025\/08\/Life-Extension-Life-Extension-Vitamin-D3-25-mcg-1000-IU-250-Softgels.webp\" \/>\n\t<meta property=\"og:image:width\" content=\"750\" \/>\n\t<meta property=\"og:image:height\" content=\"750\" \/>\n\t<meta property=\"og:image:type\" content=\"image\/webp\" \/>\n<meta name=\"twitter:card\" content=\"summary_large_image\" \/>\n<meta name=\"twitter:label1\" content=\"Prix\" \/>\n\t<meta name=\"twitter:data1\" content=\"14.55&nbsp;&euro;\" \/>\n\t<meta name=\"twitter:label2\" content=\"Disponibilit\u00e9\" \/>\n\t<meta name=\"twitter:data2\" content=\"En stock\" \/>\n<script type=\"application\/ld+json\" class=\"yoast-schema-graph\">{\"@context\":\"https:\\\/\\\/schema.org\",\"@graph\":[{\"@type\":[\"WebPage\",\"ItemPage\"],\"@id\":\"https:\\\/\\\/ecosupplements.be\\\/fr\\\/produit\\\/life-extension-vitamin-d3-25-mcg-1000-iu-250-softgels\\\/\",\"url\":\"https:\\\/\\\/ecosupplements.be\\\/fr\\\/produit\\\/life-extension-vitamin-d3-25-mcg-1000-iu-250-softgels\\\/\",\"name\":\"Life Extension - Vitamine D3 25 mcg (1000 UI) (250 capsules molles) - ECO Supplements\",\"isPartOf\":{\"@id\":\"https:\\\/\\\/ecosupplements.be\\\/fr\\\/#website\"},\"primaryImageOfPage\":{\"@id\":\"https:\\\/\\\/ecosupplements.be\\\/fr\\\/produit\\\/life-extension-vitamin-d3-25-mcg-1000-iu-250-softgels\\\/#primaryimage\"},\"image\":{\"@id\":\"https:\\\/\\\/ecosupplements.be\\\/fr\\\/produit\\\/life-extension-vitamin-d3-25-mcg-1000-iu-250-softgels\\\/#primaryimage\"},\"thumbnailUrl\":\"https:\\\/\\\/ecosupplements.be\\\/wp-content\\\/uploads\\\/2025\\\/08\\\/Life-Extension-Vitamin-D3-1000-IU-250-softgels.jpg\",\"datePublished\":\"2022-06-28T09:18:16+00:00\",\"dateModified\":\"2025-08-27T14:49:57+00:00\",\"description\":\"Wij hebben een ruime keuze aan producten van Life Extension - Vitamine D3 25 mcg (1000 UI) (250 capsules molles) . Winkel bij Eco Supplements altijd gratis verzending boven 100\u20ac\",\"breadcrumb\":{\"@id\":\"https:\\\/\\\/ecosupplements.be\\\/fr\\\/produit\\\/life-extension-vitamin-d3-25-mcg-1000-iu-250-softgels\\\/#breadcrumb\"},\"inLanguage\":\"fr-FR\",\"potentialAction\":[{\"@type\":\"ReadAction\",\"target\":[\"https:\\\/\\\/ecosupplements.be\\\/fr\\\/produit\\\/life-extension-vitamin-d3-25-mcg-1000-iu-250-softgels\\\/\"]}]},{\"@type\":\"ImageObject\",\"inLanguage\":\"fr-FR\",\"@id\":\"https:\\\/\\\/ecosupplements.be\\\/fr\\\/produit\\\/life-extension-vitamin-d3-25-mcg-1000-iu-250-softgels\\\/#primaryimage\",\"url\":\"https:\\\/\\\/ecosupplements.be\\\/wp-content\\\/uploads\\\/2025\\\/08\\\/Life-Extension-Vitamin-D3-1000-IU-250-softgels.jpg\",\"contentUrl\":\"https:\\\/\\\/ecosupplements.be\\\/wp-content\\\/uploads\\\/2025\\\/08\\\/Life-Extension-Vitamin-D3-1000-IU-250-softgels.jpg\",\"width\":750,\"height\":750},{\"@type\":\"BreadcrumbList\",\"@id\":\"https:\\\/\\\/ecosupplements.be\\\/fr\\\/produit\\\/life-extension-vitamin-d3-25-mcg-1000-iu-250-softgels\\\/#breadcrumb\",\"itemListElement\":[{\"@type\":\"ListItem\",\"position\":1,\"name\":\"Home\",\"item\":\"https:\\\/\\\/ecosupplements.be\\\/fr\\\/\"},{\"@type\":\"ListItem\",\"position\":2,\"name\":\"Boutique\",\"item\":\"https:\\\/\\\/ecosupplements.be\\\/fr\\\/boutique\\\/\"},{\"@type\":\"ListItem\",\"position\":3,\"name\":\"Life Extension &#8211; Vitamine D3 25 mcg (1000 UI) (250 capsules molles)\"}]},{\"@type\":\"WebSite\",\"@id\":\"https:\\\/\\\/ecosupplements.be\\\/fr\\\/#website\",\"url\":\"https:\\\/\\\/ecosupplements.be\\\/fr\\\/\",\"name\":\"ECO Supplements\",\"description\":\"Eco Supplements - Gezonde supplementen\",\"publisher\":{\"@id\":\"https:\\\/\\\/ecosupplements.be\\\/fr\\\/#organization\"},\"potentialAction\":[{\"@type\":\"SearchAction\",\"target\":{\"@type\":\"EntryPoint\",\"urlTemplate\":\"https:\\\/\\\/ecosupplements.be\\\/fr\\\/?s={search_term_string}\"},\"query-input\":{\"@type\":\"PropertyValueSpecification\",\"valueRequired\":true,\"valueName\":\"search_term_string\"}}],\"inLanguage\":\"fr-FR\"},{\"@type\":\"Organization\",\"@id\":\"https:\\\/\\\/ecosupplements.be\\\/fr\\\/#organization\",\"name\":\"Eco Supplements\",\"url\":\"https:\\\/\\\/ecosupplements.be\\\/fr\\\/\",\"logo\":{\"@type\":\"ImageObject\",\"inLanguage\":\"fr-FR\",\"@id\":\"https:\\\/\\\/ecosupplements.be\\\/fr\\\/#\\\/schema\\\/logo\\\/image\\\/\",\"url\":\"https:\\\/\\\/ecosupplements.be\\\/wp-content\\\/uploads\\\/2022\\\/06\\\/ecosupplement-family.png\",\"contentUrl\":\"https:\\\/\\\/ecosupplements.be\\\/wp-content\\\/uploads\\\/2022\\\/06\\\/ecosupplement-family.png\",\"width\":593,\"height\":374,\"caption\":\"Eco Supplements\"},\"image\":{\"@id\":\"https:\\\/\\\/ecosupplements.be\\\/fr\\\/#\\\/schema\\\/logo\\\/image\\\/\"}}]}<\/script>\n<meta property=\"product:brand\" content=\"Life Extension\" \/>\n<meta property=\"product:price:amount\" content=\"14.55\" \/>\n<meta property=\"product:price:currency\" content=\"EUR\" \/>\n<meta property=\"og:availability\" content=\"instock\" \/>\n<meta property=\"product:availability\" content=\"instock\" \/>\n<meta property=\"product:retailer_item_id\" content=\"737870175124\" \/>\n<meta property=\"product:condition\" content=\"new\" \/>\n<!-- \/ Yoast SEO Premium plugin. -->","yoast_head_json":{"title":"Life Extension - Vitamine D3 25 mcg (1000 UI) (250 capsules molles) - ECO Supplements","description":"Wij hebben een ruime keuze aan producten van Life Extension - Vitamine D3 25 mcg (1000 UI) (250 capsules molles) . Winkel bij Eco Supplements altijd gratis verzending boven 100\u20ac","robots":{"index":"index","follow":"follow","max-snippet":"max-snippet:-1","max-image-preview":"max-image-preview:large","max-video-preview":"max-video-preview:-1"},"canonical":"https:\/\/ecosupplements.be\/fr\/produit\/life-extension-vitamin-d3-25-mcg-1000-iu-250-softgels\/","og_locale":"fr_FR","og_type":"article","og_title":"Life Extension - Vitamine D3 25 mcg (1000 UI) (250 capsules molles)","og_description":"Wij hebben een ruime keuze aan producten van Life Extension - Vitamine D3 25 mcg (1000 UI) (250 capsules molles) . Winkel bij Eco Supplements altijd gratis verzending boven 100\u20ac","og_url":"https:\/\/ecosupplements.be\/fr\/produit\/life-extension-vitamin-d3-25-mcg-1000-iu-250-softgels\/","og_site_name":"ECO Supplements","article_modified_time":"2025-08-27T14:49:57+00:00","og_image":[{"width":750,"height":750,"url":"https:\/\/ecosupplements.be\/wp-content\/uploads\/2025\/08\/Life-Extension-Life-Extension-Vitamin-D3-25-mcg-1000-IU-250-Softgels.webp","type":"image\/webp"}],"twitter_card":"summary_large_image","twitter_misc":{"Prix":"14.55&nbsp;&euro;","Disponibilit\u00e9":"En stock"},"schema":{"@context":"https:\/\/schema.org","@graph":[{"@type":["WebPage","ItemPage"],"@id":"https:\/\/ecosupplements.be\/fr\/produit\/life-extension-vitamin-d3-25-mcg-1000-iu-250-softgels\/","url":"https:\/\/ecosupplements.be\/fr\/produit\/life-extension-vitamin-d3-25-mcg-1000-iu-250-softgels\/","name":"Life Extension - Vitamine D3 25 mcg (1000 UI) (250 capsules molles) - ECO Supplements","isPartOf":{"@id":"https:\/\/ecosupplements.be\/fr\/#website"},"primaryImageOfPage":{"@id":"https:\/\/ecosupplements.be\/fr\/produit\/life-extension-vitamin-d3-25-mcg-1000-iu-250-softgels\/#primaryimage"},"image":{"@id":"https:\/\/ecosupplements.be\/fr\/produit\/life-extension-vitamin-d3-25-mcg-1000-iu-250-softgels\/#primaryimage"},"thumbnailUrl":"https:\/\/ecosupplements.be\/wp-content\/uploads\/2025\/08\/Life-Extension-Vitamin-D3-1000-IU-250-softgels.jpg","datePublished":"2022-06-28T09:18:16+00:00","dateModified":"2025-08-27T14:49:57+00:00","description":"Wij hebben een ruime keuze aan producten van Life Extension - Vitamine D3 25 mcg (1000 UI) (250 capsules molles) . Winkel bij Eco Supplements altijd gratis verzending boven 100\u20ac","breadcrumb":{"@id":"https:\/\/ecosupplements.be\/fr\/produit\/life-extension-vitamin-d3-25-mcg-1000-iu-250-softgels\/#breadcrumb"},"inLanguage":"fr-FR","potentialAction":[{"@type":"ReadAction","target":["https:\/\/ecosupplements.be\/fr\/produit\/life-extension-vitamin-d3-25-mcg-1000-iu-250-softgels\/"]}]},{"@type":"ImageObject","inLanguage":"fr-FR","@id":"https:\/\/ecosupplements.be\/fr\/produit\/life-extension-vitamin-d3-25-mcg-1000-iu-250-softgels\/#primaryimage","url":"https:\/\/ecosupplements.be\/wp-content\/uploads\/2025\/08\/Life-Extension-Vitamin-D3-1000-IU-250-softgels.jpg","contentUrl":"https:\/\/ecosupplements.be\/wp-content\/uploads\/2025\/08\/Life-Extension-Vitamin-D3-1000-IU-250-softgels.jpg","width":750,"height":750},{"@type":"BreadcrumbList","@id":"https:\/\/ecosupplements.be\/fr\/produit\/life-extension-vitamin-d3-25-mcg-1000-iu-250-softgels\/#breadcrumb","itemListElement":[{"@type":"ListItem","position":1,"name":"Home","item":"https:\/\/ecosupplements.be\/fr\/"},{"@type":"ListItem","position":2,"name":"Boutique","item":"https:\/\/ecosupplements.be\/fr\/boutique\/"},{"@type":"ListItem","position":3,"name":"Life Extension &#8211; Vitamine D3 25 mcg (1000 UI) (250 capsules molles)"}]},{"@type":"WebSite","@id":"https:\/\/ecosupplements.be\/fr\/#website","url":"https:\/\/ecosupplements.be\/fr\/","name":"ECO Supplements","description":"Eco Supplements - Gezonde supplementen","publisher":{"@id":"https:\/\/ecosupplements.be\/fr\/#organization"},"potentialAction":[{"@type":"SearchAction","target":{"@type":"EntryPoint","urlTemplate":"https:\/\/ecosupplements.be\/fr\/?s={search_term_string}"},"query-input":{"@type":"PropertyValueSpecification","valueRequired":true,"valueName":"search_term_string"}}],"inLanguage":"fr-FR"},{"@type":"Organization","@id":"https:\/\/ecosupplements.be\/fr\/#organization","name":"Eco Supplements","url":"https:\/\/ecosupplements.be\/fr\/","logo":{"@type":"ImageObject","inLanguage":"fr-FR","@id":"https:\/\/ecosupplements.be\/fr\/#\/schema\/logo\/image\/","url":"https:\/\/ecosupplements.be\/wp-content\/uploads\/2022\/06\/ecosupplement-family.png","contentUrl":"https:\/\/ecosupplements.be\/wp-content\/uploads\/2022\/06\/ecosupplement-family.png","width":593,"height":374,"caption":"Eco Supplements"},"image":{"@id":"https:\/\/ecosupplements.be\/fr\/#\/schema\/logo\/image\/"}}]},"product_brand":"Life Extension","product_price_amount":"14.55","product_price_currency":"EUR","og_availability":"instock","product_availability":"instock","product_retailer_item_id":"737870175124","product_condition":"new"},"_links":{"self":[{"href":"https:\/\/ecosupplements.be\/fr\/wp-json\/wp\/v2\/product\/292749","targetHints":{"allow":["GET"]}}],"collection":[{"href":"https:\/\/ecosupplements.be\/fr\/wp-json\/wp\/v2\/product"}],"about":[{"href":"https:\/\/ecosupplements.be\/fr\/wp-json\/wp\/v2\/types\/product"}],"replies":[{"embeddable":true,"href":"https:\/\/ecosupplements.be\/fr\/wp-json\/wp\/v2\/comments?post=292749"}],"wp:featuredmedia":[{"embeddable":true,"href":"https:\/\/ecosupplements.be\/fr\/wp-json\/wp\/v2\/media\/248041"}],"wp:attachment":[{"href":"https:\/\/ecosupplements.be\/fr\/wp-json\/wp\/v2\/media?parent=292749"}],"wp:term":[{"taxonomy":"product_brand","embeddable":true,"href":"https:\/\/ecosupplements.be\/fr\/wp-json\/wp\/v2\/product_brand?post=292749"},{"taxonomy":"product_cat","embeddable":true,"href":"https:\/\/ecosupplements.be\/fr\/wp-json\/wp\/v2\/product_cat?post=292749"},{"taxonomy":"product_tag","embeddable":true,"href":"https:\/\/ecosupplements.be\/fr\/wp-json\/wp\/v2\/product_tag?post=292749"}],"curies":[{"name":"wp","href":"https:\/\/api.w.org\/{rel}","templated":true}]}}