{"id":292791,"date":"2024-12-15T14:52:53","date_gmt":"2024-12-15T13:52:53","guid":{"rendered":"https:\/\/ecosupplements.be\/product\/puritans-pride-absorbable-calcium-1200-mg-with-vitamin-d3-1000-iu-200-softgels\/"},"modified":"2025-08-27T15:50:27","modified_gmt":"2025-08-27T14:50:27","slug":"puritans-pride-absorbable-calcium-1200-mg-with-vitamin-d3-1000-iu-200-softgels","status":"publish","type":"product","link":"https:\/\/ecosupplements.be\/fr\/produit\/puritans-pride-absorbable-calcium-1200-mg-with-vitamin-d3-1000-iu-200-softgels\/","title":{"rendered":"Calcium absorbable Puritan&#8217;s Pride 1200 mg avec vitamine D3 1000 UI (200 capsules molles)"},"content":{"rendered":"<h2>Puritan&#8217;s Pride Absorbable Calcium 1200 mg with Vitamin D3 1000 IU (200 Softgels)<\/h2>\n<p>D\u00e9couvrez le choix naturel pour votre quotidien avec les softgels de calcium absorbable de Puritan&#8217;s Pride. Chaque softgel est con\u00e7u pour offrir une exp\u00e9rience d&#8217;utilisation agr\u00e9able et pratique, adapt\u00e9e \u00e0 tous ceux qui appr\u00e9cient la qualit\u00e9 et la simplicit\u00e9.<\/p>\n<p><strong>Ingr\u00e9dients principaux :<\/strong> Ce produit contient du calcium et de la vitamine D3, issus de sources soigneusement s\u00e9lectionn\u00e9es pour leur puret\u00e9 \u00e9lev\u00e9e. Ces ingr\u00e9dients sont encapsul\u00e9s dans des softgels faciles \u00e0 avaler, con\u00e7us sans ar\u00f4mes artificiels ni conservateurs.<\/p>\n<p><strong>Contenu et emballage :<\/strong> Ce paquet contient 200 softgels, ce qui en fait un choix \u00e9conomique et durable pour une utilisation r\u00e9guli\u00e8re.<\/p>\n<p><strong>Utilisation :<\/strong> Pour une utilisation optimale, suivre les indications sur l&#8217;emballage ou consulter un professionnel pour adapter l&#8217;usage selon vos pr\u00e9f\u00e9rences personnelles.<\/p>\n<p>Ce produit est un excellent ajout \u00e0 votre routine quotidienne, vous permettant d&#8217;int\u00e9grer facilement des composants de grande qualit\u00e9 dans votre mode de vie actif. Profitez chaque jour du format pratique des softgels sans vous soucier des d\u00e9tails complexes.<\/p>\n<p>Faites le choix d&#8217;un produit fiable avec Puritan&#8217;s Pride,o\u00f9 la qualit\u00e9 rencontre le naturel au service de votre style de vie dynamique.<\/p>\n","protected":false},"excerpt":{"rendered":"<p>Puritan&#8217;s Pride Absorbable Calcium 1200 mg with Vitamin D3 1000 IU (200 Softgels) D\u00e9couvrez le choix naturel pour votre quotidien avec les softgels de calcium absorbable de Puritan&#8217;s Pride. Chaque softgel est con\u00e7u pour offrir une exp\u00e9rience d&#8217;utilisation agr\u00e9able et pratique, adapt\u00e9e \u00e0 tous ceux qui appr\u00e9cient la qualit\u00e9 et la simplicit\u00e9. Ingr\u00e9dients principaux : [&#8230;]\n","protected":false},"featured_media":267922,"comment_status":"open","ping_status":"open","template":"","meta":[],"product_brand":[5280],"product_cat":[],"product_tag":[],"class_list":{"0":"post-292791","1":"product","2":"type-product","3":"status-publish","4":"has-post-thumbnail","6":"product_brand-puritans-pride-2","8":"first","9":"outofstock","10":"taxable","11":"shipping-taxable","12":"purchasable","13":"product-type-simple"},"yoast_head":"<!-- This site is optimized with the Yoast SEO Premium plugin v27.3 (Yoast SEO v27.3) - https:\/\/yoast.com\/product\/yoast-seo-premium-wordpress\/ -->\n<title>Calcium absorbable Puritan&#039;s Pride 1200 mg avec vitamine D3 1000 UI (200 capsules molles) - ECO Supplements<\/title>\n<meta name=\"description\" content=\"Wij hebben een ruime keuze aan producten van Calcium absorbable Puritan&#039;s Pride 1200 mg avec vitamine D3 1000 UI (200 capsules molles) . Winkel bij Eco Supplements altijd gratis verzending boven 100\u20ac\" \/>\n<meta name=\"robots\" content=\"index, follow, max-snippet:-1, max-image-preview:large, max-video-preview:-1\" \/>\n<link rel=\"canonical\" href=\"https:\/\/ecosupplements.be\/fr\/produit\/puritans-pride-absorbable-calcium-1200-mg-with-vitamin-d3-1000-iu-200-softgels\/\" \/>\n<meta property=\"og:locale\" content=\"fr_FR\" \/>\n<meta property=\"og:type\" content=\"article\" \/>\n<meta property=\"og:title\" content=\"Calcium absorbable Puritan&#039;s Pride 1200 mg avec vitamine D3 1000 UI (200 capsules molles)\" \/>\n<meta property=\"og:description\" content=\"Wij hebben een ruime keuze aan producten van Calcium absorbable Puritan&#039;s Pride 1200 mg avec vitamine D3 1000 UI (200 capsules molles) . Winkel bij Eco Supplements altijd gratis verzending boven 100\u20ac\" \/>\n<meta property=\"og:url\" content=\"https:\/\/ecosupplements.be\/fr\/produit\/puritans-pride-absorbable-calcium-1200-mg-with-vitamin-d3-1000-iu-200-softgels\/\" \/>\n<meta property=\"og:site_name\" content=\"ECO Supplements\" \/>\n<meta property=\"article:modified_time\" content=\"2025-08-27T14:50:27+00:00\" \/>\n<meta property=\"og:image\" content=\"https:\/\/ecosupplements.be\/wp-content\/uploads\/2025\/08\/Puritans-Pride-Puritans-Pride-Absorbable-Calcium-1200-mg-with-Vitamin-D3-1000-IU-200-Softgels.webp\" \/>\n\t<meta property=\"og:image:width\" content=\"750\" \/>\n\t<meta property=\"og:image:height\" content=\"750\" \/>\n\t<meta property=\"og:image:type\" content=\"image\/webp\" \/>\n<meta name=\"twitter:card\" content=\"summary_large_image\" \/>\n<meta name=\"twitter:label1\" content=\"Prix\" \/>\n\t<meta name=\"twitter:data1\" content=\"15.11&nbsp;&euro;\" \/>\n\t<meta name=\"twitter:label2\" content=\"Disponibilit\u00e9\" \/>\n\t<meta name=\"twitter:data2\" content=\"Rupture de stock\" \/>\n<script type=\"application\/ld+json\" class=\"yoast-schema-graph\">{\"@context\":\"https:\\\/\\\/schema.org\",\"@graph\":[{\"@type\":[\"WebPage\",\"ItemPage\"],\"@id\":\"https:\\\/\\\/ecosupplements.be\\\/fr\\\/produit\\\/puritans-pride-absorbable-calcium-1200-mg-with-vitamin-d3-1000-iu-200-softgels\\\/\",\"url\":\"https:\\\/\\\/ecosupplements.be\\\/fr\\\/produit\\\/puritans-pride-absorbable-calcium-1200-mg-with-vitamin-d3-1000-iu-200-softgels\\\/\",\"name\":\"Calcium absorbable Puritan's Pride 1200 mg avec vitamine D3 1000 UI (200 capsules molles) - ECO Supplements\",\"isPartOf\":{\"@id\":\"https:\\\/\\\/ecosupplements.be\\\/fr\\\/#website\"},\"primaryImageOfPage\":{\"@id\":\"https:\\\/\\\/ecosupplements.be\\\/fr\\\/produit\\\/puritans-pride-absorbable-calcium-1200-mg-with-vitamin-d3-1000-iu-200-softgels\\\/#primaryimage\"},\"image\":{\"@id\":\"https:\\\/\\\/ecosupplements.be\\\/fr\\\/produit\\\/puritans-pride-absorbable-calcium-1200-mg-with-vitamin-d3-1000-iu-200-softgels\\\/#primaryimage\"},\"thumbnailUrl\":\"https:\\\/\\\/ecosupplements.be\\\/wp-content\\\/uploads\\\/2025\\\/08\\\/Puritans-Pride-Absorbable-Calcium-Vitamin-D3-200-softgels.jpg\",\"datePublished\":\"2024-12-15T13:52:53+00:00\",\"dateModified\":\"2025-08-27T14:50:27+00:00\",\"description\":\"Wij hebben een ruime keuze aan producten van Calcium absorbable Puritan's Pride 1200 mg avec vitamine D3 1000 UI (200 capsules molles) . Winkel bij Eco Supplements altijd gratis verzending boven 100\u20ac\",\"breadcrumb\":{\"@id\":\"https:\\\/\\\/ecosupplements.be\\\/fr\\\/produit\\\/puritans-pride-absorbable-calcium-1200-mg-with-vitamin-d3-1000-iu-200-softgels\\\/#breadcrumb\"},\"inLanguage\":\"fr-FR\",\"potentialAction\":[{\"@type\":\"ReadAction\",\"target\":[\"https:\\\/\\\/ecosupplements.be\\\/fr\\\/produit\\\/puritans-pride-absorbable-calcium-1200-mg-with-vitamin-d3-1000-iu-200-softgels\\\/\"]}]},{\"@type\":\"ImageObject\",\"inLanguage\":\"fr-FR\",\"@id\":\"https:\\\/\\\/ecosupplements.be\\\/fr\\\/produit\\\/puritans-pride-absorbable-calcium-1200-mg-with-vitamin-d3-1000-iu-200-softgels\\\/#primaryimage\",\"url\":\"https:\\\/\\\/ecosupplements.be\\\/wp-content\\\/uploads\\\/2025\\\/08\\\/Puritans-Pride-Absorbable-Calcium-Vitamin-D3-200-softgels.jpg\",\"contentUrl\":\"https:\\\/\\\/ecosupplements.be\\\/wp-content\\\/uploads\\\/2025\\\/08\\\/Puritans-Pride-Absorbable-Calcium-Vitamin-D3-200-softgels.jpg\",\"width\":439,\"height\":883},{\"@type\":\"BreadcrumbList\",\"@id\":\"https:\\\/\\\/ecosupplements.be\\\/fr\\\/produit\\\/puritans-pride-absorbable-calcium-1200-mg-with-vitamin-d3-1000-iu-200-softgels\\\/#breadcrumb\",\"itemListElement\":[{\"@type\":\"ListItem\",\"position\":1,\"name\":\"Home\",\"item\":\"https:\\\/\\\/ecosupplements.be\\\/fr\\\/\"},{\"@type\":\"ListItem\",\"position\":2,\"name\":\"Boutique\",\"item\":\"https:\\\/\\\/ecosupplements.be\\\/fr\\\/boutique\\\/\"},{\"@type\":\"ListItem\",\"position\":3,\"name\":\"Calcium absorbable Puritan&#8217;s Pride 1200 mg avec vitamine D3 1000 UI (200 capsules molles)\"}]},{\"@type\":\"WebSite\",\"@id\":\"https:\\\/\\\/ecosupplements.be\\\/fr\\\/#website\",\"url\":\"https:\\\/\\\/ecosupplements.be\\\/fr\\\/\",\"name\":\"ECO Supplements\",\"description\":\"Eco Supplements - Gezonde supplementen\",\"publisher\":{\"@id\":\"https:\\\/\\\/ecosupplements.be\\\/fr\\\/#organization\"},\"potentialAction\":[{\"@type\":\"SearchAction\",\"target\":{\"@type\":\"EntryPoint\",\"urlTemplate\":\"https:\\\/\\\/ecosupplements.be\\\/fr\\\/?s={search_term_string}\"},\"query-input\":{\"@type\":\"PropertyValueSpecification\",\"valueRequired\":true,\"valueName\":\"search_term_string\"}}],\"inLanguage\":\"fr-FR\"},{\"@type\":\"Organization\",\"@id\":\"https:\\\/\\\/ecosupplements.be\\\/fr\\\/#organization\",\"name\":\"Eco Supplements\",\"url\":\"https:\\\/\\\/ecosupplements.be\\\/fr\\\/\",\"logo\":{\"@type\":\"ImageObject\",\"inLanguage\":\"fr-FR\",\"@id\":\"https:\\\/\\\/ecosupplements.be\\\/fr\\\/#\\\/schema\\\/logo\\\/image\\\/\",\"url\":\"https:\\\/\\\/ecosupplements.be\\\/wp-content\\\/uploads\\\/2022\\\/06\\\/ecosupplement-family.png\",\"contentUrl\":\"https:\\\/\\\/ecosupplements.be\\\/wp-content\\\/uploads\\\/2022\\\/06\\\/ecosupplement-family.png\",\"width\":593,\"height\":374,\"caption\":\"Eco Supplements\"},\"image\":{\"@id\":\"https:\\\/\\\/ecosupplements.be\\\/fr\\\/#\\\/schema\\\/logo\\\/image\\\/\"}}]}<\/script>\n<meta property=\"product:brand\" content=\"Puritan&#039;s Pride\" \/>\n<meta property=\"product:price:amount\" content=\"15.11\" \/>\n<meta property=\"product:price:currency\" content=\"EUR\" \/>\n<meta property=\"og:availability\" content=\"out of stock\" \/>\n<meta property=\"product:availability\" content=\"out of stock\" \/>\n<meta property=\"product:retailer_item_id\" content=\"074312162749\" \/>\n<meta property=\"product:condition\" content=\"new\" \/>\n<!-- \/ Yoast SEO Premium plugin. -->","yoast_head_json":{"title":"Calcium absorbable Puritan's Pride 1200 mg avec vitamine D3 1000 UI (200 capsules molles) - ECO Supplements","description":"Wij hebben een ruime keuze aan producten van Calcium absorbable Puritan's Pride 1200 mg avec vitamine D3 1000 UI (200 capsules molles) . Winkel bij Eco Supplements altijd gratis verzending boven 100\u20ac","robots":{"index":"index","follow":"follow","max-snippet":"max-snippet:-1","max-image-preview":"max-image-preview:large","max-video-preview":"max-video-preview:-1"},"canonical":"https:\/\/ecosupplements.be\/fr\/produit\/puritans-pride-absorbable-calcium-1200-mg-with-vitamin-d3-1000-iu-200-softgels\/","og_locale":"fr_FR","og_type":"article","og_title":"Calcium absorbable Puritan's Pride 1200 mg avec vitamine D3 1000 UI (200 capsules molles)","og_description":"Wij hebben een ruime keuze aan producten van Calcium absorbable Puritan's Pride 1200 mg avec vitamine D3 1000 UI (200 capsules molles) . Winkel bij Eco Supplements altijd gratis verzending boven 100\u20ac","og_url":"https:\/\/ecosupplements.be\/fr\/produit\/puritans-pride-absorbable-calcium-1200-mg-with-vitamin-d3-1000-iu-200-softgels\/","og_site_name":"ECO Supplements","article_modified_time":"2025-08-27T14:50:27+00:00","og_image":[{"width":750,"height":750,"url":"https:\/\/ecosupplements.be\/wp-content\/uploads\/2025\/08\/Puritans-Pride-Puritans-Pride-Absorbable-Calcium-1200-mg-with-Vitamin-D3-1000-IU-200-Softgels.webp","type":"image\/webp"}],"twitter_card":"summary_large_image","twitter_misc":{"Prix":"15.11&nbsp;&euro;","Disponibilit\u00e9":"Rupture de stock"},"schema":{"@context":"https:\/\/schema.org","@graph":[{"@type":["WebPage","ItemPage"],"@id":"https:\/\/ecosupplements.be\/fr\/produit\/puritans-pride-absorbable-calcium-1200-mg-with-vitamin-d3-1000-iu-200-softgels\/","url":"https:\/\/ecosupplements.be\/fr\/produit\/puritans-pride-absorbable-calcium-1200-mg-with-vitamin-d3-1000-iu-200-softgels\/","name":"Calcium absorbable Puritan's Pride 1200 mg avec vitamine D3 1000 UI (200 capsules molles) - ECO Supplements","isPartOf":{"@id":"https:\/\/ecosupplements.be\/fr\/#website"},"primaryImageOfPage":{"@id":"https:\/\/ecosupplements.be\/fr\/produit\/puritans-pride-absorbable-calcium-1200-mg-with-vitamin-d3-1000-iu-200-softgels\/#primaryimage"},"image":{"@id":"https:\/\/ecosupplements.be\/fr\/produit\/puritans-pride-absorbable-calcium-1200-mg-with-vitamin-d3-1000-iu-200-softgels\/#primaryimage"},"thumbnailUrl":"https:\/\/ecosupplements.be\/wp-content\/uploads\/2025\/08\/Puritans-Pride-Absorbable-Calcium-Vitamin-D3-200-softgels.jpg","datePublished":"2024-12-15T13:52:53+00:00","dateModified":"2025-08-27T14:50:27+00:00","description":"Wij hebben een ruime keuze aan producten van Calcium absorbable Puritan's Pride 1200 mg avec vitamine D3 1000 UI (200 capsules molles) . Winkel bij Eco Supplements altijd gratis verzending boven 100\u20ac","breadcrumb":{"@id":"https:\/\/ecosupplements.be\/fr\/produit\/puritans-pride-absorbable-calcium-1200-mg-with-vitamin-d3-1000-iu-200-softgels\/#breadcrumb"},"inLanguage":"fr-FR","potentialAction":[{"@type":"ReadAction","target":["https:\/\/ecosupplements.be\/fr\/produit\/puritans-pride-absorbable-calcium-1200-mg-with-vitamin-d3-1000-iu-200-softgels\/"]}]},{"@type":"ImageObject","inLanguage":"fr-FR","@id":"https:\/\/ecosupplements.be\/fr\/produit\/puritans-pride-absorbable-calcium-1200-mg-with-vitamin-d3-1000-iu-200-softgels\/#primaryimage","url":"https:\/\/ecosupplements.be\/wp-content\/uploads\/2025\/08\/Puritans-Pride-Absorbable-Calcium-Vitamin-D3-200-softgels.jpg","contentUrl":"https:\/\/ecosupplements.be\/wp-content\/uploads\/2025\/08\/Puritans-Pride-Absorbable-Calcium-Vitamin-D3-200-softgels.jpg","width":439,"height":883},{"@type":"BreadcrumbList","@id":"https:\/\/ecosupplements.be\/fr\/produit\/puritans-pride-absorbable-calcium-1200-mg-with-vitamin-d3-1000-iu-200-softgels\/#breadcrumb","itemListElement":[{"@type":"ListItem","position":1,"name":"Home","item":"https:\/\/ecosupplements.be\/fr\/"},{"@type":"ListItem","position":2,"name":"Boutique","item":"https:\/\/ecosupplements.be\/fr\/boutique\/"},{"@type":"ListItem","position":3,"name":"Calcium absorbable Puritan&#8217;s Pride 1200 mg avec vitamine D3 1000 UI (200 capsules molles)"}]},{"@type":"WebSite","@id":"https:\/\/ecosupplements.be\/fr\/#website","url":"https:\/\/ecosupplements.be\/fr\/","name":"ECO Supplements","description":"Eco Supplements - Gezonde supplementen","publisher":{"@id":"https:\/\/ecosupplements.be\/fr\/#organization"},"potentialAction":[{"@type":"SearchAction","target":{"@type":"EntryPoint","urlTemplate":"https:\/\/ecosupplements.be\/fr\/?s={search_term_string}"},"query-input":{"@type":"PropertyValueSpecification","valueRequired":true,"valueName":"search_term_string"}}],"inLanguage":"fr-FR"},{"@type":"Organization","@id":"https:\/\/ecosupplements.be\/fr\/#organization","name":"Eco Supplements","url":"https:\/\/ecosupplements.be\/fr\/","logo":{"@type":"ImageObject","inLanguage":"fr-FR","@id":"https:\/\/ecosupplements.be\/fr\/#\/schema\/logo\/image\/","url":"https:\/\/ecosupplements.be\/wp-content\/uploads\/2022\/06\/ecosupplement-family.png","contentUrl":"https:\/\/ecosupplements.be\/wp-content\/uploads\/2022\/06\/ecosupplement-family.png","width":593,"height":374,"caption":"Eco Supplements"},"image":{"@id":"https:\/\/ecosupplements.be\/fr\/#\/schema\/logo\/image\/"}}]},"product_brand":"Puritan's Pride","product_price_amount":"15.11","product_price_currency":"EUR","og_availability":"out of stock","product_availability":"out of stock","product_retailer_item_id":"074312162749","product_condition":"new"},"_links":{"self":[{"href":"https:\/\/ecosupplements.be\/fr\/wp-json\/wp\/v2\/product\/292791","targetHints":{"allow":["GET"]}}],"collection":[{"href":"https:\/\/ecosupplements.be\/fr\/wp-json\/wp\/v2\/product"}],"about":[{"href":"https:\/\/ecosupplements.be\/fr\/wp-json\/wp\/v2\/types\/product"}],"replies":[{"embeddable":true,"href":"https:\/\/ecosupplements.be\/fr\/wp-json\/wp\/v2\/comments?post=292791"}],"wp:featuredmedia":[{"embeddable":true,"href":"https:\/\/ecosupplements.be\/fr\/wp-json\/wp\/v2\/media\/267922"}],"wp:attachment":[{"href":"https:\/\/ecosupplements.be\/fr\/wp-json\/wp\/v2\/media?parent=292791"}],"wp:term":[{"taxonomy":"product_brand","embeddable":true,"href":"https:\/\/ecosupplements.be\/fr\/wp-json\/wp\/v2\/product_brand?post=292791"},{"taxonomy":"product_cat","embeddable":true,"href":"https:\/\/ecosupplements.be\/fr\/wp-json\/wp\/v2\/product_cat?post=292791"},{"taxonomy":"product_tag","embeddable":true,"href":"https:\/\/ecosupplements.be\/fr\/wp-json\/wp\/v2\/product_tag?post=292791"}],"curies":[{"name":"wp","href":"https:\/\/api.w.org\/{rel}","templated":true}]}}