{"id":292809,"date":"2024-12-15T14:52:55","date_gmt":"2024-12-15T13:52:55","guid":{"rendered":"https:\/\/ecosupplements.be\/product\/puritans-pride-biotin-10000-mcg-100-softgels\/"},"modified":"2025-08-27T15:50:41","modified_gmt":"2025-08-27T14:50:41","slug":"puritans-pride-biotin-10000-mcg-100-softgels","status":"publish","type":"product","link":"https:\/\/ecosupplements.be\/fr\/produit\/puritans-pride-biotin-10000-mcg-100-softgels\/","title":{"rendered":"Biotine 10 000 mcg de Puritan&#8217;s Pride (100 capsules molles)"},"content":{"rendered":"<h2>Puritan&#8217;s Pride Biotin 10,000 mcg (100 Softgels)<\/h2>\n<p>D\u00e9couvrez le choix naturel pour votre quotidien avec les softgels de Biotine 10,000 mcg de Puritan&#8217;s Pride. Ce produit est con\u00e7u pour s&#8217;int\u00e9grer harmonieusement \u00e0 un mode de vie actif et \u00e9quilibr\u00e9.<\/p>\n<h3>Composition<\/h3>\n<p>Ces softgels contiennent une concentration \u00e9lev\u00e9e de biotine, un composant d&#8217;origine naturelle. Chaque capsule est soigneusement pr\u00e9par\u00e9e pour maintenir la puret\u00e9 et l&#8217;int\u00e9grit\u00e9 des ingr\u00e9dients.<\/p>\n<h3>Contenu et Emballage<\/h3>\n<p>ce produit est pr\u00e9sent\u00e9 dans un emballage pratique contenant 100 softgels, facile \u00e0 utiliser au quotidien.<\/p>\n<h3>Utilisation<\/h3>\n<p>La dose recommand\u00e9e est d&#8217;une softgel par jour, de pr\u00e9f\u00e9rence avec un repas.Ce format simple assure une utilisation pratique et sans complication.<\/p>\n<h3>Caract\u00e9ristiques Pratiques<\/h3>\n<p>Avec son format compact et sa facilit\u00e9 d&#8217;utilisation, ce produit est parfait pour ceux qui recherchent une solution pratique dans leur routine quotidienne sans compromettre la qualit\u00e9 des ingr\u00e9dients naturels.<\/p>\n<p>Faites le choix d&#8217;un produit de qualit\u00e9 sup\u00e9rieure avec puritan&#8217;s Pride Biotin 10,000 mcg (100 Softgels), id\u00e9al pour accompagner votre style de vie dynamique et conscient.<\/p>\n","protected":false},"excerpt":{"rendered":"<p>Puritan&#8217;s Pride Biotin 10,000 mcg (100 Softgels) D\u00e9couvrez le choix naturel pour votre quotidien avec les softgels de Biotine 10,000 mcg de Puritan&#8217;s Pride. Ce produit est con\u00e7u pour s&#8217;int\u00e9grer harmonieusement \u00e0 un mode de vie actif et \u00e9quilibr\u00e9. Composition Ces softgels contiennent une concentration \u00e9lev\u00e9e de biotine, un composant d&#8217;origine naturelle. Chaque capsule est [&#8230;]\n","protected":false},"featured_media":292810,"comment_status":"open","ping_status":"open","template":"","meta":[],"product_brand":[5280],"product_cat":[],"product_tag":[],"class_list":{"0":"post-292809","1":"product","2":"type-product","3":"status-publish","4":"has-post-thumbnail","6":"product_brand-puritans-pride-2","8":"first","9":"instock","10":"taxable","11":"shipping-taxable","12":"purchasable","13":"product-type-simple"},"yoast_head":"<!-- This site is optimized with the Yoast SEO Premium plugin v27.3 (Yoast SEO v27.3) - https:\/\/yoast.com\/product\/yoast-seo-premium-wordpress\/ -->\n<title>Biotine 10 000 mcg de Puritan&#039;s Pride (100 capsules molles) - ECO Supplements<\/title>\n<meta name=\"description\" content=\"Wij hebben een ruime keuze aan producten van Biotine 10 000 mcg de Puritan&#039;s Pride (100 capsules molles) . Winkel bij Eco Supplements altijd gratis verzending boven 100\u20ac\" \/>\n<meta name=\"robots\" content=\"index, follow, max-snippet:-1, max-image-preview:large, max-video-preview:-1\" \/>\n<link rel=\"canonical\" href=\"https:\/\/ecosupplements.be\/fr\/produit\/puritans-pride-biotin-10000-mcg-100-softgels\/\" \/>\n<meta property=\"og:locale\" content=\"fr_FR\" \/>\n<meta property=\"og:type\" content=\"article\" \/>\n<meta property=\"og:title\" content=\"Biotine 10 000 mcg de Puritan&#039;s Pride (100 capsules molles)\" \/>\n<meta property=\"og:description\" content=\"Wij hebben een ruime keuze aan producten van Biotine 10 000 mcg de Puritan&#039;s Pride (100 capsules molles) . Winkel bij Eco Supplements altijd gratis verzending boven 100\u20ac\" \/>\n<meta property=\"og:url\" content=\"https:\/\/ecosupplements.be\/fr\/produit\/puritans-pride-biotin-10000-mcg-100-softgels\/\" \/>\n<meta property=\"og:site_name\" content=\"ECO Supplements\" \/>\n<meta property=\"article:modified_time\" content=\"2025-08-27T14:50:41+00:00\" \/>\n<meta property=\"og:image\" content=\"https:\/\/ecosupplements.be\/wp-content\/uploads\/2025\/08\/Puritans-Pride-Puritans-Pride-Biotin-10000-mcg-100-Softgels.webp\" \/>\n\t<meta property=\"og:image:width\" content=\"750\" \/>\n\t<meta property=\"og:image:height\" content=\"750\" \/>\n\t<meta property=\"og:image:type\" content=\"image\/webp\" \/>\n<meta name=\"twitter:card\" content=\"summary_large_image\" \/>\n<meta name=\"twitter:label1\" content=\"Prix\" \/>\n\t<meta name=\"twitter:data1\" content=\"12.31&nbsp;&euro;\" \/>\n\t<meta name=\"twitter:label2\" content=\"Disponibilit\u00e9\" \/>\n\t<meta name=\"twitter:data2\" content=\"En stock\" \/>\n<script type=\"application\/ld+json\" class=\"yoast-schema-graph\">{\"@context\":\"https:\\\/\\\/schema.org\",\"@graph\":[{\"@type\":[\"WebPage\",\"ItemPage\"],\"@id\":\"https:\\\/\\\/ecosupplements.be\\\/fr\\\/produit\\\/puritans-pride-biotin-10000-mcg-100-softgels\\\/\",\"url\":\"https:\\\/\\\/ecosupplements.be\\\/fr\\\/produit\\\/puritans-pride-biotin-10000-mcg-100-softgels\\\/\",\"name\":\"Biotine 10 000 mcg de Puritan's Pride (100 capsules molles) - ECO Supplements\",\"isPartOf\":{\"@id\":\"https:\\\/\\\/ecosupplements.be\\\/fr\\\/#website\"},\"primaryImageOfPage\":{\"@id\":\"https:\\\/\\\/ecosupplements.be\\\/fr\\\/produit\\\/puritans-pride-biotin-10000-mcg-100-softgels\\\/#primaryimage\"},\"image\":{\"@id\":\"https:\\\/\\\/ecosupplements.be\\\/fr\\\/produit\\\/puritans-pride-biotin-10000-mcg-100-softgels\\\/#primaryimage\"},\"thumbnailUrl\":\"https:\\\/\\\/ecosupplements.be\\\/wp-content\\\/uploads\\\/2025\\\/08\\\/Puritans-Pride-Puritans-Pride-Biotin-10000-mcg-100-Softgels.webp\",\"datePublished\":\"2024-12-15T13:52:55+00:00\",\"dateModified\":\"2025-08-27T14:50:41+00:00\",\"description\":\"Wij hebben een ruime keuze aan producten van Biotine 10 000 mcg de Puritan's Pride (100 capsules molles) . Winkel bij Eco Supplements altijd gratis verzending boven 100\u20ac\",\"breadcrumb\":{\"@id\":\"https:\\\/\\\/ecosupplements.be\\\/fr\\\/produit\\\/puritans-pride-biotin-10000-mcg-100-softgels\\\/#breadcrumb\"},\"inLanguage\":\"fr-FR\",\"potentialAction\":[{\"@type\":\"ReadAction\",\"target\":[\"https:\\\/\\\/ecosupplements.be\\\/fr\\\/produit\\\/puritans-pride-biotin-10000-mcg-100-softgels\\\/\"]}]},{\"@type\":\"ImageObject\",\"inLanguage\":\"fr-FR\",\"@id\":\"https:\\\/\\\/ecosupplements.be\\\/fr\\\/produit\\\/puritans-pride-biotin-10000-mcg-100-softgels\\\/#primaryimage\",\"url\":\"https:\\\/\\\/ecosupplements.be\\\/wp-content\\\/uploads\\\/2025\\\/08\\\/Puritans-Pride-Puritans-Pride-Biotin-10000-mcg-100-Softgels.webp\",\"contentUrl\":\"https:\\\/\\\/ecosupplements.be\\\/wp-content\\\/uploads\\\/2025\\\/08\\\/Puritans-Pride-Puritans-Pride-Biotin-10000-mcg-100-Softgels.webp\",\"width\":750,\"height\":750},{\"@type\":\"BreadcrumbList\",\"@id\":\"https:\\\/\\\/ecosupplements.be\\\/fr\\\/produit\\\/puritans-pride-biotin-10000-mcg-100-softgels\\\/#breadcrumb\",\"itemListElement\":[{\"@type\":\"ListItem\",\"position\":1,\"name\":\"Home\",\"item\":\"https:\\\/\\\/ecosupplements.be\\\/fr\\\/\"},{\"@type\":\"ListItem\",\"position\":2,\"name\":\"Boutique\",\"item\":\"https:\\\/\\\/ecosupplements.be\\\/fr\\\/boutique\\\/\"},{\"@type\":\"ListItem\",\"position\":3,\"name\":\"Biotine 10 000 mcg de Puritan&#8217;s Pride (100 capsules molles)\"}]},{\"@type\":\"WebSite\",\"@id\":\"https:\\\/\\\/ecosupplements.be\\\/fr\\\/#website\",\"url\":\"https:\\\/\\\/ecosupplements.be\\\/fr\\\/\",\"name\":\"ECO Supplements\",\"description\":\"Eco Supplements - Gezonde supplementen\",\"publisher\":{\"@id\":\"https:\\\/\\\/ecosupplements.be\\\/fr\\\/#organization\"},\"potentialAction\":[{\"@type\":\"SearchAction\",\"target\":{\"@type\":\"EntryPoint\",\"urlTemplate\":\"https:\\\/\\\/ecosupplements.be\\\/fr\\\/?s={search_term_string}\"},\"query-input\":{\"@type\":\"PropertyValueSpecification\",\"valueRequired\":true,\"valueName\":\"search_term_string\"}}],\"inLanguage\":\"fr-FR\"},{\"@type\":\"Organization\",\"@id\":\"https:\\\/\\\/ecosupplements.be\\\/fr\\\/#organization\",\"name\":\"Eco Supplements\",\"url\":\"https:\\\/\\\/ecosupplements.be\\\/fr\\\/\",\"logo\":{\"@type\":\"ImageObject\",\"inLanguage\":\"fr-FR\",\"@id\":\"https:\\\/\\\/ecosupplements.be\\\/fr\\\/#\\\/schema\\\/logo\\\/image\\\/\",\"url\":\"https:\\\/\\\/ecosupplements.be\\\/wp-content\\\/uploads\\\/2022\\\/06\\\/ecosupplement-family.png\",\"contentUrl\":\"https:\\\/\\\/ecosupplements.be\\\/wp-content\\\/uploads\\\/2022\\\/06\\\/ecosupplement-family.png\",\"width\":593,\"height\":374,\"caption\":\"Eco Supplements\"},\"image\":{\"@id\":\"https:\\\/\\\/ecosupplements.be\\\/fr\\\/#\\\/schema\\\/logo\\\/image\\\/\"}}]}<\/script>\n<meta property=\"product:brand\" content=\"Puritan&#039;s Pride\" \/>\n<meta property=\"product:price:amount\" content=\"12.31\" \/>\n<meta property=\"product:price:currency\" content=\"EUR\" \/>\n<meta property=\"og:availability\" content=\"instock\" \/>\n<meta property=\"product:availability\" content=\"instock\" \/>\n<meta property=\"product:retailer_item_id\" content=\"025077514649\" \/>\n<meta property=\"product:condition\" content=\"new\" \/>\n<!-- \/ Yoast SEO Premium plugin. -->","yoast_head_json":{"title":"Biotine 10 000 mcg de Puritan's Pride (100 capsules molles) - ECO Supplements","description":"Wij hebben een ruime keuze aan producten van Biotine 10 000 mcg de Puritan's Pride (100 capsules molles) . Winkel bij Eco Supplements altijd gratis verzending boven 100\u20ac","robots":{"index":"index","follow":"follow","max-snippet":"max-snippet:-1","max-image-preview":"max-image-preview:large","max-video-preview":"max-video-preview:-1"},"canonical":"https:\/\/ecosupplements.be\/fr\/produit\/puritans-pride-biotin-10000-mcg-100-softgels\/","og_locale":"fr_FR","og_type":"article","og_title":"Biotine 10 000 mcg de Puritan's Pride (100 capsules molles)","og_description":"Wij hebben een ruime keuze aan producten van Biotine 10 000 mcg de Puritan's Pride (100 capsules molles) . Winkel bij Eco Supplements altijd gratis verzending boven 100\u20ac","og_url":"https:\/\/ecosupplements.be\/fr\/produit\/puritans-pride-biotin-10000-mcg-100-softgels\/","og_site_name":"ECO Supplements","article_modified_time":"2025-08-27T14:50:41+00:00","og_image":[{"width":750,"height":750,"url":"https:\/\/ecosupplements.be\/wp-content\/uploads\/2025\/08\/Puritans-Pride-Puritans-Pride-Biotin-10000-mcg-100-Softgels.webp","type":"image\/webp"}],"twitter_card":"summary_large_image","twitter_misc":{"Prix":"12.31&nbsp;&euro;","Disponibilit\u00e9":"En stock"},"schema":{"@context":"https:\/\/schema.org","@graph":[{"@type":["WebPage","ItemPage"],"@id":"https:\/\/ecosupplements.be\/fr\/produit\/puritans-pride-biotin-10000-mcg-100-softgels\/","url":"https:\/\/ecosupplements.be\/fr\/produit\/puritans-pride-biotin-10000-mcg-100-softgels\/","name":"Biotine 10 000 mcg de Puritan's Pride (100 capsules molles) - ECO Supplements","isPartOf":{"@id":"https:\/\/ecosupplements.be\/fr\/#website"},"primaryImageOfPage":{"@id":"https:\/\/ecosupplements.be\/fr\/produit\/puritans-pride-biotin-10000-mcg-100-softgels\/#primaryimage"},"image":{"@id":"https:\/\/ecosupplements.be\/fr\/produit\/puritans-pride-biotin-10000-mcg-100-softgels\/#primaryimage"},"thumbnailUrl":"https:\/\/ecosupplements.be\/wp-content\/uploads\/2025\/08\/Puritans-Pride-Puritans-Pride-Biotin-10000-mcg-100-Softgels.webp","datePublished":"2024-12-15T13:52:55+00:00","dateModified":"2025-08-27T14:50:41+00:00","description":"Wij hebben een ruime keuze aan producten van Biotine 10 000 mcg de Puritan's Pride (100 capsules molles) . Winkel bij Eco Supplements altijd gratis verzending boven 100\u20ac","breadcrumb":{"@id":"https:\/\/ecosupplements.be\/fr\/produit\/puritans-pride-biotin-10000-mcg-100-softgels\/#breadcrumb"},"inLanguage":"fr-FR","potentialAction":[{"@type":"ReadAction","target":["https:\/\/ecosupplements.be\/fr\/produit\/puritans-pride-biotin-10000-mcg-100-softgels\/"]}]},{"@type":"ImageObject","inLanguage":"fr-FR","@id":"https:\/\/ecosupplements.be\/fr\/produit\/puritans-pride-biotin-10000-mcg-100-softgels\/#primaryimage","url":"https:\/\/ecosupplements.be\/wp-content\/uploads\/2025\/08\/Puritans-Pride-Puritans-Pride-Biotin-10000-mcg-100-Softgels.webp","contentUrl":"https:\/\/ecosupplements.be\/wp-content\/uploads\/2025\/08\/Puritans-Pride-Puritans-Pride-Biotin-10000-mcg-100-Softgels.webp","width":750,"height":750},{"@type":"BreadcrumbList","@id":"https:\/\/ecosupplements.be\/fr\/produit\/puritans-pride-biotin-10000-mcg-100-softgels\/#breadcrumb","itemListElement":[{"@type":"ListItem","position":1,"name":"Home","item":"https:\/\/ecosupplements.be\/fr\/"},{"@type":"ListItem","position":2,"name":"Boutique","item":"https:\/\/ecosupplements.be\/fr\/boutique\/"},{"@type":"ListItem","position":3,"name":"Biotine 10 000 mcg de Puritan&#8217;s Pride (100 capsules molles)"}]},{"@type":"WebSite","@id":"https:\/\/ecosupplements.be\/fr\/#website","url":"https:\/\/ecosupplements.be\/fr\/","name":"ECO Supplements","description":"Eco Supplements - Gezonde supplementen","publisher":{"@id":"https:\/\/ecosupplements.be\/fr\/#organization"},"potentialAction":[{"@type":"SearchAction","target":{"@type":"EntryPoint","urlTemplate":"https:\/\/ecosupplements.be\/fr\/?s={search_term_string}"},"query-input":{"@type":"PropertyValueSpecification","valueRequired":true,"valueName":"search_term_string"}}],"inLanguage":"fr-FR"},{"@type":"Organization","@id":"https:\/\/ecosupplements.be\/fr\/#organization","name":"Eco Supplements","url":"https:\/\/ecosupplements.be\/fr\/","logo":{"@type":"ImageObject","inLanguage":"fr-FR","@id":"https:\/\/ecosupplements.be\/fr\/#\/schema\/logo\/image\/","url":"https:\/\/ecosupplements.be\/wp-content\/uploads\/2022\/06\/ecosupplement-family.png","contentUrl":"https:\/\/ecosupplements.be\/wp-content\/uploads\/2022\/06\/ecosupplement-family.png","width":593,"height":374,"caption":"Eco Supplements"},"image":{"@id":"https:\/\/ecosupplements.be\/fr\/#\/schema\/logo\/image\/"}}]},"product_brand":"Puritan's Pride","product_price_amount":"12.31","product_price_currency":"EUR","og_availability":"instock","product_availability":"instock","product_retailer_item_id":"025077514649","product_condition":"new"},"_links":{"self":[{"href":"https:\/\/ecosupplements.be\/fr\/wp-json\/wp\/v2\/product\/292809","targetHints":{"allow":["GET"]}}],"collection":[{"href":"https:\/\/ecosupplements.be\/fr\/wp-json\/wp\/v2\/product"}],"about":[{"href":"https:\/\/ecosupplements.be\/fr\/wp-json\/wp\/v2\/types\/product"}],"replies":[{"embeddable":true,"href":"https:\/\/ecosupplements.be\/fr\/wp-json\/wp\/v2\/comments?post=292809"}],"wp:featuredmedia":[{"embeddable":true,"href":"https:\/\/ecosupplements.be\/fr\/wp-json\/wp\/v2\/media\/292810"}],"wp:attachment":[{"href":"https:\/\/ecosupplements.be\/fr\/wp-json\/wp\/v2\/media?parent=292809"}],"wp:term":[{"taxonomy":"product_brand","embeddable":true,"href":"https:\/\/ecosupplements.be\/fr\/wp-json\/wp\/v2\/product_brand?post=292809"},{"taxonomy":"product_cat","embeddable":true,"href":"https:\/\/ecosupplements.be\/fr\/wp-json\/wp\/v2\/product_cat?post=292809"},{"taxonomy":"product_tag","embeddable":true,"href":"https:\/\/ecosupplements.be\/fr\/wp-json\/wp\/v2\/product_tag?post=292809"}],"curies":[{"name":"wp","href":"https:\/\/api.w.org\/{rel}","templated":true}]}}