{"id":292875,"date":"2024-10-31T11:12:39","date_gmt":"2024-10-31T10:12:39","guid":{"rendered":"https:\/\/ecosupplements.be\/product\/puritans-pride-one-daily-mens-multivitamin-100-caplets\/"},"modified":"2025-08-27T15:51:32","modified_gmt":"2025-08-27T14:51:32","slug":"puritans-pride-one-daily-mens-multivitamin-100-caplets","status":"publish","type":"product","link":"https:\/\/ecosupplements.be\/fr\/produit\/puritans-pride-one-daily-mens-multivitamin-100-caplets\/","title":{"rendered":"Multivitamines quotidiennes pour hommes de Puritan&#8217;s Pride (100 comprim\u00e9s)"},"content":{"rendered":"<h2>Puritan&#8217;s Pride One Daily Men&#8217;s Multivitamin (100 Caplets)<\/h2>\n<p>D\u00e9couvrez le <strong>Puritan&#8217;s Pride One Daily Men&#8217;s Multivitamin<\/strong>, un choix parfait pour ceux qui appr\u00e9cient les ingr\u00e9dients naturels dans un mode de vie sain. Ce produit est con\u00e7u pour \u00eatre une partie simple et pratique de votre quotidien.<\/p>\n<p>Ce multivitamine est formul\u00e9 \u00e0 partir d&#8217;ingr\u00e9dients de grande puret\u00e9,incluant diverses vitamines et min\u00e9raux essentiels. Chaque caplet est facile \u00e0 int\u00e9grer dans votre routine journali\u00e8re, offrant une solution pratique sans saveurs artificielles ni conservateurs ajout\u00e9s.<\/p>\n<p><strong>Contenu et emballage :<\/strong> Le produit est pr\u00e9sent\u00e9 en format caplet avec un emballage contenant 100 unit\u00e9s, id\u00e9al pour une utilisation r\u00e9guli\u00e8re.<\/p>\n<p><strong>Utilisation :<\/strong> Pour une utilisation optimale, il est recommand\u00e9 de prendre une caplet par jour, de pr\u00e9f\u00e9rence avec un repas.<\/p>\n<p>Ce multivitamine se distingue par sa composition soigneusement s\u00e9lectionn\u00e9e et son engagement envers la qualit\u00e9.Un choix naturel pour les amateurs de qualit\u00e9 qui cherchent \u00e0 enrichir leur alimentation quotidienne sans complications suppl\u00e9mentaires.<\/p>\n","protected":false},"excerpt":{"rendered":"<p>Puritan&#8217;s Pride One Daily Men&#8217;s Multivitamin (100 Caplets) D\u00e9couvrez le Puritan&#8217;s Pride One Daily Men&#8217;s Multivitamin, un choix parfait pour ceux qui appr\u00e9cient les ingr\u00e9dients naturels dans un mode de vie sain. Ce produit est con\u00e7u pour \u00eatre une partie simple et pratique de votre quotidien. Ce multivitamine est formul\u00e9 \u00e0 partir d&#8217;ingr\u00e9dients de grande [&#8230;]\n","protected":false},"featured_media":292876,"comment_status":"open","ping_status":"open","template":"","meta":[],"product_brand":[5280],"product_cat":[],"product_tag":[],"class_list":{"0":"post-292875","1":"product","2":"type-product","3":"status-publish","4":"has-post-thumbnail","6":"product_brand-puritans-pride-2","8":"first","9":"outofstock","10":"taxable","11":"shipping-taxable","12":"purchasable","13":"product-type-simple"},"yoast_head":"<!-- This site is optimized with the Yoast SEO Premium plugin v27.3 (Yoast SEO v27.3) - https:\/\/yoast.com\/product\/yoast-seo-premium-wordpress\/ -->\n<title>Multivitamines quotidiennes pour hommes de Puritan&#039;s Pride (100 comprim\u00e9s) - ECO Supplements<\/title>\n<meta name=\"description\" content=\"Wij hebben een ruime keuze aan producten van Multivitamines quotidiennes pour hommes de Puritan&#039;s Pride (100 comprim\u00e9s) . Winkel bij Eco Supplements altijd gratis verzending boven 100\u20ac\" \/>\n<meta name=\"robots\" content=\"index, follow, max-snippet:-1, max-image-preview:large, max-video-preview:-1\" \/>\n<link rel=\"canonical\" href=\"https:\/\/ecosupplements.be\/fr\/produit\/puritans-pride-one-daily-mens-multivitamin-100-caplets\/\" \/>\n<meta property=\"og:locale\" content=\"fr_FR\" \/>\n<meta property=\"og:type\" content=\"article\" \/>\n<meta property=\"og:title\" content=\"Multivitamines quotidiennes pour hommes de Puritan&#039;s Pride (100 comprim\u00e9s)\" \/>\n<meta property=\"og:description\" content=\"Wij hebben een ruime keuze aan producten van Multivitamines quotidiennes pour hommes de Puritan&#039;s Pride (100 comprim\u00e9s) . Winkel bij Eco Supplements altijd gratis verzending boven 100\u20ac\" \/>\n<meta property=\"og:url\" content=\"https:\/\/ecosupplements.be\/fr\/produit\/puritans-pride-one-daily-mens-multivitamin-100-caplets\/\" \/>\n<meta property=\"og:site_name\" content=\"ECO Supplements\" \/>\n<meta property=\"article:modified_time\" content=\"2025-08-27T14:51:32+00:00\" \/>\n<meta property=\"og:image\" content=\"https:\/\/ecosupplements.be\/wp-content\/uploads\/2025\/08\/Puritans-Pride-Puritans-Pride-One-Daily-Mens-Multivitamin-100-Caplets.webp\" \/>\n\t<meta property=\"og:image:width\" content=\"750\" \/>\n\t<meta property=\"og:image:height\" content=\"750\" \/>\n\t<meta property=\"og:image:type\" content=\"image\/webp\" \/>\n<meta name=\"twitter:card\" content=\"summary_large_image\" \/>\n<meta name=\"twitter:label1\" content=\"Prix\" \/>\n\t<meta name=\"twitter:data1\" content=\"11.03&nbsp;&euro;\" \/>\n\t<meta name=\"twitter:label2\" content=\"Disponibilit\u00e9\" \/>\n\t<meta name=\"twitter:data2\" content=\"Rupture de stock\" \/>\n<script type=\"application\/ld+json\" class=\"yoast-schema-graph\">{\"@context\":\"https:\\\/\\\/schema.org\",\"@graph\":[{\"@type\":[\"WebPage\",\"ItemPage\"],\"@id\":\"https:\\\/\\\/ecosupplements.be\\\/fr\\\/produit\\\/puritans-pride-one-daily-mens-multivitamin-100-caplets\\\/\",\"url\":\"https:\\\/\\\/ecosupplements.be\\\/fr\\\/produit\\\/puritans-pride-one-daily-mens-multivitamin-100-caplets\\\/\",\"name\":\"Multivitamines quotidiennes pour hommes de Puritan's Pride (100 comprim\u00e9s) - ECO Supplements\",\"isPartOf\":{\"@id\":\"https:\\\/\\\/ecosupplements.be\\\/fr\\\/#website\"},\"primaryImageOfPage\":{\"@id\":\"https:\\\/\\\/ecosupplements.be\\\/fr\\\/produit\\\/puritans-pride-one-daily-mens-multivitamin-100-caplets\\\/#primaryimage\"},\"image\":{\"@id\":\"https:\\\/\\\/ecosupplements.be\\\/fr\\\/produit\\\/puritans-pride-one-daily-mens-multivitamin-100-caplets\\\/#primaryimage\"},\"thumbnailUrl\":\"https:\\\/\\\/ecosupplements.be\\\/wp-content\\\/uploads\\\/2025\\\/08\\\/Puritans-Pride-Puritans-Pride-One-Daily-Mens-Multivitamin-100-Caplets.webp\",\"datePublished\":\"2024-10-31T10:12:39+00:00\",\"dateModified\":\"2025-08-27T14:51:32+00:00\",\"description\":\"Wij hebben een ruime keuze aan producten van Multivitamines quotidiennes pour hommes de Puritan's Pride (100 comprim\u00e9s) . Winkel bij Eco Supplements altijd gratis verzending boven 100\u20ac\",\"breadcrumb\":{\"@id\":\"https:\\\/\\\/ecosupplements.be\\\/fr\\\/produit\\\/puritans-pride-one-daily-mens-multivitamin-100-caplets\\\/#breadcrumb\"},\"inLanguage\":\"fr-FR\",\"potentialAction\":[{\"@type\":\"ReadAction\",\"target\":[\"https:\\\/\\\/ecosupplements.be\\\/fr\\\/produit\\\/puritans-pride-one-daily-mens-multivitamin-100-caplets\\\/\"]}]},{\"@type\":\"ImageObject\",\"inLanguage\":\"fr-FR\",\"@id\":\"https:\\\/\\\/ecosupplements.be\\\/fr\\\/produit\\\/puritans-pride-one-daily-mens-multivitamin-100-caplets\\\/#primaryimage\",\"url\":\"https:\\\/\\\/ecosupplements.be\\\/wp-content\\\/uploads\\\/2025\\\/08\\\/Puritans-Pride-Puritans-Pride-One-Daily-Mens-Multivitamin-100-Caplets.webp\",\"contentUrl\":\"https:\\\/\\\/ecosupplements.be\\\/wp-content\\\/uploads\\\/2025\\\/08\\\/Puritans-Pride-Puritans-Pride-One-Daily-Mens-Multivitamin-100-Caplets.webp\",\"width\":750,\"height\":750},{\"@type\":\"BreadcrumbList\",\"@id\":\"https:\\\/\\\/ecosupplements.be\\\/fr\\\/produit\\\/puritans-pride-one-daily-mens-multivitamin-100-caplets\\\/#breadcrumb\",\"itemListElement\":[{\"@type\":\"ListItem\",\"position\":1,\"name\":\"Home\",\"item\":\"https:\\\/\\\/ecosupplements.be\\\/fr\\\/\"},{\"@type\":\"ListItem\",\"position\":2,\"name\":\"Boutique\",\"item\":\"https:\\\/\\\/ecosupplements.be\\\/fr\\\/boutique\\\/\"},{\"@type\":\"ListItem\",\"position\":3,\"name\":\"Multivitamines quotidiennes pour hommes de Puritan&#8217;s Pride (100 comprim\u00e9s)\"}]},{\"@type\":\"WebSite\",\"@id\":\"https:\\\/\\\/ecosupplements.be\\\/fr\\\/#website\",\"url\":\"https:\\\/\\\/ecosupplements.be\\\/fr\\\/\",\"name\":\"ECO Supplements\",\"description\":\"Eco Supplements - Gezonde supplementen\",\"publisher\":{\"@id\":\"https:\\\/\\\/ecosupplements.be\\\/fr\\\/#organization\"},\"potentialAction\":[{\"@type\":\"SearchAction\",\"target\":{\"@type\":\"EntryPoint\",\"urlTemplate\":\"https:\\\/\\\/ecosupplements.be\\\/fr\\\/?s={search_term_string}\"},\"query-input\":{\"@type\":\"PropertyValueSpecification\",\"valueRequired\":true,\"valueName\":\"search_term_string\"}}],\"inLanguage\":\"fr-FR\"},{\"@type\":\"Organization\",\"@id\":\"https:\\\/\\\/ecosupplements.be\\\/fr\\\/#organization\",\"name\":\"Eco Supplements\",\"url\":\"https:\\\/\\\/ecosupplements.be\\\/fr\\\/\",\"logo\":{\"@type\":\"ImageObject\",\"inLanguage\":\"fr-FR\",\"@id\":\"https:\\\/\\\/ecosupplements.be\\\/fr\\\/#\\\/schema\\\/logo\\\/image\\\/\",\"url\":\"https:\\\/\\\/ecosupplements.be\\\/wp-content\\\/uploads\\\/2022\\\/06\\\/ecosupplement-family.png\",\"contentUrl\":\"https:\\\/\\\/ecosupplements.be\\\/wp-content\\\/uploads\\\/2022\\\/06\\\/ecosupplement-family.png\",\"width\":593,\"height\":374,\"caption\":\"Eco Supplements\"},\"image\":{\"@id\":\"https:\\\/\\\/ecosupplements.be\\\/fr\\\/#\\\/schema\\\/logo\\\/image\\\/\"}}]}<\/script>\n<meta property=\"product:brand\" content=\"Puritan&#039;s Pride\" \/>\n<meta property=\"product:price:amount\" content=\"11.03\" \/>\n<meta property=\"product:price:currency\" content=\"EUR\" \/>\n<meta property=\"og:availability\" content=\"out of stock\" \/>\n<meta property=\"product:availability\" content=\"out of stock\" \/>\n<meta property=\"product:retailer_item_id\" content=\"025077130467\" \/>\n<meta property=\"product:condition\" content=\"new\" \/>\n<!-- \/ Yoast SEO Premium plugin. -->","yoast_head_json":{"title":"Multivitamines quotidiennes pour hommes de Puritan's Pride (100 comprim\u00e9s) - ECO Supplements","description":"Wij hebben een ruime keuze aan producten van Multivitamines quotidiennes pour hommes de Puritan's Pride (100 comprim\u00e9s) . Winkel bij Eco Supplements altijd gratis verzending boven 100\u20ac","robots":{"index":"index","follow":"follow","max-snippet":"max-snippet:-1","max-image-preview":"max-image-preview:large","max-video-preview":"max-video-preview:-1"},"canonical":"https:\/\/ecosupplements.be\/fr\/produit\/puritans-pride-one-daily-mens-multivitamin-100-caplets\/","og_locale":"fr_FR","og_type":"article","og_title":"Multivitamines quotidiennes pour hommes de Puritan's Pride (100 comprim\u00e9s)","og_description":"Wij hebben een ruime keuze aan producten van Multivitamines quotidiennes pour hommes de Puritan's Pride (100 comprim\u00e9s) . Winkel bij Eco Supplements altijd gratis verzending boven 100\u20ac","og_url":"https:\/\/ecosupplements.be\/fr\/produit\/puritans-pride-one-daily-mens-multivitamin-100-caplets\/","og_site_name":"ECO Supplements","article_modified_time":"2025-08-27T14:51:32+00:00","og_image":[{"width":750,"height":750,"url":"https:\/\/ecosupplements.be\/wp-content\/uploads\/2025\/08\/Puritans-Pride-Puritans-Pride-One-Daily-Mens-Multivitamin-100-Caplets.webp","type":"image\/webp"}],"twitter_card":"summary_large_image","twitter_misc":{"Prix":"11.03&nbsp;&euro;","Disponibilit\u00e9":"Rupture de stock"},"schema":{"@context":"https:\/\/schema.org","@graph":[{"@type":["WebPage","ItemPage"],"@id":"https:\/\/ecosupplements.be\/fr\/produit\/puritans-pride-one-daily-mens-multivitamin-100-caplets\/","url":"https:\/\/ecosupplements.be\/fr\/produit\/puritans-pride-one-daily-mens-multivitamin-100-caplets\/","name":"Multivitamines quotidiennes pour hommes de Puritan's Pride (100 comprim\u00e9s) - ECO Supplements","isPartOf":{"@id":"https:\/\/ecosupplements.be\/fr\/#website"},"primaryImageOfPage":{"@id":"https:\/\/ecosupplements.be\/fr\/produit\/puritans-pride-one-daily-mens-multivitamin-100-caplets\/#primaryimage"},"image":{"@id":"https:\/\/ecosupplements.be\/fr\/produit\/puritans-pride-one-daily-mens-multivitamin-100-caplets\/#primaryimage"},"thumbnailUrl":"https:\/\/ecosupplements.be\/wp-content\/uploads\/2025\/08\/Puritans-Pride-Puritans-Pride-One-Daily-Mens-Multivitamin-100-Caplets.webp","datePublished":"2024-10-31T10:12:39+00:00","dateModified":"2025-08-27T14:51:32+00:00","description":"Wij hebben een ruime keuze aan producten van Multivitamines quotidiennes pour hommes de Puritan's Pride (100 comprim\u00e9s) . Winkel bij Eco Supplements altijd gratis verzending boven 100\u20ac","breadcrumb":{"@id":"https:\/\/ecosupplements.be\/fr\/produit\/puritans-pride-one-daily-mens-multivitamin-100-caplets\/#breadcrumb"},"inLanguage":"fr-FR","potentialAction":[{"@type":"ReadAction","target":["https:\/\/ecosupplements.be\/fr\/produit\/puritans-pride-one-daily-mens-multivitamin-100-caplets\/"]}]},{"@type":"ImageObject","inLanguage":"fr-FR","@id":"https:\/\/ecosupplements.be\/fr\/produit\/puritans-pride-one-daily-mens-multivitamin-100-caplets\/#primaryimage","url":"https:\/\/ecosupplements.be\/wp-content\/uploads\/2025\/08\/Puritans-Pride-Puritans-Pride-One-Daily-Mens-Multivitamin-100-Caplets.webp","contentUrl":"https:\/\/ecosupplements.be\/wp-content\/uploads\/2025\/08\/Puritans-Pride-Puritans-Pride-One-Daily-Mens-Multivitamin-100-Caplets.webp","width":750,"height":750},{"@type":"BreadcrumbList","@id":"https:\/\/ecosupplements.be\/fr\/produit\/puritans-pride-one-daily-mens-multivitamin-100-caplets\/#breadcrumb","itemListElement":[{"@type":"ListItem","position":1,"name":"Home","item":"https:\/\/ecosupplements.be\/fr\/"},{"@type":"ListItem","position":2,"name":"Boutique","item":"https:\/\/ecosupplements.be\/fr\/boutique\/"},{"@type":"ListItem","position":3,"name":"Multivitamines quotidiennes pour hommes de Puritan&#8217;s Pride (100 comprim\u00e9s)"}]},{"@type":"WebSite","@id":"https:\/\/ecosupplements.be\/fr\/#website","url":"https:\/\/ecosupplements.be\/fr\/","name":"ECO Supplements","description":"Eco Supplements - Gezonde supplementen","publisher":{"@id":"https:\/\/ecosupplements.be\/fr\/#organization"},"potentialAction":[{"@type":"SearchAction","target":{"@type":"EntryPoint","urlTemplate":"https:\/\/ecosupplements.be\/fr\/?s={search_term_string}"},"query-input":{"@type":"PropertyValueSpecification","valueRequired":true,"valueName":"search_term_string"}}],"inLanguage":"fr-FR"},{"@type":"Organization","@id":"https:\/\/ecosupplements.be\/fr\/#organization","name":"Eco Supplements","url":"https:\/\/ecosupplements.be\/fr\/","logo":{"@type":"ImageObject","inLanguage":"fr-FR","@id":"https:\/\/ecosupplements.be\/fr\/#\/schema\/logo\/image\/","url":"https:\/\/ecosupplements.be\/wp-content\/uploads\/2022\/06\/ecosupplement-family.png","contentUrl":"https:\/\/ecosupplements.be\/wp-content\/uploads\/2022\/06\/ecosupplement-family.png","width":593,"height":374,"caption":"Eco Supplements"},"image":{"@id":"https:\/\/ecosupplements.be\/fr\/#\/schema\/logo\/image\/"}}]},"product_brand":"Puritan's Pride","product_price_amount":"11.03","product_price_currency":"EUR","og_availability":"out of stock","product_availability":"out of stock","product_retailer_item_id":"025077130467","product_condition":"new"},"_links":{"self":[{"href":"https:\/\/ecosupplements.be\/fr\/wp-json\/wp\/v2\/product\/292875","targetHints":{"allow":["GET"]}}],"collection":[{"href":"https:\/\/ecosupplements.be\/fr\/wp-json\/wp\/v2\/product"}],"about":[{"href":"https:\/\/ecosupplements.be\/fr\/wp-json\/wp\/v2\/types\/product"}],"replies":[{"embeddable":true,"href":"https:\/\/ecosupplements.be\/fr\/wp-json\/wp\/v2\/comments?post=292875"}],"wp:featuredmedia":[{"embeddable":true,"href":"https:\/\/ecosupplements.be\/fr\/wp-json\/wp\/v2\/media\/292876"}],"wp:attachment":[{"href":"https:\/\/ecosupplements.be\/fr\/wp-json\/wp\/v2\/media?parent=292875"}],"wp:term":[{"taxonomy":"product_brand","embeddable":true,"href":"https:\/\/ecosupplements.be\/fr\/wp-json\/wp\/v2\/product_brand?post=292875"},{"taxonomy":"product_cat","embeddable":true,"href":"https:\/\/ecosupplements.be\/fr\/wp-json\/wp\/v2\/product_cat?post=292875"},{"taxonomy":"product_tag","embeddable":true,"href":"https:\/\/ecosupplements.be\/fr\/wp-json\/wp\/v2\/product_tag?post=292875"}],"curies":[{"name":"wp","href":"https:\/\/api.w.org\/{rel}","templated":true}]}}