{"id":293026,"date":"2025-04-13T18:47:46","date_gmt":"2025-04-13T17:47:46","guid":{"rendered":"https:\/\/ecosupplements.be\/product\/natural-factors-melatonin-10-mg-180-tablets-peppermint\/"},"modified":"2025-08-27T15:53:30","modified_gmt":"2025-08-27T14:53:30","slug":"natural-factors-melatonin-10-mg-180-tablets-peppermint","status":"publish","type":"product","link":"https:\/\/ecosupplements.be\/fr\/produit\/natural-factors-melatonin-10-mg-180-tablets-peppermint\/","title":{"rendered":"Facteurs naturels M\u00e9latonine 10 mg (180 comprim\u00e9s, menthe poivr\u00e9e)"},"content":{"rendered":"<h2>Natural Factors melatonin 10 mg (180 Tablets, Peppermint)<\/h2>\n<p>D\u00e9couvrez les comprim\u00e9s de m\u00e9lisse \u00e0 la menthe poivr\u00e9e de Natural Factors, un choix parfait pour ceux qui appr\u00e9cient les ingr\u00e9dients naturels dans un mode de vie sain. Chaque tablette contient 10 mg de m\u00e9lisse d&#8217;origine naturelle, reconnue pour sa grande puret\u00e9 et sa qualit\u00e9 sup\u00e9rieure.<\/p>\n<p>Ce produit est pr\u00e9sent\u00e9 dans un emballage pratique contenant 180 tablettes, con\u00e7u pour \u00eatre simple et facile \u00e0 utiliser au quotidien. La saveur rafra\u00eechissante de menthe poivr\u00e9e rend ce compl\u00e9ment agr\u00e9able au go\u00fbt.<\/p>\n<p>Les comprim\u00e9s sont faciles \u00e0 int\u00e9grer dans votre routine quotidienne.Il suffit de suivre la dose journali\u00e8re recommand\u00e9e indiqu\u00e9e sur l&#8217;emballage.<\/p>\n<p>Optez pour Natural Factors Melatonin 10 mg si vous recherchez un produit pratique avec des composants naturels, sans all\u00e9gations sant\u00e9 sp\u00e9cifiques. Un choix naturel pour une utilisation r\u00e9guli\u00e8re.<\/p>\n","protected":false},"excerpt":{"rendered":"<p>Natural Factors melatonin 10 mg (180 Tablets, Peppermint) D\u00e9couvrez les comprim\u00e9s de m\u00e9lisse \u00e0 la menthe poivr\u00e9e de Natural Factors, un choix parfait pour ceux qui appr\u00e9cient les ingr\u00e9dients naturels dans un mode de vie sain. Chaque tablette contient 10 mg de m\u00e9lisse d&#8217;origine naturelle, reconnue pour sa grande puret\u00e9 et sa qualit\u00e9 sup\u00e9rieure. Ce [&#8230;]\n","protected":false},"featured_media":269395,"comment_status":"closed","ping_status":"open","template":"","meta":[],"product_brand":[5312],"product_cat":[],"product_tag":[],"class_list":{"0":"post-293026","1":"product","2":"type-product","3":"status-publish","4":"has-post-thumbnail","6":"product_brand-natural-factors-2","8":"first","9":"instock","10":"taxable","11":"shipping-taxable","12":"purchasable","13":"product-type-simple"},"yoast_head":"<!-- This site is optimized with the Yoast SEO Premium plugin v27.3 (Yoast SEO v27.3) - https:\/\/yoast.com\/product\/yoast-seo-premium-wordpress\/ -->\n<title>Facteurs naturels M\u00e9latonine 10 mg (180 comprim\u00e9s, menthe poivr\u00e9e) - ECO Supplements<\/title>\n<meta name=\"description\" content=\"Wij hebben een ruime keuze aan producten van Facteurs naturels M\u00e9latonine 10 mg (180 comprim\u00e9s, menthe poivr\u00e9e) . Winkel bij Eco Supplements altijd gratis verzending boven 100\u20ac\" \/>\n<meta name=\"robots\" content=\"index, follow, max-snippet:-1, max-image-preview:large, max-video-preview:-1\" \/>\n<link rel=\"canonical\" href=\"https:\/\/ecosupplements.be\/fr\/produit\/natural-factors-melatonin-10-mg-180-tablets-peppermint\/\" \/>\n<meta property=\"og:locale\" content=\"fr_FR\" \/>\n<meta property=\"og:type\" content=\"article\" \/>\n<meta property=\"og:title\" content=\"Facteurs naturels M\u00e9latonine 10 mg (180 comprim\u00e9s, menthe poivr\u00e9e)\" \/>\n<meta property=\"og:description\" content=\"Wij hebben een ruime keuze aan producten van Facteurs naturels M\u00e9latonine 10 mg (180 comprim\u00e9s, menthe poivr\u00e9e) . Winkel bij Eco Supplements altijd gratis verzending boven 100\u20ac\" \/>\n<meta property=\"og:url\" content=\"https:\/\/ecosupplements.be\/fr\/produit\/natural-factors-melatonin-10-mg-180-tablets-peppermint\/\" \/>\n<meta property=\"og:site_name\" content=\"ECO Supplements\" \/>\n<meta property=\"article:modified_time\" content=\"2025-08-27T14:53:30+00:00\" \/>\n<meta property=\"og:image\" content=\"https:\/\/ecosupplements.be\/wp-content\/uploads\/2025\/08\/Natural-Factors-Natural-Factors-Melatonin-10-mg-180-Tablets-Peppermint.webp\" \/>\n\t<meta property=\"og:image:width\" content=\"750\" \/>\n\t<meta property=\"og:image:height\" content=\"750\" \/>\n\t<meta property=\"og:image:type\" content=\"image\/webp\" \/>\n<meta name=\"twitter:card\" content=\"summary_large_image\" \/>\n<meta name=\"twitter:label1\" content=\"Prix\" \/>\n\t<meta name=\"twitter:data1\" content=\"8.80&nbsp;&euro;\" \/>\n\t<meta name=\"twitter:label2\" content=\"Disponibilit\u00e9\" \/>\n\t<meta name=\"twitter:data2\" content=\"En stock\" \/>\n<script type=\"application\/ld+json\" class=\"yoast-schema-graph\">{\"@context\":\"https:\\\/\\\/schema.org\",\"@graph\":[{\"@type\":[\"WebPage\",\"ItemPage\"],\"@id\":\"https:\\\/\\\/ecosupplements.be\\\/fr\\\/produit\\\/natural-factors-melatonin-10-mg-180-tablets-peppermint\\\/\",\"url\":\"https:\\\/\\\/ecosupplements.be\\\/fr\\\/produit\\\/natural-factors-melatonin-10-mg-180-tablets-peppermint\\\/\",\"name\":\"Facteurs naturels M\u00e9latonine 10 mg (180 comprim\u00e9s, menthe poivr\u00e9e) - ECO Supplements\",\"isPartOf\":{\"@id\":\"https:\\\/\\\/ecosupplements.be\\\/fr\\\/#website\"},\"primaryImageOfPage\":{\"@id\":\"https:\\\/\\\/ecosupplements.be\\\/fr\\\/produit\\\/natural-factors-melatonin-10-mg-180-tablets-peppermint\\\/#primaryimage\"},\"image\":{\"@id\":\"https:\\\/\\\/ecosupplements.be\\\/fr\\\/produit\\\/natural-factors-melatonin-10-mg-180-tablets-peppermint\\\/#primaryimage\"},\"thumbnailUrl\":\"https:\\\/\\\/ecosupplements.be\\\/wp-content\\\/uploads\\\/2025\\\/08\\\/Natural-Factors-Melatonin-10-mg-180-Tablets-Peppermint.webp\",\"datePublished\":\"2025-04-13T17:47:46+00:00\",\"dateModified\":\"2025-08-27T14:53:30+00:00\",\"description\":\"Wij hebben een ruime keuze aan producten van Facteurs naturels M\u00e9latonine 10 mg (180 comprim\u00e9s, menthe poivr\u00e9e) . Winkel bij Eco Supplements altijd gratis verzending boven 100\u20ac\",\"breadcrumb\":{\"@id\":\"https:\\\/\\\/ecosupplements.be\\\/fr\\\/produit\\\/natural-factors-melatonin-10-mg-180-tablets-peppermint\\\/#breadcrumb\"},\"inLanguage\":\"fr-FR\",\"potentialAction\":[{\"@type\":\"ReadAction\",\"target\":[\"https:\\\/\\\/ecosupplements.be\\\/fr\\\/produit\\\/natural-factors-melatonin-10-mg-180-tablets-peppermint\\\/\"]}]},{\"@type\":\"ImageObject\",\"inLanguage\":\"fr-FR\",\"@id\":\"https:\\\/\\\/ecosupplements.be\\\/fr\\\/produit\\\/natural-factors-melatonin-10-mg-180-tablets-peppermint\\\/#primaryimage\",\"url\":\"https:\\\/\\\/ecosupplements.be\\\/wp-content\\\/uploads\\\/2025\\\/08\\\/Natural-Factors-Melatonin-10-mg-180-Tablets-Peppermint.webp\",\"contentUrl\":\"https:\\\/\\\/ecosupplements.be\\\/wp-content\\\/uploads\\\/2025\\\/08\\\/Natural-Factors-Melatonin-10-mg-180-Tablets-Peppermint.webp\",\"width\":1000,\"height\":1000},{\"@type\":\"BreadcrumbList\",\"@id\":\"https:\\\/\\\/ecosupplements.be\\\/fr\\\/produit\\\/natural-factors-melatonin-10-mg-180-tablets-peppermint\\\/#breadcrumb\",\"itemListElement\":[{\"@type\":\"ListItem\",\"position\":1,\"name\":\"Home\",\"item\":\"https:\\\/\\\/ecosupplements.be\\\/fr\\\/\"},{\"@type\":\"ListItem\",\"position\":2,\"name\":\"Boutique\",\"item\":\"https:\\\/\\\/ecosupplements.be\\\/fr\\\/boutique\\\/\"},{\"@type\":\"ListItem\",\"position\":3,\"name\":\"Facteurs naturels M\u00e9latonine 10 mg (180 comprim\u00e9s, menthe poivr\u00e9e)\"}]},{\"@type\":\"WebSite\",\"@id\":\"https:\\\/\\\/ecosupplements.be\\\/fr\\\/#website\",\"url\":\"https:\\\/\\\/ecosupplements.be\\\/fr\\\/\",\"name\":\"ECO Supplements\",\"description\":\"Eco Supplements - Gezonde supplementen\",\"publisher\":{\"@id\":\"https:\\\/\\\/ecosupplements.be\\\/fr\\\/#organization\"},\"potentialAction\":[{\"@type\":\"SearchAction\",\"target\":{\"@type\":\"EntryPoint\",\"urlTemplate\":\"https:\\\/\\\/ecosupplements.be\\\/fr\\\/?s={search_term_string}\"},\"query-input\":{\"@type\":\"PropertyValueSpecification\",\"valueRequired\":true,\"valueName\":\"search_term_string\"}}],\"inLanguage\":\"fr-FR\"},{\"@type\":\"Organization\",\"@id\":\"https:\\\/\\\/ecosupplements.be\\\/fr\\\/#organization\",\"name\":\"Eco Supplements\",\"url\":\"https:\\\/\\\/ecosupplements.be\\\/fr\\\/\",\"logo\":{\"@type\":\"ImageObject\",\"inLanguage\":\"fr-FR\",\"@id\":\"https:\\\/\\\/ecosupplements.be\\\/fr\\\/#\\\/schema\\\/logo\\\/image\\\/\",\"url\":\"https:\\\/\\\/ecosupplements.be\\\/wp-content\\\/uploads\\\/2022\\\/06\\\/ecosupplement-family.png\",\"contentUrl\":\"https:\\\/\\\/ecosupplements.be\\\/wp-content\\\/uploads\\\/2022\\\/06\\\/ecosupplement-family.png\",\"width\":593,\"height\":374,\"caption\":\"Eco Supplements\"},\"image\":{\"@id\":\"https:\\\/\\\/ecosupplements.be\\\/fr\\\/#\\\/schema\\\/logo\\\/image\\\/\"}}]}<\/script>\n<meta property=\"product:brand\" content=\"Natural Factors\" \/>\n<meta property=\"product:price:amount\" content=\"8.80\" \/>\n<meta property=\"product:price:currency\" content=\"EUR\" \/>\n<meta property=\"og:availability\" content=\"instock\" \/>\n<meta property=\"product:availability\" content=\"instock\" \/>\n<meta property=\"product:retailer_item_id\" content=\"627765027228\" \/>\n<meta property=\"product:condition\" content=\"new\" \/>\n<!-- \/ Yoast SEO Premium plugin. -->","yoast_head_json":{"title":"Facteurs naturels M\u00e9latonine 10 mg (180 comprim\u00e9s, menthe poivr\u00e9e) - ECO Supplements","description":"Wij hebben een ruime keuze aan producten van Facteurs naturels M\u00e9latonine 10 mg (180 comprim\u00e9s, menthe poivr\u00e9e) . Winkel bij Eco Supplements altijd gratis verzending boven 100\u20ac","robots":{"index":"index","follow":"follow","max-snippet":"max-snippet:-1","max-image-preview":"max-image-preview:large","max-video-preview":"max-video-preview:-1"},"canonical":"https:\/\/ecosupplements.be\/fr\/produit\/natural-factors-melatonin-10-mg-180-tablets-peppermint\/","og_locale":"fr_FR","og_type":"article","og_title":"Facteurs naturels M\u00e9latonine 10 mg (180 comprim\u00e9s, menthe poivr\u00e9e)","og_description":"Wij hebben een ruime keuze aan producten van Facteurs naturels M\u00e9latonine 10 mg (180 comprim\u00e9s, menthe poivr\u00e9e) . Winkel bij Eco Supplements altijd gratis verzending boven 100\u20ac","og_url":"https:\/\/ecosupplements.be\/fr\/produit\/natural-factors-melatonin-10-mg-180-tablets-peppermint\/","og_site_name":"ECO Supplements","article_modified_time":"2025-08-27T14:53:30+00:00","og_image":[{"width":750,"height":750,"url":"https:\/\/ecosupplements.be\/wp-content\/uploads\/2025\/08\/Natural-Factors-Natural-Factors-Melatonin-10-mg-180-Tablets-Peppermint.webp","type":"image\/webp"}],"twitter_card":"summary_large_image","twitter_misc":{"Prix":"8.80&nbsp;&euro;","Disponibilit\u00e9":"En stock"},"schema":{"@context":"https:\/\/schema.org","@graph":[{"@type":["WebPage","ItemPage"],"@id":"https:\/\/ecosupplements.be\/fr\/produit\/natural-factors-melatonin-10-mg-180-tablets-peppermint\/","url":"https:\/\/ecosupplements.be\/fr\/produit\/natural-factors-melatonin-10-mg-180-tablets-peppermint\/","name":"Facteurs naturels M\u00e9latonine 10 mg (180 comprim\u00e9s, menthe poivr\u00e9e) - ECO Supplements","isPartOf":{"@id":"https:\/\/ecosupplements.be\/fr\/#website"},"primaryImageOfPage":{"@id":"https:\/\/ecosupplements.be\/fr\/produit\/natural-factors-melatonin-10-mg-180-tablets-peppermint\/#primaryimage"},"image":{"@id":"https:\/\/ecosupplements.be\/fr\/produit\/natural-factors-melatonin-10-mg-180-tablets-peppermint\/#primaryimage"},"thumbnailUrl":"https:\/\/ecosupplements.be\/wp-content\/uploads\/2025\/08\/Natural-Factors-Melatonin-10-mg-180-Tablets-Peppermint.webp","datePublished":"2025-04-13T17:47:46+00:00","dateModified":"2025-08-27T14:53:30+00:00","description":"Wij hebben een ruime keuze aan producten van Facteurs naturels M\u00e9latonine 10 mg (180 comprim\u00e9s, menthe poivr\u00e9e) . Winkel bij Eco Supplements altijd gratis verzending boven 100\u20ac","breadcrumb":{"@id":"https:\/\/ecosupplements.be\/fr\/produit\/natural-factors-melatonin-10-mg-180-tablets-peppermint\/#breadcrumb"},"inLanguage":"fr-FR","potentialAction":[{"@type":"ReadAction","target":["https:\/\/ecosupplements.be\/fr\/produit\/natural-factors-melatonin-10-mg-180-tablets-peppermint\/"]}]},{"@type":"ImageObject","inLanguage":"fr-FR","@id":"https:\/\/ecosupplements.be\/fr\/produit\/natural-factors-melatonin-10-mg-180-tablets-peppermint\/#primaryimage","url":"https:\/\/ecosupplements.be\/wp-content\/uploads\/2025\/08\/Natural-Factors-Melatonin-10-mg-180-Tablets-Peppermint.webp","contentUrl":"https:\/\/ecosupplements.be\/wp-content\/uploads\/2025\/08\/Natural-Factors-Melatonin-10-mg-180-Tablets-Peppermint.webp","width":1000,"height":1000},{"@type":"BreadcrumbList","@id":"https:\/\/ecosupplements.be\/fr\/produit\/natural-factors-melatonin-10-mg-180-tablets-peppermint\/#breadcrumb","itemListElement":[{"@type":"ListItem","position":1,"name":"Home","item":"https:\/\/ecosupplements.be\/fr\/"},{"@type":"ListItem","position":2,"name":"Boutique","item":"https:\/\/ecosupplements.be\/fr\/boutique\/"},{"@type":"ListItem","position":3,"name":"Facteurs naturels M\u00e9latonine 10 mg (180 comprim\u00e9s, menthe poivr\u00e9e)"}]},{"@type":"WebSite","@id":"https:\/\/ecosupplements.be\/fr\/#website","url":"https:\/\/ecosupplements.be\/fr\/","name":"ECO Supplements","description":"Eco Supplements - Gezonde supplementen","publisher":{"@id":"https:\/\/ecosupplements.be\/fr\/#organization"},"potentialAction":[{"@type":"SearchAction","target":{"@type":"EntryPoint","urlTemplate":"https:\/\/ecosupplements.be\/fr\/?s={search_term_string}"},"query-input":{"@type":"PropertyValueSpecification","valueRequired":true,"valueName":"search_term_string"}}],"inLanguage":"fr-FR"},{"@type":"Organization","@id":"https:\/\/ecosupplements.be\/fr\/#organization","name":"Eco Supplements","url":"https:\/\/ecosupplements.be\/fr\/","logo":{"@type":"ImageObject","inLanguage":"fr-FR","@id":"https:\/\/ecosupplements.be\/fr\/#\/schema\/logo\/image\/","url":"https:\/\/ecosupplements.be\/wp-content\/uploads\/2022\/06\/ecosupplement-family.png","contentUrl":"https:\/\/ecosupplements.be\/wp-content\/uploads\/2022\/06\/ecosupplement-family.png","width":593,"height":374,"caption":"Eco Supplements"},"image":{"@id":"https:\/\/ecosupplements.be\/fr\/#\/schema\/logo\/image\/"}}]},"product_brand":"Natural Factors","product_price_amount":"8.80","product_price_currency":"EUR","og_availability":"instock","product_availability":"instock","product_retailer_item_id":"627765027228","product_condition":"new"},"_links":{"self":[{"href":"https:\/\/ecosupplements.be\/fr\/wp-json\/wp\/v2\/product\/293026","targetHints":{"allow":["GET"]}}],"collection":[{"href":"https:\/\/ecosupplements.be\/fr\/wp-json\/wp\/v2\/product"}],"about":[{"href":"https:\/\/ecosupplements.be\/fr\/wp-json\/wp\/v2\/types\/product"}],"replies":[{"embeddable":true,"href":"https:\/\/ecosupplements.be\/fr\/wp-json\/wp\/v2\/comments?post=293026"}],"wp:featuredmedia":[{"embeddable":true,"href":"https:\/\/ecosupplements.be\/fr\/wp-json\/wp\/v2\/media\/269395"}],"wp:attachment":[{"href":"https:\/\/ecosupplements.be\/fr\/wp-json\/wp\/v2\/media?parent=293026"}],"wp:term":[{"taxonomy":"product_brand","embeddable":true,"href":"https:\/\/ecosupplements.be\/fr\/wp-json\/wp\/v2\/product_brand?post=293026"},{"taxonomy":"product_cat","embeddable":true,"href":"https:\/\/ecosupplements.be\/fr\/wp-json\/wp\/v2\/product_cat?post=293026"},{"taxonomy":"product_tag","embeddable":true,"href":"https:\/\/ecosupplements.be\/fr\/wp-json\/wp\/v2\/product_tag?post=293026"}],"curies":[{"name":"wp","href":"https:\/\/api.w.org\/{rel}","templated":true}]}}