{"id":293713,"date":"2022-06-28T10:23:19","date_gmt":"2022-06-28T09:23:19","guid":{"rendered":"https:\/\/ecosupplements.be\/product\/aeterisk-olie-smiles-for-miles-olieblanding-30-ml\/"},"modified":"2025-08-27T16:07:43","modified_gmt":"2025-08-27T15:07:43","slug":"aeterisk-olie-smiles-for-miles-olieblanding-30-ml","status":"publish","type":"product","link":"https:\/\/ecosupplements.be\/fr\/produit\/aeterisk-olie-smiles-for-miles-olieblanding-30-ml\/","title":{"rendered":"Huile essentielle \u00c6terisk, M\u00e9lange d&#8217;huiles Smiles for Miles &#8211; 30 ml"},"content":{"rendered":"<h1 style=\"text-align: center\">NOW Foods &#8211; \u00c6terisk olie<\/h1>\n<h2>Produktbeskrivelse<\/h2>\n<p>Opdag gl\u00e6den og energien med Smiles for Miles Oil Blend, en unik sammens\u00e6tning af \u00e6teriske olier. Denne 30 ml blanding er ideel til at forfriske dit hjem og bringe et smil p\u00e5 dine l\u00e6ber hver dag.<\/p>\n<h2>Ingredienser<\/h2>\n<ul>\n<li>Appelsinolie<\/li>\n<li>Bergamotteolie<\/li>\n<li>Grapefrugtolie<\/li>\n<li>Limeolie<\/li>\n<li>Citronolie<\/li>\n<li>Kanelbarkolie<\/li>\n<li>Muskatn\u00f8ddeolie<\/li>\n<ul>\n<ul>\n<ul>\n<ul>\n<ul><\/ul>\n<\/ul>\n<\/ul>\n<\/ul>\n<\/ul>\n<p>Naturlig vaniljeekstrakt<\/p>\n<li \/><\/ol>\n<h2>Egenskaber og Ekstraktionsmetoder:<\/h2>\n<p>Aroma: Mild citrus med varme kryddernoter.<br \/>\nEgenskaber: Opl\u00f8ftende, forfriskende, energigivende.<br \/>\nEkstraktionsmetode: Appelsin-, bergamot-, grapefrugt- og citronolier er koldpressede; lime-, kanelbark-, muskatn\u00f8d- og ingef\u00e6r-olier er dampdestillerede; naturlig vanilje er CO\u2082-ekstraheret.<\/p>\n<h2>Fordele ved Brug:<\/h2>\n<ul>Rentestet\/kvalitetssikret<\/p>\n<li \/>\n<li>Anvend i en diffuser eller lav din egen rumspray ved at tils\u00e6tte op til 30 dr\u00e5ber til ca.30 ml vand i en sprayflaske.<i \/>\n<li>Ved brug af \u00e6teriske olier blandet med b\u00e6reolier i diffusorer, husk at reng\u00f8re enheden grundigt efter hver brug for optimal ydelse.<i \/><\/ul>\n<h2>Sikkerhedshenvisninger:<\/h2>\n<p>Opbevares udenfor b\u00f8rns r\u00e6kkevidde. Undg\u00e5 kontakt med \u00f8jnene. Konsulter din l\u00e6ge f\u00f8r brug hvis du er gravid eller ammer. Ikke beregnet til indtagelse eller anvendelse direkte p\u00e5 huden uden fortynding. Undg\u00e5 eksponering for direkte sollys eller UV-str\u00e5ler efter anvendelse.<\/p>\n<h3>Certificeringer:<\/h3>\n<p>&lt;<\/p>\n<p><img decoding=\"async\" src=\"https:\/\/ecosupplements.dk\/wp-content\/uploads\/2020\/07\/non-gmo.png\" title=\"Ikke-GMO\" alt=\"Non-GMO\"><img decoding=\"async\" src=\"https:\/\/ecosupplements.dk\/wp-content\/uploads\/2020\/09\/vegan.png\" title=\"Vegansk\" alt=\"Vegan\"><\/p>\n<p>Title: \u00c6terisk olie, Smiles for Miles-olieblanding &#8211; 30 ml<\/p>\n<p>Brand:\u00a0NOW Foods<\/p>\n<p>EAN:\u00a0733739076335<\/p>\n<p>&nbsp;<\/p>\n","protected":false},"excerpt":{"rendered":"<p>NOW Foods &#8211; \u00c6terisk olie Produktbeskrivelse Opdag gl\u00e6den og energien med Smiles for Miles Oil Blend, en unik sammens\u00e6tning af \u00e6teriske olier. Denne 30 ml blanding er ideel til at forfriske dit hjem og bringe et smil p\u00e5 dine l\u00e6ber hver dag. Ingredienser Appelsinolie Bergamotteolie Grapefrugtolie Limeolie Citronolie Kanelbarkolie Muskatn\u00f8ddeolie Naturlig vaniljeekstrakt Egenskaber og Ekstraktionsmetoder: [&#8230;]\n","protected":false},"featured_media":250498,"comment_status":"open","ping_status":"open","template":"","meta":[],"product_brand":[4733],"product_cat":[5131],"product_tag":[],"class_list":{"0":"post-293713","1":"product","2":"type-product","3":"status-publish","4":"has-post-thumbnail","6":"product_brand-now-foods-2","7":"product_cat-aromatherapie","9":"first","10":"instock","11":"taxable","12":"shipping-taxable","13":"purchasable","14":"product-type-simple"},"yoast_head":"<!-- This site is optimized with the Yoast SEO Premium plugin v27.3 (Yoast SEO v27.3) - https:\/\/yoast.com\/product\/yoast-seo-premium-wordpress\/ -->\n<title>Huile essentielle \u00c6terisk, M\u00e9lange d&#039;huiles Smiles for Miles - 30 ml - ECO Supplements<\/title>\n<meta name=\"description\" content=\"Wij hebben een ruime keuze aan producten van Huile essentielle \u00c6terisk, M\u00e9lange d&#039;huiles Smiles for Miles - 30 ml . Winkel bij Eco Supplements altijd gratis verzending boven 100\u20ac\" \/>\n<meta name=\"robots\" content=\"index, follow, max-snippet:-1, max-image-preview:large, max-video-preview:-1\" \/>\n<link rel=\"canonical\" href=\"https:\/\/ecosupplements.be\/fr\/produit\/aeterisk-olie-smiles-for-miles-olieblanding-30-ml\/\" \/>\n<meta property=\"og:locale\" content=\"fr_FR\" \/>\n<meta property=\"og:type\" content=\"article\" \/>\n<meta property=\"og:title\" content=\"Huile essentielle \u00c6terisk, M\u00e9lange d&#039;huiles Smiles for Miles - 30 ml\" \/>\n<meta property=\"og:description\" content=\"Wij hebben een ruime keuze aan producten van Huile essentielle \u00c6terisk, M\u00e9lange d&#039;huiles Smiles for Miles - 30 ml . Winkel bij Eco Supplements altijd gratis verzending boven 100\u20ac\" \/>\n<meta property=\"og:url\" content=\"https:\/\/ecosupplements.be\/fr\/produit\/aeterisk-olie-smiles-for-miles-olieblanding-30-ml\/\" \/>\n<meta property=\"og:site_name\" content=\"ECO Supplements\" \/>\n<meta property=\"article:modified_time\" content=\"2025-08-27T15:07:43+00:00\" \/>\n<meta property=\"og:image\" content=\"https:\/\/ecosupplements.be\/wp-content\/uploads\/2025\/08\/NOW-Foods-Essential-Oil-30-ml-41.jpg\" \/>\n\t<meta property=\"og:image:width\" content=\"750\" \/>\n\t<meta property=\"og:image:height\" content=\"750\" \/>\n\t<meta property=\"og:image:type\" content=\"image\/jpeg\" \/>\n<meta name=\"twitter:card\" content=\"summary_large_image\" \/>\n<meta name=\"twitter:label1\" content=\"Prix\" \/>\n\t<meta name=\"twitter:data1\" content=\"13.67&nbsp;&euro;\" \/>\n\t<meta name=\"twitter:label2\" content=\"Disponibilit\u00e9\" \/>\n\t<meta name=\"twitter:data2\" content=\"En stock\" \/>\n<script type=\"application\/ld+json\" class=\"yoast-schema-graph\">{\"@context\":\"https:\\\/\\\/schema.org\",\"@graph\":[{\"@type\":[\"WebPage\",\"ItemPage\"],\"@id\":\"https:\\\/\\\/ecosupplements.be\\\/fr\\\/produit\\\/aeterisk-olie-smiles-for-miles-olieblanding-30-ml\\\/\",\"url\":\"https:\\\/\\\/ecosupplements.be\\\/fr\\\/produit\\\/aeterisk-olie-smiles-for-miles-olieblanding-30-ml\\\/\",\"name\":\"Huile essentielle \u00c6terisk, M\u00e9lange d'huiles Smiles for Miles - 30 ml - ECO Supplements\",\"isPartOf\":{\"@id\":\"https:\\\/\\\/ecosupplements.be\\\/fr\\\/#website\"},\"primaryImageOfPage\":{\"@id\":\"https:\\\/\\\/ecosupplements.be\\\/fr\\\/produit\\\/aeterisk-olie-smiles-for-miles-olieblanding-30-ml\\\/#primaryimage\"},\"image\":{\"@id\":\"https:\\\/\\\/ecosupplements.be\\\/fr\\\/produit\\\/aeterisk-olie-smiles-for-miles-olieblanding-30-ml\\\/#primaryimage\"},\"thumbnailUrl\":\"https:\\\/\\\/ecosupplements.be\\\/wp-content\\\/uploads\\\/2025\\\/08\\\/NOW-Foods-Essential-Oil-30-ml-41.jpg\",\"datePublished\":\"2022-06-28T09:23:19+00:00\",\"dateModified\":\"2025-08-27T15:07:43+00:00\",\"description\":\"Wij hebben een ruime keuze aan producten van Huile essentielle \u00c6terisk, M\u00e9lange d'huiles Smiles for Miles - 30 ml . Winkel bij Eco Supplements altijd gratis verzending boven 100\u20ac\",\"breadcrumb\":{\"@id\":\"https:\\\/\\\/ecosupplements.be\\\/fr\\\/produit\\\/aeterisk-olie-smiles-for-miles-olieblanding-30-ml\\\/#breadcrumb\"},\"inLanguage\":\"fr-FR\",\"potentialAction\":[{\"@type\":\"ReadAction\",\"target\":[\"https:\\\/\\\/ecosupplements.be\\\/fr\\\/produit\\\/aeterisk-olie-smiles-for-miles-olieblanding-30-ml\\\/\"]}]},{\"@type\":\"ImageObject\",\"inLanguage\":\"fr-FR\",\"@id\":\"https:\\\/\\\/ecosupplements.be\\\/fr\\\/produit\\\/aeterisk-olie-smiles-for-miles-olieblanding-30-ml\\\/#primaryimage\",\"url\":\"https:\\\/\\\/ecosupplements.be\\\/wp-content\\\/uploads\\\/2025\\\/08\\\/NOW-Foods-Essential-Oil-30-ml-41.jpg\",\"contentUrl\":\"https:\\\/\\\/ecosupplements.be\\\/wp-content\\\/uploads\\\/2025\\\/08\\\/NOW-Foods-Essential-Oil-30-ml-41.jpg\",\"width\":750,\"height\":750},{\"@type\":\"BreadcrumbList\",\"@id\":\"https:\\\/\\\/ecosupplements.be\\\/fr\\\/produit\\\/aeterisk-olie-smiles-for-miles-olieblanding-30-ml\\\/#breadcrumb\",\"itemListElement\":[{\"@type\":\"ListItem\",\"position\":1,\"name\":\"Home\",\"item\":\"https:\\\/\\\/ecosupplements.be\\\/fr\\\/\"},{\"@type\":\"ListItem\",\"position\":2,\"name\":\"Boutique\",\"item\":\"https:\\\/\\\/ecosupplements.be\\\/fr\\\/boutique\\\/\"},{\"@type\":\"ListItem\",\"position\":3,\"name\":\"Huile essentielle \u00c6terisk, M\u00e9lange d&#8217;huiles Smiles for Miles &#8211; 30 ml\"}]},{\"@type\":\"WebSite\",\"@id\":\"https:\\\/\\\/ecosupplements.be\\\/fr\\\/#website\",\"url\":\"https:\\\/\\\/ecosupplements.be\\\/fr\\\/\",\"name\":\"ECO Supplements\",\"description\":\"Eco Supplements - Gezonde supplementen\",\"publisher\":{\"@id\":\"https:\\\/\\\/ecosupplements.be\\\/fr\\\/#organization\"},\"potentialAction\":[{\"@type\":\"SearchAction\",\"target\":{\"@type\":\"EntryPoint\",\"urlTemplate\":\"https:\\\/\\\/ecosupplements.be\\\/fr\\\/?s={search_term_string}\"},\"query-input\":{\"@type\":\"PropertyValueSpecification\",\"valueRequired\":true,\"valueName\":\"search_term_string\"}}],\"inLanguage\":\"fr-FR\"},{\"@type\":\"Organization\",\"@id\":\"https:\\\/\\\/ecosupplements.be\\\/fr\\\/#organization\",\"name\":\"Eco Supplements\",\"url\":\"https:\\\/\\\/ecosupplements.be\\\/fr\\\/\",\"logo\":{\"@type\":\"ImageObject\",\"inLanguage\":\"fr-FR\",\"@id\":\"https:\\\/\\\/ecosupplements.be\\\/fr\\\/#\\\/schema\\\/logo\\\/image\\\/\",\"url\":\"https:\\\/\\\/ecosupplements.be\\\/wp-content\\\/uploads\\\/2022\\\/06\\\/ecosupplement-family.png\",\"contentUrl\":\"https:\\\/\\\/ecosupplements.be\\\/wp-content\\\/uploads\\\/2022\\\/06\\\/ecosupplement-family.png\",\"width\":593,\"height\":374,\"caption\":\"Eco Supplements\"},\"image\":{\"@id\":\"https:\\\/\\\/ecosupplements.be\\\/fr\\\/#\\\/schema\\\/logo\\\/image\\\/\"}}]}<\/script>\n<meta property=\"product:brand\" content=\"NOW Foods\" \/>\n<meta property=\"product:price:amount\" content=\"13.67\" \/>\n<meta property=\"product:price:currency\" content=\"EUR\" \/>\n<meta property=\"og:availability\" content=\"instock\" \/>\n<meta property=\"product:availability\" content=\"instock\" \/>\n<meta property=\"product:retailer_item_id\" content=\"733739076335\" \/>\n<meta property=\"product:condition\" content=\"new\" \/>\n<!-- \/ Yoast SEO Premium plugin. -->","yoast_head_json":{"title":"Huile essentielle \u00c6terisk, M\u00e9lange d'huiles Smiles for Miles - 30 ml - ECO Supplements","description":"Wij hebben een ruime keuze aan producten van Huile essentielle \u00c6terisk, M\u00e9lange d'huiles Smiles for Miles - 30 ml . Winkel bij Eco Supplements altijd gratis verzending boven 100\u20ac","robots":{"index":"index","follow":"follow","max-snippet":"max-snippet:-1","max-image-preview":"max-image-preview:large","max-video-preview":"max-video-preview:-1"},"canonical":"https:\/\/ecosupplements.be\/fr\/produit\/aeterisk-olie-smiles-for-miles-olieblanding-30-ml\/","og_locale":"fr_FR","og_type":"article","og_title":"Huile essentielle \u00c6terisk, M\u00e9lange d'huiles Smiles for Miles - 30 ml","og_description":"Wij hebben een ruime keuze aan producten van Huile essentielle \u00c6terisk, M\u00e9lange d'huiles Smiles for Miles - 30 ml . Winkel bij Eco Supplements altijd gratis verzending boven 100\u20ac","og_url":"https:\/\/ecosupplements.be\/fr\/produit\/aeterisk-olie-smiles-for-miles-olieblanding-30-ml\/","og_site_name":"ECO Supplements","article_modified_time":"2025-08-27T15:07:43+00:00","og_image":[{"width":750,"height":750,"url":"https:\/\/ecosupplements.be\/wp-content\/uploads\/2025\/08\/NOW-Foods-Essential-Oil-30-ml-41.jpg","type":"image\/jpeg"}],"twitter_card":"summary_large_image","twitter_misc":{"Prix":"13.67&nbsp;&euro;","Disponibilit\u00e9":"En stock"},"schema":{"@context":"https:\/\/schema.org","@graph":[{"@type":["WebPage","ItemPage"],"@id":"https:\/\/ecosupplements.be\/fr\/produit\/aeterisk-olie-smiles-for-miles-olieblanding-30-ml\/","url":"https:\/\/ecosupplements.be\/fr\/produit\/aeterisk-olie-smiles-for-miles-olieblanding-30-ml\/","name":"Huile essentielle \u00c6terisk, M\u00e9lange d'huiles Smiles for Miles - 30 ml - ECO Supplements","isPartOf":{"@id":"https:\/\/ecosupplements.be\/fr\/#website"},"primaryImageOfPage":{"@id":"https:\/\/ecosupplements.be\/fr\/produit\/aeterisk-olie-smiles-for-miles-olieblanding-30-ml\/#primaryimage"},"image":{"@id":"https:\/\/ecosupplements.be\/fr\/produit\/aeterisk-olie-smiles-for-miles-olieblanding-30-ml\/#primaryimage"},"thumbnailUrl":"https:\/\/ecosupplements.be\/wp-content\/uploads\/2025\/08\/NOW-Foods-Essential-Oil-30-ml-41.jpg","datePublished":"2022-06-28T09:23:19+00:00","dateModified":"2025-08-27T15:07:43+00:00","description":"Wij hebben een ruime keuze aan producten van Huile essentielle \u00c6terisk, M\u00e9lange d'huiles Smiles for Miles - 30 ml . Winkel bij Eco Supplements altijd gratis verzending boven 100\u20ac","breadcrumb":{"@id":"https:\/\/ecosupplements.be\/fr\/produit\/aeterisk-olie-smiles-for-miles-olieblanding-30-ml\/#breadcrumb"},"inLanguage":"fr-FR","potentialAction":[{"@type":"ReadAction","target":["https:\/\/ecosupplements.be\/fr\/produit\/aeterisk-olie-smiles-for-miles-olieblanding-30-ml\/"]}]},{"@type":"ImageObject","inLanguage":"fr-FR","@id":"https:\/\/ecosupplements.be\/fr\/produit\/aeterisk-olie-smiles-for-miles-olieblanding-30-ml\/#primaryimage","url":"https:\/\/ecosupplements.be\/wp-content\/uploads\/2025\/08\/NOW-Foods-Essential-Oil-30-ml-41.jpg","contentUrl":"https:\/\/ecosupplements.be\/wp-content\/uploads\/2025\/08\/NOW-Foods-Essential-Oil-30-ml-41.jpg","width":750,"height":750},{"@type":"BreadcrumbList","@id":"https:\/\/ecosupplements.be\/fr\/produit\/aeterisk-olie-smiles-for-miles-olieblanding-30-ml\/#breadcrumb","itemListElement":[{"@type":"ListItem","position":1,"name":"Home","item":"https:\/\/ecosupplements.be\/fr\/"},{"@type":"ListItem","position":2,"name":"Boutique","item":"https:\/\/ecosupplements.be\/fr\/boutique\/"},{"@type":"ListItem","position":3,"name":"Huile essentielle \u00c6terisk, M\u00e9lange d&#8217;huiles Smiles for Miles &#8211; 30 ml"}]},{"@type":"WebSite","@id":"https:\/\/ecosupplements.be\/fr\/#website","url":"https:\/\/ecosupplements.be\/fr\/","name":"ECO Supplements","description":"Eco Supplements - Gezonde supplementen","publisher":{"@id":"https:\/\/ecosupplements.be\/fr\/#organization"},"potentialAction":[{"@type":"SearchAction","target":{"@type":"EntryPoint","urlTemplate":"https:\/\/ecosupplements.be\/fr\/?s={search_term_string}"},"query-input":{"@type":"PropertyValueSpecification","valueRequired":true,"valueName":"search_term_string"}}],"inLanguage":"fr-FR"},{"@type":"Organization","@id":"https:\/\/ecosupplements.be\/fr\/#organization","name":"Eco Supplements","url":"https:\/\/ecosupplements.be\/fr\/","logo":{"@type":"ImageObject","inLanguage":"fr-FR","@id":"https:\/\/ecosupplements.be\/fr\/#\/schema\/logo\/image\/","url":"https:\/\/ecosupplements.be\/wp-content\/uploads\/2022\/06\/ecosupplement-family.png","contentUrl":"https:\/\/ecosupplements.be\/wp-content\/uploads\/2022\/06\/ecosupplement-family.png","width":593,"height":374,"caption":"Eco Supplements"},"image":{"@id":"https:\/\/ecosupplements.be\/fr\/#\/schema\/logo\/image\/"}}]},"product_brand":"NOW Foods","product_price_amount":"13.67","product_price_currency":"EUR","og_availability":"instock","product_availability":"instock","product_retailer_item_id":"733739076335","product_condition":"new"},"_links":{"self":[{"href":"https:\/\/ecosupplements.be\/fr\/wp-json\/wp\/v2\/product\/293713","targetHints":{"allow":["GET"]}}],"collection":[{"href":"https:\/\/ecosupplements.be\/fr\/wp-json\/wp\/v2\/product"}],"about":[{"href":"https:\/\/ecosupplements.be\/fr\/wp-json\/wp\/v2\/types\/product"}],"replies":[{"embeddable":true,"href":"https:\/\/ecosupplements.be\/fr\/wp-json\/wp\/v2\/comments?post=293713"}],"wp:featuredmedia":[{"embeddable":true,"href":"https:\/\/ecosupplements.be\/fr\/wp-json\/wp\/v2\/media\/250498"}],"wp:attachment":[{"href":"https:\/\/ecosupplements.be\/fr\/wp-json\/wp\/v2\/media?parent=293713"}],"wp:term":[{"taxonomy":"product_brand","embeddable":true,"href":"https:\/\/ecosupplements.be\/fr\/wp-json\/wp\/v2\/product_brand?post=293713"},{"taxonomy":"product_cat","embeddable":true,"href":"https:\/\/ecosupplements.be\/fr\/wp-json\/wp\/v2\/product_cat?post=293713"},{"taxonomy":"product_tag","embeddable":true,"href":"https:\/\/ecosupplements.be\/fr\/wp-json\/wp\/v2\/product_tag?post=293713"}],"curies":[{"name":"wp","href":"https:\/\/api.w.org\/{rel}","templated":true}]}}