{"id":293794,"date":"2022-06-28T10:30:30","date_gmt":"2022-06-28T09:30:30","guid":{"rendered":"https:\/\/ecosupplements.be\/product\/kelateret-kobber-100-tabletter\/"},"modified":"2025-08-27T16:09:29","modified_gmt":"2025-08-27T15:09:29","slug":"kelateret-kobber-100-tabletter","status":"publish","type":"product","link":"https:\/\/ecosupplements.be\/fr\/produit\/kelateret-kobber-100-tabletter\/","title":{"rendered":"Cuivre ch\u00e9lat\u00e9 &#8211; 100 comprim\u00e9s"},"content":{"rendered":"<h2>Egenskaber<\/h2>\n<ul>\n<li>Underst\u00f8tter immunsystemet<\/li>\n<li>Fremmer sundt h\u00e5r og hud<\/li>\n<li>Beskytter cellerne mod oxidativ stress og frie radikaler<\/li>\n<li>Unik kelateret form for nemmere optagelse<\/li>\n<li>Vegansk, vegetarisk, kosher<\/li>\n<\/ul>\n<h2>Ingredienser<\/h2>\n<p>Hver tablet indeholder h\u00f8jkvalitets kelateret kobber for optimal optagelse og effektivitet.<\/p>\n<h2>Funktioner og Fordele<\/h2>\n<ol>\n<li><strong>Fremmer en sund stofskifte:<\/strong> Hj\u00e6lper kroppen med at omdanne mad til energi.<\/li>\n<li><strong>Styrker immunforsvaret:<\/strong> Bidrager til et velfungerende immunforsvar ved at underst\u00f8tte dannelsen af r\u00f8de blodlegemer og transporten af jern ind i cellerne.<\/ li><\/ol>\n<ol>&lt;<\/p>\n<li><strong>Antioxidant beskyttelse:<\/strong> Beskytter cellerne mod skader for\u00e5rsaget af frie radikaler og hj\u00e6lper med at forebygge tidlig aldring.<\/ li=\"\"><\/ ol=\"\">\n<ol>&lt;<\/p>\n<li><strong>Opretholder sundt h\u00e5r og hud:<\/strong> Kobber er essentielt for at bevare et sundt h\u00e5r og hud. <\/ li=\"\"><\/ ol=\"\"><br \/>\n<h2>N\u00e6ringsinformation <\/h2>\n<table>\n<tr>\n<th>N\u00e6ringsstof <\/th>\n<th>M\u00e6ngde per tablet <\/th>\n<\/tr>\n<tr>\n<td>Kelateret Kobber <\/td>\n<td>2 mg <\/td>\n<\/tr>\n<\/table>\n<h3>Anbefalet brug <\/h3>\n<p>Tagen tablet dagligt sammen med et m\u00e5ltid eller efter anvisninger fra din sundhedspersonale. For optimale resultater kombineres det med en varieret kost rig p\u00e5 kobberholdige f\u00f8devarer. <\/p>\n<div class=\"tag-container\">\n<img decoding=\"async\" src=\"https:\/\/ecosuppdenmark.wpengine.com\/wp-content\/uploads\/2022\/02\/gluten-free-1.png\" title=\"Glutenfri\" alt=\"Gluten free\"><br \/>\n<img decoding=\"async\" src=\"https:\/\/ecosuppdenmark.wpengine.com\/wp-content\/uploads\/2022\/02\/sugar-free-1.png\" title=\"Sukkerfri\" alt=\"\"><br \/>\n<img decoding=\"async\" src=\"https:\/\/ecosuppdenmark.wpengine.com\/wp-content\/uploads\/2022\/02\/vegan-1.png\" title=\"Vegansk \" alt=\"\"><br \/>\n<img \/><br \/>\n<img \/><\/div>\n<p>Denne produktbeskrivelse er designet til at fremme generel velv\u00e6re gennem naturlige kosttilskud.<\/p>\n<p>Title: Kelateret kobber &#8211; 100 tabletter<\/p>\n<p>Brand:\u00a0Solgar<\/p>\n<p>EAN:\u00a0033984006409<\/p>\n<p>&nbsp;<\/p>\n","protected":false},"excerpt":{"rendered":"<p>Egenskaber Underst\u00f8tter immunsystemet Fremmer sundt h\u00e5r og hud Beskytter cellerne mod oxidativ stress og frie radikaler Unik kelateret form for nemmere optagelse Vegansk, vegetarisk, kosher Ingredienser Hver tablet indeholder h\u00f8jkvalitets kelateret kobber for optimal optagelse og effektivitet. Funktioner og Fordele Fremmer en sund stofskifte: Hj\u00e6lper kroppen med at omdanne mad til energi. Styrker immunforsvaret: Bidrager [&#8230;]\n","protected":false},"featured_media":255495,"comment_status":"closed","ping_status":"open","template":"","meta":[],"product_brand":[4760],"product_cat":[5064,5053],"product_tag":[],"class_list":{"0":"post-293794","1":"product","2":"type-product","3":"status-publish","4":"has-post-thumbnail","6":"product_brand-solgar-2","7":"product_cat-mineraux-simples","8":"product_cat-vitamines-et-mineraux","10":"first","11":"outofstock","12":"taxable","13":"shipping-taxable","14":"purchasable","15":"product-type-simple"},"yoast_head":"<!-- This site is optimized with the Yoast SEO Premium plugin v27.3 (Yoast SEO v27.3) - https:\/\/yoast.com\/product\/yoast-seo-premium-wordpress\/ -->\n<title>Cuivre ch\u00e9lat\u00e9 - 100 comprim\u00e9s - ECO Supplements<\/title>\n<meta name=\"description\" content=\"Wij hebben een ruime keuze aan producten van Cuivre ch\u00e9lat\u00e9 - 100 comprim\u00e9s . Winkel bij Eco Supplements altijd gratis verzending boven 100\u20ac\" \/>\n<meta name=\"robots\" content=\"index, follow, max-snippet:-1, max-image-preview:large, max-video-preview:-1\" \/>\n<link rel=\"canonical\" href=\"https:\/\/ecosupplements.be\/fr\/produit\/kelateret-kobber-100-tabletter\/\" \/>\n<meta property=\"og:locale\" content=\"fr_FR\" \/>\n<meta property=\"og:type\" content=\"article\" \/>\n<meta property=\"og:title\" content=\"Cuivre ch\u00e9lat\u00e9 - 100 comprim\u00e9s\" \/>\n<meta property=\"og:description\" content=\"Wij hebben een ruime keuze aan producten van Cuivre ch\u00e9lat\u00e9 - 100 comprim\u00e9s . Winkel bij Eco Supplements altijd gratis verzending boven 100\u20ac\" \/>\n<meta property=\"og:url\" content=\"https:\/\/ecosupplements.be\/fr\/produit\/kelateret-kobber-100-tabletter\/\" \/>\n<meta property=\"og:site_name\" content=\"ECO Supplements\" \/>\n<meta property=\"article:modified_time\" content=\"2025-08-27T15:09:29+00:00\" \/>\n<meta property=\"og:image\" content=\"https:\/\/ecosupplements.be\/wp-content\/uploads\/2025\/08\/Chelated-Copper-100-tabs.jpg\" \/>\n\t<meta property=\"og:image:width\" content=\"600\" \/>\n\t<meta property=\"og:image:height\" content=\"600\" \/>\n\t<meta property=\"og:image:type\" content=\"image\/jpeg\" \/>\n<meta name=\"twitter:card\" content=\"summary_large_image\" \/>\n<meta name=\"twitter:label1\" content=\"Prix\" \/>\n\t<meta name=\"twitter:data1\" content=\"16.06&nbsp;&euro;\" \/>\n\t<meta name=\"twitter:label2\" content=\"Disponibilit\u00e9\" \/>\n\t<meta name=\"twitter:data2\" content=\"Rupture de stock\" \/>\n<script type=\"application\/ld+json\" class=\"yoast-schema-graph\">{\"@context\":\"https:\\\/\\\/schema.org\",\"@graph\":[{\"@type\":[\"WebPage\",\"ItemPage\"],\"@id\":\"https:\\\/\\\/ecosupplements.be\\\/fr\\\/produit\\\/kelateret-kobber-100-tabletter\\\/\",\"url\":\"https:\\\/\\\/ecosupplements.be\\\/fr\\\/produit\\\/kelateret-kobber-100-tabletter\\\/\",\"name\":\"Cuivre ch\u00e9lat\u00e9 - 100 comprim\u00e9s - ECO Supplements\",\"isPartOf\":{\"@id\":\"https:\\\/\\\/ecosupplements.be\\\/fr\\\/#website\"},\"primaryImageOfPage\":{\"@id\":\"https:\\\/\\\/ecosupplements.be\\\/fr\\\/produit\\\/kelateret-kobber-100-tabletter\\\/#primaryimage\"},\"image\":{\"@id\":\"https:\\\/\\\/ecosupplements.be\\\/fr\\\/produit\\\/kelateret-kobber-100-tabletter\\\/#primaryimage\"},\"thumbnailUrl\":\"https:\\\/\\\/ecosupplements.be\\\/wp-content\\\/uploads\\\/2025\\\/08\\\/Chelated-Copper-100-tabs.jpg\",\"datePublished\":\"2022-06-28T09:30:30+00:00\",\"dateModified\":\"2025-08-27T15:09:29+00:00\",\"description\":\"Wij hebben een ruime keuze aan producten van Cuivre ch\u00e9lat\u00e9 - 100 comprim\u00e9s . Winkel bij Eco Supplements altijd gratis verzending boven 100\u20ac\",\"breadcrumb\":{\"@id\":\"https:\\\/\\\/ecosupplements.be\\\/fr\\\/produit\\\/kelateret-kobber-100-tabletter\\\/#breadcrumb\"},\"inLanguage\":\"fr-FR\",\"potentialAction\":[{\"@type\":\"ReadAction\",\"target\":[\"https:\\\/\\\/ecosupplements.be\\\/fr\\\/produit\\\/kelateret-kobber-100-tabletter\\\/\"]}]},{\"@type\":\"ImageObject\",\"inLanguage\":\"fr-FR\",\"@id\":\"https:\\\/\\\/ecosupplements.be\\\/fr\\\/produit\\\/kelateret-kobber-100-tabletter\\\/#primaryimage\",\"url\":\"https:\\\/\\\/ecosupplements.be\\\/wp-content\\\/uploads\\\/2025\\\/08\\\/Chelated-Copper-100-tabs.jpg\",\"contentUrl\":\"https:\\\/\\\/ecosupplements.be\\\/wp-content\\\/uploads\\\/2025\\\/08\\\/Chelated-Copper-100-tabs.jpg\",\"width\":600,\"height\":600},{\"@type\":\"BreadcrumbList\",\"@id\":\"https:\\\/\\\/ecosupplements.be\\\/fr\\\/produit\\\/kelateret-kobber-100-tabletter\\\/#breadcrumb\",\"itemListElement\":[{\"@type\":\"ListItem\",\"position\":1,\"name\":\"Home\",\"item\":\"https:\\\/\\\/ecosupplements.be\\\/fr\\\/\"},{\"@type\":\"ListItem\",\"position\":2,\"name\":\"Boutique\",\"item\":\"https:\\\/\\\/ecosupplements.be\\\/fr\\\/boutique\\\/\"},{\"@type\":\"ListItem\",\"position\":3,\"name\":\"Cuivre ch\u00e9lat\u00e9 &#8211; 100 comprim\u00e9s\"}]},{\"@type\":\"WebSite\",\"@id\":\"https:\\\/\\\/ecosupplements.be\\\/fr\\\/#website\",\"url\":\"https:\\\/\\\/ecosupplements.be\\\/fr\\\/\",\"name\":\"ECO Supplements\",\"description\":\"Eco Supplements - Gezonde supplementen\",\"publisher\":{\"@id\":\"https:\\\/\\\/ecosupplements.be\\\/fr\\\/#organization\"},\"potentialAction\":[{\"@type\":\"SearchAction\",\"target\":{\"@type\":\"EntryPoint\",\"urlTemplate\":\"https:\\\/\\\/ecosupplements.be\\\/fr\\\/?s={search_term_string}\"},\"query-input\":{\"@type\":\"PropertyValueSpecification\",\"valueRequired\":true,\"valueName\":\"search_term_string\"}}],\"inLanguage\":\"fr-FR\"},{\"@type\":\"Organization\",\"@id\":\"https:\\\/\\\/ecosupplements.be\\\/fr\\\/#organization\",\"name\":\"Eco Supplements\",\"url\":\"https:\\\/\\\/ecosupplements.be\\\/fr\\\/\",\"logo\":{\"@type\":\"ImageObject\",\"inLanguage\":\"fr-FR\",\"@id\":\"https:\\\/\\\/ecosupplements.be\\\/fr\\\/#\\\/schema\\\/logo\\\/image\\\/\",\"url\":\"https:\\\/\\\/ecosupplements.be\\\/wp-content\\\/uploads\\\/2022\\\/06\\\/ecosupplement-family.png\",\"contentUrl\":\"https:\\\/\\\/ecosupplements.be\\\/wp-content\\\/uploads\\\/2022\\\/06\\\/ecosupplement-family.png\",\"width\":593,\"height\":374,\"caption\":\"Eco Supplements\"},\"image\":{\"@id\":\"https:\\\/\\\/ecosupplements.be\\\/fr\\\/#\\\/schema\\\/logo\\\/image\\\/\"}}]}<\/script>\n<meta property=\"product:brand\" content=\"Solgar\" \/>\n<meta property=\"product:price:amount\" content=\"16.06\" \/>\n<meta property=\"product:price:currency\" content=\"EUR\" \/>\n<meta property=\"og:availability\" content=\"out of stock\" \/>\n<meta property=\"product:availability\" content=\"out of stock\" \/>\n<meta property=\"product:retailer_item_id\" content=\"033984006409\" \/>\n<meta property=\"product:condition\" content=\"new\" \/>\n<!-- \/ Yoast SEO Premium plugin. -->","yoast_head_json":{"title":"Cuivre ch\u00e9lat\u00e9 - 100 comprim\u00e9s - ECO Supplements","description":"Wij hebben een ruime keuze aan producten van Cuivre ch\u00e9lat\u00e9 - 100 comprim\u00e9s . Winkel bij Eco Supplements altijd gratis verzending boven 100\u20ac","robots":{"index":"index","follow":"follow","max-snippet":"max-snippet:-1","max-image-preview":"max-image-preview:large","max-video-preview":"max-video-preview:-1"},"canonical":"https:\/\/ecosupplements.be\/fr\/produit\/kelateret-kobber-100-tabletter\/","og_locale":"fr_FR","og_type":"article","og_title":"Cuivre ch\u00e9lat\u00e9 - 100 comprim\u00e9s","og_description":"Wij hebben een ruime keuze aan producten van Cuivre ch\u00e9lat\u00e9 - 100 comprim\u00e9s . Winkel bij Eco Supplements altijd gratis verzending boven 100\u20ac","og_url":"https:\/\/ecosupplements.be\/fr\/produit\/kelateret-kobber-100-tabletter\/","og_site_name":"ECO Supplements","article_modified_time":"2025-08-27T15:09:29+00:00","og_image":[{"width":600,"height":600,"url":"https:\/\/ecosupplements.be\/wp-content\/uploads\/2025\/08\/Chelated-Copper-100-tabs.jpg","type":"image\/jpeg"}],"twitter_card":"summary_large_image","twitter_misc":{"Prix":"16.06&nbsp;&euro;","Disponibilit\u00e9":"Rupture de stock"},"schema":{"@context":"https:\/\/schema.org","@graph":[{"@type":["WebPage","ItemPage"],"@id":"https:\/\/ecosupplements.be\/fr\/produit\/kelateret-kobber-100-tabletter\/","url":"https:\/\/ecosupplements.be\/fr\/produit\/kelateret-kobber-100-tabletter\/","name":"Cuivre ch\u00e9lat\u00e9 - 100 comprim\u00e9s - ECO Supplements","isPartOf":{"@id":"https:\/\/ecosupplements.be\/fr\/#website"},"primaryImageOfPage":{"@id":"https:\/\/ecosupplements.be\/fr\/produit\/kelateret-kobber-100-tabletter\/#primaryimage"},"image":{"@id":"https:\/\/ecosupplements.be\/fr\/produit\/kelateret-kobber-100-tabletter\/#primaryimage"},"thumbnailUrl":"https:\/\/ecosupplements.be\/wp-content\/uploads\/2025\/08\/Chelated-Copper-100-tabs.jpg","datePublished":"2022-06-28T09:30:30+00:00","dateModified":"2025-08-27T15:09:29+00:00","description":"Wij hebben een ruime keuze aan producten van Cuivre ch\u00e9lat\u00e9 - 100 comprim\u00e9s . Winkel bij Eco Supplements altijd gratis verzending boven 100\u20ac","breadcrumb":{"@id":"https:\/\/ecosupplements.be\/fr\/produit\/kelateret-kobber-100-tabletter\/#breadcrumb"},"inLanguage":"fr-FR","potentialAction":[{"@type":"ReadAction","target":["https:\/\/ecosupplements.be\/fr\/produit\/kelateret-kobber-100-tabletter\/"]}]},{"@type":"ImageObject","inLanguage":"fr-FR","@id":"https:\/\/ecosupplements.be\/fr\/produit\/kelateret-kobber-100-tabletter\/#primaryimage","url":"https:\/\/ecosupplements.be\/wp-content\/uploads\/2025\/08\/Chelated-Copper-100-tabs.jpg","contentUrl":"https:\/\/ecosupplements.be\/wp-content\/uploads\/2025\/08\/Chelated-Copper-100-tabs.jpg","width":600,"height":600},{"@type":"BreadcrumbList","@id":"https:\/\/ecosupplements.be\/fr\/produit\/kelateret-kobber-100-tabletter\/#breadcrumb","itemListElement":[{"@type":"ListItem","position":1,"name":"Home","item":"https:\/\/ecosupplements.be\/fr\/"},{"@type":"ListItem","position":2,"name":"Boutique","item":"https:\/\/ecosupplements.be\/fr\/boutique\/"},{"@type":"ListItem","position":3,"name":"Cuivre ch\u00e9lat\u00e9 &#8211; 100 comprim\u00e9s"}]},{"@type":"WebSite","@id":"https:\/\/ecosupplements.be\/fr\/#website","url":"https:\/\/ecosupplements.be\/fr\/","name":"ECO Supplements","description":"Eco Supplements - Gezonde supplementen","publisher":{"@id":"https:\/\/ecosupplements.be\/fr\/#organization"},"potentialAction":[{"@type":"SearchAction","target":{"@type":"EntryPoint","urlTemplate":"https:\/\/ecosupplements.be\/fr\/?s={search_term_string}"},"query-input":{"@type":"PropertyValueSpecification","valueRequired":true,"valueName":"search_term_string"}}],"inLanguage":"fr-FR"},{"@type":"Organization","@id":"https:\/\/ecosupplements.be\/fr\/#organization","name":"Eco Supplements","url":"https:\/\/ecosupplements.be\/fr\/","logo":{"@type":"ImageObject","inLanguage":"fr-FR","@id":"https:\/\/ecosupplements.be\/fr\/#\/schema\/logo\/image\/","url":"https:\/\/ecosupplements.be\/wp-content\/uploads\/2022\/06\/ecosupplement-family.png","contentUrl":"https:\/\/ecosupplements.be\/wp-content\/uploads\/2022\/06\/ecosupplement-family.png","width":593,"height":374,"caption":"Eco Supplements"},"image":{"@id":"https:\/\/ecosupplements.be\/fr\/#\/schema\/logo\/image\/"}}]},"product_brand":"Solgar","product_price_amount":"16.06","product_price_currency":"EUR","og_availability":"out of stock","product_availability":"out of stock","product_retailer_item_id":"033984006409","product_condition":"new"},"_links":{"self":[{"href":"https:\/\/ecosupplements.be\/fr\/wp-json\/wp\/v2\/product\/293794","targetHints":{"allow":["GET"]}}],"collection":[{"href":"https:\/\/ecosupplements.be\/fr\/wp-json\/wp\/v2\/product"}],"about":[{"href":"https:\/\/ecosupplements.be\/fr\/wp-json\/wp\/v2\/types\/product"}],"replies":[{"embeddable":true,"href":"https:\/\/ecosupplements.be\/fr\/wp-json\/wp\/v2\/comments?post=293794"}],"wp:featuredmedia":[{"embeddable":true,"href":"https:\/\/ecosupplements.be\/fr\/wp-json\/wp\/v2\/media\/255495"}],"wp:attachment":[{"href":"https:\/\/ecosupplements.be\/fr\/wp-json\/wp\/v2\/media?parent=293794"}],"wp:term":[{"taxonomy":"product_brand","embeddable":true,"href":"https:\/\/ecosupplements.be\/fr\/wp-json\/wp\/v2\/product_brand?post=293794"},{"taxonomy":"product_cat","embeddable":true,"href":"https:\/\/ecosupplements.be\/fr\/wp-json\/wp\/v2\/product_cat?post=293794"},{"taxonomy":"product_tag","embeddable":true,"href":"https:\/\/ecosupplements.be\/fr\/wp-json\/wp\/v2\/product_tag?post=293794"}],"curies":[{"name":"wp","href":"https:\/\/api.w.org\/{rel}","templated":true}]}}