{"id":293800,"date":"2022-06-28T10:30:49","date_gmt":"2022-06-28T09:30:49","guid":{"rendered":"https:\/\/ecosupplements.be\/product\/fuldspektret-omega-120-blode-kapsler\/"},"modified":"2025-08-27T16:09:44","modified_gmt":"2025-08-27T15:09:44","slug":"fuldspektret-omega-120-blode-kapsler","status":"publish","type":"product","link":"https:\/\/ecosupplements.be\/fr\/produit\/fuldspektret-omega-120-blode-kapsler\/","title":{"rendered":"Om\u00e9ga-3 \u00e0 spectre complet &#8211; 120 capsules molles"},"content":{"rendered":"<h1 style=\"text-align: center\">Solgar &#8211; Fuldspektret Omega<\/h1>\n<p>Med vores Fuldspektret Omega fra vildt fanget Alaskan laks, f\u00e5r du et naturligt kosttilskud rig p\u00e5 omega-fedtsyrer. Dette produkt er designet til at fremme en sund livsstil ved at underst\u00f8tte hjertesundhed og generel velv\u00e6re. Det indeholder ogs\u00e5 vitamin D3, som bidrager til immunsystemets normale funktion og astaxanthin, kendt for sine antioxidante egenskaber.<\/p>\n<p>Omega-fedtsyrer fra fiskeolie, herunder EPA og DHA, er anerkendt for deres evne til at hj\u00e6lpe med at opretholde normale triglyceridniveauer i blodet indenfor sunde gr\u00e6nser. Disse essentielle n\u00e6ringsstoffer st\u00f8tter ogs\u00e5 normal hjernefunktion og syn samt hjertets normale funktion. Vitamin D3 i dette supplement bidrager yderligere til opretholdelse af normal knogle- og muskelfunktion samt tandsundhed.<\/p>\n<h2>Produktegenskaber og Fordele<\/h2>\n<ol>\n<li>EPA og DHA bidrager til:\n<ul>\n<li>Normal hjerte- og hjernefunktion<\/li>\n<li>Opretholdelse af normale triglyceridniveauer i blodet<\/li>\n<\/ul>\n<\/li>\n<li>Anbefalet daglig dosis b\u00f8r ikke overskride 5 g EPA og DHA tilsammen.<\/li>\n<li>Vitamin D3 underst\u00f8tter:\n<ul>\n<li>Normal optagelse\/udnyttelse af kalcium og fosfor<\/li>\n<li>Kalciumniveauer i blodet<\/li>\n<\/ul>\n<\/li>\n<\/ol>\n<h3>Ingredienser:<\/h3>\n<p>Vild Alaskan Laksolie, Vitamin D3, Astaxanthin.<\/p>\n<h3>N\u00e6ringsinformation:<\/h3>\n<table>\n<tr>\n<th>N\u00e6ringsstof:<\/th>\n<th>M\u00e6ngde per portion:<\/th>\n<\/tr>\n<tr>\n<td>EPA (Eicosapentaenoic Acid)<\/td>\n<td>180 mg<\/td>\n<\/tr>\n<tr>\n<td>DHA (Docosahexaenoic Acid)<\/td>\n<td>220 mg<\/td>\n<p><\/ tr ><\/p>\n<tr>\n<td>VitaminD<sub \/>D33<\/p>\n<td>&lt;25 \u00b5g<\/p>\n<td \/><\/table>\n<div class=\"tag-container\"><img decoding=\"async\" src=\"https:\/\/ecosuppdenmark.wpengine.com\/wp-content\/uploads\/2022\/02\/gluten-free-1.png\" title=\"Glutenfri\" alt=\"Gluten free\"><\/div>\n<p>Fuldend din daglige sundhedsrutine med \u200bFuldspektret Omega for en balanceret st\u00f8tte til dit velv\u00e6re.<\/p>\n<p>Title: Fuldspektret Omega &#8211; 120 bl\u00f8de kapsler<\/p>\n<p>Brand:\u00a0Solgar<\/p>\n<p>EAN:\u00a0033984011106<\/p>\n<p>&nbsp;<\/p>\n","protected":false},"excerpt":{"rendered":"<p>Solgar &#8211; Fuldspektret Omega Med vores Fuldspektret Omega fra vildt fanget Alaskan laks, f\u00e5r du et naturligt kosttilskud rig p\u00e5 omega-fedtsyrer. Dette produkt er designet til at fremme en sund livsstil ved at underst\u00f8tte hjertesundhed og generel velv\u00e6re. Det indeholder ogs\u00e5 vitamin D3, som bidrager til immunsystemets normale funktion og astaxanthin, kendt for sine antioxidante [&#8230;]\n","protected":false},"featured_media":255566,"comment_status":"open","ping_status":"open","template":"","meta":[],"product_brand":[4760],"product_cat":[5082,5053],"product_tag":[],"class_list":{"0":"post-293800","1":"product","2":"type-product","3":"status-publish","4":"has-post-thumbnail","6":"product_brand-solgar-2","7":"product_cat-omegas-efa-cla-huiles","8":"product_cat-vitamines-et-mineraux","10":"first","11":"instock","12":"taxable","13":"shipping-taxable","14":"purchasable","15":"product-type-simple"},"yoast_head":"<!-- This site is optimized with the Yoast SEO Premium plugin v27.3 (Yoast SEO v27.3) - https:\/\/yoast.com\/product\/yoast-seo-premium-wordpress\/ -->\n<title>Om\u00e9ga-3 \u00e0 spectre complet - 120 capsules molles - ECO Supplements<\/title>\n<meta name=\"description\" content=\"Wij hebben een ruime keuze aan producten van Om\u00e9ga-3 \u00e0 spectre complet - 120 capsules molles . Winkel bij Eco Supplements altijd gratis verzending boven 100\u20ac\" \/>\n<meta name=\"robots\" content=\"index, follow, max-snippet:-1, max-image-preview:large, max-video-preview:-1\" \/>\n<link rel=\"canonical\" href=\"https:\/\/ecosupplements.be\/fr\/produit\/fuldspektret-omega-120-blode-kapsler\/\" \/>\n<meta property=\"og:locale\" content=\"fr_FR\" \/>\n<meta property=\"og:type\" content=\"article\" \/>\n<meta property=\"og:title\" content=\"Om\u00e9ga-3 \u00e0 spectre complet - 120 capsules molles\" \/>\n<meta property=\"og:description\" content=\"Wij hebben een ruime keuze aan producten van Om\u00e9ga-3 \u00e0 spectre complet - 120 capsules molles . Winkel bij Eco Supplements altijd gratis verzending boven 100\u20ac\" \/>\n<meta property=\"og:url\" content=\"https:\/\/ecosupplements.be\/fr\/produit\/fuldspektret-omega-120-blode-kapsler\/\" \/>\n<meta property=\"og:site_name\" content=\"ECO Supplements\" \/>\n<meta property=\"article:modified_time\" content=\"2025-08-27T15:09:44+00:00\" \/>\n<meta property=\"og:image\" content=\"https:\/\/ecosupplements.be\/wp-content\/uploads\/2025\/08\/Solgar-Full-Spectrum-Omega.jpg\" \/>\n\t<meta property=\"og:image:width\" content=\"750\" \/>\n\t<meta property=\"og:image:height\" content=\"750\" \/>\n\t<meta property=\"og:image:type\" content=\"image\/jpeg\" \/>\n<meta name=\"twitter:card\" content=\"summary_large_image\" \/>\n<meta name=\"twitter:label1\" content=\"Prix\" \/>\n\t<meta name=\"twitter:data1\" content=\"52.79&nbsp;&euro;\" \/>\n\t<meta name=\"twitter:label2\" content=\"Disponibilit\u00e9\" \/>\n\t<meta name=\"twitter:data2\" content=\"En stock\" \/>\n<script type=\"application\/ld+json\" class=\"yoast-schema-graph\">{\"@context\":\"https:\\\/\\\/schema.org\",\"@graph\":[{\"@type\":[\"WebPage\",\"ItemPage\"],\"@id\":\"https:\\\/\\\/ecosupplements.be\\\/fr\\\/produit\\\/fuldspektret-omega-120-blode-kapsler\\\/\",\"url\":\"https:\\\/\\\/ecosupplements.be\\\/fr\\\/produit\\\/fuldspektret-omega-120-blode-kapsler\\\/\",\"name\":\"Om\u00e9ga-3 \u00e0 spectre complet - 120 capsules molles - ECO Supplements\",\"isPartOf\":{\"@id\":\"https:\\\/\\\/ecosupplements.be\\\/fr\\\/#website\"},\"primaryImageOfPage\":{\"@id\":\"https:\\\/\\\/ecosupplements.be\\\/fr\\\/produit\\\/fuldspektret-omega-120-blode-kapsler\\\/#primaryimage\"},\"image\":{\"@id\":\"https:\\\/\\\/ecosupplements.be\\\/fr\\\/produit\\\/fuldspektret-omega-120-blode-kapsler\\\/#primaryimage\"},\"thumbnailUrl\":\"https:\\\/\\\/ecosupplements.be\\\/wp-content\\\/uploads\\\/2025\\\/08\\\/Solgar-Full-Spectrum-Omega.jpg\",\"datePublished\":\"2022-06-28T09:30:49+00:00\",\"dateModified\":\"2025-08-27T15:09:44+00:00\",\"description\":\"Wij hebben een ruime keuze aan producten van Om\u00e9ga-3 \u00e0 spectre complet - 120 capsules molles . Winkel bij Eco Supplements altijd gratis verzending boven 100\u20ac\",\"breadcrumb\":{\"@id\":\"https:\\\/\\\/ecosupplements.be\\\/fr\\\/produit\\\/fuldspektret-omega-120-blode-kapsler\\\/#breadcrumb\"},\"inLanguage\":\"fr-FR\",\"potentialAction\":[{\"@type\":\"ReadAction\",\"target\":[\"https:\\\/\\\/ecosupplements.be\\\/fr\\\/produit\\\/fuldspektret-omega-120-blode-kapsler\\\/\"]}]},{\"@type\":\"ImageObject\",\"inLanguage\":\"fr-FR\",\"@id\":\"https:\\\/\\\/ecosupplements.be\\\/fr\\\/produit\\\/fuldspektret-omega-120-blode-kapsler\\\/#primaryimage\",\"url\":\"https:\\\/\\\/ecosupplements.be\\\/wp-content\\\/uploads\\\/2025\\\/08\\\/Solgar-Full-Spectrum-Omega.jpg\",\"contentUrl\":\"https:\\\/\\\/ecosupplements.be\\\/wp-content\\\/uploads\\\/2025\\\/08\\\/Solgar-Full-Spectrum-Omega.jpg\",\"width\":750,\"height\":750},{\"@type\":\"BreadcrumbList\",\"@id\":\"https:\\\/\\\/ecosupplements.be\\\/fr\\\/produit\\\/fuldspektret-omega-120-blode-kapsler\\\/#breadcrumb\",\"itemListElement\":[{\"@type\":\"ListItem\",\"position\":1,\"name\":\"Home\",\"item\":\"https:\\\/\\\/ecosupplements.be\\\/fr\\\/\"},{\"@type\":\"ListItem\",\"position\":2,\"name\":\"Boutique\",\"item\":\"https:\\\/\\\/ecosupplements.be\\\/fr\\\/boutique\\\/\"},{\"@type\":\"ListItem\",\"position\":3,\"name\":\"Om\u00e9ga-3 \u00e0 spectre complet &#8211; 120 capsules molles\"}]},{\"@type\":\"WebSite\",\"@id\":\"https:\\\/\\\/ecosupplements.be\\\/fr\\\/#website\",\"url\":\"https:\\\/\\\/ecosupplements.be\\\/fr\\\/\",\"name\":\"ECO Supplements\",\"description\":\"Eco Supplements - Gezonde supplementen\",\"publisher\":{\"@id\":\"https:\\\/\\\/ecosupplements.be\\\/fr\\\/#organization\"},\"potentialAction\":[{\"@type\":\"SearchAction\",\"target\":{\"@type\":\"EntryPoint\",\"urlTemplate\":\"https:\\\/\\\/ecosupplements.be\\\/fr\\\/?s={search_term_string}\"},\"query-input\":{\"@type\":\"PropertyValueSpecification\",\"valueRequired\":true,\"valueName\":\"search_term_string\"}}],\"inLanguage\":\"fr-FR\"},{\"@type\":\"Organization\",\"@id\":\"https:\\\/\\\/ecosupplements.be\\\/fr\\\/#organization\",\"name\":\"Eco Supplements\",\"url\":\"https:\\\/\\\/ecosupplements.be\\\/fr\\\/\",\"logo\":{\"@type\":\"ImageObject\",\"inLanguage\":\"fr-FR\",\"@id\":\"https:\\\/\\\/ecosupplements.be\\\/fr\\\/#\\\/schema\\\/logo\\\/image\\\/\",\"url\":\"https:\\\/\\\/ecosupplements.be\\\/wp-content\\\/uploads\\\/2022\\\/06\\\/ecosupplement-family.png\",\"contentUrl\":\"https:\\\/\\\/ecosupplements.be\\\/wp-content\\\/uploads\\\/2022\\\/06\\\/ecosupplement-family.png\",\"width\":593,\"height\":374,\"caption\":\"Eco Supplements\"},\"image\":{\"@id\":\"https:\\\/\\\/ecosupplements.be\\\/fr\\\/#\\\/schema\\\/logo\\\/image\\\/\"}}]}<\/script>\n<meta property=\"product:brand\" content=\"Solgar\" \/>\n<meta property=\"product:price:amount\" content=\"52.79\" \/>\n<meta property=\"product:price:currency\" content=\"EUR\" \/>\n<meta property=\"og:availability\" content=\"instock\" \/>\n<meta property=\"product:availability\" content=\"instock\" \/>\n<meta property=\"product:retailer_item_id\" content=\"033984011106\" \/>\n<meta property=\"product:condition\" content=\"new\" \/>\n<!-- \/ Yoast SEO Premium plugin. -->","yoast_head_json":{"title":"Om\u00e9ga-3 \u00e0 spectre complet - 120 capsules molles - ECO Supplements","description":"Wij hebben een ruime keuze aan producten van Om\u00e9ga-3 \u00e0 spectre complet - 120 capsules molles . Winkel bij Eco Supplements altijd gratis verzending boven 100\u20ac","robots":{"index":"index","follow":"follow","max-snippet":"max-snippet:-1","max-image-preview":"max-image-preview:large","max-video-preview":"max-video-preview:-1"},"canonical":"https:\/\/ecosupplements.be\/fr\/produit\/fuldspektret-omega-120-blode-kapsler\/","og_locale":"fr_FR","og_type":"article","og_title":"Om\u00e9ga-3 \u00e0 spectre complet - 120 capsules molles","og_description":"Wij hebben een ruime keuze aan producten van Om\u00e9ga-3 \u00e0 spectre complet - 120 capsules molles . Winkel bij Eco Supplements altijd gratis verzending boven 100\u20ac","og_url":"https:\/\/ecosupplements.be\/fr\/produit\/fuldspektret-omega-120-blode-kapsler\/","og_site_name":"ECO Supplements","article_modified_time":"2025-08-27T15:09:44+00:00","og_image":[{"width":750,"height":750,"url":"https:\/\/ecosupplements.be\/wp-content\/uploads\/2025\/08\/Solgar-Full-Spectrum-Omega.jpg","type":"image\/jpeg"}],"twitter_card":"summary_large_image","twitter_misc":{"Prix":"52.79&nbsp;&euro;","Disponibilit\u00e9":"En stock"},"schema":{"@context":"https:\/\/schema.org","@graph":[{"@type":["WebPage","ItemPage"],"@id":"https:\/\/ecosupplements.be\/fr\/produit\/fuldspektret-omega-120-blode-kapsler\/","url":"https:\/\/ecosupplements.be\/fr\/produit\/fuldspektret-omega-120-blode-kapsler\/","name":"Om\u00e9ga-3 \u00e0 spectre complet - 120 capsules molles - ECO Supplements","isPartOf":{"@id":"https:\/\/ecosupplements.be\/fr\/#website"},"primaryImageOfPage":{"@id":"https:\/\/ecosupplements.be\/fr\/produit\/fuldspektret-omega-120-blode-kapsler\/#primaryimage"},"image":{"@id":"https:\/\/ecosupplements.be\/fr\/produit\/fuldspektret-omega-120-blode-kapsler\/#primaryimage"},"thumbnailUrl":"https:\/\/ecosupplements.be\/wp-content\/uploads\/2025\/08\/Solgar-Full-Spectrum-Omega.jpg","datePublished":"2022-06-28T09:30:49+00:00","dateModified":"2025-08-27T15:09:44+00:00","description":"Wij hebben een ruime keuze aan producten van Om\u00e9ga-3 \u00e0 spectre complet - 120 capsules molles . Winkel bij Eco Supplements altijd gratis verzending boven 100\u20ac","breadcrumb":{"@id":"https:\/\/ecosupplements.be\/fr\/produit\/fuldspektret-omega-120-blode-kapsler\/#breadcrumb"},"inLanguage":"fr-FR","potentialAction":[{"@type":"ReadAction","target":["https:\/\/ecosupplements.be\/fr\/produit\/fuldspektret-omega-120-blode-kapsler\/"]}]},{"@type":"ImageObject","inLanguage":"fr-FR","@id":"https:\/\/ecosupplements.be\/fr\/produit\/fuldspektret-omega-120-blode-kapsler\/#primaryimage","url":"https:\/\/ecosupplements.be\/wp-content\/uploads\/2025\/08\/Solgar-Full-Spectrum-Omega.jpg","contentUrl":"https:\/\/ecosupplements.be\/wp-content\/uploads\/2025\/08\/Solgar-Full-Spectrum-Omega.jpg","width":750,"height":750},{"@type":"BreadcrumbList","@id":"https:\/\/ecosupplements.be\/fr\/produit\/fuldspektret-omega-120-blode-kapsler\/#breadcrumb","itemListElement":[{"@type":"ListItem","position":1,"name":"Home","item":"https:\/\/ecosupplements.be\/fr\/"},{"@type":"ListItem","position":2,"name":"Boutique","item":"https:\/\/ecosupplements.be\/fr\/boutique\/"},{"@type":"ListItem","position":3,"name":"Om\u00e9ga-3 \u00e0 spectre complet &#8211; 120 capsules molles"}]},{"@type":"WebSite","@id":"https:\/\/ecosupplements.be\/fr\/#website","url":"https:\/\/ecosupplements.be\/fr\/","name":"ECO Supplements","description":"Eco Supplements - Gezonde supplementen","publisher":{"@id":"https:\/\/ecosupplements.be\/fr\/#organization"},"potentialAction":[{"@type":"SearchAction","target":{"@type":"EntryPoint","urlTemplate":"https:\/\/ecosupplements.be\/fr\/?s={search_term_string}"},"query-input":{"@type":"PropertyValueSpecification","valueRequired":true,"valueName":"search_term_string"}}],"inLanguage":"fr-FR"},{"@type":"Organization","@id":"https:\/\/ecosupplements.be\/fr\/#organization","name":"Eco Supplements","url":"https:\/\/ecosupplements.be\/fr\/","logo":{"@type":"ImageObject","inLanguage":"fr-FR","@id":"https:\/\/ecosupplements.be\/fr\/#\/schema\/logo\/image\/","url":"https:\/\/ecosupplements.be\/wp-content\/uploads\/2022\/06\/ecosupplement-family.png","contentUrl":"https:\/\/ecosupplements.be\/wp-content\/uploads\/2022\/06\/ecosupplement-family.png","width":593,"height":374,"caption":"Eco Supplements"},"image":{"@id":"https:\/\/ecosupplements.be\/fr\/#\/schema\/logo\/image\/"}}]},"product_brand":"Solgar","product_price_amount":"52.79","product_price_currency":"EUR","og_availability":"instock","product_availability":"instock","product_retailer_item_id":"033984011106","product_condition":"new"},"_links":{"self":[{"href":"https:\/\/ecosupplements.be\/fr\/wp-json\/wp\/v2\/product\/293800","targetHints":{"allow":["GET"]}}],"collection":[{"href":"https:\/\/ecosupplements.be\/fr\/wp-json\/wp\/v2\/product"}],"about":[{"href":"https:\/\/ecosupplements.be\/fr\/wp-json\/wp\/v2\/types\/product"}],"replies":[{"embeddable":true,"href":"https:\/\/ecosupplements.be\/fr\/wp-json\/wp\/v2\/comments?post=293800"}],"wp:featuredmedia":[{"embeddable":true,"href":"https:\/\/ecosupplements.be\/fr\/wp-json\/wp\/v2\/media\/255566"}],"wp:attachment":[{"href":"https:\/\/ecosupplements.be\/fr\/wp-json\/wp\/v2\/media?parent=293800"}],"wp:term":[{"taxonomy":"product_brand","embeddable":true,"href":"https:\/\/ecosupplements.be\/fr\/wp-json\/wp\/v2\/product_brand?post=293800"},{"taxonomy":"product_cat","embeddable":true,"href":"https:\/\/ecosupplements.be\/fr\/wp-json\/wp\/v2\/product_cat?post=293800"},{"taxonomy":"product_tag","embeddable":true,"href":"https:\/\/ecosupplements.be\/fr\/wp-json\/wp\/v2\/product_tag?post=293800"}],"curies":[{"name":"wp","href":"https:\/\/api.w.org\/{rel}","templated":true}]}}