{"id":294285,"date":"2022-08-26T13:20:29","date_gmt":"2022-08-26T12:20:29","guid":{"rendered":"https:\/\/ecosupplements.be\/product\/vegansk-vitamin-d3-125-mcg-60-kapsler\/"},"modified":"2025-08-27T17:52:52","modified_gmt":"2025-08-27T16:52:52","slug":"vegansk-vitamin-d3-125-mcg-60-kapsler","status":"publish","type":"product","link":"https:\/\/ecosupplements.be\/fr\/produit\/vegansk-vitamin-d3-125-mcg-60-kapsler\/","title":{"rendered":"Vitamine D3 v\u00e9g\u00e9talienne, 125 mcg &#8211; 60 capsules"},"content":{"rendered":"<h1 style=\"text-align: center\">Life Extension &#8211; Vegansk Vitamin D3<\/h1>\n<p>Opn\u00e5 daglig velv\u00e6re med vores 100% veganske Vitamin D3, designet til at underst\u00f8tte en sund livsstil uden brug af animalske biprodukter. Vores formel er ideel for veganere og vegetarer, der s\u00f8ger at supplere deres kost med essentielle n\u00e6ringsstoffer direkte inspireret af naturens kraft \u2013 solens energi.<\/p>\n<p>Vegansk Vitamin D3 Fordele:<br \/>\n&#8211; Underst\u00f8tter kognitiv funktion og sund knoglet\u00e6thed.<br \/>\n&#8211; Bidrager til opretholdelse af et robust immunforsvar.<br \/>\n&#8211; Fri for animalske biprodukter, hvilket g\u00f8r det ideelt for veganere og vegetarer.<\/p>\n<p><img decoding=\"async\" src=\"https:\/\/ecosupplements.be\/wp-content\/uploads\/2024\/11\/gluten-free-1.png\" title=\"Glutenfri\" alt=\"Gluten free\"><img title=\"Ikke-GMO\" alt=\"Non-GMO\"><img decoding=\"async\" src=\"https:\/\/ecosupplements.be\/wp-content\/uploads\/2025\/08\/vegan-1-3.png\" title=\"\" alt=\"\"><img><\/p>\n<p>Supplerende fakta:<br \/>\nPortionsst\u00f8rrelse: 1 vegansk kapsel<br \/>\nPortioner pr. beholder: 60<br \/>\nM\u00e6ngde pr. Portion:<br \/> <br \/>\nVitamin D3 (som cholecalciferol fra alger) 125mcg (625%)<br \/> <br \/>\nAndre ingredienser i Vegansk D3-vitamin:<br \/> <br \/>\nmikrokrystallinsk cellulose, vegetabilsk cellulose (kapsel), tapioka stivelse, arabisk gummi, mellemk\u00e6dede triglycerider, vegetabilsk stearat , silica , ascorbinsyre , tricalciumphosphat .<\/p>\n<p>Anbefalet brug af Vegansk D3-vitamin:<br \/> <br \/>\nTag en (1) kapsel dagligt sammen med mad eller som anbefalet af din sundhedsr\u00e5dgiver.<\/p>\n<p>Advarsler:<br \/> <br \/>\nPersoner der indtager mere end 50 mcg (2000 IE)\/dag fra alle kilder b\u00f8r overv\u00e5ge deres serum 25-hydroxyvitamin D-niveau regelm\u00e6ssigt. Overskrid ikke anbefalede doseringer uden l\u00e6gelig vejledning. Ikke egnet til personer med h\u00f8jt calciumniveau i blodet.<br \/> Opbevar utilg\u00e6ngeligt for b\u00f8rn . M\u00e5 ikke anvendes hvis den ydre forsegling er beskadiget eller mangler . Konsulter din l\u00e6ge f\u00f8r brug hvis du har en medicinsk tilstand eller er gravid\/ammer.<br \/> Opbevares t\u00e6t lukket p\u00e5 et k\u00f8ligt , t\u00f8rt sted.<\/p>\n<p>Title: Vegansk vitamin D3, 125 mcg &#8211; 60 kapsler<\/p>\n<p>Brand:\u00a0Life Extension<\/p>\n<p>EAN:\u00a0737870242260<\/p>\n<p>&nbsp;<\/p>\n","protected":false},"excerpt":{"rendered":"<p>Life Extension &#8211; Vegansk Vitamin D3 Opn\u00e5 daglig velv\u00e6re med vores 100% veganske Vitamin D3, designet til at underst\u00f8tte en sund livsstil uden brug af animalske biprodukter. Vores formel er ideel for veganere og vegetarer, der s\u00f8ger at supplere deres kost med essentielle n\u00e6ringsstoffer direkte inspireret af naturens kraft \u2013 solens energi. Vegansk Vitamin D3 [&#8230;]\n","protected":false},"featured_media":260683,"comment_status":"open","ping_status":"open","template":"","meta":[],"product_brand":[4723],"product_cat":[5052],"product_tag":[],"class_list":{"0":"post-294285","1":"product","2":"type-product","3":"status-publish","4":"has-post-thumbnail","6":"product_brand-life-extension-2","7":"product_cat-sante-et-bien-etre","9":"first","10":"instock","11":"taxable","12":"shipping-taxable","13":"purchasable","14":"product-type-simple"},"yoast_head":"<!-- This site is optimized with the Yoast SEO Premium plugin v27.3 (Yoast SEO v27.3) - https:\/\/yoast.com\/product\/yoast-seo-premium-wordpress\/ -->\n<title>Vitamine D3 v\u00e9g\u00e9talienne, 125 mcg - 60 capsules - ECO Supplements<\/title>\n<meta name=\"description\" content=\"Wij hebben een ruime keuze aan producten van Vitamine D3 v\u00e9g\u00e9talienne, 125 mcg - 60 capsules . Winkel bij Eco Supplements altijd gratis verzending boven 100\u20ac\" \/>\n<meta name=\"robots\" content=\"index, follow, max-snippet:-1, max-image-preview:large, max-video-preview:-1\" \/>\n<link rel=\"canonical\" href=\"https:\/\/ecosupplements.be\/fr\/produit\/vegansk-vitamin-d3-125-mcg-60-kapsler\/\" \/>\n<meta property=\"og:locale\" content=\"fr_FR\" \/>\n<meta property=\"og:type\" content=\"article\" \/>\n<meta property=\"og:title\" content=\"Vitamine D3 v\u00e9g\u00e9talienne, 125 mcg - 60 capsules\" \/>\n<meta property=\"og:description\" content=\"Wij hebben een ruime keuze aan producten van Vitamine D3 v\u00e9g\u00e9talienne, 125 mcg - 60 capsules . Winkel bij Eco Supplements altijd gratis verzending boven 100\u20ac\" \/>\n<meta property=\"og:url\" content=\"https:\/\/ecosupplements.be\/fr\/produit\/vegansk-vitamin-d3-125-mcg-60-kapsler\/\" \/>\n<meta property=\"og:site_name\" content=\"ECO Supplements\" \/>\n<meta property=\"article:modified_time\" content=\"2025-08-27T16:52:52+00:00\" \/>\n<meta property=\"og:image\" content=\"https:\/\/ecosupplements.be\/wp-content\/uploads\/2025\/08\/Vegan-Vitamin-D3-125mcg-60-vcaps.jpg\" \/>\n\t<meta property=\"og:image:width\" content=\"200\" \/>\n\t<meta property=\"og:image:height\" content=\"400\" \/>\n\t<meta property=\"og:image:type\" content=\"image\/jpeg\" \/>\n<meta name=\"twitter:card\" content=\"summary_large_image\" \/>\n<meta name=\"twitter:label1\" content=\"Prix\" \/>\n\t<meta name=\"twitter:data1\" content=\"21.78&nbsp;&euro;\" \/>\n\t<meta name=\"twitter:label2\" content=\"Disponibilit\u00e9\" \/>\n\t<meta name=\"twitter:data2\" content=\"En stock\" \/>\n<script type=\"application\/ld+json\" class=\"yoast-schema-graph\">{\"@context\":\"https:\\\/\\\/schema.org\",\"@graph\":[{\"@type\":[\"WebPage\",\"ItemPage\"],\"@id\":\"https:\\\/\\\/ecosupplements.be\\\/fr\\\/produit\\\/vegansk-vitamin-d3-125-mcg-60-kapsler\\\/\",\"url\":\"https:\\\/\\\/ecosupplements.be\\\/fr\\\/produit\\\/vegansk-vitamin-d3-125-mcg-60-kapsler\\\/\",\"name\":\"Vitamine D3 v\u00e9g\u00e9talienne, 125 mcg - 60 capsules - ECO Supplements\",\"isPartOf\":{\"@id\":\"https:\\\/\\\/ecosupplements.be\\\/fr\\\/#website\"},\"primaryImageOfPage\":{\"@id\":\"https:\\\/\\\/ecosupplements.be\\\/fr\\\/produit\\\/vegansk-vitamin-d3-125-mcg-60-kapsler\\\/#primaryimage\"},\"image\":{\"@id\":\"https:\\\/\\\/ecosupplements.be\\\/fr\\\/produit\\\/vegansk-vitamin-d3-125-mcg-60-kapsler\\\/#primaryimage\"},\"thumbnailUrl\":\"https:\\\/\\\/ecosupplements.be\\\/wp-content\\\/uploads\\\/2025\\\/08\\\/Vegan-Vitamin-D3-125mcg-60-vcaps.jpg\",\"datePublished\":\"2022-08-26T12:20:29+00:00\",\"dateModified\":\"2025-08-27T16:52:52+00:00\",\"description\":\"Wij hebben een ruime keuze aan producten van Vitamine D3 v\u00e9g\u00e9talienne, 125 mcg - 60 capsules . Winkel bij Eco Supplements altijd gratis verzending boven 100\u20ac\",\"breadcrumb\":{\"@id\":\"https:\\\/\\\/ecosupplements.be\\\/fr\\\/produit\\\/vegansk-vitamin-d3-125-mcg-60-kapsler\\\/#breadcrumb\"},\"inLanguage\":\"fr-FR\",\"potentialAction\":[{\"@type\":\"ReadAction\",\"target\":[\"https:\\\/\\\/ecosupplements.be\\\/fr\\\/produit\\\/vegansk-vitamin-d3-125-mcg-60-kapsler\\\/\"]}]},{\"@type\":\"ImageObject\",\"inLanguage\":\"fr-FR\",\"@id\":\"https:\\\/\\\/ecosupplements.be\\\/fr\\\/produit\\\/vegansk-vitamin-d3-125-mcg-60-kapsler\\\/#primaryimage\",\"url\":\"https:\\\/\\\/ecosupplements.be\\\/wp-content\\\/uploads\\\/2025\\\/08\\\/Vegan-Vitamin-D3-125mcg-60-vcaps.jpg\",\"contentUrl\":\"https:\\\/\\\/ecosupplements.be\\\/wp-content\\\/uploads\\\/2025\\\/08\\\/Vegan-Vitamin-D3-125mcg-60-vcaps.jpg\",\"width\":200,\"height\":400},{\"@type\":\"BreadcrumbList\",\"@id\":\"https:\\\/\\\/ecosupplements.be\\\/fr\\\/produit\\\/vegansk-vitamin-d3-125-mcg-60-kapsler\\\/#breadcrumb\",\"itemListElement\":[{\"@type\":\"ListItem\",\"position\":1,\"name\":\"Home\",\"item\":\"https:\\\/\\\/ecosupplements.be\\\/fr\\\/\"},{\"@type\":\"ListItem\",\"position\":2,\"name\":\"Boutique\",\"item\":\"https:\\\/\\\/ecosupplements.be\\\/fr\\\/boutique\\\/\"},{\"@type\":\"ListItem\",\"position\":3,\"name\":\"Vitamine D3 v\u00e9g\u00e9talienne, 125 mcg &#8211; 60 capsules\"}]},{\"@type\":\"WebSite\",\"@id\":\"https:\\\/\\\/ecosupplements.be\\\/fr\\\/#website\",\"url\":\"https:\\\/\\\/ecosupplements.be\\\/fr\\\/\",\"name\":\"ECO Supplements\",\"description\":\"Eco Supplements - Gezonde supplementen\",\"publisher\":{\"@id\":\"https:\\\/\\\/ecosupplements.be\\\/fr\\\/#organization\"},\"potentialAction\":[{\"@type\":\"SearchAction\",\"target\":{\"@type\":\"EntryPoint\",\"urlTemplate\":\"https:\\\/\\\/ecosupplements.be\\\/fr\\\/?s={search_term_string}\"},\"query-input\":{\"@type\":\"PropertyValueSpecification\",\"valueRequired\":true,\"valueName\":\"search_term_string\"}}],\"inLanguage\":\"fr-FR\"},{\"@type\":\"Organization\",\"@id\":\"https:\\\/\\\/ecosupplements.be\\\/fr\\\/#organization\",\"name\":\"Eco Supplements\",\"url\":\"https:\\\/\\\/ecosupplements.be\\\/fr\\\/\",\"logo\":{\"@type\":\"ImageObject\",\"inLanguage\":\"fr-FR\",\"@id\":\"https:\\\/\\\/ecosupplements.be\\\/fr\\\/#\\\/schema\\\/logo\\\/image\\\/\",\"url\":\"https:\\\/\\\/ecosupplements.be\\\/wp-content\\\/uploads\\\/2022\\\/06\\\/ecosupplement-family.png\",\"contentUrl\":\"https:\\\/\\\/ecosupplements.be\\\/wp-content\\\/uploads\\\/2022\\\/06\\\/ecosupplement-family.png\",\"width\":593,\"height\":374,\"caption\":\"Eco Supplements\"},\"image\":{\"@id\":\"https:\\\/\\\/ecosupplements.be\\\/fr\\\/#\\\/schema\\\/logo\\\/image\\\/\"}}]}<\/script>\n<meta property=\"product:brand\" content=\"Life Extension\" \/>\n<meta property=\"product:price:amount\" content=\"21.78\" \/>\n<meta property=\"product:price:currency\" content=\"EUR\" \/>\n<meta property=\"og:availability\" content=\"instock\" \/>\n<meta property=\"product:availability\" content=\"instock\" \/>\n<meta property=\"product:retailer_item_id\" content=\"737870242260\" \/>\n<meta property=\"product:condition\" content=\"new\" \/>\n<!-- \/ Yoast SEO Premium plugin. -->","yoast_head_json":{"title":"Vitamine D3 v\u00e9g\u00e9talienne, 125 mcg - 60 capsules - ECO Supplements","description":"Wij hebben een ruime keuze aan producten van Vitamine D3 v\u00e9g\u00e9talienne, 125 mcg - 60 capsules . Winkel bij Eco Supplements altijd gratis verzending boven 100\u20ac","robots":{"index":"index","follow":"follow","max-snippet":"max-snippet:-1","max-image-preview":"max-image-preview:large","max-video-preview":"max-video-preview:-1"},"canonical":"https:\/\/ecosupplements.be\/fr\/produit\/vegansk-vitamin-d3-125-mcg-60-kapsler\/","og_locale":"fr_FR","og_type":"article","og_title":"Vitamine D3 v\u00e9g\u00e9talienne, 125 mcg - 60 capsules","og_description":"Wij hebben een ruime keuze aan producten van Vitamine D3 v\u00e9g\u00e9talienne, 125 mcg - 60 capsules . Winkel bij Eco Supplements altijd gratis verzending boven 100\u20ac","og_url":"https:\/\/ecosupplements.be\/fr\/produit\/vegansk-vitamin-d3-125-mcg-60-kapsler\/","og_site_name":"ECO Supplements","article_modified_time":"2025-08-27T16:52:52+00:00","og_image":[{"width":200,"height":400,"url":"https:\/\/ecosupplements.be\/wp-content\/uploads\/2025\/08\/Vegan-Vitamin-D3-125mcg-60-vcaps.jpg","type":"image\/jpeg"}],"twitter_card":"summary_large_image","twitter_misc":{"Prix":"21.78&nbsp;&euro;","Disponibilit\u00e9":"En stock"},"schema":{"@context":"https:\/\/schema.org","@graph":[{"@type":["WebPage","ItemPage"],"@id":"https:\/\/ecosupplements.be\/fr\/produit\/vegansk-vitamin-d3-125-mcg-60-kapsler\/","url":"https:\/\/ecosupplements.be\/fr\/produit\/vegansk-vitamin-d3-125-mcg-60-kapsler\/","name":"Vitamine D3 v\u00e9g\u00e9talienne, 125 mcg - 60 capsules - ECO Supplements","isPartOf":{"@id":"https:\/\/ecosupplements.be\/fr\/#website"},"primaryImageOfPage":{"@id":"https:\/\/ecosupplements.be\/fr\/produit\/vegansk-vitamin-d3-125-mcg-60-kapsler\/#primaryimage"},"image":{"@id":"https:\/\/ecosupplements.be\/fr\/produit\/vegansk-vitamin-d3-125-mcg-60-kapsler\/#primaryimage"},"thumbnailUrl":"https:\/\/ecosupplements.be\/wp-content\/uploads\/2025\/08\/Vegan-Vitamin-D3-125mcg-60-vcaps.jpg","datePublished":"2022-08-26T12:20:29+00:00","dateModified":"2025-08-27T16:52:52+00:00","description":"Wij hebben een ruime keuze aan producten van Vitamine D3 v\u00e9g\u00e9talienne, 125 mcg - 60 capsules . Winkel bij Eco Supplements altijd gratis verzending boven 100\u20ac","breadcrumb":{"@id":"https:\/\/ecosupplements.be\/fr\/produit\/vegansk-vitamin-d3-125-mcg-60-kapsler\/#breadcrumb"},"inLanguage":"fr-FR","potentialAction":[{"@type":"ReadAction","target":["https:\/\/ecosupplements.be\/fr\/produit\/vegansk-vitamin-d3-125-mcg-60-kapsler\/"]}]},{"@type":"ImageObject","inLanguage":"fr-FR","@id":"https:\/\/ecosupplements.be\/fr\/produit\/vegansk-vitamin-d3-125-mcg-60-kapsler\/#primaryimage","url":"https:\/\/ecosupplements.be\/wp-content\/uploads\/2025\/08\/Vegan-Vitamin-D3-125mcg-60-vcaps.jpg","contentUrl":"https:\/\/ecosupplements.be\/wp-content\/uploads\/2025\/08\/Vegan-Vitamin-D3-125mcg-60-vcaps.jpg","width":200,"height":400},{"@type":"BreadcrumbList","@id":"https:\/\/ecosupplements.be\/fr\/produit\/vegansk-vitamin-d3-125-mcg-60-kapsler\/#breadcrumb","itemListElement":[{"@type":"ListItem","position":1,"name":"Home","item":"https:\/\/ecosupplements.be\/fr\/"},{"@type":"ListItem","position":2,"name":"Boutique","item":"https:\/\/ecosupplements.be\/fr\/boutique\/"},{"@type":"ListItem","position":3,"name":"Vitamine D3 v\u00e9g\u00e9talienne, 125 mcg &#8211; 60 capsules"}]},{"@type":"WebSite","@id":"https:\/\/ecosupplements.be\/fr\/#website","url":"https:\/\/ecosupplements.be\/fr\/","name":"ECO Supplements","description":"Eco Supplements - Gezonde supplementen","publisher":{"@id":"https:\/\/ecosupplements.be\/fr\/#organization"},"potentialAction":[{"@type":"SearchAction","target":{"@type":"EntryPoint","urlTemplate":"https:\/\/ecosupplements.be\/fr\/?s={search_term_string}"},"query-input":{"@type":"PropertyValueSpecification","valueRequired":true,"valueName":"search_term_string"}}],"inLanguage":"fr-FR"},{"@type":"Organization","@id":"https:\/\/ecosupplements.be\/fr\/#organization","name":"Eco Supplements","url":"https:\/\/ecosupplements.be\/fr\/","logo":{"@type":"ImageObject","inLanguage":"fr-FR","@id":"https:\/\/ecosupplements.be\/fr\/#\/schema\/logo\/image\/","url":"https:\/\/ecosupplements.be\/wp-content\/uploads\/2022\/06\/ecosupplement-family.png","contentUrl":"https:\/\/ecosupplements.be\/wp-content\/uploads\/2022\/06\/ecosupplement-family.png","width":593,"height":374,"caption":"Eco Supplements"},"image":{"@id":"https:\/\/ecosupplements.be\/fr\/#\/schema\/logo\/image\/"}}]},"product_brand":"Life Extension","product_price_amount":"21.78","product_price_currency":"EUR","og_availability":"instock","product_availability":"instock","product_retailer_item_id":"737870242260","product_condition":"new"},"_links":{"self":[{"href":"https:\/\/ecosupplements.be\/fr\/wp-json\/wp\/v2\/product\/294285","targetHints":{"allow":["GET"]}}],"collection":[{"href":"https:\/\/ecosupplements.be\/fr\/wp-json\/wp\/v2\/product"}],"about":[{"href":"https:\/\/ecosupplements.be\/fr\/wp-json\/wp\/v2\/types\/product"}],"replies":[{"embeddable":true,"href":"https:\/\/ecosupplements.be\/fr\/wp-json\/wp\/v2\/comments?post=294285"}],"wp:featuredmedia":[{"embeddable":true,"href":"https:\/\/ecosupplements.be\/fr\/wp-json\/wp\/v2\/media\/260683"}],"wp:attachment":[{"href":"https:\/\/ecosupplements.be\/fr\/wp-json\/wp\/v2\/media?parent=294285"}],"wp:term":[{"taxonomy":"product_brand","embeddable":true,"href":"https:\/\/ecosupplements.be\/fr\/wp-json\/wp\/v2\/product_brand?post=294285"},{"taxonomy":"product_cat","embeddable":true,"href":"https:\/\/ecosupplements.be\/fr\/wp-json\/wp\/v2\/product_cat?post=294285"},{"taxonomy":"product_tag","embeddable":true,"href":"https:\/\/ecosupplements.be\/fr\/wp-json\/wp\/v2\/product_tag?post=294285"}],"curies":[{"name":"wp","href":"https:\/\/api.w.org\/{rel}","templated":true}]}}