{"id":295014,"date":"2023-06-16T15:25:34","date_gmt":"2023-06-16T14:25:34","guid":{"rendered":"https:\/\/ecosupplements.be\/product\/nordic-kings-100-graesfodret-okologisk-okselever-180-kapsler\/"},"modified":"2025-08-27T18:08:45","modified_gmt":"2025-08-27T17:08:45","slug":"nordic-kings-100-graesfodret-okologisk-okselever-180-kapsler","status":"publish","type":"product","link":"https:\/\/ecosupplements.be\/fr\/produit\/nordic-kings-100-graesfodret-okologisk-okselever-180-kapsler\/","title":{"rendered":"100% Foie de boeuf biologique nourri \u00e0 l&#8217;herbe des rois nordiques &#8211; 180 capsules"},"content":{"rendered":"<h2>Nordic Kings 100% Gr\u00e6sfodret \u00d8kologisk Okselever &#8211; 180 kapsler<\/h2>\n<p>D\u00e9couvrez les capsules de foie de b\u0153uf biologique et nourri \u00e0 l&#8217;herbe de Nordic Kings, un choix naturel pour ceux qui appr\u00e9cient les ingr\u00e9dients purs et de haute qualit\u00e9. Ces capsules sont con\u00e7ues pour int\u00e9grer facilement dans votre quotidien des \u00e9l\u00e9ments nutritifs issus d&#8217;une source durable et respectueuse de l&#8217;environnement.<\/p>\n<h3>Composition<\/h3>\n<p>Ce produit contient une s\u00e9lection rigoureuse d&#8217;ingr\u00e9dients naturels, dont :<\/p>\n<ul>\n<li>vitamine A \/ R\u00e9tinol<\/li>\n<li>CoQ10<\/li>\n<li>B\u00eata-carot\u00e8ne<\/li>\n<li>Fer h\u00e9mique biodisponible<\/li>\n<li>Vitamine B12<\/li>\n<li>Choline<\/li>\n<li>Folate (forme naturelle de la vitamine B9)<\/li>\n<li>Peptides sp\u00e9cifiques au foie, cofacteurs et enzymes essentiels.<\/ul>\n<p>Ces composants sont extraits avec soin pour maintenir leur puret\u00e9 et leur efficacit\u00e9, sans alt\u00e9ration due \u00e0 des proc\u00e9d\u00e9s industriels lourds.<\/p>\n<h3>caract\u00e9ristiques du produit<\/h3>\n<ul><strong>Packaging :<\/strong><\/p>\n<li>Nombre d&#8217;unit\u00e9s : 180 capsules par flacon.<\/ul>\n<p><strong>Dosage recommand\u00e9 :<\/strong><\/p>\n<p>Ajoutez simplement ces capsules \u00e0 votre routine quotidienne selon les indications sur l&#8217;emballage pour compl\u00e9menter votre alimentation habituelle.<\/p>\n<p><strong>Praticit\u00e9 :<\/strong><\/p>\n<p>Ces capsules sont faciles \u00e0 consommer au quotidien, sans pr\u00e9paration n\u00e9cessaire. Elles offrent une mani\u00e8re simple et directe d&#8217;int\u00e9grer des nutriments naturels dans votre r\u00e9gime alimentaire.<\/p>\n<p><strong>EAN:<\/strong><br \/>\n7350133601647<\/p>\n<p>Nordic Kings s&#8217;engage \u00e0 fournir des produits respectueux de l&#8217;environnement tout en maintenant un standard \u00e9lev\u00e9 en termes de qualit\u00e9 et puret\u00e9. Ce produit est id\u00e9al pour ceux qui cherchent \u00e0 enrichir leur alimentation avec des ingr\u00e9dients authentiques dans le cadre d&#8217;un mode vie actif et conscient.<\/p>\n","protected":false},"excerpt":{"rendered":"<p>Nordic Kings 100% Gr\u00e6sfodret \u00d8kologisk Okselever &#8211; 180 kapsler D\u00e9couvrez les capsules de foie de b\u0153uf biologique et nourri \u00e0 l&#8217;herbe de Nordic Kings, un choix naturel pour ceux qui appr\u00e9cient les ingr\u00e9dients purs et de haute qualit\u00e9. Ces capsules sont con\u00e7ues pour int\u00e9grer facilement dans votre quotidien des \u00e9l\u00e9ments nutritifs issus d&#8217;une source durable [&#8230;]\n","protected":false},"featured_media":262619,"comment_status":"closed","ping_status":"open","template":"","meta":[],"product_brand":[5320],"product_cat":[],"product_tag":[],"class_list":{"0":"post-295014","1":"product","2":"type-product","3":"status-publish","4":"has-post-thumbnail","6":"product_brand-nordic-kings-2","8":"first","9":"instock","10":"sale","11":"featured","12":"taxable","13":"shipping-taxable","14":"purchasable","15":"product-type-simple"},"yoast_head":"<!-- This site is optimized with the Yoast SEO Premium plugin v27.3 (Yoast SEO v27.3) - https:\/\/yoast.com\/product\/yoast-seo-premium-wordpress\/ -->\n<title>100% Foie de boeuf biologique nourri \u00e0 l&#039;herbe des rois nordiques - 180 capsules - ECO Supplements<\/title>\n<meta name=\"description\" content=\"Wij hebben een ruime keuze aan producten van 100% Foie de boeuf biologique nourri \u00e0 l&#039;herbe des rois nordiques - 180 capsules . Winkel bij Eco Supplements altijd gratis verzending boven 100\u20ac\" \/>\n<meta name=\"robots\" content=\"index, follow, max-snippet:-1, max-image-preview:large, max-video-preview:-1\" \/>\n<link rel=\"canonical\" href=\"https:\/\/ecosupplements.be\/fr\/produit\/nordic-kings-100-graesfodret-okologisk-okselever-180-kapsler\/\" \/>\n<meta property=\"og:locale\" content=\"fr_FR\" \/>\n<meta property=\"og:type\" content=\"article\" \/>\n<meta property=\"og:title\" content=\"100% Foie de boeuf biologique nourri \u00e0 l&#039;herbe des rois nordiques - 180 capsules\" \/>\n<meta property=\"og:description\" content=\"Wij hebben een ruime keuze aan producten van 100% Foie de boeuf biologique nourri \u00e0 l&#039;herbe des rois nordiques - 180 capsules . Winkel bij Eco Supplements altijd gratis verzending boven 100\u20ac\" \/>\n<meta property=\"og:url\" content=\"https:\/\/ecosupplements.be\/fr\/produit\/nordic-kings-100-graesfodret-okologisk-okselever-180-kapsler\/\" \/>\n<meta property=\"og:site_name\" content=\"ECO Supplements\" \/>\n<meta property=\"article:modified_time\" content=\"2025-08-27T17:08:45+00:00\" \/>\n<meta property=\"og:image\" content=\"https:\/\/ecosupplements.be\/wp-content\/uploads\/2025\/08\/Nordic-Kings-Nordic-Kings-100-Graesfodret-Okologisk-Okselever-180-kapsler.jpg\" \/>\n\t<meta property=\"og:image:width\" content=\"700\" \/>\n\t<meta property=\"og:image:height\" content=\"700\" \/>\n\t<meta property=\"og:image:type\" content=\"image\/jpeg\" \/>\n<meta name=\"twitter:card\" content=\"summary_large_image\" \/>\n<meta name=\"twitter:label1\" content=\"Prix\" \/>\n\t<meta name=\"twitter:data1\" content=\"28.38&nbsp;&euro;\" \/>\n\t<meta name=\"twitter:label2\" content=\"Disponibilit\u00e9\" \/>\n\t<meta name=\"twitter:data2\" content=\"En stock\" \/>\n<script type=\"application\/ld+json\" class=\"yoast-schema-graph\">{\"@context\":\"https:\\\/\\\/schema.org\",\"@graph\":[{\"@type\":[\"WebPage\",\"ItemPage\"],\"@id\":\"https:\\\/\\\/ecosupplements.be\\\/fr\\\/produit\\\/nordic-kings-100-graesfodret-okologisk-okselever-180-kapsler\\\/\",\"url\":\"https:\\\/\\\/ecosupplements.be\\\/fr\\\/produit\\\/nordic-kings-100-graesfodret-okologisk-okselever-180-kapsler\\\/\",\"name\":\"100% Foie de boeuf biologique nourri \u00e0 l'herbe des rois nordiques - 180 capsules - ECO Supplements\",\"isPartOf\":{\"@id\":\"https:\\\/\\\/ecosupplements.be\\\/fr\\\/#website\"},\"primaryImageOfPage\":{\"@id\":\"https:\\\/\\\/ecosupplements.be\\\/fr\\\/produit\\\/nordic-kings-100-graesfodret-okologisk-okselever-180-kapsler\\\/#primaryimage\"},\"image\":{\"@id\":\"https:\\\/\\\/ecosupplements.be\\\/fr\\\/produit\\\/nordic-kings-100-graesfodret-okologisk-okselever-180-kapsler\\\/#primaryimage\"},\"thumbnailUrl\":\"https:\\\/\\\/ecosupplements.be\\\/wp-content\\\/uploads\\\/2025\\\/08\\\/NordicKingsBeefLiver_590x650.png\",\"datePublished\":\"2023-06-16T14:25:34+00:00\",\"dateModified\":\"2025-08-27T17:08:45+00:00\",\"description\":\"Wij hebben een ruime keuze aan producten van 100% Foie de boeuf biologique nourri \u00e0 l'herbe des rois nordiques - 180 capsules . Winkel bij Eco Supplements altijd gratis verzending boven 100\u20ac\",\"breadcrumb\":{\"@id\":\"https:\\\/\\\/ecosupplements.be\\\/fr\\\/produit\\\/nordic-kings-100-graesfodret-okologisk-okselever-180-kapsler\\\/#breadcrumb\"},\"inLanguage\":\"fr-FR\",\"potentialAction\":[{\"@type\":\"ReadAction\",\"target\":[\"https:\\\/\\\/ecosupplements.be\\\/fr\\\/produit\\\/nordic-kings-100-graesfodret-okologisk-okselever-180-kapsler\\\/\"]}]},{\"@type\":\"ImageObject\",\"inLanguage\":\"fr-FR\",\"@id\":\"https:\\\/\\\/ecosupplements.be\\\/fr\\\/produit\\\/nordic-kings-100-graesfodret-okologisk-okselever-180-kapsler\\\/#primaryimage\",\"url\":\"https:\\\/\\\/ecosupplements.be\\\/wp-content\\\/uploads\\\/2025\\\/08\\\/NordicKingsBeefLiver_590x650.png\",\"contentUrl\":\"https:\\\/\\\/ecosupplements.be\\\/wp-content\\\/uploads\\\/2025\\\/08\\\/NordicKingsBeefLiver_590x650.png\",\"width\":590,\"height\":650},{\"@type\":\"BreadcrumbList\",\"@id\":\"https:\\\/\\\/ecosupplements.be\\\/fr\\\/produit\\\/nordic-kings-100-graesfodret-okologisk-okselever-180-kapsler\\\/#breadcrumb\",\"itemListElement\":[{\"@type\":\"ListItem\",\"position\":1,\"name\":\"Home\",\"item\":\"https:\\\/\\\/ecosupplements.be\\\/fr\\\/\"},{\"@type\":\"ListItem\",\"position\":2,\"name\":\"Boutique\",\"item\":\"https:\\\/\\\/ecosupplements.be\\\/fr\\\/boutique\\\/\"},{\"@type\":\"ListItem\",\"position\":3,\"name\":\"100% Foie de boeuf biologique nourri \u00e0 l&#8217;herbe des rois nordiques &#8211; 180 capsules\"}]},{\"@type\":\"WebSite\",\"@id\":\"https:\\\/\\\/ecosupplements.be\\\/fr\\\/#website\",\"url\":\"https:\\\/\\\/ecosupplements.be\\\/fr\\\/\",\"name\":\"ECO Supplements\",\"description\":\"Eco Supplements - Gezonde supplementen\",\"publisher\":{\"@id\":\"https:\\\/\\\/ecosupplements.be\\\/fr\\\/#organization\"},\"potentialAction\":[{\"@type\":\"SearchAction\",\"target\":{\"@type\":\"EntryPoint\",\"urlTemplate\":\"https:\\\/\\\/ecosupplements.be\\\/fr\\\/?s={search_term_string}\"},\"query-input\":{\"@type\":\"PropertyValueSpecification\",\"valueRequired\":true,\"valueName\":\"search_term_string\"}}],\"inLanguage\":\"fr-FR\"},{\"@type\":\"Organization\",\"@id\":\"https:\\\/\\\/ecosupplements.be\\\/fr\\\/#organization\",\"name\":\"Eco Supplements\",\"url\":\"https:\\\/\\\/ecosupplements.be\\\/fr\\\/\",\"logo\":{\"@type\":\"ImageObject\",\"inLanguage\":\"fr-FR\",\"@id\":\"https:\\\/\\\/ecosupplements.be\\\/fr\\\/#\\\/schema\\\/logo\\\/image\\\/\",\"url\":\"https:\\\/\\\/ecosupplements.be\\\/wp-content\\\/uploads\\\/2022\\\/06\\\/ecosupplement-family.png\",\"contentUrl\":\"https:\\\/\\\/ecosupplements.be\\\/wp-content\\\/uploads\\\/2022\\\/06\\\/ecosupplement-family.png\",\"width\":593,\"height\":374,\"caption\":\"Eco Supplements\"},\"image\":{\"@id\":\"https:\\\/\\\/ecosupplements.be\\\/fr\\\/#\\\/schema\\\/logo\\\/image\\\/\"}}]}<\/script>\n<meta property=\"product:brand\" content=\"Nordic Kings\" \/>\n<meta property=\"product:price:amount\" content=\"28.38\" \/>\n<meta property=\"product:price:currency\" content=\"EUR\" \/>\n<meta property=\"og:availability\" content=\"instock\" \/>\n<meta property=\"product:availability\" content=\"instock\" \/>\n<meta property=\"product:retailer_item_id\" content=\"7350133601647\" \/>\n<meta property=\"product:condition\" content=\"new\" \/>\n<!-- \/ Yoast SEO Premium plugin. -->","yoast_head_json":{"title":"100% Foie de boeuf biologique nourri \u00e0 l'herbe des rois nordiques - 180 capsules - ECO Supplements","description":"Wij hebben een ruime keuze aan producten van 100% Foie de boeuf biologique nourri \u00e0 l'herbe des rois nordiques - 180 capsules . Winkel bij Eco Supplements altijd gratis verzending boven 100\u20ac","robots":{"index":"index","follow":"follow","max-snippet":"max-snippet:-1","max-image-preview":"max-image-preview:large","max-video-preview":"max-video-preview:-1"},"canonical":"https:\/\/ecosupplements.be\/fr\/produit\/nordic-kings-100-graesfodret-okologisk-okselever-180-kapsler\/","og_locale":"fr_FR","og_type":"article","og_title":"100% Foie de boeuf biologique nourri \u00e0 l'herbe des rois nordiques - 180 capsules","og_description":"Wij hebben een ruime keuze aan producten van 100% Foie de boeuf biologique nourri \u00e0 l'herbe des rois nordiques - 180 capsules . Winkel bij Eco Supplements altijd gratis verzending boven 100\u20ac","og_url":"https:\/\/ecosupplements.be\/fr\/produit\/nordic-kings-100-graesfodret-okologisk-okselever-180-kapsler\/","og_site_name":"ECO Supplements","article_modified_time":"2025-08-27T17:08:45+00:00","og_image":[{"width":700,"height":700,"url":"https:\/\/ecosupplements.be\/wp-content\/uploads\/2025\/08\/Nordic-Kings-Nordic-Kings-100-Graesfodret-Okologisk-Okselever-180-kapsler.jpg","type":"image\/jpeg"}],"twitter_card":"summary_large_image","twitter_misc":{"Prix":"28.38&nbsp;&euro;","Disponibilit\u00e9":"En stock"},"schema":{"@context":"https:\/\/schema.org","@graph":[{"@type":["WebPage","ItemPage"],"@id":"https:\/\/ecosupplements.be\/fr\/produit\/nordic-kings-100-graesfodret-okologisk-okselever-180-kapsler\/","url":"https:\/\/ecosupplements.be\/fr\/produit\/nordic-kings-100-graesfodret-okologisk-okselever-180-kapsler\/","name":"100% Foie de boeuf biologique nourri \u00e0 l'herbe des rois nordiques - 180 capsules - ECO Supplements","isPartOf":{"@id":"https:\/\/ecosupplements.be\/fr\/#website"},"primaryImageOfPage":{"@id":"https:\/\/ecosupplements.be\/fr\/produit\/nordic-kings-100-graesfodret-okologisk-okselever-180-kapsler\/#primaryimage"},"image":{"@id":"https:\/\/ecosupplements.be\/fr\/produit\/nordic-kings-100-graesfodret-okologisk-okselever-180-kapsler\/#primaryimage"},"thumbnailUrl":"https:\/\/ecosupplements.be\/wp-content\/uploads\/2025\/08\/NordicKingsBeefLiver_590x650.png","datePublished":"2023-06-16T14:25:34+00:00","dateModified":"2025-08-27T17:08:45+00:00","description":"Wij hebben een ruime keuze aan producten van 100% Foie de boeuf biologique nourri \u00e0 l'herbe des rois nordiques - 180 capsules . Winkel bij Eco Supplements altijd gratis verzending boven 100\u20ac","breadcrumb":{"@id":"https:\/\/ecosupplements.be\/fr\/produit\/nordic-kings-100-graesfodret-okologisk-okselever-180-kapsler\/#breadcrumb"},"inLanguage":"fr-FR","potentialAction":[{"@type":"ReadAction","target":["https:\/\/ecosupplements.be\/fr\/produit\/nordic-kings-100-graesfodret-okologisk-okselever-180-kapsler\/"]}]},{"@type":"ImageObject","inLanguage":"fr-FR","@id":"https:\/\/ecosupplements.be\/fr\/produit\/nordic-kings-100-graesfodret-okologisk-okselever-180-kapsler\/#primaryimage","url":"https:\/\/ecosupplements.be\/wp-content\/uploads\/2025\/08\/NordicKingsBeefLiver_590x650.png","contentUrl":"https:\/\/ecosupplements.be\/wp-content\/uploads\/2025\/08\/NordicKingsBeefLiver_590x650.png","width":590,"height":650},{"@type":"BreadcrumbList","@id":"https:\/\/ecosupplements.be\/fr\/produit\/nordic-kings-100-graesfodret-okologisk-okselever-180-kapsler\/#breadcrumb","itemListElement":[{"@type":"ListItem","position":1,"name":"Home","item":"https:\/\/ecosupplements.be\/fr\/"},{"@type":"ListItem","position":2,"name":"Boutique","item":"https:\/\/ecosupplements.be\/fr\/boutique\/"},{"@type":"ListItem","position":3,"name":"100% Foie de boeuf biologique nourri \u00e0 l&#8217;herbe des rois nordiques &#8211; 180 capsules"}]},{"@type":"WebSite","@id":"https:\/\/ecosupplements.be\/fr\/#website","url":"https:\/\/ecosupplements.be\/fr\/","name":"ECO Supplements","description":"Eco Supplements - Gezonde supplementen","publisher":{"@id":"https:\/\/ecosupplements.be\/fr\/#organization"},"potentialAction":[{"@type":"SearchAction","target":{"@type":"EntryPoint","urlTemplate":"https:\/\/ecosupplements.be\/fr\/?s={search_term_string}"},"query-input":{"@type":"PropertyValueSpecification","valueRequired":true,"valueName":"search_term_string"}}],"inLanguage":"fr-FR"},{"@type":"Organization","@id":"https:\/\/ecosupplements.be\/fr\/#organization","name":"Eco Supplements","url":"https:\/\/ecosupplements.be\/fr\/","logo":{"@type":"ImageObject","inLanguage":"fr-FR","@id":"https:\/\/ecosupplements.be\/fr\/#\/schema\/logo\/image\/","url":"https:\/\/ecosupplements.be\/wp-content\/uploads\/2022\/06\/ecosupplement-family.png","contentUrl":"https:\/\/ecosupplements.be\/wp-content\/uploads\/2022\/06\/ecosupplement-family.png","width":593,"height":374,"caption":"Eco Supplements"},"image":{"@id":"https:\/\/ecosupplements.be\/fr\/#\/schema\/logo\/image\/"}}]},"product_brand":"Nordic Kings","product_price_amount":"28.38","product_price_currency":"EUR","og_availability":"instock","product_availability":"instock","product_retailer_item_id":"7350133601647","product_condition":"new"},"_links":{"self":[{"href":"https:\/\/ecosupplements.be\/fr\/wp-json\/wp\/v2\/product\/295014","targetHints":{"allow":["GET"]}}],"collection":[{"href":"https:\/\/ecosupplements.be\/fr\/wp-json\/wp\/v2\/product"}],"about":[{"href":"https:\/\/ecosupplements.be\/fr\/wp-json\/wp\/v2\/types\/product"}],"replies":[{"embeddable":true,"href":"https:\/\/ecosupplements.be\/fr\/wp-json\/wp\/v2\/comments?post=295014"}],"wp:featuredmedia":[{"embeddable":true,"href":"https:\/\/ecosupplements.be\/fr\/wp-json\/wp\/v2\/media\/262619"}],"wp:attachment":[{"href":"https:\/\/ecosupplements.be\/fr\/wp-json\/wp\/v2\/media?parent=295014"}],"wp:term":[{"taxonomy":"product_brand","embeddable":true,"href":"https:\/\/ecosupplements.be\/fr\/wp-json\/wp\/v2\/product_brand?post=295014"},{"taxonomy":"product_cat","embeddable":true,"href":"https:\/\/ecosupplements.be\/fr\/wp-json\/wp\/v2\/product_cat?post=295014"},{"taxonomy":"product_tag","embeddable":true,"href":"https:\/\/ecosupplements.be\/fr\/wp-json\/wp\/v2\/product_tag?post=295014"}],"curies":[{"name":"wp","href":"https:\/\/api.w.org\/{rel}","templated":true}]}}