{"id":295200,"date":"2023-12-19T14:31:37","date_gmt":"2023-12-19T13:31:37","guid":{"rendered":"https:\/\/ecosupplements.be\/product\/nordic-kings-100-graesfodret-og-okologisk-oksehjertekapsler-180-stk\/"},"modified":"2025-08-27T18:12:27","modified_gmt":"2025-08-27T17:12:27","slug":"nordic-kings-100-graesfodret-og-okologisk-oksehjertekapsler-180-stk","status":"publish","type":"product","link":"https:\/\/ecosupplements.be\/fr\/produit\/nordic-kings-100-graesfodret-og-okologisk-oksehjertekapsler-180-stk\/","title":{"rendered":"Rois nordiques &#8211; 100% capsules de c\u0153ur de b\u0153uf nourri \u00e0 l&#8217;herbe et biologique &#8211; 180 unit\u00e9s"},"content":{"rendered":"<h1>Nordic Kings &#8211; 100% Gr\u00e6sfodret og \u00d8kologisk oksehjertekapsler &#8211; 180 stk<\/h1>\n<p>D\u00e9couvrez les capsules de c\u0153ur de b\u0153uf biologique et nourri \u00e0 l&#8217;herbe de Nordic Kings,un choix naturel pour ceux qui appr\u00e9cient les ingr\u00e9dients purs et de haute qualit\u00e9. Ces capsules sont fabriqu\u00e9es \u00e0 partir de b\u0153uf 100% biologique, garantissant une origine \u00e9thique et \u00e9cologique.<\/p>\n<h2>Ingr\u00e9dients principaux :<\/h2>\n<ul>\n<li>CoQ10 \u2013 Un antioxydant puissant<\/li>\n<li>Vitamine A<\/li>\n<li>Vitamine B12<\/li>\n<li>Thiamine (Vitamine B1)<\/li>\n<li>Folate (forme naturelle de la Vitamine B9)<\/li>\n<li>Acide pantoth\u00e9nique (Vitamine B5)<\/li>\n<\/ul>\n<p>Ces capsules contiennent \u00e9galement du s\u00e9l\u00e9nium,du phosphore,du fer h\u00e9mique,du cuivre et du zinc,tous reconnus pour leur puret\u00e9 exceptionnelle.<\/p>\n<h2>Caract\u00e9ristiques pratiques :<\/h2>\n<p>Ce produit est pr\u00e9sent\u00e9 sous forme de capsules faciles \u00e0 consommer, id\u00e9ales pour int\u00e9grer dans votre routine quotidienne sans le souci de la pr\u00e9paration. Chaque paquet contient 180 capsules.<\/p>\n<p><strong>Utilisation recommand\u00e9e :<\/strong> Suivez les instructions sur l&#8217;emballage pour une utilisation quotidienne simple.<\/p>\n<p>Nordic Kings offre une solution pratique pour ceux qui cherchent \u00e0 incorporer des ingr\u00e9dients naturels dans leur alimentation quotidienne. Profitez d&#8217;un produit facile \u00e0 utiliser qui compl\u00e8te un mode de vie actif et \u00e9quilibr\u00e9.<\/p>\n","protected":false},"excerpt":{"rendered":"<p>Nordic Kings &#8211; 100% Gr\u00e6sfodret og \u00d8kologisk oksehjertekapsler &#8211; 180 stk D\u00e9couvrez les capsules de c\u0153ur de b\u0153uf biologique et nourri \u00e0 l&#8217;herbe de Nordic Kings,un choix naturel pour ceux qui appr\u00e9cient les ingr\u00e9dients purs et de haute qualit\u00e9. Ces capsules sont fabriqu\u00e9es \u00e0 partir de b\u0153uf 100% biologique, garantissant une origine \u00e9thique et \u00e9cologique. [&#8230;]\n","protected":false},"featured_media":267574,"comment_status":"closed","ping_status":"open","template":"","meta":[],"product_brand":[5320],"product_cat":[],"product_tag":[],"class_list":{"0":"post-295200","1":"product","2":"type-product","3":"status-publish","4":"has-post-thumbnail","6":"product_brand-nordic-kings-2","8":"first","9":"outofstock","10":"sale","11":"featured","12":"taxable","13":"shipping-taxable","14":"purchasable","15":"product-type-simple"},"yoast_head":"<!-- This site is optimized with the Yoast SEO Premium plugin v27.3 (Yoast SEO v27.3) - https:\/\/yoast.com\/product\/yoast-seo-premium-wordpress\/ -->\n<title>Rois nordiques - 100% capsules de c\u0153ur de b\u0153uf nourri \u00e0 l&#039;herbe et biologique - 180 unit\u00e9s - ECO Supplements<\/title>\n<meta name=\"description\" content=\"Wij hebben een ruime keuze aan producten van Rois nordiques - 100% capsules de c\u0153ur de b\u0153uf nourri \u00e0 l&#039;herbe et biologique - 180 unit\u00e9s . Winkel bij Eco Supplements altijd gratis verzending boven 100\u20ac\" \/>\n<meta name=\"robots\" content=\"index, follow, max-snippet:-1, max-image-preview:large, max-video-preview:-1\" \/>\n<link rel=\"canonical\" href=\"https:\/\/ecosupplements.be\/fr\/produit\/nordic-kings-100-graesfodret-og-okologisk-oksehjertekapsler-180-stk\/\" \/>\n<meta property=\"og:locale\" content=\"fr_FR\" \/>\n<meta property=\"og:type\" content=\"article\" \/>\n<meta property=\"og:title\" content=\"Rois nordiques - 100% capsules de c\u0153ur de b\u0153uf nourri \u00e0 l&#039;herbe et biologique - 180 unit\u00e9s\" \/>\n<meta property=\"og:description\" content=\"Wij hebben een ruime keuze aan producten van Rois nordiques - 100% capsules de c\u0153ur de b\u0153uf nourri \u00e0 l&#039;herbe et biologique - 180 unit\u00e9s . Winkel bij Eco Supplements altijd gratis verzending boven 100\u20ac\" \/>\n<meta property=\"og:url\" content=\"https:\/\/ecosupplements.be\/fr\/produit\/nordic-kings-100-graesfodret-og-okologisk-oksehjertekapsler-180-stk\/\" \/>\n<meta property=\"og:site_name\" content=\"ECO Supplements\" \/>\n<meta property=\"article:modified_time\" content=\"2025-08-27T17:12:27+00:00\" \/>\n<meta property=\"og:image\" content=\"https:\/\/ecosupplements.be\/wp-content\/uploads\/2025\/08\/Nordic-Kings-Nordic-Kings-100-graesfodret-og-okologisk-oksehjertekapsler-180-stk.webp\" \/>\n\t<meta property=\"og:image:width\" content=\"1000\" \/>\n\t<meta property=\"og:image:height\" content=\"1000\" \/>\n\t<meta property=\"og:image:type\" content=\"image\/webp\" \/>\n<meta name=\"twitter:card\" content=\"summary_large_image\" \/>\n<meta name=\"twitter:label1\" content=\"Prix\" \/>\n\t<meta name=\"twitter:data1\" content=\"29.52&nbsp;&euro;\" \/>\n\t<meta name=\"twitter:label2\" content=\"Disponibilit\u00e9\" \/>\n\t<meta name=\"twitter:data2\" content=\"Rupture de stock\" \/>\n<script type=\"application\/ld+json\" class=\"yoast-schema-graph\">{\"@context\":\"https:\\\/\\\/schema.org\",\"@graph\":[{\"@type\":[\"WebPage\",\"ItemPage\"],\"@id\":\"https:\\\/\\\/ecosupplements.be\\\/fr\\\/produit\\\/nordic-kings-100-graesfodret-og-okologisk-oksehjertekapsler-180-stk\\\/\",\"url\":\"https:\\\/\\\/ecosupplements.be\\\/fr\\\/produit\\\/nordic-kings-100-graesfodret-og-okologisk-oksehjertekapsler-180-stk\\\/\",\"name\":\"Rois nordiques - 100% capsules de c\u0153ur de b\u0153uf nourri \u00e0 l'herbe et biologique - 180 unit\u00e9s - ECO Supplements\",\"isPartOf\":{\"@id\":\"https:\\\/\\\/ecosupplements.be\\\/fr\\\/#website\"},\"primaryImageOfPage\":{\"@id\":\"https:\\\/\\\/ecosupplements.be\\\/fr\\\/produit\\\/nordic-kings-100-graesfodret-og-okologisk-oksehjertekapsler-180-stk\\\/#primaryimage\"},\"image\":{\"@id\":\"https:\\\/\\\/ecosupplements.be\\\/fr\\\/produit\\\/nordic-kings-100-graesfodret-og-okologisk-oksehjertekapsler-180-stk\\\/#primaryimage\"},\"thumbnailUrl\":\"https:\\\/\\\/ecosupplements.be\\\/wp-content\\\/uploads\\\/2025\\\/08\\\/Organicheart.webp\",\"datePublished\":\"2023-12-19T13:31:37+00:00\",\"dateModified\":\"2025-08-27T17:12:27+00:00\",\"description\":\"Wij hebben een ruime keuze aan producten van Rois nordiques - 100% capsules de c\u0153ur de b\u0153uf nourri \u00e0 l'herbe et biologique - 180 unit\u00e9s . Winkel bij Eco Supplements altijd gratis verzending boven 100\u20ac\",\"breadcrumb\":{\"@id\":\"https:\\\/\\\/ecosupplements.be\\\/fr\\\/produit\\\/nordic-kings-100-graesfodret-og-okologisk-oksehjertekapsler-180-stk\\\/#breadcrumb\"},\"inLanguage\":\"fr-FR\",\"potentialAction\":[{\"@type\":\"ReadAction\",\"target\":[\"https:\\\/\\\/ecosupplements.be\\\/fr\\\/produit\\\/nordic-kings-100-graesfodret-og-okologisk-oksehjertekapsler-180-stk\\\/\"]}]},{\"@type\":\"ImageObject\",\"inLanguage\":\"fr-FR\",\"@id\":\"https:\\\/\\\/ecosupplements.be\\\/fr\\\/produit\\\/nordic-kings-100-graesfodret-og-okologisk-oksehjertekapsler-180-stk\\\/#primaryimage\",\"url\":\"https:\\\/\\\/ecosupplements.be\\\/wp-content\\\/uploads\\\/2025\\\/08\\\/Organicheart.webp\",\"contentUrl\":\"https:\\\/\\\/ecosupplements.be\\\/wp-content\\\/uploads\\\/2025\\\/08\\\/Organicheart.webp\",\"width\":1000,\"height\":1000},{\"@type\":\"BreadcrumbList\",\"@id\":\"https:\\\/\\\/ecosupplements.be\\\/fr\\\/produit\\\/nordic-kings-100-graesfodret-og-okologisk-oksehjertekapsler-180-stk\\\/#breadcrumb\",\"itemListElement\":[{\"@type\":\"ListItem\",\"position\":1,\"name\":\"Home\",\"item\":\"https:\\\/\\\/ecosupplements.be\\\/fr\\\/\"},{\"@type\":\"ListItem\",\"position\":2,\"name\":\"Boutique\",\"item\":\"https:\\\/\\\/ecosupplements.be\\\/fr\\\/boutique\\\/\"},{\"@type\":\"ListItem\",\"position\":3,\"name\":\"Rois nordiques &#8211; 100% capsules de c\u0153ur de b\u0153uf nourri \u00e0 l&#8217;herbe et biologique &#8211; 180 unit\u00e9s\"}]},{\"@type\":\"WebSite\",\"@id\":\"https:\\\/\\\/ecosupplements.be\\\/fr\\\/#website\",\"url\":\"https:\\\/\\\/ecosupplements.be\\\/fr\\\/\",\"name\":\"ECO Supplements\",\"description\":\"Eco Supplements - Gezonde supplementen\",\"publisher\":{\"@id\":\"https:\\\/\\\/ecosupplements.be\\\/fr\\\/#organization\"},\"potentialAction\":[{\"@type\":\"SearchAction\",\"target\":{\"@type\":\"EntryPoint\",\"urlTemplate\":\"https:\\\/\\\/ecosupplements.be\\\/fr\\\/?s={search_term_string}\"},\"query-input\":{\"@type\":\"PropertyValueSpecification\",\"valueRequired\":true,\"valueName\":\"search_term_string\"}}],\"inLanguage\":\"fr-FR\"},{\"@type\":\"Organization\",\"@id\":\"https:\\\/\\\/ecosupplements.be\\\/fr\\\/#organization\",\"name\":\"Eco Supplements\",\"url\":\"https:\\\/\\\/ecosupplements.be\\\/fr\\\/\",\"logo\":{\"@type\":\"ImageObject\",\"inLanguage\":\"fr-FR\",\"@id\":\"https:\\\/\\\/ecosupplements.be\\\/fr\\\/#\\\/schema\\\/logo\\\/image\\\/\",\"url\":\"https:\\\/\\\/ecosupplements.be\\\/wp-content\\\/uploads\\\/2022\\\/06\\\/ecosupplement-family.png\",\"contentUrl\":\"https:\\\/\\\/ecosupplements.be\\\/wp-content\\\/uploads\\\/2022\\\/06\\\/ecosupplement-family.png\",\"width\":593,\"height\":374,\"caption\":\"Eco Supplements\"},\"image\":{\"@id\":\"https:\\\/\\\/ecosupplements.be\\\/fr\\\/#\\\/schema\\\/logo\\\/image\\\/\"}}]}<\/script>\n<meta property=\"product:brand\" content=\"Nordic Kings\" \/>\n<meta property=\"product:price:amount\" content=\"29.52\" \/>\n<meta property=\"product:price:currency\" content=\"EUR\" \/>\n<meta property=\"og:availability\" content=\"out of stock\" \/>\n<meta property=\"product:availability\" content=\"out of stock\" \/>\n<meta property=\"product:retailer_item_id\" content=\"55166\" \/>\n<meta property=\"product:condition\" content=\"new\" \/>\n<!-- \/ Yoast SEO Premium plugin. -->","yoast_head_json":{"title":"Rois nordiques - 100% capsules de c\u0153ur de b\u0153uf nourri \u00e0 l'herbe et biologique - 180 unit\u00e9s - ECO Supplements","description":"Wij hebben een ruime keuze aan producten van Rois nordiques - 100% capsules de c\u0153ur de b\u0153uf nourri \u00e0 l'herbe et biologique - 180 unit\u00e9s . Winkel bij Eco Supplements altijd gratis verzending boven 100\u20ac","robots":{"index":"index","follow":"follow","max-snippet":"max-snippet:-1","max-image-preview":"max-image-preview:large","max-video-preview":"max-video-preview:-1"},"canonical":"https:\/\/ecosupplements.be\/fr\/produit\/nordic-kings-100-graesfodret-og-okologisk-oksehjertekapsler-180-stk\/","og_locale":"fr_FR","og_type":"article","og_title":"Rois nordiques - 100% capsules de c\u0153ur de b\u0153uf nourri \u00e0 l'herbe et biologique - 180 unit\u00e9s","og_description":"Wij hebben een ruime keuze aan producten van Rois nordiques - 100% capsules de c\u0153ur de b\u0153uf nourri \u00e0 l'herbe et biologique - 180 unit\u00e9s . Winkel bij Eco Supplements altijd gratis verzending boven 100\u20ac","og_url":"https:\/\/ecosupplements.be\/fr\/produit\/nordic-kings-100-graesfodret-og-okologisk-oksehjertekapsler-180-stk\/","og_site_name":"ECO Supplements","article_modified_time":"2025-08-27T17:12:27+00:00","og_image":[{"width":1000,"height":1000,"url":"https:\/\/ecosupplements.be\/wp-content\/uploads\/2025\/08\/Nordic-Kings-Nordic-Kings-100-graesfodret-og-okologisk-oksehjertekapsler-180-stk.webp","type":"image\/webp"}],"twitter_card":"summary_large_image","twitter_misc":{"Prix":"29.52&nbsp;&euro;","Disponibilit\u00e9":"Rupture de stock"},"schema":{"@context":"https:\/\/schema.org","@graph":[{"@type":["WebPage","ItemPage"],"@id":"https:\/\/ecosupplements.be\/fr\/produit\/nordic-kings-100-graesfodret-og-okologisk-oksehjertekapsler-180-stk\/","url":"https:\/\/ecosupplements.be\/fr\/produit\/nordic-kings-100-graesfodret-og-okologisk-oksehjertekapsler-180-stk\/","name":"Rois nordiques - 100% capsules de c\u0153ur de b\u0153uf nourri \u00e0 l'herbe et biologique - 180 unit\u00e9s - ECO Supplements","isPartOf":{"@id":"https:\/\/ecosupplements.be\/fr\/#website"},"primaryImageOfPage":{"@id":"https:\/\/ecosupplements.be\/fr\/produit\/nordic-kings-100-graesfodret-og-okologisk-oksehjertekapsler-180-stk\/#primaryimage"},"image":{"@id":"https:\/\/ecosupplements.be\/fr\/produit\/nordic-kings-100-graesfodret-og-okologisk-oksehjertekapsler-180-stk\/#primaryimage"},"thumbnailUrl":"https:\/\/ecosupplements.be\/wp-content\/uploads\/2025\/08\/Organicheart.webp","datePublished":"2023-12-19T13:31:37+00:00","dateModified":"2025-08-27T17:12:27+00:00","description":"Wij hebben een ruime keuze aan producten van Rois nordiques - 100% capsules de c\u0153ur de b\u0153uf nourri \u00e0 l'herbe et biologique - 180 unit\u00e9s . Winkel bij Eco Supplements altijd gratis verzending boven 100\u20ac","breadcrumb":{"@id":"https:\/\/ecosupplements.be\/fr\/produit\/nordic-kings-100-graesfodret-og-okologisk-oksehjertekapsler-180-stk\/#breadcrumb"},"inLanguage":"fr-FR","potentialAction":[{"@type":"ReadAction","target":["https:\/\/ecosupplements.be\/fr\/produit\/nordic-kings-100-graesfodret-og-okologisk-oksehjertekapsler-180-stk\/"]}]},{"@type":"ImageObject","inLanguage":"fr-FR","@id":"https:\/\/ecosupplements.be\/fr\/produit\/nordic-kings-100-graesfodret-og-okologisk-oksehjertekapsler-180-stk\/#primaryimage","url":"https:\/\/ecosupplements.be\/wp-content\/uploads\/2025\/08\/Organicheart.webp","contentUrl":"https:\/\/ecosupplements.be\/wp-content\/uploads\/2025\/08\/Organicheart.webp","width":1000,"height":1000},{"@type":"BreadcrumbList","@id":"https:\/\/ecosupplements.be\/fr\/produit\/nordic-kings-100-graesfodret-og-okologisk-oksehjertekapsler-180-stk\/#breadcrumb","itemListElement":[{"@type":"ListItem","position":1,"name":"Home","item":"https:\/\/ecosupplements.be\/fr\/"},{"@type":"ListItem","position":2,"name":"Boutique","item":"https:\/\/ecosupplements.be\/fr\/boutique\/"},{"@type":"ListItem","position":3,"name":"Rois nordiques &#8211; 100% capsules de c\u0153ur de b\u0153uf nourri \u00e0 l&#8217;herbe et biologique &#8211; 180 unit\u00e9s"}]},{"@type":"WebSite","@id":"https:\/\/ecosupplements.be\/fr\/#website","url":"https:\/\/ecosupplements.be\/fr\/","name":"ECO Supplements","description":"Eco Supplements - Gezonde supplementen","publisher":{"@id":"https:\/\/ecosupplements.be\/fr\/#organization"},"potentialAction":[{"@type":"SearchAction","target":{"@type":"EntryPoint","urlTemplate":"https:\/\/ecosupplements.be\/fr\/?s={search_term_string}"},"query-input":{"@type":"PropertyValueSpecification","valueRequired":true,"valueName":"search_term_string"}}],"inLanguage":"fr-FR"},{"@type":"Organization","@id":"https:\/\/ecosupplements.be\/fr\/#organization","name":"Eco Supplements","url":"https:\/\/ecosupplements.be\/fr\/","logo":{"@type":"ImageObject","inLanguage":"fr-FR","@id":"https:\/\/ecosupplements.be\/fr\/#\/schema\/logo\/image\/","url":"https:\/\/ecosupplements.be\/wp-content\/uploads\/2022\/06\/ecosupplement-family.png","contentUrl":"https:\/\/ecosupplements.be\/wp-content\/uploads\/2022\/06\/ecosupplement-family.png","width":593,"height":374,"caption":"Eco Supplements"},"image":{"@id":"https:\/\/ecosupplements.be\/fr\/#\/schema\/logo\/image\/"}}]},"product_brand":"Nordic Kings","product_price_amount":"29.52","product_price_currency":"EUR","og_availability":"out of stock","product_availability":"out of stock","product_retailer_item_id":"55166","product_condition":"new"},"_links":{"self":[{"href":"https:\/\/ecosupplements.be\/fr\/wp-json\/wp\/v2\/product\/295200","targetHints":{"allow":["GET"]}}],"collection":[{"href":"https:\/\/ecosupplements.be\/fr\/wp-json\/wp\/v2\/product"}],"about":[{"href":"https:\/\/ecosupplements.be\/fr\/wp-json\/wp\/v2\/types\/product"}],"replies":[{"embeddable":true,"href":"https:\/\/ecosupplements.be\/fr\/wp-json\/wp\/v2\/comments?post=295200"}],"wp:featuredmedia":[{"embeddable":true,"href":"https:\/\/ecosupplements.be\/fr\/wp-json\/wp\/v2\/media\/267574"}],"wp:attachment":[{"href":"https:\/\/ecosupplements.be\/fr\/wp-json\/wp\/v2\/media?parent=295200"}],"wp:term":[{"taxonomy":"product_brand","embeddable":true,"href":"https:\/\/ecosupplements.be\/fr\/wp-json\/wp\/v2\/product_brand?post=295200"},{"taxonomy":"product_cat","embeddable":true,"href":"https:\/\/ecosupplements.be\/fr\/wp-json\/wp\/v2\/product_cat?post=295200"},{"taxonomy":"product_tag","embeddable":true,"href":"https:\/\/ecosupplements.be\/fr\/wp-json\/wp\/v2\/product_tag?post=295200"}],"curies":[{"name":"wp","href":"https:\/\/api.w.org\/{rel}","templated":true}]}}