{"id":295208,"date":"2024-09-27T10:49:03","date_gmt":"2024-09-27T09:49:03","guid":{"rendered":"https:\/\/ecosupplements.be\/product\/nordiske-konger-100-graesfodret-okologisk-organblanding-180-kapsler\/"},"modified":"2025-08-27T18:12:34","modified_gmt":"2025-08-27T17:12:34","slug":"nordiske-konger-100-graesfodret-okologisk-organblanding-180-kapsler","status":"publish","type":"product","link":"https:\/\/ecosupplements.be\/fr\/produit\/nordiske-konger-100-graesfodret-okologisk-organblanding-180-kapsler\/","title":{"rendered":"Rois Nordiques &#8211; M\u00e9lange d&#8217;organes 100% nourri \u00e0 l&#8217;herbe et biologique &#8211; 180 capsules"},"content":{"rendered":"<h1>Nordiske Konger &#8211; 100% gr\u00e6sfodret &amp; \u00f8kologisk organblanding &#8211; 180 kapsler<\/h1>\n<p><img decoding=\"async\" src=\"nordic_kings.jpg\" alt=\"Nordic Kings Organ Mix\" \/><\/p>\n<p>Vores Nordiske Konger kosttilskud er fremstillet af organer fra glade og sunde dyr, der har levet frit i deres naturlige milj\u00f8. Disse dyr er udelukkende fodret med gr\u00e6s og kommer fra svensk, \u00f8kologisk og KRAV-certificeret kv\u00e6g. Vores produkter indeholder ingen hormoner, antibiotika eller tils\u00e6tningsstoffer. Det du f\u00e5r, er et rent, naturligt og n\u00e6ringsrigt produkt i kapsel form, som g\u00f8r det nemt at integrere denne superfood i din daglige rutine.<\/p>\n<h2>Fordele ved organbaserede kosttilskud<\/h2>\n<p>Organbaserede f\u00f8devarer fra gr\u00e6sfodrede dyr tilbyder en rig kilde til n\u00e6ringsstoffer. De indeholder en bred vifte af vitaminer, mineraler og cofaktorer som bidrager til din generelle sundhed.<\/p>\n<h3>Egenskaber og fordele<\/h3>\n<ul>\n<li>\u00d8kologisk okselever, nyre og hjerte fra svenske landm\u00e6nd.<\/li>\n<li>KRAV-certificerede dyr opdr\u00e6ttet p\u00e5 ren gr\u00e6sdi\u00e6t uden brug af korn.<\/li>\n<li>Biotilg\u00e6ngelige n\u00e6ringsstoffer inkluderende B-vitaminerne, jern, zink og cholin.<\/li>\n<\/ul>\n<h3>Ingredienser<\/h3>\n<p>Med vores Grassfed Organ Mix f\u00e5r du et koncentreret indtag af de samme vitaminer, mineraler og enzymer som findes i leveren, nyrerne samt hjertet \u2013 alt sammen forenet i \u00e9t praktisk kosttilskud.<\/p>\n<h3>Funktioner<\/h3>\n<ol>\n<li>100% gr\u00e6sfodret &amp; \u00f8kologisk certificering.<\/li>\n<li>Ingen hormoner eller antibiotika anvendt.<\/li>\n<li>N\u00e6ringsstofferne er letoptagelige for kroppen.<\/li>\n<li>Fremmer generel sundhed &amp; velv\u00e6re.<\/i><\/ol>\n<p>Dette produkt underst\u00f8tter dit velv\u00e6re ved at supplere din daglige ern\u00e6ringsprofil med h\u00f8j-kvalitets organiske ingredienser.<\/p>\n<p>Title: Nordiske Konger &#8211; 100% gr\u00e6sfodret &amp; \u00f8kologisk organblanding &#8211; 180 kapsler<\/p>\n<p>Brand:\u00a0Nordic Kings<\/p>\n<p>EAN:\u00a07350133601579<\/p>\n<p>&nbsp;<\/p>\n","protected":false},"excerpt":{"rendered":"<p>Nordiske Konger &#8211; 100% gr\u00e6sfodret &amp; \u00f8kologisk organblanding &#8211; 180 kapsler Vores Nordiske Konger kosttilskud er fremstillet af organer fra glade og sunde dyr, der har levet frit i deres naturlige milj\u00f8. Disse dyr er udelukkende fodret med gr\u00e6s og kommer fra svensk, \u00f8kologisk og KRAV-certificeret kv\u00e6g. Vores produkter indeholder ingen hormoner, antibiotika eller tils\u00e6tningsstoffer. [&#8230;]\n","protected":false},"featured_media":267203,"comment_status":"closed","ping_status":"open","template":"","meta":[],"product_brand":[5320],"product_cat":[],"product_tag":[],"class_list":{"0":"post-295208","1":"product","2":"type-product","3":"status-publish","4":"has-post-thumbnail","6":"product_brand-nordic-kings-2","8":"first","9":"instock","10":"sale","11":"featured","12":"taxable","13":"shipping-taxable","14":"purchasable","15":"product-type-simple"},"yoast_head":"<!-- This site is optimized with the Yoast SEO Premium plugin v27.3 (Yoast SEO v27.3) - https:\/\/yoast.com\/product\/yoast-seo-premium-wordpress\/ -->\n<title>Rois Nordiques - M\u00e9lange d&#039;organes 100% nourri \u00e0 l&#039;herbe et biologique - 180 capsules - ECO Supplements<\/title>\n<meta name=\"description\" content=\"Wij hebben een ruime keuze aan producten van Rois Nordiques - M\u00e9lange d&#039;organes 100% nourri \u00e0 l&#039;herbe et biologique - 180 capsules . Winkel bij Eco Supplements altijd gratis verzending boven 100\u20ac\" \/>\n<meta name=\"robots\" content=\"index, follow, max-snippet:-1, max-image-preview:large, max-video-preview:-1\" \/>\n<link rel=\"canonical\" href=\"https:\/\/ecosupplements.be\/fr\/produit\/nordiske-konger-100-graesfodret-okologisk-organblanding-180-kapsler\/\" \/>\n<meta property=\"og:locale\" content=\"fr_FR\" \/>\n<meta property=\"og:type\" content=\"article\" \/>\n<meta property=\"og:title\" content=\"Rois Nordiques - M\u00e9lange d&#039;organes 100% nourri \u00e0 l&#039;herbe et biologique - 180 capsules\" \/>\n<meta property=\"og:description\" content=\"Wij hebben een ruime keuze aan producten van Rois Nordiques - M\u00e9lange d&#039;organes 100% nourri \u00e0 l&#039;herbe et biologique - 180 capsules . Winkel bij Eco Supplements altijd gratis verzending boven 100\u20ac\" \/>\n<meta property=\"og:url\" content=\"https:\/\/ecosupplements.be\/fr\/produit\/nordiske-konger-100-graesfodret-okologisk-organblanding-180-kapsler\/\" \/>\n<meta property=\"og:site_name\" content=\"ECO Supplements\" \/>\n<meta property=\"article:modified_time\" content=\"2025-08-27T17:12:34+00:00\" \/>\n<meta property=\"og:image\" content=\"https:\/\/ecosupplements.be\/wp-content\/uploads\/2025\/08\/Screenshot_34.jpg\" \/>\n\t<meta property=\"og:image:width\" content=\"815\" \/>\n\t<meta property=\"og:image:height\" content=\"752\" \/>\n\t<meta property=\"og:image:type\" content=\"image\/jpeg\" \/>\n<meta name=\"twitter:card\" content=\"summary_large_image\" \/>\n<meta name=\"twitter:label1\" content=\"Prix\" \/>\n\t<meta name=\"twitter:data1\" content=\"28.38&nbsp;&euro;\" \/>\n\t<meta name=\"twitter:label2\" content=\"Disponibilit\u00e9\" \/>\n\t<meta name=\"twitter:data2\" content=\"En stock\" \/>\n<script type=\"application\/ld+json\" class=\"yoast-schema-graph\">{\"@context\":\"https:\\\/\\\/schema.org\",\"@graph\":[{\"@type\":[\"WebPage\",\"ItemPage\"],\"@id\":\"https:\\\/\\\/ecosupplements.be\\\/fr\\\/produit\\\/nordiske-konger-100-graesfodret-okologisk-organblanding-180-kapsler\\\/\",\"url\":\"https:\\\/\\\/ecosupplements.be\\\/fr\\\/produit\\\/nordiske-konger-100-graesfodret-okologisk-organblanding-180-kapsler\\\/\",\"name\":\"Rois Nordiques - M\u00e9lange d'organes 100% nourri \u00e0 l'herbe et biologique - 180 capsules - ECO Supplements\",\"isPartOf\":{\"@id\":\"https:\\\/\\\/ecosupplements.be\\\/fr\\\/#website\"},\"primaryImageOfPage\":{\"@id\":\"https:\\\/\\\/ecosupplements.be\\\/fr\\\/produit\\\/nordiske-konger-100-graesfodret-okologisk-organblanding-180-kapsler\\\/#primaryimage\"},\"image\":{\"@id\":\"https:\\\/\\\/ecosupplements.be\\\/fr\\\/produit\\\/nordiske-konger-100-graesfodret-okologisk-organblanding-180-kapsler\\\/#primaryimage\"},\"thumbnailUrl\":\"https:\\\/\\\/ecosupplements.be\\\/wp-content\\\/uploads\\\/2025\\\/08\\\/Screenshot_34.jpg\",\"datePublished\":\"2024-09-27T09:49:03+00:00\",\"dateModified\":\"2025-08-27T17:12:34+00:00\",\"description\":\"Wij hebben een ruime keuze aan producten van Rois Nordiques - M\u00e9lange d'organes 100% nourri \u00e0 l'herbe et biologique - 180 capsules . Winkel bij Eco Supplements altijd gratis verzending boven 100\u20ac\",\"breadcrumb\":{\"@id\":\"https:\\\/\\\/ecosupplements.be\\\/fr\\\/produit\\\/nordiske-konger-100-graesfodret-okologisk-organblanding-180-kapsler\\\/#breadcrumb\"},\"inLanguage\":\"fr-FR\",\"potentialAction\":[{\"@type\":\"ReadAction\",\"target\":[\"https:\\\/\\\/ecosupplements.be\\\/fr\\\/produit\\\/nordiske-konger-100-graesfodret-okologisk-organblanding-180-kapsler\\\/\"]}]},{\"@type\":\"ImageObject\",\"inLanguage\":\"fr-FR\",\"@id\":\"https:\\\/\\\/ecosupplements.be\\\/fr\\\/produit\\\/nordiske-konger-100-graesfodret-okologisk-organblanding-180-kapsler\\\/#primaryimage\",\"url\":\"https:\\\/\\\/ecosupplements.be\\\/wp-content\\\/uploads\\\/2025\\\/08\\\/Screenshot_34.jpg\",\"contentUrl\":\"https:\\\/\\\/ecosupplements.be\\\/wp-content\\\/uploads\\\/2025\\\/08\\\/Screenshot_34.jpg\",\"width\":815,\"height\":752},{\"@type\":\"BreadcrumbList\",\"@id\":\"https:\\\/\\\/ecosupplements.be\\\/fr\\\/produit\\\/nordiske-konger-100-graesfodret-okologisk-organblanding-180-kapsler\\\/#breadcrumb\",\"itemListElement\":[{\"@type\":\"ListItem\",\"position\":1,\"name\":\"Home\",\"item\":\"https:\\\/\\\/ecosupplements.be\\\/fr\\\/\"},{\"@type\":\"ListItem\",\"position\":2,\"name\":\"Boutique\",\"item\":\"https:\\\/\\\/ecosupplements.be\\\/fr\\\/boutique\\\/\"},{\"@type\":\"ListItem\",\"position\":3,\"name\":\"Rois Nordiques &#8211; M\u00e9lange d&#8217;organes 100% nourri \u00e0 l&#8217;herbe et biologique &#8211; 180 capsules\"}]},{\"@type\":\"WebSite\",\"@id\":\"https:\\\/\\\/ecosupplements.be\\\/fr\\\/#website\",\"url\":\"https:\\\/\\\/ecosupplements.be\\\/fr\\\/\",\"name\":\"ECO Supplements\",\"description\":\"Eco Supplements - Gezonde supplementen\",\"publisher\":{\"@id\":\"https:\\\/\\\/ecosupplements.be\\\/fr\\\/#organization\"},\"potentialAction\":[{\"@type\":\"SearchAction\",\"target\":{\"@type\":\"EntryPoint\",\"urlTemplate\":\"https:\\\/\\\/ecosupplements.be\\\/fr\\\/?s={search_term_string}\"},\"query-input\":{\"@type\":\"PropertyValueSpecification\",\"valueRequired\":true,\"valueName\":\"search_term_string\"}}],\"inLanguage\":\"fr-FR\"},{\"@type\":\"Organization\",\"@id\":\"https:\\\/\\\/ecosupplements.be\\\/fr\\\/#organization\",\"name\":\"Eco Supplements\",\"url\":\"https:\\\/\\\/ecosupplements.be\\\/fr\\\/\",\"logo\":{\"@type\":\"ImageObject\",\"inLanguage\":\"fr-FR\",\"@id\":\"https:\\\/\\\/ecosupplements.be\\\/fr\\\/#\\\/schema\\\/logo\\\/image\\\/\",\"url\":\"https:\\\/\\\/ecosupplements.be\\\/wp-content\\\/uploads\\\/2022\\\/06\\\/ecosupplement-family.png\",\"contentUrl\":\"https:\\\/\\\/ecosupplements.be\\\/wp-content\\\/uploads\\\/2022\\\/06\\\/ecosupplement-family.png\",\"width\":593,\"height\":374,\"caption\":\"Eco Supplements\"},\"image\":{\"@id\":\"https:\\\/\\\/ecosupplements.be\\\/fr\\\/#\\\/schema\\\/logo\\\/image\\\/\"}}]}<\/script>\n<meta property=\"product:brand\" content=\"Nordic Kings\" \/>\n<meta property=\"product:price:amount\" content=\"28.38\" \/>\n<meta property=\"product:price:currency\" content=\"EUR\" \/>\n<meta property=\"og:availability\" content=\"instock\" \/>\n<meta property=\"product:availability\" content=\"instock\" \/>\n<meta property=\"product:retailer_item_id\" content=\"7350133601579\" \/>\n<meta property=\"product:condition\" content=\"new\" \/>\n<!-- \/ Yoast SEO Premium plugin. -->","yoast_head_json":{"title":"Rois Nordiques - M\u00e9lange d'organes 100% nourri \u00e0 l'herbe et biologique - 180 capsules - ECO Supplements","description":"Wij hebben een ruime keuze aan producten van Rois Nordiques - M\u00e9lange d'organes 100% nourri \u00e0 l'herbe et biologique - 180 capsules . Winkel bij Eco Supplements altijd gratis verzending boven 100\u20ac","robots":{"index":"index","follow":"follow","max-snippet":"max-snippet:-1","max-image-preview":"max-image-preview:large","max-video-preview":"max-video-preview:-1"},"canonical":"https:\/\/ecosupplements.be\/fr\/produit\/nordiske-konger-100-graesfodret-okologisk-organblanding-180-kapsler\/","og_locale":"fr_FR","og_type":"article","og_title":"Rois Nordiques - M\u00e9lange d'organes 100% nourri \u00e0 l'herbe et biologique - 180 capsules","og_description":"Wij hebben een ruime keuze aan producten van Rois Nordiques - M\u00e9lange d'organes 100% nourri \u00e0 l'herbe et biologique - 180 capsules . Winkel bij Eco Supplements altijd gratis verzending boven 100\u20ac","og_url":"https:\/\/ecosupplements.be\/fr\/produit\/nordiske-konger-100-graesfodret-okologisk-organblanding-180-kapsler\/","og_site_name":"ECO Supplements","article_modified_time":"2025-08-27T17:12:34+00:00","og_image":[{"width":815,"height":752,"url":"https:\/\/ecosupplements.be\/wp-content\/uploads\/2025\/08\/Screenshot_34.jpg","type":"image\/jpeg"}],"twitter_card":"summary_large_image","twitter_misc":{"Prix":"28.38&nbsp;&euro;","Disponibilit\u00e9":"En stock"},"schema":{"@context":"https:\/\/schema.org","@graph":[{"@type":["WebPage","ItemPage"],"@id":"https:\/\/ecosupplements.be\/fr\/produit\/nordiske-konger-100-graesfodret-okologisk-organblanding-180-kapsler\/","url":"https:\/\/ecosupplements.be\/fr\/produit\/nordiske-konger-100-graesfodret-okologisk-organblanding-180-kapsler\/","name":"Rois Nordiques - M\u00e9lange d'organes 100% nourri \u00e0 l'herbe et biologique - 180 capsules - ECO Supplements","isPartOf":{"@id":"https:\/\/ecosupplements.be\/fr\/#website"},"primaryImageOfPage":{"@id":"https:\/\/ecosupplements.be\/fr\/produit\/nordiske-konger-100-graesfodret-okologisk-organblanding-180-kapsler\/#primaryimage"},"image":{"@id":"https:\/\/ecosupplements.be\/fr\/produit\/nordiske-konger-100-graesfodret-okologisk-organblanding-180-kapsler\/#primaryimage"},"thumbnailUrl":"https:\/\/ecosupplements.be\/wp-content\/uploads\/2025\/08\/Screenshot_34.jpg","datePublished":"2024-09-27T09:49:03+00:00","dateModified":"2025-08-27T17:12:34+00:00","description":"Wij hebben een ruime keuze aan producten van Rois Nordiques - M\u00e9lange d'organes 100% nourri \u00e0 l'herbe et biologique - 180 capsules . Winkel bij Eco Supplements altijd gratis verzending boven 100\u20ac","breadcrumb":{"@id":"https:\/\/ecosupplements.be\/fr\/produit\/nordiske-konger-100-graesfodret-okologisk-organblanding-180-kapsler\/#breadcrumb"},"inLanguage":"fr-FR","potentialAction":[{"@type":"ReadAction","target":["https:\/\/ecosupplements.be\/fr\/produit\/nordiske-konger-100-graesfodret-okologisk-organblanding-180-kapsler\/"]}]},{"@type":"ImageObject","inLanguage":"fr-FR","@id":"https:\/\/ecosupplements.be\/fr\/produit\/nordiske-konger-100-graesfodret-okologisk-organblanding-180-kapsler\/#primaryimage","url":"https:\/\/ecosupplements.be\/wp-content\/uploads\/2025\/08\/Screenshot_34.jpg","contentUrl":"https:\/\/ecosupplements.be\/wp-content\/uploads\/2025\/08\/Screenshot_34.jpg","width":815,"height":752},{"@type":"BreadcrumbList","@id":"https:\/\/ecosupplements.be\/fr\/produit\/nordiske-konger-100-graesfodret-okologisk-organblanding-180-kapsler\/#breadcrumb","itemListElement":[{"@type":"ListItem","position":1,"name":"Home","item":"https:\/\/ecosupplements.be\/fr\/"},{"@type":"ListItem","position":2,"name":"Boutique","item":"https:\/\/ecosupplements.be\/fr\/boutique\/"},{"@type":"ListItem","position":3,"name":"Rois Nordiques &#8211; M\u00e9lange d&#8217;organes 100% nourri \u00e0 l&#8217;herbe et biologique &#8211; 180 capsules"}]},{"@type":"WebSite","@id":"https:\/\/ecosupplements.be\/fr\/#website","url":"https:\/\/ecosupplements.be\/fr\/","name":"ECO Supplements","description":"Eco Supplements - Gezonde supplementen","publisher":{"@id":"https:\/\/ecosupplements.be\/fr\/#organization"},"potentialAction":[{"@type":"SearchAction","target":{"@type":"EntryPoint","urlTemplate":"https:\/\/ecosupplements.be\/fr\/?s={search_term_string}"},"query-input":{"@type":"PropertyValueSpecification","valueRequired":true,"valueName":"search_term_string"}}],"inLanguage":"fr-FR"},{"@type":"Organization","@id":"https:\/\/ecosupplements.be\/fr\/#organization","name":"Eco Supplements","url":"https:\/\/ecosupplements.be\/fr\/","logo":{"@type":"ImageObject","inLanguage":"fr-FR","@id":"https:\/\/ecosupplements.be\/fr\/#\/schema\/logo\/image\/","url":"https:\/\/ecosupplements.be\/wp-content\/uploads\/2022\/06\/ecosupplement-family.png","contentUrl":"https:\/\/ecosupplements.be\/wp-content\/uploads\/2022\/06\/ecosupplement-family.png","width":593,"height":374,"caption":"Eco Supplements"},"image":{"@id":"https:\/\/ecosupplements.be\/fr\/#\/schema\/logo\/image\/"}}]},"product_brand":"Nordic Kings","product_price_amount":"28.38","product_price_currency":"EUR","og_availability":"instock","product_availability":"instock","product_retailer_item_id":"7350133601579","product_condition":"new"},"_links":{"self":[{"href":"https:\/\/ecosupplements.be\/fr\/wp-json\/wp\/v2\/product\/295208","targetHints":{"allow":["GET"]}}],"collection":[{"href":"https:\/\/ecosupplements.be\/fr\/wp-json\/wp\/v2\/product"}],"about":[{"href":"https:\/\/ecosupplements.be\/fr\/wp-json\/wp\/v2\/types\/product"}],"replies":[{"embeddable":true,"href":"https:\/\/ecosupplements.be\/fr\/wp-json\/wp\/v2\/comments?post=295208"}],"wp:featuredmedia":[{"embeddable":true,"href":"https:\/\/ecosupplements.be\/fr\/wp-json\/wp\/v2\/media\/267203"}],"wp:attachment":[{"href":"https:\/\/ecosupplements.be\/fr\/wp-json\/wp\/v2\/media?parent=295208"}],"wp:term":[{"taxonomy":"product_brand","embeddable":true,"href":"https:\/\/ecosupplements.be\/fr\/wp-json\/wp\/v2\/product_brand?post=295208"},{"taxonomy":"product_cat","embeddable":true,"href":"https:\/\/ecosupplements.be\/fr\/wp-json\/wp\/v2\/product_cat?post=295208"},{"taxonomy":"product_tag","embeddable":true,"href":"https:\/\/ecosupplements.be\/fr\/wp-json\/wp\/v2\/product_tag?post=295208"}],"curies":[{"name":"wp","href":"https:\/\/api.w.org\/{rel}","templated":true}]}}