{"id":295262,"date":"2024-02-25T02:00:25","date_gmt":"2024-02-25T01:00:25","guid":{"rendered":"https:\/\/ecosupplements.be\/product\/pure-dha-tyggetabletter-naturlig-baer-90-blode-kapsler\/"},"modified":"2025-08-27T18:13:41","modified_gmt":"2025-08-27T17:13:41","slug":"pure-dha-tyggetabletter-naturlig-baer-90-blode-kapsler","status":"publish","type":"product","link":"https:\/\/ecosupplements.be\/fr\/produit\/pure-dha-tyggetabletter-naturlig-baer-90-blode-kapsler\/","title":{"rendered":"Comprim\u00e9s \u00e0 m\u00e2cher de DHA pur, Baies naturelles &#8211; 90 capsules molles"},"content":{"rendered":"<div>\n<h2>Pure \u2062DHA Tyggetabletter, Naturlig B\u00e6r &#8211; 90\u2062 bl\u00f8de kapsler<\/h2>\n<p>  <img decoding=\"async\" src=\"path-to-product-image.jpg\" alt=\"Pure DHA Tyggetabletter, Naturlig B\u00e6r - 90 bl\u00f8de kapsler\" \/><\/p>\n<h3>Produktbeskrivelse<\/h3>\n<p>Opdag fordelene ved Pure DHA Tyggetabletter med\u2063 naturlig b\u00e6rsmag \u2013 et kosttilskud af h\u00f8j kvalitet designet \u200ctil at underst\u00f8tte en sund \u2063livsstil. Disse bl\u00f8de kapsler er beriget med DHA, en essentiel omega-3 fedtsyre, der hj\u00e6lper\u2063 med \u2063at opretholde normal hjernefunktion og syn.<\/p>\n<h3>Egenskaber<\/h3>\n<ul>\n<li>L\u00e6kker naturlig\u2062 b\u00e6rsmag<\/li>\n<li>Tyggevenlige bl\u00f8de kapsler, lette for alle aldre at indtage<\/li>\n<li>Indeholder 90 bl\u00f8de \u2063kapsler pr. flaske<\/li>\n<\/ul>\n<h3>Ingredienser<\/h3>\n<p>Dette produkt indeholder hovedsageligt DHA (docosahexaensyre), naturlige aromaer \u200bog andre n\u00f8je udvalgte ingredienser.<\/p>\n<h3>Fordele \u2064ved Pure DHA Tyggetabletter:<\/h3>\n<ol>\n<li>Hj\u00e6lper med at opretholde\u2062 normal hjernefunktion og syn.<\/li>\n<li>Fremmer generelt \u200bvelv\u00e6re.<\/li>\n<\/ol>\n<h3>Funktioner:<\/h3>\n<table>\n<tr>\n<th>Funktion<\/th>\n<th>Detaljer<\/th>\n<\/tr>\n<tr>\n<td>M\u00e6rke:<\/td>\n<td>Child Life<\/td>\n<\/tr>\n<tr>\n<td>Type:&lt;\/td<\/p>\n<td>Pure DHA\u2064 Tyggetabletter, Naturlig B\u00e6r &#8211; Bl\u00f8d \u200dKapsel<\/td>\n<p>&lt;\/tr<\/p>\n<tr \/>\n<td>Oprindelsesland:&lt;\/td<\/p>\n<td>Amerikas Forenede \u2063Stater<\/td>\n<\/table>\n<\/div>\n<p>Title: Pure DHA Tyggetabletter, Naturlig B\u00e6r &#8211; 90 bl\u00f8de kapsler<\/p>\n<p>Brand:\u00a0Child Life<\/p>\n<p>EAN:\u00a0608274105508<\/p>\n<p>&nbsp;<\/p>\n","protected":false},"excerpt":{"rendered":"<p>Pure \u2062DHA Tyggetabletter, Naturlig B\u00e6r &#8211; 90\u2062 bl\u00f8de kapsler Produktbeskrivelse Opdag fordelene ved Pure DHA Tyggetabletter med\u2063 naturlig b\u00e6rsmag \u2013 et kosttilskud af h\u00f8j kvalitet designet \u200ctil at underst\u00f8tte en sund \u2063livsstil. Disse bl\u00f8de kapsler er beriget med DHA, en essentiel omega-3 fedtsyre, der hj\u00e6lper\u2063 med \u2063at opretholde normal hjernefunktion og syn. Egenskaber L\u00e6kker naturlig\u2062 [&#8230;]\n","protected":false},"featured_media":267601,"comment_status":"open","ping_status":"open","template":"","meta":[],"product_brand":[5262],"product_cat":[5052],"product_tag":[],"class_list":{"0":"post-295262","1":"product","2":"type-product","3":"status-publish","4":"has-post-thumbnail","6":"product_brand-child-life-2","7":"product_cat-sante-et-bien-etre","9":"first","10":"instock","11":"taxable","12":"shipping-taxable","13":"purchasable","14":"product-type-simple"},"yoast_head":"<!-- This site is optimized with the Yoast SEO Premium plugin v27.3 (Yoast SEO v27.3) - https:\/\/yoast.com\/product\/yoast-seo-premium-wordpress\/ -->\n<title>Comprim\u00e9s \u00e0 m\u00e2cher de DHA pur, Baies naturelles - 90 capsules molles - ECO Supplements<\/title>\n<meta name=\"description\" content=\"Wij hebben een ruime keuze aan producten van Comprim\u00e9s \u00e0 m\u00e2cher de DHA pur, Baies naturelles - 90 capsules molles . Winkel bij Eco Supplements altijd gratis verzending boven 100\u20ac\" \/>\n<meta name=\"robots\" content=\"index, follow, max-snippet:-1, max-image-preview:large, max-video-preview:-1\" \/>\n<link rel=\"canonical\" href=\"https:\/\/ecosupplements.be\/fr\/produit\/pure-dha-tyggetabletter-naturlig-baer-90-blode-kapsler\/\" \/>\n<meta property=\"og:locale\" content=\"fr_FR\" \/>\n<meta property=\"og:type\" content=\"article\" \/>\n<meta property=\"og:title\" content=\"Comprim\u00e9s \u00e0 m\u00e2cher de DHA pur, Baies naturelles - 90 capsules molles\" \/>\n<meta property=\"og:description\" content=\"Wij hebben een ruime keuze aan producten van Comprim\u00e9s \u00e0 m\u00e2cher de DHA pur, Baies naturelles - 90 capsules molles . Winkel bij Eco Supplements altijd gratis verzending boven 100\u20ac\" \/>\n<meta property=\"og:url\" content=\"https:\/\/ecosupplements.be\/fr\/produit\/pure-dha-tyggetabletter-naturlig-baer-90-blode-kapsler\/\" \/>\n<meta property=\"og:site_name\" content=\"ECO Supplements\" \/>\n<meta property=\"article:modified_time\" content=\"2025-08-27T17:13:41+00:00\" \/>\n<meta property=\"og:image\" content=\"https:\/\/ecosupplements.be\/wp-content\/uploads\/2025\/08\/Pure-DHA-Chewable-Natural-Berry-90-softgels.jpg\" \/>\n\t<meta property=\"og:image:width\" content=\"600\" \/>\n\t<meta property=\"og:image:height\" content=\"600\" \/>\n\t<meta property=\"og:image:type\" content=\"image\/jpeg\" \/>\n<meta name=\"twitter:card\" content=\"summary_large_image\" \/>\n<meta name=\"twitter:label1\" content=\"Prix\" \/>\n\t<meta name=\"twitter:data1\" content=\"14.76&nbsp;&euro;\" \/>\n\t<meta name=\"twitter:label2\" content=\"Disponibilit\u00e9\" \/>\n\t<meta name=\"twitter:data2\" content=\"En stock\" \/>\n<script type=\"application\/ld+json\" class=\"yoast-schema-graph\">{\"@context\":\"https:\\\/\\\/schema.org\",\"@graph\":[{\"@type\":[\"WebPage\",\"ItemPage\"],\"@id\":\"https:\\\/\\\/ecosupplements.be\\\/fr\\\/produit\\\/pure-dha-tyggetabletter-naturlig-baer-90-blode-kapsler\\\/\",\"url\":\"https:\\\/\\\/ecosupplements.be\\\/fr\\\/produit\\\/pure-dha-tyggetabletter-naturlig-baer-90-blode-kapsler\\\/\",\"name\":\"Comprim\u00e9s \u00e0 m\u00e2cher de DHA pur, Baies naturelles - 90 capsules molles - ECO Supplements\",\"isPartOf\":{\"@id\":\"https:\\\/\\\/ecosupplements.be\\\/fr\\\/#website\"},\"primaryImageOfPage\":{\"@id\":\"https:\\\/\\\/ecosupplements.be\\\/fr\\\/produit\\\/pure-dha-tyggetabletter-naturlig-baer-90-blode-kapsler\\\/#primaryimage\"},\"image\":{\"@id\":\"https:\\\/\\\/ecosupplements.be\\\/fr\\\/produit\\\/pure-dha-tyggetabletter-naturlig-baer-90-blode-kapsler\\\/#primaryimage\"},\"thumbnailUrl\":\"https:\\\/\\\/ecosupplements.be\\\/wp-content\\\/uploads\\\/2025\\\/08\\\/Pure-DHA-Chewable-Natural-Berry-90-softgels.jpg\",\"datePublished\":\"2024-02-25T01:00:25+00:00\",\"dateModified\":\"2025-08-27T17:13:41+00:00\",\"description\":\"Wij hebben een ruime keuze aan producten van Comprim\u00e9s \u00e0 m\u00e2cher de DHA pur, Baies naturelles - 90 capsules molles . Winkel bij Eco Supplements altijd gratis verzending boven 100\u20ac\",\"breadcrumb\":{\"@id\":\"https:\\\/\\\/ecosupplements.be\\\/fr\\\/produit\\\/pure-dha-tyggetabletter-naturlig-baer-90-blode-kapsler\\\/#breadcrumb\"},\"inLanguage\":\"fr-FR\",\"potentialAction\":[{\"@type\":\"ReadAction\",\"target\":[\"https:\\\/\\\/ecosupplements.be\\\/fr\\\/produit\\\/pure-dha-tyggetabletter-naturlig-baer-90-blode-kapsler\\\/\"]}]},{\"@type\":\"ImageObject\",\"inLanguage\":\"fr-FR\",\"@id\":\"https:\\\/\\\/ecosupplements.be\\\/fr\\\/produit\\\/pure-dha-tyggetabletter-naturlig-baer-90-blode-kapsler\\\/#primaryimage\",\"url\":\"https:\\\/\\\/ecosupplements.be\\\/wp-content\\\/uploads\\\/2025\\\/08\\\/Pure-DHA-Chewable-Natural-Berry-90-softgels.jpg\",\"contentUrl\":\"https:\\\/\\\/ecosupplements.be\\\/wp-content\\\/uploads\\\/2025\\\/08\\\/Pure-DHA-Chewable-Natural-Berry-90-softgels.jpg\",\"width\":600,\"height\":600},{\"@type\":\"BreadcrumbList\",\"@id\":\"https:\\\/\\\/ecosupplements.be\\\/fr\\\/produit\\\/pure-dha-tyggetabletter-naturlig-baer-90-blode-kapsler\\\/#breadcrumb\",\"itemListElement\":[{\"@type\":\"ListItem\",\"position\":1,\"name\":\"Home\",\"item\":\"https:\\\/\\\/ecosupplements.be\\\/fr\\\/\"},{\"@type\":\"ListItem\",\"position\":2,\"name\":\"Boutique\",\"item\":\"https:\\\/\\\/ecosupplements.be\\\/fr\\\/boutique\\\/\"},{\"@type\":\"ListItem\",\"position\":3,\"name\":\"Comprim\u00e9s \u00e0 m\u00e2cher de DHA pur, Baies naturelles &#8211; 90 capsules molles\"}]},{\"@type\":\"WebSite\",\"@id\":\"https:\\\/\\\/ecosupplements.be\\\/fr\\\/#website\",\"url\":\"https:\\\/\\\/ecosupplements.be\\\/fr\\\/\",\"name\":\"ECO Supplements\",\"description\":\"Eco Supplements - Gezonde supplementen\",\"publisher\":{\"@id\":\"https:\\\/\\\/ecosupplements.be\\\/fr\\\/#organization\"},\"potentialAction\":[{\"@type\":\"SearchAction\",\"target\":{\"@type\":\"EntryPoint\",\"urlTemplate\":\"https:\\\/\\\/ecosupplements.be\\\/fr\\\/?s={search_term_string}\"},\"query-input\":{\"@type\":\"PropertyValueSpecification\",\"valueRequired\":true,\"valueName\":\"search_term_string\"}}],\"inLanguage\":\"fr-FR\"},{\"@type\":\"Organization\",\"@id\":\"https:\\\/\\\/ecosupplements.be\\\/fr\\\/#organization\",\"name\":\"Eco Supplements\",\"url\":\"https:\\\/\\\/ecosupplements.be\\\/fr\\\/\",\"logo\":{\"@type\":\"ImageObject\",\"inLanguage\":\"fr-FR\",\"@id\":\"https:\\\/\\\/ecosupplements.be\\\/fr\\\/#\\\/schema\\\/logo\\\/image\\\/\",\"url\":\"https:\\\/\\\/ecosupplements.be\\\/wp-content\\\/uploads\\\/2022\\\/06\\\/ecosupplement-family.png\",\"contentUrl\":\"https:\\\/\\\/ecosupplements.be\\\/wp-content\\\/uploads\\\/2022\\\/06\\\/ecosupplement-family.png\",\"width\":593,\"height\":374,\"caption\":\"Eco Supplements\"},\"image\":{\"@id\":\"https:\\\/\\\/ecosupplements.be\\\/fr\\\/#\\\/schema\\\/logo\\\/image\\\/\"}}]}<\/script>\n<meta property=\"product:brand\" content=\"Child Life\" \/>\n<meta property=\"product:price:amount\" content=\"14.76\" \/>\n<meta property=\"product:price:currency\" content=\"EUR\" \/>\n<meta property=\"og:availability\" content=\"instock\" \/>\n<meta property=\"product:availability\" content=\"instock\" \/>\n<meta property=\"product:retailer_item_id\" content=\"608274105508\" \/>\n<meta property=\"product:condition\" content=\"new\" \/>\n<!-- \/ Yoast SEO Premium plugin. -->","yoast_head_json":{"title":"Comprim\u00e9s \u00e0 m\u00e2cher de DHA pur, Baies naturelles - 90 capsules molles - ECO Supplements","description":"Wij hebben een ruime keuze aan producten van Comprim\u00e9s \u00e0 m\u00e2cher de DHA pur, Baies naturelles - 90 capsules molles . Winkel bij Eco Supplements altijd gratis verzending boven 100\u20ac","robots":{"index":"index","follow":"follow","max-snippet":"max-snippet:-1","max-image-preview":"max-image-preview:large","max-video-preview":"max-video-preview:-1"},"canonical":"https:\/\/ecosupplements.be\/fr\/produit\/pure-dha-tyggetabletter-naturlig-baer-90-blode-kapsler\/","og_locale":"fr_FR","og_type":"article","og_title":"Comprim\u00e9s \u00e0 m\u00e2cher de DHA pur, Baies naturelles - 90 capsules molles","og_description":"Wij hebben een ruime keuze aan producten van Comprim\u00e9s \u00e0 m\u00e2cher de DHA pur, Baies naturelles - 90 capsules molles . Winkel bij Eco Supplements altijd gratis verzending boven 100\u20ac","og_url":"https:\/\/ecosupplements.be\/fr\/produit\/pure-dha-tyggetabletter-naturlig-baer-90-blode-kapsler\/","og_site_name":"ECO Supplements","article_modified_time":"2025-08-27T17:13:41+00:00","og_image":[{"width":600,"height":600,"url":"https:\/\/ecosupplements.be\/wp-content\/uploads\/2025\/08\/Pure-DHA-Chewable-Natural-Berry-90-softgels.jpg","type":"image\/jpeg"}],"twitter_card":"summary_large_image","twitter_misc":{"Prix":"14.76&nbsp;&euro;","Disponibilit\u00e9":"En stock"},"schema":{"@context":"https:\/\/schema.org","@graph":[{"@type":["WebPage","ItemPage"],"@id":"https:\/\/ecosupplements.be\/fr\/produit\/pure-dha-tyggetabletter-naturlig-baer-90-blode-kapsler\/","url":"https:\/\/ecosupplements.be\/fr\/produit\/pure-dha-tyggetabletter-naturlig-baer-90-blode-kapsler\/","name":"Comprim\u00e9s \u00e0 m\u00e2cher de DHA pur, Baies naturelles - 90 capsules molles - ECO Supplements","isPartOf":{"@id":"https:\/\/ecosupplements.be\/fr\/#website"},"primaryImageOfPage":{"@id":"https:\/\/ecosupplements.be\/fr\/produit\/pure-dha-tyggetabletter-naturlig-baer-90-blode-kapsler\/#primaryimage"},"image":{"@id":"https:\/\/ecosupplements.be\/fr\/produit\/pure-dha-tyggetabletter-naturlig-baer-90-blode-kapsler\/#primaryimage"},"thumbnailUrl":"https:\/\/ecosupplements.be\/wp-content\/uploads\/2025\/08\/Pure-DHA-Chewable-Natural-Berry-90-softgels.jpg","datePublished":"2024-02-25T01:00:25+00:00","dateModified":"2025-08-27T17:13:41+00:00","description":"Wij hebben een ruime keuze aan producten van Comprim\u00e9s \u00e0 m\u00e2cher de DHA pur, Baies naturelles - 90 capsules molles . Winkel bij Eco Supplements altijd gratis verzending boven 100\u20ac","breadcrumb":{"@id":"https:\/\/ecosupplements.be\/fr\/produit\/pure-dha-tyggetabletter-naturlig-baer-90-blode-kapsler\/#breadcrumb"},"inLanguage":"fr-FR","potentialAction":[{"@type":"ReadAction","target":["https:\/\/ecosupplements.be\/fr\/produit\/pure-dha-tyggetabletter-naturlig-baer-90-blode-kapsler\/"]}]},{"@type":"ImageObject","inLanguage":"fr-FR","@id":"https:\/\/ecosupplements.be\/fr\/produit\/pure-dha-tyggetabletter-naturlig-baer-90-blode-kapsler\/#primaryimage","url":"https:\/\/ecosupplements.be\/wp-content\/uploads\/2025\/08\/Pure-DHA-Chewable-Natural-Berry-90-softgels.jpg","contentUrl":"https:\/\/ecosupplements.be\/wp-content\/uploads\/2025\/08\/Pure-DHA-Chewable-Natural-Berry-90-softgels.jpg","width":600,"height":600},{"@type":"BreadcrumbList","@id":"https:\/\/ecosupplements.be\/fr\/produit\/pure-dha-tyggetabletter-naturlig-baer-90-blode-kapsler\/#breadcrumb","itemListElement":[{"@type":"ListItem","position":1,"name":"Home","item":"https:\/\/ecosupplements.be\/fr\/"},{"@type":"ListItem","position":2,"name":"Boutique","item":"https:\/\/ecosupplements.be\/fr\/boutique\/"},{"@type":"ListItem","position":3,"name":"Comprim\u00e9s \u00e0 m\u00e2cher de DHA pur, Baies naturelles &#8211; 90 capsules molles"}]},{"@type":"WebSite","@id":"https:\/\/ecosupplements.be\/fr\/#website","url":"https:\/\/ecosupplements.be\/fr\/","name":"ECO Supplements","description":"Eco Supplements - Gezonde supplementen","publisher":{"@id":"https:\/\/ecosupplements.be\/fr\/#organization"},"potentialAction":[{"@type":"SearchAction","target":{"@type":"EntryPoint","urlTemplate":"https:\/\/ecosupplements.be\/fr\/?s={search_term_string}"},"query-input":{"@type":"PropertyValueSpecification","valueRequired":true,"valueName":"search_term_string"}}],"inLanguage":"fr-FR"},{"@type":"Organization","@id":"https:\/\/ecosupplements.be\/fr\/#organization","name":"Eco Supplements","url":"https:\/\/ecosupplements.be\/fr\/","logo":{"@type":"ImageObject","inLanguage":"fr-FR","@id":"https:\/\/ecosupplements.be\/fr\/#\/schema\/logo\/image\/","url":"https:\/\/ecosupplements.be\/wp-content\/uploads\/2022\/06\/ecosupplement-family.png","contentUrl":"https:\/\/ecosupplements.be\/wp-content\/uploads\/2022\/06\/ecosupplement-family.png","width":593,"height":374,"caption":"Eco Supplements"},"image":{"@id":"https:\/\/ecosupplements.be\/fr\/#\/schema\/logo\/image\/"}}]},"product_brand":"Child Life","product_price_amount":"14.76","product_price_currency":"EUR","og_availability":"instock","product_availability":"instock","product_retailer_item_id":"608274105508","product_condition":"new"},"_links":{"self":[{"href":"https:\/\/ecosupplements.be\/fr\/wp-json\/wp\/v2\/product\/295262","targetHints":{"allow":["GET"]}}],"collection":[{"href":"https:\/\/ecosupplements.be\/fr\/wp-json\/wp\/v2\/product"}],"about":[{"href":"https:\/\/ecosupplements.be\/fr\/wp-json\/wp\/v2\/types\/product"}],"replies":[{"embeddable":true,"href":"https:\/\/ecosupplements.be\/fr\/wp-json\/wp\/v2\/comments?post=295262"}],"wp:featuredmedia":[{"embeddable":true,"href":"https:\/\/ecosupplements.be\/fr\/wp-json\/wp\/v2\/media\/267601"}],"wp:attachment":[{"href":"https:\/\/ecosupplements.be\/fr\/wp-json\/wp\/v2\/media?parent=295262"}],"wp:term":[{"taxonomy":"product_brand","embeddable":true,"href":"https:\/\/ecosupplements.be\/fr\/wp-json\/wp\/v2\/product_brand?post=295262"},{"taxonomy":"product_cat","embeddable":true,"href":"https:\/\/ecosupplements.be\/fr\/wp-json\/wp\/v2\/product_cat?post=295262"},{"taxonomy":"product_tag","embeddable":true,"href":"https:\/\/ecosupplements.be\/fr\/wp-json\/wp\/v2\/product_tag?post=295262"}],"curies":[{"name":"wp","href":"https:\/\/api.w.org\/{rel}","templated":true}]}}