{"id":295531,"date":"2025-04-13T15:52:34","date_gmt":"2025-04-13T14:52:34","guid":{"rendered":"https:\/\/ecosupplements.be\/product\/swanson-epicor-immunogen-500mg-30caps\/"},"modified":"2025-08-27T18:18:30","modified_gmt":"2025-08-27T17:18:30","slug":"swanson-epicor-immunogen-500mg-30caps","status":"publish","type":"product","link":"https:\/\/ecosupplements.be\/fr\/produit\/swanson-epicor-immunogen-500mg-30caps\/","title":{"rendered":"SWANSON Epicor Immunog\u00e8ne 500mg 30 g\u00e9lules"},"content":{"rendered":"<h2>SWANSON Epicor immunogen 500mg 30caps<\/h2>\n<p>D\u00e9couvrez le choix naturel pour votre quotidien avec SWANSON Epicor immunogen, pr\u00e9sent\u00e9 dans un format pratique de 30 capsules. Chaque capsule contient 500mg d&#8217;Epicor, un ingr\u00e9dient soigneusement s\u00e9lectionn\u00e9 pour sa grande puret\u00e9 et son origine naturelle.<\/p>\n<p>Ce produit est con\u00e7u pour s&#8217;int\u00e9grer harmonieusement \u00e0 un mode de vie actif et \u00e9quilibr\u00e9. Les capsules sont faciles \u00e0 utiliser et peuvent \u00eatre int\u00e9gr\u00e9es simplement dans votre routine quotidienne.<\/p>\n<h3>Ingr\u00e9dients principaux<\/h3>\n<ul>\n<li>Epicor : Un composant de haute qualit\u00e9 issu de processus naturels.<\/li>\n<\/ul>\n<h3>Contenu et emballage<\/h3>\n<p>Ce produit est conditionn\u00e9 en flacon contenant 30 capsules, id\u00e9al pour une utilisation mensuelle.<\/p>\n<h3>Utilisation<\/h3>\n<p>Prenez une capsule par jour ou suivez les recommandations d&#8217;un professionnel. Ce format simple assure une utilisation ais\u00e9e au quotidien.<\/p>\n<h3>caract\u00e9ristiques pratiques<\/h3>\n<p>Avec son design compact, ce flacon est facile \u00e0 transporter et \u00e0 conserver, vous permettant ainsi de maintenir votre routine o\u00f9 que vous soyez.<\/p>\n<p>Faites le choix d&#8217;un produit pratique aux composants naturels avec SWANSON Epicor immunogen. Un alli\u00e9 quotidien sans pr\u00e9tentions m\u00e9dicales ni th\u00e9rapeutiques, juste la simplicit\u00e9 au service de votre style de vie actif.<\/p>\n","protected":false},"excerpt":{"rendered":"<p>SWANSON Epicor immunogen 500mg 30caps D\u00e9couvrez le choix naturel pour votre quotidien avec SWANSON Epicor immunogen, pr\u00e9sent\u00e9 dans un format pratique de 30 capsules. Chaque capsule contient 500mg d&#8217;Epicor, un ingr\u00e9dient soigneusement s\u00e9lectionn\u00e9 pour sa grande puret\u00e9 et son origine naturelle. Ce produit est con\u00e7u pour s&#8217;int\u00e9grer harmonieusement \u00e0 un mode de vie actif et [&#8230;]\n","protected":false},"featured_media":268120,"comment_status":"closed","ping_status":"open","template":"","meta":[],"product_brand":[4761],"product_cat":[5052],"product_tag":[],"class_list":{"0":"post-295531","1":"product","2":"type-product","3":"status-publish","4":"has-post-thumbnail","6":"product_brand-swanson-2","7":"product_cat-sante-et-bien-etre","9":"first","10":"instock","11":"taxable","12":"shipping-taxable","13":"purchasable","14":"product-type-simple"},"yoast_head":"<!-- This site is optimized with the Yoast SEO Premium plugin v27.3 (Yoast SEO v27.3) - https:\/\/yoast.com\/product\/yoast-seo-premium-wordpress\/ -->\n<title>SWANSON Epicor Immunog\u00e8ne 500mg 30 g\u00e9lules - ECO Supplements<\/title>\n<meta name=\"description\" content=\"Wij hebben een ruime keuze aan producten van SWANSON Epicor Immunog\u00e8ne 500mg 30 g\u00e9lules . Winkel bij Eco Supplements altijd gratis verzending boven 100\u20ac\" \/>\n<meta name=\"robots\" content=\"index, follow, max-snippet:-1, max-image-preview:large, max-video-preview:-1\" \/>\n<link rel=\"canonical\" href=\"https:\/\/ecosupplements.be\/fr\/produit\/swanson-epicor-immunogen-500mg-30caps\/\" \/>\n<meta property=\"og:locale\" content=\"fr_FR\" \/>\n<meta property=\"og:type\" content=\"article\" \/>\n<meta property=\"og:title\" content=\"SWANSON Epicor Immunog\u00e8ne 500mg 30 g\u00e9lules\" \/>\n<meta property=\"og:description\" content=\"Wij hebben een ruime keuze aan producten van SWANSON Epicor Immunog\u00e8ne 500mg 30 g\u00e9lules . Winkel bij Eco Supplements altijd gratis verzending boven 100\u20ac\" \/>\n<meta property=\"og:url\" content=\"https:\/\/ecosupplements.be\/fr\/produit\/swanson-epicor-immunogen-500mg-30caps\/\" \/>\n<meta property=\"og:site_name\" content=\"ECO Supplements\" \/>\n<meta property=\"article:modified_time\" content=\"2025-08-27T17:18:30+00:00\" \/>\n<meta property=\"og:image\" content=\"https:\/\/ecosupplements.be\/wp-content\/uploads\/2025\/08\/Swanson-Rapid-Immune-Defense-Featuring-Epicor-500.jpg\" \/>\n\t<meta property=\"og:image:width\" content=\"1200\" \/>\n\t<meta property=\"og:image:height\" content=\"1200\" \/>\n\t<meta property=\"og:image:type\" content=\"image\/jpeg\" \/>\n<meta name=\"twitter:card\" content=\"summary_large_image\" \/>\n<meta name=\"twitter:label1\" content=\"Prix\" \/>\n\t<meta name=\"twitter:data1\" content=\"25.51&nbsp;&euro;\" \/>\n\t<meta name=\"twitter:label2\" content=\"Disponibilit\u00e9\" \/>\n\t<meta name=\"twitter:data2\" content=\"En stock\" \/>\n<script type=\"application\/ld+json\" class=\"yoast-schema-graph\">{\"@context\":\"https:\\\/\\\/schema.org\",\"@graph\":[{\"@type\":[\"WebPage\",\"ItemPage\"],\"@id\":\"https:\\\/\\\/ecosupplements.be\\\/fr\\\/produit\\\/swanson-epicor-immunogen-500mg-30caps\\\/\",\"url\":\"https:\\\/\\\/ecosupplements.be\\\/fr\\\/produit\\\/swanson-epicor-immunogen-500mg-30caps\\\/\",\"name\":\"SWANSON Epicor Immunog\u00e8ne 500mg 30 g\u00e9lules - ECO Supplements\",\"isPartOf\":{\"@id\":\"https:\\\/\\\/ecosupplements.be\\\/fr\\\/#website\"},\"primaryImageOfPage\":{\"@id\":\"https:\\\/\\\/ecosupplements.be\\\/fr\\\/produit\\\/swanson-epicor-immunogen-500mg-30caps\\\/#primaryimage\"},\"image\":{\"@id\":\"https:\\\/\\\/ecosupplements.be\\\/fr\\\/produit\\\/swanson-epicor-immunogen-500mg-30caps\\\/#primaryimage\"},\"thumbnailUrl\":\"https:\\\/\\\/ecosupplements.be\\\/wp-content\\\/uploads\\\/2025\\\/08\\\/Swanson-Rapid-Immune-Defense-Featuring-Epicor-500.jpg\",\"datePublished\":\"2025-04-13T14:52:34+00:00\",\"dateModified\":\"2025-08-27T17:18:30+00:00\",\"description\":\"Wij hebben een ruime keuze aan producten van SWANSON Epicor Immunog\u00e8ne 500mg 30 g\u00e9lules . Winkel bij Eco Supplements altijd gratis verzending boven 100\u20ac\",\"breadcrumb\":{\"@id\":\"https:\\\/\\\/ecosupplements.be\\\/fr\\\/produit\\\/swanson-epicor-immunogen-500mg-30caps\\\/#breadcrumb\"},\"inLanguage\":\"fr-FR\",\"potentialAction\":[{\"@type\":\"ReadAction\",\"target\":[\"https:\\\/\\\/ecosupplements.be\\\/fr\\\/produit\\\/swanson-epicor-immunogen-500mg-30caps\\\/\"]}]},{\"@type\":\"ImageObject\",\"inLanguage\":\"fr-FR\",\"@id\":\"https:\\\/\\\/ecosupplements.be\\\/fr\\\/produit\\\/swanson-epicor-immunogen-500mg-30caps\\\/#primaryimage\",\"url\":\"https:\\\/\\\/ecosupplements.be\\\/wp-content\\\/uploads\\\/2025\\\/08\\\/Swanson-Rapid-Immune-Defense-Featuring-Epicor-500.jpg\",\"contentUrl\":\"https:\\\/\\\/ecosupplements.be\\\/wp-content\\\/uploads\\\/2025\\\/08\\\/Swanson-Rapid-Immune-Defense-Featuring-Epicor-500.jpg\",\"width\":1200,\"height\":1200},{\"@type\":\"BreadcrumbList\",\"@id\":\"https:\\\/\\\/ecosupplements.be\\\/fr\\\/produit\\\/swanson-epicor-immunogen-500mg-30caps\\\/#breadcrumb\",\"itemListElement\":[{\"@type\":\"ListItem\",\"position\":1,\"name\":\"Home\",\"item\":\"https:\\\/\\\/ecosupplements.be\\\/fr\\\/\"},{\"@type\":\"ListItem\",\"position\":2,\"name\":\"Boutique\",\"item\":\"https:\\\/\\\/ecosupplements.be\\\/fr\\\/boutique\\\/\"},{\"@type\":\"ListItem\",\"position\":3,\"name\":\"SWANSON Epicor Immunog\u00e8ne 500mg 30 g\u00e9lules\"}]},{\"@type\":\"WebSite\",\"@id\":\"https:\\\/\\\/ecosupplements.be\\\/fr\\\/#website\",\"url\":\"https:\\\/\\\/ecosupplements.be\\\/fr\\\/\",\"name\":\"ECO Supplements\",\"description\":\"Eco Supplements - Gezonde supplementen\",\"publisher\":{\"@id\":\"https:\\\/\\\/ecosupplements.be\\\/fr\\\/#organization\"},\"potentialAction\":[{\"@type\":\"SearchAction\",\"target\":{\"@type\":\"EntryPoint\",\"urlTemplate\":\"https:\\\/\\\/ecosupplements.be\\\/fr\\\/?s={search_term_string}\"},\"query-input\":{\"@type\":\"PropertyValueSpecification\",\"valueRequired\":true,\"valueName\":\"search_term_string\"}}],\"inLanguage\":\"fr-FR\"},{\"@type\":\"Organization\",\"@id\":\"https:\\\/\\\/ecosupplements.be\\\/fr\\\/#organization\",\"name\":\"Eco Supplements\",\"url\":\"https:\\\/\\\/ecosupplements.be\\\/fr\\\/\",\"logo\":{\"@type\":\"ImageObject\",\"inLanguage\":\"fr-FR\",\"@id\":\"https:\\\/\\\/ecosupplements.be\\\/fr\\\/#\\\/schema\\\/logo\\\/image\\\/\",\"url\":\"https:\\\/\\\/ecosupplements.be\\\/wp-content\\\/uploads\\\/2022\\\/06\\\/ecosupplement-family.png\",\"contentUrl\":\"https:\\\/\\\/ecosupplements.be\\\/wp-content\\\/uploads\\\/2022\\\/06\\\/ecosupplement-family.png\",\"width\":593,\"height\":374,\"caption\":\"Eco Supplements\"},\"image\":{\"@id\":\"https:\\\/\\\/ecosupplements.be\\\/fr\\\/#\\\/schema\\\/logo\\\/image\\\/\"}}]}<\/script>\n<meta property=\"product:brand\" content=\"Swanson\" \/>\n<meta property=\"product:price:amount\" content=\"25.51\" \/>\n<meta property=\"product:price:currency\" content=\"EUR\" \/>\n<meta property=\"og:availability\" content=\"instock\" \/>\n<meta property=\"product:availability\" content=\"instock\" \/>\n<meta property=\"product:retailer_item_id\" content=\"87614023687\" \/>\n<meta property=\"product:condition\" content=\"new\" \/>\n<!-- \/ Yoast SEO Premium plugin. -->","yoast_head_json":{"title":"SWANSON Epicor Immunog\u00e8ne 500mg 30 g\u00e9lules - ECO Supplements","description":"Wij hebben een ruime keuze aan producten van SWANSON Epicor Immunog\u00e8ne 500mg 30 g\u00e9lules . Winkel bij Eco Supplements altijd gratis verzending boven 100\u20ac","robots":{"index":"index","follow":"follow","max-snippet":"max-snippet:-1","max-image-preview":"max-image-preview:large","max-video-preview":"max-video-preview:-1"},"canonical":"https:\/\/ecosupplements.be\/fr\/produit\/swanson-epicor-immunogen-500mg-30caps\/","og_locale":"fr_FR","og_type":"article","og_title":"SWANSON Epicor Immunog\u00e8ne 500mg 30 g\u00e9lules","og_description":"Wij hebben een ruime keuze aan producten van SWANSON Epicor Immunog\u00e8ne 500mg 30 g\u00e9lules . Winkel bij Eco Supplements altijd gratis verzending boven 100\u20ac","og_url":"https:\/\/ecosupplements.be\/fr\/produit\/swanson-epicor-immunogen-500mg-30caps\/","og_site_name":"ECO Supplements","article_modified_time":"2025-08-27T17:18:30+00:00","og_image":[{"width":1200,"height":1200,"url":"https:\/\/ecosupplements.be\/wp-content\/uploads\/2025\/08\/Swanson-Rapid-Immune-Defense-Featuring-Epicor-500.jpg","type":"image\/jpeg"}],"twitter_card":"summary_large_image","twitter_misc":{"Prix":"25.51&nbsp;&euro;","Disponibilit\u00e9":"En stock"},"schema":{"@context":"https:\/\/schema.org","@graph":[{"@type":["WebPage","ItemPage"],"@id":"https:\/\/ecosupplements.be\/fr\/produit\/swanson-epicor-immunogen-500mg-30caps\/","url":"https:\/\/ecosupplements.be\/fr\/produit\/swanson-epicor-immunogen-500mg-30caps\/","name":"SWANSON Epicor Immunog\u00e8ne 500mg 30 g\u00e9lules - ECO Supplements","isPartOf":{"@id":"https:\/\/ecosupplements.be\/fr\/#website"},"primaryImageOfPage":{"@id":"https:\/\/ecosupplements.be\/fr\/produit\/swanson-epicor-immunogen-500mg-30caps\/#primaryimage"},"image":{"@id":"https:\/\/ecosupplements.be\/fr\/produit\/swanson-epicor-immunogen-500mg-30caps\/#primaryimage"},"thumbnailUrl":"https:\/\/ecosupplements.be\/wp-content\/uploads\/2025\/08\/Swanson-Rapid-Immune-Defense-Featuring-Epicor-500.jpg","datePublished":"2025-04-13T14:52:34+00:00","dateModified":"2025-08-27T17:18:30+00:00","description":"Wij hebben een ruime keuze aan producten van SWANSON Epicor Immunog\u00e8ne 500mg 30 g\u00e9lules . Winkel bij Eco Supplements altijd gratis verzending boven 100\u20ac","breadcrumb":{"@id":"https:\/\/ecosupplements.be\/fr\/produit\/swanson-epicor-immunogen-500mg-30caps\/#breadcrumb"},"inLanguage":"fr-FR","potentialAction":[{"@type":"ReadAction","target":["https:\/\/ecosupplements.be\/fr\/produit\/swanson-epicor-immunogen-500mg-30caps\/"]}]},{"@type":"ImageObject","inLanguage":"fr-FR","@id":"https:\/\/ecosupplements.be\/fr\/produit\/swanson-epicor-immunogen-500mg-30caps\/#primaryimage","url":"https:\/\/ecosupplements.be\/wp-content\/uploads\/2025\/08\/Swanson-Rapid-Immune-Defense-Featuring-Epicor-500.jpg","contentUrl":"https:\/\/ecosupplements.be\/wp-content\/uploads\/2025\/08\/Swanson-Rapid-Immune-Defense-Featuring-Epicor-500.jpg","width":1200,"height":1200},{"@type":"BreadcrumbList","@id":"https:\/\/ecosupplements.be\/fr\/produit\/swanson-epicor-immunogen-500mg-30caps\/#breadcrumb","itemListElement":[{"@type":"ListItem","position":1,"name":"Home","item":"https:\/\/ecosupplements.be\/fr\/"},{"@type":"ListItem","position":2,"name":"Boutique","item":"https:\/\/ecosupplements.be\/fr\/boutique\/"},{"@type":"ListItem","position":3,"name":"SWANSON Epicor Immunog\u00e8ne 500mg 30 g\u00e9lules"}]},{"@type":"WebSite","@id":"https:\/\/ecosupplements.be\/fr\/#website","url":"https:\/\/ecosupplements.be\/fr\/","name":"ECO Supplements","description":"Eco Supplements - Gezonde supplementen","publisher":{"@id":"https:\/\/ecosupplements.be\/fr\/#organization"},"potentialAction":[{"@type":"SearchAction","target":{"@type":"EntryPoint","urlTemplate":"https:\/\/ecosupplements.be\/fr\/?s={search_term_string}"},"query-input":{"@type":"PropertyValueSpecification","valueRequired":true,"valueName":"search_term_string"}}],"inLanguage":"fr-FR"},{"@type":"Organization","@id":"https:\/\/ecosupplements.be\/fr\/#organization","name":"Eco Supplements","url":"https:\/\/ecosupplements.be\/fr\/","logo":{"@type":"ImageObject","inLanguage":"fr-FR","@id":"https:\/\/ecosupplements.be\/fr\/#\/schema\/logo\/image\/","url":"https:\/\/ecosupplements.be\/wp-content\/uploads\/2022\/06\/ecosupplement-family.png","contentUrl":"https:\/\/ecosupplements.be\/wp-content\/uploads\/2022\/06\/ecosupplement-family.png","width":593,"height":374,"caption":"Eco Supplements"},"image":{"@id":"https:\/\/ecosupplements.be\/fr\/#\/schema\/logo\/image\/"}}]},"product_brand":"Swanson","product_price_amount":"25.51","product_price_currency":"EUR","og_availability":"instock","product_availability":"instock","product_retailer_item_id":"87614023687","product_condition":"new"},"_links":{"self":[{"href":"https:\/\/ecosupplements.be\/fr\/wp-json\/wp\/v2\/product\/295531","targetHints":{"allow":["GET"]}}],"collection":[{"href":"https:\/\/ecosupplements.be\/fr\/wp-json\/wp\/v2\/product"}],"about":[{"href":"https:\/\/ecosupplements.be\/fr\/wp-json\/wp\/v2\/types\/product"}],"replies":[{"embeddable":true,"href":"https:\/\/ecosupplements.be\/fr\/wp-json\/wp\/v2\/comments?post=295531"}],"wp:featuredmedia":[{"embeddable":true,"href":"https:\/\/ecosupplements.be\/fr\/wp-json\/wp\/v2\/media\/268120"}],"wp:attachment":[{"href":"https:\/\/ecosupplements.be\/fr\/wp-json\/wp\/v2\/media?parent=295531"}],"wp:term":[{"taxonomy":"product_brand","embeddable":true,"href":"https:\/\/ecosupplements.be\/fr\/wp-json\/wp\/v2\/product_brand?post=295531"},{"taxonomy":"product_cat","embeddable":true,"href":"https:\/\/ecosupplements.be\/fr\/wp-json\/wp\/v2\/product_cat?post=295531"},{"taxonomy":"product_tag","embeddable":true,"href":"https:\/\/ecosupplements.be\/fr\/wp-json\/wp\/v2\/product_tag?post=295531"}],"curies":[{"name":"wp","href":"https:\/\/api.w.org\/{rel}","templated":true}]}}