{"id":295536,"date":"2025-04-13T15:53:59","date_gmt":"2025-04-13T14:53:59","guid":{"rendered":"https:\/\/ecosupplements.be\/product\/swanson-flaxseed-oil-1000mg-200-elkow\/"},"modified":"2025-08-27T18:18:34","modified_gmt":"2025-08-27T17:18:34","slug":"swanson-flaxseed-oil-1000mg-200-elkow","status":"publish","type":"product","link":"https:\/\/ecosupplements.be\/fr\/produit\/swanson-flaxseed-oil-1000mg-200-elkow\/","title":{"rendered":"Huile de graines de lin Swanson 1000mg 200 g\u00e9lules"},"content":{"rendered":"<h2>SWANSON Flaxseed Oil 1000mg &#8211; 200 capsules<\/h2>\n<p>D\u00e9couvrez le SWANSON Flaxseed Oil, un choix parfait pour ceux qui appr\u00e9cient les ingr\u00e9dients naturels dans leur quotidien. Chaque capsule contient 1000 mg d&#8217;huile de lin, reconnue pour sa grande puret\u00e9 et son origine naturelle.<\/p>\n<p>Ce produit est conditionn\u00e9 en flacons de 200 capsules, offrant une utilisation pratique et facile \u00e0 int\u00e9grer dans votre routine quotidienne. L&#8217;huile de lin utilis\u00e9e est extraite selon des m\u00e9thodes qui pr\u00e9servent la qualit\u00e9 des composants naturels, garantissant ainsi un produit de haute qualit\u00e9.<\/p>\n<p>Les capsules sont con\u00e7ues pour \u00eatre faciles \u00e0 avaler et sont emball\u00e9es dans un format pratique,id\u00e9al pour les personnes actives cherchant \u00e0 incorporer des \u00e9l\u00e9ments naturels \u00e0 leur mode de vie \u00e9quilibr\u00e9.<\/p>\n<p><strong>Ingr\u00e9dients principaux :<\/strong> Huile de lin (Linum usitatissimum).<\/p>\n<p><strong>Utilisation :<\/strong> Prendre une capsule par jour avec un verre d&#8217;eau.<\/p>\n<p>Avec SWANSON Flaxseed Oil, optez pour un compl\u00e9ment simple et pratique au quotidien sans compromis sur la qualit\u00e9.<\/p>\n","protected":false},"excerpt":{"rendered":"<p>SWANSON Flaxseed Oil 1000mg &#8211; 200 capsules D\u00e9couvrez le SWANSON Flaxseed Oil, un choix parfait pour ceux qui appr\u00e9cient les ingr\u00e9dients naturels dans leur quotidien. Chaque capsule contient 1000 mg d&#8217;huile de lin, reconnue pour sa grande puret\u00e9 et son origine naturelle. Ce produit est conditionn\u00e9 en flacons de 200 capsules, offrant une utilisation pratique [&#8230;]\n","protected":false},"featured_media":268135,"comment_status":"closed","ping_status":"open","template":"","meta":[],"product_brand":[4761],"product_cat":[5052,5053],"product_tag":[],"class_list":{"0":"post-295536","1":"product","2":"type-product","3":"status-publish","4":"has-post-thumbnail","6":"product_brand-swanson-2","7":"product_cat-sante-et-bien-etre","8":"product_cat-vitamines-et-mineraux","10":"first","11":"instock","12":"taxable","13":"shipping-taxable","14":"purchasable","15":"product-type-simple"},"yoast_head":"<!-- This site is optimized with the Yoast SEO Premium plugin v27.3 (Yoast SEO v27.3) - https:\/\/yoast.com\/product\/yoast-seo-premium-wordpress\/ -->\n<title>Huile de graines de lin Swanson 1000mg 200 g\u00e9lules - ECO Supplements<\/title>\n<meta name=\"description\" content=\"Wij hebben een ruime keuze aan producten van Huile de graines de lin Swanson 1000mg 200 g\u00e9lules . Winkel bij Eco Supplements altijd gratis verzending boven 100\u20ac\" \/>\n<meta name=\"robots\" content=\"index, follow, max-snippet:-1, max-image-preview:large, max-video-preview:-1\" \/>\n<link rel=\"canonical\" href=\"https:\/\/ecosupplements.be\/fr\/produit\/swanson-flaxseed-oil-1000mg-200-elkow\/\" \/>\n<meta property=\"og:locale\" content=\"fr_FR\" \/>\n<meta property=\"og:type\" content=\"article\" \/>\n<meta property=\"og:title\" content=\"Huile de graines de lin Swanson 1000mg 200 g\u00e9lules\" \/>\n<meta property=\"og:description\" content=\"Wij hebben een ruime keuze aan producten van Huile de graines de lin Swanson 1000mg 200 g\u00e9lules . Winkel bij Eco Supplements altijd gratis verzending boven 100\u20ac\" \/>\n<meta property=\"og:url\" content=\"https:\/\/ecosupplements.be\/fr\/produit\/swanson-flaxseed-oil-1000mg-200-elkow\/\" \/>\n<meta property=\"og:site_name\" content=\"ECO Supplements\" \/>\n<meta property=\"article:modified_time\" content=\"2025-08-27T17:18:34+00:00\" \/>\n<meta property=\"og:image\" content=\"https:\/\/ecosupplements.be\/wp-content\/uploads\/2025\/08\/SWANSON-EFA-FLAXSEED-OIL-1000MG-200-SFG.jpg\" \/>\n\t<meta property=\"og:image:width\" content=\"650\" \/>\n\t<meta property=\"og:image:height\" content=\"650\" \/>\n\t<meta property=\"og:image:type\" content=\"image\/jpeg\" \/>\n<meta name=\"twitter:card\" content=\"summary_large_image\" \/>\n<meta name=\"twitter:label1\" content=\"Prix\" \/>\n\t<meta name=\"twitter:data1\" content=\"28.69&nbsp;&euro;\" \/>\n\t<meta name=\"twitter:label2\" content=\"Disponibilit\u00e9\" \/>\n\t<meta name=\"twitter:data2\" content=\"En stock\" \/>\n<script type=\"application\/ld+json\" class=\"yoast-schema-graph\">{\"@context\":\"https:\\\/\\\/schema.org\",\"@graph\":[{\"@type\":[\"WebPage\",\"ItemPage\"],\"@id\":\"https:\\\/\\\/ecosupplements.be\\\/fr\\\/produit\\\/swanson-flaxseed-oil-1000mg-200-elkow\\\/\",\"url\":\"https:\\\/\\\/ecosupplements.be\\\/fr\\\/produit\\\/swanson-flaxseed-oil-1000mg-200-elkow\\\/\",\"name\":\"Huile de graines de lin Swanson 1000mg 200 g\u00e9lules - ECO Supplements\",\"isPartOf\":{\"@id\":\"https:\\\/\\\/ecosupplements.be\\\/fr\\\/#website\"},\"primaryImageOfPage\":{\"@id\":\"https:\\\/\\\/ecosupplements.be\\\/fr\\\/produit\\\/swanson-flaxseed-oil-1000mg-200-elkow\\\/#primaryimage\"},\"image\":{\"@id\":\"https:\\\/\\\/ecosupplements.be\\\/fr\\\/produit\\\/swanson-flaxseed-oil-1000mg-200-elkow\\\/#primaryimage\"},\"thumbnailUrl\":\"https:\\\/\\\/ecosupplements.be\\\/wp-content\\\/uploads\\\/2025\\\/08\\\/SWANSON-EFA-FLAXSEED-OIL-1000MG-200-SFG.jpg\",\"datePublished\":\"2025-04-13T14:53:59+00:00\",\"dateModified\":\"2025-08-27T17:18:34+00:00\",\"description\":\"Wij hebben een ruime keuze aan producten van Huile de graines de lin Swanson 1000mg 200 g\u00e9lules . Winkel bij Eco Supplements altijd gratis verzending boven 100\u20ac\",\"breadcrumb\":{\"@id\":\"https:\\\/\\\/ecosupplements.be\\\/fr\\\/produit\\\/swanson-flaxseed-oil-1000mg-200-elkow\\\/#breadcrumb\"},\"inLanguage\":\"fr-FR\",\"potentialAction\":[{\"@type\":\"ReadAction\",\"target\":[\"https:\\\/\\\/ecosupplements.be\\\/fr\\\/produit\\\/swanson-flaxseed-oil-1000mg-200-elkow\\\/\"]}]},{\"@type\":\"ImageObject\",\"inLanguage\":\"fr-FR\",\"@id\":\"https:\\\/\\\/ecosupplements.be\\\/fr\\\/produit\\\/swanson-flaxseed-oil-1000mg-200-elkow\\\/#primaryimage\",\"url\":\"https:\\\/\\\/ecosupplements.be\\\/wp-content\\\/uploads\\\/2025\\\/08\\\/SWANSON-EFA-FLAXSEED-OIL-1000MG-200-SFG.jpg\",\"contentUrl\":\"https:\\\/\\\/ecosupplements.be\\\/wp-content\\\/uploads\\\/2025\\\/08\\\/SWANSON-EFA-FLAXSEED-OIL-1000MG-200-SFG.jpg\",\"width\":650,\"height\":650},{\"@type\":\"BreadcrumbList\",\"@id\":\"https:\\\/\\\/ecosupplements.be\\\/fr\\\/produit\\\/swanson-flaxseed-oil-1000mg-200-elkow\\\/#breadcrumb\",\"itemListElement\":[{\"@type\":\"ListItem\",\"position\":1,\"name\":\"Home\",\"item\":\"https:\\\/\\\/ecosupplements.be\\\/fr\\\/\"},{\"@type\":\"ListItem\",\"position\":2,\"name\":\"Boutique\",\"item\":\"https:\\\/\\\/ecosupplements.be\\\/fr\\\/boutique\\\/\"},{\"@type\":\"ListItem\",\"position\":3,\"name\":\"Huile de graines de lin Swanson 1000mg 200 g\u00e9lules\"}]},{\"@type\":\"WebSite\",\"@id\":\"https:\\\/\\\/ecosupplements.be\\\/fr\\\/#website\",\"url\":\"https:\\\/\\\/ecosupplements.be\\\/fr\\\/\",\"name\":\"ECO Supplements\",\"description\":\"Eco Supplements - Gezonde supplementen\",\"publisher\":{\"@id\":\"https:\\\/\\\/ecosupplements.be\\\/fr\\\/#organization\"},\"potentialAction\":[{\"@type\":\"SearchAction\",\"target\":{\"@type\":\"EntryPoint\",\"urlTemplate\":\"https:\\\/\\\/ecosupplements.be\\\/fr\\\/?s={search_term_string}\"},\"query-input\":{\"@type\":\"PropertyValueSpecification\",\"valueRequired\":true,\"valueName\":\"search_term_string\"}}],\"inLanguage\":\"fr-FR\"},{\"@type\":\"Organization\",\"@id\":\"https:\\\/\\\/ecosupplements.be\\\/fr\\\/#organization\",\"name\":\"Eco Supplements\",\"url\":\"https:\\\/\\\/ecosupplements.be\\\/fr\\\/\",\"logo\":{\"@type\":\"ImageObject\",\"inLanguage\":\"fr-FR\",\"@id\":\"https:\\\/\\\/ecosupplements.be\\\/fr\\\/#\\\/schema\\\/logo\\\/image\\\/\",\"url\":\"https:\\\/\\\/ecosupplements.be\\\/wp-content\\\/uploads\\\/2022\\\/06\\\/ecosupplement-family.png\",\"contentUrl\":\"https:\\\/\\\/ecosupplements.be\\\/wp-content\\\/uploads\\\/2022\\\/06\\\/ecosupplement-family.png\",\"width\":593,\"height\":374,\"caption\":\"Eco Supplements\"},\"image\":{\"@id\":\"https:\\\/\\\/ecosupplements.be\\\/fr\\\/#\\\/schema\\\/logo\\\/image\\\/\"}}]}<\/script>\n<meta property=\"product:brand\" content=\"Swanson\" \/>\n<meta property=\"product:price:amount\" content=\"28.69\" \/>\n<meta property=\"product:price:currency\" content=\"EUR\" \/>\n<meta property=\"og:availability\" content=\"instock\" \/>\n<meta property=\"product:availability\" content=\"instock\" \/>\n<meta property=\"product:retailer_item_id\" content=\"087614170022\" \/>\n<meta property=\"product:condition\" content=\"new\" \/>\n<!-- \/ Yoast SEO Premium plugin. -->","yoast_head_json":{"title":"Huile de graines de lin Swanson 1000mg 200 g\u00e9lules - ECO Supplements","description":"Wij hebben een ruime keuze aan producten van Huile de graines de lin Swanson 1000mg 200 g\u00e9lules . Winkel bij Eco Supplements altijd gratis verzending boven 100\u20ac","robots":{"index":"index","follow":"follow","max-snippet":"max-snippet:-1","max-image-preview":"max-image-preview:large","max-video-preview":"max-video-preview:-1"},"canonical":"https:\/\/ecosupplements.be\/fr\/produit\/swanson-flaxseed-oil-1000mg-200-elkow\/","og_locale":"fr_FR","og_type":"article","og_title":"Huile de graines de lin Swanson 1000mg 200 g\u00e9lules","og_description":"Wij hebben een ruime keuze aan producten van Huile de graines de lin Swanson 1000mg 200 g\u00e9lules . Winkel bij Eco Supplements altijd gratis verzending boven 100\u20ac","og_url":"https:\/\/ecosupplements.be\/fr\/produit\/swanson-flaxseed-oil-1000mg-200-elkow\/","og_site_name":"ECO Supplements","article_modified_time":"2025-08-27T17:18:34+00:00","og_image":[{"width":650,"height":650,"url":"https:\/\/ecosupplements.be\/wp-content\/uploads\/2025\/08\/SWANSON-EFA-FLAXSEED-OIL-1000MG-200-SFG.jpg","type":"image\/jpeg"}],"twitter_card":"summary_large_image","twitter_misc":{"Prix":"28.69&nbsp;&euro;","Disponibilit\u00e9":"En stock"},"schema":{"@context":"https:\/\/schema.org","@graph":[{"@type":["WebPage","ItemPage"],"@id":"https:\/\/ecosupplements.be\/fr\/produit\/swanson-flaxseed-oil-1000mg-200-elkow\/","url":"https:\/\/ecosupplements.be\/fr\/produit\/swanson-flaxseed-oil-1000mg-200-elkow\/","name":"Huile de graines de lin Swanson 1000mg 200 g\u00e9lules - ECO Supplements","isPartOf":{"@id":"https:\/\/ecosupplements.be\/fr\/#website"},"primaryImageOfPage":{"@id":"https:\/\/ecosupplements.be\/fr\/produit\/swanson-flaxseed-oil-1000mg-200-elkow\/#primaryimage"},"image":{"@id":"https:\/\/ecosupplements.be\/fr\/produit\/swanson-flaxseed-oil-1000mg-200-elkow\/#primaryimage"},"thumbnailUrl":"https:\/\/ecosupplements.be\/wp-content\/uploads\/2025\/08\/SWANSON-EFA-FLAXSEED-OIL-1000MG-200-SFG.jpg","datePublished":"2025-04-13T14:53:59+00:00","dateModified":"2025-08-27T17:18:34+00:00","description":"Wij hebben een ruime keuze aan producten van Huile de graines de lin Swanson 1000mg 200 g\u00e9lules . Winkel bij Eco Supplements altijd gratis verzending boven 100\u20ac","breadcrumb":{"@id":"https:\/\/ecosupplements.be\/fr\/produit\/swanson-flaxseed-oil-1000mg-200-elkow\/#breadcrumb"},"inLanguage":"fr-FR","potentialAction":[{"@type":"ReadAction","target":["https:\/\/ecosupplements.be\/fr\/produit\/swanson-flaxseed-oil-1000mg-200-elkow\/"]}]},{"@type":"ImageObject","inLanguage":"fr-FR","@id":"https:\/\/ecosupplements.be\/fr\/produit\/swanson-flaxseed-oil-1000mg-200-elkow\/#primaryimage","url":"https:\/\/ecosupplements.be\/wp-content\/uploads\/2025\/08\/SWANSON-EFA-FLAXSEED-OIL-1000MG-200-SFG.jpg","contentUrl":"https:\/\/ecosupplements.be\/wp-content\/uploads\/2025\/08\/SWANSON-EFA-FLAXSEED-OIL-1000MG-200-SFG.jpg","width":650,"height":650},{"@type":"BreadcrumbList","@id":"https:\/\/ecosupplements.be\/fr\/produit\/swanson-flaxseed-oil-1000mg-200-elkow\/#breadcrumb","itemListElement":[{"@type":"ListItem","position":1,"name":"Home","item":"https:\/\/ecosupplements.be\/fr\/"},{"@type":"ListItem","position":2,"name":"Boutique","item":"https:\/\/ecosupplements.be\/fr\/boutique\/"},{"@type":"ListItem","position":3,"name":"Huile de graines de lin Swanson 1000mg 200 g\u00e9lules"}]},{"@type":"WebSite","@id":"https:\/\/ecosupplements.be\/fr\/#website","url":"https:\/\/ecosupplements.be\/fr\/","name":"ECO Supplements","description":"Eco Supplements - Gezonde supplementen","publisher":{"@id":"https:\/\/ecosupplements.be\/fr\/#organization"},"potentialAction":[{"@type":"SearchAction","target":{"@type":"EntryPoint","urlTemplate":"https:\/\/ecosupplements.be\/fr\/?s={search_term_string}"},"query-input":{"@type":"PropertyValueSpecification","valueRequired":true,"valueName":"search_term_string"}}],"inLanguage":"fr-FR"},{"@type":"Organization","@id":"https:\/\/ecosupplements.be\/fr\/#organization","name":"Eco Supplements","url":"https:\/\/ecosupplements.be\/fr\/","logo":{"@type":"ImageObject","inLanguage":"fr-FR","@id":"https:\/\/ecosupplements.be\/fr\/#\/schema\/logo\/image\/","url":"https:\/\/ecosupplements.be\/wp-content\/uploads\/2022\/06\/ecosupplement-family.png","contentUrl":"https:\/\/ecosupplements.be\/wp-content\/uploads\/2022\/06\/ecosupplement-family.png","width":593,"height":374,"caption":"Eco Supplements"},"image":{"@id":"https:\/\/ecosupplements.be\/fr\/#\/schema\/logo\/image\/"}}]},"product_brand":"Swanson","product_price_amount":"28.69","product_price_currency":"EUR","og_availability":"instock","product_availability":"instock","product_retailer_item_id":"087614170022","product_condition":"new"},"_links":{"self":[{"href":"https:\/\/ecosupplements.be\/fr\/wp-json\/wp\/v2\/product\/295536","targetHints":{"allow":["GET"]}}],"collection":[{"href":"https:\/\/ecosupplements.be\/fr\/wp-json\/wp\/v2\/product"}],"about":[{"href":"https:\/\/ecosupplements.be\/fr\/wp-json\/wp\/v2\/types\/product"}],"replies":[{"embeddable":true,"href":"https:\/\/ecosupplements.be\/fr\/wp-json\/wp\/v2\/comments?post=295536"}],"wp:featuredmedia":[{"embeddable":true,"href":"https:\/\/ecosupplements.be\/fr\/wp-json\/wp\/v2\/media\/268135"}],"wp:attachment":[{"href":"https:\/\/ecosupplements.be\/fr\/wp-json\/wp\/v2\/media?parent=295536"}],"wp:term":[{"taxonomy":"product_brand","embeddable":true,"href":"https:\/\/ecosupplements.be\/fr\/wp-json\/wp\/v2\/product_brand?post=295536"},{"taxonomy":"product_cat","embeddable":true,"href":"https:\/\/ecosupplements.be\/fr\/wp-json\/wp\/v2\/product_cat?post=295536"},{"taxonomy":"product_tag","embeddable":true,"href":"https:\/\/ecosupplements.be\/fr\/wp-json\/wp\/v2\/product_tag?post=295536"}],"curies":[{"name":"wp","href":"https:\/\/api.w.org\/{rel}","templated":true}]}}