{"id":295554,"date":"2025-04-13T15:59:19","date_gmt":"2025-04-13T14:59:19","guid":{"rendered":"https:\/\/ecosupplements.be\/product\/swanson-glutathione-precursor-complex-60kaps\/"},"modified":"2025-08-27T18:18:51","modified_gmt":"2025-08-27T17:18:51","slug":"swanson-glutathione-precursor-complex-60kaps","status":"publish","type":"product","link":"https:\/\/ecosupplements.be\/fr\/produit\/swanson-glutathione-precursor-complex-60kaps\/","title":{"rendered":"Complexe pr\u00e9curseur de glutathion Swanson 60 capsules"},"content":{"rendered":"<h2>SWANSON Glutathione Precursor Complex 60 capsules<\/h2>\n<p>D\u00e9couvrez le SWANSON Glutathione precursor Complex, un choix parfait pour ceux qui appr\u00e9cient les ingr\u00e9dients naturels dans leur quotidien. Ce produit est con\u00e7u avec une s\u00e9lection rigoureuse d&#8217;ingr\u00e9dients d&#8217;origine naturelle, garantissant une grande puret\u00e9 et qualit\u00e9.<\/p>\n<p><strong>Ingr\u00e9dients principaux :<\/strong> Ce complexe comprend des composants soigneusement choisis pour leur origine naturelle. Chaque capsule est formul\u00e9e pour \u00eatre int\u00e9gr\u00e9e facilement dans votre routine quotidienne.<\/p>\n<p><strong>Contenu et emballage :<\/strong> Le produit est pr\u00e9sent\u00e9 dans un emballage contenant 60 capsules,con\u00e7u pour \u00eatre \u00e0 la fois pratique et facile \u00e0 utiliser.<\/p>\n<p><strong>Utilisation :<\/strong> Pour une utilisation optimale, suivre la dose journali\u00e8re recommand\u00e9e indiqu\u00e9e sur l&#8217;emballage. Les capsules sont faciles \u00e0 avaler et int\u00e9grables dans votre routine de vie active.<\/p>\n<p>Ce produit se distingue par sa simplicit\u00e9 d&#8217;utilisation et son format pratique,id\u00e9al pour ceux qui m\u00e8nent une vie dynamique.Un compl\u00e9ment simple pour un usage quotidien sans compromis sur la qualit\u00e9.<\/p>\n","protected":false},"excerpt":{"rendered":"<p>SWANSON Glutathione Precursor Complex 60 capsules D\u00e9couvrez le SWANSON Glutathione precursor Complex, un choix parfait pour ceux qui appr\u00e9cient les ingr\u00e9dients naturels dans leur quotidien. Ce produit est con\u00e7u avec une s\u00e9lection rigoureuse d&#8217;ingr\u00e9dients d&#8217;origine naturelle, garantissant une grande puret\u00e9 et qualit\u00e9. Ingr\u00e9dients principaux : Ce complexe comprend des composants soigneusement choisis pour leur origine [&#8230;]\n","protected":false},"featured_media":268186,"comment_status":"closed","ping_status":"open","template":"","meta":[],"product_brand":[4761],"product_cat":[5052,5053],"product_tag":[],"class_list":{"0":"post-295554","1":"product","2":"type-product","3":"status-publish","4":"has-post-thumbnail","6":"product_brand-swanson-2","7":"product_cat-sante-et-bien-etre","8":"product_cat-vitamines-et-mineraux","10":"first","11":"instock","12":"taxable","13":"shipping-taxable","14":"purchasable","15":"product-type-simple"},"yoast_head":"<!-- This site is optimized with the Yoast SEO Premium plugin v27.3 (Yoast SEO v27.3) - https:\/\/yoast.com\/product\/yoast-seo-premium-wordpress\/ -->\n<title>Complexe pr\u00e9curseur de glutathion Swanson 60 capsules - ECO Supplements<\/title>\n<meta name=\"description\" content=\"Wij hebben een ruime keuze aan producten van Complexe pr\u00e9curseur de glutathion Swanson 60 capsules . Winkel bij Eco Supplements altijd gratis verzending boven 100\u20ac\" \/>\n<meta name=\"robots\" content=\"index, follow, max-snippet:-1, max-image-preview:large, max-video-preview:-1\" \/>\n<link rel=\"canonical\" href=\"https:\/\/ecosupplements.be\/fr\/produit\/swanson-glutathione-precursor-complex-60kaps\/\" \/>\n<meta property=\"og:locale\" content=\"fr_FR\" \/>\n<meta property=\"og:type\" content=\"article\" \/>\n<meta property=\"og:title\" content=\"Complexe pr\u00e9curseur de glutathion Swanson 60 capsules\" \/>\n<meta property=\"og:description\" content=\"Wij hebben een ruime keuze aan producten van Complexe pr\u00e9curseur de glutathion Swanson 60 capsules . Winkel bij Eco Supplements altijd gratis verzending boven 100\u20ac\" \/>\n<meta property=\"og:url\" content=\"https:\/\/ecosupplements.be\/fr\/produit\/swanson-glutathione-precursor-complex-60kaps\/\" \/>\n<meta property=\"og:site_name\" content=\"ECO Supplements\" \/>\n<meta property=\"article:modified_time\" content=\"2025-08-27T17:18:51+00:00\" \/>\n<meta property=\"og:image\" content=\"https:\/\/ecosupplements.be\/wp-content\/uploads\/2025\/08\/SWANSON-ULT-GLUTATHIONE-PRECURSOR-CPLX-60-CP.jpg\" \/>\n\t<meta property=\"og:image:width\" content=\"650\" \/>\n\t<meta property=\"og:image:height\" content=\"650\" \/>\n\t<meta property=\"og:image:type\" content=\"image\/jpeg\" \/>\n<meta name=\"twitter:card\" content=\"summary_large_image\" \/>\n<meta name=\"twitter:label1\" content=\"Prix\" \/>\n\t<meta name=\"twitter:data1\" content=\"28.56&nbsp;&euro;\" \/>\n\t<meta name=\"twitter:label2\" content=\"Disponibilit\u00e9\" \/>\n\t<meta name=\"twitter:data2\" content=\"En stock\" \/>\n<script type=\"application\/ld+json\" class=\"yoast-schema-graph\">{\"@context\":\"https:\\\/\\\/schema.org\",\"@graph\":[{\"@type\":[\"WebPage\",\"ItemPage\"],\"@id\":\"https:\\\/\\\/ecosupplements.be\\\/fr\\\/produit\\\/swanson-glutathione-precursor-complex-60kaps\\\/\",\"url\":\"https:\\\/\\\/ecosupplements.be\\\/fr\\\/produit\\\/swanson-glutathione-precursor-complex-60kaps\\\/\",\"name\":\"Complexe pr\u00e9curseur de glutathion Swanson 60 capsules - ECO Supplements\",\"isPartOf\":{\"@id\":\"https:\\\/\\\/ecosupplements.be\\\/fr\\\/#website\"},\"primaryImageOfPage\":{\"@id\":\"https:\\\/\\\/ecosupplements.be\\\/fr\\\/produit\\\/swanson-glutathione-precursor-complex-60kaps\\\/#primaryimage\"},\"image\":{\"@id\":\"https:\\\/\\\/ecosupplements.be\\\/fr\\\/produit\\\/swanson-glutathione-precursor-complex-60kaps\\\/#primaryimage\"},\"thumbnailUrl\":\"https:\\\/\\\/ecosupplements.be\\\/wp-content\\\/uploads\\\/2025\\\/08\\\/SWANSON-ULT-GLUTATHIONE-PRECURSOR-CPLX-60-CP.jpg\",\"datePublished\":\"2025-04-13T14:59:19+00:00\",\"dateModified\":\"2025-08-27T17:18:51+00:00\",\"description\":\"Wij hebben een ruime keuze aan producten van Complexe pr\u00e9curseur de glutathion Swanson 60 capsules . Winkel bij Eco Supplements altijd gratis verzending boven 100\u20ac\",\"breadcrumb\":{\"@id\":\"https:\\\/\\\/ecosupplements.be\\\/fr\\\/produit\\\/swanson-glutathione-precursor-complex-60kaps\\\/#breadcrumb\"},\"inLanguage\":\"fr-FR\",\"potentialAction\":[{\"@type\":\"ReadAction\",\"target\":[\"https:\\\/\\\/ecosupplements.be\\\/fr\\\/produit\\\/swanson-glutathione-precursor-complex-60kaps\\\/\"]}]},{\"@type\":\"ImageObject\",\"inLanguage\":\"fr-FR\",\"@id\":\"https:\\\/\\\/ecosupplements.be\\\/fr\\\/produit\\\/swanson-glutathione-precursor-complex-60kaps\\\/#primaryimage\",\"url\":\"https:\\\/\\\/ecosupplements.be\\\/wp-content\\\/uploads\\\/2025\\\/08\\\/SWANSON-ULT-GLUTATHIONE-PRECURSOR-CPLX-60-CP.jpg\",\"contentUrl\":\"https:\\\/\\\/ecosupplements.be\\\/wp-content\\\/uploads\\\/2025\\\/08\\\/SWANSON-ULT-GLUTATHIONE-PRECURSOR-CPLX-60-CP.jpg\",\"width\":650,\"height\":650},{\"@type\":\"BreadcrumbList\",\"@id\":\"https:\\\/\\\/ecosupplements.be\\\/fr\\\/produit\\\/swanson-glutathione-precursor-complex-60kaps\\\/#breadcrumb\",\"itemListElement\":[{\"@type\":\"ListItem\",\"position\":1,\"name\":\"Home\",\"item\":\"https:\\\/\\\/ecosupplements.be\\\/fr\\\/\"},{\"@type\":\"ListItem\",\"position\":2,\"name\":\"Boutique\",\"item\":\"https:\\\/\\\/ecosupplements.be\\\/fr\\\/boutique\\\/\"},{\"@type\":\"ListItem\",\"position\":3,\"name\":\"Complexe pr\u00e9curseur de glutathion Swanson 60 capsules\"}]},{\"@type\":\"WebSite\",\"@id\":\"https:\\\/\\\/ecosupplements.be\\\/fr\\\/#website\",\"url\":\"https:\\\/\\\/ecosupplements.be\\\/fr\\\/\",\"name\":\"ECO Supplements\",\"description\":\"Eco Supplements - Gezonde supplementen\",\"publisher\":{\"@id\":\"https:\\\/\\\/ecosupplements.be\\\/fr\\\/#organization\"},\"potentialAction\":[{\"@type\":\"SearchAction\",\"target\":{\"@type\":\"EntryPoint\",\"urlTemplate\":\"https:\\\/\\\/ecosupplements.be\\\/fr\\\/?s={search_term_string}\"},\"query-input\":{\"@type\":\"PropertyValueSpecification\",\"valueRequired\":true,\"valueName\":\"search_term_string\"}}],\"inLanguage\":\"fr-FR\"},{\"@type\":\"Organization\",\"@id\":\"https:\\\/\\\/ecosupplements.be\\\/fr\\\/#organization\",\"name\":\"Eco Supplements\",\"url\":\"https:\\\/\\\/ecosupplements.be\\\/fr\\\/\",\"logo\":{\"@type\":\"ImageObject\",\"inLanguage\":\"fr-FR\",\"@id\":\"https:\\\/\\\/ecosupplements.be\\\/fr\\\/#\\\/schema\\\/logo\\\/image\\\/\",\"url\":\"https:\\\/\\\/ecosupplements.be\\\/wp-content\\\/uploads\\\/2022\\\/06\\\/ecosupplement-family.png\",\"contentUrl\":\"https:\\\/\\\/ecosupplements.be\\\/wp-content\\\/uploads\\\/2022\\\/06\\\/ecosupplement-family.png\",\"width\":593,\"height\":374,\"caption\":\"Eco Supplements\"},\"image\":{\"@id\":\"https:\\\/\\\/ecosupplements.be\\\/fr\\\/#\\\/schema\\\/logo\\\/image\\\/\"}}]}<\/script>\n<meta property=\"product:brand\" content=\"Swanson\" \/>\n<meta property=\"product:price:amount\" content=\"28.56\" \/>\n<meta property=\"product:price:currency\" content=\"EUR\" \/>\n<meta property=\"og:availability\" content=\"instock\" \/>\n<meta property=\"product:availability\" content=\"instock\" \/>\n<meta property=\"product:retailer_item_id\" content=\"087614025421\" \/>\n<meta property=\"product:condition\" content=\"new\" \/>\n<!-- \/ Yoast SEO Premium plugin. -->","yoast_head_json":{"title":"Complexe pr\u00e9curseur de glutathion Swanson 60 capsules - ECO Supplements","description":"Wij hebben een ruime keuze aan producten van Complexe pr\u00e9curseur de glutathion Swanson 60 capsules . Winkel bij Eco Supplements altijd gratis verzending boven 100\u20ac","robots":{"index":"index","follow":"follow","max-snippet":"max-snippet:-1","max-image-preview":"max-image-preview:large","max-video-preview":"max-video-preview:-1"},"canonical":"https:\/\/ecosupplements.be\/fr\/produit\/swanson-glutathione-precursor-complex-60kaps\/","og_locale":"fr_FR","og_type":"article","og_title":"Complexe pr\u00e9curseur de glutathion Swanson 60 capsules","og_description":"Wij hebben een ruime keuze aan producten van Complexe pr\u00e9curseur de glutathion Swanson 60 capsules . Winkel bij Eco Supplements altijd gratis verzending boven 100\u20ac","og_url":"https:\/\/ecosupplements.be\/fr\/produit\/swanson-glutathione-precursor-complex-60kaps\/","og_site_name":"ECO Supplements","article_modified_time":"2025-08-27T17:18:51+00:00","og_image":[{"width":650,"height":650,"url":"https:\/\/ecosupplements.be\/wp-content\/uploads\/2025\/08\/SWANSON-ULT-GLUTATHIONE-PRECURSOR-CPLX-60-CP.jpg","type":"image\/jpeg"}],"twitter_card":"summary_large_image","twitter_misc":{"Prix":"28.56&nbsp;&euro;","Disponibilit\u00e9":"En stock"},"schema":{"@context":"https:\/\/schema.org","@graph":[{"@type":["WebPage","ItemPage"],"@id":"https:\/\/ecosupplements.be\/fr\/produit\/swanson-glutathione-precursor-complex-60kaps\/","url":"https:\/\/ecosupplements.be\/fr\/produit\/swanson-glutathione-precursor-complex-60kaps\/","name":"Complexe pr\u00e9curseur de glutathion Swanson 60 capsules - ECO Supplements","isPartOf":{"@id":"https:\/\/ecosupplements.be\/fr\/#website"},"primaryImageOfPage":{"@id":"https:\/\/ecosupplements.be\/fr\/produit\/swanson-glutathione-precursor-complex-60kaps\/#primaryimage"},"image":{"@id":"https:\/\/ecosupplements.be\/fr\/produit\/swanson-glutathione-precursor-complex-60kaps\/#primaryimage"},"thumbnailUrl":"https:\/\/ecosupplements.be\/wp-content\/uploads\/2025\/08\/SWANSON-ULT-GLUTATHIONE-PRECURSOR-CPLX-60-CP.jpg","datePublished":"2025-04-13T14:59:19+00:00","dateModified":"2025-08-27T17:18:51+00:00","description":"Wij hebben een ruime keuze aan producten van Complexe pr\u00e9curseur de glutathion Swanson 60 capsules . Winkel bij Eco Supplements altijd gratis verzending boven 100\u20ac","breadcrumb":{"@id":"https:\/\/ecosupplements.be\/fr\/produit\/swanson-glutathione-precursor-complex-60kaps\/#breadcrumb"},"inLanguage":"fr-FR","potentialAction":[{"@type":"ReadAction","target":["https:\/\/ecosupplements.be\/fr\/produit\/swanson-glutathione-precursor-complex-60kaps\/"]}]},{"@type":"ImageObject","inLanguage":"fr-FR","@id":"https:\/\/ecosupplements.be\/fr\/produit\/swanson-glutathione-precursor-complex-60kaps\/#primaryimage","url":"https:\/\/ecosupplements.be\/wp-content\/uploads\/2025\/08\/SWANSON-ULT-GLUTATHIONE-PRECURSOR-CPLX-60-CP.jpg","contentUrl":"https:\/\/ecosupplements.be\/wp-content\/uploads\/2025\/08\/SWANSON-ULT-GLUTATHIONE-PRECURSOR-CPLX-60-CP.jpg","width":650,"height":650},{"@type":"BreadcrumbList","@id":"https:\/\/ecosupplements.be\/fr\/produit\/swanson-glutathione-precursor-complex-60kaps\/#breadcrumb","itemListElement":[{"@type":"ListItem","position":1,"name":"Home","item":"https:\/\/ecosupplements.be\/fr\/"},{"@type":"ListItem","position":2,"name":"Boutique","item":"https:\/\/ecosupplements.be\/fr\/boutique\/"},{"@type":"ListItem","position":3,"name":"Complexe pr\u00e9curseur de glutathion Swanson 60 capsules"}]},{"@type":"WebSite","@id":"https:\/\/ecosupplements.be\/fr\/#website","url":"https:\/\/ecosupplements.be\/fr\/","name":"ECO Supplements","description":"Eco Supplements - Gezonde supplementen","publisher":{"@id":"https:\/\/ecosupplements.be\/fr\/#organization"},"potentialAction":[{"@type":"SearchAction","target":{"@type":"EntryPoint","urlTemplate":"https:\/\/ecosupplements.be\/fr\/?s={search_term_string}"},"query-input":{"@type":"PropertyValueSpecification","valueRequired":true,"valueName":"search_term_string"}}],"inLanguage":"fr-FR"},{"@type":"Organization","@id":"https:\/\/ecosupplements.be\/fr\/#organization","name":"Eco Supplements","url":"https:\/\/ecosupplements.be\/fr\/","logo":{"@type":"ImageObject","inLanguage":"fr-FR","@id":"https:\/\/ecosupplements.be\/fr\/#\/schema\/logo\/image\/","url":"https:\/\/ecosupplements.be\/wp-content\/uploads\/2022\/06\/ecosupplement-family.png","contentUrl":"https:\/\/ecosupplements.be\/wp-content\/uploads\/2022\/06\/ecosupplement-family.png","width":593,"height":374,"caption":"Eco Supplements"},"image":{"@id":"https:\/\/ecosupplements.be\/fr\/#\/schema\/logo\/image\/"}}]},"product_brand":"Swanson","product_price_amount":"28.56","product_price_currency":"EUR","og_availability":"instock","product_availability":"instock","product_retailer_item_id":"087614025421","product_condition":"new"},"_links":{"self":[{"href":"https:\/\/ecosupplements.be\/fr\/wp-json\/wp\/v2\/product\/295554","targetHints":{"allow":["GET"]}}],"collection":[{"href":"https:\/\/ecosupplements.be\/fr\/wp-json\/wp\/v2\/product"}],"about":[{"href":"https:\/\/ecosupplements.be\/fr\/wp-json\/wp\/v2\/types\/product"}],"replies":[{"embeddable":true,"href":"https:\/\/ecosupplements.be\/fr\/wp-json\/wp\/v2\/comments?post=295554"}],"wp:featuredmedia":[{"embeddable":true,"href":"https:\/\/ecosupplements.be\/fr\/wp-json\/wp\/v2\/media\/268186"}],"wp:attachment":[{"href":"https:\/\/ecosupplements.be\/fr\/wp-json\/wp\/v2\/media?parent=295554"}],"wp:term":[{"taxonomy":"product_brand","embeddable":true,"href":"https:\/\/ecosupplements.be\/fr\/wp-json\/wp\/v2\/product_brand?post=295554"},{"taxonomy":"product_cat","embeddable":true,"href":"https:\/\/ecosupplements.be\/fr\/wp-json\/wp\/v2\/product_cat?post=295554"},{"taxonomy":"product_tag","embeddable":true,"href":"https:\/\/ecosupplements.be\/fr\/wp-json\/wp\/v2\/product_tag?post=295554"}],"curies":[{"name":"wp","href":"https:\/\/api.w.org\/{rel}","templated":true}]}}