{"id":295613,"date":"2025-04-13T16:15:14","date_gmt":"2025-04-13T15:15:14","guid":{"rendered":"https:\/\/ecosupplements.be\/product\/swanson-prob-form-jamy-ustnej-tabl-do-ssania\/"},"modified":"2025-08-27T18:19:50","modified_gmt":"2025-08-27T17:19:50","slug":"swanson-prob-form-jamy-ustnej-tabl-do-ssania","status":"publish","type":"product","link":"https:\/\/ecosupplements.be\/fr\/produit\/swanson-prob-form-jamy-ustnej-tabl-do-ssania\/","title":{"rendered":"Comprim\u00e9s \u00e0 sucer pour les probl\u00e8mes de la cavit\u00e9 buccale SWANSON"},"content":{"rendered":"<p><strong>Nom du produit :<\/strong> SWANSON prob. form jamy ustnej tabl do ssania<\/p>\n<p><strong>Ingr\u00e9dients principaux :<\/strong> Ce produit est formul\u00e9 \u00e0 partir de composants s\u00e9lectionn\u00e9s pour leur origine naturelle et leur grande puret\u00e9. Il inclut des extraits de plantes soigneusement choisis pour leur qualit\u00e9.<\/p>\n<p><strong>Contenu et emballage :<\/strong> Chaque paquet contient des tablettes \u00e0 sucer, con\u00e7ues pour \u00eatre faciles \u00e0 utiliser au quotidien.<\/p>\n<p><strong>Utilisation :<\/strong> suivez les instructions sur l&#8217;emballage pour une utilisation optimale.<\/p>\n<p><strong>Caract\u00e9ristiques pratiques :<\/strong> Ces tablettes sont appr\u00e9ci\u00e9es pour leur format pratique qui peut facilement \u00eatre emport\u00e9 partout, offrant ainsi une solution simple et directe pour votre quotidien. Leur texture agr\u00e9able et le go\u00fbt naturel en font un choix id\u00e9al \u00e0 tout moment de la journ\u00e9e.<\/p>\n<p>Ce produit est un excellent choix pour ceux qui recherchent des ingr\u00e9dients de haute qualit\u00e9 dans leurs produits quotidiens, sans compromis sur le style de vie actif et \u00e9quilibr\u00e9 qu&#8217;ils m\u00e8nent.<\/p>\n","protected":false},"excerpt":{"rendered":"<p>Nom du produit : SWANSON prob. form jamy ustnej tabl do ssania Ingr\u00e9dients principaux : Ce produit est formul\u00e9 \u00e0 partir de composants s\u00e9lectionn\u00e9s pour leur origine naturelle et leur grande puret\u00e9. Il inclut des extraits de plantes soigneusement choisis pour leur qualit\u00e9. Contenu et emballage : Chaque paquet contient des tablettes \u00e0 sucer, con\u00e7ues [&#8230;]\n","protected":false},"featured_media":268342,"comment_status":"closed","ping_status":"open","template":"","meta":[],"product_brand":[4761],"product_cat":[5052,5053],"product_tag":[],"class_list":{"0":"post-295613","1":"product","2":"type-product","3":"status-publish","4":"has-post-thumbnail","6":"product_brand-swanson-2","7":"product_cat-sante-et-bien-etre","8":"product_cat-vitamines-et-mineraux","10":"first","11":"instock","12":"taxable","13":"shipping-taxable","14":"purchasable","15":"product-type-simple"},"yoast_head":"<!-- This site is optimized with the Yoast SEO Premium plugin v27.3 (Yoast SEO v27.3) - https:\/\/yoast.com\/product\/yoast-seo-premium-wordpress\/ -->\n<title>Comprim\u00e9s \u00e0 sucer pour les probl\u00e8mes de la cavit\u00e9 buccale SWANSON - ECO Supplements<\/title>\n<meta name=\"description\" content=\"Wij hebben een ruime keuze aan producten van Comprim\u00e9s \u00e0 sucer pour les probl\u00e8mes de la cavit\u00e9 buccale SWANSON . Winkel bij Eco Supplements altijd gratis verzending boven 100\u20ac\" \/>\n<meta name=\"robots\" content=\"index, follow, max-snippet:-1, max-image-preview:large, max-video-preview:-1\" \/>\n<link rel=\"canonical\" href=\"https:\/\/ecosupplements.be\/fr\/produit\/swanson-prob-form-jamy-ustnej-tabl-do-ssania\/\" \/>\n<meta property=\"og:locale\" content=\"fr_FR\" \/>\n<meta property=\"og:type\" content=\"article\" \/>\n<meta property=\"og:title\" content=\"Comprim\u00e9s \u00e0 sucer pour les probl\u00e8mes de la cavit\u00e9 buccale SWANSON\" \/>\n<meta property=\"og:description\" content=\"Wij hebben een ruime keuze aan producten van Comprim\u00e9s \u00e0 sucer pour les probl\u00e8mes de la cavit\u00e9 buccale SWANSON . Winkel bij Eco Supplements altijd gratis verzending boven 100\u20ac\" \/>\n<meta property=\"og:url\" content=\"https:\/\/ecosupplements.be\/fr\/produit\/swanson-prob-form-jamy-ustnej-tabl-do-ssania\/\" \/>\n<meta property=\"og:site_name\" content=\"ECO Supplements\" \/>\n<meta property=\"article:modified_time\" content=\"2025-08-27T17:19:50+00:00\" \/>\n<meta property=\"og:image\" content=\"https:\/\/ecosupplements.be\/wp-content\/uploads\/2025\/08\/SWANSON-ULT-ORAL-PROBIOTIC-STRBRY-30-CHEW-TAB.jpg\" \/>\n\t<meta property=\"og:image:width\" content=\"650\" \/>\n\t<meta property=\"og:image:height\" content=\"650\" \/>\n\t<meta property=\"og:image:type\" content=\"image\/jpeg\" \/>\n<meta name=\"twitter:card\" content=\"summary_large_image\" \/>\n<meta name=\"twitter:label1\" content=\"Prix\" \/>\n\t<meta name=\"twitter:data1\" content=\"15.57&nbsp;&euro;\" \/>\n\t<meta name=\"twitter:label2\" content=\"Disponibilit\u00e9\" \/>\n\t<meta name=\"twitter:data2\" content=\"En stock\" \/>\n<script type=\"application\/ld+json\" class=\"yoast-schema-graph\">{\"@context\":\"https:\\\/\\\/schema.org\",\"@graph\":[{\"@type\":[\"WebPage\",\"ItemPage\"],\"@id\":\"https:\\\/\\\/ecosupplements.be\\\/fr\\\/produit\\\/swanson-prob-form-jamy-ustnej-tabl-do-ssania\\\/\",\"url\":\"https:\\\/\\\/ecosupplements.be\\\/fr\\\/produit\\\/swanson-prob-form-jamy-ustnej-tabl-do-ssania\\\/\",\"name\":\"Comprim\u00e9s \u00e0 sucer pour les probl\u00e8mes de la cavit\u00e9 buccale SWANSON - ECO Supplements\",\"isPartOf\":{\"@id\":\"https:\\\/\\\/ecosupplements.be\\\/fr\\\/#website\"},\"primaryImageOfPage\":{\"@id\":\"https:\\\/\\\/ecosupplements.be\\\/fr\\\/produit\\\/swanson-prob-form-jamy-ustnej-tabl-do-ssania\\\/#primaryimage\"},\"image\":{\"@id\":\"https:\\\/\\\/ecosupplements.be\\\/fr\\\/produit\\\/swanson-prob-form-jamy-ustnej-tabl-do-ssania\\\/#primaryimage\"},\"thumbnailUrl\":\"https:\\\/\\\/ecosupplements.be\\\/wp-content\\\/uploads\\\/2025\\\/08\\\/SWANSON-ULT-ORAL-PROBIOTIC-STRBRY-30-CHEW-TAB.jpg\",\"datePublished\":\"2025-04-13T15:15:14+00:00\",\"dateModified\":\"2025-08-27T17:19:50+00:00\",\"description\":\"Wij hebben een ruime keuze aan producten van Comprim\u00e9s \u00e0 sucer pour les probl\u00e8mes de la cavit\u00e9 buccale SWANSON . Winkel bij Eco Supplements altijd gratis verzending boven 100\u20ac\",\"breadcrumb\":{\"@id\":\"https:\\\/\\\/ecosupplements.be\\\/fr\\\/produit\\\/swanson-prob-form-jamy-ustnej-tabl-do-ssania\\\/#breadcrumb\"},\"inLanguage\":\"fr-FR\",\"potentialAction\":[{\"@type\":\"ReadAction\",\"target\":[\"https:\\\/\\\/ecosupplements.be\\\/fr\\\/produit\\\/swanson-prob-form-jamy-ustnej-tabl-do-ssania\\\/\"]}]},{\"@type\":\"ImageObject\",\"inLanguage\":\"fr-FR\",\"@id\":\"https:\\\/\\\/ecosupplements.be\\\/fr\\\/produit\\\/swanson-prob-form-jamy-ustnej-tabl-do-ssania\\\/#primaryimage\",\"url\":\"https:\\\/\\\/ecosupplements.be\\\/wp-content\\\/uploads\\\/2025\\\/08\\\/SWANSON-ULT-ORAL-PROBIOTIC-STRBRY-30-CHEW-TAB.jpg\",\"contentUrl\":\"https:\\\/\\\/ecosupplements.be\\\/wp-content\\\/uploads\\\/2025\\\/08\\\/SWANSON-ULT-ORAL-PROBIOTIC-STRBRY-30-CHEW-TAB.jpg\",\"width\":650,\"height\":650},{\"@type\":\"BreadcrumbList\",\"@id\":\"https:\\\/\\\/ecosupplements.be\\\/fr\\\/produit\\\/swanson-prob-form-jamy-ustnej-tabl-do-ssania\\\/#breadcrumb\",\"itemListElement\":[{\"@type\":\"ListItem\",\"position\":1,\"name\":\"Home\",\"item\":\"https:\\\/\\\/ecosupplements.be\\\/fr\\\/\"},{\"@type\":\"ListItem\",\"position\":2,\"name\":\"Boutique\",\"item\":\"https:\\\/\\\/ecosupplements.be\\\/fr\\\/boutique\\\/\"},{\"@type\":\"ListItem\",\"position\":3,\"name\":\"Comprim\u00e9s \u00e0 sucer pour les probl\u00e8mes de la cavit\u00e9 buccale SWANSON\"}]},{\"@type\":\"WebSite\",\"@id\":\"https:\\\/\\\/ecosupplements.be\\\/fr\\\/#website\",\"url\":\"https:\\\/\\\/ecosupplements.be\\\/fr\\\/\",\"name\":\"ECO Supplements\",\"description\":\"Eco Supplements - Gezonde supplementen\",\"publisher\":{\"@id\":\"https:\\\/\\\/ecosupplements.be\\\/fr\\\/#organization\"},\"potentialAction\":[{\"@type\":\"SearchAction\",\"target\":{\"@type\":\"EntryPoint\",\"urlTemplate\":\"https:\\\/\\\/ecosupplements.be\\\/fr\\\/?s={search_term_string}\"},\"query-input\":{\"@type\":\"PropertyValueSpecification\",\"valueRequired\":true,\"valueName\":\"search_term_string\"}}],\"inLanguage\":\"fr-FR\"},{\"@type\":\"Organization\",\"@id\":\"https:\\\/\\\/ecosupplements.be\\\/fr\\\/#organization\",\"name\":\"Eco Supplements\",\"url\":\"https:\\\/\\\/ecosupplements.be\\\/fr\\\/\",\"logo\":{\"@type\":\"ImageObject\",\"inLanguage\":\"fr-FR\",\"@id\":\"https:\\\/\\\/ecosupplements.be\\\/fr\\\/#\\\/schema\\\/logo\\\/image\\\/\",\"url\":\"https:\\\/\\\/ecosupplements.be\\\/wp-content\\\/uploads\\\/2022\\\/06\\\/ecosupplement-family.png\",\"contentUrl\":\"https:\\\/\\\/ecosupplements.be\\\/wp-content\\\/uploads\\\/2022\\\/06\\\/ecosupplement-family.png\",\"width\":593,\"height\":374,\"caption\":\"Eco Supplements\"},\"image\":{\"@id\":\"https:\\\/\\\/ecosupplements.be\\\/fr\\\/#\\\/schema\\\/logo\\\/image\\\/\"}}]}<\/script>\n<meta property=\"product:brand\" content=\"Swanson\" \/>\n<meta property=\"product:price:amount\" content=\"15.57\" \/>\n<meta property=\"product:price:currency\" content=\"EUR\" \/>\n<meta property=\"og:availability\" content=\"instock\" \/>\n<meta property=\"product:availability\" content=\"instock\" \/>\n<meta property=\"product:retailer_item_id\" content=\"087614210247\" \/>\n<meta property=\"product:condition\" content=\"new\" \/>\n<!-- \/ Yoast SEO Premium plugin. -->","yoast_head_json":{"title":"Comprim\u00e9s \u00e0 sucer pour les probl\u00e8mes de la cavit\u00e9 buccale SWANSON - ECO Supplements","description":"Wij hebben een ruime keuze aan producten van Comprim\u00e9s \u00e0 sucer pour les probl\u00e8mes de la cavit\u00e9 buccale SWANSON . Winkel bij Eco Supplements altijd gratis verzending boven 100\u20ac","robots":{"index":"index","follow":"follow","max-snippet":"max-snippet:-1","max-image-preview":"max-image-preview:large","max-video-preview":"max-video-preview:-1"},"canonical":"https:\/\/ecosupplements.be\/fr\/produit\/swanson-prob-form-jamy-ustnej-tabl-do-ssania\/","og_locale":"fr_FR","og_type":"article","og_title":"Comprim\u00e9s \u00e0 sucer pour les probl\u00e8mes de la cavit\u00e9 buccale SWANSON","og_description":"Wij hebben een ruime keuze aan producten van Comprim\u00e9s \u00e0 sucer pour les probl\u00e8mes de la cavit\u00e9 buccale SWANSON . Winkel bij Eco Supplements altijd gratis verzending boven 100\u20ac","og_url":"https:\/\/ecosupplements.be\/fr\/produit\/swanson-prob-form-jamy-ustnej-tabl-do-ssania\/","og_site_name":"ECO Supplements","article_modified_time":"2025-08-27T17:19:50+00:00","og_image":[{"width":650,"height":650,"url":"https:\/\/ecosupplements.be\/wp-content\/uploads\/2025\/08\/SWANSON-ULT-ORAL-PROBIOTIC-STRBRY-30-CHEW-TAB.jpg","type":"image\/jpeg"}],"twitter_card":"summary_large_image","twitter_misc":{"Prix":"15.57&nbsp;&euro;","Disponibilit\u00e9":"En stock"},"schema":{"@context":"https:\/\/schema.org","@graph":[{"@type":["WebPage","ItemPage"],"@id":"https:\/\/ecosupplements.be\/fr\/produit\/swanson-prob-form-jamy-ustnej-tabl-do-ssania\/","url":"https:\/\/ecosupplements.be\/fr\/produit\/swanson-prob-form-jamy-ustnej-tabl-do-ssania\/","name":"Comprim\u00e9s \u00e0 sucer pour les probl\u00e8mes de la cavit\u00e9 buccale SWANSON - ECO Supplements","isPartOf":{"@id":"https:\/\/ecosupplements.be\/fr\/#website"},"primaryImageOfPage":{"@id":"https:\/\/ecosupplements.be\/fr\/produit\/swanson-prob-form-jamy-ustnej-tabl-do-ssania\/#primaryimage"},"image":{"@id":"https:\/\/ecosupplements.be\/fr\/produit\/swanson-prob-form-jamy-ustnej-tabl-do-ssania\/#primaryimage"},"thumbnailUrl":"https:\/\/ecosupplements.be\/wp-content\/uploads\/2025\/08\/SWANSON-ULT-ORAL-PROBIOTIC-STRBRY-30-CHEW-TAB.jpg","datePublished":"2025-04-13T15:15:14+00:00","dateModified":"2025-08-27T17:19:50+00:00","description":"Wij hebben een ruime keuze aan producten van Comprim\u00e9s \u00e0 sucer pour les probl\u00e8mes de la cavit\u00e9 buccale SWANSON . Winkel bij Eco Supplements altijd gratis verzending boven 100\u20ac","breadcrumb":{"@id":"https:\/\/ecosupplements.be\/fr\/produit\/swanson-prob-form-jamy-ustnej-tabl-do-ssania\/#breadcrumb"},"inLanguage":"fr-FR","potentialAction":[{"@type":"ReadAction","target":["https:\/\/ecosupplements.be\/fr\/produit\/swanson-prob-form-jamy-ustnej-tabl-do-ssania\/"]}]},{"@type":"ImageObject","inLanguage":"fr-FR","@id":"https:\/\/ecosupplements.be\/fr\/produit\/swanson-prob-form-jamy-ustnej-tabl-do-ssania\/#primaryimage","url":"https:\/\/ecosupplements.be\/wp-content\/uploads\/2025\/08\/SWANSON-ULT-ORAL-PROBIOTIC-STRBRY-30-CHEW-TAB.jpg","contentUrl":"https:\/\/ecosupplements.be\/wp-content\/uploads\/2025\/08\/SWANSON-ULT-ORAL-PROBIOTIC-STRBRY-30-CHEW-TAB.jpg","width":650,"height":650},{"@type":"BreadcrumbList","@id":"https:\/\/ecosupplements.be\/fr\/produit\/swanson-prob-form-jamy-ustnej-tabl-do-ssania\/#breadcrumb","itemListElement":[{"@type":"ListItem","position":1,"name":"Home","item":"https:\/\/ecosupplements.be\/fr\/"},{"@type":"ListItem","position":2,"name":"Boutique","item":"https:\/\/ecosupplements.be\/fr\/boutique\/"},{"@type":"ListItem","position":3,"name":"Comprim\u00e9s \u00e0 sucer pour les probl\u00e8mes de la cavit\u00e9 buccale SWANSON"}]},{"@type":"WebSite","@id":"https:\/\/ecosupplements.be\/fr\/#website","url":"https:\/\/ecosupplements.be\/fr\/","name":"ECO Supplements","description":"Eco Supplements - Gezonde supplementen","publisher":{"@id":"https:\/\/ecosupplements.be\/fr\/#organization"},"potentialAction":[{"@type":"SearchAction","target":{"@type":"EntryPoint","urlTemplate":"https:\/\/ecosupplements.be\/fr\/?s={search_term_string}"},"query-input":{"@type":"PropertyValueSpecification","valueRequired":true,"valueName":"search_term_string"}}],"inLanguage":"fr-FR"},{"@type":"Organization","@id":"https:\/\/ecosupplements.be\/fr\/#organization","name":"Eco Supplements","url":"https:\/\/ecosupplements.be\/fr\/","logo":{"@type":"ImageObject","inLanguage":"fr-FR","@id":"https:\/\/ecosupplements.be\/fr\/#\/schema\/logo\/image\/","url":"https:\/\/ecosupplements.be\/wp-content\/uploads\/2022\/06\/ecosupplement-family.png","contentUrl":"https:\/\/ecosupplements.be\/wp-content\/uploads\/2022\/06\/ecosupplement-family.png","width":593,"height":374,"caption":"Eco Supplements"},"image":{"@id":"https:\/\/ecosupplements.be\/fr\/#\/schema\/logo\/image\/"}}]},"product_brand":"Swanson","product_price_amount":"15.57","product_price_currency":"EUR","og_availability":"instock","product_availability":"instock","product_retailer_item_id":"087614210247","product_condition":"new"},"_links":{"self":[{"href":"https:\/\/ecosupplements.be\/fr\/wp-json\/wp\/v2\/product\/295613","targetHints":{"allow":["GET"]}}],"collection":[{"href":"https:\/\/ecosupplements.be\/fr\/wp-json\/wp\/v2\/product"}],"about":[{"href":"https:\/\/ecosupplements.be\/fr\/wp-json\/wp\/v2\/types\/product"}],"replies":[{"embeddable":true,"href":"https:\/\/ecosupplements.be\/fr\/wp-json\/wp\/v2\/comments?post=295613"}],"wp:featuredmedia":[{"embeddable":true,"href":"https:\/\/ecosupplements.be\/fr\/wp-json\/wp\/v2\/media\/268342"}],"wp:attachment":[{"href":"https:\/\/ecosupplements.be\/fr\/wp-json\/wp\/v2\/media?parent=295613"}],"wp:term":[{"taxonomy":"product_brand","embeddable":true,"href":"https:\/\/ecosupplements.be\/fr\/wp-json\/wp\/v2\/product_brand?post=295613"},{"taxonomy":"product_cat","embeddable":true,"href":"https:\/\/ecosupplements.be\/fr\/wp-json\/wp\/v2\/product_cat?post=295613"},{"taxonomy":"product_tag","embeddable":true,"href":"https:\/\/ecosupplements.be\/fr\/wp-json\/wp\/v2\/product_tag?post=295613"}],"curies":[{"name":"wp","href":"https:\/\/api.w.org\/{rel}","templated":true}]}}