{"id":295638,"date":"2023-05-21T19:52:43","date_gmt":"2023-05-21T18:52:43","guid":{"rendered":"https:\/\/ecosupplements.be\/product\/swanson-ubiquinol-200mg-30sgels\/"},"modified":"2025-08-27T18:20:15","modified_gmt":"2025-08-27T17:20:15","slug":"swanson-ubiquinol-200mg-30sgels","status":"publish","type":"product","link":"https:\/\/ecosupplements.be\/fr\/produit\/swanson-ubiquinol-200mg-30sgels\/","title":{"rendered":"SWANSON Ubiquinol 200 mg 30 g\u00e9lules"},"content":{"rendered":"<p><strong>Nom du produit :<\/strong> SWANSON Ubiquinol 200mg 30sgels<\/p>\n<p><strong>Ingr\u00e9dients principaux :<\/strong> Chaque capsule contient 200 mg d&#8217;ubiquinol.L&#8217;ubiquinol est une forme active de Coenzyme Q10, reconnue pour sa haute qualit\u00e9 et son origine naturelle.<\/p>\n<p><strong>Contenu et emballage :<\/strong> Ce produit est pr\u00e9sent\u00e9 dans un emballage contenant 30 capsules souples, con\u00e7u pour pr\u00e9server la fra\u00eecheur et la puret\u00e9 des ingr\u00e9dients.<\/p>\n<p><strong>Utilisation :<\/strong> Pour une utilisation optimale, il est recommand\u00e9 de prendre une capsule par jour avec un verre d&#8217;eau.<\/p>\n<p><strong>caract\u00e9ristiques pratiques :<\/strong> Les capsules sont faciles \u00e0 avaler et con\u00e7ues pour \u00eatre int\u00e9gr\u00e9es simplement dans votre routine quotidienne. Le format compact du flacon facilite son transport et sa conservation.<\/p>\n<p>Ce produit est un choix parfait pour ceux qui appr\u00e9cient les ingr\u00e9dients naturels dans un mode de vie sain. Il s&#8217;int\u00e8gre ais\u00e9ment \u00e0 votre quotidien gr\u00e2ce \u00e0 son format pratique et \u00e0 sa composition de grande puret\u00e9.<\/p>\n","protected":false},"excerpt":{"rendered":"<p>Nom du produit : SWANSON Ubiquinol 200mg 30sgels Ingr\u00e9dients principaux : Chaque capsule contient 200 mg d&#8217;ubiquinol.L&#8217;ubiquinol est une forme active de Coenzyme Q10, reconnue pour sa haute qualit\u00e9 et son origine naturelle. Contenu et emballage : Ce produit est pr\u00e9sent\u00e9 dans un emballage contenant 30 capsules souples, con\u00e7u pour pr\u00e9server la fra\u00eecheur et la [&#8230;]\n","protected":false},"featured_media":262614,"comment_status":"closed","ping_status":"open","template":"","meta":[],"product_brand":[4761],"product_cat":[5052,5053],"product_tag":[],"class_list":{"0":"post-295638","1":"product","2":"type-product","3":"status-publish","4":"has-post-thumbnail","6":"product_brand-swanson-2","7":"product_cat-sante-et-bien-etre","8":"product_cat-vitamines-et-mineraux","10":"first","11":"instock","12":"taxable","13":"shipping-taxable","14":"purchasable","15":"product-type-simple"},"yoast_head":"<!-- This site is optimized with the Yoast SEO Premium plugin v27.3 (Yoast SEO v27.3) - https:\/\/yoast.com\/product\/yoast-seo-premium-wordpress\/ -->\n<title>SWANSON Ubiquinol 200 mg 30 g\u00e9lules - ECO Supplements<\/title>\n<meta name=\"description\" content=\"Wij hebben een ruime keuze aan producten van SWANSON Ubiquinol 200 mg 30 g\u00e9lules . Winkel bij Eco Supplements altijd gratis verzending boven 100\u20ac\" \/>\n<meta name=\"robots\" content=\"index, follow, max-snippet:-1, max-image-preview:large, max-video-preview:-1\" \/>\n<link rel=\"canonical\" href=\"https:\/\/ecosupplements.be\/fr\/produit\/swanson-ubiquinol-200mg-30sgels\/\" \/>\n<meta property=\"og:locale\" content=\"fr_FR\" \/>\n<meta property=\"og:type\" content=\"article\" \/>\n<meta property=\"og:title\" content=\"SWANSON Ubiquinol 200 mg 30 g\u00e9lules\" \/>\n<meta property=\"og:description\" content=\"Wij hebben een ruime keuze aan producten van SWANSON Ubiquinol 200 mg 30 g\u00e9lules . Winkel bij Eco Supplements altijd gratis verzending boven 100\u20ac\" \/>\n<meta property=\"og:url\" content=\"https:\/\/ecosupplements.be\/fr\/produit\/swanson-ubiquinol-200mg-30sgels\/\" \/>\n<meta property=\"og:site_name\" content=\"ECO Supplements\" \/>\n<meta property=\"article:modified_time\" content=\"2025-08-27T17:20:15+00:00\" \/>\n<meta property=\"og:image\" content=\"https:\/\/ecosupplements.be\/wp-content\/uploads\/2025\/08\/Swanson-Ubiquinol-200-mg-30-softgels.jpg\" \/>\n\t<meta property=\"og:image:width\" content=\"800\" \/>\n\t<meta property=\"og:image:height\" content=\"800\" \/>\n\t<meta property=\"og:image:type\" content=\"image\/jpeg\" \/>\n<meta name=\"twitter:card\" content=\"summary_large_image\" \/>\n<meta name=\"twitter:label1\" content=\"Prix\" \/>\n\t<meta name=\"twitter:data1\" content=\"47.34&nbsp;&euro;\" \/>\n\t<meta name=\"twitter:label2\" content=\"Disponibilit\u00e9\" \/>\n\t<meta name=\"twitter:data2\" content=\"En stock\" \/>\n<script type=\"application\/ld+json\" class=\"yoast-schema-graph\">{\"@context\":\"https:\\\/\\\/schema.org\",\"@graph\":[{\"@type\":[\"WebPage\",\"ItemPage\"],\"@id\":\"https:\\\/\\\/ecosupplements.be\\\/fr\\\/produit\\\/swanson-ubiquinol-200mg-30sgels\\\/\",\"url\":\"https:\\\/\\\/ecosupplements.be\\\/fr\\\/produit\\\/swanson-ubiquinol-200mg-30sgels\\\/\",\"name\":\"SWANSON Ubiquinol 200 mg 30 g\u00e9lules - ECO Supplements\",\"isPartOf\":{\"@id\":\"https:\\\/\\\/ecosupplements.be\\\/fr\\\/#website\"},\"primaryImageOfPage\":{\"@id\":\"https:\\\/\\\/ecosupplements.be\\\/fr\\\/produit\\\/swanson-ubiquinol-200mg-30sgels\\\/#primaryimage\"},\"image\":{\"@id\":\"https:\\\/\\\/ecosupplements.be\\\/fr\\\/produit\\\/swanson-ubiquinol-200mg-30sgels\\\/#primaryimage\"},\"thumbnailUrl\":\"https:\\\/\\\/ecosupplements.be\\\/wp-content\\\/uploads\\\/2025\\\/08\\\/Swanson-Ubiquinol-200-mg-30-softgels.jpg\",\"datePublished\":\"2023-05-21T18:52:43+00:00\",\"dateModified\":\"2025-08-27T17:20:15+00:00\",\"description\":\"Wij hebben een ruime keuze aan producten van SWANSON Ubiquinol 200 mg 30 g\u00e9lules . Winkel bij Eco Supplements altijd gratis verzending boven 100\u20ac\",\"breadcrumb\":{\"@id\":\"https:\\\/\\\/ecosupplements.be\\\/fr\\\/produit\\\/swanson-ubiquinol-200mg-30sgels\\\/#breadcrumb\"},\"inLanguage\":\"fr-FR\",\"potentialAction\":[{\"@type\":\"ReadAction\",\"target\":[\"https:\\\/\\\/ecosupplements.be\\\/fr\\\/produit\\\/swanson-ubiquinol-200mg-30sgels\\\/\"]}]},{\"@type\":\"ImageObject\",\"inLanguage\":\"fr-FR\",\"@id\":\"https:\\\/\\\/ecosupplements.be\\\/fr\\\/produit\\\/swanson-ubiquinol-200mg-30sgels\\\/#primaryimage\",\"url\":\"https:\\\/\\\/ecosupplements.be\\\/wp-content\\\/uploads\\\/2025\\\/08\\\/Swanson-Ubiquinol-200-mg-30-softgels.jpg\",\"contentUrl\":\"https:\\\/\\\/ecosupplements.be\\\/wp-content\\\/uploads\\\/2025\\\/08\\\/Swanson-Ubiquinol-200-mg-30-softgels.jpg\",\"width\":800,\"height\":800},{\"@type\":\"BreadcrumbList\",\"@id\":\"https:\\\/\\\/ecosupplements.be\\\/fr\\\/produit\\\/swanson-ubiquinol-200mg-30sgels\\\/#breadcrumb\",\"itemListElement\":[{\"@type\":\"ListItem\",\"position\":1,\"name\":\"Home\",\"item\":\"https:\\\/\\\/ecosupplements.be\\\/fr\\\/\"},{\"@type\":\"ListItem\",\"position\":2,\"name\":\"Boutique\",\"item\":\"https:\\\/\\\/ecosupplements.be\\\/fr\\\/boutique\\\/\"},{\"@type\":\"ListItem\",\"position\":3,\"name\":\"SWANSON Ubiquinol 200 mg 30 g\u00e9lules\"}]},{\"@type\":\"WebSite\",\"@id\":\"https:\\\/\\\/ecosupplements.be\\\/fr\\\/#website\",\"url\":\"https:\\\/\\\/ecosupplements.be\\\/fr\\\/\",\"name\":\"ECO Supplements\",\"description\":\"Eco Supplements - Gezonde supplementen\",\"publisher\":{\"@id\":\"https:\\\/\\\/ecosupplements.be\\\/fr\\\/#organization\"},\"potentialAction\":[{\"@type\":\"SearchAction\",\"target\":{\"@type\":\"EntryPoint\",\"urlTemplate\":\"https:\\\/\\\/ecosupplements.be\\\/fr\\\/?s={search_term_string}\"},\"query-input\":{\"@type\":\"PropertyValueSpecification\",\"valueRequired\":true,\"valueName\":\"search_term_string\"}}],\"inLanguage\":\"fr-FR\"},{\"@type\":\"Organization\",\"@id\":\"https:\\\/\\\/ecosupplements.be\\\/fr\\\/#organization\",\"name\":\"Eco Supplements\",\"url\":\"https:\\\/\\\/ecosupplements.be\\\/fr\\\/\",\"logo\":{\"@type\":\"ImageObject\",\"inLanguage\":\"fr-FR\",\"@id\":\"https:\\\/\\\/ecosupplements.be\\\/fr\\\/#\\\/schema\\\/logo\\\/image\\\/\",\"url\":\"https:\\\/\\\/ecosupplements.be\\\/wp-content\\\/uploads\\\/2022\\\/06\\\/ecosupplement-family.png\",\"contentUrl\":\"https:\\\/\\\/ecosupplements.be\\\/wp-content\\\/uploads\\\/2022\\\/06\\\/ecosupplement-family.png\",\"width\":593,\"height\":374,\"caption\":\"Eco Supplements\"},\"image\":{\"@id\":\"https:\\\/\\\/ecosupplements.be\\\/fr\\\/#\\\/schema\\\/logo\\\/image\\\/\"}}]}<\/script>\n<meta property=\"product:brand\" content=\"Swanson\" \/>\n<meta property=\"product:price:amount\" content=\"47.34\" \/>\n<meta property=\"product:price:currency\" content=\"EUR\" \/>\n<meta property=\"og:availability\" content=\"instock\" \/>\n<meta property=\"product:availability\" content=\"instock\" \/>\n<meta property=\"product:retailer_item_id\" content=\"087614024608\" \/>\n<meta property=\"product:condition\" content=\"new\" \/>\n<!-- \/ Yoast SEO Premium plugin. -->","yoast_head_json":{"title":"SWANSON Ubiquinol 200 mg 30 g\u00e9lules - ECO Supplements","description":"Wij hebben een ruime keuze aan producten van SWANSON Ubiquinol 200 mg 30 g\u00e9lules . Winkel bij Eco Supplements altijd gratis verzending boven 100\u20ac","robots":{"index":"index","follow":"follow","max-snippet":"max-snippet:-1","max-image-preview":"max-image-preview:large","max-video-preview":"max-video-preview:-1"},"canonical":"https:\/\/ecosupplements.be\/fr\/produit\/swanson-ubiquinol-200mg-30sgels\/","og_locale":"fr_FR","og_type":"article","og_title":"SWANSON Ubiquinol 200 mg 30 g\u00e9lules","og_description":"Wij hebben een ruime keuze aan producten van SWANSON Ubiquinol 200 mg 30 g\u00e9lules . Winkel bij Eco Supplements altijd gratis verzending boven 100\u20ac","og_url":"https:\/\/ecosupplements.be\/fr\/produit\/swanson-ubiquinol-200mg-30sgels\/","og_site_name":"ECO Supplements","article_modified_time":"2025-08-27T17:20:15+00:00","og_image":[{"width":800,"height":800,"url":"https:\/\/ecosupplements.be\/wp-content\/uploads\/2025\/08\/Swanson-Ubiquinol-200-mg-30-softgels.jpg","type":"image\/jpeg"}],"twitter_card":"summary_large_image","twitter_misc":{"Prix":"47.34&nbsp;&euro;","Disponibilit\u00e9":"En stock"},"schema":{"@context":"https:\/\/schema.org","@graph":[{"@type":["WebPage","ItemPage"],"@id":"https:\/\/ecosupplements.be\/fr\/produit\/swanson-ubiquinol-200mg-30sgels\/","url":"https:\/\/ecosupplements.be\/fr\/produit\/swanson-ubiquinol-200mg-30sgels\/","name":"SWANSON Ubiquinol 200 mg 30 g\u00e9lules - ECO Supplements","isPartOf":{"@id":"https:\/\/ecosupplements.be\/fr\/#website"},"primaryImageOfPage":{"@id":"https:\/\/ecosupplements.be\/fr\/produit\/swanson-ubiquinol-200mg-30sgels\/#primaryimage"},"image":{"@id":"https:\/\/ecosupplements.be\/fr\/produit\/swanson-ubiquinol-200mg-30sgels\/#primaryimage"},"thumbnailUrl":"https:\/\/ecosupplements.be\/wp-content\/uploads\/2025\/08\/Swanson-Ubiquinol-200-mg-30-softgels.jpg","datePublished":"2023-05-21T18:52:43+00:00","dateModified":"2025-08-27T17:20:15+00:00","description":"Wij hebben een ruime keuze aan producten van SWANSON Ubiquinol 200 mg 30 g\u00e9lules . Winkel bij Eco Supplements altijd gratis verzending boven 100\u20ac","breadcrumb":{"@id":"https:\/\/ecosupplements.be\/fr\/produit\/swanson-ubiquinol-200mg-30sgels\/#breadcrumb"},"inLanguage":"fr-FR","potentialAction":[{"@type":"ReadAction","target":["https:\/\/ecosupplements.be\/fr\/produit\/swanson-ubiquinol-200mg-30sgels\/"]}]},{"@type":"ImageObject","inLanguage":"fr-FR","@id":"https:\/\/ecosupplements.be\/fr\/produit\/swanson-ubiquinol-200mg-30sgels\/#primaryimage","url":"https:\/\/ecosupplements.be\/wp-content\/uploads\/2025\/08\/Swanson-Ubiquinol-200-mg-30-softgels.jpg","contentUrl":"https:\/\/ecosupplements.be\/wp-content\/uploads\/2025\/08\/Swanson-Ubiquinol-200-mg-30-softgels.jpg","width":800,"height":800},{"@type":"BreadcrumbList","@id":"https:\/\/ecosupplements.be\/fr\/produit\/swanson-ubiquinol-200mg-30sgels\/#breadcrumb","itemListElement":[{"@type":"ListItem","position":1,"name":"Home","item":"https:\/\/ecosupplements.be\/fr\/"},{"@type":"ListItem","position":2,"name":"Boutique","item":"https:\/\/ecosupplements.be\/fr\/boutique\/"},{"@type":"ListItem","position":3,"name":"SWANSON Ubiquinol 200 mg 30 g\u00e9lules"}]},{"@type":"WebSite","@id":"https:\/\/ecosupplements.be\/fr\/#website","url":"https:\/\/ecosupplements.be\/fr\/","name":"ECO Supplements","description":"Eco Supplements - Gezonde supplementen","publisher":{"@id":"https:\/\/ecosupplements.be\/fr\/#organization"},"potentialAction":[{"@type":"SearchAction","target":{"@type":"EntryPoint","urlTemplate":"https:\/\/ecosupplements.be\/fr\/?s={search_term_string}"},"query-input":{"@type":"PropertyValueSpecification","valueRequired":true,"valueName":"search_term_string"}}],"inLanguage":"fr-FR"},{"@type":"Organization","@id":"https:\/\/ecosupplements.be\/fr\/#organization","name":"Eco Supplements","url":"https:\/\/ecosupplements.be\/fr\/","logo":{"@type":"ImageObject","inLanguage":"fr-FR","@id":"https:\/\/ecosupplements.be\/fr\/#\/schema\/logo\/image\/","url":"https:\/\/ecosupplements.be\/wp-content\/uploads\/2022\/06\/ecosupplement-family.png","contentUrl":"https:\/\/ecosupplements.be\/wp-content\/uploads\/2022\/06\/ecosupplement-family.png","width":593,"height":374,"caption":"Eco Supplements"},"image":{"@id":"https:\/\/ecosupplements.be\/fr\/#\/schema\/logo\/image\/"}}]},"product_brand":"Swanson","product_price_amount":"47.34","product_price_currency":"EUR","og_availability":"instock","product_availability":"instock","product_retailer_item_id":"087614024608","product_condition":"new"},"_links":{"self":[{"href":"https:\/\/ecosupplements.be\/fr\/wp-json\/wp\/v2\/product\/295638","targetHints":{"allow":["GET"]}}],"collection":[{"href":"https:\/\/ecosupplements.be\/fr\/wp-json\/wp\/v2\/product"}],"about":[{"href":"https:\/\/ecosupplements.be\/fr\/wp-json\/wp\/v2\/types\/product"}],"replies":[{"embeddable":true,"href":"https:\/\/ecosupplements.be\/fr\/wp-json\/wp\/v2\/comments?post=295638"}],"wp:featuredmedia":[{"embeddable":true,"href":"https:\/\/ecosupplements.be\/fr\/wp-json\/wp\/v2\/media\/262614"}],"wp:attachment":[{"href":"https:\/\/ecosupplements.be\/fr\/wp-json\/wp\/v2\/media?parent=295638"}],"wp:term":[{"taxonomy":"product_brand","embeddable":true,"href":"https:\/\/ecosupplements.be\/fr\/wp-json\/wp\/v2\/product_brand?post=295638"},{"taxonomy":"product_cat","embeddable":true,"href":"https:\/\/ecosupplements.be\/fr\/wp-json\/wp\/v2\/product_cat?post=295638"},{"taxonomy":"product_tag","embeddable":true,"href":"https:\/\/ecosupplements.be\/fr\/wp-json\/wp\/v2\/product_tag?post=295638"}],"curies":[{"name":"wp","href":"https:\/\/api.w.org\/{rel}","templated":true}]}}